{"id":79838,"date":"2023-08-21T11:19:15","date_gmt":"2023-08-21T09:19:15","guid":{"rendered":"https:\/\/kgerad.de\/?post_type=product&#038;p=79838"},"modified":"2023-08-21T11:19:16","modified_gmt":"2023-08-21T09:19:16","slug":"focus-planet%c2%b2-6-9-2023","status":"publish","type":"product","link":"https:\/\/kgerad.de\/en\/product\/focus-planet%c2%b2-6-9-2023\/","title":{"rendered":"Focus PLANET\u00b2 6.9 2023"},"content":{"rendered":"<h2 class=\"content--title\"><strong>Focus<\/strong> PLANET\u00b2 6.9 2023<\/h2>\n<div class=\"product--description\">Weckt den Entdeckergeist: Das Focus PLANET\u00b2 6.9 202<a href=\"http:\/\/I.i\">3<\/a> mit Bosch Performance CX E-Antrieb bietet kraftvolle Unterst\u00fctzung im Alltag und eine Spitzenreichweite von bis zu 750 Wh (Gr\u00f6\u00dfe S: 625 Wh). Das neue Bosch ABS macht das Fahren mit dem PLANET\u00b2 6.9 besonders sicher. Jeden Tag, in und au\u00dferhalb der Stadt. Zur Arbeit, zum Einkaufen oder einfach nur zum Spa\u00df. Wof\u00fcr du dich auch entscheidest, das PLANET\u00b2 6.9 ist die richtige Wahl. Mit dem vielseitigen E-Trekkingrad inklusive Schutzblechen, Licht, St\u00e4nder und Gep\u00e4cktr\u00e4ger bist du f\u00fcr alle Herausforderungen des Alltags ger\u00fcstet.<\/p>\n<hr \/>\n<h3>Features &#8211; Focus PLANET\u00b2 6.9<\/h3>\n<ul>\n<li>Individualisierbares Bosch Smart System mit Performance CX E-Antrieb und 750 (Gr\u00f6\u00dfe S: 625) Wh-Batterie<\/li>\n<li>Neues Bosch Kiox 300 Display mit LED-Bedienelement sowie USB-C-Anschluss, um deine Ger\u00e4te zu laden<\/li>\n<li>Bosch ABS (Gen. 2) f\u00fcr maximale Bremssicherheit auf deinem E-Bike sowie Lichtanlage mit Bremslicht und Fernlicht<\/li>\n<\/ul>\n<hr \/>\n<h3>Praktisch in der Stadt<\/h3>\n<p><strong>Kraftvolle und dauerhafte E-Unterst\u00fctzung f\u00fcr dein Abenteuer<\/strong><br \/>\nDer effiziente Bosch Performance CX E-Antrieb (Gen. 4) unterst\u00fctzt dich mit kraftvollen 85 Nm bis 25 km\/h. Der st\u00e4rkste E-Bike Motor von Bosch sitzt dezent integriert im Tretlagerbereich, der Bosch Powertube Akku perfekt im Unterrohr. Die Batterie kann jederzeit zum Laden entnommen werden, das Ladeger\u00e4t kann aber auch direkt am Bike eingesteckt werden. Dank 750 Wh Akkukapazit\u00e4t hast du mehr als genug Reichweite f\u00fcr lange Touren. Das Kiox 300 Display zeigt dir alle Informationen, die du brauchst, direkt am Cockpit.<\/p>\n<p><strong>Alles, was du brauchst<\/strong><br \/>\nDas PLANET 2 erf\u00fcllt all deine Anforderungen. Du kannst w\u00e4hlen, ob du einen Wave- oder Diamantrahmen m\u00f6chtest: Einfaches Auf- und Absteigen oder lieber etwas sportlicher \u2013 wir haben die Rahmenform, die du bevorzugst. Au\u00dferdem ist das Focus PLANET2 f\u00fcr ein maximales Gesamtgewicht (Fahrer plus Rad und Ausr\u00fcstung) von 150 kg freigegeben. Du darfst auch einen Anh\u00e4nger and die Steckachse montieren und deine Kinder, Hunde oder was du sonst transportieren m\u00f6chtest mitnehmen. Ein USB-C-Anschluss am Oberrohr bietet einfach zug\u00e4nglich Energie, wenn du dein Smartphone oder Navigationsger\u00e4t w\u00e4hrend des Fahrens laden m\u00f6chtest. Das Focus PLANET 2 ist bereit f\u00fcr alle Herausforderungen.<\/p>\n<p><strong>Sicher, sauber und komfortabel<\/strong><br \/>\nDer Bosch ABS (Gen. 2) Bremsassistent hilft dir, in schwierigen Situationen die Kontrolle zu behalten. Wenn du unmittelbar bremsen musst, sorgt das System daf\u00fcr, dass deine Laufr\u00e4der nicht blockieren. Dadurch kannst du weiterhin dein Fahrrad lenken. Gel\u00e4ndereifen, Scheibenbremsen, Schutzbleche und eine anst\u00e4ndige Lichtanlage mit Brems- und Fernlicht runden die Ausstattung-f\u00fcr-alle-F\u00e4lle ab.<\/p>\n<hr \/>\n<h3>ABS Technology by BOSCH<\/h3>\n<p><img fetchpriority=\"high\" decoding=\"async\" src=\"https:\/\/www.bike-discount.de\/media\/image\/34\/21\/90\/bosch_abs_unit.jpg\" width=\"217\" height=\"315\" data-src=\"media\/image\/bosch_abs_unit.jpg\" \/><\/p>\n<p><strong>Bremst dein Bike, nicht deinen Flow<\/strong><br \/>\nViele bremsen bisher aus Vorsicht oder Angst nur mit der Hinterradbremse. Das neue Bosch eBike ABS l\u00e4sst dich nun sicherer und selbstsicherer mit beiden Bremsen gleichzeitig bremsen. Es wirkt einem blockierenden oder wegrutschenden Vorderrad entgegen. So bleibst du auch bei spontanen Bremsvorg\u00e4ngen sicher im Sattel \u2013 egal, ob du dich auf festem Asphalt oder rutschigen Schotterwegen befindest. Weil jedes eBike anders ist, gibt es nicht ein ABS f\u00fcr alle, sondern das richtige ABS f\u00fcr deinen eBike-Typ \u2013 so unterst\u00fctzt es deinen Bremsvorgang auf optimale Weise.<\/p>\n<table width=\"100%\">\n<tbody>\n<tr>\n<td width=\"150\"><img decoding=\"async\" src=\"https:\/\/www.bike-discount.de\/media\/image\/0b\/16\/5a\/bosch_abs_icon.jpg\" alt=\"\" width=\"150\" height=\"110\" data-src=\"media\/image\/bosch_abs_icon.jpg\" \/><\/td>\n<td><strong>Antiblockierfunktion<br \/>\n<\/strong>Die Antiblockierfunktion am Vorderrad erh\u00f6ht die Fahrstabilit\u00e4t und die Lenkbarkeit in kritischen Bremssituationen und kann somit das Wegrutschen des Vorderrads verhindern. Sensoren messen die Radgeschwindigkeit und regeln den Bremsdruck \u2013 f\u00fcr effizientes Bremsen.<\/td>\n<\/tr>\n<tr>\n<td><img decoding=\"async\" src=\"https:\/\/www.bike-discount.de\/media\/image\/0d\/27\/25\/bosch_abs_benefit.jpg\" alt=\"\" width=\"150\" height=\"110\" data-src=\"media\/image\/bosch_abs_benefit.jpg\" \/><\/td>\n<td><strong>Hinterrad-Abheberegelung<br \/>\n<\/strong>Hinterrad-Abheberegelung kann das Abheben des Hinterrads verhindern und sorgt f\u00fcr eine verminderte \u00dcberschlagsgefahr<strong><br \/>\n<\/strong><\/td>\n<\/tr>\n<tr>\n<td><img loading=\"lazy\" decoding=\"async\" src=\"https:\/\/www.bike-discount.de\/media\/image\/fd\/67\/62\/bosch_abs_imagebild_benefit__282_29.jpg\" alt=\"\" width=\"150\" height=\"100\" data-src=\"media\/image\/bosch_abs_imagebild_benefit__282_29.jpg\" \/><\/td>\n<td><strong>Sorgloser fahren<\/strong><br \/>\nDas Bosch eBike ABS sorgt f\u00fcr mehr Sicherheit, Stabilit\u00e4t und Komfort beim Bremsen.<\/td>\n<\/tr>\n<tr>\n<td><img loading=\"lazy\" decoding=\"async\" src=\"https:\/\/www.bike-discount.de\/media\/image\/7d\/2c\/f3\/bosch_abs_imagebild_benefit__281_29.jpg\" width=\"150\" height=\"100\" data-src=\"media\/image\/bosch_abs_imagebild_benefit__281_29.jpg\" \/><\/td>\n<td><strong>Dein eBike-Typ Von eCity bis eMTB<\/strong><br \/>\nBosch eBike ABS erm\u00f6glicht optimales Bremsen f\u00fcr jeden eBike-Typ und Untergrund.<\/td>\n<\/tr>\n<tr>\n<td><img loading=\"lazy\" decoding=\"async\" src=\"https:\/\/www.bike-discount.de\/media\/image\/86\/6b\/60\/bosch_abs_imagebild_benefit__283_29.jpg\" alt=\"\" width=\"150\" height=\"100\" data-src=\"media\/image\/bosch_abs_imagebild_benefit__283_29.jpg\" \/><\/td>\n<td><strong>Unsichtbarer Helfer<\/strong><br \/>\nDer kleine, unauff\u00e4llige Bremsassistent f\u00fcgt sich formsch\u00f6n in dein eBike- Design ein.<\/td>\n<\/tr>\n<tr>\n<td><img loading=\"lazy\" decoding=\"async\" src=\"https:\/\/www.bike-discount.de\/media\/image\/4a\/b6\/33\/bosch_abs_imagebild_benefit__284_29.jpg\" alt=\"\" width=\"150\" height=\"100\" data-src=\"media\/image\/bosch_abs_imagebild_benefit__284_29.jpg\" \/><\/td>\n<td><strong>Fundiertes Knowhow<\/strong><br \/>\nDas Bosch eBike ABS st\u00fctzt sich auf die Technik der Bosch ABSTechnologien f\u00fcr PKWs und Motorr\u00e4der.<\/td>\n<\/tr>\n<\/tbody>\n<\/table>\n<hr \/>\n<h3>Bosch eBike ABS<\/h3>\n<p><iframe title=\"YouTube video player\" src=\"https:\/\/www.youtube-nocookie.com\/embed\/SN536yS6T-A\" width=\"640\" height=\"360\" frameborder=\"0\" allowfullscreen=\"allowfullscreen\" data-mce-fragment=\"1\"><\/iframe><\/div>","protected":false},"excerpt":{"rendered":"<p>Focus PLANET\u00b2 6.9 2023 Weckt den Entdeckergeist: Das Focus PLANET\u00b2 6.9 2023 mit Bosch Performance CX E-Antrieb bietet kraftvolle Unterst\u00fctzung<\/p>","protected":false},"featured_media":79842,"comment_status":"open","ping_status":"closed","template":"","meta":[],"product_brand":[],"product_cat":[33,247,270,36],"product_tag":[],"class_list":{"0":"post-79838","1":"product","2":"type-product","3":"status-publish","4":"has-post-thumbnail","6":"product_cat-e-bike","7":"product_cat-e-bike-trekking","8":"product_cat-e-bikes-2023","9":"product_cat-fahrrad","10":"pa_marke-focus","12":"first","13":"instock","14":"taxable","15":"shipping-taxable","16":"purchasable","17":"product-type-variable"},"yoast_head":"<!-- This site is optimized with the Yoast SEO Premium plugin v20.12 (Yoast SEO v27.1.1) - https:\/\/yoast.com\/product\/yoast-seo-premium-wordpress\/ -->\n<title>Focus PLANET\u00b2 6.9 2023<\/title>\n<meta name=\"description\" content=\"Entdecken Sie unseren Online-Fahrradladen: Gro\u00dfe Auswahl an Modellen f\u00fcr alle Radsportbegeisterten. Von Rennr\u00e4dern bis zu Mountainbikes - finden Sie heute Ihren perfekten Wegbegleiter!\" \/>\n<meta name=\"robots\" content=\"index, follow, max-snippet:-1, max-image-preview:large, max-video-preview:-1\" \/>\n<link rel=\"canonical\" href=\"https:\/\/kgerad.de\/en\/product\/focus-planet\u00b2-6-9-2023\/\" \/>\n<meta property=\"og:locale\" content=\"en_US\" \/>\n<meta property=\"og:type\" content=\"article\" \/>\n<meta property=\"og:title\" content=\"Focus PLANET\u00b2 6.9 2023\" \/>\n<meta property=\"og:description\" content=\"Entdecken Sie unseren Online-Fahrradladen: Gro\u00dfe Auswahl an Modellen f\u00fcr alle Radsportbegeisterten. Von Rennr\u00e4dern bis zu Mountainbikes - finden Sie heute Ihren perfekten Wegbegleiter!\" \/>\n<meta property=\"og:url\" content=\"https:\/\/kgerad.de\/en\/product\/focus-planet\u00b2-6-9-2023\/\" \/>\n<meta property=\"og:site_name\" content=\"kgerad.de\" \/>\n<meta property=\"article:modified_time\" content=\"2023-08-21T09:19:16+00:00\" \/>\n<meta property=\"og:image\" content=\"https:\/\/kgerad.de\/wp-content\/uploads\/2023\/08\/Focus-PLANET\u00b2-6.9-2023.jpg\" \/>\n\t<meta property=\"og:image:width\" content=\"1600\" \/>\n\t<meta property=\"og:image:height\" content=\"975\" \/>\n\t<meta property=\"og:image:type\" content=\"image\/jpeg\" \/>\n<meta name=\"twitter:card\" content=\"summary_large_image\" \/>\n<meta name=\"twitter:label1\" content=\"Est. reading time\" \/>\n\t<meta name=\"twitter:data1\" content=\"5 minutes\" \/>\n<script type=\"application\/ld+json\" class=\"yoast-schema-graph\">{\"@context\":\"https:\/\/schema.org\",\"@graph\":[{\"@type\":\"WebPage\",\"@id\":\"https:\/\/kgerad.de\/produkt\/focus-planet%c2%b2-6-9-2023\/\",\"url\":\"https:\/\/kgerad.de\/produkt\/focus-planet%c2%b2-6-9-2023\/\",\"name\":\"Focus PLANET\u00b2 6.9 2023\",\"isPartOf\":{\"@id\":\"https:\/\/kgerad.de\/#website\"},\"primaryImageOfPage\":{\"@id\":\"https:\/\/kgerad.de\/produkt\/focus-planet%c2%b2-6-9-2023\/#primaryimage\"},\"image\":{\"@id\":\"https:\/\/kgerad.de\/produkt\/focus-planet%c2%b2-6-9-2023\/#primaryimage\"},\"thumbnailUrl\":\"https:\/\/kgerad.de\/wp-content\/uploads\/2023\/08\/Focus-PLANET\u00b2-6.9-2023.jpg\",\"datePublished\":\"2023-08-21T09:19:15+00:00\",\"dateModified\":\"2023-08-21T09:19:16+00:00\",\"description\":\"Entdecken Sie unseren Online-Fahrradladen: Gro\u00dfe Auswahl an Modellen f\u00fcr alle Radsportbegeisterten. Von Rennr\u00e4dern bis zu Mountainbikes - finden Sie heute Ihren perfekten Wegbegleiter!\",\"breadcrumb\":{\"@id\":\"https:\/\/kgerad.de\/produkt\/focus-planet%c2%b2-6-9-2023\/#breadcrumb\"},\"inLanguage\":\"en-US\",\"potentialAction\":[{\"@type\":\"ReadAction\",\"target\":[\"https:\/\/kgerad.de\/produkt\/focus-planet%c2%b2-6-9-2023\/\"]}]},{\"@type\":\"ImageObject\",\"inLanguage\":\"en-US\",\"@id\":\"https:\/\/kgerad.de\/produkt\/focus-planet%c2%b2-6-9-2023\/#primaryimage\",\"url\":\"https:\/\/kgerad.de\/wp-content\/uploads\/2023\/08\/Focus-PLANET\u00b2-6.9-2023.jpg\",\"contentUrl\":\"https:\/\/kgerad.de\/wp-content\/uploads\/2023\/08\/Focus-PLANET\u00b2-6.9-2023.jpg\",\"width\":1600,\"height\":975,\"caption\":\"Focus PLANET\u00b2 6.9 2023\"},{\"@type\":\"BreadcrumbList\",\"@id\":\"https:\/\/kgerad.de\/produkt\/focus-planet%c2%b2-6-9-2023\/#breadcrumb\",\"itemListElement\":[{\"@type\":\"ListItem\",\"position\":1,\"name\":\"Startseite\",\"item\":\"https:\/\/kgerad.de\/\"},{\"@type\":\"ListItem\",\"position\":2,\"name\":\"LADEN\",\"item\":\"https:\/\/kgerad.de\/laden\/\"},{\"@type\":\"ListItem\",\"position\":3,\"name\":\"Focus PLANET\u00b2 6.9 2023\"}]},{\"@type\":\"WebSite\",\"@id\":\"https:\/\/kgerad.de\/#website\",\"url\":\"https:\/\/kgerad.de\/\",\"name\":\"kgerad.de\",\"description\":\"Treten Sie mit uns ins Abenteuer!\",\"publisher\":{\"@id\":\"https:\/\/kgerad.de\/#organization\"},\"alternateName\":\"MEIN RADLADEN\",\"potentialAction\":[{\"@type\":\"SearchAction\",\"target\":{\"@type\":\"EntryPoint\",\"urlTemplate\":\"https:\/\/kgerad.de\/?s={search_term_string}\"},\"query-input\":{\"@type\":\"PropertyValueSpecification\",\"valueRequired\":true,\"valueName\":\"search_term_string\"}}],\"inLanguage\":\"en-US\"},{\"@type\":\"Organization\",\"@id\":\"https:\/\/kgerad.de\/#organization\",\"name\":\"MEINRADLADEN\",\"alternateName\":\"MEIN RADLADEN\",\"url\":\"https:\/\/kgerad.de\/\",\"logo\":{\"@type\":\"ImageObject\",\"inLanguage\":\"en-US\",\"@id\":\"https:\/\/kgerad.de\/#\/schema\/logo\/image\/\",\"url\":\"https:\/\/kgerad.de\/wp-content\/uploads\/2025\/07\/logo-Whit.svg\",\"contentUrl\":\"https:\/\/kgerad.de\/wp-content\/uploads\/2025\/07\/logo-Whit.svg\",\"width\":1640,\"height\":371,\"caption\":\"MEINRADLADEN\"},\"image\":{\"@id\":\"https:\/\/kgerad.de\/#\/schema\/logo\/image\/\"}}]}<\/script>\n<!-- \/ Yoast SEO Premium plugin. -->","yoast_head_json":{"title":"Focus PLANET\u00b2 6.9 2023","description":"Entdecken Sie unseren Online-Fahrradladen: Gro\u00dfe Auswahl an Modellen f\u00fcr alle Radsportbegeisterten. Von Rennr\u00e4dern bis zu Mountainbikes - finden Sie heute Ihren perfekten Wegbegleiter!","robots":{"index":"index","follow":"follow","max-snippet":"max-snippet:-1","max-image-preview":"max-image-preview:large","max-video-preview":"max-video-preview:-1"},"canonical":"https:\/\/kgerad.de\/en\/product\/focus-planet\u00b2-6-9-2023\/","og_locale":"en_US","og_type":"article","og_title":"Focus PLANET\u00b2 6.9 2023","og_description":"Entdecken Sie unseren Online-Fahrradladen: Gro\u00dfe Auswahl an Modellen f\u00fcr alle Radsportbegeisterten. Von Rennr\u00e4dern bis zu Mountainbikes - finden Sie heute Ihren perfekten Wegbegleiter!","og_url":"https:\/\/kgerad.de\/en\/product\/focus-planet\u00b2-6-9-2023\/","og_site_name":"kgerad.de","article_modified_time":"2023-08-21T09:19:16+00:00","og_image":[{"width":1600,"height":975,"url":"https:\/\/kgerad.de\/wp-content\/uploads\/2023\/08\/Focus-PLANET\u00b2-6.9-2023.jpg","type":"image\/jpeg"}],"twitter_card":"summary_large_image","twitter_misc":{"Est. reading time":"5 minutes"},"schema":{"@context":"https:\/\/schema.org","@graph":[{"@type":"WebPage","@id":"https:\/\/kgerad.de\/produkt\/focus-planet%c2%b2-6-9-2023\/","url":"https:\/\/kgerad.de\/produkt\/focus-planet%c2%b2-6-9-2023\/","name":"Focus PLANET\u00b2 6.9 2023","isPartOf":{"@id":"https:\/\/kgerad.de\/#website"},"primaryImageOfPage":{"@id":"https:\/\/kgerad.de\/produkt\/focus-planet%c2%b2-6-9-2023\/#primaryimage"},"image":{"@id":"https:\/\/kgerad.de\/produkt\/focus-planet%c2%b2-6-9-2023\/#primaryimage"},"thumbnailUrl":"https:\/\/kgerad.de\/wp-content\/uploads\/2023\/08\/Focus-PLANET\u00b2-6.9-2023.jpg","datePublished":"2023-08-21T09:19:15+00:00","dateModified":"2023-08-21T09:19:16+00:00","description":"Entdecken Sie unseren Online-Fahrradladen: Gro\u00dfe Auswahl an Modellen f\u00fcr alle Radsportbegeisterten. Von Rennr\u00e4dern bis zu Mountainbikes - finden Sie heute Ihren perfekten Wegbegleiter!","breadcrumb":{"@id":"https:\/\/kgerad.de\/produkt\/focus-planet%c2%b2-6-9-2023\/#breadcrumb"},"inLanguage":"en-US","potentialAction":[{"@type":"ReadAction","target":["https:\/\/kgerad.de\/produkt\/focus-planet%c2%b2-6-9-2023\/"]}]},{"@type":"ImageObject","inLanguage":"en-US","@id":"https:\/\/kgerad.de\/produkt\/focus-planet%c2%b2-6-9-2023\/#primaryimage","url":"https:\/\/kgerad.de\/wp-content\/uploads\/2023\/08\/Focus-PLANET\u00b2-6.9-2023.jpg","contentUrl":"https:\/\/kgerad.de\/wp-content\/uploads\/2023\/08\/Focus-PLANET\u00b2-6.9-2023.jpg","width":1600,"height":975,"caption":"Focus PLANET\u00b2 6.9 2023"},{"@type":"BreadcrumbList","@id":"https:\/\/kgerad.de\/produkt\/focus-planet%c2%b2-6-9-2023\/#breadcrumb","itemListElement":[{"@type":"ListItem","position":1,"name":"Startseite","item":"https:\/\/kgerad.de\/"},{"@type":"ListItem","position":2,"name":"LADEN","item":"https:\/\/kgerad.de\/laden\/"},{"@type":"ListItem","position":3,"name":"Focus PLANET\u00b2 6.9 2023"}]},{"@type":"WebSite","@id":"https:\/\/kgerad.de\/#website","url":"https:\/\/kgerad.de\/","name":"kgerad.de","description":"Treten Sie mit uns ins Abenteuer!","publisher":{"@id":"https:\/\/kgerad.de\/#organization"},"alternateName":"MEIN RADLADEN","potentialAction":[{"@type":"SearchAction","target":{"@type":"EntryPoint","urlTemplate":"https:\/\/kgerad.de\/?s={search_term_string}"},"query-input":{"@type":"PropertyValueSpecification","valueRequired":true,"valueName":"search_term_string"}}],"inLanguage":"en-US"},{"@type":"Organization","@id":"https:\/\/kgerad.de\/#organization","name":"MEINRADLADEN","alternateName":"MEIN RADLADEN","url":"https:\/\/kgerad.de\/","logo":{"@type":"ImageObject","inLanguage":"en-US","@id":"https:\/\/kgerad.de\/#\/schema\/logo\/image\/","url":"https:\/\/kgerad.de\/wp-content\/uploads\/2025\/07\/logo-Whit.svg","contentUrl":"https:\/\/kgerad.de\/wp-content\/uploads\/2025\/07\/logo-Whit.svg","width":1640,"height":371,"caption":"MEINRADLADEN"},"image":{"@id":"https:\/\/kgerad.de\/#\/schema\/logo\/image\/"}}]}},"_links":{"self":[{"href":"https:\/\/kgerad.de\/en\/wp-json\/wp\/v2\/product\/79838","targetHints":{"allow":["GET"]}}],"collection":[{"href":"https:\/\/kgerad.de\/en\/wp-json\/wp\/v2\/product"}],"about":[{"href":"https:\/\/kgerad.de\/en\/wp-json\/wp\/v2\/types\/product"}],"replies":[{"embeddable":true,"href":"https:\/\/kgerad.de\/en\/wp-json\/wp\/v2\/comments?post=79838"}],"version-history":[{"count":1,"href":"https:\/\/kgerad.de\/en\/wp-json\/wp\/v2\/product\/79838\/revisions"}],"predecessor-version":[{"id":79846,"href":"https:\/\/kgerad.de\/en\/wp-json\/wp\/v2\/product\/79838\/revisions\/79846"}],"wp:featuredmedia":[{"embeddable":true,"href":"https:\/\/kgerad.de\/en\/wp-json\/wp\/v2\/media\/79842"}],"wp:attachment":[{"href":"https:\/\/kgerad.de\/en\/wp-json\/wp\/v2\/media?parent=79838"}],"wp:term":[{"taxonomy":"product_brand","embeddable":true,"href":"https:\/\/kgerad.de\/en\/wp-json\/wp\/v2\/product_brand?post=79838"},{"taxonomy":"product_cat","embeddable":true,"href":"https:\/\/kgerad.de\/en\/wp-json\/wp\/v2\/product_cat?post=79838"},{"taxonomy":"product_tag","embeddable":true,"href":"https:\/\/kgerad.de\/en\/wp-json\/wp\/v2\/product_tag?post=79838"}],"curies":[{"name":"wp","href":"https:\/\/api.w.org\/{rel}","templated":true}]}}