{"id":7546,"date":"2022-11-04T19:34:05","date_gmt":"2022-11-04T18:34:05","guid":{"rendered":"https:\/\/kgerad.de\/?post_type=product&#038;p=7546"},"modified":"2023-08-10T21:20:26","modified_gmt":"2023-08-10T19:20:26","slug":"tern-link-d7i-2022-elektrofahrrad","status":"publish","type":"product","link":"https:\/\/kgerad.de\/en\/product\/tern-link-d7i-2022-elektrofahrrad\/","title":{"rendered":"Tern Link D7i 2022 Elektrofahrrad"},"content":{"rendered":"<h2><strong>Tern Link D7i 2022 Elektrofahrrad<\/strong><\/h2>\n<p>Das Tern Link D7i ist vollausgestattet und hat eine 7-Gang Shimano Nexus Nabenschaltung. Das Topmodell der Faltrad-Reihe Link spielt seine Vorz\u00fcge durch sein vern\u00fcnftiges und durchdachtes Inneres aus. Selbst an kleinste Details wie dem rundumlaufenden Kettenschutz wurde gedacht.<\/p>\n<hr \/>\n<h3>Features &#8211; Tern Link D7i<\/h3>\n<ul>\n<li>Kann klein zusammengeklappt werden, f\u00e4hrt sich aber wie ein vollwertiges Fahrrad<\/li>\n<li>7-Gang Shimano Nexus Nabenschaltung<\/li>\n<li>Verstellbarer Andros\u2122 Vorbau<\/li>\n<li>FreeDrive\u2122 Kettenschaltung<\/li>\n<li>Schwalbe Big Apple Balloon-Pannenschutzreifen<\/li>\n<li>20&#8243;-R\u00e4der sind perfekt f\u00fcr stop-and-go in der Stadt<\/li>\n<li>Falte und lagere es f\u00fcr besten Diebstahlschutz im Geb\u00e4ude<\/li>\n<li>L\u00e4sst sich auf eine Vielzahl von Fahrern einstellen<\/li>\n<li>Praktischer Gep\u00e4cktr\u00e4ger<\/li>\n<li><b>Gr\u00f6\u00dfe zusamengefaltet:<\/b>\u00a038 x 79 x 72 cm<\/li>\n<li><b>Maximale Zuladung:<\/b>\u00a0105 kg<\/li>\n<li><b>Empfohlene K\u00f6rpergr\u00f6\u00dfe:<\/b>\u00a0142 &#8211; 190 cm<\/li>\n<\/ul>\n<hr \/>\n<h3>Technologie<\/h3>\n<p><strong>OCL+\u2122 RAHMENGELENK &#8211; ROBUSTE FALT-TECHNOLOGIE<\/strong><br \/>\nDas OCL+ Rahmengelenk ist eine umfassende \u00dcberarbeitung unseres legend\u00e4ren OCL Gelenks und \u00fcbertrifft sogar noch die Test-Anforderungen von ISO 4210 and EN 15194. Das OCL+ kommt bereits im Longtail-Lastenrad Tern Cargo Node zum Einsatz und ist dank moderner Schwei\u00dfverfahren und solider Knotenbleche jederzeit steif und stabil.<\/p>\n<p><strong>N-FOLD\u2122-TECHNOLOGIE &#8211; DIE SCHNELLERE ART DES FALTENS<\/strong><br \/>\nDank der N-Fold\u2122-Technologie lassen sich Fahrr\u00e4der von Tern einfach zu einem kompakten Paket falten \u2013 in drei Schritten. Diese sind so einfach, dass jede(r) sie meistern kann. Und da sich die Lenks\u00e4ule auf der Au\u00dfenseite des gefalteten Pakets befindet, k\u00f6nnen Sie Ihr Tern auch einfach im zusammengefalteten Zustand rollen statt tragen.<\/p>\n<p><strong>DOUBLE TRUSS\u2122-TECHNOLOGIE &#8211; KONSTRUKTIONSBEDINGT STEIFER<\/strong><br \/>\nF\u00fcr den hinteren Rahmenteil verwenden wir bei Tern eine patentierte 3D-Struktur, die wir Double Truss\u2122 nennen und welche die Steifigkeit erh\u00f6ht. Dank dieser Struktur wird Torsionssteifigkeit erh\u00f6ht, wodurch das ganze Fahrrad weniger nachgibt. Mehr Steifigkeit hei\u00dft, dass die Kraft\u00fcbertragung von den Pedalen zur Hinterrad-Achse deutlich verbessert wird. Wer einmal damit gefahren ist, wird dies bezeugen.<\/p>\n<p><strong>PHYSIS\u2122 3D LENKS\u00c4ULE &#8211; DER NEUE MASSSTAB<\/strong><br \/>\nF\u00fcnf patentierte Technologien und einzigartige Herstellungsverfahren ergeben die stabilste und steifste Lenks\u00e4ule auf dem Markt. Die Physis\u2122 Lenks\u00e4ule wird mittels eines besonderen 3D-Schmiedeverfahrens aus einem einzelnen St\u00fcck Aluminium gefertigt, was Schwei\u00dfn\u00e4hte \u00fcberfl\u00fcssig macht.<\/p>\n<h2>Ausstattung<\/h2>\n<div class=\"product--properties panel has--border\">\n<table class=\"product--properties-table\">\n<tbody>\n<tr class=\"product--properties-row row1\">\n<td class=\"product--properties-label is--bold\">Rahmen:<\/td>\n<td class=\"product--properties-value\">Tern Link, aluminum, OCL+ joint, 3 patented technologies<\/td>\n<\/tr>\n<tr class=\"product--properties-row row2\">\n<td class=\"product--properties-label is--bold\">Farbe:<\/td>\n<td class=\"product--properties-value\">cement<\/td>\n<\/tr>\n<tr class=\"product--properties-row row3\">\n<td class=\"product--properties-label is--bold\">Gabel:<\/td>\n<td class=\"product--properties-value\">Integrated, hi-tensile steel<\/td>\n<\/tr>\n<tr class=\"product--properties-row row4\">\n<td class=\"product--properties-label is--bold\">Bremsen:<\/td>\n<td class=\"product--properties-value\">V, aluminum, linear spring<\/td>\n<\/tr>\n<tr class=\"product--properties-row row5\">\n<td class=\"product--properties-label is--bold\">Bremshebel:<\/td>\n<td class=\"product--properties-value\">V, aluminum bracket\/lever<\/td>\n<\/tr>\n<tr class=\"product--properties-row row6\">\n<td class=\"product--properties-label is--bold\">Steuersatz:<\/td>\n<td class=\"product--properties-value\">Flux, cartridge bearings, Physis integrated<\/td>\n<\/tr>\n<tr class=\"product--properties-row row7\">\n<td class=\"product--properties-label is--bold\">Vorbau:<\/td>\n<td class=\"product--properties-value\">Tern Andros, adjustable, forged construction, Tern Physis 3D, 3D forged<\/td>\n<\/tr>\n<tr class=\"product--properties-row row8\">\n<td class=\"product--properties-label is--bold\">Lenker:<\/td>\n<td class=\"product--properties-value\">Flat bar, 6061-Al, Andros butted<\/td>\n<\/tr>\n<tr class=\"product--properties-row row9\">\n<td class=\"product--properties-label is--bold\">Griffe:<\/td>\n<td class=\"product--properties-value\">Velo ergonomic, lock-on<\/td>\n<\/tr>\n<tr class=\"product--properties-row row10\">\n<td class=\"product--properties-label is--bold\">Sattel:<\/td>\n<td class=\"product--properties-value\">BioLogic Como DLX<\/td>\n<\/tr>\n<tr class=\"product--properties-row row11\">\n<td class=\"product--properties-label is--bold\">Sattelst\u00fctze:<\/td>\n<td class=\"product--properties-value\">SuperOversize, 6061-Al, micro-adjust clamp<\/td>\n<\/tr>\n<tr class=\"product--properties-row row12\">\n<td class=\"product--properties-label is--bold\">Sattelklemme:<\/td>\n<td class=\"product--properties-value\">SuperOversize, 6061-AL<\/td>\n<\/tr>\n<tr class=\"product--properties-row row13\">\n<td class=\"product--properties-label is--bold\">Kurbel:<\/td>\n<td class=\"product--properties-value\">Forged 6061 aluminum crank arms, hand-polished<\/td>\n<\/tr>\n<tr class=\"product--properties-row row14\">\n<td class=\"product--properties-label is--bold\">Tretlager\/Innenlager:<\/td>\n<td class=\"product--properties-value\">Cartridge, sealed bearings<\/td>\n<\/tr>\n<tr class=\"product--properties-row row15\">\n<td class=\"product--properties-label is--bold\">Schalthebel:<\/td>\n<td class=\"product--properties-value\">Shimano Nexus, 1 x 7 spd<\/td>\n<\/tr>\n<\/tbody>\n<\/table>\n<div class=\"tab-menu--product js--tab-menu\">\n<div class=\"tab--container-list\">\n<div class=\"tab--container has--content is--active\">\n<div class=\"tab--content\">\n<div class=\"content--description\">\n<div class=\"product--description\">\n<div class=\"product--properties panel has--border\">\n<table class=\"product--properties-table\">\n<tbody>\n<tr class=\"product--properties-row row16\">\n<td class=\"product--properties-label is--bold\">Kassette:<\/td>\n<td class=\"product--properties-value\">17T<\/td>\n<\/tr>\n<tr class=\"product--properties-row row17\">\n<td class=\"product--properties-label is--bold\">Kette:<\/td>\n<td class=\"product--properties-value\">TAYA 408H<\/td>\n<\/tr>\n<tr class=\"product--properties-row row18\">\n<td class=\"product--properties-label is--bold\">Reifen:<\/td>\n<td class=\"product--properties-value\">Schwalbe Big Apple, 50-406, 20&#8243;, puncture protection, Reflex<\/td>\n<\/tr>\n<tr class=\"product--properties-row row19\">\n<td class=\"product--properties-label is--bold\">Nabe Vorderrad:<\/td>\n<td class=\"product--properties-value\">Panasonic dynamo<\/td>\n<\/tr>\n<tr class=\"product--properties-row row20\">\n<td class=\"product--properties-label is--bold\">Nabe Hinterrad:<\/td>\n<td class=\"product--properties-value\">Shimano Nexus 7 freewheel<\/td>\n<\/tr>\n<tr class=\"product--properties-row row21\">\n<td class=\"product--properties-label is--bold\">Speichen:<\/td>\n<td class=\"product--properties-value\">Sapim Leader, stainless steel<\/td>\n<\/tr>\n<tr class=\"product--properties-row row22\">\n<td class=\"product--properties-label is--bold\">Felgen:<\/td>\n<td class=\"product--properties-value\">Doublewall aluminum<\/td>\n<\/tr>\n<tr class=\"product--properties-row row23\">\n<td class=\"product--properties-label is--bold\">Scheinwerfer:<\/td>\n<td class=\"product--properties-value\">TERN &#8220; Valo2&#8243; 41 Lux \/ 150 Lumen<\/td>\n<\/tr>\n<tr class=\"product--properties-row row24\">\n<td class=\"product--properties-label is--bold\">R\u00fccklicht:<\/td>\n<td class=\"product--properties-value\">Deluxe LED<\/td>\n<\/tr>\n<tr class=\"product--properties-row row25\">\n<td class=\"product--properties-label is--bold\">Gep\u00e4cktr\u00e4ger:<\/td>\n<td class=\"product--properties-value\">Tern Loader Rack<\/td>\n<\/tr>\n<tr class=\"product--properties-row row26\">\n<td class=\"product--properties-label is--bold\">Pedale:<\/td>\n<td class=\"product--properties-value\">Folding, alloy body<\/td>\n<\/tr>\n<tr class=\"product--properties-row row27\">\n<td class=\"product--properties-label is--bold\">Sonstiges:<\/td>\n<td class=\"product--properties-value\">Schutzblech, Kettenschutz, St\u00e4nder<\/td>\n<\/tr>\n<tr class=\"product--properties-row row28\">\n<td class=\"product--properties-label is--bold\">Gewicht Komplettrad:<\/td>\n<td class=\"product--properties-value\">ab 14,4 kg<\/td>\n<\/tr>\n<\/tbody>\n<\/table>\n<\/div>\n<\/div>\n<\/div>\n<\/div>\n<\/div>\n<\/div>\n<\/div>\n<div id=\"detail--product-reviews\" class=\"content--product-reviews 123\">\n<div class=\"content--title\"><\/div>\n<\/div>\n<\/div>","protected":false},"excerpt":{"rendered":"<p>Tern Link D7i 2022 Elektrofahrrad Das Tern Link D7i ist vollausgestattet und hat eine 7-Gang Shimano Nexus Nabenschaltung. Das Topmodell<\/p>","protected":false},"featured_media":60458,"comment_status":"open","ping_status":"closed","template":"","meta":[],"product_brand":[],"product_cat":[33,34,35],"product_tag":[],"class_list":{"0":"post-7546","1":"product","2":"type-product","3":"status-publish","4":"has-post-thumbnail","6":"product_cat-e-bike","7":"product_cat-e-bike-city-urban","8":"product_cat-e-bikes-2022","9":"pa_marke-tern","11":"first","12":"instock","13":"taxable","14":"shipping-taxable","15":"purchasable","16":"product-type-variable"},"yoast_head":"<!-- This site is optimized with the Yoast SEO Premium plugin v20.12 (Yoast SEO v27.1.1) - https:\/\/yoast.com\/product\/yoast-seo-premium-wordpress\/ -->\n<title>Tern Link D7i 2022 Elektrofahrrad<\/title>\n<meta name=\"description\" content=\"Entdecken Sie unseren Online-Fahrradladen: Gro\u00dfe Auswahl an Modellen f\u00fcr alle Radsportbegeisterten. Von Rennr\u00e4dern bis zu Mountainbikes - finden Sie heute Ihren perfekten Wegbegleiter!\" \/>\n<meta name=\"robots\" content=\"index, follow, max-snippet:-1, max-image-preview:large, max-video-preview:-1\" \/>\n<link rel=\"canonical\" href=\"https:\/\/kgerad.de\/en\/product\/tern-link-d7i-2022-elektrofahrrad\/\" \/>\n<meta property=\"og:locale\" content=\"en_US\" \/>\n<meta property=\"og:type\" content=\"article\" \/>\n<meta property=\"og:title\" content=\"Tern Link D7i 2022 Elektrofahrrad\" \/>\n<meta property=\"og:description\" content=\"Entdecken Sie unseren Online-Fahrradladen: Gro\u00dfe Auswahl an Modellen f\u00fcr alle Radsportbegeisterten. Von Rennr\u00e4dern bis zu Mountainbikes - finden Sie heute Ihren perfekten Wegbegleiter!\" \/>\n<meta property=\"og:url\" content=\"https:\/\/kgerad.de\/en\/product\/tern-link-d7i-2022-elektrofahrrad\/\" \/>\n<meta property=\"og:site_name\" content=\"kgerad.de\" \/>\n<meta property=\"article:modified_time\" content=\"2023-08-10T19:20:26+00:00\" \/>\n<meta property=\"og:image\" content=\"https:\/\/kgerad.de\/wp-content\/uploads\/2023\/06\/2122125_TERN_Link_D7i_2020_13167.jpg\" \/>\n\t<meta property=\"og:image:width\" content=\"1200\" \/>\n\t<meta property=\"og:image:height\" content=\"800\" \/>\n\t<meta property=\"og:image:type\" content=\"image\/jpeg\" \/>\n<meta name=\"twitter:card\" content=\"summary_large_image\" \/>\n<meta name=\"twitter:label1\" content=\"Est. reading time\" \/>\n\t<meta name=\"twitter:data1\" content=\"3 minutes\" \/>\n<script type=\"application\/ld+json\" class=\"yoast-schema-graph\">{\"@context\":\"https:\/\/schema.org\",\"@graph\":[{\"@type\":\"WebPage\",\"@id\":\"https:\/\/kgerad.de\/produkt\/tern-link-d7i-2022-elektrofahrrad\/\",\"url\":\"https:\/\/kgerad.de\/produkt\/tern-link-d7i-2022-elektrofahrrad\/\",\"name\":\"Tern Link D7i 2022 Elektrofahrrad\",\"isPartOf\":{\"@id\":\"https:\/\/kgerad.de\/#website\"},\"primaryImageOfPage\":{\"@id\":\"https:\/\/kgerad.de\/produkt\/tern-link-d7i-2022-elektrofahrrad\/#primaryimage\"},\"image\":{\"@id\":\"https:\/\/kgerad.de\/produkt\/tern-link-d7i-2022-elektrofahrrad\/#primaryimage\"},\"thumbnailUrl\":\"https:\/\/kgerad.de\/wp-content\/uploads\/2023\/06\/2122125_TERN_Link_D7i_2020_13167.jpg\",\"datePublished\":\"2022-11-04T18:34:05+00:00\",\"dateModified\":\"2023-08-10T19:20:26+00:00\",\"description\":\"Entdecken Sie unseren Online-Fahrradladen: Gro\u00dfe Auswahl an Modellen f\u00fcr alle Radsportbegeisterten. Von Rennr\u00e4dern bis zu Mountainbikes - finden Sie heute Ihren perfekten Wegbegleiter!\",\"breadcrumb\":{\"@id\":\"https:\/\/kgerad.de\/produkt\/tern-link-d7i-2022-elektrofahrrad\/#breadcrumb\"},\"inLanguage\":\"en-US\",\"potentialAction\":[{\"@type\":\"ReadAction\",\"target\":[\"https:\/\/kgerad.de\/produkt\/tern-link-d7i-2022-elektrofahrrad\/\"]}]},{\"@type\":\"ImageObject\",\"inLanguage\":\"en-US\",\"@id\":\"https:\/\/kgerad.de\/produkt\/tern-link-d7i-2022-elektrofahrrad\/#primaryimage\",\"url\":\"https:\/\/kgerad.de\/wp-content\/uploads\/2023\/06\/2122125_TERN_Link_D7i_2020_13167.jpg\",\"contentUrl\":\"https:\/\/kgerad.de\/wp-content\/uploads\/2023\/06\/2122125_TERN_Link_D7i_2020_13167.jpg\",\"width\":1200,\"height\":800,\"caption\":\"Tern Link D7i 2022 Elektrofahrrad\"},{\"@type\":\"BreadcrumbList\",\"@id\":\"https:\/\/kgerad.de\/produkt\/tern-link-d7i-2022-elektrofahrrad\/#breadcrumb\",\"itemListElement\":[{\"@type\":\"ListItem\",\"position\":1,\"name\":\"Startseite\",\"item\":\"https:\/\/kgerad.de\/\"},{\"@type\":\"ListItem\",\"position\":2,\"name\":\"LADEN\",\"item\":\"https:\/\/kgerad.de\/laden\/\"},{\"@type\":\"ListItem\",\"position\":3,\"name\":\"Tern Link D7i 2022 Elektrofahrrad\"}]},{\"@type\":\"WebSite\",\"@id\":\"https:\/\/kgerad.de\/#website\",\"url\":\"https:\/\/kgerad.de\/\",\"name\":\"kgerad.de\",\"description\":\"Treten Sie mit uns ins Abenteuer!\",\"publisher\":{\"@id\":\"https:\/\/kgerad.de\/#organization\"},\"alternateName\":\"MEIN RADLADEN\",\"potentialAction\":[{\"@type\":\"SearchAction\",\"target\":{\"@type\":\"EntryPoint\",\"urlTemplate\":\"https:\/\/kgerad.de\/?s={search_term_string}\"},\"query-input\":{\"@type\":\"PropertyValueSpecification\",\"valueRequired\":true,\"valueName\":\"search_term_string\"}}],\"inLanguage\":\"en-US\"},{\"@type\":\"Organization\",\"@id\":\"https:\/\/kgerad.de\/#organization\",\"name\":\"MEINRADLADEN\",\"alternateName\":\"MEIN RADLADEN\",\"url\":\"https:\/\/kgerad.de\/\",\"logo\":{\"@type\":\"ImageObject\",\"inLanguage\":\"en-US\",\"@id\":\"https:\/\/kgerad.de\/#\/schema\/logo\/image\/\",\"url\":\"https:\/\/kgerad.de\/wp-content\/uploads\/2025\/07\/logo-Whit.svg\",\"contentUrl\":\"https:\/\/kgerad.de\/wp-content\/uploads\/2025\/07\/logo-Whit.svg\",\"width\":1640,\"height\":371,\"caption\":\"MEINRADLADEN\"},\"image\":{\"@id\":\"https:\/\/kgerad.de\/#\/schema\/logo\/image\/\"}}]}<\/script>\n<!-- \/ Yoast SEO Premium plugin. -->","yoast_head_json":{"title":"Tern Link D7i 2022 Elektrofahrrad","description":"Entdecken Sie unseren Online-Fahrradladen: Gro\u00dfe Auswahl an Modellen f\u00fcr alle Radsportbegeisterten. Von Rennr\u00e4dern bis zu Mountainbikes - finden Sie heute Ihren perfekten Wegbegleiter!","robots":{"index":"index","follow":"follow","max-snippet":"max-snippet:-1","max-image-preview":"max-image-preview:large","max-video-preview":"max-video-preview:-1"},"canonical":"https:\/\/kgerad.de\/en\/product\/tern-link-d7i-2022-elektrofahrrad\/","og_locale":"en_US","og_type":"article","og_title":"Tern Link D7i 2022 Elektrofahrrad","og_description":"Entdecken Sie unseren Online-Fahrradladen: Gro\u00dfe Auswahl an Modellen f\u00fcr alle Radsportbegeisterten. Von Rennr\u00e4dern bis zu Mountainbikes - finden Sie heute Ihren perfekten Wegbegleiter!","og_url":"https:\/\/kgerad.de\/en\/product\/tern-link-d7i-2022-elektrofahrrad\/","og_site_name":"kgerad.de","article_modified_time":"2023-08-10T19:20:26+00:00","og_image":[{"width":1200,"height":800,"url":"https:\/\/kgerad.de\/wp-content\/uploads\/2023\/06\/2122125_TERN_Link_D7i_2020_13167.jpg","type":"image\/jpeg"}],"twitter_card":"summary_large_image","twitter_misc":{"Est. reading time":"3 minutes"},"schema":{"@context":"https:\/\/schema.org","@graph":[{"@type":"WebPage","@id":"https:\/\/kgerad.de\/produkt\/tern-link-d7i-2022-elektrofahrrad\/","url":"https:\/\/kgerad.de\/produkt\/tern-link-d7i-2022-elektrofahrrad\/","name":"Tern Link D7i 2022 Elektrofahrrad","isPartOf":{"@id":"https:\/\/kgerad.de\/#website"},"primaryImageOfPage":{"@id":"https:\/\/kgerad.de\/produkt\/tern-link-d7i-2022-elektrofahrrad\/#primaryimage"},"image":{"@id":"https:\/\/kgerad.de\/produkt\/tern-link-d7i-2022-elektrofahrrad\/#primaryimage"},"thumbnailUrl":"https:\/\/kgerad.de\/wp-content\/uploads\/2023\/06\/2122125_TERN_Link_D7i_2020_13167.jpg","datePublished":"2022-11-04T18:34:05+00:00","dateModified":"2023-08-10T19:20:26+00:00","description":"Entdecken Sie unseren Online-Fahrradladen: Gro\u00dfe Auswahl an Modellen f\u00fcr alle Radsportbegeisterten. Von Rennr\u00e4dern bis zu Mountainbikes - finden Sie heute Ihren perfekten Wegbegleiter!","breadcrumb":{"@id":"https:\/\/kgerad.de\/produkt\/tern-link-d7i-2022-elektrofahrrad\/#breadcrumb"},"inLanguage":"en-US","potentialAction":[{"@type":"ReadAction","target":["https:\/\/kgerad.de\/produkt\/tern-link-d7i-2022-elektrofahrrad\/"]}]},{"@type":"ImageObject","inLanguage":"en-US","@id":"https:\/\/kgerad.de\/produkt\/tern-link-d7i-2022-elektrofahrrad\/#primaryimage","url":"https:\/\/kgerad.de\/wp-content\/uploads\/2023\/06\/2122125_TERN_Link_D7i_2020_13167.jpg","contentUrl":"https:\/\/kgerad.de\/wp-content\/uploads\/2023\/06\/2122125_TERN_Link_D7i_2020_13167.jpg","width":1200,"height":800,"caption":"Tern Link D7i 2022 Elektrofahrrad"},{"@type":"BreadcrumbList","@id":"https:\/\/kgerad.de\/produkt\/tern-link-d7i-2022-elektrofahrrad\/#breadcrumb","itemListElement":[{"@type":"ListItem","position":1,"name":"Startseite","item":"https:\/\/kgerad.de\/"},{"@type":"ListItem","position":2,"name":"LADEN","item":"https:\/\/kgerad.de\/laden\/"},{"@type":"ListItem","position":3,"name":"Tern Link D7i 2022 Elektrofahrrad"}]},{"@type":"WebSite","@id":"https:\/\/kgerad.de\/#website","url":"https:\/\/kgerad.de\/","name":"kgerad.de","description":"Treten Sie mit uns ins Abenteuer!","publisher":{"@id":"https:\/\/kgerad.de\/#organization"},"alternateName":"MEIN RADLADEN","potentialAction":[{"@type":"SearchAction","target":{"@type":"EntryPoint","urlTemplate":"https:\/\/kgerad.de\/?s={search_term_string}"},"query-input":{"@type":"PropertyValueSpecification","valueRequired":true,"valueName":"search_term_string"}}],"inLanguage":"en-US"},{"@type":"Organization","@id":"https:\/\/kgerad.de\/#organization","name":"MEINRADLADEN","alternateName":"MEIN RADLADEN","url":"https:\/\/kgerad.de\/","logo":{"@type":"ImageObject","inLanguage":"en-US","@id":"https:\/\/kgerad.de\/#\/schema\/logo\/image\/","url":"https:\/\/kgerad.de\/wp-content\/uploads\/2025\/07\/logo-Whit.svg","contentUrl":"https:\/\/kgerad.de\/wp-content\/uploads\/2025\/07\/logo-Whit.svg","width":1640,"height":371,"caption":"MEINRADLADEN"},"image":{"@id":"https:\/\/kgerad.de\/#\/schema\/logo\/image\/"}}]}},"_links":{"self":[{"href":"https:\/\/kgerad.de\/en\/wp-json\/wp\/v2\/product\/7546","targetHints":{"allow":["GET"]}}],"collection":[{"href":"https:\/\/kgerad.de\/en\/wp-json\/wp\/v2\/product"}],"about":[{"href":"https:\/\/kgerad.de\/en\/wp-json\/wp\/v2\/types\/product"}],"replies":[{"embeddable":true,"href":"https:\/\/kgerad.de\/en\/wp-json\/wp\/v2\/comments?post=7546"}],"version-history":[{"count":1,"href":"https:\/\/kgerad.de\/en\/wp-json\/wp\/v2\/product\/7546\/revisions"}],"predecessor-version":[{"id":78955,"href":"https:\/\/kgerad.de\/en\/wp-json\/wp\/v2\/product\/7546\/revisions\/78955"}],"wp:featuredmedia":[{"embeddable":true,"href":"https:\/\/kgerad.de\/en\/wp-json\/wp\/v2\/media\/60458"}],"wp:attachment":[{"href":"https:\/\/kgerad.de\/en\/wp-json\/wp\/v2\/media?parent=7546"}],"wp:term":[{"taxonomy":"product_brand","embeddable":true,"href":"https:\/\/kgerad.de\/en\/wp-json\/wp\/v2\/product_brand?post=7546"},{"taxonomy":"product_cat","embeddable":true,"href":"https:\/\/kgerad.de\/en\/wp-json\/wp\/v2\/product_cat?post=7546"},{"taxonomy":"product_tag","embeddable":true,"href":"https:\/\/kgerad.de\/en\/wp-json\/wp\/v2\/product_tag?post=7546"}],"curies":[{"name":"wp","href":"https:\/\/api.w.org\/{rel}","templated":true}]}}