{"id":7496,"date":"2022-11-04T18:28:07","date_gmt":"2022-11-04T17:28:07","guid":{"rendered":"https:\/\/kgerad.de\/?post_type=product&#038;p=7496"},"modified":"2023-08-17T20:27:23","modified_gmt":"2023-08-17T18:27:23","slug":"breezer-doppler-team-gravel-bike","status":"publish","type":"product","link":"https:\/\/kgerad.de\/en\/product\/breezer-doppler-team-gravel-bike\/","title":{"rendered":"Breezer DOPPLER TEAM+ Gravel Bike"},"content":{"rendered":"<h2>Breezer DOPPLER TEAM+<\/h2>\n<p class=\"product--description\">Das Breezer Doppler TEAM+ bietet dir ein traditionelles Brevet und Tourenrad mit laufruhigen 650B-Reifen, mit denen auch Ausfl\u00fcge ins Gel\u00e4nde richtig Spa\u00df machen.<\/p>\n<p>W\u00e4hrend fahren mit Gravel-Bikes der neueste Trend ist, sind 650b-R\u00e4der seit Jahrzehnten ein gut geh\u00fctetes Geheimnis in der Brevet-Community. 650b bietet einen deutlichen Vorteil, da Reifen mit gr\u00f6\u00dferem Volumen verwendet werden k\u00f6nnen, die sowohl f\u00fcr mehr D\u00e4mpfung als auch f\u00fcr mehr Traktion auf unebenen Stra\u00dfen sorgen. Die Felgen mit einem kleineren Durchmesser von 650b bieten auch ein stabileres Laufrad, das sich ideal f\u00fcr beladene Touren oder raue Bedingungen eignet. Im Vergleich zum Inversion und Radar bietet der Doppler-Rahmen eine klassischere Rennradgeometrie bei gleichzeitig hoher Funktionalit\u00e4t mit gro\u00dfer Antriebsbandbreite und Rahmeneigenschaften.<\/p>\n<hr \/>\n<h3>Features &#8211; Breezer Doppler Team+<\/h3>\n<ul>\n<li>Semikompakte Geometrie<\/li>\n<li>Breezer Chromoly-Rahmen mit BSA-Tretlager, Breeze-Thru Ausfallende und Apex Bremsaufnahme<\/li>\n<li>Breezer Chromoly Gabel, 100x12mm Steckachse mit seitlicher Wasserflaschen-, Schutzblech- und Gepacktr\u00e4ger\u00f6sen<\/li>\n<li>Tubeless-kompatible 650b Laufr\u00e4der<\/li>\n<\/ul>\n<hr \/>\n<p>&nbsp;<\/p>\n<hr \/>\n<p class=\"product--description\"><strong>Bitte beachte, dass im Lieferumfang keine Pedale enthalten sind!<\/strong><\/p>\n<hr \/>\n<h3>Breezer Bikes Doppler 650B Adventure Bike<\/h3>\n<p class=\"product--description\"><iframe src=\"https:\/\/www.youtube-nocookie.com\/embed\/s7F22G73qH8\" width=\"640\" height=\"360\" frameborder=\"0\" allowfullscreen=\"allowfullscreen\" data-mce-fragment=\"1\"><\/iframe><\/p>\n<div><\/div>\n<div class=\"ean-box\"><\/div>\n<div>\n<h2>Ausstattung<\/h2>\n<div class=\"product--properties panel has--border\">\n<table class=\"product--properties-table\">\n<tbody>\n<tr class=\"product--properties-row row1\">\n<td class=\"product--properties-label is--bold\">Rahmen:<\/td>\n<td class=\"product--properties-value\">Breezer butted-chromoly steel, 44mm headtube, BSA Threaded BB, 142 x 12mm<\/td>\n<\/tr>\n<tr class=\"product--properties-row row2\">\n<td class=\"product--properties-label is--bold\">Rahmenmaterial:<\/td>\n<td class=\"product--properties-value\">Stahl<\/td>\n<\/tr>\n<tr class=\"product--properties-row row3\">\n<td class=\"product--properties-label is--bold\">Laufradgr\u00f6\u00dfe:<\/td>\n<td class=\"product--properties-value\">27,5&#8243;<\/td>\n<\/tr>\n<tr class=\"product--properties-row row4\">\n<td class=\"product--properties-label is--bold\">Farbe:<\/td>\n<td class=\"product--properties-value\">Sawdust Tan<\/td>\n<\/tr>\n<tr class=\"product--properties-row row5\">\n<td class=\"product--properties-label is--bold\">Gabel:<\/td>\n<td class=\"product--properties-value\">Chromoly disc, 1 1\/8&#8243;, rack\/ fender &amp; side bottle mounts, 100 x 12mm through-axle<\/td>\n<\/tr>\n<tr class=\"product--properties-row row6\">\n<td class=\"product--properties-label is--bold\">Bremsen:<\/td>\n<td class=\"product--properties-value\">TRP HY\/RD C hydraulic disc, 160mm rotor<\/td>\n<\/tr>\n<tr class=\"product--properties-row row7\">\n<td class=\"product--properties-label is--bold\">Bremshebel:<\/td>\n<td class=\"product--properties-value\">Shimano<\/td>\n<\/tr>\n<tr class=\"product--properties-row row8\">\n<td class=\"product--properties-label is--bold\">Steuersatz:<\/td>\n<td class=\"product--properties-value\">FSA 1 1\/8&#8243;, No.10 internal, 36 degree ACBsealed, 6.5mm aluminum top cover<\/td>\n<\/tr>\n<tr class=\"product--properties-row row9\">\n<td class=\"product--properties-label is--bold\">Vorbau:<\/td>\n<td class=\"product--properties-value\">Breezer B-Road, 3D-forged 6061 stem body, +\/-7 degree<\/td>\n<\/tr>\n<tr class=\"product--properties-row row10\">\n<td class=\"product--properties-label is--bold\">Lenker:<\/td>\n<td class=\"product--properties-value\">Breezer B-Road, 6061 alloy, 31.8mm clamp, 133mm drop<\/td>\n<\/tr>\n<tr class=\"product--properties-row row11\">\n<td class=\"product--properties-label is--bold\">Griffe:<\/td>\n<td class=\"product--properties-value\">Breezer Texture Plus, made from recycled material<\/td>\n<\/tr>\n<tr class=\"product--properties-row row12\">\n<td class=\"product--properties-label is--bold\">Sattel:<\/td>\n<td class=\"product--properties-value\">WTB Volt Comp 142&#215;265, steel rail<\/td>\n<\/tr>\n<tr class=\"product--properties-row row13\">\n<td class=\"product--properties-label is--bold\">Sattelst\u00fctze:<\/td>\n<td class=\"product--properties-value\">Breezer Alloy, 6061 alloy, 27.2mm diameter<\/td>\n<\/tr>\n<tr class=\"product--properties-row row14\">\n<td class=\"product--properties-label is--bold\">Kurbel:<\/td>\n<td class=\"product--properties-value\">Praxis Alba, forged-alloy w\/30mm Spindle, 48\/32T<\/td>\n<\/tr>\n<tr class=\"product--properties-row row15\">\n<td class=\"product--properties-label is--bold\">Tretlager\/Innenlager:<\/td>\n<td class=\"product--properties-value\">Praxis BSA M30<\/td>\n<\/tr>\n<\/tbody>\n<\/table>\n<table class=\"product--properties-table\">\n<tbody>\n<tr class=\"product--properties-row row16\">\n<td class=\"product--properties-label is--bold\">Schaltwerk:<\/td>\n<td class=\"product--properties-value\">Shimano 105<\/td>\n<\/tr>\n<tr class=\"product--properties-row row17\">\n<td class=\"product--properties-label is--bold\">Schalthebel:<\/td>\n<td class=\"product--properties-value\">Shimano 105, 11-speed<\/td>\n<\/tr>\n<tr class=\"product--properties-row row18\">\n<td class=\"product--properties-label is--bold\">Umwerfer:<\/td>\n<td class=\"product--properties-value\">Shimano 105<\/td>\n<\/tr>\n<tr class=\"product--properties-row row19\">\n<td class=\"product--properties-label is--bold\">Kassette:<\/td>\n<td class=\"product--properties-value\">Shimano 105 , 11-34T, 11-speed<\/td>\n<\/tr>\n<tr class=\"product--properties-row row20\">\n<td class=\"product--properties-label is--bold\">Kette:<\/td>\n<td class=\"product--properties-value\">KMC X11<\/td>\n<\/tr>\n<tr class=\"product--properties-row row21\">\n<td class=\"product--properties-label is--bold\">Reifen:<\/td>\n<td class=\"product--properties-value\">WTB Horizon TCS Tubeless Ready, 47-584, folding bead<\/td>\n<\/tr>\n<tr class=\"product--properties-row row22\">\n<td class=\"product--properties-label is--bold\">Laufradsatz:<\/td>\n<td class=\"product--properties-value\">650B WTB STi23 light TCS disc, tubeless compatible, front dynamo hub, SAPIM Leader 14g spokes, 32H<\/td>\n<\/tr>\n<tr class=\"product--properties-row row23\">\n<td class=\"product--properties-label is--bold\">Scheinwerfer:<\/td>\n<td class=\"product--properties-value\">Busch &amp; Muller IQ-XS, 70lux with standlight<\/td>\n<\/tr>\n<tr class=\"product--properties-row row24\">\n<td class=\"product--properties-label is--bold\">R\u00fccklicht:<\/td>\n<td class=\"product--properties-value\">Battery light<\/td>\n<\/tr>\n<tr class=\"product--properties-row row25\">\n<td class=\"product--properties-label is--bold\">Pedale:<\/td>\n<td class=\"product--properties-value\">nicht im Lieferumfang enthalten<\/td>\n<\/tr>\n<tr class=\"product--properties-row row26\">\n<td class=\"product--properties-label is--bold\">Sonstiges:<\/td>\n<td class=\"product--properties-value\">Schutzblech<\/td>\n<\/tr>\n<tr class=\"product--properties-row row27\">\n<td class=\"product--properties-label is--bold\">Gewicht Komplettrad:<\/td>\n<td class=\"product--properties-value\">13,5 kg<\/td>\n<\/tr>\n<\/tbody>\n<\/table>\n<div>\n<h4>Empfohlene Rahmengr\u00f6\u00dfe<\/h4>\n<ul>\n<li><b>S (52 cm):<\/b>\u00a0165 &#8211; 173 cm<\/li>\n<li><b>M (54 cm):<\/b>\u00a0170 &#8211; 178 cm<\/li>\n<li><b>L (56 cm):<\/b>\u00a0178 &#8211; 183 cm<\/li>\n<li><b>XL (58 cm):<\/b>\u00a0183 &#8211; 188 cm<\/li>\n<\/ul>\n<\/div>\n<div class=\"ean-box\"><label>Hersteller Artikelnr.:<\/label>\u00a0<span class=\"supplier-number\">41211404054-C<\/span><br \/>\n<label>EAN:<\/label>\u00a0<span class=\"netz-ean\">785749197685<\/span><br \/>\n<label>Modelljahr:<\/label>\u00a02022<\/div>\n<\/div>\n<\/div>","protected":false},"excerpt":{"rendered":"<p>Breezer DOPPLER TEAM+ Das Breezer Doppler TEAM+ bietet dir ein traditionelles Brevet und Tourenrad mit laufruhigen 650B-Reifen, mit denen auch<\/p>","protected":false},"featured_media":60445,"comment_status":"open","ping_status":"closed","template":"","meta":[],"product_brand":[],"product_cat":[36,37],"product_tag":[],"class_list":{"0":"post-7496","1":"product","2":"type-product","3":"status-publish","4":"has-post-thumbnail","6":"product_cat-fahrrad","7":"product_cat-gravel-bikes","8":"pa_marke-breezer","10":"first","11":"instock","12":"sale","13":"taxable","14":"shipping-taxable","15":"purchasable","16":"product-type-variable"},"yoast_head":"<!-- This site is optimized with the Yoast SEO Premium plugin v20.12 (Yoast SEO v27.1.1) - https:\/\/yoast.com\/product\/yoast-seo-premium-wordpress\/ -->\n<title>Breezer DOPPLER TEAM+ Gravel Bike<\/title>\n<meta name=\"description\" content=\"Entdecken Sie unseren Online-Fahrradladen: Gro\u00dfe Auswahl an Modellen f\u00fcr alle Radsportbegeisterten. Von Rennr\u00e4dern bis zu Mountainbikes - finden Sie heute Ihren perfekten Wegbegleiter!\" \/>\n<meta name=\"robots\" content=\"index, follow, max-snippet:-1, max-image-preview:large, max-video-preview:-1\" \/>\n<link rel=\"canonical\" href=\"https:\/\/kgerad.de\/en\/product\/breezer-doppler-team-gravel-bike\/\" \/>\n<meta property=\"og:locale\" content=\"en_US\" \/>\n<meta property=\"og:type\" content=\"article\" \/>\n<meta property=\"og:title\" content=\"Breezer DOPPLER TEAM+ Gravel Bike\" \/>\n<meta property=\"og:description\" content=\"Entdecken Sie unseren Online-Fahrradladen: Gro\u00dfe Auswahl an Modellen f\u00fcr alle Radsportbegeisterten. Von Rennr\u00e4dern bis zu Mountainbikes - finden Sie heute Ihren perfekten Wegbegleiter!\" \/>\n<meta property=\"og:url\" content=\"https:\/\/kgerad.de\/en\/product\/breezer-doppler-team-gravel-bike\/\" \/>\n<meta property=\"og:site_name\" content=\"kgerad.de\" \/>\n<meta property=\"article:modified_time\" content=\"2023-08-17T18:27:23+00:00\" \/>\n<meta property=\"og:image\" content=\"https:\/\/kgerad.de\/wp-content\/uploads\/2023\/06\/Breezer-DOPPLER-TEAM-Gravel-Bike.jpg\" \/>\n\t<meta property=\"og:image:width\" content=\"800\" \/>\n\t<meta property=\"og:image:height\" content=\"466\" \/>\n\t<meta property=\"og:image:type\" content=\"image\/jpeg\" \/>\n<meta name=\"twitter:card\" content=\"summary_large_image\" \/>\n<meta name=\"twitter:label1\" content=\"Est. reading time\" \/>\n\t<meta name=\"twitter:data1\" content=\"3 minutes\" \/>\n<script type=\"application\/ld+json\" class=\"yoast-schema-graph\">{\"@context\":\"https:\/\/schema.org\",\"@graph\":[{\"@type\":\"WebPage\",\"@id\":\"https:\/\/kgerad.de\/produkt\/breezer-doppler-team-gravel-bike\/\",\"url\":\"https:\/\/kgerad.de\/produkt\/breezer-doppler-team-gravel-bike\/\",\"name\":\"Breezer DOPPLER TEAM+ Gravel Bike\",\"isPartOf\":{\"@id\":\"https:\/\/kgerad.de\/#website\"},\"primaryImageOfPage\":{\"@id\":\"https:\/\/kgerad.de\/produkt\/breezer-doppler-team-gravel-bike\/#primaryimage\"},\"image\":{\"@id\":\"https:\/\/kgerad.de\/produkt\/breezer-doppler-team-gravel-bike\/#primaryimage\"},\"thumbnailUrl\":\"https:\/\/kgerad.de\/wp-content\/uploads\/2023\/06\/Breezer-DOPPLER-TEAM-Gravel-Bike.jpg\",\"datePublished\":\"2022-11-04T17:28:07+00:00\",\"dateModified\":\"2023-08-17T18:27:23+00:00\",\"description\":\"Entdecken Sie unseren Online-Fahrradladen: Gro\u00dfe Auswahl an Modellen f\u00fcr alle Radsportbegeisterten. Von Rennr\u00e4dern bis zu Mountainbikes - finden Sie heute Ihren perfekten Wegbegleiter!\",\"breadcrumb\":{\"@id\":\"https:\/\/kgerad.de\/produkt\/breezer-doppler-team-gravel-bike\/#breadcrumb\"},\"inLanguage\":\"en-US\",\"potentialAction\":[{\"@type\":\"ReadAction\",\"target\":[\"https:\/\/kgerad.de\/produkt\/breezer-doppler-team-gravel-bike\/\"]}]},{\"@type\":\"ImageObject\",\"inLanguage\":\"en-US\",\"@id\":\"https:\/\/kgerad.de\/produkt\/breezer-doppler-team-gravel-bike\/#primaryimage\",\"url\":\"https:\/\/kgerad.de\/wp-content\/uploads\/2023\/06\/Breezer-DOPPLER-TEAM-Gravel-Bike.jpg\",\"contentUrl\":\"https:\/\/kgerad.de\/wp-content\/uploads\/2023\/06\/Breezer-DOPPLER-TEAM-Gravel-Bike.jpg\",\"width\":800,\"height\":466,\"caption\":\"Breezer DOPPLER TEAM+ Gravel Bike\"},{\"@type\":\"BreadcrumbList\",\"@id\":\"https:\/\/kgerad.de\/produkt\/breezer-doppler-team-gravel-bike\/#breadcrumb\",\"itemListElement\":[{\"@type\":\"ListItem\",\"position\":1,\"name\":\"Startseite\",\"item\":\"https:\/\/kgerad.de\/\"},{\"@type\":\"ListItem\",\"position\":2,\"name\":\"LADEN\",\"item\":\"https:\/\/kgerad.de\/laden\/\"},{\"@type\":\"ListItem\",\"position\":3,\"name\":\"Breezer DOPPLER TEAM+ Gravel Bike\"}]},{\"@type\":\"WebSite\",\"@id\":\"https:\/\/kgerad.de\/#website\",\"url\":\"https:\/\/kgerad.de\/\",\"name\":\"kgerad.de\",\"description\":\"Treten Sie mit uns ins Abenteuer!\",\"publisher\":{\"@id\":\"https:\/\/kgerad.de\/#organization\"},\"alternateName\":\"MEIN RADLADEN\",\"potentialAction\":[{\"@type\":\"SearchAction\",\"target\":{\"@type\":\"EntryPoint\",\"urlTemplate\":\"https:\/\/kgerad.de\/?s={search_term_string}\"},\"query-input\":{\"@type\":\"PropertyValueSpecification\",\"valueRequired\":true,\"valueName\":\"search_term_string\"}}],\"inLanguage\":\"en-US\"},{\"@type\":\"Organization\",\"@id\":\"https:\/\/kgerad.de\/#organization\",\"name\":\"MEINRADLADEN\",\"alternateName\":\"MEIN RADLADEN\",\"url\":\"https:\/\/kgerad.de\/\",\"logo\":{\"@type\":\"ImageObject\",\"inLanguage\":\"en-US\",\"@id\":\"https:\/\/kgerad.de\/#\/schema\/logo\/image\/\",\"url\":\"https:\/\/kgerad.de\/wp-content\/uploads\/2025\/07\/logo-Whit.svg\",\"contentUrl\":\"https:\/\/kgerad.de\/wp-content\/uploads\/2025\/07\/logo-Whit.svg\",\"width\":1640,\"height\":371,\"caption\":\"MEINRADLADEN\"},\"image\":{\"@id\":\"https:\/\/kgerad.de\/#\/schema\/logo\/image\/\"}}]}<\/script>\n<!-- \/ Yoast SEO Premium plugin. -->","yoast_head_json":{"title":"Breezer DOPPLER TEAM+ Gravel Bike","description":"Entdecken Sie unseren Online-Fahrradladen: Gro\u00dfe Auswahl an Modellen f\u00fcr alle Radsportbegeisterten. Von Rennr\u00e4dern bis zu Mountainbikes - finden Sie heute Ihren perfekten Wegbegleiter!","robots":{"index":"index","follow":"follow","max-snippet":"max-snippet:-1","max-image-preview":"max-image-preview:large","max-video-preview":"max-video-preview:-1"},"canonical":"https:\/\/kgerad.de\/en\/product\/breezer-doppler-team-gravel-bike\/","og_locale":"en_US","og_type":"article","og_title":"Breezer DOPPLER TEAM+ Gravel Bike","og_description":"Entdecken Sie unseren Online-Fahrradladen: Gro\u00dfe Auswahl an Modellen f\u00fcr alle Radsportbegeisterten. Von Rennr\u00e4dern bis zu Mountainbikes - finden Sie heute Ihren perfekten Wegbegleiter!","og_url":"https:\/\/kgerad.de\/en\/product\/breezer-doppler-team-gravel-bike\/","og_site_name":"kgerad.de","article_modified_time":"2023-08-17T18:27:23+00:00","og_image":[{"width":800,"height":466,"url":"https:\/\/kgerad.de\/wp-content\/uploads\/2023\/06\/Breezer-DOPPLER-TEAM-Gravel-Bike.jpg","type":"image\/jpeg"}],"twitter_card":"summary_large_image","twitter_misc":{"Est. reading time":"3 minutes"},"schema":{"@context":"https:\/\/schema.org","@graph":[{"@type":"WebPage","@id":"https:\/\/kgerad.de\/produkt\/breezer-doppler-team-gravel-bike\/","url":"https:\/\/kgerad.de\/produkt\/breezer-doppler-team-gravel-bike\/","name":"Breezer DOPPLER TEAM+ Gravel Bike","isPartOf":{"@id":"https:\/\/kgerad.de\/#website"},"primaryImageOfPage":{"@id":"https:\/\/kgerad.de\/produkt\/breezer-doppler-team-gravel-bike\/#primaryimage"},"image":{"@id":"https:\/\/kgerad.de\/produkt\/breezer-doppler-team-gravel-bike\/#primaryimage"},"thumbnailUrl":"https:\/\/kgerad.de\/wp-content\/uploads\/2023\/06\/Breezer-DOPPLER-TEAM-Gravel-Bike.jpg","datePublished":"2022-11-04T17:28:07+00:00","dateModified":"2023-08-17T18:27:23+00:00","description":"Entdecken Sie unseren Online-Fahrradladen: Gro\u00dfe Auswahl an Modellen f\u00fcr alle Radsportbegeisterten. Von Rennr\u00e4dern bis zu Mountainbikes - finden Sie heute Ihren perfekten Wegbegleiter!","breadcrumb":{"@id":"https:\/\/kgerad.de\/produkt\/breezer-doppler-team-gravel-bike\/#breadcrumb"},"inLanguage":"en-US","potentialAction":[{"@type":"ReadAction","target":["https:\/\/kgerad.de\/produkt\/breezer-doppler-team-gravel-bike\/"]}]},{"@type":"ImageObject","inLanguage":"en-US","@id":"https:\/\/kgerad.de\/produkt\/breezer-doppler-team-gravel-bike\/#primaryimage","url":"https:\/\/kgerad.de\/wp-content\/uploads\/2023\/06\/Breezer-DOPPLER-TEAM-Gravel-Bike.jpg","contentUrl":"https:\/\/kgerad.de\/wp-content\/uploads\/2023\/06\/Breezer-DOPPLER-TEAM-Gravel-Bike.jpg","width":800,"height":466,"caption":"Breezer DOPPLER TEAM+ Gravel Bike"},{"@type":"BreadcrumbList","@id":"https:\/\/kgerad.de\/produkt\/breezer-doppler-team-gravel-bike\/#breadcrumb","itemListElement":[{"@type":"ListItem","position":1,"name":"Startseite","item":"https:\/\/kgerad.de\/"},{"@type":"ListItem","position":2,"name":"LADEN","item":"https:\/\/kgerad.de\/laden\/"},{"@type":"ListItem","position":3,"name":"Breezer DOPPLER TEAM+ Gravel Bike"}]},{"@type":"WebSite","@id":"https:\/\/kgerad.de\/#website","url":"https:\/\/kgerad.de\/","name":"kgerad.de","description":"Treten Sie mit uns ins Abenteuer!","publisher":{"@id":"https:\/\/kgerad.de\/#organization"},"alternateName":"MEIN RADLADEN","potentialAction":[{"@type":"SearchAction","target":{"@type":"EntryPoint","urlTemplate":"https:\/\/kgerad.de\/?s={search_term_string}"},"query-input":{"@type":"PropertyValueSpecification","valueRequired":true,"valueName":"search_term_string"}}],"inLanguage":"en-US"},{"@type":"Organization","@id":"https:\/\/kgerad.de\/#organization","name":"MEINRADLADEN","alternateName":"MEIN RADLADEN","url":"https:\/\/kgerad.de\/","logo":{"@type":"ImageObject","inLanguage":"en-US","@id":"https:\/\/kgerad.de\/#\/schema\/logo\/image\/","url":"https:\/\/kgerad.de\/wp-content\/uploads\/2025\/07\/logo-Whit.svg","contentUrl":"https:\/\/kgerad.de\/wp-content\/uploads\/2025\/07\/logo-Whit.svg","width":1640,"height":371,"caption":"MEINRADLADEN"},"image":{"@id":"https:\/\/kgerad.de\/#\/schema\/logo\/image\/"}}]}},"_links":{"self":[{"href":"https:\/\/kgerad.de\/en\/wp-json\/wp\/v2\/product\/7496","targetHints":{"allow":["GET"]}}],"collection":[{"href":"https:\/\/kgerad.de\/en\/wp-json\/wp\/v2\/product"}],"about":[{"href":"https:\/\/kgerad.de\/en\/wp-json\/wp\/v2\/types\/product"}],"replies":[{"embeddable":true,"href":"https:\/\/kgerad.de\/en\/wp-json\/wp\/v2\/comments?post=7496"}],"version-history":[{"count":2,"href":"https:\/\/kgerad.de\/en\/wp-json\/wp\/v2\/product\/7496\/revisions"}],"predecessor-version":[{"id":78975,"href":"https:\/\/kgerad.de\/en\/wp-json\/wp\/v2\/product\/7496\/revisions\/78975"}],"wp:featuredmedia":[{"embeddable":true,"href":"https:\/\/kgerad.de\/en\/wp-json\/wp\/v2\/media\/60445"}],"wp:attachment":[{"href":"https:\/\/kgerad.de\/en\/wp-json\/wp\/v2\/media?parent=7496"}],"wp:term":[{"taxonomy":"product_brand","embeddable":true,"href":"https:\/\/kgerad.de\/en\/wp-json\/wp\/v2\/product_brand?post=7496"},{"taxonomy":"product_cat","embeddable":true,"href":"https:\/\/kgerad.de\/en\/wp-json\/wp\/v2\/product_cat?post=7496"},{"taxonomy":"product_tag","embeddable":true,"href":"https:\/\/kgerad.de\/en\/wp-json\/wp\/v2\/product_tag?post=7496"}],"curies":[{"name":"wp","href":"https:\/\/api.w.org\/{rel}","templated":true}]}}