{"id":7343,"date":"2022-11-04T10:33:07","date_gmt":"2022-11-04T09:33:07","guid":{"rendered":"https:\/\/kgerad.de\/?post_type=product&#038;p=7343"},"modified":"2023-08-10T20:28:05","modified_gmt":"2023-08-10T18:28:05","slug":"focus-atlas-6-7-eqp-gravel-bike","status":"publish","type":"product","link":"https:\/\/kgerad.de\/en\/product\/focus-atlas-6-7-eqp-gravel-bike\/","title":{"rendered":"Focus ATLAS 6.7 EQP Gravel Bike"},"content":{"rendered":"<h2 class=\"content--title\"><strong>Focus<\/strong> ATLAS 6.7 EQP Gravel Bike<\/h2>\n<p class=\"product--description\">Kennt keine Grenzen: Das Focus ATLAS 6.7 EQP bietet bis zu 47 mm Reifenfreiheit und alle Montagem\u00f6glichkeiten f\u00fcr Bikepacking. Ob schlechtes Wetter, fordernder Untergrund, steile Anstiege oder lange Distanzen \u2013 das schnelle und komfortable Gravelbike bietet volle Kontrolle und maximale Variabilit\u00e4t. Der breite Lenker mit Flare sowie Scheibenbremsen bieten viel Sicherheit und Komfort f\u00fcr das leichte und robuste Alu-Bike mit Carbon-Gabel. In der EQP Version kommt das ATLAS 6.7 vollausgestattet mit Lichtanlage, Gep\u00e4cktr\u00e4ger, Schutzblechen und St\u00e4nder.<\/p>\n<hr \/>\n<h3>Made to Lose \u2013 Das neue Gravelbike Focus ATLAS<\/h3>\n<p>Das ATLAS ist das erste Gravelbike von Focus. Es ist der Allrounder, der dich vielleicht nicht am allerschnellsten ans Ziel bringt, der aber jede Idee und jeden Weg mitmacht. Es ist zuverl\u00e4ssig wie ein alter Freund und gew\u00fcrzt mit einer ordentlichen Prise an Trail-Vergn\u00fcgen.<\/p>\n<p>Wer macht bitte ein Rad \u201emade to lose\u201c, also zum Verlieren? Was absurd klingt, kann doch viel Sinn ergeben. Wenn uns im Alltag Termine und das Smartphone fest im Griff haben, ist es wichtiger als je zuvor Momente zu finden, in denen wir uns verlieren k\u00f6nnen. Um sich an den kleinen Dingen zu erfreuen: der Fahrt ins B\u00fcro durch den Park oder dem Wochenendausflug mit Freunden auf dem Rad in die Natur. Focus hat mit dem ATLAS ein Gravel-Rad gebaut, dass dich auf deinem Abenteuer begleitet.<\/p>\n<p>Dank des gro\u00dfz\u00fcgigen Rahmendesigns k\u00f6nnen bis zu 47 mm breite Reifen gefahren werden, du kannst dich also bei der Wahl deines Lieblingsreifens so richtig austoben. Au\u00dferdem l\u00e4sst sich das ATLAS auch mit 650B-Laufr\u00e4dern best\u00fccken. Klingt gut? Ist es auch! So kannst du dein ATLAS nach Lust und Laune ausstatten und exakt deinen Vorlieben anpassen.<\/p>\n<p>Das Focus ATLAS ist ein eher langes Bike: die Kombination aus l\u00e4ngerem Reach und kurzem Vorbau verleiht dem Rad ein enorm geschmeidiges Fahrverhalten. Die Front ist relativ hoch, was dir Sicherheit auf Abfahrten bringt. Damit das Gravelbike ATLAS sch\u00f6n wendig bleibt, kommt der Rahmen mit ausgesprochen kurzen Kettenstreben.<\/p>\n<p>Das Focus ATLAS ist nicht daf\u00fcr gemacht, Rennen zu gewinnen, Weltrekorde aufzustellen oder deine \u201eGegner\u201c zu schlagen. Es ist \u201emade to lose\u201c. Zu verlieren. Nicht ein Rennen. Sondern dich selbst, die Zeit aus den Augen verlieren, abschalten vom Alltag, entspannen, genie\u00dfen, kein Zeitdruck. Es ist daf\u00fcr da, um die Natur zu erfahren, Abenteuer beim Bikepacking zu erleben, Leute zu treffen, einfach eine tolle Zeit auf dem Gravelbike zu haben.<\/p>\n<hr \/>\n<h3>Features &#8211; Focus ATLAS 6.7 EQP<\/h3>\n<p><b>Kennt keine Grenzen<\/b><br \/>\nEgal, wo dein Ziel liegt, das Focus ATLAS Gravbelbike bringt dich dorthin. Mit breitem Lenker, Shimano GRX Schaltung und zuverl\u00e4ssigen Scheibenbremsen f\u00e4hrt das ATLAS auch auf widrigem Untergrund sicher und komfortabel.<\/p>\n<p><b>Vollausstattung f\u00fcr Pendler und Radreisende<\/b><br \/>\nDas ATLAS 6.7 EQP kommt mit Lichtanlage, Gep\u00e4cktr\u00e4ger, Schutzblechen und St\u00e4nder und ist damit mehr als alltagstauglich.<\/p>\n<h3><b>Bereit zum Bikepacking<\/b><\/h3>\n<p>Um wirklich f\u00fcr jeden Wunsch die passende L\u00f6sung zu finden, hat das ATLAS Anschraubpunkte an vielen Rahmenteilen. Am Sitzrohr kannst du einen Flaschenhalter montieren, am Unterrohr gibt es zwei Montageoptionen. Rack, Tr\u00e4ger, Schutzblech und Co. k\u00f6nnen an der Gabel und am Heck montiert werden. Und ja! F\u00fcr das Oberrohr gibt es eine kleine Spezialtasche f\u00fcr die Modelle 6.8 und 6.9.<\/p>\n<hr \/>\n<h3>Technologien<\/h3>\n<p><b>Cockpit Integration Solution | C.I.S<\/b><br \/>\nDie Focus Cockpit Integration Solution (C.I.S.) liefert den ersten funktionierenden Vorbau mit interner Kabelf\u00fchrung f\u00fcr mechanische Schaltungen. Alle Kabel laufen am Lenker in den Vorbau und durch den Steuersatz in den Rahmen. F\u00fcr eine optimale Schalt- und Bremsqualit\u00e4t hat Focus den Biegeradius so gro\u00df gew\u00e4hlt, dass alle Z\u00fcge geschmeidig laufen.<\/p>\n<h5><b>Road Boost<\/b><\/h5>\n<p>Durch die breiteren ROAD BOOST Naben und das leichte Versetzen der Kassette verl\u00e4uft die Kettenlinie wieder perfekt. Gleichzeitig sorgen die breiteren Naben f\u00fcr h\u00f6here Steifigkeit der Laufr\u00e4der und damit f\u00fcr zuverl\u00e4ssige Fahreigenschaften und hohe Haltbarkeit.<\/p>\n<h4>Ausstattung<\/h4>\n<div class=\"product--properties panel has--border\">\n<table class=\"product--properties-table\">\n<tbody>\n<tr class=\"product--properties-row row1\">\n<td class=\"product--properties-label is--bold\">Rahmen:<\/td>\n<td class=\"product--properties-value\">Aluminium, disc, BSA, 148&#215;12 mm thru axle, flat mount 160\/160 mm, internal cable routing<\/td>\n<\/tr>\n<tr class=\"product--properties-row row2\">\n<td class=\"product--properties-label is--bold\">Rahmenmaterial:<\/td>\n<td class=\"product--properties-value\">Aluminium<\/td>\n<\/tr>\n<tr class=\"product--properties-row row3\">\n<td class=\"product--properties-label is--bold\">Laufradgr\u00f6\u00dfe:<\/td>\n<td class=\"product--properties-value\">28&#8243;<\/td>\n<\/tr>\n<tr class=\"product--properties-row row4\">\n<td class=\"product--properties-label is--bold\">Farbe:<\/td>\n<td class=\"product--properties-value\">Slate Grey<\/td>\n<\/tr>\n<tr class=\"product--properties-row row5\">\n<td class=\"product--properties-label is--bold\">Gabel:<\/td>\n<td class=\"product--properties-value\">Carbon, disc, 110&#215;12 mm thru axle, flat mount 160\/160 mm, internal brake cable routing, multiple mounting points<\/td>\n<\/tr>\n<tr class=\"product--properties-row row6\">\n<td class=\"product--properties-label is--bold\">\n<h4>Bremsen:<\/h4>\n<\/td>\n<td class=\"product--properties-value\">Shimano GRX 400<\/td>\n<\/tr>\n<tr class=\"product--properties-row row7\">\n<td class=\"product--properties-label is--bold\">Vorbau:<\/td>\n<td class=\"product--properties-value\">Aluminium, 31,8 mm, 6 degree<\/td>\n<\/tr>\n<tr class=\"product--properties-row row8\">\n<td class=\"product--properties-label is--bold\">Lenker:<\/td>\n<td class=\"product--properties-value\">Aluminium, 31,8 mm, drop: 116 mm, reach: 74 mm, flare: 10 degree<\/td>\n<\/tr>\n<tr class=\"product--properties-row row9\">\n<td class=\"product--properties-label is--bold\">Griffe:<\/td>\n<td class=\"product--properties-value\">Focus Bartape SL<\/td>\n<\/tr>\n<tr class=\"product--properties-row row10\">\n<td class=\"product--properties-label is--bold\">Sattel:<\/td>\n<td class=\"product--properties-value\">WTB SL8<\/td>\n<\/tr>\n<tr class=\"product--properties-row row11\">\n<td class=\"product--properties-label is--bold\">Sattelst\u00fctze:<\/td>\n<td class=\"product--properties-value\">Aluminium, 27,2 mm, 350 mm, 0 mm set-back<\/td>\n<\/tr>\n<tr class=\"product--properties-row row12\">\n<td class=\"product--properties-label is--bold\">\n<h4>Kurbel:<\/h4>\n<\/td>\n<td class=\"product--properties-value\">Shimano GRX 600, 46\/30T<\/td>\n<\/tr>\n<tr class=\"product--properties-row row13\">\n<td class=\"product--properties-label is--bold\">Schaltwerk:<\/td>\n<td class=\"product--properties-value\">Shimano GRX 400<\/td>\n<\/tr>\n<tr class=\"product--properties-row row14\">\n<td class=\"product--properties-label is--bold\">Schalthebel:<\/td>\n<td class=\"product--properties-value\">Shimano GRX 400<\/td>\n<\/tr>\n<tr class=\"product--properties-row row15\">\n<td class=\"product--properties-label is--bold\">Kassette:<\/td>\n<td class=\"product--properties-value\">Shimano CS-HG5010, 10-speed, 11-36T<\/td>\n<\/tr>\n<\/tbody>\n<\/table>\n<table class=\"product--properties-table\">\n<tbody>\n<tr class=\"product--properties-row row16\">\n<td class=\"product--properties-label is--bold\">\n<h5>Kette:<\/h5>\n<\/td>\n<td class=\"product--properties-value\">Shimano Tiagra CN-4601<\/td>\n<\/tr>\n<tr class=\"product--properties-row row17\">\n<td class=\"product--properties-label is--bold\">Reifen:<\/td>\n<td class=\"product--properties-value\">WTB Riddler, 700 x 37C<\/td>\n<\/tr>\n<tr class=\"product--properties-row row18\">\n<td class=\"product--properties-label is--bold\">Nabe Vorderrad:<\/td>\n<td class=\"product--properties-value\">Shutter Precision PL-7 Dynamo Hub, 110&#215;12 mm<\/td>\n<\/tr>\n<tr class=\"product--properties-row row19\">\n<td class=\"product--properties-label is--bold\">Nabe Hinterrad:<\/td>\n<td class=\"product--properties-value\">Novatec D041, 12&#215;148 mm, Shimano 11 speed<\/td>\n<\/tr>\n<tr class=\"product--properties-row row20\">\n<td class=\"product--properties-label is--bold\">Felgen:<\/td>\n<td class=\"product--properties-value\">WTB ST i23 TCS, tubeless ready<\/td>\n<\/tr>\n<tr class=\"product--properties-row row21\">\n<td class=\"product--properties-label is--bold\">Scheinwerfer:<\/td>\n<td class=\"product--properties-value\">Herrmans H-Black MR8, LED<\/td>\n<\/tr>\n<tr class=\"product--properties-row row22\">\n<td class=\"product--properties-label is--bold\">R\u00fccklicht:<\/td>\n<td class=\"product--properties-value\">Herrmans H-Trace Mini, LED<\/td>\n<\/tr>\n<tr class=\"product--properties-row row23\">\n<td class=\"product--properties-label is--bold\">Gep\u00e4cktr\u00e4ger:<\/td>\n<td class=\"product--properties-value\">2-leg, alloy, 20kg max. load<\/td>\n<\/tr>\n<tr class=\"product--properties-row row24\">\n<td class=\"product--properties-label is--bold\">Pedale:<\/td>\n<td class=\"product--properties-value\">nicht im Lieferumfang enthalten<\/td>\n<\/tr>\n<tr class=\"product--properties-row row25\">\n<td class=\"product--properties-label is--bold\">Sonstiges:<\/td>\n<td class=\"product--properties-value\">Schutzblech, St\u00e4nder<\/td>\n<\/tr>\n<tr class=\"product--properties-row row26\">\n<td class=\"product--properties-label is--bold\">Zul\u00e4ssiges Gesamtgewicht:<\/td>\n<td class=\"product--properties-value\">110 kg (K\u00f6rpergewicht + Fahrrad + Ausr\u00fcstung)<\/td>\n<\/tr>\n<tr class=\"product--properties-row row27\">\n<td class=\"product--properties-label is--bold\">Gewicht Komplettrad:<\/td>\n<td class=\"product--properties-value\">12,80 kg<\/td>\n<\/tr>\n<\/tbody>\n<\/table>\n<\/div>","protected":false},"excerpt":{"rendered":"<p>Focus ATLAS 6.7 EQP Gravel Bike Kennt keine Grenzen: Das Focus ATLAS 6.7 EQP bietet bis zu 47 mm Reifenfreiheit<\/p>","protected":false},"featured_media":7344,"comment_status":"open","ping_status":"closed","template":"","meta":[],"product_brand":[],"product_cat":[36,37],"product_tag":[],"class_list":{"0":"post-7343","1":"product","2":"type-product","3":"status-publish","4":"has-post-thumbnail","6":"product_cat-fahrrad","7":"product_cat-gravel-bikes","8":"pa_marke-focus","10":"first","11":"instock","12":"sale","13":"taxable","14":"shipping-taxable","15":"purchasable","16":"product-type-variable"},"yoast_head":"<!-- This site is optimized with the Yoast SEO Premium plugin v20.12 (Yoast SEO v27.1.1) - https:\/\/yoast.com\/product\/yoast-seo-premium-wordpress\/ -->\n<title>Focus ATLAS 6.7 EQP Gravel Bike<\/title>\n<meta name=\"description\" content=\"Entdecken Sie unseren Online-Fahrradladen: Gro\u00dfe Auswahl an Modellen f\u00fcr alle Radsportbegeisterten. Von Rennr\u00e4dern bis zu Mountainbikes - finden Sie heute Ihren perfekten Wegbegleiter!\" \/>\n<meta name=\"robots\" content=\"index, follow, max-snippet:-1, max-image-preview:large, max-video-preview:-1\" \/>\n<link rel=\"canonical\" href=\"https:\/\/kgerad.de\/en\/product\/focus-atlas-6-7-eqp-gravel-bike\/\" \/>\n<meta property=\"og:locale\" content=\"en_US\" \/>\n<meta property=\"og:type\" content=\"article\" \/>\n<meta property=\"og:title\" content=\"Focus ATLAS 6.7 EQP Gravel Bike\" \/>\n<meta property=\"og:description\" content=\"Entdecken Sie unseren Online-Fahrradladen: Gro\u00dfe Auswahl an Modellen f\u00fcr alle Radsportbegeisterten. Von Rennr\u00e4dern bis zu Mountainbikes - finden Sie heute Ihren perfekten Wegbegleiter!\" \/>\n<meta property=\"og:url\" content=\"https:\/\/kgerad.de\/en\/product\/focus-atlas-6-7-eqp-gravel-bike\/\" \/>\n<meta property=\"og:site_name\" content=\"kgerad.de\" \/>\n<meta property=\"article:modified_time\" content=\"2023-08-10T18:28:05+00:00\" \/>\n<meta property=\"og:image\" content=\"https:\/\/kgerad.de\/wp-content\/uploads\/2023\/06\/Focus-ATLAS-6.7-EQP-Gravel-Bike.jpg\" \/>\n\t<meta property=\"og:image:width\" content=\"800\" \/>\n\t<meta property=\"og:image:height\" content=\"461\" \/>\n\t<meta property=\"og:image:type\" content=\"image\/jpeg\" \/>\n<meta name=\"twitter:card\" content=\"summary_large_image\" \/>\n<meta name=\"twitter:label1\" content=\"Est. reading time\" \/>\n\t<meta name=\"twitter:data1\" content=\"5 minutes\" \/>\n<script type=\"application\/ld+json\" class=\"yoast-schema-graph\">{\"@context\":\"https:\/\/schema.org\",\"@graph\":[{\"@type\":\"WebPage\",\"@id\":\"https:\/\/kgerad.de\/produkt\/focus-atlas-6-7-eqp-gravel-bike\/\",\"url\":\"https:\/\/kgerad.de\/produkt\/focus-atlas-6-7-eqp-gravel-bike\/\",\"name\":\"Focus ATLAS 6.7 EQP Gravel Bike\",\"isPartOf\":{\"@id\":\"https:\/\/kgerad.de\/#website\"},\"primaryImageOfPage\":{\"@id\":\"https:\/\/kgerad.de\/produkt\/focus-atlas-6-7-eqp-gravel-bike\/#primaryimage\"},\"image\":{\"@id\":\"https:\/\/kgerad.de\/produkt\/focus-atlas-6-7-eqp-gravel-bike\/#primaryimage\"},\"thumbnailUrl\":\"https:\/\/kgerad.de\/wp-content\/uploads\/2023\/06\/Focus-ATLAS-6.7-EQP-Gravel-Bike.jpg\",\"datePublished\":\"2022-11-04T09:33:07+00:00\",\"dateModified\":\"2023-08-10T18:28:05+00:00\",\"description\":\"Entdecken Sie unseren Online-Fahrradladen: Gro\u00dfe Auswahl an Modellen f\u00fcr alle Radsportbegeisterten. Von Rennr\u00e4dern bis zu Mountainbikes - finden Sie heute Ihren perfekten Wegbegleiter!\",\"breadcrumb\":{\"@id\":\"https:\/\/kgerad.de\/produkt\/focus-atlas-6-7-eqp-gravel-bike\/#breadcrumb\"},\"inLanguage\":\"en-US\",\"potentialAction\":[{\"@type\":\"ReadAction\",\"target\":[\"https:\/\/kgerad.de\/produkt\/focus-atlas-6-7-eqp-gravel-bike\/\"]}]},{\"@type\":\"ImageObject\",\"inLanguage\":\"en-US\",\"@id\":\"https:\/\/kgerad.de\/produkt\/focus-atlas-6-7-eqp-gravel-bike\/#primaryimage\",\"url\":\"https:\/\/kgerad.de\/wp-content\/uploads\/2023\/06\/Focus-ATLAS-6.7-EQP-Gravel-Bike.jpg\",\"contentUrl\":\"https:\/\/kgerad.de\/wp-content\/uploads\/2023\/06\/Focus-ATLAS-6.7-EQP-Gravel-Bike.jpg\",\"width\":800,\"height\":461,\"caption\":\"Focus ATLAS 6.7 EQP Gravel Bike\"},{\"@type\":\"BreadcrumbList\",\"@id\":\"https:\/\/kgerad.de\/produkt\/focus-atlas-6-7-eqp-gravel-bike\/#breadcrumb\",\"itemListElement\":[{\"@type\":\"ListItem\",\"position\":1,\"name\":\"Startseite\",\"item\":\"https:\/\/kgerad.de\/\"},{\"@type\":\"ListItem\",\"position\":2,\"name\":\"LADEN\",\"item\":\"https:\/\/kgerad.de\/laden\/\"},{\"@type\":\"ListItem\",\"position\":3,\"name\":\"Focus ATLAS 6.7 EQP Gravel Bike\"}]},{\"@type\":\"WebSite\",\"@id\":\"https:\/\/kgerad.de\/#website\",\"url\":\"https:\/\/kgerad.de\/\",\"name\":\"kgerad.de\",\"description\":\"Treten Sie mit uns ins Abenteuer!\",\"publisher\":{\"@id\":\"https:\/\/kgerad.de\/#organization\"},\"alternateName\":\"MEIN RADLADEN\",\"potentialAction\":[{\"@type\":\"SearchAction\",\"target\":{\"@type\":\"EntryPoint\",\"urlTemplate\":\"https:\/\/kgerad.de\/?s={search_term_string}\"},\"query-input\":{\"@type\":\"PropertyValueSpecification\",\"valueRequired\":true,\"valueName\":\"search_term_string\"}}],\"inLanguage\":\"en-US\"},{\"@type\":\"Organization\",\"@id\":\"https:\/\/kgerad.de\/#organization\",\"name\":\"MEINRADLADEN\",\"alternateName\":\"MEIN RADLADEN\",\"url\":\"https:\/\/kgerad.de\/\",\"logo\":{\"@type\":\"ImageObject\",\"inLanguage\":\"en-US\",\"@id\":\"https:\/\/kgerad.de\/#\/schema\/logo\/image\/\",\"url\":\"https:\/\/kgerad.de\/wp-content\/uploads\/2025\/07\/logo-Whit.svg\",\"contentUrl\":\"https:\/\/kgerad.de\/wp-content\/uploads\/2025\/07\/logo-Whit.svg\",\"width\":1640,\"height\":371,\"caption\":\"MEINRADLADEN\"},\"image\":{\"@id\":\"https:\/\/kgerad.de\/#\/schema\/logo\/image\/\"}}]}<\/script>\n<!-- \/ Yoast SEO Premium plugin. -->","yoast_head_json":{"title":"Focus ATLAS 6.7 EQP Gravel Bike","description":"Entdecken Sie unseren Online-Fahrradladen: Gro\u00dfe Auswahl an Modellen f\u00fcr alle Radsportbegeisterten. Von Rennr\u00e4dern bis zu Mountainbikes - finden Sie heute Ihren perfekten Wegbegleiter!","robots":{"index":"index","follow":"follow","max-snippet":"max-snippet:-1","max-image-preview":"max-image-preview:large","max-video-preview":"max-video-preview:-1"},"canonical":"https:\/\/kgerad.de\/en\/product\/focus-atlas-6-7-eqp-gravel-bike\/","og_locale":"en_US","og_type":"article","og_title":"Focus ATLAS 6.7 EQP Gravel Bike","og_description":"Entdecken Sie unseren Online-Fahrradladen: Gro\u00dfe Auswahl an Modellen f\u00fcr alle Radsportbegeisterten. Von Rennr\u00e4dern bis zu Mountainbikes - finden Sie heute Ihren perfekten Wegbegleiter!","og_url":"https:\/\/kgerad.de\/en\/product\/focus-atlas-6-7-eqp-gravel-bike\/","og_site_name":"kgerad.de","article_modified_time":"2023-08-10T18:28:05+00:00","og_image":[{"width":800,"height":461,"url":"https:\/\/kgerad.de\/wp-content\/uploads\/2023\/06\/Focus-ATLAS-6.7-EQP-Gravel-Bike.jpg","type":"image\/jpeg"}],"twitter_card":"summary_large_image","twitter_misc":{"Est. reading time":"5 minutes"},"schema":{"@context":"https:\/\/schema.org","@graph":[{"@type":"WebPage","@id":"https:\/\/kgerad.de\/produkt\/focus-atlas-6-7-eqp-gravel-bike\/","url":"https:\/\/kgerad.de\/produkt\/focus-atlas-6-7-eqp-gravel-bike\/","name":"Focus ATLAS 6.7 EQP Gravel Bike","isPartOf":{"@id":"https:\/\/kgerad.de\/#website"},"primaryImageOfPage":{"@id":"https:\/\/kgerad.de\/produkt\/focus-atlas-6-7-eqp-gravel-bike\/#primaryimage"},"image":{"@id":"https:\/\/kgerad.de\/produkt\/focus-atlas-6-7-eqp-gravel-bike\/#primaryimage"},"thumbnailUrl":"https:\/\/kgerad.de\/wp-content\/uploads\/2023\/06\/Focus-ATLAS-6.7-EQP-Gravel-Bike.jpg","datePublished":"2022-11-04T09:33:07+00:00","dateModified":"2023-08-10T18:28:05+00:00","description":"Entdecken Sie unseren Online-Fahrradladen: Gro\u00dfe Auswahl an Modellen f\u00fcr alle Radsportbegeisterten. Von Rennr\u00e4dern bis zu Mountainbikes - finden Sie heute Ihren perfekten Wegbegleiter!","breadcrumb":{"@id":"https:\/\/kgerad.de\/produkt\/focus-atlas-6-7-eqp-gravel-bike\/#breadcrumb"},"inLanguage":"en-US","potentialAction":[{"@type":"ReadAction","target":["https:\/\/kgerad.de\/produkt\/focus-atlas-6-7-eqp-gravel-bike\/"]}]},{"@type":"ImageObject","inLanguage":"en-US","@id":"https:\/\/kgerad.de\/produkt\/focus-atlas-6-7-eqp-gravel-bike\/#primaryimage","url":"https:\/\/kgerad.de\/wp-content\/uploads\/2023\/06\/Focus-ATLAS-6.7-EQP-Gravel-Bike.jpg","contentUrl":"https:\/\/kgerad.de\/wp-content\/uploads\/2023\/06\/Focus-ATLAS-6.7-EQP-Gravel-Bike.jpg","width":800,"height":461,"caption":"Focus ATLAS 6.7 EQP Gravel Bike"},{"@type":"BreadcrumbList","@id":"https:\/\/kgerad.de\/produkt\/focus-atlas-6-7-eqp-gravel-bike\/#breadcrumb","itemListElement":[{"@type":"ListItem","position":1,"name":"Startseite","item":"https:\/\/kgerad.de\/"},{"@type":"ListItem","position":2,"name":"LADEN","item":"https:\/\/kgerad.de\/laden\/"},{"@type":"ListItem","position":3,"name":"Focus ATLAS 6.7 EQP Gravel Bike"}]},{"@type":"WebSite","@id":"https:\/\/kgerad.de\/#website","url":"https:\/\/kgerad.de\/","name":"kgerad.de","description":"Treten Sie mit uns ins Abenteuer!","publisher":{"@id":"https:\/\/kgerad.de\/#organization"},"alternateName":"MEIN RADLADEN","potentialAction":[{"@type":"SearchAction","target":{"@type":"EntryPoint","urlTemplate":"https:\/\/kgerad.de\/?s={search_term_string}"},"query-input":{"@type":"PropertyValueSpecification","valueRequired":true,"valueName":"search_term_string"}}],"inLanguage":"en-US"},{"@type":"Organization","@id":"https:\/\/kgerad.de\/#organization","name":"MEINRADLADEN","alternateName":"MEIN RADLADEN","url":"https:\/\/kgerad.de\/","logo":{"@type":"ImageObject","inLanguage":"en-US","@id":"https:\/\/kgerad.de\/#\/schema\/logo\/image\/","url":"https:\/\/kgerad.de\/wp-content\/uploads\/2025\/07\/logo-Whit.svg","contentUrl":"https:\/\/kgerad.de\/wp-content\/uploads\/2025\/07\/logo-Whit.svg","width":1640,"height":371,"caption":"MEINRADLADEN"},"image":{"@id":"https:\/\/kgerad.de\/#\/schema\/logo\/image\/"}}]}},"_links":{"self":[{"href":"https:\/\/kgerad.de\/en\/wp-json\/wp\/v2\/product\/7343","targetHints":{"allow":["GET"]}}],"collection":[{"href":"https:\/\/kgerad.de\/en\/wp-json\/wp\/v2\/product"}],"about":[{"href":"https:\/\/kgerad.de\/en\/wp-json\/wp\/v2\/types\/product"}],"replies":[{"embeddable":true,"href":"https:\/\/kgerad.de\/en\/wp-json\/wp\/v2\/comments?post=7343"}],"version-history":[{"count":1,"href":"https:\/\/kgerad.de\/en\/wp-json\/wp\/v2\/product\/7343\/revisions"}],"predecessor-version":[{"id":78853,"href":"https:\/\/kgerad.de\/en\/wp-json\/wp\/v2\/product\/7343\/revisions\/78853"}],"wp:featuredmedia":[{"embeddable":true,"href":"https:\/\/kgerad.de\/en\/wp-json\/wp\/v2\/media\/7344"}],"wp:attachment":[{"href":"https:\/\/kgerad.de\/en\/wp-json\/wp\/v2\/media?parent=7343"}],"wp:term":[{"taxonomy":"product_brand","embeddable":true,"href":"https:\/\/kgerad.de\/en\/wp-json\/wp\/v2\/product_brand?post=7343"},{"taxonomy":"product_cat","embeddable":true,"href":"https:\/\/kgerad.de\/en\/wp-json\/wp\/v2\/product_cat?post=7343"},{"taxonomy":"product_tag","embeddable":true,"href":"https:\/\/kgerad.de\/en\/wp-json\/wp\/v2\/product_tag?post=7343"}],"curies":[{"name":"wp","href":"https:\/\/api.w.org\/{rel}","templated":true}]}}