{"id":66271,"date":"2023-03-01T15:16:12","date_gmt":"2023-03-01T14:16:12","guid":{"rendered":"https:\/\/kgerad.de\/?post_type=product&#038;p=66271"},"modified":"2023-08-10T14:15:46","modified_gmt":"2023-08-10T12:15:46","slug":"cube-hyde-pro-lady-metalgreennblack","status":"publish","type":"product","link":"https:\/\/kgerad.de\/en\/product\/cube-hyde-pro-lady-metalgreennblack\/","title":{"rendered":"Cube Hyde Pro Lady metalgreen\u00b4n\u00b4black"},"content":{"rendered":"<h2 class=\"content--title\"><strong>Cube<\/strong>\u00a0Hyde Pro Lady metalgreen\u00b4n\u00b4black<\/h2>\n<div class=\"product--description\">\n<p>Weniger ist manchmal mehr &#8211; und der beste Beweis daf\u00fcr ist das CUBE Hyde Pro Lady. Doch man sollte sich von seinem cleanen, unaufgeregten Look nicht t\u00e4uschen lassen. Dieses Bike ist ein durchdacht designter, treuer Begleiter, der sich in den Stra\u00dfen der City wie zu Hause f\u00fchlt.<\/p>\n<hr \/>\n<p><a href=\"https:\/\/www.cube.eu\/360\/647200Z\" target=\"_blank\" rel=\"noopener\"><img decoding=\"async\" title=\"360\u00b0\" src=\"https:\/\/cd.bike-discount.de\/media\/image\/3a\/ee\/83\/360.png\" alt=\"\" width=\"40\" height=\"39\" data-mid=\"729769\" data-src=\"media\/image\/360.png\" \/>360\u00b0-Ansicht \u00f6ffnen<\/a><\/p>\n<hr \/>\n<p>F\u00fcr dauerhaft zuverl\u00e4ssige und saubere Schaltvorg\u00e4nge ohne gro\u00dfen Wartungaufwand zeichnen seine langelbige Nexus 8-Gang Nabenschaltung und der superrobuste Gates GDX Zahnriemen verantwortlich. F\u00fcr maximale, wetterunabh\u00e4ngige Bremskraft sorgen die leistungsstarken hydraulischen Shimano Scheibenbremsen. Last, but not least haben wir dem Bike komfortable und griffige Schwalbe Reifen spendiert. So kann der Gro\u00dfstadtdschungel kommen!<\/p>\n<hr \/>\n<h3>RAHMEN Cube Hyde Lady<\/h3>\n<p>Die Fahrradkuriere der 80er und 90er waren nicht ohne Grund mit Mountainbikes in der City unterwegs, insofern hat CUBE sich bei der Entwicklung des Hyde auch an ihren 29er Hardtails orientiert. Doppelt konifizierte Aluminiumrohrs\u00e4tze bilden eine stabile, haltbare, leichte und agile Rahmenstruktur, die dank nahtlos integrierter Montagepunkte die individuelle Nachr\u00fcstung mit Gep\u00e4cktr\u00e4ger und Schutzblechen erm\u00f6glicht. Au\u00dferdem bietet sie gen\u00fcgend Platz f\u00fcr zwei Trinkflaschenhalter &#8211; vor allem auf l\u00e4ngeren Touren ist man dadurch immer optimal mit Fl\u00fcssigkeit versorgt. Schlie\u00dflich komplettiert eine schlanke, steife Gabel den Rahmen, ihr Spezialgebiet: ein knackiges, pr\u00e4zises Lenkverhalten in Kombination mit wenig Gewicht und einem eleganten Look.<\/p>\n<h2>Ausstattung<\/h2>\n<div class=\"product--properties panel has--border\">\n<table class=\"product--properties-table\">\n<tbody>\n<tr class=\"product--properties-row row1\">\n<td class=\"product--properties-label is--bold\">Rahmen:<\/td>\n<td class=\"product--properties-value\">Aluminium Superlite, Urban 29, Taper, Double Butted<\/td>\n<\/tr>\n<tr class=\"product--properties-row row2\">\n<td class=\"product--properties-label is--bold\">Rahmenmaterial:<\/td>\n<td class=\"product--properties-value\">Aluminium<\/td>\n<\/tr>\n<tr class=\"product--properties-row row3\">\n<td class=\"product--properties-label is--bold\">Laufradgr\u00f6\u00dfe:<\/td>\n<td class=\"product--properties-value\">29&#8243;<\/td>\n<\/tr>\n<tr class=\"product--properties-row row4\">\n<td class=\"product--properties-label is--bold\">Farbe:<\/td>\n<td class=\"product--properties-value\">metalgreen\u00b4n\u00b4black<\/td>\n<\/tr>\n<tr class=\"product--properties-row row5\">\n<td class=\"product--properties-label is--bold\">Gabel:<\/td>\n<td class=\"product--properties-value\">Aluminium Rigid Fork, 29&#8243;, Tapered<\/td>\n<\/tr>\n<tr class=\"product--properties-row row6\">\n<td class=\"product--properties-label is--bold\">Bremsen:<\/td>\n<td class=\"product--properties-value\">Shimano BR-MT200, Hydr. Disc Brake<\/td>\n<\/tr>\n<tr class=\"product--properties-row row7\">\n<td class=\"product--properties-label is--bold\">Bremsscheiben:<\/td>\n<td class=\"product--properties-value\">160\/160mm<\/td>\n<\/tr>\n<tr class=\"product--properties-row row8\">\n<td class=\"product--properties-label is--bold\">Steuersatz:<\/td>\n<td class=\"product--properties-value\">CUBE FPH868, Semi-Integrated<\/td>\n<\/tr>\n<tr class=\"product--properties-row row9\">\n<td class=\"product--properties-label is--bold\">Vorbau:<\/td>\n<td class=\"product--properties-value\">CUBE Performance Stem Pro, 31.8mm<\/td>\n<\/tr>\n<tr class=\"product--properties-row row10\">\n<td class=\"product--properties-label is--bold\">Lenker:<\/td>\n<td class=\"product--properties-value\">CUBE Flat Race Bar, 660mm<\/td>\n<\/tr>\n<tr class=\"product--properties-row row11\">\n<td class=\"product--properties-label is--bold\">Griffe:<\/td>\n<td class=\"product--properties-value\">ACID Travel<\/td>\n<\/tr>\n<tr class=\"product--properties-row row12\">\n<td class=\"product--properties-label is--bold\">Sattel:<\/td>\n<td class=\"product--properties-value\">Natural Fit Nuance Lite<\/td>\n<\/tr>\n<tr class=\"product--properties-row row13\">\n<td class=\"product--properties-label is--bold\">Sattelst\u00fctze:<\/td>\n<td class=\"product--properties-value\">CUBE Performance Post, 27.2mm<\/td>\n<\/tr>\n<tr class=\"product--properties-row row14\">\n<td class=\"product--properties-label is--bold\">Sattelklemme:<\/td>\n<td class=\"product--properties-value\">CUBE Screwlock, 31.8mm<\/td>\n<\/tr>\n<tr class=\"product--properties-row row15\">\n<td class=\"product--properties-label is--bold\">Kurbel:<\/td>\n<td class=\"product--properties-value\">Gates S150 CDN, 46T, 170mm, BB Thun Zumba<\/td>\n<\/tr>\n<\/tbody>\n<\/table>\n<table class=\"product--properties-table\">\n<tbody>\n<tr class=\"product--properties-row row16\">\n<td class=\"product--properties-label is--bold\">Schalthebel:<\/td>\n<td class=\"product--properties-value\">Shimano Alfine SL-S503<\/td>\n<\/tr>\n<tr class=\"product--properties-row row17\">\n<td class=\"product--properties-label is--bold\">Kassette:<\/td>\n<td class=\"product--properties-value\">Gates Rear Sprocket CDN, 22T<\/td>\n<\/tr>\n<tr class=\"product--properties-row row18\">\n<td class=\"product--properties-label is--bold\">Kette:<\/td>\n<td class=\"product--properties-value\">Gates CDX, 120T<\/td>\n<\/tr>\n<tr class=\"product--properties-row row19\">\n<td class=\"product--properties-label is--bold\">Reifen:<\/td>\n<td class=\"product--properties-value\">Schwalbe Big Apple, Active, 55-622<\/td>\n<\/tr>\n<tr class=\"product--properties-row row20\">\n<td class=\"product--properties-label is--bold\">Nabe Vorderrad:<\/td>\n<td class=\"product--properties-value\">Joytech D761DSE, Centerlock<\/td>\n<\/tr>\n<tr class=\"product--properties-row row21\">\n<td class=\"product--properties-label is--bold\">Nabe Hinterrad:<\/td>\n<td class=\"product--properties-value\">Shimano Nexus SG-C6001-8D, 8-Speed<\/td>\n<\/tr>\n<tr class=\"product--properties-row row22\">\n<td class=\"product--properties-label is--bold\">Felgen:<\/td>\n<td class=\"product--properties-value\">CUBE UX24, 32H, Disc, Tubeless Ready<\/td>\n<\/tr>\n<tr class=\"product--properties-row row23\">\n<td class=\"product--properties-label is--bold\">Pedale:<\/td>\n<td class=\"product--properties-value\">ACID PP Trekking<\/td>\n<\/tr>\n<tr class=\"product--properties-row row24\">\n<td class=\"product--properties-label is--bold\">Sonstiges:<\/td>\n<td class=\"product--properties-value\">Glocke<\/td>\n<\/tr>\n<tr class=\"product--properties-row row25\">\n<td class=\"product--properties-label is--bold\">Zul\u00e4ssiges Gesamtgewicht:<\/td>\n<td class=\"product--properties-value\">140 kg (K\u00f6rpergewicht + Fahrrad + Ausr\u00fcstung)<\/td>\n<\/tr>\n<tr class=\"product--properties-row row26\">\n<td class=\"product--properties-label is--bold\">Gewicht Komplettrad:<\/td>\n<td class=\"product--properties-value\">ab 13,4 kg<\/td>\n<\/tr>\n<\/tbody>\n<\/table>\n<\/div>\n<\/div>","protected":false},"excerpt":{"rendered":"<p><label>EAN:<\/label>\u00a0<span class=\"netz-ean\">4054571403353<\/span><br \/>\n<label>Modelljahr:<\/label>\u00a02023<\/p>","protected":false},"featured_media":66272,"comment_status":"open","ping_status":"closed","template":"","meta":[],"product_brand":[],"product_cat":[719,36],"product_tag":[],"class_list":{"0":"post-66271","1":"product","2":"type-product","3":"status-publish","4":"has-post-thumbnail","6":"product_cat-cross-fitnessbike","7":"product_cat-fahrrad","8":"pa_marke-cube","10":"first","11":"instock","12":"sale","13":"taxable","14":"shipping-taxable","15":"purchasable","16":"product-type-variable"},"yoast_head":"<!-- This site is optimized with the Yoast SEO Premium plugin v20.12 (Yoast SEO v27.1.1) - https:\/\/yoast.com\/product\/yoast-seo-premium-wordpress\/ -->\n<title>Cube Hyde Pro Lady metalgreen\u00b4n\u00b4black<\/title>\n<meta name=\"description\" content=\"kgerad.de bietet Ihnen das Cube Hyde Pro Lady metalgreen\u00b4n\u00b4black zum besten Preis mit kostenlosem Versand in ganz Europa und mit sicherer Zahlung\" \/>\n<meta name=\"robots\" content=\"index, follow, max-snippet:-1, max-image-preview:large, max-video-preview:-1\" \/>\n<link rel=\"canonical\" href=\"https:\/\/kgerad.de\/en\/product\/cube-hyde-pro-lady-metalgreennblack\/\" \/>\n<meta property=\"og:locale\" content=\"en_US\" \/>\n<meta property=\"og:type\" content=\"article\" \/>\n<meta property=\"og:title\" content=\"Cube Hyde Pro Lady metalgreen\u00b4n\u00b4black\" \/>\n<meta property=\"og:description\" content=\"Entdecken Sie unseren Online-Fahrradladen: Gro\u00dfe Auswahl an Modellen f\u00fcr alle Radsportbegeisterten. Von Rennr\u00e4dern bis zu Mountainbikes - finden Sie heute Ihren perfekten Wegbegleiter!\" \/>\n<meta property=\"og:url\" content=\"https:\/\/kgerad.de\/en\/product\/cube-hyde-pro-lady-metalgreennblack\/\" \/>\n<meta property=\"og:site_name\" content=\"kgerad.de\" \/>\n<meta property=\"article:modified_time\" content=\"2023-08-10T12:15:46+00:00\" \/>\n<meta property=\"og:image\" content=\"https:\/\/kgerad.de\/wp-content\/uploads\/2023\/06\/Cube-Hyde-Pro-Lady-metalgreen\u00b4n\u00b4black.jpg\" \/>\n\t<meta property=\"og:image:width\" content=\"1600\" \/>\n\t<meta property=\"og:image:height\" content=\"892\" \/>\n\t<meta property=\"og:image:type\" content=\"image\/jpeg\" \/>\n<meta name=\"twitter:card\" content=\"summary_large_image\" \/>\n<meta name=\"twitter:label1\" content=\"Est. reading time\" \/>\n\t<meta name=\"twitter:data1\" content=\"3 minutes\" \/>\n<script type=\"application\/ld+json\" class=\"yoast-schema-graph\">{\"@context\":\"https:\/\/schema.org\",\"@graph\":[{\"@type\":\"WebPage\",\"@id\":\"https:\/\/kgerad.de\/produkt\/cube-hyde-pro-lady-metalgreennblack\/\",\"url\":\"https:\/\/kgerad.de\/produkt\/cube-hyde-pro-lady-metalgreennblack\/\",\"name\":\"Cube Hyde Pro Lady metalgreen\u00b4n\u00b4black\",\"isPartOf\":{\"@id\":\"https:\/\/kgerad.de\/#website\"},\"primaryImageOfPage\":{\"@id\":\"https:\/\/kgerad.de\/produkt\/cube-hyde-pro-lady-metalgreennblack\/#primaryimage\"},\"image\":{\"@id\":\"https:\/\/kgerad.de\/produkt\/cube-hyde-pro-lady-metalgreennblack\/#primaryimage\"},\"thumbnailUrl\":\"https:\/\/kgerad.de\/wp-content\/uploads\/2023\/06\/Cube-Hyde-Pro-Lady-metalgreen\u00b4n\u00b4black.jpg\",\"datePublished\":\"2023-03-01T14:16:12+00:00\",\"dateModified\":\"2023-08-10T12:15:46+00:00\",\"description\":\"kgerad.de bietet Ihnen das Cube Hyde Pro Lady metalgreen\u00b4n\u00b4black zum besten Preis mit kostenlosem Versand in ganz Europa und mit sicherer Zahlung\",\"breadcrumb\":{\"@id\":\"https:\/\/kgerad.de\/produkt\/cube-hyde-pro-lady-metalgreennblack\/#breadcrumb\"},\"inLanguage\":\"en-US\",\"potentialAction\":[{\"@type\":\"ReadAction\",\"target\":[\"https:\/\/kgerad.de\/produkt\/cube-hyde-pro-lady-metalgreennblack\/\"]}]},{\"@type\":\"ImageObject\",\"inLanguage\":\"en-US\",\"@id\":\"https:\/\/kgerad.de\/produkt\/cube-hyde-pro-lady-metalgreennblack\/#primaryimage\",\"url\":\"https:\/\/kgerad.de\/wp-content\/uploads\/2023\/06\/Cube-Hyde-Pro-Lady-metalgreen\u00b4n\u00b4black.jpg\",\"contentUrl\":\"https:\/\/kgerad.de\/wp-content\/uploads\/2023\/06\/Cube-Hyde-Pro-Lady-metalgreen\u00b4n\u00b4black.jpg\",\"width\":1600,\"height\":892,\"caption\":\"Cube Hyde Pro Lady metalgreen\u00b4n\u00b4black\"},{\"@type\":\"BreadcrumbList\",\"@id\":\"https:\/\/kgerad.de\/produkt\/cube-hyde-pro-lady-metalgreennblack\/#breadcrumb\",\"itemListElement\":[{\"@type\":\"ListItem\",\"position\":1,\"name\":\"Startseite\",\"item\":\"https:\/\/kgerad.de\/\"},{\"@type\":\"ListItem\",\"position\":2,\"name\":\"LADEN\",\"item\":\"https:\/\/kgerad.de\/laden\/\"},{\"@type\":\"ListItem\",\"position\":3,\"name\":\"Cube Hyde Pro Lady metalgreen\u00b4n\u00b4black\"}]},{\"@type\":\"WebSite\",\"@id\":\"https:\/\/kgerad.de\/#website\",\"url\":\"https:\/\/kgerad.de\/\",\"name\":\"kgerad.de\",\"description\":\"Treten Sie mit uns ins Abenteuer!\",\"publisher\":{\"@id\":\"https:\/\/kgerad.de\/#organization\"},\"alternateName\":\"MEIN RADLADEN\",\"potentialAction\":[{\"@type\":\"SearchAction\",\"target\":{\"@type\":\"EntryPoint\",\"urlTemplate\":\"https:\/\/kgerad.de\/?s={search_term_string}\"},\"query-input\":{\"@type\":\"PropertyValueSpecification\",\"valueRequired\":true,\"valueName\":\"search_term_string\"}}],\"inLanguage\":\"en-US\"},{\"@type\":\"Organization\",\"@id\":\"https:\/\/kgerad.de\/#organization\",\"name\":\"MEINRADLADEN\",\"alternateName\":\"MEIN RADLADEN\",\"url\":\"https:\/\/kgerad.de\/\",\"logo\":{\"@type\":\"ImageObject\",\"inLanguage\":\"en-US\",\"@id\":\"https:\/\/kgerad.de\/#\/schema\/logo\/image\/\",\"url\":\"https:\/\/kgerad.de\/wp-content\/uploads\/2025\/07\/logo-Whit.svg\",\"contentUrl\":\"https:\/\/kgerad.de\/wp-content\/uploads\/2025\/07\/logo-Whit.svg\",\"width\":1640,\"height\":371,\"caption\":\"MEINRADLADEN\"},\"image\":{\"@id\":\"https:\/\/kgerad.de\/#\/schema\/logo\/image\/\"}}]}<\/script>\n<!-- \/ Yoast SEO Premium plugin. -->","yoast_head_json":{"title":"Cube Hyde Pro Lady metalgreen\u00b4n\u00b4black","description":"kgerad.de bietet Ihnen das Cube Hyde Pro Lady metalgreen\u00b4n\u00b4black zum besten Preis mit kostenlosem Versand in ganz Europa und mit sicherer Zahlung","robots":{"index":"index","follow":"follow","max-snippet":"max-snippet:-1","max-image-preview":"max-image-preview:large","max-video-preview":"max-video-preview:-1"},"canonical":"https:\/\/kgerad.de\/en\/product\/cube-hyde-pro-lady-metalgreennblack\/","og_locale":"en_US","og_type":"article","og_title":"Cube Hyde Pro Lady metalgreen\u00b4n\u00b4black","og_description":"Entdecken Sie unseren Online-Fahrradladen: Gro\u00dfe Auswahl an Modellen f\u00fcr alle Radsportbegeisterten. Von Rennr\u00e4dern bis zu Mountainbikes - finden Sie heute Ihren perfekten Wegbegleiter!","og_url":"https:\/\/kgerad.de\/en\/product\/cube-hyde-pro-lady-metalgreennblack\/","og_site_name":"kgerad.de","article_modified_time":"2023-08-10T12:15:46+00:00","og_image":[{"width":1600,"height":892,"url":"https:\/\/kgerad.de\/wp-content\/uploads\/2023\/06\/Cube-Hyde-Pro-Lady-metalgreen\u00b4n\u00b4black.jpg","type":"image\/jpeg"}],"twitter_card":"summary_large_image","twitter_misc":{"Est. reading time":"3 minutes"},"schema":{"@context":"https:\/\/schema.org","@graph":[{"@type":"WebPage","@id":"https:\/\/kgerad.de\/produkt\/cube-hyde-pro-lady-metalgreennblack\/","url":"https:\/\/kgerad.de\/produkt\/cube-hyde-pro-lady-metalgreennblack\/","name":"Cube Hyde Pro Lady metalgreen\u00b4n\u00b4black","isPartOf":{"@id":"https:\/\/kgerad.de\/#website"},"primaryImageOfPage":{"@id":"https:\/\/kgerad.de\/produkt\/cube-hyde-pro-lady-metalgreennblack\/#primaryimage"},"image":{"@id":"https:\/\/kgerad.de\/produkt\/cube-hyde-pro-lady-metalgreennblack\/#primaryimage"},"thumbnailUrl":"https:\/\/kgerad.de\/wp-content\/uploads\/2023\/06\/Cube-Hyde-Pro-Lady-metalgreen\u00b4n\u00b4black.jpg","datePublished":"2023-03-01T14:16:12+00:00","dateModified":"2023-08-10T12:15:46+00:00","description":"kgerad.de bietet Ihnen das Cube Hyde Pro Lady metalgreen\u00b4n\u00b4black zum besten Preis mit kostenlosem Versand in ganz Europa und mit sicherer Zahlung","breadcrumb":{"@id":"https:\/\/kgerad.de\/produkt\/cube-hyde-pro-lady-metalgreennblack\/#breadcrumb"},"inLanguage":"en-US","potentialAction":[{"@type":"ReadAction","target":["https:\/\/kgerad.de\/produkt\/cube-hyde-pro-lady-metalgreennblack\/"]}]},{"@type":"ImageObject","inLanguage":"en-US","@id":"https:\/\/kgerad.de\/produkt\/cube-hyde-pro-lady-metalgreennblack\/#primaryimage","url":"https:\/\/kgerad.de\/wp-content\/uploads\/2023\/06\/Cube-Hyde-Pro-Lady-metalgreen\u00b4n\u00b4black.jpg","contentUrl":"https:\/\/kgerad.de\/wp-content\/uploads\/2023\/06\/Cube-Hyde-Pro-Lady-metalgreen\u00b4n\u00b4black.jpg","width":1600,"height":892,"caption":"Cube Hyde Pro Lady metalgreen\u00b4n\u00b4black"},{"@type":"BreadcrumbList","@id":"https:\/\/kgerad.de\/produkt\/cube-hyde-pro-lady-metalgreennblack\/#breadcrumb","itemListElement":[{"@type":"ListItem","position":1,"name":"Startseite","item":"https:\/\/kgerad.de\/"},{"@type":"ListItem","position":2,"name":"LADEN","item":"https:\/\/kgerad.de\/laden\/"},{"@type":"ListItem","position":3,"name":"Cube Hyde Pro Lady metalgreen\u00b4n\u00b4black"}]},{"@type":"WebSite","@id":"https:\/\/kgerad.de\/#website","url":"https:\/\/kgerad.de\/","name":"kgerad.de","description":"Treten Sie mit uns ins Abenteuer!","publisher":{"@id":"https:\/\/kgerad.de\/#organization"},"alternateName":"MEIN RADLADEN","potentialAction":[{"@type":"SearchAction","target":{"@type":"EntryPoint","urlTemplate":"https:\/\/kgerad.de\/?s={search_term_string}"},"query-input":{"@type":"PropertyValueSpecification","valueRequired":true,"valueName":"search_term_string"}}],"inLanguage":"en-US"},{"@type":"Organization","@id":"https:\/\/kgerad.de\/#organization","name":"MEINRADLADEN","alternateName":"MEIN RADLADEN","url":"https:\/\/kgerad.de\/","logo":{"@type":"ImageObject","inLanguage":"en-US","@id":"https:\/\/kgerad.de\/#\/schema\/logo\/image\/","url":"https:\/\/kgerad.de\/wp-content\/uploads\/2025\/07\/logo-Whit.svg","contentUrl":"https:\/\/kgerad.de\/wp-content\/uploads\/2025\/07\/logo-Whit.svg","width":1640,"height":371,"caption":"MEINRADLADEN"},"image":{"@id":"https:\/\/kgerad.de\/#\/schema\/logo\/image\/"}}]}},"_links":{"self":[{"href":"https:\/\/kgerad.de\/en\/wp-json\/wp\/v2\/product\/66271","targetHints":{"allow":["GET"]}}],"collection":[{"href":"https:\/\/kgerad.de\/en\/wp-json\/wp\/v2\/product"}],"about":[{"href":"https:\/\/kgerad.de\/en\/wp-json\/wp\/v2\/types\/product"}],"replies":[{"embeddable":true,"href":"https:\/\/kgerad.de\/en\/wp-json\/wp\/v2\/comments?post=66271"}],"version-history":[{"count":1,"href":"https:\/\/kgerad.de\/en\/wp-json\/wp\/v2\/product\/66271\/revisions"}],"predecessor-version":[{"id":78377,"href":"https:\/\/kgerad.de\/en\/wp-json\/wp\/v2\/product\/66271\/revisions\/78377"}],"wp:featuredmedia":[{"embeddable":true,"href":"https:\/\/kgerad.de\/en\/wp-json\/wp\/v2\/media\/66272"}],"wp:attachment":[{"href":"https:\/\/kgerad.de\/en\/wp-json\/wp\/v2\/media?parent=66271"}],"wp:term":[{"taxonomy":"product_brand","embeddable":true,"href":"https:\/\/kgerad.de\/en\/wp-json\/wp\/v2\/product_brand?post=66271"},{"taxonomy":"product_cat","embeddable":true,"href":"https:\/\/kgerad.de\/en\/wp-json\/wp\/v2\/product_cat?post=66271"},{"taxonomy":"product_tag","embeddable":true,"href":"https:\/\/kgerad.de\/en\/wp-json\/wp\/v2\/product_tag?post=66271"}],"curies":[{"name":"wp","href":"https:\/\/api.w.org\/{rel}","templated":true}]}}