{"id":66204,"date":"2023-03-01T14:48:23","date_gmt":"2023-03-01T13:48:23","guid":{"rendered":"https:\/\/kgerad.de\/?post_type=product&#038;p=66204"},"modified":"2023-08-10T14:17:22","modified_gmt":"2023-08-10T12:17:22","slug":"lapierre-e-explorer-3-4-mix-27-5-trekking-e-bike-2022","status":"publish","type":"product","link":"https:\/\/kgerad.de\/en\/product\/lapierre-e-explorer-3-4-mix-27-5-trekking-e-bike-2022\/","title":{"rendered":"Lapierre E-Explorer 3.4 Mix &#8211; 27.5&#8243; Trekking E-Bike &#8211; 2022"},"content":{"rendered":"<h3 class=\"product-detail-information-area__product-name\">Lapierre E-Explorer 3.4 Mix &#8211; 27.5&#8243; Trekking E-Bike &#8211; 2022<\/h3>\n<h3>Innovatives E-Bike f\u00fcr den t\u00e4glichen Einsatz &#8211; Das Lapierre E-Explorer 3.4 Mix<\/h3>\n<p>Das Lapierre E-Explorer 6.5 wurde f\u00fcr den t\u00e4glichen Einsatz konzipiert. Dank seiner Vielseitigkeit und der sanften Unterst\u00fctzung war es noch nie so einfach, sich fortzubewegen. Das E-Explorer ist mit Schutzblechen und einem Gep\u00e4cktr\u00e4ger ausgestattet und macht das Fahren noch angenehmer.<\/p>\n<h3>Merkmale des Lapierre E-Explorer 3.4 E-Bike Mix<\/h3>\n<ul>\n<li>leichter Rahmen aus Aluminium<\/li>\n<li>Shimano Altus 9-fach Schaltung<\/li>\n<li>SR Suntour NEX E-25 Federgabel<\/li>\n<li>Bosch Active\u00a0Line Motor<\/li>\n<li>400Wh Akku &amp; Purion Display<\/li>\n<li>\u00a0Continental Double Fighter Reifen<\/li>\n<li>voll ausgestattet mit Licht, Gep\u00e4cktr\u00e4ger &amp; Schutzblechen<\/li>\n<\/ul>\n<h2 class=\"product-detail-data-sheet__title\">DATENBLATT F\u00dcR LAPIERRE E-EXPLORER 3.4 MIX &#8211; 27.5&#8243; TREKKING E-BIKE &#8211; 2022<\/h2>\n<table class=\"product-detail-data-sheet__table\">\n<tbody>\n<tr class=\"product-detail-data-sheet__row\">\n<td class=\"product-detail-data-sheet__cell product-detail-data-sheet__cell--title\">Produktname:<\/td>\n<td class=\"product-detail-data-sheet__cell product-detail-data-sheet__cell--value\">Lapierre E-Explorer 3.4 Mix &#8211; 27.5&#8243; Trekking E-Bike &#8211; 2022<\/td>\n<\/tr>\n<tr class=\"product-detail-data-sheet__row\">\n<td class=\"product-detail-data-sheet__cell product-detail-data-sheet__cell--title\">Hersteller:<\/td>\n<td class=\"product-detail-data-sheet__cell product-detail-data-sheet__cell--value\">Lapierre Bikes<\/td>\n<\/tr>\n<tr class=\"product-detail-data-sheet__row\">\n<td class=\"product-detail-data-sheet__cell product-detail-data-sheet__cell--title\">Artikelnummer:<\/td>\n<td class=\"product-detail-data-sheet__cell product-detail-data-sheet__cell--value\">LAP553514<\/td>\n<\/tr>\n<tr class=\"product-detail-data-sheet__row\">\n<td class=\"product-detail-data-sheet__cell product-detail-data-sheet__cell--title\">Aktivit\u00e4t:<\/td>\n<td class=\"product-detail-data-sheet__cell product-detail-data-sheet__cell--value\">Fahrrad<\/td>\n<\/tr>\n<tr class=\"product-detail-data-sheet__row\">\n<td class=\"product-detail-data-sheet__cell product-detail-data-sheet__cell--title\">Geschlecht:<\/td>\n<td class=\"product-detail-data-sheet__cell product-detail-data-sheet__cell--value\">Damen, Unisex<\/td>\n<\/tr>\n<tr class=\"product-detail-data-sheet__row\">\n<td class=\"product-detail-data-sheet__cell product-detail-data-sheet__cell--title\">Material:<\/td>\n<td class=\"product-detail-data-sheet__cell product-detail-data-sheet__cell--value\">Aluminium<\/td>\n<\/tr>\n<tr class=\"product-detail-data-sheet__row\">\n<td class=\"product-detail-data-sheet__cell product-detail-data-sheet__cell--title\">Einsatzbereich:<\/td>\n<td class=\"product-detail-data-sheet__cell product-detail-data-sheet__cell--value\">Trekking, E-Bike<\/td>\n<\/tr>\n<tr class=\"product-detail-data-sheet__row\">\n<td class=\"product-detail-data-sheet__cell product-detail-data-sheet__cell--title\">Naben:<\/td>\n<td class=\"product-detail-data-sheet__cell product-detail-data-sheet__cell--value\">Shimano TX505B | Shimano TX5058B<\/td>\n<\/tr>\n<tr class=\"product-detail-data-sheet__row\">\n<td class=\"product-detail-data-sheet__cell product-detail-data-sheet__cell--title\">Felgen:<\/td>\n<td class=\"product-detail-data-sheet__cell product-detail-data-sheet__cell--value\">Ryde ZAC421<\/td>\n<\/tr>\n<tr class=\"product-detail-data-sheet__row\">\n<td class=\"product-detail-data-sheet__cell product-detail-data-sheet__cell--title\">Kette:<\/td>\n<td class=\"product-detail-data-sheet__cell product-detail-data-sheet__cell--value\">KMC e9 Sport<\/td>\n<\/tr>\n<tr class=\"product-detail-data-sheet__row\">\n<td class=\"product-detail-data-sheet__cell product-detail-data-sheet__cell--title\">Kassette:<\/td>\n<td class=\"product-detail-data-sheet__cell product-detail-data-sheet__cell--value\">Shimano CS-HG200<\/td>\n<\/tr>\n<tr class=\"product-detail-data-sheet__row\">\n<td class=\"product-detail-data-sheet__cell product-detail-data-sheet__cell--title\">Schalthebel:<\/td>\n<td class=\"product-detail-data-sheet__cell product-detail-data-sheet__cell--value\">Shimano Alivio SLM-3100<\/td>\n<\/tr>\n<tr class=\"product-detail-data-sheet__row\">\n<td class=\"product-detail-data-sheet__cell product-detail-data-sheet__cell--title\">Schaltwerk:<\/td>\n<td class=\"product-detail-data-sheet__cell product-detail-data-sheet__cell--value\">Shimano Altus RD-M2000<\/td>\n<\/tr>\n<tr class=\"product-detail-data-sheet__row\">\n<td class=\"product-detail-data-sheet__cell product-detail-data-sheet__cell--title\">Kettenblatt Abstufung:<\/td>\n<td class=\"product-detail-data-sheet__cell product-detail-data-sheet__cell--value\">38<\/td>\n<\/tr>\n<tr class=\"product-detail-data-sheet__row\">\n<td class=\"product-detail-data-sheet__cell product-detail-data-sheet__cell--title\">Kurbel:<\/td>\n<td class=\"product-detail-data-sheet__cell product-detail-data-sheet__cell--value\">Lapierre Overvolt BNI<\/td>\n<\/tr>\n<tr class=\"product-detail-data-sheet__row\">\n<td class=\"product-detail-data-sheet__cell product-detail-data-sheet__cell--title\">Bremsen:<\/td>\n<td class=\"product-detail-data-sheet__cell product-detail-data-sheet__cell--value\">Shimano MT-200 | 180\/160mm<\/td>\n<\/tr>\n<tr class=\"product-detail-data-sheet__row\">\n<td class=\"product-detail-data-sheet__cell product-detail-data-sheet__cell--title\">Sattelst\u00fctze:<\/td>\n<td class=\"product-detail-data-sheet__cell product-detail-data-sheet__cell--value\">Lapierre | AL | 31.6mm | 350mm<\/td>\n<\/tr>\n<tr class=\"product-detail-data-sheet__row\">\n<td class=\"product-detail-data-sheet__cell product-detail-data-sheet__cell--title\">Sattel:<\/td>\n<td class=\"product-detail-data-sheet__cell product-detail-data-sheet__cell--value\">Selle Royal Lancia<\/td>\n<\/tr>\n<tr class=\"product-detail-data-sheet__row\">\n<td class=\"product-detail-data-sheet__cell product-detail-data-sheet__cell--title\">Lenker:<\/td>\n<td class=\"product-detail-data-sheet__cell product-detail-data-sheet__cell--value\">Lapierre | AL 6061 | 26mm Rise | 30\u00b0 Backsweep | 31.8mm<\/td>\n<\/tr>\n<tr class=\"product-detail-data-sheet__row\">\n<td class=\"product-detail-data-sheet__cell product-detail-data-sheet__cell--title\">Vorbau:<\/td>\n<td class=\"product-detail-data-sheet__cell product-detail-data-sheet__cell--value\">Lapierre | 17\u00b0 | 90mm<\/td>\n<\/tr>\n<tr class=\"product-detail-data-sheet__row\">\n<td class=\"product-detail-data-sheet__cell product-detail-data-sheet__cell--title\">Gabel:<\/td>\n<td class=\"product-detail-data-sheet__cell product-detail-data-sheet__cell--value\">SR Suntour NEX E-25<\/td>\n<\/tr>\n<tr class=\"product-detail-data-sheet__row\">\n<td class=\"product-detail-data-sheet__cell product-detail-data-sheet__cell--title\">Steuersatz:<\/td>\n<td class=\"product-detail-data-sheet__cell product-detail-data-sheet__cell--value\">VP-J303PES<\/td>\n<\/tr>\n<tr class=\"product-detail-data-sheet__row\">\n<td class=\"product-detail-data-sheet__cell product-detail-data-sheet__cell--title\">Rahmen:<\/td>\n<td class=\"product-detail-data-sheet__cell product-detail-data-sheet__cell--value\">Overvolt Explorer<\/td>\n<\/tr>\n<tr class=\"product-detail-data-sheet__row\">\n<td class=\"product-detail-data-sheet__cell product-detail-data-sheet__cell--title\">Schaltgruppe:<\/td>\n<td class=\"product-detail-data-sheet__cell product-detail-data-sheet__cell--value\">Shimano<\/td>\n<\/tr>\n<tr class=\"product-detail-data-sheet__row\">\n<td class=\"product-detail-data-sheet__cell product-detail-data-sheet__cell--title\">Abstufung Kassette:<\/td>\n<td class=\"product-detail-data-sheet__cell product-detail-data-sheet__cell--value\">11-36<\/td>\n<\/tr>\n<tr class=\"product-detail-data-sheet__row\">\n<td class=\"product-detail-data-sheet__cell product-detail-data-sheet__cell--title\">Akku Energie:<\/td>\n<td class=\"product-detail-data-sheet__cell product-detail-data-sheet__cell--value\">400Wh<\/td>\n<\/tr>\n<tr class=\"product-detail-data-sheet__row\">\n<td class=\"product-detail-data-sheet__cell product-detail-data-sheet__cell--title\">Anzahl der Kettenbl\u00e4tter:<\/td>\n<td class=\"product-detail-data-sheet__cell product-detail-data-sheet__cell--value\">1<\/td>\n<\/tr>\n<tr class=\"product-detail-data-sheet__row\">\n<td class=\"product-detail-data-sheet__cell product-detail-data-sheet__cell--title\">Schaltung:<\/td>\n<td class=\"product-detail-data-sheet__cell product-detail-data-sheet__cell--value\">9-fach<\/td>\n<\/tr>\n<tr class=\"product-detail-data-sheet__row\">\n<td class=\"product-detail-data-sheet__cell product-detail-data-sheet__cell--title\">Schaltbet\u00e4tigung:<\/td>\n<td class=\"product-detail-data-sheet__cell product-detail-data-sheet__cell--value\">Mechanisch<\/td>\n<\/tr>\n<tr class=\"product-detail-data-sheet__row\">\n<td class=\"product-detail-data-sheet__cell product-detail-data-sheet__cell--title\">Unterst\u00fctzte Geschwindigkeit:<\/td>\n<td class=\"product-detail-data-sheet__cell product-detail-data-sheet__cell--value\">max. 25 km\/h<\/td>\n<\/tr>\n<tr class=\"product-detail-data-sheet__row\">\n<td class=\"product-detail-data-sheet__cell product-detail-data-sheet__cell--title\">Antriebseinheit Hersteller:<\/td>\n<td class=\"product-detail-data-sheet__cell product-detail-data-sheet__cell--value\">Bosch<\/td>\n<\/tr>\n<tr class=\"product-detail-data-sheet__row\">\n<td class=\"product-detail-data-sheet__cell product-detail-data-sheet__cell--title\">Motorposition:<\/td>\n<td class=\"product-detail-data-sheet__cell product-detail-data-sheet__cell--value\">Mittelmotor<\/td>\n<\/tr>\n<tr class=\"product-detail-data-sheet__row\">\n<td class=\"product-detail-data-sheet__cell product-detail-data-sheet__cell--title\">Fahrrad Besonderheiten:<\/td>\n<td class=\"product-detail-data-sheet__cell product-detail-data-sheet__cell--value\">Tiefeinstieg<\/td>\n<\/tr>\n<tr class=\"product-detail-data-sheet__row\">\n<td class=\"product-detail-data-sheet__cell product-detail-data-sheet__cell--title\">Fahrrad Zusatzausstattung:<\/td>\n<td class=\"product-detail-data-sheet__cell product-detail-data-sheet__cell--value\">mit Lichtanlage, mit Schutzblech, mit Gep\u00e4cktr\u00e4ger<\/td>\n<\/tr>\n<tr class=\"product-detail-data-sheet__row\">\n<td class=\"product-detail-data-sheet__cell product-detail-data-sheet__cell--title\">Art der Bremse:<\/td>\n<td class=\"product-detail-data-sheet__cell product-detail-data-sheet__cell--value\">Scheibenbremse<\/td>\n<\/tr>\n<tr class=\"product-detail-data-sheet__row\">\n<td class=\"product-detail-data-sheet__cell product-detail-data-sheet__cell--title\">Laufradgr\u00f6\u00dfe:<\/td>\n<td class=\"product-detail-data-sheet__cell product-detail-data-sheet__cell--value\">27,5&#8243; \/ 650B (584mm)<\/td>\n<\/tr>\n<tr class=\"product-detail-data-sheet__row\">\n<td class=\"product-detail-data-sheet__cell product-detail-data-sheet__cell--title\">Fahrrad Beleuchtung:<\/td>\n<td class=\"product-detail-data-sheet__cell product-detail-data-sheet__cell--value\">AXA Compactline 20 | AXA Blueline<\/td>\n<\/tr>\n<tr class=\"product-detail-data-sheet__row\">\n<td class=\"product-detail-data-sheet__cell product-detail-data-sheet__cell--title\">Griffe:<\/td>\n<td class=\"product-detail-data-sheet__cell product-detail-data-sheet__cell--value\">XLC Ergonomic<\/td>\n<\/tr>\n<tr class=\"product-detail-data-sheet__row\">\n<td class=\"product-detail-data-sheet__cell product-detail-data-sheet__cell--title\">Federweg Gabel:<\/td>\n<td class=\"product-detail-data-sheet__cell product-detail-data-sheet__cell--value\">60mm<\/td>\n<\/tr>\n<tr class=\"product-detail-data-sheet__row\">\n<td class=\"product-detail-data-sheet__cell product-detail-data-sheet__cell--title\">Pedale:<\/td>\n<td class=\"product-detail-data-sheet__cell product-detail-data-sheet__cell--value\">VPE-461<\/td>\n<\/tr>\n<tr class=\"product-detail-data-sheet__row\">\n<td class=\"product-detail-data-sheet__cell product-detail-data-sheet__cell--title\">Reifen:<\/td>\n<td class=\"product-detail-data-sheet__cell product-detail-data-sheet__cell--value\">Continental Double Fighter III | 50-584<\/td>\n<\/tr>\n<tr class=\"product-detail-data-sheet__row\">\n<td class=\"product-detail-data-sheet__cell product-detail-data-sheet__cell--title\">Bremsbet\u00e4tigung:<\/td>\n<td class=\"product-detail-data-sheet__cell product-detail-data-sheet__cell--value\">Hydraulisch<\/td>\n<\/tr>\n<tr class=\"product-detail-data-sheet__row\">\n<td class=\"product-detail-data-sheet__cell product-detail-data-sheet__cell--title\">Modelljahr:<\/td>\n<td class=\"product-detail-data-sheet__cell product-detail-data-sheet__cell--value\">2022<\/td>\n<\/tr>\n<tr class=\"product-detail-data-sheet__row\">\n<td class=\"product-detail-data-sheet__cell product-detail-data-sheet__cell--title\">Kollektion:<\/td>\n<td class=\"product-detail-data-sheet__cell product-detail-data-sheet__cell--value\">Ganzj\u00e4hrig<\/td>\n<\/tr>\n<tr class=\"product-detail-data-sheet__row\">\n<td class=\"product-detail-data-sheet__cell product-detail-data-sheet__cell--title\">Farbe:<\/td>\n<td class=\"product-detail-data-sheet__cell product-detail-data-sheet__cell--value\">T\u00fcrkis<\/td>\n<\/tr>\n<tr class=\"product-detail-data-sheet__row\">\n<td class=\"product-detail-data-sheet__cell product-detail-data-sheet__cell--title\">Gabel Bauart:<\/td>\n<td class=\"product-detail-data-sheet__cell product-detail-data-sheet__cell--value\">klassische Federgabel<\/td>\n<\/tr>\n<tr class=\"product-detail-data-sheet__row\">\n<td class=\"product-detail-data-sheet__cell product-detail-data-sheet__cell--title\">Zugverlegung:<\/td>\n<td class=\"product-detail-data-sheet__cell product-detail-data-sheet__cell--value\">intern<\/td>\n<\/tr>\n<\/tbody>\n<\/table>","protected":false},"excerpt":{"rendered":"<p>Lapierre E-Explorer 3.4 Mix &#8211; 27.5&#8243; Trekking E-Bike &#8211; 2022 Innovatives E-Bike f\u00fcr den t\u00e4glichen Einsatz &#8211; Das Lapierre E-Explorer<\/p>","protected":false},"featured_media":66205,"comment_status":"open","ping_status":"closed","template":"","meta":[],"product_brand":[],"product_cat":[33,247,35],"product_tag":[],"class_list":{"0":"post-66204","1":"product","2":"type-product","3":"status-publish","4":"has-post-thumbnail","6":"product_cat-e-bike","7":"product_cat-e-bike-trekking","8":"product_cat-e-bikes-2022","10":"first","11":"instock","12":"sale","13":"taxable","14":"shipping-taxable","15":"purchasable","16":"product-type-variable"},"yoast_head":"<!-- This site is optimized with the Yoast SEO Premium plugin v20.12 (Yoast SEO v27.1.1) - https:\/\/yoast.com\/product\/yoast-seo-premium-wordpress\/ -->\n<title>Lapierre E-Explorer 3.4 Mix - 27.5&quot; Trekking E-Bike - 2022<\/title>\n<meta name=\"description\" content=\"Entdecken Sie unseren Online-Fahrradladen: Gro\u00dfe Auswahl an Modellen f\u00fcr alle Radsportbegeisterten. Von Rennr\u00e4dern bis zu Mountainbikes - finden Sie heute Ihren perfekten Wegbegleiter!\" \/>\n<meta name=\"robots\" content=\"index, follow, max-snippet:-1, max-image-preview:large, max-video-preview:-1\" \/>\n<link rel=\"canonical\" href=\"https:\/\/kgerad.de\/en\/product\/lapierre-e-explorer-3-4-mix-27-5-trekking-e-bike-2022\/\" \/>\n<meta property=\"og:locale\" content=\"en_US\" \/>\n<meta property=\"og:type\" content=\"article\" \/>\n<meta property=\"og:title\" content=\"Lapierre E-Explorer 3.4 Mix - 27.5&quot; Trekking E-Bike - 2022\" \/>\n<meta property=\"og:description\" content=\"Entdecken Sie unseren Online-Fahrradladen: Gro\u00dfe Auswahl an Modellen f\u00fcr alle Radsportbegeisterten. Von Rennr\u00e4dern bis zu Mountainbikes - finden Sie heute Ihren perfekten Wegbegleiter!\" \/>\n<meta property=\"og:url\" content=\"https:\/\/kgerad.de\/en\/product\/lapierre-e-explorer-3-4-mix-27-5-trekking-e-bike-2022\/\" \/>\n<meta property=\"og:site_name\" content=\"kgerad.de\" \/>\n<meta property=\"article:modified_time\" content=\"2023-08-10T12:17:22+00:00\" \/>\n<meta property=\"og:image\" content=\"https:\/\/kgerad.de\/wp-content\/uploads\/2023\/06\/lapierre-e-explorer-mix-3-4-01-1288270.jpg\" \/>\n\t<meta property=\"og:image:width\" content=\"720\" \/>\n\t<meta property=\"og:image:height\" content=\"720\" \/>\n\t<meta property=\"og:image:type\" content=\"image\/jpeg\" \/>\n<meta name=\"twitter:card\" content=\"summary_large_image\" \/>\n<meta name=\"twitter:label1\" content=\"Est. reading time\" \/>\n\t<meta name=\"twitter:data1\" content=\"2 minutes\" \/>\n<script type=\"application\/ld+json\" class=\"yoast-schema-graph\">{\"@context\":\"https:\/\/schema.org\",\"@graph\":[{\"@type\":\"WebPage\",\"@id\":\"https:\/\/kgerad.de\/produkt\/lapierre-e-explorer-3-4-mix-27-5-trekking-e-bike-2022\/\",\"url\":\"https:\/\/kgerad.de\/produkt\/lapierre-e-explorer-3-4-mix-27-5-trekking-e-bike-2022\/\",\"name\":\"Lapierre E-Explorer 3.4 Mix - 27.5\\\" Trekking E-Bike - 2022\",\"isPartOf\":{\"@id\":\"https:\/\/kgerad.de\/#website\"},\"primaryImageOfPage\":{\"@id\":\"https:\/\/kgerad.de\/produkt\/lapierre-e-explorer-3-4-mix-27-5-trekking-e-bike-2022\/#primaryimage\"},\"image\":{\"@id\":\"https:\/\/kgerad.de\/produkt\/lapierre-e-explorer-3-4-mix-27-5-trekking-e-bike-2022\/#primaryimage\"},\"thumbnailUrl\":\"https:\/\/kgerad.de\/wp-content\/uploads\/2023\/06\/lapierre-e-explorer-mix-3-4-01-1288270.jpg\",\"datePublished\":\"2023-03-01T13:48:23+00:00\",\"dateModified\":\"2023-08-10T12:17:22+00:00\",\"description\":\"Entdecken Sie unseren Online-Fahrradladen: Gro\u00dfe Auswahl an Modellen f\u00fcr alle Radsportbegeisterten. Von Rennr\u00e4dern bis zu Mountainbikes - finden Sie heute Ihren perfekten Wegbegleiter!\",\"breadcrumb\":{\"@id\":\"https:\/\/kgerad.de\/produkt\/lapierre-e-explorer-3-4-mix-27-5-trekking-e-bike-2022\/#breadcrumb\"},\"inLanguage\":\"en-US\",\"potentialAction\":[{\"@type\":\"ReadAction\",\"target\":[\"https:\/\/kgerad.de\/produkt\/lapierre-e-explorer-3-4-mix-27-5-trekking-e-bike-2022\/\"]}]},{\"@type\":\"ImageObject\",\"inLanguage\":\"en-US\",\"@id\":\"https:\/\/kgerad.de\/produkt\/lapierre-e-explorer-3-4-mix-27-5-trekking-e-bike-2022\/#primaryimage\",\"url\":\"https:\/\/kgerad.de\/wp-content\/uploads\/2023\/06\/lapierre-e-explorer-mix-3-4-01-1288270.jpg\",\"contentUrl\":\"https:\/\/kgerad.de\/wp-content\/uploads\/2023\/06\/lapierre-e-explorer-mix-3-4-01-1288270.jpg\",\"width\":720,\"height\":720,\"caption\":\"Lapierre E-Explorer 3.4 Mix - 27.5\\\" Trekking E-Bike - 2022\"},{\"@type\":\"BreadcrumbList\",\"@id\":\"https:\/\/kgerad.de\/produkt\/lapierre-e-explorer-3-4-mix-27-5-trekking-e-bike-2022\/#breadcrumb\",\"itemListElement\":[{\"@type\":\"ListItem\",\"position\":1,\"name\":\"Startseite\",\"item\":\"https:\/\/kgerad.de\/\"},{\"@type\":\"ListItem\",\"position\":2,\"name\":\"LADEN\",\"item\":\"https:\/\/kgerad.de\/laden\/\"},{\"@type\":\"ListItem\",\"position\":3,\"name\":\"Lapierre E-Explorer 3.4 Mix &#8211; 27.5&#8243; Trekking E-Bike &#8211; 2022\"}]},{\"@type\":\"WebSite\",\"@id\":\"https:\/\/kgerad.de\/#website\",\"url\":\"https:\/\/kgerad.de\/\",\"name\":\"kgerad.de\",\"description\":\"Treten Sie mit uns ins Abenteuer!\",\"publisher\":{\"@id\":\"https:\/\/kgerad.de\/#organization\"},\"alternateName\":\"MEIN RADLADEN\",\"potentialAction\":[{\"@type\":\"SearchAction\",\"target\":{\"@type\":\"EntryPoint\",\"urlTemplate\":\"https:\/\/kgerad.de\/?s={search_term_string}\"},\"query-input\":{\"@type\":\"PropertyValueSpecification\",\"valueRequired\":true,\"valueName\":\"search_term_string\"}}],\"inLanguage\":\"en-US\"},{\"@type\":\"Organization\",\"@id\":\"https:\/\/kgerad.de\/#organization\",\"name\":\"MEINRADLADEN\",\"alternateName\":\"MEIN RADLADEN\",\"url\":\"https:\/\/kgerad.de\/\",\"logo\":{\"@type\":\"ImageObject\",\"inLanguage\":\"en-US\",\"@id\":\"https:\/\/kgerad.de\/#\/schema\/logo\/image\/\",\"url\":\"https:\/\/kgerad.de\/wp-content\/uploads\/2025\/07\/logo-Whit.svg\",\"contentUrl\":\"https:\/\/kgerad.de\/wp-content\/uploads\/2025\/07\/logo-Whit.svg\",\"width\":1640,\"height\":371,\"caption\":\"MEINRADLADEN\"},\"image\":{\"@id\":\"https:\/\/kgerad.de\/#\/schema\/logo\/image\/\"}}]}<\/script>\n<!-- \/ Yoast SEO Premium plugin. -->","yoast_head_json":{"title":"Lapierre E-Explorer 3.4 Mix - 27.5\" Trekking E-Bike - 2022","description":"Entdecken Sie unseren Online-Fahrradladen: Gro\u00dfe Auswahl an Modellen f\u00fcr alle Radsportbegeisterten. Von Rennr\u00e4dern bis zu Mountainbikes - finden Sie heute Ihren perfekten Wegbegleiter!","robots":{"index":"index","follow":"follow","max-snippet":"max-snippet:-1","max-image-preview":"max-image-preview:large","max-video-preview":"max-video-preview:-1"},"canonical":"https:\/\/kgerad.de\/en\/product\/lapierre-e-explorer-3-4-mix-27-5-trekking-e-bike-2022\/","og_locale":"en_US","og_type":"article","og_title":"Lapierre E-Explorer 3.4 Mix - 27.5\" Trekking E-Bike - 2022","og_description":"Entdecken Sie unseren Online-Fahrradladen: Gro\u00dfe Auswahl an Modellen f\u00fcr alle Radsportbegeisterten. Von Rennr\u00e4dern bis zu Mountainbikes - finden Sie heute Ihren perfekten Wegbegleiter!","og_url":"https:\/\/kgerad.de\/en\/product\/lapierre-e-explorer-3-4-mix-27-5-trekking-e-bike-2022\/","og_site_name":"kgerad.de","article_modified_time":"2023-08-10T12:17:22+00:00","og_image":[{"width":720,"height":720,"url":"https:\/\/kgerad.de\/wp-content\/uploads\/2023\/06\/lapierre-e-explorer-mix-3-4-01-1288270.jpg","type":"image\/jpeg"}],"twitter_card":"summary_large_image","twitter_misc":{"Est. reading time":"2 minutes"},"schema":{"@context":"https:\/\/schema.org","@graph":[{"@type":"WebPage","@id":"https:\/\/kgerad.de\/produkt\/lapierre-e-explorer-3-4-mix-27-5-trekking-e-bike-2022\/","url":"https:\/\/kgerad.de\/produkt\/lapierre-e-explorer-3-4-mix-27-5-trekking-e-bike-2022\/","name":"Lapierre E-Explorer 3.4 Mix - 27.5\" Trekking E-Bike - 2022","isPartOf":{"@id":"https:\/\/kgerad.de\/#website"},"primaryImageOfPage":{"@id":"https:\/\/kgerad.de\/produkt\/lapierre-e-explorer-3-4-mix-27-5-trekking-e-bike-2022\/#primaryimage"},"image":{"@id":"https:\/\/kgerad.de\/produkt\/lapierre-e-explorer-3-4-mix-27-5-trekking-e-bike-2022\/#primaryimage"},"thumbnailUrl":"https:\/\/kgerad.de\/wp-content\/uploads\/2023\/06\/lapierre-e-explorer-mix-3-4-01-1288270.jpg","datePublished":"2023-03-01T13:48:23+00:00","dateModified":"2023-08-10T12:17:22+00:00","description":"Entdecken Sie unseren Online-Fahrradladen: Gro\u00dfe Auswahl an Modellen f\u00fcr alle Radsportbegeisterten. Von Rennr\u00e4dern bis zu Mountainbikes - finden Sie heute Ihren perfekten Wegbegleiter!","breadcrumb":{"@id":"https:\/\/kgerad.de\/produkt\/lapierre-e-explorer-3-4-mix-27-5-trekking-e-bike-2022\/#breadcrumb"},"inLanguage":"en-US","potentialAction":[{"@type":"ReadAction","target":["https:\/\/kgerad.de\/produkt\/lapierre-e-explorer-3-4-mix-27-5-trekking-e-bike-2022\/"]}]},{"@type":"ImageObject","inLanguage":"en-US","@id":"https:\/\/kgerad.de\/produkt\/lapierre-e-explorer-3-4-mix-27-5-trekking-e-bike-2022\/#primaryimage","url":"https:\/\/kgerad.de\/wp-content\/uploads\/2023\/06\/lapierre-e-explorer-mix-3-4-01-1288270.jpg","contentUrl":"https:\/\/kgerad.de\/wp-content\/uploads\/2023\/06\/lapierre-e-explorer-mix-3-4-01-1288270.jpg","width":720,"height":720,"caption":"Lapierre E-Explorer 3.4 Mix - 27.5\" Trekking E-Bike - 2022"},{"@type":"BreadcrumbList","@id":"https:\/\/kgerad.de\/produkt\/lapierre-e-explorer-3-4-mix-27-5-trekking-e-bike-2022\/#breadcrumb","itemListElement":[{"@type":"ListItem","position":1,"name":"Startseite","item":"https:\/\/kgerad.de\/"},{"@type":"ListItem","position":2,"name":"LADEN","item":"https:\/\/kgerad.de\/laden\/"},{"@type":"ListItem","position":3,"name":"Lapierre E-Explorer 3.4 Mix &#8211; 27.5&#8243; Trekking E-Bike &#8211; 2022"}]},{"@type":"WebSite","@id":"https:\/\/kgerad.de\/#website","url":"https:\/\/kgerad.de\/","name":"kgerad.de","description":"Treten Sie mit uns ins Abenteuer!","publisher":{"@id":"https:\/\/kgerad.de\/#organization"},"alternateName":"MEIN RADLADEN","potentialAction":[{"@type":"SearchAction","target":{"@type":"EntryPoint","urlTemplate":"https:\/\/kgerad.de\/?s={search_term_string}"},"query-input":{"@type":"PropertyValueSpecification","valueRequired":true,"valueName":"search_term_string"}}],"inLanguage":"en-US"},{"@type":"Organization","@id":"https:\/\/kgerad.de\/#organization","name":"MEINRADLADEN","alternateName":"MEIN RADLADEN","url":"https:\/\/kgerad.de\/","logo":{"@type":"ImageObject","inLanguage":"en-US","@id":"https:\/\/kgerad.de\/#\/schema\/logo\/image\/","url":"https:\/\/kgerad.de\/wp-content\/uploads\/2025\/07\/logo-Whit.svg","contentUrl":"https:\/\/kgerad.de\/wp-content\/uploads\/2025\/07\/logo-Whit.svg","width":1640,"height":371,"caption":"MEINRADLADEN"},"image":{"@id":"https:\/\/kgerad.de\/#\/schema\/logo\/image\/"}}]}},"_links":{"self":[{"href":"https:\/\/kgerad.de\/en\/wp-json\/wp\/v2\/product\/66204","targetHints":{"allow":["GET"]}}],"collection":[{"href":"https:\/\/kgerad.de\/en\/wp-json\/wp\/v2\/product"}],"about":[{"href":"https:\/\/kgerad.de\/en\/wp-json\/wp\/v2\/types\/product"}],"replies":[{"embeddable":true,"href":"https:\/\/kgerad.de\/en\/wp-json\/wp\/v2\/comments?post=66204"}],"version-history":[{"count":1,"href":"https:\/\/kgerad.de\/en\/wp-json\/wp\/v2\/product\/66204\/revisions"}],"predecessor-version":[{"id":78383,"href":"https:\/\/kgerad.de\/en\/wp-json\/wp\/v2\/product\/66204\/revisions\/78383"}],"wp:featuredmedia":[{"embeddable":true,"href":"https:\/\/kgerad.de\/en\/wp-json\/wp\/v2\/media\/66205"}],"wp:attachment":[{"href":"https:\/\/kgerad.de\/en\/wp-json\/wp\/v2\/media?parent=66204"}],"wp:term":[{"taxonomy":"product_brand","embeddable":true,"href":"https:\/\/kgerad.de\/en\/wp-json\/wp\/v2\/product_brand?post=66204"},{"taxonomy":"product_cat","embeddable":true,"href":"https:\/\/kgerad.de\/en\/wp-json\/wp\/v2\/product_cat?post=66204"},{"taxonomy":"product_tag","embeddable":true,"href":"https:\/\/kgerad.de\/en\/wp-json\/wp\/v2\/product_tag?post=66204"}],"curies":[{"name":"wp","href":"https:\/\/api.w.org\/{rel}","templated":true}]}}