{"id":66039,"date":"2023-03-01T13:18:13","date_gmt":"2023-03-01T12:18:13","guid":{"rendered":"https:\/\/kgerad.de\/?post_type=product&#038;p=66039"},"modified":"2023-08-10T14:39:35","modified_gmt":"2023-08-10T12:39:35","slug":"scott-sub-tour-eride-10-damen-trekking-e-bike-2022","status":"publish","type":"product","link":"https:\/\/kgerad.de\/en\/product\/scott-sub-tour-eride-10-damen-trekking-e-bike-2022\/","title":{"rendered":"SCOTT SUB TOUR eRIDE 10 &#8211; Damen Trekking E-Bike &#8211; 2022"},"content":{"rendered":"<h2 class=\"product-detail-information-area__product-name\">SCOTT SUB TOUR eRIDE 10 &#8211; Damen Trekking E-Bike &#8211; 2022<\/h2>\n<p>Mit dem SCOTT SUB Tour eRIDE 10 kommt man problemlos durch die Stadt. Der elektrische 625Wh-Akkuantrieb von Bosch macht das SUB Tour eRIDE zum idealen Rad f\u00fcr Pendler. Ausgestattet mit hochwertiger Beleuchtung und Racktime-Gep\u00e4cktr\u00e4ger kann man auch mal mehr Kilometer fahren.<\/p>\n<p>&nbsp;<\/p>\n<h3>Merkmale des SCOTT<\/h3>\n<ul>\n<li>Sub eRIDE Aluminium-Rahmen<\/li>\n<li>Suntour NEX E25 Federgabel<\/li>\n<li>Shimano Deore 10-fach Schaltung<\/li>\n<li>Bosch Performance Motor<\/li>\n<li>625Wh PowerTube Akku<\/li>\n<\/ul>\n<p>&nbsp;<\/p>\n<h3>Details des SCOTT SUB<\/h3>\n<p>Mit dieser E-Bike-Generation wurde das Design weiter vorangetrieben als je zuvor. SCOTT sieht das Fahrrad als ein System, bei dem jedes Teil ber\u00fccksichtigt werden muss. Um die Integration zu verbessern, hat SCOTT vom Steuerrohr bis zu den Ausfallenden alles bedacht. Genie\u00dfe ein Fahrrad mit einem einzigartigem Charakter!<\/p>\n<p>Dank ihrer Reichweite, Langlebigkeit, des intelligenten Batteriemanagementsystems und der einfachen Handhabung geh\u00f6ren Bosch Power Tube Lithium-Ionen-Batterien zu den modernsten auf dem Markt. Die jahrzehntelange Erfahrung von Bosch hat sich ausgezahlt!<\/p>\n<h3 class=\"product-detail-data-sheet__title\">DATENBLATT F\u00dcR SCOTT SUB TOUR ERIDE 10 &#8211; DAMEN TREKKING E-BIKE &#8211; 2022 &#8211; DOLPHIN GREY \/ ICE GREY<\/h3>\n<table class=\"product-detail-data-sheet__table\">\n<tbody>\n<tr class=\"product-detail-data-sheet__row\">\n<td class=\"product-detail-data-sheet__cell product-detail-data-sheet__cell--title\">Produktname:<\/td>\n<td class=\"product-detail-data-sheet__cell product-detail-data-sheet__cell--value\">SCOTT SUB TOUR eRIDE 10 &#8211; Damen Trekking E-Bike &#8211; 2022 &#8211; dolphin grey \/ ice grey<\/td>\n<\/tr>\n<tr class=\"product-detail-data-sheet__row\">\n<td class=\"product-detail-data-sheet__cell product-detail-data-sheet__cell--title\">Hersteller:<\/td>\n<td class=\"product-detail-data-sheet__cell product-detail-data-sheet__cell--value\">SCOTT Bikes<\/td>\n<\/tr>\n<tr class=\"product-detail-data-sheet__row\">\n<td class=\"product-detail-data-sheet__cell product-detail-data-sheet__cell--title\">Artikelnummer:<\/td>\n<td class=\"product-detail-data-sheet__cell product-detail-data-sheet__cell--value\">SCB553894<\/td>\n<\/tr>\n<tr class=\"product-detail-data-sheet__row\">\n<td class=\"product-detail-data-sheet__cell product-detail-data-sheet__cell--title\">Aktivit\u00e4t:<\/td>\n<td class=\"product-detail-data-sheet__cell product-detail-data-sheet__cell--value\">Fahrrad<\/td>\n<\/tr>\n<tr class=\"product-detail-data-sheet__row\">\n<td class=\"product-detail-data-sheet__cell product-detail-data-sheet__cell--title\">Geschlecht:<\/td>\n<td class=\"product-detail-data-sheet__cell product-detail-data-sheet__cell--value\">Damen<\/td>\n<\/tr>\n<tr class=\"product-detail-data-sheet__row\">\n<td class=\"product-detail-data-sheet__cell product-detail-data-sheet__cell--title\">Material:<\/td>\n<td class=\"product-detail-data-sheet__cell product-detail-data-sheet__cell--value\">Aluminium<\/td>\n<\/tr>\n<tr class=\"product-detail-data-sheet__row\">\n<td class=\"product-detail-data-sheet__cell product-detail-data-sheet__cell--title\">Einsatzbereich:<\/td>\n<td class=\"product-detail-data-sheet__cell product-detail-data-sheet__cell--value\">Trekking, E-Bike, City<\/td>\n<\/tr>\n<tr class=\"product-detail-data-sheet__row\">\n<td class=\"product-detail-data-sheet__cell product-detail-data-sheet__cell--title\">Naben:<\/td>\n<td class=\"product-detail-data-sheet__cell product-detail-data-sheet__cell--value\">Shimano HBMT-200B | Shimano FHMT-200B<\/td>\n<\/tr>\n<tr class=\"product-detail-data-sheet__row\">\n<td class=\"product-detail-data-sheet__cell product-detail-data-sheet__cell--title\">Felgen:<\/td>\n<td class=\"product-detail-data-sheet__cell product-detail-data-sheet__cell--value\">Cross X17<\/td>\n<\/tr>\n<tr class=\"product-detail-data-sheet__row\">\n<td class=\"product-detail-data-sheet__cell product-detail-data-sheet__cell--title\">Kette:<\/td>\n<td class=\"product-detail-data-sheet__cell product-detail-data-sheet__cell--value\">KMC E10S<\/td>\n<\/tr>\n<tr class=\"product-detail-data-sheet__row\">\n<td class=\"product-detail-data-sheet__cell product-detail-data-sheet__cell--title\">Kassette:<\/td>\n<td class=\"product-detail-data-sheet__cell product-detail-data-sheet__cell--value\">Shimano CSM-4100<\/td>\n<\/tr>\n<tr class=\"product-detail-data-sheet__row\">\n<td class=\"product-detail-data-sheet__cell product-detail-data-sheet__cell--title\">Schalthebel:<\/td>\n<td class=\"product-detail-data-sheet__cell product-detail-data-sheet__cell--value\">Shimano Deore<\/td>\n<\/tr>\n<tr class=\"product-detail-data-sheet__row\">\n<td class=\"product-detail-data-sheet__cell product-detail-data-sheet__cell--title\">Schaltwerk:<\/td>\n<td class=\"product-detail-data-sheet__cell product-detail-data-sheet__cell--value\">Shimano Deore<\/td>\n<\/tr>\n<tr class=\"product-detail-data-sheet__row\">\n<td class=\"product-detail-data-sheet__cell product-detail-data-sheet__cell--title\">Kettenblatt Abstufung:<\/td>\n<td class=\"product-detail-data-sheet__cell product-detail-data-sheet__cell--value\">38<\/td>\n<\/tr>\n<tr class=\"product-detail-data-sheet__row\">\n<td class=\"product-detail-data-sheet__cell product-detail-data-sheet__cell--title\">Kurbel:<\/td>\n<td class=\"product-detail-data-sheet__cell product-detail-data-sheet__cell--value\">Miranda<\/td>\n<\/tr>\n<tr class=\"product-detail-data-sheet__row\">\n<td class=\"product-detail-data-sheet__cell product-detail-data-sheet__cell--title\">Bremsen:<\/td>\n<td class=\"product-detail-data-sheet__cell product-detail-data-sheet__cell--value\">Shimano BR-M200<\/td>\n<\/tr>\n<tr class=\"product-detail-data-sheet__row\">\n<td class=\"product-detail-data-sheet__cell product-detail-data-sheet__cell--title\">Sattelst\u00fctze:<\/td>\n<td class=\"product-detail-data-sheet__cell product-detail-data-sheet__cell--value\">Syncros 3.0 | 31.6 mm | 350mm<\/td>\n<\/tr>\n<tr class=\"product-detail-data-sheet__row\">\n<td class=\"product-detail-data-sheet__cell product-detail-data-sheet__cell--title\">Sattel:<\/td>\n<td class=\"product-detail-data-sheet__cell product-detail-data-sheet__cell--value\">Selle Royale Essenza<\/td>\n<\/tr>\n<tr class=\"product-detail-data-sheet__row\">\n<td class=\"product-detail-data-sheet__cell product-detail-data-sheet__cell--title\">Lenker:<\/td>\n<td class=\"product-detail-data-sheet__cell product-detail-data-sheet__cell--value\">Syncros UC 3.0 | 680mm | 15\u00b0 Backsweep | 12mm Rise<\/td>\n<\/tr>\n<tr class=\"product-detail-data-sheet__row\">\n<td class=\"product-detail-data-sheet__cell product-detail-data-sheet__cell--title\">Vorbau:<\/td>\n<td class=\"product-detail-data-sheet__cell product-detail-data-sheet__cell--value\">Syncros UC 3.0<\/td>\n<\/tr>\n<tr class=\"product-detail-data-sheet__row\">\n<td class=\"product-detail-data-sheet__cell product-detail-data-sheet__cell--title\">Gabel:<\/td>\n<td class=\"product-detail-data-sheet__cell product-detail-data-sheet__cell--value\">SUNTOUR NEX-E25 DS<\/td>\n<\/tr>\n<tr class=\"product-detail-data-sheet__row\">\n<td class=\"product-detail-data-sheet__cell product-detail-data-sheet__cell--title\">Steuersatz:<\/td>\n<td class=\"product-detail-data-sheet__cell product-detail-data-sheet__cell--value\">GW<\/td>\n<\/tr>\n<tr class=\"product-detail-data-sheet__row\">\n<td class=\"product-detail-data-sheet__cell product-detail-data-sheet__cell--title\">Rahmen:<\/td>\n<td class=\"product-detail-data-sheet__cell product-detail-data-sheet__cell--value\">Sub eRIDE AL 6061<\/td>\n<\/tr>\n<tr class=\"product-detail-data-sheet__row\">\n<td class=\"product-detail-data-sheet__cell product-detail-data-sheet__cell--title\">Schaltgruppe:<\/td>\n<td class=\"product-detail-data-sheet__cell product-detail-data-sheet__cell--value\">Shimano<\/td>\n<\/tr>\n<tr class=\"product-detail-data-sheet__row\">\n<td class=\"product-detail-data-sheet__cell product-detail-data-sheet__cell--title\">Abstufung Kassette:<\/td>\n<td class=\"product-detail-data-sheet__cell product-detail-data-sheet__cell--value\">11-42<\/td>\n<\/tr>\n<tr class=\"product-detail-data-sheet__row\">\n<td class=\"product-detail-data-sheet__cell product-detail-data-sheet__cell--title\">Akku Energie:<\/td>\n<td class=\"product-detail-data-sheet__cell product-detail-data-sheet__cell--value\">625Wh<\/td>\n<\/tr>\n<tr class=\"product-detail-data-sheet__row\">\n<td class=\"product-detail-data-sheet__cell product-detail-data-sheet__cell--title\">Anzahl der Kettenbl\u00e4tter:<\/td>\n<td class=\"product-detail-data-sheet__cell product-detail-data-sheet__cell--value\">1<\/td>\n<\/tr>\n<tr class=\"product-detail-data-sheet__row\">\n<td class=\"product-detail-data-sheet__cell product-detail-data-sheet__cell--title\">Schaltung:<\/td>\n<td class=\"product-detail-data-sheet__cell product-detail-data-sheet__cell--value\">10-fach<\/td>\n<\/tr>\n<tr class=\"product-detail-data-sheet__row\">\n<td class=\"product-detail-data-sheet__cell product-detail-data-sheet__cell--title\">Schaltbet\u00e4tigung:<\/td>\n<td class=\"product-detail-data-sheet__cell product-detail-data-sheet__cell--value\">Mechanisch<\/td>\n<\/tr>\n<tr class=\"product-detail-data-sheet__row\">\n<td class=\"product-detail-data-sheet__cell product-detail-data-sheet__cell--title\">E-Bike Akku:<\/td>\n<td class=\"product-detail-data-sheet__cell product-detail-data-sheet__cell--value\">Bosch PowerTube<\/td>\n<\/tr>\n<tr class=\"product-detail-data-sheet__row\">\n<td class=\"product-detail-data-sheet__cell product-detail-data-sheet__cell--title\">Unterst\u00fctzte Geschwindigkeit:<\/td>\n<td class=\"product-detail-data-sheet__cell product-detail-data-sheet__cell--value\">max. 25 km\/h<\/td>\n<\/tr>\n<tr class=\"product-detail-data-sheet__row\">\n<td class=\"product-detail-data-sheet__cell product-detail-data-sheet__cell--title\">Antriebseinheit Hersteller:<\/td>\n<td class=\"product-detail-data-sheet__cell product-detail-data-sheet__cell--value\">Bosch<\/td>\n<\/tr>\n<tr class=\"product-detail-data-sheet__row\">\n<td class=\"product-detail-data-sheet__cell product-detail-data-sheet__cell--title\">Motorposition:<\/td>\n<td class=\"product-detail-data-sheet__cell product-detail-data-sheet__cell--value\">Mittelmotor<\/td>\n<\/tr>\n<tr class=\"product-detail-data-sheet__row\">\n<td class=\"product-detail-data-sheet__cell product-detail-data-sheet__cell--title\">Fahrrad Zusatzausstattung:<\/td>\n<td class=\"product-detail-data-sheet__cell product-detail-data-sheet__cell--value\">mit Lichtanlage, mit Schutzblech, mit Gep\u00e4cktr\u00e4ger<\/td>\n<\/tr>\n<tr class=\"product-detail-data-sheet__row\">\n<td class=\"product-detail-data-sheet__cell product-detail-data-sheet__cell--title\">Art der Bremse:<\/td>\n<td class=\"product-detail-data-sheet__cell product-detail-data-sheet__cell--value\">Scheibenbremse<\/td>\n<\/tr>\n<tr class=\"product-detail-data-sheet__row\">\n<td class=\"product-detail-data-sheet__cell product-detail-data-sheet__cell--title\">Laufradgr\u00f6\u00dfe:<\/td>\n<td class=\"product-detail-data-sheet__cell product-detail-data-sheet__cell--value\">28&#8243; (29&#8243;) (622mm)<\/td>\n<\/tr>\n<tr class=\"product-detail-data-sheet__row\">\n<td class=\"product-detail-data-sheet__cell product-detail-data-sheet__cell--title\">Fahrrad Sonderausstattung:<\/td>\n<td class=\"product-detail-data-sheet__cell product-detail-data-sheet__cell--value\">2A Charger<\/td>\n<\/tr>\n<tr class=\"product-detail-data-sheet__row\">\n<td class=\"product-detail-data-sheet__cell product-detail-data-sheet__cell--title\">Fahrrad Beleuchtung:<\/td>\n<td class=\"product-detail-data-sheet__cell product-detail-data-sheet__cell--value\">Lezyne Front Mini | Superbright<\/td>\n<\/tr>\n<tr class=\"product-detail-data-sheet__row\">\n<td class=\"product-detail-data-sheet__cell product-detail-data-sheet__cell--title\">Federweg Gabel:<\/td>\n<td class=\"product-detail-data-sheet__cell product-detail-data-sheet__cell--value\">60mm<\/td>\n<\/tr>\n<tr class=\"product-detail-data-sheet__row\">\n<td class=\"product-detail-data-sheet__cell product-detail-data-sheet__cell--title\">Pedale:<\/td>\n<td class=\"product-detail-data-sheet__cell product-detail-data-sheet__cell--value\">Syncros SP-828<\/td>\n<\/tr>\n<tr class=\"product-detail-data-sheet__row\">\n<td class=\"product-detail-data-sheet__cell product-detail-data-sheet__cell--title\">Reifen:<\/td>\n<td class=\"product-detail-data-sheet__cell product-detail-data-sheet__cell--value\">Schwalbe Energizer Active Plus | 700x50C<\/td>\n<\/tr>\n<tr class=\"product-detail-data-sheet__row\">\n<td class=\"product-detail-data-sheet__cell product-detail-data-sheet__cell--title\">Bremsbet\u00e4tigung:<\/td>\n<td class=\"product-detail-data-sheet__cell product-detail-data-sheet__cell--value\">Hydraulisch<\/td>\n<\/tr>\n<tr class=\"product-detail-data-sheet__row\">\n<td class=\"product-detail-data-sheet__cell product-detail-data-sheet__cell--title\">Modelljahr:<\/td>\n<td class=\"product-detail-data-sheet__cell product-detail-data-sheet__cell--value\">2022<\/td>\n<\/tr>\n<tr class=\"product-detail-data-sheet__row\">\n<td class=\"product-detail-data-sheet__cell product-detail-data-sheet__cell--title\">Farbe:<\/td>\n<td class=\"product-detail-data-sheet__cell product-detail-data-sheet__cell--value\">Grau<\/td>\n<\/tr>\n<tr class=\"product-detail-data-sheet__row\">\n<td class=\"product-detail-data-sheet__cell product-detail-data-sheet__cell--title\">Gabel Bauart:<\/td>\n<td class=\"product-detail-data-sheet__cell product-detail-data-sheet__cell--value\">klassische Federgabel<\/td>\n<\/tr>\n<tr class=\"product-detail-data-sheet__row\">\n<td class=\"product-detail-data-sheet__cell product-detail-data-sheet__cell--title\">Gewicht:<\/td>\n<td class=\"product-detail-data-sheet__cell product-detail-data-sheet__cell--value\">32580g<\/td>\n<\/tr>\n<tr class=\"product-detail-data-sheet__row\">\n<td class=\"product-detail-data-sheet__cell product-detail-data-sheet__cell--title\">Herstellerartikelnummer:<\/td>\n<td class=\"product-detail-data-sheet__cell product-detail-data-sheet__cell--value\">286566<\/td>\n<\/tr>\n<tr class=\"product-detail-data-sheet__row\">\n<td class=\"product-detail-data-sheet__cell product-detail-data-sheet__cell--title\">Zugverlegung:<\/td>\n<td class=\"product-detail-data-sheet__cell product-detail-data-sheet__cell--value\">intern<\/td>\n<\/tr>\n<tr class=\"product-detail-data-sheet__row\">\n<td class=\"product-detail-data-sheet__cell product-detail-data-sheet__cell--title\">Display \/ Bedienelement:<\/td>\n<td class=\"product-detail-data-sheet__cell product-detail-data-sheet__cell--value\">Bosch Purion<\/td>\n<\/tr>\n<tr class=\"product-detail-data-sheet__row\">\n<td class=\"product-detail-data-sheet__cell product-detail-data-sheet__cell--title\">Antriebseinheit Model:<\/td>\n<td class=\"product-detail-data-sheet__cell product-detail-data-sheet__cell--value\">Bosch Performance Line<\/td>\n<\/tr>\n<\/tbody>\n<\/table>","protected":false},"excerpt":{"rendered":"<p>SCOTT SUB TOUR eRIDE 10 &#8211; Damen Trekking E-Bike &#8211; 2022 Mit dem SCOTT SUB Tour eRIDE 10 kommt man<\/p>","protected":false},"featured_media":66040,"comment_status":"open","ping_status":"closed","template":"","meta":[],"product_brand":[],"product_cat":[33,247,35],"product_tag":[],"class_list":{"0":"post-66039","1":"product","2":"type-product","3":"status-publish","4":"has-post-thumbnail","6":"product_cat-e-bike","7":"product_cat-e-bike-trekking","8":"product_cat-e-bikes-2022","10":"first","11":"instock","12":"taxable","13":"shipping-taxable","14":"purchasable","15":"product-type-variable"},"yoast_head":"<!-- This site is optimized with the Yoast SEO Premium plugin v20.12 (Yoast SEO v27.1.1) - https:\/\/yoast.com\/product\/yoast-seo-premium-wordpress\/ -->\n<title>SCOTT SUB TOUR eRIDE 10 - Damen Trekking E-Bike - 2022<\/title>\n<meta name=\"description\" content=\"Entdecken Sie unseren Online-Fahrradladen: Gro\u00dfe Auswahl an Modellen f\u00fcr alle Radsportbegeisterten. Von Rennr\u00e4dern bis zu Mountainbikes - finden Sie heute Ihren perfekten Wegbegleiter!\" \/>\n<meta name=\"robots\" content=\"index, follow, max-snippet:-1, max-image-preview:large, max-video-preview:-1\" \/>\n<link rel=\"canonical\" href=\"https:\/\/kgerad.de\/en\/product\/scott-sub-tour-eride-10-damen-trekking-e-bike-2022\/\" \/>\n<meta property=\"og:locale\" content=\"en_US\" \/>\n<meta property=\"og:type\" content=\"article\" \/>\n<meta property=\"og:title\" content=\"SCOTT SUB TOUR eRIDE 10 - Damen Trekking E-Bike - 2022\" \/>\n<meta property=\"og:description\" content=\"Entdecken Sie unseren Online-Fahrradladen: Gro\u00dfe Auswahl an Modellen f\u00fcr alle Radsportbegeisterten. Von Rennr\u00e4dern bis zu Mountainbikes - finden Sie heute Ihren perfekten Wegbegleiter!\" \/>\n<meta property=\"og:url\" content=\"https:\/\/kgerad.de\/en\/product\/scott-sub-tour-eride-10-damen-trekking-e-bike-2022\/\" \/>\n<meta property=\"og:site_name\" content=\"kgerad.de\" \/>\n<meta property=\"article:modified_time\" content=\"2023-08-10T12:39:35+00:00\" \/>\n<meta property=\"og:image\" content=\"https:\/\/kgerad.de\/wp-content\/uploads\/2023\/06\/286566-scott-sub-tour-eride-10-1066626.jpg\" \/>\n\t<meta property=\"og:image:width\" content=\"720\" \/>\n\t<meta property=\"og:image:height\" content=\"720\" \/>\n\t<meta property=\"og:image:type\" content=\"image\/jpeg\" \/>\n<meta name=\"twitter:card\" content=\"summary_large_image\" \/>\n<meta name=\"twitter:label1\" content=\"Est. reading time\" \/>\n\t<meta name=\"twitter:data1\" content=\"3 minutes\" \/>\n<script type=\"application\/ld+json\" class=\"yoast-schema-graph\">{\"@context\":\"https:\/\/schema.org\",\"@graph\":[{\"@type\":\"WebPage\",\"@id\":\"https:\/\/kgerad.de\/produkt\/scott-sub-tour-eride-10-damen-trekking-e-bike-2022\/\",\"url\":\"https:\/\/kgerad.de\/produkt\/scott-sub-tour-eride-10-damen-trekking-e-bike-2022\/\",\"name\":\"SCOTT SUB TOUR eRIDE 10 - Damen Trekking E-Bike - 2022\",\"isPartOf\":{\"@id\":\"https:\/\/kgerad.de\/#website\"},\"primaryImageOfPage\":{\"@id\":\"https:\/\/kgerad.de\/produkt\/scott-sub-tour-eride-10-damen-trekking-e-bike-2022\/#primaryimage\"},\"image\":{\"@id\":\"https:\/\/kgerad.de\/produkt\/scott-sub-tour-eride-10-damen-trekking-e-bike-2022\/#primaryimage\"},\"thumbnailUrl\":\"https:\/\/kgerad.de\/wp-content\/uploads\/2023\/06\/286566-scott-sub-tour-eride-10-1066626.jpg\",\"datePublished\":\"2023-03-01T12:18:13+00:00\",\"dateModified\":\"2023-08-10T12:39:35+00:00\",\"description\":\"Entdecken Sie unseren Online-Fahrradladen: Gro\u00dfe Auswahl an Modellen f\u00fcr alle Radsportbegeisterten. Von Rennr\u00e4dern bis zu Mountainbikes - finden Sie heute Ihren perfekten Wegbegleiter!\",\"breadcrumb\":{\"@id\":\"https:\/\/kgerad.de\/produkt\/scott-sub-tour-eride-10-damen-trekking-e-bike-2022\/#breadcrumb\"},\"inLanguage\":\"en-US\",\"potentialAction\":[{\"@type\":\"ReadAction\",\"target\":[\"https:\/\/kgerad.de\/produkt\/scott-sub-tour-eride-10-damen-trekking-e-bike-2022\/\"]}]},{\"@type\":\"ImageObject\",\"inLanguage\":\"en-US\",\"@id\":\"https:\/\/kgerad.de\/produkt\/scott-sub-tour-eride-10-damen-trekking-e-bike-2022\/#primaryimage\",\"url\":\"https:\/\/kgerad.de\/wp-content\/uploads\/2023\/06\/286566-scott-sub-tour-eride-10-1066626.jpg\",\"contentUrl\":\"https:\/\/kgerad.de\/wp-content\/uploads\/2023\/06\/286566-scott-sub-tour-eride-10-1066626.jpg\",\"width\":720,\"height\":720,\"caption\":\"SCOTT SUB TOUR eRIDE 10 - Damen Trekking E-Bike - 2022\"},{\"@type\":\"BreadcrumbList\",\"@id\":\"https:\/\/kgerad.de\/produkt\/scott-sub-tour-eride-10-damen-trekking-e-bike-2022\/#breadcrumb\",\"itemListElement\":[{\"@type\":\"ListItem\",\"position\":1,\"name\":\"Startseite\",\"item\":\"https:\/\/kgerad.de\/\"},{\"@type\":\"ListItem\",\"position\":2,\"name\":\"LADEN\",\"item\":\"https:\/\/kgerad.de\/laden\/\"},{\"@type\":\"ListItem\",\"position\":3,\"name\":\"SCOTT SUB TOUR eRIDE 10 &#8211; Damen Trekking E-Bike &#8211; 2022\"}]},{\"@type\":\"WebSite\",\"@id\":\"https:\/\/kgerad.de\/#website\",\"url\":\"https:\/\/kgerad.de\/\",\"name\":\"kgerad.de\",\"description\":\"Treten Sie mit uns ins Abenteuer!\",\"publisher\":{\"@id\":\"https:\/\/kgerad.de\/#organization\"},\"alternateName\":\"MEIN RADLADEN\",\"potentialAction\":[{\"@type\":\"SearchAction\",\"target\":{\"@type\":\"EntryPoint\",\"urlTemplate\":\"https:\/\/kgerad.de\/?s={search_term_string}\"},\"query-input\":{\"@type\":\"PropertyValueSpecification\",\"valueRequired\":true,\"valueName\":\"search_term_string\"}}],\"inLanguage\":\"en-US\"},{\"@type\":\"Organization\",\"@id\":\"https:\/\/kgerad.de\/#organization\",\"name\":\"MEINRADLADEN\",\"alternateName\":\"MEIN RADLADEN\",\"url\":\"https:\/\/kgerad.de\/\",\"logo\":{\"@type\":\"ImageObject\",\"inLanguage\":\"en-US\",\"@id\":\"https:\/\/kgerad.de\/#\/schema\/logo\/image\/\",\"url\":\"https:\/\/kgerad.de\/wp-content\/uploads\/2025\/07\/logo-Whit.svg\",\"contentUrl\":\"https:\/\/kgerad.de\/wp-content\/uploads\/2025\/07\/logo-Whit.svg\",\"width\":1640,\"height\":371,\"caption\":\"MEINRADLADEN\"},\"image\":{\"@id\":\"https:\/\/kgerad.de\/#\/schema\/logo\/image\/\"}}]}<\/script>\n<!-- \/ Yoast SEO Premium plugin. -->","yoast_head_json":{"title":"SCOTT SUB TOUR eRIDE 10 - Damen Trekking E-Bike - 2022","description":"Entdecken Sie unseren Online-Fahrradladen: Gro\u00dfe Auswahl an Modellen f\u00fcr alle Radsportbegeisterten. Von Rennr\u00e4dern bis zu Mountainbikes - finden Sie heute Ihren perfekten Wegbegleiter!","robots":{"index":"index","follow":"follow","max-snippet":"max-snippet:-1","max-image-preview":"max-image-preview:large","max-video-preview":"max-video-preview:-1"},"canonical":"https:\/\/kgerad.de\/en\/product\/scott-sub-tour-eride-10-damen-trekking-e-bike-2022\/","og_locale":"en_US","og_type":"article","og_title":"SCOTT SUB TOUR eRIDE 10 - Damen Trekking E-Bike - 2022","og_description":"Entdecken Sie unseren Online-Fahrradladen: Gro\u00dfe Auswahl an Modellen f\u00fcr alle Radsportbegeisterten. Von Rennr\u00e4dern bis zu Mountainbikes - finden Sie heute Ihren perfekten Wegbegleiter!","og_url":"https:\/\/kgerad.de\/en\/product\/scott-sub-tour-eride-10-damen-trekking-e-bike-2022\/","og_site_name":"kgerad.de","article_modified_time":"2023-08-10T12:39:35+00:00","og_image":[{"width":720,"height":720,"url":"https:\/\/kgerad.de\/wp-content\/uploads\/2023\/06\/286566-scott-sub-tour-eride-10-1066626.jpg","type":"image\/jpeg"}],"twitter_card":"summary_large_image","twitter_misc":{"Est. reading time":"3 minutes"},"schema":{"@context":"https:\/\/schema.org","@graph":[{"@type":"WebPage","@id":"https:\/\/kgerad.de\/produkt\/scott-sub-tour-eride-10-damen-trekking-e-bike-2022\/","url":"https:\/\/kgerad.de\/produkt\/scott-sub-tour-eride-10-damen-trekking-e-bike-2022\/","name":"SCOTT SUB TOUR eRIDE 10 - Damen Trekking E-Bike - 2022","isPartOf":{"@id":"https:\/\/kgerad.de\/#website"},"primaryImageOfPage":{"@id":"https:\/\/kgerad.de\/produkt\/scott-sub-tour-eride-10-damen-trekking-e-bike-2022\/#primaryimage"},"image":{"@id":"https:\/\/kgerad.de\/produkt\/scott-sub-tour-eride-10-damen-trekking-e-bike-2022\/#primaryimage"},"thumbnailUrl":"https:\/\/kgerad.de\/wp-content\/uploads\/2023\/06\/286566-scott-sub-tour-eride-10-1066626.jpg","datePublished":"2023-03-01T12:18:13+00:00","dateModified":"2023-08-10T12:39:35+00:00","description":"Entdecken Sie unseren Online-Fahrradladen: Gro\u00dfe Auswahl an Modellen f\u00fcr alle Radsportbegeisterten. Von Rennr\u00e4dern bis zu Mountainbikes - finden Sie heute Ihren perfekten Wegbegleiter!","breadcrumb":{"@id":"https:\/\/kgerad.de\/produkt\/scott-sub-tour-eride-10-damen-trekking-e-bike-2022\/#breadcrumb"},"inLanguage":"en-US","potentialAction":[{"@type":"ReadAction","target":["https:\/\/kgerad.de\/produkt\/scott-sub-tour-eride-10-damen-trekking-e-bike-2022\/"]}]},{"@type":"ImageObject","inLanguage":"en-US","@id":"https:\/\/kgerad.de\/produkt\/scott-sub-tour-eride-10-damen-trekking-e-bike-2022\/#primaryimage","url":"https:\/\/kgerad.de\/wp-content\/uploads\/2023\/06\/286566-scott-sub-tour-eride-10-1066626.jpg","contentUrl":"https:\/\/kgerad.de\/wp-content\/uploads\/2023\/06\/286566-scott-sub-tour-eride-10-1066626.jpg","width":720,"height":720,"caption":"SCOTT SUB TOUR eRIDE 10 - Damen Trekking E-Bike - 2022"},{"@type":"BreadcrumbList","@id":"https:\/\/kgerad.de\/produkt\/scott-sub-tour-eride-10-damen-trekking-e-bike-2022\/#breadcrumb","itemListElement":[{"@type":"ListItem","position":1,"name":"Startseite","item":"https:\/\/kgerad.de\/"},{"@type":"ListItem","position":2,"name":"LADEN","item":"https:\/\/kgerad.de\/laden\/"},{"@type":"ListItem","position":3,"name":"SCOTT SUB TOUR eRIDE 10 &#8211; Damen Trekking E-Bike &#8211; 2022"}]},{"@type":"WebSite","@id":"https:\/\/kgerad.de\/#website","url":"https:\/\/kgerad.de\/","name":"kgerad.de","description":"Treten Sie mit uns ins Abenteuer!","publisher":{"@id":"https:\/\/kgerad.de\/#organization"},"alternateName":"MEIN RADLADEN","potentialAction":[{"@type":"SearchAction","target":{"@type":"EntryPoint","urlTemplate":"https:\/\/kgerad.de\/?s={search_term_string}"},"query-input":{"@type":"PropertyValueSpecification","valueRequired":true,"valueName":"search_term_string"}}],"inLanguage":"en-US"},{"@type":"Organization","@id":"https:\/\/kgerad.de\/#organization","name":"MEINRADLADEN","alternateName":"MEIN RADLADEN","url":"https:\/\/kgerad.de\/","logo":{"@type":"ImageObject","inLanguage":"en-US","@id":"https:\/\/kgerad.de\/#\/schema\/logo\/image\/","url":"https:\/\/kgerad.de\/wp-content\/uploads\/2025\/07\/logo-Whit.svg","contentUrl":"https:\/\/kgerad.de\/wp-content\/uploads\/2025\/07\/logo-Whit.svg","width":1640,"height":371,"caption":"MEINRADLADEN"},"image":{"@id":"https:\/\/kgerad.de\/#\/schema\/logo\/image\/"}}]}},"_links":{"self":[{"href":"https:\/\/kgerad.de\/en\/wp-json\/wp\/v2\/product\/66039","targetHints":{"allow":["GET"]}}],"collection":[{"href":"https:\/\/kgerad.de\/en\/wp-json\/wp\/v2\/product"}],"about":[{"href":"https:\/\/kgerad.de\/en\/wp-json\/wp\/v2\/types\/product"}],"replies":[{"embeddable":true,"href":"https:\/\/kgerad.de\/en\/wp-json\/wp\/v2\/comments?post=66039"}],"version-history":[{"count":2,"href":"https:\/\/kgerad.de\/en\/wp-json\/wp\/v2\/product\/66039\/revisions"}],"predecessor-version":[{"id":78400,"href":"https:\/\/kgerad.de\/en\/wp-json\/wp\/v2\/product\/66039\/revisions\/78400"}],"wp:featuredmedia":[{"embeddable":true,"href":"https:\/\/kgerad.de\/en\/wp-json\/wp\/v2\/media\/66040"}],"wp:attachment":[{"href":"https:\/\/kgerad.de\/en\/wp-json\/wp\/v2\/media?parent=66039"}],"wp:term":[{"taxonomy":"product_brand","embeddable":true,"href":"https:\/\/kgerad.de\/en\/wp-json\/wp\/v2\/product_brand?post=66039"},{"taxonomy":"product_cat","embeddable":true,"href":"https:\/\/kgerad.de\/en\/wp-json\/wp\/v2\/product_cat?post=66039"},{"taxonomy":"product_tag","embeddable":true,"href":"https:\/\/kgerad.de\/en\/wp-json\/wp\/v2\/product_tag?post=66039"}],"curies":[{"name":"wp","href":"https:\/\/api.w.org\/{rel}","templated":true}]}}