{"id":65731,"date":"2023-02-28T22:29:25","date_gmt":"2023-02-28T21:29:25","guid":{"rendered":"https:\/\/kgerad.de\/?post_type=product&#038;p=65731"},"modified":"2023-08-10T18:14:28","modified_gmt":"2023-08-10T16:14:28","slug":"cube-nature-slx-galacticnblack","status":"publish","type":"product","link":"https:\/\/kgerad.de\/en\/product\/cube-nature-slx-galacticnblack\/","title":{"rendered":"Cube Nature SLX galactic\u00b4n\u00b4black"},"content":{"rendered":"<h2 class=\"content--title\"><strong>Cube<\/strong>\u00a0Nature SLX galactic\u00b4n\u00b4black<\/h2>\n<div class=\"product--description\">\n<p>F\u00fcr Nature Fans ist uns das Beste gerade gut genug! Beim Klassiker Cube Nature SLX aus leichtem Aluminium wurden die Rohrverbindungen deshalb im Smooth Welding Verfahren gestaltet \u2013 f\u00fcr einen cleanen, glatte Optik. Die Luftfedergabel und zuverl\u00e4ssigen Schaltkomponenten von Shimano erledigen den Rest. Wo auch immer deine Tour hingeht \u2013 mit diesem Bike sind selbst die k\u00fchnsten Abenteuer m\u00f6glich!<\/p>\n<hr \/>\n<p><a href=\"https:\/\/www.cube.eu\/360\/645360\" target=\"_blank\" rel=\"noopener\"><img decoding=\"async\" title=\"360\u00b0\" src=\"https:\/\/cd.bike-discount.de\/media\/image\/3a\/ee\/83\/360.png\" alt=\"\" width=\"40\" height=\"39\" data-mid=\"729769\" data-src=\"media\/image\/360.png\" \/>360\u00b0-Ansicht \u00f6ffnen<\/a><\/p>\n<hr \/>\n<p>Pioniere und Entdecker haben mit dem CUBE Nature SLX den richtigen Komplizen f\u00fcr ihre Leidenschaft unter dem Sattel. Denn seine legend\u00e4re und superzuverl\u00e4ssige Shimano XT 3&#215;10-Schaltung wechselt geschmeidig und pr\u00e4zise die G\u00e4nge und passt sich so jeder Situation auf Tour problemlos an. Diesen Performance-Anspruch erf\u00fcllen auch die dazu passenden hydraulischen XT Scheibenbremsen: maximale Bremsleistung, maximale Sicherheit, und das bei jedem Wetter. Die Suntour Luftfedergabel in Kombination mit 2.0 Zoll breiten Reifen steht f\u00fcr hohen Fahrkomfort, top Kontrolle und ein spritziges Fahrverhalten. Jetzt fehlt nur noch der Abenteurer, der aufsitzt und losradelt!<\/p>\n<hr \/>\n<h3>RAHMEN Cube Nature SLX<\/h3>\n<p>Je leichter ein Bike, desto besser sein Fahrverhalten. Deshalb besteht der Nature Rahmen auch aus doppelt konfizierten Aluminiumrohren, was sein Gewicht niedrig h\u00e4lt, ohne dass Belastbarkeit und Langlebigkeit verloren gehen. Er bietet zudem gen\u00fcgend Reifenfreiheit f\u00fcr bis zu 50 mm breite Reifen und damit mehr Fahrkomfort sowie ein konisches Steuerrohr f\u00fcr 1a-Lenkpr\u00e4zision. Zus\u00e4tzlich zu den im Smooth Welding Verfahren konstruierten Rohrverbindungen unterstreichen elegante Montagepunkte f\u00fcr Gep\u00e4cktr\u00e4ger und Schutzbleche den anmutigen Look und erlauben die einfache Umr\u00fcstung und Anpassung an individuelle Bed\u00fcrfnisse. Und dass das Chassis &#8211; wie alle CUBE Rahmen \u00fcbrigens &#8211; die strengen hauseigenen Sicherheitstests mit Bravour bestanden hat, versteht sich von selbst. Damit f\u00e4hrt es sich gleich noch entspannter. Und l\u00e4nger!<\/p>\n<h2>Ausstattung<\/h2>\n<div class=\"product--properties panel has--border\">\n<table class=\"product--properties-table\">\n<tbody>\n<tr class=\"product--properties-row row1\">\n<td class=\"product--properties-label is--bold\">Rahmen:<\/td>\n<td class=\"product--properties-value\">Aluminium Superlite, Trekking Cross, Taper, Double Butted<\/td>\n<\/tr>\n<tr class=\"product--properties-row row2\">\n<td class=\"product--properties-label is--bold\">Rahmenmaterial:<\/td>\n<td class=\"product--properties-value\">Aluminium<\/td>\n<\/tr>\n<tr class=\"product--properties-row row3\">\n<td class=\"product--properties-label is--bold\">Laufradgr\u00f6\u00dfe:<\/td>\n<td class=\"product--properties-value\">28&#8243;<\/td>\n<\/tr>\n<tr class=\"product--properties-row row4\">\n<td class=\"product--properties-label is--bold\">Farbe:<\/td>\n<td class=\"product--properties-value\">galactic\u00b4n\u00b4black<\/td>\n<\/tr>\n<tr class=\"product--properties-row row5\">\n<td class=\"product--properties-label is--bold\">Gabel:<\/td>\n<td class=\"product--properties-value\">SR Suntour NCX E RL Air T, 63mm, Remote Lockout<\/td>\n<\/tr>\n<tr class=\"product--properties-row row6\">\n<td class=\"product--properties-label is--bold\">Federweg:<\/td>\n<td class=\"product--properties-value\">63 mm<\/td>\n<\/tr>\n<tr class=\"product--properties-row row7\">\n<td class=\"product--properties-label is--bold\">Bremsen:<\/td>\n<td class=\"product--properties-value\">Shimano XT BR-M8100, Hydr. Disc Brake<\/td>\n<\/tr>\n<tr class=\"product--properties-row row8\">\n<td class=\"product--properties-label is--bold\">Bremsscheiben:<\/td>\n<td class=\"product--properties-value\">160\/160 mm<\/td>\n<\/tr>\n<tr class=\"product--properties-row row9\">\n<td class=\"product--properties-label is--bold\">Steuersatz:<\/td>\n<td class=\"product--properties-value\">VP Integrated, Top 1 1\/8&#8243;, Bottom 1 1\/2&#8243;<\/td>\n<\/tr>\n<tr class=\"product--properties-row row10\">\n<td class=\"product--properties-label is--bold\">Vorbau:<\/td>\n<td class=\"product--properties-value\">CUBE Performance Stem Pro, 31.8mm<\/td>\n<\/tr>\n<tr class=\"product--properties-row row11\">\n<td class=\"product--properties-label is--bold\">Lenker:<\/td>\n<td class=\"product--properties-value\">CUBE Comfort Trail Bar, 660mm<\/td>\n<\/tr>\n<tr class=\"product--properties-row row12\">\n<td class=\"product--properties-label is--bold\">Griffe:<\/td>\n<td class=\"product--properties-value\">ACID Travel<\/td>\n<\/tr>\n<tr class=\"product--properties-row row13\">\n<td class=\"product--properties-label is--bold\">Sattel:<\/td>\n<td class=\"product--properties-value\">Natural Fit Sequence+<\/td>\n<\/tr>\n<tr class=\"product--properties-row row14\">\n<td class=\"product--properties-label is--bold\">Sattelst\u00fctze:<\/td>\n<td class=\"product--properties-value\">CUBE Performance Post, 27.2mm<\/td>\n<\/tr>\n<tr class=\"product--properties-row row15\">\n<td class=\"product--properties-label is--bold\">Sattelklemme:<\/td>\n<td class=\"product--properties-value\">CUBE Varioclose, 31.8mm<\/td>\n<\/tr>\n<\/tbody>\n<\/table>\n<table class=\"product--properties-table\">\n<tbody>\n<tr class=\"product--properties-row row16\">\n<td class=\"product--properties-label is--bold\">Kurbel:<\/td>\n<td class=\"product--properties-value\">Shimano XT FC-T8000, Hollowtech II, 48x36x26T, 175mm, Integrated BB, Chainguard<\/td>\n<\/tr>\n<tr class=\"product--properties-row row17\">\n<td class=\"product--properties-label is--bold\">Schaltwerk:<\/td>\n<td class=\"product--properties-value\">Shimano XT RD-T8000, 10-speed<\/td>\n<\/tr>\n<tr class=\"product--properties-row row18\">\n<td class=\"product--properties-label is--bold\">Schalthebel:<\/td>\n<td class=\"product--properties-value\">Shimano XT SL-T8000<\/td>\n<\/tr>\n<tr class=\"product--properties-row row19\">\n<td class=\"product--properties-label is--bold\">Umwerfer:<\/td>\n<td class=\"product--properties-value\">Shimano XT FD-T8000, Top Swing, 31.8mm<\/td>\n<\/tr>\n<tr class=\"product--properties-row row20\">\n<td class=\"product--properties-label is--bold\">Kassette:<\/td>\n<td class=\"product--properties-value\">Shimano CS-M771, 11-34T<\/td>\n<\/tr>\n<tr class=\"product--properties-row row21\">\n<td class=\"product--properties-label is--bold\">Kette:<\/td>\n<td class=\"product--properties-value\">Shimano CN-HG95<\/td>\n<\/tr>\n<tr class=\"product--properties-row row22\">\n<td class=\"product--properties-label is--bold\">Reifen:<\/td>\n<td class=\"product--properties-value\">Schwalbe Land Cruiser, Active Light, 50-622<\/td>\n<\/tr>\n<tr class=\"product--properties-row row23\">\n<td class=\"product--properties-label is--bold\">Nabe Vorderrad:<\/td>\n<td class=\"product--properties-value\">Shimano XT HB-M8000, QR, Centerlock<\/td>\n<\/tr>\n<tr class=\"product--properties-row row24\">\n<td class=\"product--properties-label is--bold\">Nabe Hinterrad:<\/td>\n<td class=\"product--properties-value\">Shimano XT FH-M8000, QR, Centerlock<\/td>\n<\/tr>\n<tr class=\"product--properties-row row25\">\n<td class=\"product--properties-label is--bold\">Felgen:<\/td>\n<td class=\"product--properties-value\">CUBE EX21, 32H, Disc, Tubeless Ready<\/td>\n<\/tr>\n<tr class=\"product--properties-row row26\">\n<td class=\"product--properties-label is--bold\">Pedale:<\/td>\n<td class=\"product--properties-value\">ACID PP Trekking<\/td>\n<\/tr>\n<tr class=\"product--properties-row row27\">\n<td class=\"product--properties-label is--bold\">Zul\u00e4ssiges Gesamtgewicht:<\/td>\n<td class=\"product--properties-value\">140 kg (K\u00f6rpergewicht + Fahrrad + Ausr\u00fcstung)<\/td>\n<\/tr>\n<tr class=\"product--properties-row row28\">\n<td class=\"product--properties-label is--bold\">Gewicht Komplettrad:<\/td>\n<td class=\"product--properties-value\">ab 12,7 kg<\/td>\n<\/tr>\n<\/tbody>\n<\/table>\n<\/div>\n<\/div>","protected":false},"excerpt":{"rendered":"<p><label>EAN:<\/label>\u00a0<span class=\"netz-ean\">4054571402660<\/span><br \/>\n<label>Modelljahr:<\/label>\u00a02023<\/p>","protected":false},"featured_media":65732,"comment_status":"open","ping_status":"closed","template":"","meta":[],"product_brand":[],"product_cat":[719,36],"product_tag":[],"class_list":{"0":"post-65731","1":"product","2":"type-product","3":"status-publish","4":"has-post-thumbnail","6":"product_cat-cross-fitnessbike","7":"product_cat-fahrrad","8":"pa_marke-cube","10":"first","11":"instock","12":"sale","13":"taxable","14":"shipping-taxable","15":"purchasable","16":"product-type-variable"},"yoast_head":"<!-- This site is optimized with the Yoast SEO Premium plugin v20.12 (Yoast SEO v27.1.1) - https:\/\/yoast.com\/product\/yoast-seo-premium-wordpress\/ -->\n<title>Cube Nature SLX galactic\u00b4n\u00b4black<\/title>\n<meta name=\"description\" content=\"kgerad.de bietet Ihnen das Cube Nature SLX galactic\u00b4n\u00b4black zum besten Preis mit kostenlosem Versand in ganz Europa und mit sicherer Zahlung\" \/>\n<meta name=\"robots\" content=\"index, follow, max-snippet:-1, max-image-preview:large, max-video-preview:-1\" \/>\n<link rel=\"canonical\" href=\"https:\/\/kgerad.de\/en\/product\/cube-nature-slx-galacticnblack\/\" \/>\n<meta property=\"og:locale\" content=\"en_US\" \/>\n<meta property=\"og:type\" content=\"article\" \/>\n<meta property=\"og:title\" content=\"Cube Nature SLX galactic\u00b4n\u00b4black\" \/>\n<meta property=\"og:description\" content=\"Entdecken Sie unseren Online-Fahrradladen: Gro\u00dfe Auswahl an Modellen f\u00fcr alle Radsportbegeisterten. Von Rennr\u00e4dern bis zu Mountainbikes - finden Sie heute Ihren perfekten Wegbegleiter!\" \/>\n<meta property=\"og:url\" content=\"https:\/\/kgerad.de\/en\/product\/cube-nature-slx-galacticnblack\/\" \/>\n<meta property=\"og:site_name\" content=\"kgerad.de\" \/>\n<meta property=\"article:modified_time\" content=\"2023-08-10T16:14:28+00:00\" \/>\n<meta property=\"og:image\" content=\"https:\/\/kgerad.de\/wp-content\/uploads\/2023\/06\/Cube-Nature-SLX-galactic\u00b4n\u00b4black.jpg\" \/>\n\t<meta property=\"og:image:width\" content=\"2000\" \/>\n\t<meta property=\"og:image:height\" content=\"1197\" \/>\n\t<meta property=\"og:image:type\" content=\"image\/jpeg\" \/>\n<meta name=\"twitter:card\" content=\"summary_large_image\" \/>\n<meta name=\"twitter:label1\" content=\"Est. reading time\" \/>\n\t<meta name=\"twitter:data1\" content=\"3 minutes\" \/>\n<script type=\"application\/ld+json\" class=\"yoast-schema-graph\">{\"@context\":\"https:\/\/schema.org\",\"@graph\":[{\"@type\":\"WebPage\",\"@id\":\"https:\/\/kgerad.de\/produkt\/cube-nature-slx-galacticnblack\/\",\"url\":\"https:\/\/kgerad.de\/produkt\/cube-nature-slx-galacticnblack\/\",\"name\":\"Cube Nature SLX galactic\u00b4n\u00b4black\",\"isPartOf\":{\"@id\":\"https:\/\/kgerad.de\/#website\"},\"primaryImageOfPage\":{\"@id\":\"https:\/\/kgerad.de\/produkt\/cube-nature-slx-galacticnblack\/#primaryimage\"},\"image\":{\"@id\":\"https:\/\/kgerad.de\/produkt\/cube-nature-slx-galacticnblack\/#primaryimage\"},\"thumbnailUrl\":\"https:\/\/kgerad.de\/wp-content\/uploads\/2023\/06\/Cube-Nature-SLX-galactic\u00b4n\u00b4black.jpg\",\"datePublished\":\"2023-02-28T21:29:25+00:00\",\"dateModified\":\"2023-08-10T16:14:28+00:00\",\"description\":\"kgerad.de bietet Ihnen das Cube Nature SLX galactic\u00b4n\u00b4black zum besten Preis mit kostenlosem Versand in ganz Europa und mit sicherer Zahlung\",\"breadcrumb\":{\"@id\":\"https:\/\/kgerad.de\/produkt\/cube-nature-slx-galacticnblack\/#breadcrumb\"},\"inLanguage\":\"en-US\",\"potentialAction\":[{\"@type\":\"ReadAction\",\"target\":[\"https:\/\/kgerad.de\/produkt\/cube-nature-slx-galacticnblack\/\"]}]},{\"@type\":\"ImageObject\",\"inLanguage\":\"en-US\",\"@id\":\"https:\/\/kgerad.de\/produkt\/cube-nature-slx-galacticnblack\/#primaryimage\",\"url\":\"https:\/\/kgerad.de\/wp-content\/uploads\/2023\/06\/Cube-Nature-SLX-galactic\u00b4n\u00b4black.jpg\",\"contentUrl\":\"https:\/\/kgerad.de\/wp-content\/uploads\/2023\/06\/Cube-Nature-SLX-galactic\u00b4n\u00b4black.jpg\",\"width\":2000,\"height\":1197,\"caption\":\"Cube Nature SLX galactic\u00b4n\u00b4black\"},{\"@type\":\"BreadcrumbList\",\"@id\":\"https:\/\/kgerad.de\/produkt\/cube-nature-slx-galacticnblack\/#breadcrumb\",\"itemListElement\":[{\"@type\":\"ListItem\",\"position\":1,\"name\":\"Startseite\",\"item\":\"https:\/\/kgerad.de\/\"},{\"@type\":\"ListItem\",\"position\":2,\"name\":\"LADEN\",\"item\":\"https:\/\/kgerad.de\/laden\/\"},{\"@type\":\"ListItem\",\"position\":3,\"name\":\"Cube Nature SLX galactic\u00b4n\u00b4black\"}]},{\"@type\":\"WebSite\",\"@id\":\"https:\/\/kgerad.de\/#website\",\"url\":\"https:\/\/kgerad.de\/\",\"name\":\"kgerad.de\",\"description\":\"Treten Sie mit uns ins Abenteuer!\",\"publisher\":{\"@id\":\"https:\/\/kgerad.de\/#organization\"},\"alternateName\":\"MEIN RADLADEN\",\"potentialAction\":[{\"@type\":\"SearchAction\",\"target\":{\"@type\":\"EntryPoint\",\"urlTemplate\":\"https:\/\/kgerad.de\/?s={search_term_string}\"},\"query-input\":{\"@type\":\"PropertyValueSpecification\",\"valueRequired\":true,\"valueName\":\"search_term_string\"}}],\"inLanguage\":\"en-US\"},{\"@type\":\"Organization\",\"@id\":\"https:\/\/kgerad.de\/#organization\",\"name\":\"MEINRADLADEN\",\"alternateName\":\"MEIN RADLADEN\",\"url\":\"https:\/\/kgerad.de\/\",\"logo\":{\"@type\":\"ImageObject\",\"inLanguage\":\"en-US\",\"@id\":\"https:\/\/kgerad.de\/#\/schema\/logo\/image\/\",\"url\":\"https:\/\/kgerad.de\/wp-content\/uploads\/2025\/07\/logo-Whit.svg\",\"contentUrl\":\"https:\/\/kgerad.de\/wp-content\/uploads\/2025\/07\/logo-Whit.svg\",\"width\":1640,\"height\":371,\"caption\":\"MEINRADLADEN\"},\"image\":{\"@id\":\"https:\/\/kgerad.de\/#\/schema\/logo\/image\/\"}}]}<\/script>\n<!-- \/ Yoast SEO Premium plugin. -->","yoast_head_json":{"title":"Cube Nature SLX galactic\u00b4n\u00b4black","description":"kgerad.de bietet Ihnen das Cube Nature SLX galactic\u00b4n\u00b4black zum besten Preis mit kostenlosem Versand in ganz Europa und mit sicherer Zahlung","robots":{"index":"index","follow":"follow","max-snippet":"max-snippet:-1","max-image-preview":"max-image-preview:large","max-video-preview":"max-video-preview:-1"},"canonical":"https:\/\/kgerad.de\/en\/product\/cube-nature-slx-galacticnblack\/","og_locale":"en_US","og_type":"article","og_title":"Cube Nature SLX galactic\u00b4n\u00b4black","og_description":"Entdecken Sie unseren Online-Fahrradladen: Gro\u00dfe Auswahl an Modellen f\u00fcr alle Radsportbegeisterten. Von Rennr\u00e4dern bis zu Mountainbikes - finden Sie heute Ihren perfekten Wegbegleiter!","og_url":"https:\/\/kgerad.de\/en\/product\/cube-nature-slx-galacticnblack\/","og_site_name":"kgerad.de","article_modified_time":"2023-08-10T16:14:28+00:00","og_image":[{"width":2000,"height":1197,"url":"https:\/\/kgerad.de\/wp-content\/uploads\/2023\/06\/Cube-Nature-SLX-galactic\u00b4n\u00b4black.jpg","type":"image\/jpeg"}],"twitter_card":"summary_large_image","twitter_misc":{"Est. reading time":"3 minutes"},"schema":{"@context":"https:\/\/schema.org","@graph":[{"@type":"WebPage","@id":"https:\/\/kgerad.de\/produkt\/cube-nature-slx-galacticnblack\/","url":"https:\/\/kgerad.de\/produkt\/cube-nature-slx-galacticnblack\/","name":"Cube Nature SLX galactic\u00b4n\u00b4black","isPartOf":{"@id":"https:\/\/kgerad.de\/#website"},"primaryImageOfPage":{"@id":"https:\/\/kgerad.de\/produkt\/cube-nature-slx-galacticnblack\/#primaryimage"},"image":{"@id":"https:\/\/kgerad.de\/produkt\/cube-nature-slx-galacticnblack\/#primaryimage"},"thumbnailUrl":"https:\/\/kgerad.de\/wp-content\/uploads\/2023\/06\/Cube-Nature-SLX-galactic\u00b4n\u00b4black.jpg","datePublished":"2023-02-28T21:29:25+00:00","dateModified":"2023-08-10T16:14:28+00:00","description":"kgerad.de bietet Ihnen das Cube Nature SLX galactic\u00b4n\u00b4black zum besten Preis mit kostenlosem Versand in ganz Europa und mit sicherer Zahlung","breadcrumb":{"@id":"https:\/\/kgerad.de\/produkt\/cube-nature-slx-galacticnblack\/#breadcrumb"},"inLanguage":"en-US","potentialAction":[{"@type":"ReadAction","target":["https:\/\/kgerad.de\/produkt\/cube-nature-slx-galacticnblack\/"]}]},{"@type":"ImageObject","inLanguage":"en-US","@id":"https:\/\/kgerad.de\/produkt\/cube-nature-slx-galacticnblack\/#primaryimage","url":"https:\/\/kgerad.de\/wp-content\/uploads\/2023\/06\/Cube-Nature-SLX-galactic\u00b4n\u00b4black.jpg","contentUrl":"https:\/\/kgerad.de\/wp-content\/uploads\/2023\/06\/Cube-Nature-SLX-galactic\u00b4n\u00b4black.jpg","width":2000,"height":1197,"caption":"Cube Nature SLX galactic\u00b4n\u00b4black"},{"@type":"BreadcrumbList","@id":"https:\/\/kgerad.de\/produkt\/cube-nature-slx-galacticnblack\/#breadcrumb","itemListElement":[{"@type":"ListItem","position":1,"name":"Startseite","item":"https:\/\/kgerad.de\/"},{"@type":"ListItem","position":2,"name":"LADEN","item":"https:\/\/kgerad.de\/laden\/"},{"@type":"ListItem","position":3,"name":"Cube Nature SLX galactic\u00b4n\u00b4black"}]},{"@type":"WebSite","@id":"https:\/\/kgerad.de\/#website","url":"https:\/\/kgerad.de\/","name":"kgerad.de","description":"Treten Sie mit uns ins Abenteuer!","publisher":{"@id":"https:\/\/kgerad.de\/#organization"},"alternateName":"MEIN RADLADEN","potentialAction":[{"@type":"SearchAction","target":{"@type":"EntryPoint","urlTemplate":"https:\/\/kgerad.de\/?s={search_term_string}"},"query-input":{"@type":"PropertyValueSpecification","valueRequired":true,"valueName":"search_term_string"}}],"inLanguage":"en-US"},{"@type":"Organization","@id":"https:\/\/kgerad.de\/#organization","name":"MEINRADLADEN","alternateName":"MEIN RADLADEN","url":"https:\/\/kgerad.de\/","logo":{"@type":"ImageObject","inLanguage":"en-US","@id":"https:\/\/kgerad.de\/#\/schema\/logo\/image\/","url":"https:\/\/kgerad.de\/wp-content\/uploads\/2025\/07\/logo-Whit.svg","contentUrl":"https:\/\/kgerad.de\/wp-content\/uploads\/2025\/07\/logo-Whit.svg","width":1640,"height":371,"caption":"MEINRADLADEN"},"image":{"@id":"https:\/\/kgerad.de\/#\/schema\/logo\/image\/"}}]}},"_links":{"self":[{"href":"https:\/\/kgerad.de\/en\/wp-json\/wp\/v2\/product\/65731","targetHints":{"allow":["GET"]}}],"collection":[{"href":"https:\/\/kgerad.de\/en\/wp-json\/wp\/v2\/product"}],"about":[{"href":"https:\/\/kgerad.de\/en\/wp-json\/wp\/v2\/types\/product"}],"replies":[{"embeddable":true,"href":"https:\/\/kgerad.de\/en\/wp-json\/wp\/v2\/comments?post=65731"}],"version-history":[{"count":1,"href":"https:\/\/kgerad.de\/en\/wp-json\/wp\/v2\/product\/65731\/revisions"}],"predecessor-version":[{"id":78519,"href":"https:\/\/kgerad.de\/en\/wp-json\/wp\/v2\/product\/65731\/revisions\/78519"}],"wp:featuredmedia":[{"embeddable":true,"href":"https:\/\/kgerad.de\/en\/wp-json\/wp\/v2\/media\/65732"}],"wp:attachment":[{"href":"https:\/\/kgerad.de\/en\/wp-json\/wp\/v2\/media?parent=65731"}],"wp:term":[{"taxonomy":"product_brand","embeddable":true,"href":"https:\/\/kgerad.de\/en\/wp-json\/wp\/v2\/product_brand?post=65731"},{"taxonomy":"product_cat","embeddable":true,"href":"https:\/\/kgerad.de\/en\/wp-json\/wp\/v2\/product_cat?post=65731"},{"taxonomy":"product_tag","embeddable":true,"href":"https:\/\/kgerad.de\/en\/wp-json\/wp\/v2\/product_tag?post=65731"}],"curies":[{"name":"wp","href":"https:\/\/api.w.org\/{rel}","templated":true}]}}