{"id":65382,"date":"2023-02-28T17:39:54","date_gmt":"2023-02-28T16:39:54","guid":{"rendered":"https:\/\/kgerad.de\/?post_type=product&#038;p=65382"},"modified":"2023-08-10T18:34:02","modified_gmt":"2023-08-10T16:34:02","slug":"cube-editor-metalbluenblack","status":"publish","type":"product","link":"https:\/\/kgerad.de\/en\/product\/cube-editor-metalbluenblack\/","title":{"rendered":"Cube Editor metalblue\u00b4n\u00b4black"},"content":{"rendered":"<div class=\"tab-menu--product js--tab-menu\">\n<div class=\"tab--container-list\">\n<div class=\"tab--container description has--content is--active\">\n<div class=\"tab--content box-description\">\n<div class=\"content--description\">\n<h2 class=\"content--title\"><strong>Cube<\/strong>\u00a0Editor metalblue\u00b4n\u00b4black<\/h2>\n<div class=\"product--description\">\n<p>Auf dichten Verkehr in der City k\u00f6nnte man gut und gerne verzichten, klar. Geht aber oft nicht. Wie gut, dass es das Cube Editor gibt, denn damit kommt man schnell und m\u00fchelos durch die Stadt. Seine praktisch wartungsarme Shimano 11-Gang Nabenschaltung arbeitet geschmeidig mit dem superrobusten CDX Gates Zahnriemen zusammen &#8211; so erreicht man sein Ziel immer mit einem L\u00e4cheln im Gesicht.<\/p>\n<hr \/>\n<p><a href=\"https:\/\/www.cube.eu\/360\/647400\" target=\"_blank\" rel=\"noopener\"><img decoding=\"async\" title=\"360\u00b0\" src=\"https:\/\/cd.bike-discount.de\/media\/image\/3a\/ee\/83\/360.png\" alt=\"\" width=\"40\" height=\"39\" data-mid=\"729769\" data-src=\"media\/image\/360.png\" \/>360\u00b0-Ansicht \u00f6ffnen<\/a><\/p>\n<hr \/>\n<p>Leichte, langlebige 700C Schwalbe G-One Allround Reifen rollen schnell dahin und die hydraulischen Shimano Deore Scheibenbremsen verz\u00f6gern das Bike sicher und direkt, selbst bei Regenwetter. Messerscharfes Handling und ein eleganter Look geben diesem Modell den letzten Schliff.<\/p>\n<hr \/>\n<h3>RAHMEN Cube Editor<\/h3>\n<p>Bei der Entwicklung des Editor hat CUBE sich an ihre Mountainbike Hardtails orientiert. Doppelt konifizierte Aluminiumrohrs\u00e4tze und schnelle 700C Reifen sorgen f\u00fcr ganz viel Vorw\u00e4rtsdrang und hohen Fahrkomfort, nahtlos integrierte Montagepunkte erm\u00f6glichen die individuelle Nachr\u00fcstung mit Gep\u00e4cktr\u00e4ger und Schutzblechen. \u00dcber das Exzenter Tretlager kann der wartungsarme Zahnriemen gespannt werden. Die Rahmen\u00f6ffnung um den Riemen montieren zu k\u00f6nnen befinden sich unauf\u00e4llig oberhalb des Ausfallendes. Schlie\u00dflich komplettiert die schlanke, steife Gabel den Rahmen, ihr Spezialgebiet: ein knackiges, pr\u00e4zises Lenkverhalten in Kombination mit wenig Gewicht und einem dezenten Look.<\/p>\n<h2>Ausstattung<\/h2>\n<div class=\"product--properties panel has--border\">\n<table class=\"product--properties-table\">\n<tbody>\n<tr class=\"product--properties-row row1\">\n<td class=\"product--properties-label is--bold\">Rahmen:<\/td>\n<td class=\"product--properties-value\">Aluminium Superlite, Trekking Cross, Taper, Double Butted<\/td>\n<\/tr>\n<tr class=\"product--properties-row row2\">\n<td class=\"product--properties-label is--bold\">Rahmenmaterial:<\/td>\n<td class=\"product--properties-value\">Aluminium<\/td>\n<\/tr>\n<tr class=\"product--properties-row row3\">\n<td class=\"product--properties-label is--bold\">Laufradgr\u00f6\u00dfe:<\/td>\n<td class=\"product--properties-value\">28&#8243;<\/td>\n<\/tr>\n<tr class=\"product--properties-row row4\">\n<td class=\"product--properties-label is--bold\">Farbe:<\/td>\n<td class=\"product--properties-value\">desert\u00b4n\u00b4black<\/td>\n<\/tr>\n<tr class=\"product--properties-row row5\">\n<td class=\"product--properties-label is--bold\">Gabel:<\/td>\n<td class=\"product--properties-value\">SR Suntour NEX HLO, 63mm, Lockout<\/td>\n<\/tr>\n<tr class=\"product--properties-row row6\">\n<td class=\"product--properties-label is--bold\">Federweg:<\/td>\n<td class=\"product--properties-value\">63mm<\/td>\n<\/tr>\n<tr class=\"product--properties-row row7\">\n<td class=\"product--properties-label is--bold\">Bremsen:<\/td>\n<td class=\"product--properties-value\">Shimano BR-MT200, Hydr. Disc Brake (160\/160)<\/td>\n<\/tr>\n<tr class=\"product--properties-row row8\">\n<td class=\"product--properties-label is--bold\">Bremsscheiben:<\/td>\n<td class=\"product--properties-value\">160mm<\/td>\n<\/tr>\n<tr class=\"product--properties-row row9\">\n<td class=\"product--properties-label is--bold\">Steuersatz:<\/td>\n<td class=\"product--properties-value\">VP Integrated, Top 1 1\/8&#8243;, Bottom 1 1\/2&#8243;<\/td>\n<\/tr>\n<tr class=\"product--properties-row row10\">\n<td class=\"product--properties-label is--bold\">Vorbau:<\/td>\n<td class=\"product--properties-value\">CUBE Performance Stem Pro, 31.8mm<\/td>\n<\/tr>\n<tr class=\"product--properties-row row11\">\n<td class=\"product--properties-label is--bold\">Lenker:<\/td>\n<td class=\"product--properties-value\">CUBE Comfort Trail Bar, 660mm<\/td>\n<\/tr>\n<tr class=\"product--properties-row row12\">\n<td class=\"product--properties-label is--bold\">Griffe:<\/td>\n<td class=\"product--properties-value\">Natural Fit All Terrain<\/td>\n<\/tr>\n<tr class=\"product--properties-row row13\">\n<td class=\"product--properties-label is--bold\">Sattel:<\/td>\n<td class=\"product--properties-value\">Natural Fit Sequence<\/td>\n<\/tr>\n<tr class=\"product--properties-row row14\">\n<td class=\"product--properties-label is--bold\">Sattelst\u00fctze:<\/td>\n<td class=\"product--properties-value\">CUBE Performance Post, 27.2mm<\/td>\n<\/tr>\n<tr class=\"product--properties-row row15\">\n<td class=\"product--properties-label is--bold\">Sattelklemme:<\/td>\n<td class=\"product--properties-value\">CUBE Varioclose, 31.8mm<\/td>\n<\/tr>\n<\/tbody>\n<\/table>\n<table class=\"product--properties-table\">\n<tbody>\n<tr class=\"product--properties-row row16\">\n<td class=\"product--properties-label is--bold\">Kurbel:<\/td>\n<td class=\"product--properties-value\">Shimano FC-T551, Hollowtech II, 48x36x26T, 175mm, Integrated BB, Chainguard<\/td>\n<\/tr>\n<tr class=\"product--properties-row row17\">\n<td class=\"product--properties-label is--bold\">Schaltwerk:<\/td>\n<td class=\"product--properties-value\">Shimano XT RD-T8000, 10-speed<\/td>\n<\/tr>\n<tr class=\"product--properties-row row18\">\n<td class=\"product--properties-label is--bold\">Schalthebel:<\/td>\n<td class=\"product--properties-value\">Shimano Deore SL-M6000, Rapidfire-Plus<\/td>\n<\/tr>\n<tr class=\"product--properties-row row19\">\n<td class=\"product--properties-label is--bold\">Umwerfer:<\/td>\n<td class=\"product--properties-value\">Shimano Deore FD-T6000, Top-Swing, 31.8mm<\/td>\n<\/tr>\n<tr class=\"product--properties-row row20\">\n<td class=\"product--properties-label is--bold\">Kassette:<\/td>\n<td class=\"product--properties-value\">Shimano CS-HG500, 11-34T<\/td>\n<\/tr>\n<tr class=\"product--properties-row row21\">\n<td class=\"product--properties-label is--bold\">Kette:<\/td>\n<td class=\"product--properties-value\">KMC X10<\/td>\n<\/tr>\n<tr class=\"product--properties-row row22\">\n<td class=\"product--properties-label is--bold\">Reifen:<\/td>\n<td class=\"product--properties-value\">Schwalbe Land Cruiser, Active, 50-622<\/td>\n<\/tr>\n<tr class=\"product--properties-row row23\">\n<td class=\"product--properties-label is--bold\">Nabe Vorderrad:<\/td>\n<td class=\"product--properties-value\">Shimano HB-TX505, QR, Centerlock<\/td>\n<\/tr>\n<tr class=\"product--properties-row row24\">\n<td class=\"product--properties-label is--bold\">Nabe Hinterrad:<\/td>\n<td class=\"product--properties-value\">Shimano FH-TX505, QR, Centerlock<\/td>\n<\/tr>\n<tr class=\"product--properties-row row25\">\n<td class=\"product--properties-label is--bold\">Felgen:<\/td>\n<td class=\"product--properties-value\">CUBE ZX20, 32H, Disc<\/td>\n<\/tr>\n<tr class=\"product--properties-row row26\">\n<td class=\"product--properties-label is--bold\">Pedale:<\/td>\n<td class=\"product--properties-value\">ACID PP Trekking<\/td>\n<\/tr>\n<tr class=\"product--properties-row row27\">\n<td class=\"product--properties-label is--bold\">Zul\u00e4ssiges Gesamtgewicht:<\/td>\n<td class=\"product--properties-value\">140 kg -&gt; 115 kg (K\u00f6rpergewicht + Fahrrad + Ausr\u00fcstung) + 25 kg Zuladung (Gep\u00e4cktr\u00e4ger)<\/td>\n<\/tr>\n<tr class=\"product--properties-row row28\">\n<td class=\"product--properties-label is--bold\">Gewicht Komplettrad:<\/td>\n<td class=\"product--properties-value\">ab 14,2 kg<\/td>\n<\/tr>\n<\/tbody>\n<\/table>\n<\/div>\n<\/div>\n<\/div>\n<\/div>\n<\/div>\n<\/div>\n<\/div>\n<div id=\"detail--product-reviews\" class=\"content--product-reviews 123\">\n<div class=\"content--title\"><\/div>\n<\/div>","protected":false},"excerpt":{"rendered":"<p><label>EAN:<\/label>\u00a0<span class=\"netz-ean\">4054571403469<\/span><br \/>\n<label>Modelljahr:<\/label>\u00a02023<\/p>","protected":false},"featured_media":65383,"comment_status":"open","ping_status":"closed","template":"","meta":[],"product_brand":[],"product_cat":[719,36],"product_tag":[],"class_list":{"0":"post-65382","1":"product","2":"type-product","3":"status-publish","4":"has-post-thumbnail","6":"product_cat-cross-fitnessbike","7":"product_cat-fahrrad","8":"pa_marke-cube","10":"first","11":"instock","12":"sale","13":"taxable","14":"shipping-taxable","15":"purchasable","16":"product-type-variable"},"yoast_head":"<!-- This site is optimized with the Yoast SEO Premium plugin v20.12 (Yoast SEO v27.1.1) - https:\/\/yoast.com\/product\/yoast-seo-premium-wordpress\/ -->\n<title>Cube Editor metalblue\u00b4n\u00b4black<\/title>\n<meta name=\"description\" content=\"kgerad.de bietet Ihnen das Cube Editor metalblue\u00b4n\u00b4black zum besten Preis mit kostenlosem Versand in ganz Europa und mit sicherer Zahlung\" \/>\n<meta name=\"robots\" content=\"index, follow, max-snippet:-1, max-image-preview:large, max-video-preview:-1\" \/>\n<link rel=\"canonical\" href=\"https:\/\/kgerad.de\/en\/product\/cube-editor-metalbluenblack\/\" \/>\n<meta property=\"og:locale\" content=\"en_US\" \/>\n<meta property=\"og:type\" content=\"article\" \/>\n<meta property=\"og:title\" content=\"Cube Editor metalblue\u00b4n\u00b4black\" \/>\n<meta property=\"og:description\" content=\"Entdecken Sie unseren Online-Fahrradladen: Gro\u00dfe Auswahl an Modellen f\u00fcr alle Radsportbegeisterten. Von Rennr\u00e4dern bis zu Mountainbikes - finden Sie heute Ihren perfekten Wegbegleiter!\" \/>\n<meta property=\"og:url\" content=\"https:\/\/kgerad.de\/en\/product\/cube-editor-metalbluenblack\/\" \/>\n<meta property=\"og:site_name\" content=\"kgerad.de\" \/>\n<meta property=\"article:modified_time\" content=\"2023-08-10T16:34:02+00:00\" \/>\n<meta property=\"og:image\" content=\"https:\/\/kgerad.de\/wp-content\/uploads\/2023\/06\/Cube-Editor-metalblue\u00b4n\u00b4black.jpg\" \/>\n\t<meta property=\"og:image:width\" content=\"1600\" \/>\n\t<meta property=\"og:image:height\" content=\"929\" \/>\n\t<meta property=\"og:image:type\" content=\"image\/jpeg\" \/>\n<meta name=\"twitter:card\" content=\"summary_large_image\" \/>\n<meta name=\"twitter:label1\" content=\"Est. reading time\" \/>\n\t<meta name=\"twitter:data1\" content=\"3 minutes\" \/>\n<script type=\"application\/ld+json\" class=\"yoast-schema-graph\">{\"@context\":\"https:\/\/schema.org\",\"@graph\":[{\"@type\":\"WebPage\",\"@id\":\"https:\/\/kgerad.de\/produkt\/cube-editor-metalbluenblack\/\",\"url\":\"https:\/\/kgerad.de\/produkt\/cube-editor-metalbluenblack\/\",\"name\":\"Cube Editor metalblue\u00b4n\u00b4black\",\"isPartOf\":{\"@id\":\"https:\/\/kgerad.de\/#website\"},\"primaryImageOfPage\":{\"@id\":\"https:\/\/kgerad.de\/produkt\/cube-editor-metalbluenblack\/#primaryimage\"},\"image\":{\"@id\":\"https:\/\/kgerad.de\/produkt\/cube-editor-metalbluenblack\/#primaryimage\"},\"thumbnailUrl\":\"https:\/\/kgerad.de\/wp-content\/uploads\/2023\/06\/Cube-Editor-metalblue\u00b4n\u00b4black.jpg\",\"datePublished\":\"2023-02-28T16:39:54+00:00\",\"dateModified\":\"2023-08-10T16:34:02+00:00\",\"description\":\"kgerad.de bietet Ihnen das Cube Editor metalblue\u00b4n\u00b4black zum besten Preis mit kostenlosem Versand in ganz Europa und mit sicherer Zahlung\",\"breadcrumb\":{\"@id\":\"https:\/\/kgerad.de\/produkt\/cube-editor-metalbluenblack\/#breadcrumb\"},\"inLanguage\":\"en-US\",\"potentialAction\":[{\"@type\":\"ReadAction\",\"target\":[\"https:\/\/kgerad.de\/produkt\/cube-editor-metalbluenblack\/\"]}]},{\"@type\":\"ImageObject\",\"inLanguage\":\"en-US\",\"@id\":\"https:\/\/kgerad.de\/produkt\/cube-editor-metalbluenblack\/#primaryimage\",\"url\":\"https:\/\/kgerad.de\/wp-content\/uploads\/2023\/06\/Cube-Editor-metalblue\u00b4n\u00b4black.jpg\",\"contentUrl\":\"https:\/\/kgerad.de\/wp-content\/uploads\/2023\/06\/Cube-Editor-metalblue\u00b4n\u00b4black.jpg\",\"width\":1600,\"height\":929,\"caption\":\"Cube Editor metalblue\u00b4n\u00b4black\"},{\"@type\":\"BreadcrumbList\",\"@id\":\"https:\/\/kgerad.de\/produkt\/cube-editor-metalbluenblack\/#breadcrumb\",\"itemListElement\":[{\"@type\":\"ListItem\",\"position\":1,\"name\":\"Startseite\",\"item\":\"https:\/\/kgerad.de\/\"},{\"@type\":\"ListItem\",\"position\":2,\"name\":\"LADEN\",\"item\":\"https:\/\/kgerad.de\/laden\/\"},{\"@type\":\"ListItem\",\"position\":3,\"name\":\"Cube Editor metalblue\u00b4n\u00b4black\"}]},{\"@type\":\"WebSite\",\"@id\":\"https:\/\/kgerad.de\/#website\",\"url\":\"https:\/\/kgerad.de\/\",\"name\":\"kgerad.de\",\"description\":\"Treten Sie mit uns ins Abenteuer!\",\"publisher\":{\"@id\":\"https:\/\/kgerad.de\/#organization\"},\"alternateName\":\"MEIN RADLADEN\",\"potentialAction\":[{\"@type\":\"SearchAction\",\"target\":{\"@type\":\"EntryPoint\",\"urlTemplate\":\"https:\/\/kgerad.de\/?s={search_term_string}\"},\"query-input\":{\"@type\":\"PropertyValueSpecification\",\"valueRequired\":true,\"valueName\":\"search_term_string\"}}],\"inLanguage\":\"en-US\"},{\"@type\":\"Organization\",\"@id\":\"https:\/\/kgerad.de\/#organization\",\"name\":\"MEINRADLADEN\",\"alternateName\":\"MEIN RADLADEN\",\"url\":\"https:\/\/kgerad.de\/\",\"logo\":{\"@type\":\"ImageObject\",\"inLanguage\":\"en-US\",\"@id\":\"https:\/\/kgerad.de\/#\/schema\/logo\/image\/\",\"url\":\"https:\/\/kgerad.de\/wp-content\/uploads\/2025\/07\/logo-Whit.svg\",\"contentUrl\":\"https:\/\/kgerad.de\/wp-content\/uploads\/2025\/07\/logo-Whit.svg\",\"width\":1640,\"height\":371,\"caption\":\"MEINRADLADEN\"},\"image\":{\"@id\":\"https:\/\/kgerad.de\/#\/schema\/logo\/image\/\"}}]}<\/script>\n<!-- \/ Yoast SEO Premium plugin. -->","yoast_head_json":{"title":"Cube Editor metalblue\u00b4n\u00b4black","description":"kgerad.de bietet Ihnen das Cube Editor metalblue\u00b4n\u00b4black zum besten Preis mit kostenlosem Versand in ganz Europa und mit sicherer Zahlung","robots":{"index":"index","follow":"follow","max-snippet":"max-snippet:-1","max-image-preview":"max-image-preview:large","max-video-preview":"max-video-preview:-1"},"canonical":"https:\/\/kgerad.de\/en\/product\/cube-editor-metalbluenblack\/","og_locale":"en_US","og_type":"article","og_title":"Cube Editor metalblue\u00b4n\u00b4black","og_description":"Entdecken Sie unseren Online-Fahrradladen: Gro\u00dfe Auswahl an Modellen f\u00fcr alle Radsportbegeisterten. Von Rennr\u00e4dern bis zu Mountainbikes - finden Sie heute Ihren perfekten Wegbegleiter!","og_url":"https:\/\/kgerad.de\/en\/product\/cube-editor-metalbluenblack\/","og_site_name":"kgerad.de","article_modified_time":"2023-08-10T16:34:02+00:00","og_image":[{"width":1600,"height":929,"url":"https:\/\/kgerad.de\/wp-content\/uploads\/2023\/06\/Cube-Editor-metalblue\u00b4n\u00b4black.jpg","type":"image\/jpeg"}],"twitter_card":"summary_large_image","twitter_misc":{"Est. reading time":"3 minutes"},"schema":{"@context":"https:\/\/schema.org","@graph":[{"@type":"WebPage","@id":"https:\/\/kgerad.de\/produkt\/cube-editor-metalbluenblack\/","url":"https:\/\/kgerad.de\/produkt\/cube-editor-metalbluenblack\/","name":"Cube Editor metalblue\u00b4n\u00b4black","isPartOf":{"@id":"https:\/\/kgerad.de\/#website"},"primaryImageOfPage":{"@id":"https:\/\/kgerad.de\/produkt\/cube-editor-metalbluenblack\/#primaryimage"},"image":{"@id":"https:\/\/kgerad.de\/produkt\/cube-editor-metalbluenblack\/#primaryimage"},"thumbnailUrl":"https:\/\/kgerad.de\/wp-content\/uploads\/2023\/06\/Cube-Editor-metalblue\u00b4n\u00b4black.jpg","datePublished":"2023-02-28T16:39:54+00:00","dateModified":"2023-08-10T16:34:02+00:00","description":"kgerad.de bietet Ihnen das Cube Editor metalblue\u00b4n\u00b4black zum besten Preis mit kostenlosem Versand in ganz Europa und mit sicherer Zahlung","breadcrumb":{"@id":"https:\/\/kgerad.de\/produkt\/cube-editor-metalbluenblack\/#breadcrumb"},"inLanguage":"en-US","potentialAction":[{"@type":"ReadAction","target":["https:\/\/kgerad.de\/produkt\/cube-editor-metalbluenblack\/"]}]},{"@type":"ImageObject","inLanguage":"en-US","@id":"https:\/\/kgerad.de\/produkt\/cube-editor-metalbluenblack\/#primaryimage","url":"https:\/\/kgerad.de\/wp-content\/uploads\/2023\/06\/Cube-Editor-metalblue\u00b4n\u00b4black.jpg","contentUrl":"https:\/\/kgerad.de\/wp-content\/uploads\/2023\/06\/Cube-Editor-metalblue\u00b4n\u00b4black.jpg","width":1600,"height":929,"caption":"Cube Editor metalblue\u00b4n\u00b4black"},{"@type":"BreadcrumbList","@id":"https:\/\/kgerad.de\/produkt\/cube-editor-metalbluenblack\/#breadcrumb","itemListElement":[{"@type":"ListItem","position":1,"name":"Startseite","item":"https:\/\/kgerad.de\/"},{"@type":"ListItem","position":2,"name":"LADEN","item":"https:\/\/kgerad.de\/laden\/"},{"@type":"ListItem","position":3,"name":"Cube Editor metalblue\u00b4n\u00b4black"}]},{"@type":"WebSite","@id":"https:\/\/kgerad.de\/#website","url":"https:\/\/kgerad.de\/","name":"kgerad.de","description":"Treten Sie mit uns ins Abenteuer!","publisher":{"@id":"https:\/\/kgerad.de\/#organization"},"alternateName":"MEIN RADLADEN","potentialAction":[{"@type":"SearchAction","target":{"@type":"EntryPoint","urlTemplate":"https:\/\/kgerad.de\/?s={search_term_string}"},"query-input":{"@type":"PropertyValueSpecification","valueRequired":true,"valueName":"search_term_string"}}],"inLanguage":"en-US"},{"@type":"Organization","@id":"https:\/\/kgerad.de\/#organization","name":"MEINRADLADEN","alternateName":"MEIN RADLADEN","url":"https:\/\/kgerad.de\/","logo":{"@type":"ImageObject","inLanguage":"en-US","@id":"https:\/\/kgerad.de\/#\/schema\/logo\/image\/","url":"https:\/\/kgerad.de\/wp-content\/uploads\/2025\/07\/logo-Whit.svg","contentUrl":"https:\/\/kgerad.de\/wp-content\/uploads\/2025\/07\/logo-Whit.svg","width":1640,"height":371,"caption":"MEINRADLADEN"},"image":{"@id":"https:\/\/kgerad.de\/#\/schema\/logo\/image\/"}}]}},"_links":{"self":[{"href":"https:\/\/kgerad.de\/en\/wp-json\/wp\/v2\/product\/65382","targetHints":{"allow":["GET"]}}],"collection":[{"href":"https:\/\/kgerad.de\/en\/wp-json\/wp\/v2\/product"}],"about":[{"href":"https:\/\/kgerad.de\/en\/wp-json\/wp\/v2\/types\/product"}],"replies":[{"embeddable":true,"href":"https:\/\/kgerad.de\/en\/wp-json\/wp\/v2\/comments?post=65382"}],"version-history":[{"count":1,"href":"https:\/\/kgerad.de\/en\/wp-json\/wp\/v2\/product\/65382\/revisions"}],"predecessor-version":[{"id":78576,"href":"https:\/\/kgerad.de\/en\/wp-json\/wp\/v2\/product\/65382\/revisions\/78576"}],"wp:featuredmedia":[{"embeddable":true,"href":"https:\/\/kgerad.de\/en\/wp-json\/wp\/v2\/media\/65383"}],"wp:attachment":[{"href":"https:\/\/kgerad.de\/en\/wp-json\/wp\/v2\/media?parent=65382"}],"wp:term":[{"taxonomy":"product_brand","embeddable":true,"href":"https:\/\/kgerad.de\/en\/wp-json\/wp\/v2\/product_brand?post=65382"},{"taxonomy":"product_cat","embeddable":true,"href":"https:\/\/kgerad.de\/en\/wp-json\/wp\/v2\/product_cat?post=65382"},{"taxonomy":"product_tag","embeddable":true,"href":"https:\/\/kgerad.de\/en\/wp-json\/wp\/v2\/product_tag?post=65382"}],"curies":[{"name":"wp","href":"https:\/\/api.w.org\/{rel}","templated":true}]}}