{"id":65337,"date":"2022-11-04T19:19:01","date_gmt":"2022-11-04T18:19:01","guid":{"rendered":"https:\/\/kgerad.de\/?post_type=product&#038;p=65337"},"modified":"2023-08-10T21:20:43","modified_gmt":"2023-08-10T19:20:43","slug":"tern-hsd-p9-elektro-lastenfahrrad-gelb-2022","status":"publish","type":"product","link":"https:\/\/kgerad.de\/en\/product\/tern-hsd-p9-elektro-lastenfahrrad-gelb-2022\/","title":{"rendered":"TERN HSD P9 Elektro-Lastenfahrrad Gelb 2022"},"content":{"rendered":"<h2>TERN HSD P9 Elektro-Lastenfahrrad Gelb 2022<\/h2>\n<p>Das E-Lastenfahrrad Tern HSD P9 ist mit starkem Bosch-Antrieb ausgestattet. Dazu ist es einfach zu handhaben, dank schneller Gr\u00f6\u00dfenverstellung leicht mit anderen zu teilen, extrem bequem zu fahren und tr\u00e4gt eine Menge Fracht &#8211; das alles in einem kompakten Design, das k\u00fcrzer ist als ein normales Fahrrad.<\/p>\n<p>Egal ob du es f\u00e4hrst, abstellst oder anderweitig man\u00f6vrieren musst, der Umgang mit dem HSD ist ein Kinderspiel. Es ist k\u00fcrzer als ein normales Fahrrad und wiegt genauso viel wie ein herk\u00f6mmliches E-Bike. In 15 Sekunden verwandelt sich das HSD in ein flaches Paket, das perfekt in die Gep\u00e4ckabteile von SUVs, Kombis oder Bussen passt. Das HSD l\u00e4sst sich auch senkrecht aufstellen, um ein bequemes vertikales Parken zu erm\u00f6glichen. Nimm es im Aufzug mit und parke es zuhause oder am Arbeitsplatz &#8211; es braucht nur eine minimale Stellfl\u00e4che.<\/p>\n<p>Das extralange Atlas H Rack\u2122 des HSD bietet deinem Kind viel Bewegungsfreiheit und Platz, um die Aussicht zu genie\u00dfen, anstatt dir st\u00e4ndig gegen den R\u00fccken zu sto\u00dfen &#8211; und der Kindersitz kommt deinen Fersen auch nicht in die Quere. Der Gep\u00e4cktr\u00e4ger ist f\u00fcr 60 kg Zuladung ausgelegt.<\/p>\n<p>Trotz seiner geringen Gr\u00f6\u00dfe geht das HSD auch als kompaktes Cargobike durch &#8211; mit respektabler Transportkapazit\u00e4t. Dank des zul\u00e4ssigen Gesamtgewichts von 170 kg und eines Gep\u00e4cktr\u00e4gers im XL-Format l\u00e4sst sich ein kompletter Wocheneinkauf ebenso bef\u00f6rdern wie das Camping-Equipment f\u00fcrs Wochenende. Und mit der serienm\u00e4\u00dfigen Aufnahme f\u00fcr eine Anh\u00e4ngerkupplung ist es sogar f\u00fcr noch gr\u00f6\u00dfere Aufgaben bereit.<\/p>\n<p>Die besten Dinge im Leben sollte man teilen &#8211; und das HSD ist eines von ihnen. Es l\u00e4sst sich mit wenigen Handgriffen f\u00fcr Fahrer:innen von 150 bis 195 cm anpassen, damit die ganze Familie &#8211; vom Teenager bis zu den Gro\u00dfeltern \u2013 die Fahrt genie\u00dfen kann. Das Easy-Step-Rahmendesign ist formsch\u00f6n und zudem angenehm niedrig, f\u00fcr einfaches Auf- und Absteigen.<\/p>\n<hr \/>\n<h3>Produkteigenschaften &#8211; Tern HSD P9<\/h3>\n<ul>\n<li>Bosch\u00ae Active Line Plus Motor mit Purion Display<\/li>\n<li>500 Wh Akku f\u00fcr gro\u00dfe Reichweite<\/li>\n<li>Custom Suntour Federgabel<\/li>\n<li>9-Gang Shimano\u00ae Alivio Shadow Schaltwerk<\/li>\n<li>Hydraulische Shimano Bremsen<\/li>\n<li>Abus\u00ae gleichschlie\u00dfendes Rahmenschloss<\/li>\n<li>Kompatibel mit einem Thule\u00ae Yepp Maxi-, Yepp Nexxt Maxi- oder Bobike\u00ae GO Maxi-Kindersitz \u2014 ohne Adapter<\/li>\n<li><b>Gr\u00f6\u00dfe zusamengefaltet:<\/b>\u00a0163 x 40.5 x 86 cm<\/li>\n<li><b>Maximales Fahrergewicht:<\/b>\u00a0120 kg<\/li>\n<li><b>Maximales Gesamtgewicht:<\/b>\u00a0170 kg (Fahrrad + Fahrer + Gep\u00e4ck)<\/li>\n<li><b>Empfohlene K\u00f6rpergr\u00f6\u00dfe:<\/b>\u00a0150 &#8211; 195 cm<\/li>\n<\/ul>\n<hr \/>\n<h3>Features<\/h3>\n<p><strong>Bosch Antrieb<\/strong><br \/>\nMit herausragender Leistung und dem umfangreichsten Servicenetzwerk bietet die neueste Generation von Bosch-Motoren nicht nur eine reibungslose Fahrt, sondern auch ein Plus an Sicherheit.<\/p>\n<p><strong>Easy-Step-Rahmendesign<\/strong><br \/>\nDas neue Easy-Step-Rahmendesign bietet eine bequeme aufrechte Sitzposition f\u00fcr gro\u00dfe und kleine Fahrer sowie ein einfaches Auf- und Absteigen.<\/p>\n<p><strong>Einstellbares Cockpit<\/strong><br \/>\nDer einstellbare Andros Vorbau, der Sweep-Lenker und die pr\u00e4zise konstruierten Ergon-Griffe sorgen f\u00fcr ein ph\u00e4nomenal angenehmes Fahrgef\u00fchl.<\/p>\n<p><strong>Federgabel<\/strong><br \/>\nEine ma\u00dfgefertigte Suntour-Federgabel, die alle St\u00f6\u00dfe auf der t\u00e4glichen Fahrt aufnimmt &#8211; und die Last von 170 kg bew\u00e4ltigt, f\u00fcr die das HSD ausgelegt ist.<\/p>\n<p><strong>Atlas H Rack<\/strong><br \/>\nDas extra lange und extra starke Atlas H Rack fasst bis zu 60 kg Fracht, sodass du dein Kind und deine Lebensmittel transportieren oder eine Woche lang mit dem Fahrrad campen kannst.<\/p>\n<p><strong>Atlas H Ausfallenden<\/strong><br \/>\nSpeziell geschmiedet und mit zahlreichen Funktionen ausgestattet, darunter massiv \u00fcberdimensionierte Ausfallenden, ein Gurtzugangsschlitz, ein propriet\u00e4res neues Rackmontage-Design und sogar eine spezielle Anh\u00e4ngerhalterung.<\/p>\n<p><strong>Atlas-R\u00e4der + Schwalbe Reifen<\/strong><br \/>\nBreite Felgen und Steckachsnaben sind f\u00fcr das ganze Gewicht ger\u00fcstet. F\u00fcge breite Schwalbe-Reifen mit Pannenschutz hinzu und schon kann es losgehen.<\/p>\n<p><strong>Combo Mount<\/strong><br \/>\nRobuste Rahmenhalterung mit mehreren Front-Cargo-Optionen. F\u00fcge eine Umh\u00e4ngetasche f\u00fcr den t\u00e4glichen Pendelverkehr oder einen vorderen Tr\u00e4ger f\u00fcr einige XL-Pizzen hinzu.<\/p>\n<p><strong>Sehen und gesehen werden<\/strong><br \/>\nDie Beleuchtung an Bord ist an die Hauptbatterie angeschlossen, sodass du dir keine Gedanken \u00fcber das Laden der Lampen machen musst. Reflektierende Reifen und Aufkleber bieten zus\u00e4tzliche Sicherheit bei Nacht. Und mit einer aufrechten Sitzposition kannst du \u00fcber die Fahrzeugd\u00e4cher hinweg sehen und gesehen werden.<\/p>\n<p><strong>Hydraulische Scheibenbremsen<\/strong><br \/>\nDer HSD verf\u00fcgt \u00fcber hydraulische Scheibenbremsen f\u00fcr Allwetter-Bremskraft, die du an regnerischen Tagen auf jeden Fall ben\u00f6tigst, wenn du wertvolle Fracht mitnimmst.<\/p>\n<p><strong>Pannensichere Reifen<\/strong><br \/>\nDer RaceGuard-Pannenschutz von Schwalbe ist ein robuster Schutzschild, der dich durch st\u00e4dtische Stra\u00dfenabf\u00e4lle rollt.<\/p>\n<p><strong>Abus Rahmenschloss<\/strong><br \/>\nZus\u00e4tzliche Sicherheit f\u00fcr den Fall, dass du nur einen kurzen Zwischenstopp einlegen musst, um deinen Kaffee zu erhalten. Das Beste ist, dass es mit zus\u00e4tzlichen Komfort gleichschliessend mit dem Akku ist.<\/p>\n<h2>Ausstattung<\/h2>\n<div class=\"product--properties panel has--border\">\n<table class=\"product--properties-table\">\n<tbody>\n<tr class=\"product--properties-row row1\">\n<td class=\"product--properties-label is--bold\">Rahmen:<\/td>\n<td class=\"product--properties-value\">Tern HSD, 6061-AL, patented design, Tern sliding dropouts, EFBE Tri-Test approved: 170 kg<\/td>\n<\/tr>\n<tr class=\"product--properties-row row2\">\n<td class=\"product--properties-label is--bold\">Rahmenmaterial:<\/td>\n<td class=\"product--properties-value\">Aluminium<\/td>\n<\/tr>\n<tr class=\"product--properties-row row3\">\n<td class=\"product--properties-label is--bold\">Laufradgr\u00f6\u00dfe:<\/td>\n<td class=\"product--properties-value\">20&#8243;<\/td>\n<\/tr>\n<tr class=\"product--properties-row row4\">\n<td class=\"product--properties-label is--bold\">Farbe:<\/td>\n<td class=\"product--properties-value\">Limon<\/td>\n<\/tr>\n<tr class=\"product--properties-row row5\">\n<td class=\"product--properties-label is--bold\">Gabel:<\/td>\n<td class=\"product--properties-value\">Suntour custom for Tern, Chromoly steerer, 32 mm stanchions, Thru-axle, EFBE tested for 170 kg<\/td>\n<\/tr>\n<tr class=\"product--properties-row row6\">\n<td class=\"product--properties-label is--bold\">Bremsen:<\/td>\n<td class=\"product--properties-value\">Shimano, hydraulic disc, 180 mm \/ 160 mm<\/td>\n<\/tr>\n<tr class=\"product--properties-row row7\">\n<td class=\"product--properties-label is--bold\">Bremshebel:<\/td>\n<td class=\"product--properties-value\">Shimano, hydraulic disc<\/td>\n<\/tr>\n<tr class=\"product--properties-row row8\">\n<td class=\"product--properties-label is--bold\">Steuersatz:<\/td>\n<td class=\"product--properties-value\">Tern Flux, cartridge bearings, Physis integrated<\/td>\n<\/tr>\n<tr class=\"product--properties-row row9\">\n<td class=\"product--properties-label is--bold\">Vorbau:<\/td>\n<td class=\"product--properties-value\">Tern Andros (G2), adjustable, forged construction, patented technology<\/td>\n<\/tr>\n<tr class=\"product--properties-row row10\">\n<td class=\"product--properties-label is--bold\">Lenker:<\/td>\n<td class=\"product--properties-value\">Tern Sweep, 6061-AL, Tern Andros adapted, Tern Physis 3D (G2), 3D forged, 5 patented technologies, 12\u00b0, 290 mm<\/td>\n<\/tr>\n<tr class=\"product--properties-row row11\">\n<td class=\"product--properties-label is--bold\">Griffe:<\/td>\n<td class=\"product--properties-value\">Ergon<\/td>\n<\/tr>\n<tr class=\"product--properties-row row12\">\n<td class=\"product--properties-label is--bold\">Sattel:<\/td>\n<td class=\"product--properties-value\">Tern HSD<\/td>\n<\/tr>\n<tr class=\"product--properties-row row13\">\n<td class=\"product--properties-label is--bold\">Sattelst\u00fctze:<\/td>\n<td class=\"product--properties-value\">Tern Telescope, 34.9\/30.9 mm, 2014-AL<\/td>\n<\/tr>\n<tr class=\"product--properties-row row14\">\n<td class=\"product--properties-label is--bold\">Sattelklemme:<\/td>\n<td class=\"product--properties-value\">Tern Collar, 6061-AL, 2pc<\/td>\n<\/tr>\n<tr class=\"product--properties-row row15\">\n<td class=\"product--properties-label is--bold\">Kurbel:<\/td>\n<td class=\"product--properties-value\">Tern HSD custom<\/td>\n<\/tr>\n<\/tbody>\n<\/table>\n<table class=\"product--properties-table\">\n<tbody>\n<tr class=\"product--properties-row row16\">\n<td class=\"product--properties-label is--bold\">Tretlager\/Innenlager:<\/td>\n<td class=\"product--properties-value\">Motor integrated<\/td>\n<\/tr>\n<tr class=\"product--properties-row row17\">\n<td class=\"product--properties-label is--bold\">Schaltwerk:<\/td>\n<td class=\"product--properties-value\">Shimano Alivio Shadow<\/td>\n<\/tr>\n<tr class=\"product--properties-row row18\">\n<td class=\"product--properties-label is--bold\">Schalthebel:<\/td>\n<td class=\"product--properties-value\">Shimano Alivio, 1 x 9 spd, trigger<\/td>\n<\/tr>\n<tr class=\"product--properties-row row19\">\n<td class=\"product--properties-label is--bold\">Kassette:<\/td>\n<td class=\"product--properties-value\">Shimano 11-32T, 9 spd<\/td>\n<\/tr>\n<tr class=\"product--properties-row row20\">\n<td class=\"product--properties-label is--bold\">Kette:<\/td>\n<td class=\"product--properties-value\">9 spd, DHT for eBike, GST corrosion resistant coating<\/td>\n<\/tr>\n<tr class=\"product--properties-row row21\">\n<td class=\"product--properties-label is--bold\">Reifen:<\/td>\n<td class=\"product--properties-value\">Schwalbe Big Apple, 55-406, puncture protection, Reflex<\/td>\n<\/tr>\n<tr class=\"product--properties-row row22\">\n<td class=\"product--properties-label is--bold\">Nabe Vorderrad:<\/td>\n<td class=\"product--properties-value\">Novatec, Thru-axle, sealed bearings<\/td>\n<\/tr>\n<tr class=\"product--properties-row row23\">\n<td class=\"product--properties-label is--bold\">Nabe Hinterrad:<\/td>\n<td class=\"product--properties-value\">Shimano disc<\/td>\n<\/tr>\n<tr class=\"product--properties-row row24\">\n<td class=\"product--properties-label is--bold\">Speichen:<\/td>\n<td class=\"product--properties-value\">Stainless steel<\/td>\n<\/tr>\n<tr class=\"product--properties-row row25\">\n<td class=\"product--properties-label is--bold\">Felgen:<\/td>\n<td class=\"product--properties-value\">Tern Atlas H, wide 35 mm<\/td>\n<\/tr>\n<tr class=\"product--properties-row row26\">\n<td class=\"product--properties-label is--bold\">Display:<\/td>\n<td class=\"product--properties-value\">Bosch Purion, 4 mode selectable, walk assist<\/td>\n<\/tr>\n<tr class=\"product--properties-row row27\">\n<td class=\"product--properties-label is--bold\">Akku:<\/td>\n<td class=\"product--properties-value\">Bosch PowerPack 500 Wh<\/td>\n<\/tr>\n<tr class=\"product--properties-row row28\">\n<td class=\"product--properties-label is--bold\">Ladeger\u00e4t:<\/td>\n<td class=\"product--properties-value\">Bosch Compact Charger<\/td>\n<\/tr>\n<tr class=\"product--properties-row row29\">\n<td class=\"product--properties-label is--bold\">Motor:<\/td>\n<td class=\"product--properties-value\">Bosch Active Line Plus (Gen 3), max speed 25 km\/h<\/td>\n<\/tr>\n<tr class=\"product--properties-row row30\">\n<td class=\"product--properties-label is--bold\">Scheinwerfer:<\/td>\n<td class=\"product--properties-value\">Tern Valo Direct, 45 lux\/190 lumens<\/td>\n<\/tr>\n<tr class=\"product--properties-row row31\">\n<td class=\"product--properties-label is--bold\">R\u00fccklicht:<\/td>\n<td class=\"product--properties-value\">Herrmans H-Trace, for eBike<\/td>\n<\/tr>\n<tr class=\"product--properties-row row32\">\n<td class=\"product--properties-label is--bold\">Gep\u00e4cktr\u00e4ger:<\/td>\n<td class=\"product--properties-value\">Atlas H Rack\u2122, Atlas Rack Mount, 6 point mounting; Max load weight: 60 kg<\/td>\n<\/tr>\n<tr class=\"product--properties-row row33\">\n<td class=\"product--properties-label is--bold\">Pedale:<\/td>\n<td class=\"product--properties-value\">Urban with non-slip surface<\/td>\n<\/tr>\n<tr class=\"product--properties-row row34\">\n<td class=\"product--properties-label is--bold\">Sonstiges:<\/td>\n<td class=\"product--properties-value\">Schutzblech, Kettenschutz, St\u00e4nder, Glocke, Schloss<\/td>\n<\/tr>\n<tr class=\"product--properties-row row35\">\n<td class=\"product--properties-label is--bold\">Zul\u00e4ssiges Gesamtgewicht:<\/td>\n<td class=\"product--properties-value\">170 kg (K\u00f6rpergewicht + Fahrrad + Ausr\u00fcstung)<\/td>\n<\/tr>\n<tr class=\"product--properties-row row36\">\n<td class=\"product--properties-label is--bold\">Gewicht Komplettrad:<\/td>\n<td class=\"product--properties-value\">25,7 kg<\/td>\n<\/tr>\n<\/tbody>\n<\/table>\n<h3>The Tern HSD<\/h3>\n<p><iframe src=\"https:\/\/www.youtube-nocookie.com\/embed\/bmwDbjar8ac\" width=\"640\" height=\"360\" frameborder=\"0\" allowfullscreen=\"allowfullscreen\" data-mce-fragment=\"1\"><\/iframe><\/p>\n<\/div>","protected":false},"excerpt":{"rendered":"<p>TERN HSD P9 Elektro-Lastenfahrrad Gelb 2022 Das E-Lastenfahrrad Tern HSD P9 ist mit starkem Bosch-Antrieb ausgestattet. Dazu ist es einfach<\/p>","protected":false},"featured_media":65291,"comment_status":"open","ping_status":"closed","template":"","meta":[],"product_brand":[],"product_cat":[33,34,310,35],"product_tag":[],"class_list":{"0":"post-65337","1":"product","2":"type-product","3":"status-publish","4":"has-post-thumbnail","6":"product_cat-e-bike","7":"product_cat-e-bike-city-urban","8":"product_cat-e-bike-faltrad","9":"product_cat-e-bikes-2022","10":"pa_marke-tern","12":"first","13":"instock","14":"sale","15":"taxable","16":"shipping-taxable","17":"purchasable","18":"product-type-variable"},"yoast_head":"<!-- This site is optimized with the Yoast SEO Premium plugin v20.12 (Yoast SEO v27.1.1) - https:\/\/yoast.com\/product\/yoast-seo-premium-wordpress\/ -->\n<title>TERN HSD P9 Elektro-Lastenfahrrad Gelb 2022<\/title>\n<meta name=\"description\" content=\"Entdecken Sie unseren Online-Fahrradladen: Gro\u00dfe Auswahl an Modellen f\u00fcr alle Radsportbegeisterten. Von Rennr\u00e4dern bis zu Mountainbikes - finden Sie heute Ihren perfekten Wegbegleiter!\" \/>\n<meta name=\"robots\" content=\"index, follow, max-snippet:-1, max-image-preview:large, max-video-preview:-1\" \/>\n<link rel=\"canonical\" href=\"https:\/\/kgerad.de\/en\/product\/tern-hsd-p9-elektro-lastenfahrrad-gelb-2022\/\" \/>\n<meta property=\"og:locale\" content=\"en_US\" \/>\n<meta property=\"og:type\" content=\"article\" \/>\n<meta property=\"og:title\" content=\"TERN HSD P9 Elektro-Lastenfahrrad Gelb 2022\" \/>\n<meta property=\"og:description\" content=\"Entdecken Sie unseren Online-Fahrradladen: Gro\u00dfe Auswahl an Modellen f\u00fcr alle Radsportbegeisterten. Von Rennr\u00e4dern bis zu Mountainbikes - finden Sie heute Ihren perfekten Wegbegleiter!\" \/>\n<meta property=\"og:url\" content=\"https:\/\/kgerad.de\/en\/product\/tern-hsd-p9-elektro-lastenfahrrad-gelb-2022\/\" \/>\n<meta property=\"og:site_name\" content=\"kgerad.de\" \/>\n<meta property=\"article:modified_time\" content=\"2023-08-10T19:20:43+00:00\" \/>\n<meta property=\"og:image\" content=\"https:\/\/kgerad.de\/wp-content\/uploads\/2023\/06\/tern-hsd_p9-limon.jpg\" \/>\n\t<meta property=\"og:image:width\" content=\"1000\" \/>\n\t<meta property=\"og:image:height\" content=\"659\" \/>\n\t<meta property=\"og:image:type\" content=\"image\/jpeg\" \/>\n<meta name=\"twitter:card\" content=\"summary_large_image\" \/>\n<meta name=\"twitter:label1\" content=\"Est. reading time\" \/>\n\t<meta name=\"twitter:data1\" content=\"6 minutes\" \/>\n<script type=\"application\/ld+json\" class=\"yoast-schema-graph\">{\"@context\":\"https:\/\/schema.org\",\"@graph\":[{\"@type\":\"WebPage\",\"@id\":\"https:\/\/kgerad.de\/produkt\/tern-hsd-p9-elektro-lastenfahrrad-gelb-2022\/\",\"url\":\"https:\/\/kgerad.de\/produkt\/tern-hsd-p9-elektro-lastenfahrrad-gelb-2022\/\",\"name\":\"TERN HSD P9 Elektro-Lastenfahrrad Gelb 2022\",\"isPartOf\":{\"@id\":\"https:\/\/kgerad.de\/#website\"},\"primaryImageOfPage\":{\"@id\":\"https:\/\/kgerad.de\/produkt\/tern-hsd-p9-elektro-lastenfahrrad-gelb-2022\/#primaryimage\"},\"image\":{\"@id\":\"https:\/\/kgerad.de\/produkt\/tern-hsd-p9-elektro-lastenfahrrad-gelb-2022\/#primaryimage\"},\"thumbnailUrl\":\"https:\/\/kgerad.de\/wp-content\/uploads\/2023\/06\/tern-hsd_p9-limon.jpg\",\"datePublished\":\"2022-11-04T18:19:01+00:00\",\"dateModified\":\"2023-08-10T19:20:43+00:00\",\"description\":\"Entdecken Sie unseren Online-Fahrradladen: Gro\u00dfe Auswahl an Modellen f\u00fcr alle Radsportbegeisterten. Von Rennr\u00e4dern bis zu Mountainbikes - finden Sie heute Ihren perfekten Wegbegleiter!\",\"breadcrumb\":{\"@id\":\"https:\/\/kgerad.de\/produkt\/tern-hsd-p9-elektro-lastenfahrrad-gelb-2022\/#breadcrumb\"},\"inLanguage\":\"en-US\",\"potentialAction\":[{\"@type\":\"ReadAction\",\"target\":[\"https:\/\/kgerad.de\/produkt\/tern-hsd-p9-elektro-lastenfahrrad-gelb-2022\/\"]}]},{\"@type\":\"ImageObject\",\"inLanguage\":\"en-US\",\"@id\":\"https:\/\/kgerad.de\/produkt\/tern-hsd-p9-elektro-lastenfahrrad-gelb-2022\/#primaryimage\",\"url\":\"https:\/\/kgerad.de\/wp-content\/uploads\/2023\/06\/tern-hsd_p9-limon.jpg\",\"contentUrl\":\"https:\/\/kgerad.de\/wp-content\/uploads\/2023\/06\/tern-hsd_p9-limon.jpg\",\"width\":1000,\"height\":659,\"caption\":\"TERN HSD P9 Elektro-Lastenfahrrad Gelb 2022\"},{\"@type\":\"BreadcrumbList\",\"@id\":\"https:\/\/kgerad.de\/produkt\/tern-hsd-p9-elektro-lastenfahrrad-gelb-2022\/#breadcrumb\",\"itemListElement\":[{\"@type\":\"ListItem\",\"position\":1,\"name\":\"Startseite\",\"item\":\"https:\/\/kgerad.de\/\"},{\"@type\":\"ListItem\",\"position\":2,\"name\":\"LADEN\",\"item\":\"https:\/\/kgerad.de\/laden\/\"},{\"@type\":\"ListItem\",\"position\":3,\"name\":\"TERN HSD P9 Elektro-Lastenfahrrad Gelb 2022\"}]},{\"@type\":\"WebSite\",\"@id\":\"https:\/\/kgerad.de\/#website\",\"url\":\"https:\/\/kgerad.de\/\",\"name\":\"kgerad.de\",\"description\":\"Treten Sie mit uns ins Abenteuer!\",\"publisher\":{\"@id\":\"https:\/\/kgerad.de\/#organization\"},\"alternateName\":\"MEIN RADLADEN\",\"potentialAction\":[{\"@type\":\"SearchAction\",\"target\":{\"@type\":\"EntryPoint\",\"urlTemplate\":\"https:\/\/kgerad.de\/?s={search_term_string}\"},\"query-input\":{\"@type\":\"PropertyValueSpecification\",\"valueRequired\":true,\"valueName\":\"search_term_string\"}}],\"inLanguage\":\"en-US\"},{\"@type\":\"Organization\",\"@id\":\"https:\/\/kgerad.de\/#organization\",\"name\":\"MEINRADLADEN\",\"alternateName\":\"MEIN RADLADEN\",\"url\":\"https:\/\/kgerad.de\/\",\"logo\":{\"@type\":\"ImageObject\",\"inLanguage\":\"en-US\",\"@id\":\"https:\/\/kgerad.de\/#\/schema\/logo\/image\/\",\"url\":\"https:\/\/kgerad.de\/wp-content\/uploads\/2025\/07\/logo-Whit.svg\",\"contentUrl\":\"https:\/\/kgerad.de\/wp-content\/uploads\/2025\/07\/logo-Whit.svg\",\"width\":1640,\"height\":371,\"caption\":\"MEINRADLADEN\"},\"image\":{\"@id\":\"https:\/\/kgerad.de\/#\/schema\/logo\/image\/\"}}]}<\/script>\n<!-- \/ Yoast SEO Premium plugin. -->","yoast_head_json":{"title":"TERN HSD P9 Elektro-Lastenfahrrad Gelb 2022","description":"Entdecken Sie unseren Online-Fahrradladen: Gro\u00dfe Auswahl an Modellen f\u00fcr alle Radsportbegeisterten. Von Rennr\u00e4dern bis zu Mountainbikes - finden Sie heute Ihren perfekten Wegbegleiter!","robots":{"index":"index","follow":"follow","max-snippet":"max-snippet:-1","max-image-preview":"max-image-preview:large","max-video-preview":"max-video-preview:-1"},"canonical":"https:\/\/kgerad.de\/en\/product\/tern-hsd-p9-elektro-lastenfahrrad-gelb-2022\/","og_locale":"en_US","og_type":"article","og_title":"TERN HSD P9 Elektro-Lastenfahrrad Gelb 2022","og_description":"Entdecken Sie unseren Online-Fahrradladen: Gro\u00dfe Auswahl an Modellen f\u00fcr alle Radsportbegeisterten. Von Rennr\u00e4dern bis zu Mountainbikes - finden Sie heute Ihren perfekten Wegbegleiter!","og_url":"https:\/\/kgerad.de\/en\/product\/tern-hsd-p9-elektro-lastenfahrrad-gelb-2022\/","og_site_name":"kgerad.de","article_modified_time":"2023-08-10T19:20:43+00:00","og_image":[{"width":1000,"height":659,"url":"https:\/\/kgerad.de\/wp-content\/uploads\/2023\/06\/tern-hsd_p9-limon.jpg","type":"image\/jpeg"}],"twitter_card":"summary_large_image","twitter_misc":{"Est. reading time":"6 minutes"},"schema":{"@context":"https:\/\/schema.org","@graph":[{"@type":"WebPage","@id":"https:\/\/kgerad.de\/produkt\/tern-hsd-p9-elektro-lastenfahrrad-gelb-2022\/","url":"https:\/\/kgerad.de\/produkt\/tern-hsd-p9-elektro-lastenfahrrad-gelb-2022\/","name":"TERN HSD P9 Elektro-Lastenfahrrad Gelb 2022","isPartOf":{"@id":"https:\/\/kgerad.de\/#website"},"primaryImageOfPage":{"@id":"https:\/\/kgerad.de\/produkt\/tern-hsd-p9-elektro-lastenfahrrad-gelb-2022\/#primaryimage"},"image":{"@id":"https:\/\/kgerad.de\/produkt\/tern-hsd-p9-elektro-lastenfahrrad-gelb-2022\/#primaryimage"},"thumbnailUrl":"https:\/\/kgerad.de\/wp-content\/uploads\/2023\/06\/tern-hsd_p9-limon.jpg","datePublished":"2022-11-04T18:19:01+00:00","dateModified":"2023-08-10T19:20:43+00:00","description":"Entdecken Sie unseren Online-Fahrradladen: Gro\u00dfe Auswahl an Modellen f\u00fcr alle Radsportbegeisterten. Von Rennr\u00e4dern bis zu Mountainbikes - finden Sie heute Ihren perfekten Wegbegleiter!","breadcrumb":{"@id":"https:\/\/kgerad.de\/produkt\/tern-hsd-p9-elektro-lastenfahrrad-gelb-2022\/#breadcrumb"},"inLanguage":"en-US","potentialAction":[{"@type":"ReadAction","target":["https:\/\/kgerad.de\/produkt\/tern-hsd-p9-elektro-lastenfahrrad-gelb-2022\/"]}]},{"@type":"ImageObject","inLanguage":"en-US","@id":"https:\/\/kgerad.de\/produkt\/tern-hsd-p9-elektro-lastenfahrrad-gelb-2022\/#primaryimage","url":"https:\/\/kgerad.de\/wp-content\/uploads\/2023\/06\/tern-hsd_p9-limon.jpg","contentUrl":"https:\/\/kgerad.de\/wp-content\/uploads\/2023\/06\/tern-hsd_p9-limon.jpg","width":1000,"height":659,"caption":"TERN HSD P9 Elektro-Lastenfahrrad Gelb 2022"},{"@type":"BreadcrumbList","@id":"https:\/\/kgerad.de\/produkt\/tern-hsd-p9-elektro-lastenfahrrad-gelb-2022\/#breadcrumb","itemListElement":[{"@type":"ListItem","position":1,"name":"Startseite","item":"https:\/\/kgerad.de\/"},{"@type":"ListItem","position":2,"name":"LADEN","item":"https:\/\/kgerad.de\/laden\/"},{"@type":"ListItem","position":3,"name":"TERN HSD P9 Elektro-Lastenfahrrad Gelb 2022"}]},{"@type":"WebSite","@id":"https:\/\/kgerad.de\/#website","url":"https:\/\/kgerad.de\/","name":"kgerad.de","description":"Treten Sie mit uns ins Abenteuer!","publisher":{"@id":"https:\/\/kgerad.de\/#organization"},"alternateName":"MEIN RADLADEN","potentialAction":[{"@type":"SearchAction","target":{"@type":"EntryPoint","urlTemplate":"https:\/\/kgerad.de\/?s={search_term_string}"},"query-input":{"@type":"PropertyValueSpecification","valueRequired":true,"valueName":"search_term_string"}}],"inLanguage":"en-US"},{"@type":"Organization","@id":"https:\/\/kgerad.de\/#organization","name":"MEINRADLADEN","alternateName":"MEIN RADLADEN","url":"https:\/\/kgerad.de\/","logo":{"@type":"ImageObject","inLanguage":"en-US","@id":"https:\/\/kgerad.de\/#\/schema\/logo\/image\/","url":"https:\/\/kgerad.de\/wp-content\/uploads\/2025\/07\/logo-Whit.svg","contentUrl":"https:\/\/kgerad.de\/wp-content\/uploads\/2025\/07\/logo-Whit.svg","width":1640,"height":371,"caption":"MEINRADLADEN"},"image":{"@id":"https:\/\/kgerad.de\/#\/schema\/logo\/image\/"}}]}},"_links":{"self":[{"href":"https:\/\/kgerad.de\/en\/wp-json\/wp\/v2\/product\/65337","targetHints":{"allow":["GET"]}}],"collection":[{"href":"https:\/\/kgerad.de\/en\/wp-json\/wp\/v2\/product"}],"about":[{"href":"https:\/\/kgerad.de\/en\/wp-json\/wp\/v2\/types\/product"}],"replies":[{"embeddable":true,"href":"https:\/\/kgerad.de\/en\/wp-json\/wp\/v2\/comments?post=65337"}],"version-history":[{"count":1,"href":"https:\/\/kgerad.de\/en\/wp-json\/wp\/v2\/product\/65337\/revisions"}],"predecessor-version":[{"id":78956,"href":"https:\/\/kgerad.de\/en\/wp-json\/wp\/v2\/product\/65337\/revisions\/78956"}],"wp:featuredmedia":[{"embeddable":true,"href":"https:\/\/kgerad.de\/en\/wp-json\/wp\/v2\/media\/65291"}],"wp:attachment":[{"href":"https:\/\/kgerad.de\/en\/wp-json\/wp\/v2\/media?parent=65337"}],"wp:term":[{"taxonomy":"product_brand","embeddable":true,"href":"https:\/\/kgerad.de\/en\/wp-json\/wp\/v2\/product_brand?post=65337"},{"taxonomy":"product_cat","embeddable":true,"href":"https:\/\/kgerad.de\/en\/wp-json\/wp\/v2\/product_cat?post=65337"},{"taxonomy":"product_tag","embeddable":true,"href":"https:\/\/kgerad.de\/en\/wp-json\/wp\/v2\/product_tag?post=65337"}],"curies":[{"name":"wp","href":"https:\/\/api.w.org\/{rel}","templated":true}]}}