{"id":65332,"date":"2022-11-04T19:01:23","date_gmt":"2022-11-04T18:01:23","guid":{"rendered":"https:\/\/kgerad.de\/?post_type=product&#038;p=65332"},"modified":"2023-08-10T21:23:13","modified_gmt":"2023-08-10T19:23:13","slug":"conway-grv-10-0-gravel-bike","status":"publish","type":"product","link":"https:\/\/kgerad.de\/en\/product\/conway-grv-10-0-gravel-bike\/","title":{"rendered":"Conway GRV 10.0 Gravel Bike"},"content":{"rendered":"<h2 class=\"product--title\"><strong>Conway<\/strong>\u00a0GRV 10.0<\/h2>\n<p class=\"product--rating-container\">Mit dem Conway GRV 10.0 kann dein Abenteuer starten! Das rassige Carbon-Gravelbike kommt mit schickem Rahmen, \u00fcberzeugender Ausstattung, cleveren Details und einem fairen Preis. Egal ob auf der Schotterpiste, als Winter-Trainingsrad, f\u00fcrs Querfeldein-Rennen oder als edles Pendler-Bike &#8211; das GRV mit Carbon-Rahmen und 2 x 11-fach Shimano GRX Antrieb macht alles mit!<\/p>\n<p>Der neu entwickelte Carbon-Rahmen lehnt sich an der Optik des Conway RR Racebikes an und verf\u00fcgt \u00fcber die gleiche, charakteristische integrierte Sattelklemme, schnittige Formensprache und verbesserte Aerodynamik. Zus\u00e4tzlich kommen wie gewohnt zahlreiche Aufnahmen f\u00fcr Gep\u00e4cktransport hinzu, die zusammen mit der ausgewogen und sportlichen Geometrie f\u00fcr viel Spa\u00df auf langen Abenteuern sorgen und dich alles Wichtige mitnehmen l\u00e4\u00dft.<\/p>\n<hr \/>\n<h3>Die Highlights des Conway GRV 10.0<\/h3>\n<ul>\n<li>Hochwertiger Carbonrahmen mit vielen Aufnahmepunkten f\u00fcr Packtaschen<\/li>\n<li>Shimano GRX 2 x 11-fach Schaltung<\/li>\n<li>DT Swiss G1800 Spline Laufr\u00e4der<\/li>\n<li>Scheibenbremsen mit 160 mm Bremsscheiben<\/li>\n<\/ul>\n<h2>Ausstattung<\/h2>\n<div class=\"product--properties panel has--border\">\n<table class=\"product--properties-table\">\n<tbody>\n<tr class=\"product--properties-row row1\">\n<td class=\"product--properties-label is--bold\">Rahmen:<\/td>\n<td class=\"product--properties-value\">CONWAY Gravel, Carbon<\/td>\n<\/tr>\n<tr class=\"product--properties-row row2\">\n<td class=\"product--properties-label is--bold\">Rahmenmaterial:<\/td>\n<td class=\"product--properties-value\">Carbon<\/td>\n<\/tr>\n<tr class=\"product--properties-row row3\">\n<td class=\"product--properties-label is--bold\">Laufradgr\u00f6\u00dfe:<\/td>\n<td class=\"product--properties-value\">28&#8243;<\/td>\n<\/tr>\n<tr class=\"product--properties-row row4\">\n<td class=\"product--properties-label is--bold\">Farbe:<\/td>\n<td class=\"product--properties-value\">red metallic \/ black metallic<\/td>\n<\/tr>\n<tr class=\"product--properties-row row5\">\n<td class=\"product--properties-label is--bold\">Gabel:<\/td>\n<td class=\"product--properties-value\">CARBON &#8222;DU&#8220;, Vollcarbon<\/td>\n<\/tr>\n<tr class=\"product--properties-row row6\">\n<td class=\"product--properties-label is--bold\">Bremsen:<\/td>\n<td class=\"product--properties-value\">SHIMANO &#8222;GRX BR-RX400&#8220;<\/td>\n<\/tr>\n<tr class=\"product--properties-row row7\">\n<td class=\"product--properties-label is--bold\">Bremsscheiben:<\/td>\n<td class=\"product--properties-value\">SHIMANO &#8222;SM-RT70&#8220;, 160 mm \/ 160 mm<\/td>\n<\/tr>\n<tr class=\"product--properties-row row8\">\n<td class=\"product--properties-label is--bold\">Bremshebel:<\/td>\n<td class=\"product--properties-value\">SHIMANO &#8222;GRX ST-RX600&#8220;<\/td>\n<\/tr>\n<tr class=\"product--properties-row row9\">\n<td class=\"product--properties-label is--bold\">Steuersatz:<\/td>\n<td class=\"product--properties-value\">IS42 \/ IS52<\/td>\n<\/tr>\n<tr class=\"product--properties-row row10\">\n<td class=\"product--properties-label is--bold\">Vorbau:<\/td>\n<td class=\"product--properties-value\">EASTON &#8222;EA50&#8220;<\/td>\n<\/tr>\n<tr class=\"product--properties-row row11\">\n<td class=\"product--properties-label is--bold\">Lenker:<\/td>\n<td class=\"product--properties-value\">EASTON &#8222;EA50 AX&#8220;<\/td>\n<\/tr>\n<tr class=\"product--properties-row row12\">\n<td class=\"product--properties-label is--bold\">Sattel:<\/td>\n<td class=\"product--properties-value\">FIZIK &#8222;ARGO Terra 150&#8220;<\/td>\n<\/tr>\n<tr class=\"product--properties-row row13\">\n<td class=\"product--properties-label is--bold\">Sattelst\u00fctze:<\/td>\n<td class=\"product--properties-value\">EASTON &#8222;EA50&#8220;, 27,2 mm, 350 mm<\/td>\n<\/tr>\n<tr class=\"product--properties-row row14\">\n<td class=\"product--properties-label is--bold\">Kurbel:<\/td>\n<td class=\"product--properties-value\">SHIMANO &#8222;GRX FC-RX600 11&#8220;, 30\/46 Z.<\/td>\n<\/tr>\n<tr class=\"product--properties-row row15\">\n<td class=\"product--properties-label is--bold\">Tretlager\/Innenlager:<\/td>\n<td class=\"product--properties-value\">SHIMANO &#8222;BB-71&#8220;, Press-Fit<\/td>\n<\/tr>\n<\/tbody>\n<\/table>\n<table class=\"product--properties-table\">\n<tbody>\n<tr class=\"product--properties-row row16\">\n<td class=\"product--properties-label is--bold\">Schaltwerk:<\/td>\n<td class=\"product--properties-value\">SHIMANO &#8222;GRX RD-RX810&#8220;, 11speed<\/td>\n<\/tr>\n<tr class=\"product--properties-row row17\">\n<td class=\"product--properties-label is--bold\">Umwerfer:<\/td>\n<td class=\"product--properties-value\">SHIMANO &#8222;GRX FD-RX810&#8220;<\/td>\n<\/tr>\n<tr class=\"product--properties-row row18\">\n<td class=\"product--properties-label is--bold\">Kassette:<\/td>\n<td class=\"product--properties-value\">SHIMANO &#8222;HG700&#8220;, 11-34 Z.<\/td>\n<\/tr>\n<tr class=\"product--properties-row row19\">\n<td class=\"product--properties-label is--bold\">Kette:<\/td>\n<td class=\"product--properties-value\">SHIMANO &#8222;HG601&#8220;<\/td>\n<\/tr>\n<tr class=\"product--properties-row row20\">\n<td class=\"product--properties-label is--bold\">Reifen:<\/td>\n<td class=\"product--properties-value\">SCHWALBE &#8222;G-One Allround classic&#8220;, 700 x 40<\/td>\n<\/tr>\n<tr class=\"product--properties-row row21\">\n<td class=\"product--properties-label is--bold\">Nabe Vorderrad:<\/td>\n<td class=\"product--properties-value\">DT SWISS \u201eG1800 Spline\u2033, 12 x 100 mm<\/td>\n<\/tr>\n<tr class=\"product--properties-row row22\">\n<td class=\"product--properties-label is--bold\">Nabe Hinterrad:<\/td>\n<td class=\"product--properties-value\">DT SWISS \u201eG1800 Spline\u2033, 12 x 142 mm<\/td>\n<\/tr>\n<tr class=\"product--properties-row row23\">\n<td class=\"product--properties-label is--bold\">Speichen:<\/td>\n<td class=\"product--properties-value\">DT Swiss<\/td>\n<\/tr>\n<tr class=\"product--properties-row row24\">\n<td class=\"product--properties-label is--bold\">Felgen:<\/td>\n<td class=\"product--properties-value\">DT SWISS \u201eG1800 Spline&#8220;<\/td>\n<\/tr>\n<tr class=\"product--properties-row row25\">\n<td class=\"product--properties-label is--bold\">Pedale:<\/td>\n<td class=\"product--properties-value\">nicht im Lieferumfang enthalten<\/td>\n<\/tr>\n<tr class=\"product--properties-row row26\">\n<td class=\"product--properties-label is--bold\">Zul\u00e4ssiges Gesamtgewicht:<\/td>\n<td class=\"product--properties-value\">130 kg (K\u00f6rpergewicht + Fahrrad + Ausr\u00fcstung)<\/td>\n<\/tr>\n<tr class=\"product--properties-row row27\">\n<td class=\"product--properties-label is--bold\">Gewicht Komplettrad:<\/td>\n<td class=\"product--properties-value\">9,3 kg<\/td>\n<\/tr>\n<\/tbody>\n<\/table>\n<h4>Geometrie<\/h4>\n<div>\n<div id=\"63665597\" class=\"geo--button button4\"><\/div>\n<\/div>\n<div id=\"geometric-box-63665594\" class=\"geometric box1 geometric3\"><img fetchpriority=\"high\" decoding=\"async\" class=\"alignnone\" src=\"https:\/\/www.bike-discount.de\/media\/image\/03\/96\/45\/geometricdata_model_3.gif\" alt=\"Conway GRV 10.0\" width=\"548\" height=\"363\" \/><\/div>\n<p><label>Hersteller Artikelnr.:<\/label>\u00a0<span class=\"supplier-number\">2897668<\/span><br \/>\n<label>EAN:<\/label>\u00a0<span class=\"netz-ean\">4251507983501<\/span><br \/>\n<label>Modelljahr:<\/label>\u00a02022<\/p>\n<\/div>","protected":false},"excerpt":{"rendered":"<p>Conway\u00a0GRV 10.0 Mit dem Conway GRV 10.0 kann dein Abenteuer starten! Das rassige Carbon-Gravelbike kommt mit schickem Rahmen, \u00fcberzeugender Ausstattung,<\/p>","protected":false},"featured_media":65290,"comment_status":"open","ping_status":"closed","template":"","meta":[],"product_brand":[],"product_cat":[36,37],"product_tag":[],"class_list":{"0":"post-65332","1":"product","2":"type-product","3":"status-publish","4":"has-post-thumbnail","6":"product_cat-fahrrad","7":"product_cat-gravel-bikes","8":"pa_marke-conway","10":"first","11":"instock","12":"sale","13":"taxable","14":"shipping-taxable","15":"purchasable","16":"product-type-variable"},"yoast_head":"<!-- This site is optimized with the Yoast SEO Premium plugin v20.12 (Yoast SEO v27.1.1) - https:\/\/yoast.com\/product\/yoast-seo-premium-wordpress\/ -->\n<title>Conway GRV 10.0 Gravel Bike<\/title>\n<meta name=\"description\" content=\"kgerad.de bietet Ihnen das Conway GRV 10.0 Gravel Bike zum besten Preis mit kostenlosem Versand in ganz EuropaConway GRV 10.0Conway GRV 10.0\" \/>\n<meta name=\"robots\" content=\"index, follow, max-snippet:-1, max-image-preview:large, max-video-preview:-1\" \/>\n<link rel=\"canonical\" href=\"https:\/\/kgerad.de\/en\/product\/conway-grv-10-0-gravel-bike\/\" \/>\n<meta property=\"og:locale\" content=\"en_US\" \/>\n<meta property=\"og:type\" content=\"article\" \/>\n<meta property=\"og:title\" content=\"Conway GRV 10.0 Gravel Bike\" \/>\n<meta property=\"og:description\" content=\"Entdecken Sie unseren Online-Fahrradladen: Gro\u00dfe Auswahl an Modellen f\u00fcr alle Radsportbegeisterten. Von Rennr\u00e4dern bis zu Mountainbikes - finden Sie heute Ihren perfekten Wegbegleiter!\" \/>\n<meta property=\"og:url\" content=\"https:\/\/kgerad.de\/en\/product\/conway-grv-10-0-gravel-bike\/\" \/>\n<meta property=\"og:site_name\" content=\"kgerad.de\" \/>\n<meta property=\"article:modified_time\" content=\"2023-08-10T19:23:13+00:00\" \/>\n<meta property=\"og:image\" content=\"https:\/\/kgerad.de\/wp-content\/uploads\/2023\/06\/Conway-GRV-10.0.jpg\" \/>\n\t<meta property=\"og:image:width\" content=\"800\" \/>\n\t<meta property=\"og:image:height\" content=\"489\" \/>\n\t<meta property=\"og:image:type\" content=\"image\/jpeg\" \/>\n<meta name=\"twitter:card\" content=\"summary_large_image\" \/>\n<meta name=\"twitter:label1\" content=\"Est. reading time\" \/>\n\t<meta name=\"twitter:data1\" content=\"2 minutes\" \/>\n<script type=\"application\/ld+json\" class=\"yoast-schema-graph\">{\"@context\":\"https:\/\/schema.org\",\"@graph\":[{\"@type\":\"WebPage\",\"@id\":\"https:\/\/kgerad.de\/produkt\/conway-grv-10-0-gravel-bike\/\",\"url\":\"https:\/\/kgerad.de\/produkt\/conway-grv-10-0-gravel-bike\/\",\"name\":\"Conway GRV 10.0 Gravel Bike\",\"isPartOf\":{\"@id\":\"https:\/\/kgerad.de\/#website\"},\"primaryImageOfPage\":{\"@id\":\"https:\/\/kgerad.de\/produkt\/conway-grv-10-0-gravel-bike\/#primaryimage\"},\"image\":{\"@id\":\"https:\/\/kgerad.de\/produkt\/conway-grv-10-0-gravel-bike\/#primaryimage\"},\"thumbnailUrl\":\"https:\/\/kgerad.de\/wp-content\/uploads\/2023\/06\/Conway-GRV-10.0.jpg\",\"datePublished\":\"2022-11-04T18:01:23+00:00\",\"dateModified\":\"2023-08-10T19:23:13+00:00\",\"description\":\"kgerad.de bietet Ihnen das Conway GRV 10.0 Gravel Bike zum besten Preis mit kostenlosem Versand in ganz EuropaConway GRV 10.0Conway GRV 10.0\",\"breadcrumb\":{\"@id\":\"https:\/\/kgerad.de\/produkt\/conway-grv-10-0-gravel-bike\/#breadcrumb\"},\"inLanguage\":\"en-US\",\"potentialAction\":[{\"@type\":\"ReadAction\",\"target\":[\"https:\/\/kgerad.de\/produkt\/conway-grv-10-0-gravel-bike\/\"]}]},{\"@type\":\"ImageObject\",\"inLanguage\":\"en-US\",\"@id\":\"https:\/\/kgerad.de\/produkt\/conway-grv-10-0-gravel-bike\/#primaryimage\",\"url\":\"https:\/\/kgerad.de\/wp-content\/uploads\/2023\/06\/Conway-GRV-10.0.jpg\",\"contentUrl\":\"https:\/\/kgerad.de\/wp-content\/uploads\/2023\/06\/Conway-GRV-10.0.jpg\",\"width\":800,\"height\":489,\"caption\":\"Conway GRV 10.0\"},{\"@type\":\"BreadcrumbList\",\"@id\":\"https:\/\/kgerad.de\/produkt\/conway-grv-10-0-gravel-bike\/#breadcrumb\",\"itemListElement\":[{\"@type\":\"ListItem\",\"position\":1,\"name\":\"Startseite\",\"item\":\"https:\/\/kgerad.de\/\"},{\"@type\":\"ListItem\",\"position\":2,\"name\":\"LADEN\",\"item\":\"https:\/\/kgerad.de\/laden\/\"},{\"@type\":\"ListItem\",\"position\":3,\"name\":\"Conway GRV 10.0 Gravel Bike\"}]},{\"@type\":\"WebSite\",\"@id\":\"https:\/\/kgerad.de\/#website\",\"url\":\"https:\/\/kgerad.de\/\",\"name\":\"kgerad.de\",\"description\":\"Treten Sie mit uns ins Abenteuer!\",\"publisher\":{\"@id\":\"https:\/\/kgerad.de\/#organization\"},\"alternateName\":\"MEIN RADLADEN\",\"potentialAction\":[{\"@type\":\"SearchAction\",\"target\":{\"@type\":\"EntryPoint\",\"urlTemplate\":\"https:\/\/kgerad.de\/?s={search_term_string}\"},\"query-input\":{\"@type\":\"PropertyValueSpecification\",\"valueRequired\":true,\"valueName\":\"search_term_string\"}}],\"inLanguage\":\"en-US\"},{\"@type\":\"Organization\",\"@id\":\"https:\/\/kgerad.de\/#organization\",\"name\":\"MEINRADLADEN\",\"alternateName\":\"MEIN RADLADEN\",\"url\":\"https:\/\/kgerad.de\/\",\"logo\":{\"@type\":\"ImageObject\",\"inLanguage\":\"en-US\",\"@id\":\"https:\/\/kgerad.de\/#\/schema\/logo\/image\/\",\"url\":\"https:\/\/kgerad.de\/wp-content\/uploads\/2025\/07\/logo-Whit.svg\",\"contentUrl\":\"https:\/\/kgerad.de\/wp-content\/uploads\/2025\/07\/logo-Whit.svg\",\"width\":1640,\"height\":371,\"caption\":\"MEINRADLADEN\"},\"image\":{\"@id\":\"https:\/\/kgerad.de\/#\/schema\/logo\/image\/\"}}]}<\/script>\n<!-- \/ Yoast SEO Premium plugin. -->","yoast_head_json":{"title":"Conway GRV 10.0 Gravel Bike","description":"kgerad.de bietet Ihnen das Conway GRV 10.0 Gravel Bike zum besten Preis mit kostenlosem Versand in ganz EuropaConway GRV 10.0Conway GRV 10.0","robots":{"index":"index","follow":"follow","max-snippet":"max-snippet:-1","max-image-preview":"max-image-preview:large","max-video-preview":"max-video-preview:-1"},"canonical":"https:\/\/kgerad.de\/en\/product\/conway-grv-10-0-gravel-bike\/","og_locale":"en_US","og_type":"article","og_title":"Conway GRV 10.0 Gravel Bike","og_description":"Entdecken Sie unseren Online-Fahrradladen: Gro\u00dfe Auswahl an Modellen f\u00fcr alle Radsportbegeisterten. Von Rennr\u00e4dern bis zu Mountainbikes - finden Sie heute Ihren perfekten Wegbegleiter!","og_url":"https:\/\/kgerad.de\/en\/product\/conway-grv-10-0-gravel-bike\/","og_site_name":"kgerad.de","article_modified_time":"2023-08-10T19:23:13+00:00","og_image":[{"width":800,"height":489,"url":"https:\/\/kgerad.de\/wp-content\/uploads\/2023\/06\/Conway-GRV-10.0.jpg","type":"image\/jpeg"}],"twitter_card":"summary_large_image","twitter_misc":{"Est. reading time":"2 minutes"},"schema":{"@context":"https:\/\/schema.org","@graph":[{"@type":"WebPage","@id":"https:\/\/kgerad.de\/produkt\/conway-grv-10-0-gravel-bike\/","url":"https:\/\/kgerad.de\/produkt\/conway-grv-10-0-gravel-bike\/","name":"Conway GRV 10.0 Gravel Bike","isPartOf":{"@id":"https:\/\/kgerad.de\/#website"},"primaryImageOfPage":{"@id":"https:\/\/kgerad.de\/produkt\/conway-grv-10-0-gravel-bike\/#primaryimage"},"image":{"@id":"https:\/\/kgerad.de\/produkt\/conway-grv-10-0-gravel-bike\/#primaryimage"},"thumbnailUrl":"https:\/\/kgerad.de\/wp-content\/uploads\/2023\/06\/Conway-GRV-10.0.jpg","datePublished":"2022-11-04T18:01:23+00:00","dateModified":"2023-08-10T19:23:13+00:00","description":"kgerad.de bietet Ihnen das Conway GRV 10.0 Gravel Bike zum besten Preis mit kostenlosem Versand in ganz EuropaConway GRV 10.0Conway GRV 10.0","breadcrumb":{"@id":"https:\/\/kgerad.de\/produkt\/conway-grv-10-0-gravel-bike\/#breadcrumb"},"inLanguage":"en-US","potentialAction":[{"@type":"ReadAction","target":["https:\/\/kgerad.de\/produkt\/conway-grv-10-0-gravel-bike\/"]}]},{"@type":"ImageObject","inLanguage":"en-US","@id":"https:\/\/kgerad.de\/produkt\/conway-grv-10-0-gravel-bike\/#primaryimage","url":"https:\/\/kgerad.de\/wp-content\/uploads\/2023\/06\/Conway-GRV-10.0.jpg","contentUrl":"https:\/\/kgerad.de\/wp-content\/uploads\/2023\/06\/Conway-GRV-10.0.jpg","width":800,"height":489,"caption":"Conway GRV 10.0"},{"@type":"BreadcrumbList","@id":"https:\/\/kgerad.de\/produkt\/conway-grv-10-0-gravel-bike\/#breadcrumb","itemListElement":[{"@type":"ListItem","position":1,"name":"Startseite","item":"https:\/\/kgerad.de\/"},{"@type":"ListItem","position":2,"name":"LADEN","item":"https:\/\/kgerad.de\/laden\/"},{"@type":"ListItem","position":3,"name":"Conway GRV 10.0 Gravel Bike"}]},{"@type":"WebSite","@id":"https:\/\/kgerad.de\/#website","url":"https:\/\/kgerad.de\/","name":"kgerad.de","description":"Treten Sie mit uns ins Abenteuer!","publisher":{"@id":"https:\/\/kgerad.de\/#organization"},"alternateName":"MEIN RADLADEN","potentialAction":[{"@type":"SearchAction","target":{"@type":"EntryPoint","urlTemplate":"https:\/\/kgerad.de\/?s={search_term_string}"},"query-input":{"@type":"PropertyValueSpecification","valueRequired":true,"valueName":"search_term_string"}}],"inLanguage":"en-US"},{"@type":"Organization","@id":"https:\/\/kgerad.de\/#organization","name":"MEINRADLADEN","alternateName":"MEIN RADLADEN","url":"https:\/\/kgerad.de\/","logo":{"@type":"ImageObject","inLanguage":"en-US","@id":"https:\/\/kgerad.de\/#\/schema\/logo\/image\/","url":"https:\/\/kgerad.de\/wp-content\/uploads\/2025\/07\/logo-Whit.svg","contentUrl":"https:\/\/kgerad.de\/wp-content\/uploads\/2025\/07\/logo-Whit.svg","width":1640,"height":371,"caption":"MEINRADLADEN"},"image":{"@id":"https:\/\/kgerad.de\/#\/schema\/logo\/image\/"}}]}},"_links":{"self":[{"href":"https:\/\/kgerad.de\/en\/wp-json\/wp\/v2\/product\/65332","targetHints":{"allow":["GET"]}}],"collection":[{"href":"https:\/\/kgerad.de\/en\/wp-json\/wp\/v2\/product"}],"about":[{"href":"https:\/\/kgerad.de\/en\/wp-json\/wp\/v2\/types\/product"}],"replies":[{"embeddable":true,"href":"https:\/\/kgerad.de\/en\/wp-json\/wp\/v2\/comments?post=65332"}],"version-history":[{"count":2,"href":"https:\/\/kgerad.de\/en\/wp-json\/wp\/v2\/product\/65332\/revisions"}],"predecessor-version":[{"id":78968,"href":"https:\/\/kgerad.de\/en\/wp-json\/wp\/v2\/product\/65332\/revisions\/78968"}],"wp:featuredmedia":[{"embeddable":true,"href":"https:\/\/kgerad.de\/en\/wp-json\/wp\/v2\/media\/65290"}],"wp:attachment":[{"href":"https:\/\/kgerad.de\/en\/wp-json\/wp\/v2\/media?parent=65332"}],"wp:term":[{"taxonomy":"product_brand","embeddable":true,"href":"https:\/\/kgerad.de\/en\/wp-json\/wp\/v2\/product_brand?post=65332"},{"taxonomy":"product_cat","embeddable":true,"href":"https:\/\/kgerad.de\/en\/wp-json\/wp\/v2\/product_cat?post=65332"},{"taxonomy":"product_tag","embeddable":true,"href":"https:\/\/kgerad.de\/en\/wp-json\/wp\/v2\/product_tag?post=65332"}],"curies":[{"name":"wp","href":"https:\/\/api.w.org\/{rel}","templated":true}]}}