{"id":65329,"date":"2022-11-04T18:53:37","date_gmt":"2022-11-04T17:53:37","guid":{"rendered":"https:\/\/kgerad.de\/?post_type=product&#038;p=65329"},"modified":"2023-08-10T21:25:34","modified_gmt":"2023-08-10T19:25:34","slug":"tern-vektron-q9-elektrisches-faltrad-fahrradfaehig","status":"publish","type":"product","link":"https:\/\/kgerad.de\/en\/product\/tern-vektron-q9-elektrisches-faltrad-fahrradfaehig\/","title":{"rendered":"Tern Vektron Q9 Elektrisches Faltrad &#8211; Fahrradf\u00e4hig"},"content":{"rendered":"<h2 class=\"content--title\"><strong>tern\u00a0Vektron Q9<\/strong><\/h2>\n<div><\/div>\n<div class=\"content--title\">Das Tern Vektron Q9 kommt mit starkem Bosch-Antrieb und einer SHIMANO Alivio 9-fach Schaltung. Zusammen mit den Shimano-Hydraulikbremsen, einem robusten ATLAS Gep\u00e4cktr\u00e4ger und vollst\u00e4ndigen Schutzblechen ist das E-Faltrad f\u00fcr jede Gelegenheit ger\u00fcstet.<\/div>\n<div class=\"product--description\">\n<p>Das Vektron ist ein erstklassiges E-Bike, das sich in nur 10 Sekunden zusammenfalten l\u00e4sst, um es im Zug, Auto oder unter dem Schreibtisch zu verstauen. Mit einem elektrischen Antrieb sind die 20-Zoll-R\u00e4der beinah so schnell wie 28-Z\u00f6ller. Das hei\u00dft, Fahrer k\u00f6nnen von allen Vorteilen von kleinen R\u00e4dern profitieren \u2013 kleine Gr\u00f6\u00dfe, niedriger Schwerpunkt, schnelle Beschleunigung, gutes Handling und <a href=\"http:\/\/ternbicycles.de\">viel<\/a> Stauraum \u2013 und dabei die Geschwindigkeit eines gro\u00dfen Rads genie\u00dfen.<\/p>\n<hr \/>\n<p><strong>Features &#8211; Tern Vektron Q9<\/strong><\/p>\n<ul>\n<li>Bosch Active Line Plus Motor \u2013 bis zu 50 Nm f\u00fcr reaktionsschnelle und zuverl\u00e4ssige Leistung<\/li>\n<li>9-Gang Schaltung von Shimano f\u00fcr Vielseitigkeit<\/li>\n<li>Hydraulische Scheibenbremsen f\u00fcr sicheres Bremsen bei jedem Wetter<\/li>\n<li>Tern Valo Scheinwerfer f\u00fcr Sichtbarkeit rund um die Uhr<\/li>\n<li>Bosch 400 Wattstunden Akku f\u00fcr gro\u00dfe Reichweite<\/li>\n<li>Andros Vorbau, in Sekundenschnelle einstellbar<\/li>\n<li>Stabiler Atlas Gep\u00e4cktr\u00e4ger f\u00fcr den Transport deiner Ausr\u00fcstung<\/li>\n<li><b>Gr\u00f6\u00dfe zusamengefaltet:<\/b>\u00a041 x 86 x 68 cm<\/li>\n<li><b>Maximales Fahrergewicht:<\/b>\u00a0105 kg<\/li>\n<li><b>Zul\u00e4ssiges Gesamtgewicht:<\/b>\u00a0125 kg<\/li>\n<li><b>Empfohlene K\u00f6rpergr\u00f6\u00dfe:<\/b>\u00a0147 &#8211; 195 cm<\/li>\n<\/ul>\n<hr \/>\n<h3>Technologie<\/h3>\n<p><strong>Andros\u2122-Vorbau &#8211; Mach es passend<\/strong><br \/>\nAndros\u2122 ist Terns patentierter, verstellbarer Vorbau, dank dem sich der Lenker exakt in die gew\u00fcnschte Position bringen l\u00e4sst \u2013 einfach und ohne Werkzeug. Verstelle die Fahrposition in nur wenigen Sekunden: lang und flach f\u00fcr Fahrten im Gegenwind oder aufrecht und komfortabel f\u00fcr den Stadtverkehr. Du entscheidest, wie du fahren m\u00f6chtest, und Andros\u2122 macht das Fahrrad passend.<\/p>\n<p><strong>Hydraulik-Scheibenbremsen von Shimano &#8211; Bremskraft unter allen Umst\u00e4nden<\/strong><br \/>\nHydraulik-Scheibenbremsen von Shimano liefern kraftvolle Verz\u00f6gerung bei jedem Wetter, und das mit nur einem Finger am Bremshebel. Neben ihrer zuverl\u00e4ssigen Bremskraft begeistert vor allem die feine Dosierbarkeit &#8211; ein sp\u00fcrbares Sicherheits-Plus, vor allem bei wechselhaften Stra\u00dfenverh\u00e4ltnissen.<\/p>\n<p><strong>Shimano Alivio Shadow-Schaltwerk &#8211; Gen\u00fcgend G\u00e4nge f\u00fcr die City<\/strong><br \/>\nF\u00fcr die meisten St\u00e4dte der Welt hat das robuste Alivio Shadow-Schaltwerk gen\u00fcgend \u00dcbersetzungsstufen zu bieten &#8211; und dank seiner &#8222;Shadow&#8220;-Bauweise versteckt es sich so wirkungsvoll unter dem Ausfallende, dass es auch dann gut gesch\u00fctzt ist, wenn du dein Bike im gefalteten Zustand transportierst.<\/p>\n<p><strong>Bosch PowerPack 400-Akku &#8211; Zuverl\u00e4ssiges Kraftpaket<\/strong><br \/>\nDieser beeindruckend leistungsstarke Akku l\u00e4sst sich einfach an deinem Bike anbringen und wieder entnehmen. \u00dcberragend kurz sind die Ladezeiten: in nur 1,5 h von null auf 50% und in 3,5 Stunden auf volle Ladung. So kannst du weitere Strecken mit l\u00e4ngeren Abst\u00e4nden zwischen den Ladevorg\u00e4ngen zur\u00fccklegen. Du wirst von der langen Lebensdauer, dem geringen Gewicht und dem einfachen Handling begeistert sein. Und du brauchst dir keine Sorgen mehr um die Reichweite deines E-Bikes zu machen.<\/p>\n<p><strong>Bosch Purion-Display &#8211; Kompaktes Kontrollzentrum<\/strong><br \/>\nMit diesem Lenkerend-Bordcomputer hast du die volle Kontrolle \u00fcber deinen E-Antrieb: Per Daumendruck w\u00e4hlst du die Motorunterst\u00fctzung in 5 Stufen (von &#8222;Off&#8220; \u00fcber &#8222;Eco&#8220; bis &#8222;Turbo&#8220;) oder die Schiebehilfe, dabei beh\u00e4lst du jederzeit die wichtigsten Fahrdaten im Blick: Geschwindigkeit und Akkuzustand, dazu wahlweise die Tagesfahrstrecke, Gesamtkilometer, die aktuelle Unterst\u00fctzungsstufe oder die verbleibende Reichweite. Und ein langer Druck auf die &#8222;+&#8220;-Taste schaltet auch noch die Beleuchtung ein (oder aus).<\/p>\n<hr \/>\n<h2>Ausstattung<\/h2>\n<div class=\"product--properties panel has--border\">\n<table class=\"product--properties-table\">\n<tbody>\n<tr class=\"product--properties-row row1\">\n<td class=\"product--properties-label is--bold\">Rahmen:<\/td>\n<td class=\"product--properties-value\">Tern Vektron, hydroformed 7005-AL, OCL+ joint, 3 patented technologies<\/td>\n<\/tr>\n<tr class=\"product--properties-row row2\">\n<td class=\"product--properties-label is--bold\">Rahmenmaterial:<\/td>\n<td class=\"product--properties-value\">Aluminium<\/td>\n<\/tr>\n<tr class=\"product--properties-row row3\">\n<td class=\"product--properties-label is--bold\">Laufradgr\u00f6\u00dfe:<\/td>\n<td class=\"product--properties-value\">20&#8243;<\/td>\n<\/tr>\n<tr class=\"product--properties-row row4\">\n<td class=\"product--properties-label is--bold\">Farbe:<\/td>\n<td class=\"product--properties-value\">Satin Mettalic Silver \/ Silver<\/td>\n<\/tr>\n<tr class=\"product--properties-row row5\">\n<td class=\"product--properties-label is--bold\">Gabel:<\/td>\n<td class=\"product--properties-value\">Tern Tarsus, 6061-Al, hydroformed<\/td>\n<\/tr>\n<tr class=\"product--properties-row row6\">\n<td class=\"product--properties-label is--bold\">Bremsen:<\/td>\n<td class=\"product--properties-value\">Shimano, hydraulic disc<\/td>\n<\/tr>\n<tr class=\"product--properties-row row7\">\n<td class=\"product--properties-label is--bold\">Bremshebel:<\/td>\n<td class=\"product--properties-value\">Shimano, hydraulic disc<\/td>\n<\/tr>\n<tr class=\"product--properties-row row8\">\n<td class=\"product--properties-label is--bold\">Steuersatz:<\/td>\n<td class=\"product--properties-value\">Tern Flux, cartridge bearings, Physis integrated<\/td>\n<\/tr>\n<tr class=\"product--properties-row row9\">\n<td class=\"product--properties-label is--bold\">Vorbau:<\/td>\n<td class=\"product--properties-value\">Tern Andros, adjustable, forged construction, patented technology<\/td>\n<\/tr>\n<tr class=\"product--properties-row row10\">\n<td class=\"product--properties-label is--bold\">Lenker:<\/td>\n<td class=\"product--properties-value\">Tern Physis 3D, 3D forged, 5 patented technologies, 12\u00b0, 320 mm, Flat bar, 6061-AL, Tern Andros adapted<\/td>\n<\/tr>\n<tr class=\"product--properties-row row11\">\n<td class=\"product--properties-label is--bold\">Griffe:<\/td>\n<td class=\"product--properties-value\">Velo ergonomic, lock-on<\/td>\n<\/tr>\n<tr class=\"product--properties-row row12\">\n<td class=\"product--properties-label is--bold\">Sattel:<\/td>\n<td class=\"product--properties-value\">Tern Porter, patented GripPad design<\/td>\n<\/tr>\n<tr class=\"product--properties-row row13\">\n<td class=\"product--properties-label is--bold\">Sattelst\u00fctze:<\/td>\n<td class=\"product--properties-value\">Tern Telescope, 34.9\/30.9 mm, 2014-AL<\/td>\n<\/tr>\n<tr class=\"product--properties-row row14\">\n<td class=\"product--properties-label is--bold\">Sattelklemme:<\/td>\n<td class=\"product--properties-value\">Tern Collar, 6061-AL, 2pc<\/td>\n<\/tr>\n<tr class=\"product--properties-row row15\">\n<td class=\"product--properties-label is--bold\">Kurbel:<\/td>\n<td class=\"product--properties-value\">Vektron custom, forged 6061-AL crankarm<\/td>\n<\/tr>\n<\/tbody>\n<\/table>\n<\/div>\n<h3>Introducing The Vektron<\/h3>\n<p><iframe title=\"YouTube video player\" src=\"https:\/\/www.youtube-nocookie.com\/embed\/5ZBxyMWkqeo\" width=\"640\" height=\"360\" frameborder=\"0\" allowfullscreen=\"allowfullscreen\" data-mce-fragment=\"1\"><\/iframe><\/p>\n<h3>How to Fold and Roll the Vektron Electric Folding Bike<\/h3>\n<p><iframe src=\"https:\/\/www.youtube-nocookie.com\/embed\/CQnVOOOhZZ8?rel=0&amp;showinfo=0\" width=\"640\" height=\"360\" frameborder=\"0\" allowfullscreen=\"allowfullscreen\" data-mce-fragment=\"1\"><\/iframe><\/p>\n<h3>How to Unfold the Vektron Electric Folding Bike after Rolling<\/h3>\n<p><iframe src=\"https:\/\/www.youtube-nocookie.com\/embed\/5Vv581c4nO4?rel=0&amp;showinfo=0\" width=\"640\" height=\"360\" frameborder=\"0\" allowfullscreen=\"allowfullscreen\" data-mce-fragment=\"1\"><\/iframe><\/p>\n<h3><\/h3>\n<\/div>\n<div><strong>Hersteller Artikelnr<\/strong>.: 02120822<br \/>\n<strong>EAN<\/strong>: 812741027754<br \/>\n<strong>Modelljahr<\/strong>: 2022<\/div>","protected":false},"excerpt":{"rendered":"<p>tern\u00a0Vektron Q9 Das Tern Vektron Q9 kommt mit starkem Bosch-Antrieb und einer SHIMANO Alivio 9-fach Schaltung. Zusammen mit den Shimano-Hydraulikbremsen,<\/p>","protected":false},"featured_media":65330,"comment_status":"open","ping_status":"closed","template":"","meta":[],"product_brand":[],"product_cat":[33,34,310,35],"product_tag":[],"class_list":{"0":"post-65329","1":"product","2":"type-product","3":"status-publish","4":"has-post-thumbnail","6":"product_cat-e-bike","7":"product_cat-e-bike-city-urban","8":"product_cat-e-bike-faltrad","9":"product_cat-e-bikes-2022","10":"pa_marke-tern","12":"first","13":"instock","14":"sale","15":"taxable","16":"shipping-taxable","17":"purchasable","18":"product-type-variable"},"yoast_head":"<!-- This site is optimized with the Yoast SEO Premium plugin v20.12 (Yoast SEO v27.1.1) - https:\/\/yoast.com\/product\/yoast-seo-premium-wordpress\/ -->\n<title>Tern Vektron Q9 Elektrisches Faltrad - Fahrradf\u00e4hig<\/title>\n<meta name=\"description\" content=\"Entdecken Sie unseren Online-Fahrradladen: Gro\u00dfe Auswahl an Modellen f\u00fcr alle Radsportbegeisterten. Von Rennr\u00e4dern bis zu Mountainbikes - finden Sie heute Ihren perfekten Wegbegleiter!\" \/>\n<meta name=\"robots\" content=\"index, follow, max-snippet:-1, max-image-preview:large, max-video-preview:-1\" \/>\n<link rel=\"canonical\" href=\"https:\/\/kgerad.de\/en\/product\/tern-vektron-q9-elektrisches-faltrad-fahrradfaehig\/\" \/>\n<meta property=\"og:locale\" content=\"en_US\" \/>\n<meta property=\"og:type\" content=\"article\" \/>\n<meta property=\"og:title\" content=\"Tern Vektron Q9 Elektrisches Faltrad - Fahrradf\u00e4hig\" \/>\n<meta property=\"og:description\" content=\"Entdecken Sie unseren Online-Fahrradladen: Gro\u00dfe Auswahl an Modellen f\u00fcr alle Radsportbegeisterten. Von Rennr\u00e4dern bis zu Mountainbikes - finden Sie heute Ihren perfekten Wegbegleiter!\" \/>\n<meta property=\"og:url\" content=\"https:\/\/kgerad.de\/en\/product\/tern-vektron-q9-elektrisches-faltrad-fahrradfaehig\/\" \/>\n<meta property=\"og:site_name\" content=\"kgerad.de\" \/>\n<meta property=\"article:modified_time\" content=\"2023-08-10T19:25:34+00:00\" \/>\n<meta property=\"og:image\" content=\"https:\/\/kgerad.de\/wp-content\/uploads\/2023\/06\/tern-vektron_q9-02120822.jpg\" \/>\n\t<meta property=\"og:image:width\" content=\"1000\" \/>\n\t<meta property=\"og:image:height\" content=\"663\" \/>\n\t<meta property=\"og:image:type\" content=\"image\/jpeg\" \/>\n<meta name=\"twitter:card\" content=\"summary_large_image\" \/>\n<meta name=\"twitter:label1\" content=\"Est. reading time\" \/>\n\t<meta name=\"twitter:data1\" content=\"4 minutes\" \/>\n<script type=\"application\/ld+json\" class=\"yoast-schema-graph\">{\"@context\":\"https:\/\/schema.org\",\"@graph\":[{\"@type\":\"WebPage\",\"@id\":\"https:\/\/kgerad.de\/produkt\/tern-vektron-q9-elektrisches-faltrad-fahrradfaehig\/\",\"url\":\"https:\/\/kgerad.de\/produkt\/tern-vektron-q9-elektrisches-faltrad-fahrradfaehig\/\",\"name\":\"Tern Vektron Q9 Elektrisches Faltrad - Fahrradf\u00e4hig\",\"isPartOf\":{\"@id\":\"https:\/\/kgerad.de\/#website\"},\"primaryImageOfPage\":{\"@id\":\"https:\/\/kgerad.de\/produkt\/tern-vektron-q9-elektrisches-faltrad-fahrradfaehig\/#primaryimage\"},\"image\":{\"@id\":\"https:\/\/kgerad.de\/produkt\/tern-vektron-q9-elektrisches-faltrad-fahrradfaehig\/#primaryimage\"},\"thumbnailUrl\":\"https:\/\/kgerad.de\/wp-content\/uploads\/2023\/06\/tern-vektron_q9-02120822.jpg\",\"datePublished\":\"2022-11-04T17:53:37+00:00\",\"dateModified\":\"2023-08-10T19:25:34+00:00\",\"description\":\"Entdecken Sie unseren Online-Fahrradladen: Gro\u00dfe Auswahl an Modellen f\u00fcr alle Radsportbegeisterten. Von Rennr\u00e4dern bis zu Mountainbikes - finden Sie heute Ihren perfekten Wegbegleiter!\",\"breadcrumb\":{\"@id\":\"https:\/\/kgerad.de\/produkt\/tern-vektron-q9-elektrisches-faltrad-fahrradfaehig\/#breadcrumb\"},\"inLanguage\":\"en-US\",\"potentialAction\":[{\"@type\":\"ReadAction\",\"target\":[\"https:\/\/kgerad.de\/produkt\/tern-vektron-q9-elektrisches-faltrad-fahrradfaehig\/\"]}]},{\"@type\":\"ImageObject\",\"inLanguage\":\"en-US\",\"@id\":\"https:\/\/kgerad.de\/produkt\/tern-vektron-q9-elektrisches-faltrad-fahrradfaehig\/#primaryimage\",\"url\":\"https:\/\/kgerad.de\/wp-content\/uploads\/2023\/06\/tern-vektron_q9-02120822.jpg\",\"contentUrl\":\"https:\/\/kgerad.de\/wp-content\/uploads\/2023\/06\/tern-vektron_q9-02120822.jpg\",\"width\":1000,\"height\":663,\"caption\":\"Tern Vektron Q9 Elektrisches Faltrad - Fahrradf\u00e4hig\"},{\"@type\":\"BreadcrumbList\",\"@id\":\"https:\/\/kgerad.de\/produkt\/tern-vektron-q9-elektrisches-faltrad-fahrradfaehig\/#breadcrumb\",\"itemListElement\":[{\"@type\":\"ListItem\",\"position\":1,\"name\":\"Startseite\",\"item\":\"https:\/\/kgerad.de\/\"},{\"@type\":\"ListItem\",\"position\":2,\"name\":\"LADEN\",\"item\":\"https:\/\/kgerad.de\/laden\/\"},{\"@type\":\"ListItem\",\"position\":3,\"name\":\"Tern Vektron Q9 Elektrisches Faltrad &#8211; Fahrradf\u00e4hig\"}]},{\"@type\":\"WebSite\",\"@id\":\"https:\/\/kgerad.de\/#website\",\"url\":\"https:\/\/kgerad.de\/\",\"name\":\"kgerad.de\",\"description\":\"Treten Sie mit uns ins Abenteuer!\",\"publisher\":{\"@id\":\"https:\/\/kgerad.de\/#organization\"},\"alternateName\":\"MEIN RADLADEN\",\"potentialAction\":[{\"@type\":\"SearchAction\",\"target\":{\"@type\":\"EntryPoint\",\"urlTemplate\":\"https:\/\/kgerad.de\/?s={search_term_string}\"},\"query-input\":{\"@type\":\"PropertyValueSpecification\",\"valueRequired\":true,\"valueName\":\"search_term_string\"}}],\"inLanguage\":\"en-US\"},{\"@type\":\"Organization\",\"@id\":\"https:\/\/kgerad.de\/#organization\",\"name\":\"MEINRADLADEN\",\"alternateName\":\"MEIN RADLADEN\",\"url\":\"https:\/\/kgerad.de\/\",\"logo\":{\"@type\":\"ImageObject\",\"inLanguage\":\"en-US\",\"@id\":\"https:\/\/kgerad.de\/#\/schema\/logo\/image\/\",\"url\":\"https:\/\/kgerad.de\/wp-content\/uploads\/2025\/07\/logo-Whit.svg\",\"contentUrl\":\"https:\/\/kgerad.de\/wp-content\/uploads\/2025\/07\/logo-Whit.svg\",\"width\":1640,\"height\":371,\"caption\":\"MEINRADLADEN\"},\"image\":{\"@id\":\"https:\/\/kgerad.de\/#\/schema\/logo\/image\/\"}}]}<\/script>\n<!-- \/ Yoast SEO Premium plugin. -->","yoast_head_json":{"title":"Tern Vektron Q9 Elektrisches Faltrad - Fahrradf\u00e4hig","description":"Entdecken Sie unseren Online-Fahrradladen: Gro\u00dfe Auswahl an Modellen f\u00fcr alle Radsportbegeisterten. Von Rennr\u00e4dern bis zu Mountainbikes - finden Sie heute Ihren perfekten Wegbegleiter!","robots":{"index":"index","follow":"follow","max-snippet":"max-snippet:-1","max-image-preview":"max-image-preview:large","max-video-preview":"max-video-preview:-1"},"canonical":"https:\/\/kgerad.de\/en\/product\/tern-vektron-q9-elektrisches-faltrad-fahrradfaehig\/","og_locale":"en_US","og_type":"article","og_title":"Tern Vektron Q9 Elektrisches Faltrad - Fahrradf\u00e4hig","og_description":"Entdecken Sie unseren Online-Fahrradladen: Gro\u00dfe Auswahl an Modellen f\u00fcr alle Radsportbegeisterten. Von Rennr\u00e4dern bis zu Mountainbikes - finden Sie heute Ihren perfekten Wegbegleiter!","og_url":"https:\/\/kgerad.de\/en\/product\/tern-vektron-q9-elektrisches-faltrad-fahrradfaehig\/","og_site_name":"kgerad.de","article_modified_time":"2023-08-10T19:25:34+00:00","og_image":[{"width":1000,"height":663,"url":"https:\/\/kgerad.de\/wp-content\/uploads\/2023\/06\/tern-vektron_q9-02120822.jpg","type":"image\/jpeg"}],"twitter_card":"summary_large_image","twitter_misc":{"Est. reading time":"4 minutes"},"schema":{"@context":"https:\/\/schema.org","@graph":[{"@type":"WebPage","@id":"https:\/\/kgerad.de\/produkt\/tern-vektron-q9-elektrisches-faltrad-fahrradfaehig\/","url":"https:\/\/kgerad.de\/produkt\/tern-vektron-q9-elektrisches-faltrad-fahrradfaehig\/","name":"Tern Vektron Q9 Elektrisches Faltrad - Fahrradf\u00e4hig","isPartOf":{"@id":"https:\/\/kgerad.de\/#website"},"primaryImageOfPage":{"@id":"https:\/\/kgerad.de\/produkt\/tern-vektron-q9-elektrisches-faltrad-fahrradfaehig\/#primaryimage"},"image":{"@id":"https:\/\/kgerad.de\/produkt\/tern-vektron-q9-elektrisches-faltrad-fahrradfaehig\/#primaryimage"},"thumbnailUrl":"https:\/\/kgerad.de\/wp-content\/uploads\/2023\/06\/tern-vektron_q9-02120822.jpg","datePublished":"2022-11-04T17:53:37+00:00","dateModified":"2023-08-10T19:25:34+00:00","description":"Entdecken Sie unseren Online-Fahrradladen: Gro\u00dfe Auswahl an Modellen f\u00fcr alle Radsportbegeisterten. Von Rennr\u00e4dern bis zu Mountainbikes - finden Sie heute Ihren perfekten Wegbegleiter!","breadcrumb":{"@id":"https:\/\/kgerad.de\/produkt\/tern-vektron-q9-elektrisches-faltrad-fahrradfaehig\/#breadcrumb"},"inLanguage":"en-US","potentialAction":[{"@type":"ReadAction","target":["https:\/\/kgerad.de\/produkt\/tern-vektron-q9-elektrisches-faltrad-fahrradfaehig\/"]}]},{"@type":"ImageObject","inLanguage":"en-US","@id":"https:\/\/kgerad.de\/produkt\/tern-vektron-q9-elektrisches-faltrad-fahrradfaehig\/#primaryimage","url":"https:\/\/kgerad.de\/wp-content\/uploads\/2023\/06\/tern-vektron_q9-02120822.jpg","contentUrl":"https:\/\/kgerad.de\/wp-content\/uploads\/2023\/06\/tern-vektron_q9-02120822.jpg","width":1000,"height":663,"caption":"Tern Vektron Q9 Elektrisches Faltrad - Fahrradf\u00e4hig"},{"@type":"BreadcrumbList","@id":"https:\/\/kgerad.de\/produkt\/tern-vektron-q9-elektrisches-faltrad-fahrradfaehig\/#breadcrumb","itemListElement":[{"@type":"ListItem","position":1,"name":"Startseite","item":"https:\/\/kgerad.de\/"},{"@type":"ListItem","position":2,"name":"LADEN","item":"https:\/\/kgerad.de\/laden\/"},{"@type":"ListItem","position":3,"name":"Tern Vektron Q9 Elektrisches Faltrad &#8211; Fahrradf\u00e4hig"}]},{"@type":"WebSite","@id":"https:\/\/kgerad.de\/#website","url":"https:\/\/kgerad.de\/","name":"kgerad.de","description":"Treten Sie mit uns ins Abenteuer!","publisher":{"@id":"https:\/\/kgerad.de\/#organization"},"alternateName":"MEIN RADLADEN","potentialAction":[{"@type":"SearchAction","target":{"@type":"EntryPoint","urlTemplate":"https:\/\/kgerad.de\/?s={search_term_string}"},"query-input":{"@type":"PropertyValueSpecification","valueRequired":true,"valueName":"search_term_string"}}],"inLanguage":"en-US"},{"@type":"Organization","@id":"https:\/\/kgerad.de\/#organization","name":"MEINRADLADEN","alternateName":"MEIN RADLADEN","url":"https:\/\/kgerad.de\/","logo":{"@type":"ImageObject","inLanguage":"en-US","@id":"https:\/\/kgerad.de\/#\/schema\/logo\/image\/","url":"https:\/\/kgerad.de\/wp-content\/uploads\/2025\/07\/logo-Whit.svg","contentUrl":"https:\/\/kgerad.de\/wp-content\/uploads\/2025\/07\/logo-Whit.svg","width":1640,"height":371,"caption":"MEINRADLADEN"},"image":{"@id":"https:\/\/kgerad.de\/#\/schema\/logo\/image\/"}}]}},"_links":{"self":[{"href":"https:\/\/kgerad.de\/en\/wp-json\/wp\/v2\/product\/65329","targetHints":{"allow":["GET"]}}],"collection":[{"href":"https:\/\/kgerad.de\/en\/wp-json\/wp\/v2\/product"}],"about":[{"href":"https:\/\/kgerad.de\/en\/wp-json\/wp\/v2\/types\/product"}],"replies":[{"embeddable":true,"href":"https:\/\/kgerad.de\/en\/wp-json\/wp\/v2\/comments?post=65329"}],"version-history":[{"count":1,"href":"https:\/\/kgerad.de\/en\/wp-json\/wp\/v2\/product\/65329\/revisions"}],"predecessor-version":[{"id":78969,"href":"https:\/\/kgerad.de\/en\/wp-json\/wp\/v2\/product\/65329\/revisions\/78969"}],"wp:featuredmedia":[{"embeddable":true,"href":"https:\/\/kgerad.de\/en\/wp-json\/wp\/v2\/media\/65330"}],"wp:attachment":[{"href":"https:\/\/kgerad.de\/en\/wp-json\/wp\/v2\/media?parent=65329"}],"wp:term":[{"taxonomy":"product_brand","embeddable":true,"href":"https:\/\/kgerad.de\/en\/wp-json\/wp\/v2\/product_brand?post=65329"},{"taxonomy":"product_cat","embeddable":true,"href":"https:\/\/kgerad.de\/en\/wp-json\/wp\/v2\/product_cat?post=65329"},{"taxonomy":"product_tag","embeddable":true,"href":"https:\/\/kgerad.de\/en\/wp-json\/wp\/v2\/product_tag?post=65329"}],"curies":[{"name":"wp","href":"https:\/\/api.w.org\/{rel}","templated":true}]}}