{"id":49851,"date":"2022-12-28T18:38:13","date_gmt":"2022-12-28T17:38:13","guid":{"rendered":"https:\/\/kgerad.de\/?post_type=product&#038;p=49851"},"modified":"2023-08-10T18:40:33","modified_gmt":"2023-08-10T16:40:33","slug":"garmin-forerunner-945-lte-bundle-gps-multisport-smartwatch-2","status":"publish","type":"product","link":"https:\/\/kgerad.de\/en\/product\/garmin-forerunner-945-lte-bundle-gps-multisport-smartwatch-2\/","title":{"rendered":"Garmin Forerunner 945 LTE Bundle &#8211; GPS Multisport Smartwatch"},"content":{"rendered":"<h2 class=\"product--title\"><strong>Garmin<\/strong>\u00a0Forerunner 945 LTE Bundle &#8211; GPS Multisport Smartwatch<\/h2>\n<p>Lass Garmin Forerunner 945 alle hinter dir\u00a0 zuhause. Mit dem Forerunner 945 LTE <a href=\"http:\/\/1-1\">bleibst<\/a> du in Verbindung. \u00dcber LTE erreichst du im Notfall sofort die Garmin IERCC Notrufzentrale und wichtige Personen werden bei einem Unfall automatisch informiert. Teile per LiveTrack deine aktuelle Position mit Freunden und Fans &#8211; und lass dich von ihnen live per Nachricht anfeuern.<\/p>\n<p>Physiologische Messwerte und individualisierte Workouts helfen dir, dein Training zu perfektionieren und im Wettkampf alles abzurufen &#8211; Von 10 KM bis Triathlon. Mit Garmin Music, smarten Features und bis zu 14 Tage Akku.<\/p>\n<hr \/>\n<h3>Lieferumfang<\/h3>\n<ul>\n<li>Forerunner\u00ae 945 LTE GPS-Triathlonuhr<\/li>\n<li>Schwarzes Silikonarmband<\/li>\n<li>HRM-Pro\u2122<\/li>\n<li>HRM-Swim\u2122<\/li>\n<li>USB Lade-\/Sync-Kabel<\/li>\n<li>Dokumentation<\/li>\n<\/ul>\n<h3>\u00a0Features<\/h3>\n<p><strong>GPS-TRIATHLONUHR<\/strong><br \/>\nErhalte mehr Funktionen auf dem Wearable, ohne dass das Ger\u00e4t zu gro\u00df oder zu schwer wird. \u00dcberhole deine Mitstreiter mit einer leichten, sportlichen Smartwatch.<\/p>\n<p><strong>NOTRUF PLUS<\/strong><br \/>\nSicherheit ist wichtig. Diese Uhr kann automatisch deinen Namen und deine Position an das Garmin IERCC senden, eine professionelle, rund um die Uhr besetzte Zentrale f\u00fcr die Notfalldienstkoordinierung, die sich mit Rettungsdiensten oder anderen in Verbindung setzen und mit ihnen koordinieren kann, um Hilfe bereitzustellen.<\/p>\n<p><strong>F\u00dcR FREUNDE UND FAMILIE<\/strong><br \/>\nMit LiveTrack k\u00f6nnen Freunde und Familie deine Echtzeitposition verfolgen und sogar deine gesamte, zuvor geplante Strecke sehen. Sei versichert, dass deine Lieben genau wissen, wohin dich dein Lauf- oder Radfahrtraining f\u00fchrt.<\/p>\n<p><strong>NAVIGATION MIT ABBIEGEHINWEISEN<\/strong><br \/>\nFolge einer Route oder Strecke mithilfe von Abbiegehinweisen. Ab sofort verpasst du keine Abzweigung mehr.<\/p>\n<p><strong>PERFEKTE ANALYSE MIT GARMIN CONNECT<\/strong><br \/>\nLade deine Aktivit\u00e4ten in die Garmin Connect-App hoch, um mit einer viel besuchten Online-Community zu interagieren. Mitglieder k\u00f6nnen Verbindungen mit anderen herstellen, gegeneinander antreten und sogar Erfolge \u00fcber soziale Medien mit anderen teilen.<\/p>\n<hr \/>\n<h3>Farbe<\/h3>\n<ul>\n<li>neongelb \/ schwarz<\/li>\n<\/ul>\n<h3>Gewicht<\/h3>\n<ul>\n<li>49 g (Herstellerangabe)<\/li>\n<\/ul>\n<hr \/>\n<h3>Garmin: Whatever the Reason, Run with Forerunner 945 LTE<\/h3>\n<p><iframe title=\"YouTube video player\" src=\"https:\/\/www.youtube-nocookie.com\/embed\/403dbvihBsc\" width=\"640\" height=\"360\" frameborder=\"0\" allowfullscreen=\"allowfullscreen\" data-mce-fragment=\"1\"><\/iframe><\/p>\n<hr \/>\n<h3>HRM-PRO Brustgurt ANT+\u00ae und BLUETOOTH\u00ae<\/h3>\n<p>Egal ob bei deiner Schwimmeinheit, dem Mannschaftstraining oder deinem Laufsport \u2013 der HRM-Pro\u2122 von Garmin zeichnet deine Herzfrequenzdaten sowie die Laufeffizienzwerte pr\u00e4zise auf. Dank der Kompatibilit\u00e4t mit Bluetooth und ANT+ kannst du deine Daten in Echtzeit an deine Smartwatch, Trainingsger\u00e4te oder Online-Plattformen, wieTacx, Zwift, etc.<\/p>\n<p>\u00fcbertragen \u2013 unabh\u00e4ngig davon, wie du am liebsten trainierst. Auch bei Aktivit\u00e4ten ohne direkte Verbindung zu deiner Smartwatch speichert der Premium Herzfrequenz \u2013 Brustgurt deine Daten w\u00e4hrend deiner Aktivit\u00e4t ab und \u00fcbertr\u00e4gt sie im Anschluss direkt auf deine Uhr. Dank Physio TrueUp werden auch ohne Uhr deine Aktivit\u00e4tsdaten, wie Schritte, Intensit\u00e4tsminuten und Kalorienverbrauch in deinem Garmin Connect Profil gespeichert. Mit einer Batterielaufzeit von einem Jahr kannst du stets entspannt trainieren.<\/p>\n<h3>Highlights &#8211; Garmin HRM-Pro\u2122<\/h3>\n<p><strong>LEISTUNGSDATEN<\/strong><br \/>\nDer HRM-Pro\u2122 zeichnet zuverl\u00e4ssig und pr\u00e4zise deine Herzfrequenzdaten sowie Laufeffizienzwerte, wie u.a. Schrittfrequenz, vertikales Verh\u00e4ltnis, Bodenkontaktzeit und mehr auf.<\/p>\n<p><strong>UNTER WASSER<\/strong><br \/>\nAuch beim Schwimmen werden die Herzfrequenzdaten aufgezeichnet.<\/p>\n<p><strong>ANT+ UND BLUETOOTH<\/strong><br \/>\nDank ANT+ und Bluetooth k\u00f6nnen die Daten direkt an die Smartwatch, Smartphone, Trainingsger\u00e4te oder Online-Plattformen, wie Zwift, \u00fcbertragen werden.<\/p>\n<p><strong>SPEICHERN UND \u00dcBERTRAGEN<\/strong><br \/>\nDer HRM-Pro\u2122 kann deine Daten w\u00e4hrend deiner Aktivit\u00e4t speichern und im Anschluss direkt auf deine Smartwatch \u00fcbertragen. So kannst du w\u00e4hrend deines Mannschaftstrainings deine Uhr problemlos in der Tasche lassen und trotzdem deine Leistung messen.<\/p>\n<p><strong>PHYSIO TRUEUP<\/strong><br \/>\nDer Premium Herzfrequenz-Brustgurt erkennt deine Aktivit\u00e4t, speichert deine Daten und synchronisiert dank Physio TrueUp deine Aktivit\u00e4tsdaten mit deinem Garmin Connect Konto. Sieh dir im Anschluss an deine Aktivit\u00e4t deine Schritte, zur\u00fcckgelegte Distanz, Intensit\u00e4tsminuten und verbrauchten Kalorien an.<\/p>\n<p><strong>BATTERIELAUFZEIT<\/strong><br \/>\nDie Knopfzellen-Batterie im HRM-Pro\u2122 h\u00e4lt bis zu 1 Jahr. Du kannst die Batterie problemlos austauschen und dein Training sofort wieder starten.<\/p>\n<h3>Produkteigenschaften<\/h3>\n<ul>\n<li>Abmessungen: 60,0 \u2013 142,0 x 3,0 x 1,2 cm<\/li>\n<li>Gurtl\u00e4nge: 60,0 bis 106,0 cm<\/li>\n<li>\u00dcbertragung: ANT+ \/ Bluetooth<\/li>\n<li>Batterie: CR2032<\/li>\n<li>Batterielaufzeit: 12 Monate (bei 1 Std Training pro Tag)<\/li>\n<li>Wasserdichtigkeit: 5 ATM<\/li>\n<li>Betriebstemperatur: -10\u00b0C bis 50\u00b0C<\/li>\n<li>Reichweite: 3m<\/li>\n<li>ANT+\u00ae-Herzfrequenz<\/li>\n<li>BLE-Herzfrequenz<\/li>\n<li>Unterst\u00fctzt Herzfrequenzvariabilit\u00e4t und erweiterte Herzfrequenzfunktionen<\/li>\n<li>ANT+ Laufdynamik<\/li>\n<li>Stand-Alone-Aktivit\u00e4ts\u00fcberwachung (Schritte, ganzt\u00e4gige Herzfrequenz, Kalorien und Intensit\u00e4tsminuten)<\/li>\n<li>Unterst\u00fctzung Physio TrueUp<\/li>\n<li>Herzfrequenz speichern und weiterleiten<\/li>\n<li>Schwimmintervall-Herzfrequenz-Statistik<\/li>\n<\/ul>\n<hr \/>\n<h3>HRM-Swim\u2122 Premium Herzfrequenz-Brustgurt<\/h3>\n<p>Gestallte dein Schwimmtraining effektiver, indem du den HRM-Swim Brustgurt mit deiner kompatiblen Garmin Uhr per ANT+ koppelst. Der angenehm zu tragende und rutschfeste Gurt wurde speziell f\u00fcr die Verwendung im Schwimmbad entwickelt und verrutscht auch beim Absto\u00dfen vom Beckenrand nicht. Wenn sich das Ger\u00e4t nicht mehr im Wasser befindet, beispielsweise wenn der Oberk\u00f6rper beim Training aus dem Wasser auftaucht, werden Echtzeit-Herzfrequenzdaten, Intervall\u00fcbersichten und gespeicherte Herzfrequenzdaten an den 920XToder auch die fenix 3 gesendet.<\/p>\n<h3>Einsatz<\/h3>\n<ul>\n<li>Schwimmbadschwimmen<\/li>\n<li>Freiwasserschwimmen<\/li>\n<li>Triathlon-Wettkampf (Freiwasserschwimmen), keine Triathlon-Kleidung erforderlich<\/li>\n<li>Lauf- oder Radtraining als Teil einer Multisport-Aktivit\u00e4t mit Schwimmbadschwimmen<\/li>\n<\/ul>\n<h3>Produkteigenschaften<\/h3>\n<p><strong><br \/>\nAbmessungen und Gewicht<\/strong><\/p>\n<ul>\n<li>Ger\u00e4teabmessungen (L x B x T): 58 bis 145 x 3,8 x 1,2 cm<\/li>\n<li>Gewicht: 72 g<\/li>\n<li>Modulgr\u00f6\u00dfe: 29,4 x 51,4 x 8,5 mm<\/li>\n<li>Modulgewicht: 51 g<\/li>\n<li>L\u00e4ngen\u00e4nderung: Faltbar<\/li>\n<li>L\u00e4nge: 58 bis 145 cm<\/li>\n<li>Batterie: CR2032<\/li>\n<li>Batterie: 18 Monate (Schwimmen: 3 Stunden pro Woche)<\/li>\n<li>Wasserdichtigkeit: 5 ATM (entspricht dem Pr\u00fcfdruck in 50 m Wassertiefe)<\/li>\n<\/ul>\n<p><strong>Sonstiges<\/strong><\/p>\n<ul>\n<li>ANT+\u00ae-Herzfrequenz: Ja<\/li>\n<li>Unterst\u00fctzt Herzfrequenzvariabilit\u00e4t und erweiterte Herzfrequenzfunktionen: Ja<\/li>\n<li>2,4-GHz-ANT-Funk\u00fcbertragungsprotokoll: Ja<\/li>\n<li>Laufeffizienz: Nein<\/li>\n<li>Speichert und sendet Herzfrequenzdaten: Ja<\/li>\n<li>Herzfrequenzstatistiken f\u00fcr Schwimmintervalle: Ja<\/li>\n<li>Rutschfestes Design f\u00fcr das Schwimmbadschwimmen: Ja<\/li>\n<li>Best\u00e4ndig gegen\u00fcber Schwimmbadchemikalien: Ja .<\/li>\n<\/ul>","protected":false},"excerpt":{"rendered":"<p>Garmin\u00a0Forerunner 945 LTE Bundle &#8211; GPS Multisport Smartwatch Lass Garmin Forerunner 945 alle hinter dir\u00a0 zuhause. Mit dem Forerunner 945<\/p>","protected":false},"featured_media":65229,"comment_status":"open","ping_status":"closed","template":"","meta":[],"product_brand":[],"product_cat":[676],"product_tag":[],"class_list":{"0":"post-49851","1":"product","2":"type-product","3":"status-publish","4":"has-post-thumbnail","6":"product_cat-zugsysteme","7":"pa_marke-garmin","9":"first","10":"instock","11":"sale","12":"taxable","13":"shipping-taxable","14":"purchasable","15":"product-type-simple"},"yoast_head":"<!-- This site is optimized with the Yoast SEO Premium plugin v20.12 (Yoast SEO v27.1.1) - https:\/\/yoast.com\/product\/yoast-seo-premium-wordpress\/ -->\n<title>Garmin Forerunner 945 LTE Bundle - GPS Multisport Smartwatch<\/title>\n<meta name=\"description\" content=\"Entdecken Sie unseren Online-Fahrradladen: Gro\u00dfe Auswahl an Modellen f\u00fcr alle Radsportbegeisterten. Von Rennr\u00e4dern bis zu Mountainbikes - finden Sie heute Ihren perfekten Wegbegleiter!\" \/>\n<meta name=\"robots\" content=\"index, follow, max-snippet:-1, max-image-preview:large, max-video-preview:-1\" \/>\n<link rel=\"canonical\" href=\"https:\/\/kgerad.de\/en\/product\/garmin-forerunner-945-lte-bundle-gps-multisport-smartwatch-2\/\" \/>\n<meta property=\"og:locale\" content=\"en_US\" \/>\n<meta property=\"og:type\" content=\"article\" \/>\n<meta property=\"og:title\" content=\"Garmin Forerunner 945 LTE Bundle - GPS Multisport Smartwatch\" \/>\n<meta property=\"og:description\" content=\"Entdecken Sie unseren Online-Fahrradladen: Gro\u00dfe Auswahl an Modellen f\u00fcr alle Radsportbegeisterten. Von Rennr\u00e4dern bis zu Mountainbikes - finden Sie heute Ihren perfekten Wegbegleiter!\" \/>\n<meta property=\"og:url\" content=\"https:\/\/kgerad.de\/en\/product\/garmin-forerunner-945-lte-bundle-gps-multisport-smartwatch-2\/\" \/>\n<meta property=\"og:site_name\" content=\"kgerad.de\" \/>\n<meta property=\"article:modified_time\" content=\"2023-08-10T16:40:33+00:00\" \/>\n<meta property=\"og:image\" content=\"https:\/\/kgerad.de\/wp-content\/uploads\/2023\/06\/Garmin-Forerunner-R-945-LTE-Bundle-GPS-Multisport-Smartwatch-010-02383-22_800x800-0.jpg\" \/>\n\t<meta property=\"og:image:width\" content=\"800\" \/>\n\t<meta property=\"og:image:height\" content=\"603\" \/>\n\t<meta property=\"og:image:type\" content=\"image\/jpeg\" \/>\n<meta name=\"twitter:card\" content=\"summary_large_image\" \/>\n<meta name=\"twitter:label1\" content=\"Est. reading time\" \/>\n\t<meta name=\"twitter:data1\" content=\"5 minutes\" \/>\n<script type=\"application\/ld+json\" class=\"yoast-schema-graph\">{\"@context\":\"https:\/\/schema.org\",\"@graph\":[{\"@type\":\"WebPage\",\"@id\":\"https:\/\/kgerad.de\/produkt\/garmin-forerunner-945-lte-bundle-gps-multisport-smartwatch-2\/\",\"url\":\"https:\/\/kgerad.de\/produkt\/garmin-forerunner-945-lte-bundle-gps-multisport-smartwatch-2\/\",\"name\":\"Garmin Forerunner 945 LTE Bundle - GPS Multisport Smartwatch\",\"isPartOf\":{\"@id\":\"https:\/\/kgerad.de\/#website\"},\"primaryImageOfPage\":{\"@id\":\"https:\/\/kgerad.de\/produkt\/garmin-forerunner-945-lte-bundle-gps-multisport-smartwatch-2\/#primaryimage\"},\"image\":{\"@id\":\"https:\/\/kgerad.de\/produkt\/garmin-forerunner-945-lte-bundle-gps-multisport-smartwatch-2\/#primaryimage\"},\"thumbnailUrl\":\"https:\/\/kgerad.de\/wp-content\/uploads\/2023\/06\/Garmin-Forerunner-R-945-LTE-Bundle-GPS-Multisport-Smartwatch-010-02383-22_800x800-0.jpg\",\"datePublished\":\"2022-12-28T17:38:13+00:00\",\"dateModified\":\"2023-08-10T16:40:33+00:00\",\"description\":\"Entdecken Sie unseren Online-Fahrradladen: Gro\u00dfe Auswahl an Modellen f\u00fcr alle Radsportbegeisterten. Von Rennr\u00e4dern bis zu Mountainbikes - finden Sie heute Ihren perfekten Wegbegleiter!\",\"breadcrumb\":{\"@id\":\"https:\/\/kgerad.de\/produkt\/garmin-forerunner-945-lte-bundle-gps-multisport-smartwatch-2\/#breadcrumb\"},\"inLanguage\":\"en-US\",\"potentialAction\":[{\"@type\":\"ReadAction\",\"target\":[\"https:\/\/kgerad.de\/produkt\/garmin-forerunner-945-lte-bundle-gps-multisport-smartwatch-2\/\"]}]},{\"@type\":\"ImageObject\",\"inLanguage\":\"en-US\",\"@id\":\"https:\/\/kgerad.de\/produkt\/garmin-forerunner-945-lte-bundle-gps-multisport-smartwatch-2\/#primaryimage\",\"url\":\"https:\/\/kgerad.de\/wp-content\/uploads\/2023\/06\/Garmin-Forerunner-R-945-LTE-Bundle-GPS-Multisport-Smartwatch-010-02383-22_800x800-0.jpg\",\"contentUrl\":\"https:\/\/kgerad.de\/wp-content\/uploads\/2023\/06\/Garmin-Forerunner-R-945-LTE-Bundle-GPS-Multisport-Smartwatch-010-02383-22_800x800-0.jpg\",\"width\":800,\"height\":603,\"caption\":\"Garmin Forerunner 945 LTE Bundle - GPS Multisport Smartwatch\"},{\"@type\":\"BreadcrumbList\",\"@id\":\"https:\/\/kgerad.de\/produkt\/garmin-forerunner-945-lte-bundle-gps-multisport-smartwatch-2\/#breadcrumb\",\"itemListElement\":[{\"@type\":\"ListItem\",\"position\":1,\"name\":\"Startseite\",\"item\":\"https:\/\/kgerad.de\/\"},{\"@type\":\"ListItem\",\"position\":2,\"name\":\"LADEN\",\"item\":\"https:\/\/kgerad.de\/laden\/\"},{\"@type\":\"ListItem\",\"position\":3,\"name\":\"Garmin Forerunner 945 LTE Bundle &#8211; GPS Multisport Smartwatch\"}]},{\"@type\":\"WebSite\",\"@id\":\"https:\/\/kgerad.de\/#website\",\"url\":\"https:\/\/kgerad.de\/\",\"name\":\"kgerad.de\",\"description\":\"Treten Sie mit uns ins Abenteuer!\",\"publisher\":{\"@id\":\"https:\/\/kgerad.de\/#organization\"},\"alternateName\":\"MEIN RADLADEN\",\"potentialAction\":[{\"@type\":\"SearchAction\",\"target\":{\"@type\":\"EntryPoint\",\"urlTemplate\":\"https:\/\/kgerad.de\/?s={search_term_string}\"},\"query-input\":{\"@type\":\"PropertyValueSpecification\",\"valueRequired\":true,\"valueName\":\"search_term_string\"}}],\"inLanguage\":\"en-US\"},{\"@type\":\"Organization\",\"@id\":\"https:\/\/kgerad.de\/#organization\",\"name\":\"MEINRADLADEN\",\"alternateName\":\"MEIN RADLADEN\",\"url\":\"https:\/\/kgerad.de\/\",\"logo\":{\"@type\":\"ImageObject\",\"inLanguage\":\"en-US\",\"@id\":\"https:\/\/kgerad.de\/#\/schema\/logo\/image\/\",\"url\":\"https:\/\/kgerad.de\/wp-content\/uploads\/2025\/07\/logo-Whit.svg\",\"contentUrl\":\"https:\/\/kgerad.de\/wp-content\/uploads\/2025\/07\/logo-Whit.svg\",\"width\":1640,\"height\":371,\"caption\":\"MEINRADLADEN\"},\"image\":{\"@id\":\"https:\/\/kgerad.de\/#\/schema\/logo\/image\/\"}}]}<\/script>\n<!-- \/ Yoast SEO Premium plugin. -->","yoast_head_json":{"title":"Garmin Forerunner 945 LTE Bundle - GPS Multisport Smartwatch","description":"Entdecken Sie unseren Online-Fahrradladen: Gro\u00dfe Auswahl an Modellen f\u00fcr alle Radsportbegeisterten. Von Rennr\u00e4dern bis zu Mountainbikes - finden Sie heute Ihren perfekten Wegbegleiter!","robots":{"index":"index","follow":"follow","max-snippet":"max-snippet:-1","max-image-preview":"max-image-preview:large","max-video-preview":"max-video-preview:-1"},"canonical":"https:\/\/kgerad.de\/en\/product\/garmin-forerunner-945-lte-bundle-gps-multisport-smartwatch-2\/","og_locale":"en_US","og_type":"article","og_title":"Garmin Forerunner 945 LTE Bundle - GPS Multisport Smartwatch","og_description":"Entdecken Sie unseren Online-Fahrradladen: Gro\u00dfe Auswahl an Modellen f\u00fcr alle Radsportbegeisterten. Von Rennr\u00e4dern bis zu Mountainbikes - finden Sie heute Ihren perfekten Wegbegleiter!","og_url":"https:\/\/kgerad.de\/en\/product\/garmin-forerunner-945-lte-bundle-gps-multisport-smartwatch-2\/","og_site_name":"kgerad.de","article_modified_time":"2023-08-10T16:40:33+00:00","og_image":[{"width":800,"height":603,"url":"https:\/\/kgerad.de\/wp-content\/uploads\/2023\/06\/Garmin-Forerunner-R-945-LTE-Bundle-GPS-Multisport-Smartwatch-010-02383-22_800x800-0.jpg","type":"image\/jpeg"}],"twitter_card":"summary_large_image","twitter_misc":{"Est. reading time":"5 minutes"},"schema":{"@context":"https:\/\/schema.org","@graph":[{"@type":"WebPage","@id":"https:\/\/kgerad.de\/produkt\/garmin-forerunner-945-lte-bundle-gps-multisport-smartwatch-2\/","url":"https:\/\/kgerad.de\/produkt\/garmin-forerunner-945-lte-bundle-gps-multisport-smartwatch-2\/","name":"Garmin Forerunner 945 LTE Bundle - GPS Multisport Smartwatch","isPartOf":{"@id":"https:\/\/kgerad.de\/#website"},"primaryImageOfPage":{"@id":"https:\/\/kgerad.de\/produkt\/garmin-forerunner-945-lte-bundle-gps-multisport-smartwatch-2\/#primaryimage"},"image":{"@id":"https:\/\/kgerad.de\/produkt\/garmin-forerunner-945-lte-bundle-gps-multisport-smartwatch-2\/#primaryimage"},"thumbnailUrl":"https:\/\/kgerad.de\/wp-content\/uploads\/2023\/06\/Garmin-Forerunner-R-945-LTE-Bundle-GPS-Multisport-Smartwatch-010-02383-22_800x800-0.jpg","datePublished":"2022-12-28T17:38:13+00:00","dateModified":"2023-08-10T16:40:33+00:00","description":"Entdecken Sie unseren Online-Fahrradladen: Gro\u00dfe Auswahl an Modellen f\u00fcr alle Radsportbegeisterten. Von Rennr\u00e4dern bis zu Mountainbikes - finden Sie heute Ihren perfekten Wegbegleiter!","breadcrumb":{"@id":"https:\/\/kgerad.de\/produkt\/garmin-forerunner-945-lte-bundle-gps-multisport-smartwatch-2\/#breadcrumb"},"inLanguage":"en-US","potentialAction":[{"@type":"ReadAction","target":["https:\/\/kgerad.de\/produkt\/garmin-forerunner-945-lte-bundle-gps-multisport-smartwatch-2\/"]}]},{"@type":"ImageObject","inLanguage":"en-US","@id":"https:\/\/kgerad.de\/produkt\/garmin-forerunner-945-lte-bundle-gps-multisport-smartwatch-2\/#primaryimage","url":"https:\/\/kgerad.de\/wp-content\/uploads\/2023\/06\/Garmin-Forerunner-R-945-LTE-Bundle-GPS-Multisport-Smartwatch-010-02383-22_800x800-0.jpg","contentUrl":"https:\/\/kgerad.de\/wp-content\/uploads\/2023\/06\/Garmin-Forerunner-R-945-LTE-Bundle-GPS-Multisport-Smartwatch-010-02383-22_800x800-0.jpg","width":800,"height":603,"caption":"Garmin Forerunner 945 LTE Bundle - GPS Multisport Smartwatch"},{"@type":"BreadcrumbList","@id":"https:\/\/kgerad.de\/produkt\/garmin-forerunner-945-lte-bundle-gps-multisport-smartwatch-2\/#breadcrumb","itemListElement":[{"@type":"ListItem","position":1,"name":"Startseite","item":"https:\/\/kgerad.de\/"},{"@type":"ListItem","position":2,"name":"LADEN","item":"https:\/\/kgerad.de\/laden\/"},{"@type":"ListItem","position":3,"name":"Garmin Forerunner 945 LTE Bundle &#8211; GPS Multisport Smartwatch"}]},{"@type":"WebSite","@id":"https:\/\/kgerad.de\/#website","url":"https:\/\/kgerad.de\/","name":"kgerad.de","description":"Treten Sie mit uns ins Abenteuer!","publisher":{"@id":"https:\/\/kgerad.de\/#organization"},"alternateName":"MEIN RADLADEN","potentialAction":[{"@type":"SearchAction","target":{"@type":"EntryPoint","urlTemplate":"https:\/\/kgerad.de\/?s={search_term_string}"},"query-input":{"@type":"PropertyValueSpecification","valueRequired":true,"valueName":"search_term_string"}}],"inLanguage":"en-US"},{"@type":"Organization","@id":"https:\/\/kgerad.de\/#organization","name":"MEINRADLADEN","alternateName":"MEIN RADLADEN","url":"https:\/\/kgerad.de\/","logo":{"@type":"ImageObject","inLanguage":"en-US","@id":"https:\/\/kgerad.de\/#\/schema\/logo\/image\/","url":"https:\/\/kgerad.de\/wp-content\/uploads\/2025\/07\/logo-Whit.svg","contentUrl":"https:\/\/kgerad.de\/wp-content\/uploads\/2025\/07\/logo-Whit.svg","width":1640,"height":371,"caption":"MEINRADLADEN"},"image":{"@id":"https:\/\/kgerad.de\/#\/schema\/logo\/image\/"}}]}},"_links":{"self":[{"href":"https:\/\/kgerad.de\/en\/wp-json\/wp\/v2\/product\/49851","targetHints":{"allow":["GET"]}}],"collection":[{"href":"https:\/\/kgerad.de\/en\/wp-json\/wp\/v2\/product"}],"about":[{"href":"https:\/\/kgerad.de\/en\/wp-json\/wp\/v2\/types\/product"}],"replies":[{"embeddable":true,"href":"https:\/\/kgerad.de\/en\/wp-json\/wp\/v2\/comments?post=49851"}],"version-history":[{"count":2,"href":"https:\/\/kgerad.de\/en\/wp-json\/wp\/v2\/product\/49851\/revisions"}],"predecessor-version":[{"id":78587,"href":"https:\/\/kgerad.de\/en\/wp-json\/wp\/v2\/product\/49851\/revisions\/78587"}],"wp:featuredmedia":[{"embeddable":true,"href":"https:\/\/kgerad.de\/en\/wp-json\/wp\/v2\/media\/65229"}],"wp:attachment":[{"href":"https:\/\/kgerad.de\/en\/wp-json\/wp\/v2\/media?parent=49851"}],"wp:term":[{"taxonomy":"product_brand","embeddable":true,"href":"https:\/\/kgerad.de\/en\/wp-json\/wp\/v2\/product_brand?post=49851"},{"taxonomy":"product_cat","embeddable":true,"href":"https:\/\/kgerad.de\/en\/wp-json\/wp\/v2\/product_cat?post=49851"},{"taxonomy":"product_tag","embeddable":true,"href":"https:\/\/kgerad.de\/en\/wp-json\/wp\/v2\/product_tag?post=49851"}],"curies":[{"name":"wp","href":"https:\/\/api.w.org\/{rel}","templated":true}]}}