{"id":49830,"date":"2022-12-28T16:34:14","date_gmt":"2022-12-28T15:34:14","guid":{"rendered":"https:\/\/kgerad.de\/?post_type=product&#038;p=49830"},"modified":"2023-08-10T18:42:08","modified_gmt":"2023-08-10T16:42:08","slug":"poc-devour-sportbrille","status":"publish","type":"product","link":"https:\/\/kgerad.de\/en\/product\/poc-devour-sportbrille\/","title":{"rendered":"POC Devour &#8211; Sportbrille"},"content":{"rendered":"<h2 class=\"product--title\"><strong>POC<\/strong>\u00a0Devour &#8211; Sportbrille<\/h2>\n<p>Mit POC Devour au\u00dfergew\u00f6hnlicher Abdeckung bietet die Devour-Sonnenbrille Freiheit und Flexibilit\u00e4t, w\u00e4hrend sie deine Augen so gut wie eine Goggle sch\u00fctzt. Die Sonnenbrille verf\u00fcgt \u00fcber voll einstellbare B\u00fcgel und Nasenst\u00fcck, so dass es einfach ist, eine sichere Passform f\u00fcr jede Kopfform zu finden.<\/p>\n<p>Dank eines Rahmendesigns, das die periphere Sicht maximiert, siehst du auf den Trails jedes Detail. Die Clarity-Glas-Technologie steuert das Farbspektrum und ist auf den Einsatz auf dem Trail abgestimmt. Sie sch\u00e4rft die Gr\u00fcn- und Braunt\u00f6ne, die mit dieser Fahrumgebung verbunden sind und bietet gleichzeitig vollst\u00e4ndigen UV-Schutz (UV400).<\/p>\n<p>Eine Ri-Pel-Behandlung der Gl\u00e4ser sch\u00fctzt vor Schmutz, \u00d6l und Wasser und eine Anti-Kratz-Beschichtung sorgt daf\u00fcr, dass die Sicht immer optimal ist. Die Gl\u00e4ser lassen sich leicht austauschen, und ein klares Ersatzglas ist im Lieferumfang enthalten, so dass die Sonnenbrille ideal f\u00fcr den Einsatz in unterschiedlichsten Lichtverh\u00e4ltnissen ist.<\/p>\n<hr \/>\n<table border=\"0\" width=\"100%\" cellspacing=\"1\" cellpadding=\"1\">\n<tbody>\n<tr>\n<td><a title=\"Design &amp; Innovation Award 2021\" href=\"https:\/\/design-innovation-award.com\/de\/winner\/poc-devour-clarity\/\" target=\"_blank\" rel=\"nofollow noopener\"><img decoding=\"async\" title=\"Design &amp; Innovation Award 2021\" src=\"https:\/\/cd.bike-discount.de\/media\/image\/c0\/8e\/55\/dia2021.png\" alt=\"\" width=\"100\" height=\"84\" data-mid=\"606325\" data-src=\"media\/image\/dia2021.png\" \/><\/a><\/td>\n<\/tr>\n<\/tbody>\n<\/table>\n<hr \/>\n<div class=\"review-quote\">\n<p><img decoding=\"async\" title=\"Kevin\" src=\"https:\/\/cd.bike-discount.de\/media\/image\/ff\/6a\/63\/keving.jpg\" alt=\"\" width=\"96\" height=\"134\" data-mid=\"497536\" data-src=\"media\/image\/keving.jpg\" \/><\/p>\n<div class=\"review-quote-text\">\n<p>Als Mountainbiker stellt man sich oft die Frage: Brille oder Goggle? Die Devour bietet mit ihren \u00fcbergro\u00dfen Gl\u00e4sern und leichter Handhabung die Vorteile beider Produkte. Die B\u00fcgell\u00e4nge und das Nasenst\u00fcck sind anpassbar und neben dem get\u00f6nten Clarity Glas ist auch noch ein klares Wechselglas mit dabei. Das Clarity-Glas bietet bei sonnigem Wetter vollst\u00e4ndigen UV-Schutz der Stufe 400 und die Ri-Pel-Glasbehandlung l\u00e4sst Wasser und Schmutz gut abperlen. Aufgrund der Gr\u00f6\u00dfe k\u00f6nnte die Devour-Brille mit einigen Helmen nicht kompatibel sein. In den POC Kortal l\u00e4sst sie sich jedoch perfekt integrieren. Ich greife jedenfalls auf den heimischen Trails nicht mehr zur Goggle!<\/p>\n<div class=\"review-quote-name\">Kevin, Produktmanagement<\/div>\n<\/div>\n<\/div>\n<hr \/>\n<h3>Produktdetails &#8211; Devour<\/h3>\n<ul>\n<li>Sportbrille mit austauschbaren Gl\u00e4sern<\/li>\n<li>Clarity-Technologie: kontrolliert das Farbspektrum f\u00fcr einen verbesserten Kontrast und eine klare Sicht<\/li>\n<li>UV 400: vollst\u00e4ndiger UVA- und UVB-Schutz<\/li>\n<li>Kompatibilit\u00e4t: Sonnenbrillen und Helme von POC sind kompatibel<\/li>\n<li>B\u00fcgel und Stegpl\u00e4ttchen: voll verstellbar und aus hautfreundlichem Gummi<\/li>\n<li>RiPel Beschichtung: sch\u00fctzt gegen Schmutz, Wasser, Schwei\u00df, Salz, \u00d6l und Staub<\/li>\n<li>Kratzfeste Beschichtung: reduziert das Risiko von Oberfl\u00e4chenbesch\u00e4digungen<\/li>\n<\/ul>\n<hr \/>\n<h3>Rahmen- und Glaseigenschaften<\/h3>\n<ul>\n<li><b>Rahmenfarbe:<\/b>\u00a0Hydrogen White<\/li>\n<li><b>Glasfarbe:<\/b>\u00a0Clarity MTB Silver Mirror\n<ul>\n<li>Schutzkategorie: Cat. 2<\/li>\n<\/ul>\n<\/li>\n<\/ul>\n<hr \/>\n<h3>Technologie<\/h3>\n<p><b>Austauschbare Scheibe<\/b><br \/>\nDie Scheibe l\u00e4sst sich einfach austauschen, wenn sich die Lichtverh\u00e4ltnisse \u00e4ndern.<\/p>\n<p><b>B\u00fcgel und Stegpl\u00e4ttchen<\/b><br \/>\nDie B\u00fcgel und Stegpl\u00e4ttchen bestehen aus Gummi und sind voll verstellbar f\u00fcr einen sicheren Sitz, der auch bei anstrengender Aktivit\u00e4t nicht beeintr\u00e4chtigt wird.<\/p>\n<p><b>Clarity<\/b><br \/>\nDie in Zusammenarbeit mit Zeiss entwickelten Clarity Scheiben filtern spezielle Peaks im Farbspektrum heraus, um eine optimale Sicht beim Radfahren zu garantieren. Sie kontrollieren das Farbspektrum f\u00fcr einen verbesserten Kontrast und die Farbdefinition f\u00fcr eine klarere Sicht in den Umgebungen, in denen du f\u00e4hrst.<\/p>\n<p><b>Kompatibilit\u00e4t<\/b><br \/>\nDie Sonnenbrillen und Helme von POC sind kompatibel, um Schutz, Komfort und Funktionalit\u00e4t zu erh\u00f6hen.<\/p>\n<p><b>Kratzfeste Beschichtung<\/b><br \/>\nEine kratzfeste Beschichtung reduziert das Risiko von Oberfl\u00e4chenbesch\u00e4digungen f\u00fcr eine klare Sicht.<\/p>\n<p><b>Ri-Pel-Beschichtung gegen Schmutz und Wasser<\/b><br \/>\nDie wasserabweisende und oleophobe Ri-Pel-Beschichtung sch\u00fctzt gegen Schmutz, Wasser, Schwei\u00df, Salz, \u00d6l und Staub und sorgt daf\u00fcr, dass sich die Brille leichter reinigen l\u00e4sst und immer klare Sicht bietet.<\/p>\n<p><b>UV 400<\/b><br \/>\nVollst\u00e4ndiger UVA- und UVB-Schutz.<\/p>\n<hr \/>\n<h3>POC &#8211; Devour<\/h3>\n<p><iframe title=\"vimeo-player\" src=\"https:\/\/player.vimeo.com\/video\/673595152?h=f453fe2fcc\" width=\"640\" height=\"360\" frameborder=\"0\" allowfullscreen=\"allowfullscreen\" data-mce-fragment=\"1\"><\/iframe><\/p>\n<div class=\"product--description\">\n<h3>Lieferumfang<\/h3>\n<ul>\n<li><strong>Devour<\/strong>\u00a0Hydrogen White | Clarity MTB Silver Mirror<\/li>\n<li>Klares Glas<\/li>\n<\/ul>\n<\/div>","protected":false},"excerpt":{"rendered":"<p>POC\u00a0Devour &#8211; Sportbrille Mit POC Devour au\u00dfergew\u00f6hnlicher Abdeckung bietet die Devour-Sonnenbrille Freiheit und Flexibilit\u00e4t, w\u00e4hrend sie deine Augen so gut<\/p>","protected":false},"featured_media":65219,"comment_status":"open","ping_status":"closed","template":"","meta":[],"product_brand":[],"product_cat":[573,676],"product_tag":[],"class_list":{"0":"post-49830","1":"product","2":"type-product","3":"status-publish","4":"has-post-thumbnail","6":"product_cat-zubehor","7":"product_cat-zugsysteme","8":"pa_marke-poc","10":"first","11":"instock","12":"sale","13":"taxable","14":"shipping-taxable","15":"purchasable","16":"product-type-variable"},"yoast_head":"<!-- This site is optimized with the Yoast SEO Premium plugin v20.12 (Yoast SEO v27.1.1) - https:\/\/yoast.com\/product\/yoast-seo-premium-wordpress\/ -->\n<title>POC Devour - Sportbrille<\/title>\n<meta name=\"description\" content=\"Entdecken Sie unseren Online-Fahrradladen: Gro\u00dfe Auswahl an Modellen f\u00fcr alle Radsportbegeisterten. Von Rennr\u00e4dern bis zu Mountainbikes - finden Sie heute Ihren perfekten Wegbegleiter!\" \/>\n<meta name=\"robots\" content=\"index, follow, max-snippet:-1, max-image-preview:large, max-video-preview:-1\" \/>\n<link rel=\"canonical\" href=\"https:\/\/kgerad.de\/en\/product\/poc-devour-sportbrille\/\" \/>\n<meta property=\"og:locale\" content=\"en_US\" \/>\n<meta property=\"og:type\" content=\"article\" \/>\n<meta property=\"og:title\" content=\"POC Devour - Sportbrille\" \/>\n<meta property=\"og:description\" content=\"Entdecken Sie unseren Online-Fahrradladen: Gro\u00dfe Auswahl an Modellen f\u00fcr alle Radsportbegeisterten. Von Rennr\u00e4dern bis zu Mountainbikes - finden Sie heute Ihren perfekten Wegbegleiter!\" \/>\n<meta property=\"og:url\" content=\"https:\/\/kgerad.de\/en\/product\/poc-devour-sportbrille\/\" \/>\n<meta property=\"og:site_name\" content=\"kgerad.de\" \/>\n<meta property=\"article:modified_time\" content=\"2023-08-10T16:42:08+00:00\" \/>\n<meta property=\"og:image\" content=\"https:\/\/kgerad.de\/wp-content\/uploads\/2023\/06\/POC_Devour_Sportbrille_MA1001-1001-ONESIZE_1_800x800-0.jpg\" \/>\n\t<meta property=\"og:image:width\" content=\"800\" \/>\n\t<meta property=\"og:image:height\" content=\"452\" \/>\n\t<meta property=\"og:image:type\" content=\"image\/jpeg\" \/>\n<meta name=\"twitter:card\" content=\"summary_large_image\" \/>\n<meta name=\"twitter:label1\" content=\"Est. reading time\" \/>\n\t<meta name=\"twitter:data1\" content=\"4 minutes\" \/>\n<script type=\"application\/ld+json\" class=\"yoast-schema-graph\">{\"@context\":\"https:\/\/schema.org\",\"@graph\":[{\"@type\":\"WebPage\",\"@id\":\"https:\/\/kgerad.de\/produkt\/poc-devour-sportbrille\/\",\"url\":\"https:\/\/kgerad.de\/produkt\/poc-devour-sportbrille\/\",\"name\":\"POC Devour - Sportbrille\",\"isPartOf\":{\"@id\":\"https:\/\/kgerad.de\/#website\"},\"primaryImageOfPage\":{\"@id\":\"https:\/\/kgerad.de\/produkt\/poc-devour-sportbrille\/#primaryimage\"},\"image\":{\"@id\":\"https:\/\/kgerad.de\/produkt\/poc-devour-sportbrille\/#primaryimage\"},\"thumbnailUrl\":\"https:\/\/kgerad.de\/wp-content\/uploads\/2023\/06\/POC_Devour_Sportbrille_MA1001-1001-ONESIZE_1_800x800-0.jpg\",\"datePublished\":\"2022-12-28T15:34:14+00:00\",\"dateModified\":\"2023-08-10T16:42:08+00:00\",\"description\":\"Entdecken Sie unseren Online-Fahrradladen: Gro\u00dfe Auswahl an Modellen f\u00fcr alle Radsportbegeisterten. Von Rennr\u00e4dern bis zu Mountainbikes - finden Sie heute Ihren perfekten Wegbegleiter!\",\"breadcrumb\":{\"@id\":\"https:\/\/kgerad.de\/produkt\/poc-devour-sportbrille\/#breadcrumb\"},\"inLanguage\":\"en-US\",\"potentialAction\":[{\"@type\":\"ReadAction\",\"target\":[\"https:\/\/kgerad.de\/produkt\/poc-devour-sportbrille\/\"]}]},{\"@type\":\"ImageObject\",\"inLanguage\":\"en-US\",\"@id\":\"https:\/\/kgerad.de\/produkt\/poc-devour-sportbrille\/#primaryimage\",\"url\":\"https:\/\/kgerad.de\/wp-content\/uploads\/2023\/06\/POC_Devour_Sportbrille_MA1001-1001-ONESIZE_1_800x800-0.jpg\",\"contentUrl\":\"https:\/\/kgerad.de\/wp-content\/uploads\/2023\/06\/POC_Devour_Sportbrille_MA1001-1001-ONESIZE_1_800x800-0.jpg\",\"width\":800,\"height\":452,\"caption\":\"POC Devour - Sportbrille\"},{\"@type\":\"BreadcrumbList\",\"@id\":\"https:\/\/kgerad.de\/produkt\/poc-devour-sportbrille\/#breadcrumb\",\"itemListElement\":[{\"@type\":\"ListItem\",\"position\":1,\"name\":\"Startseite\",\"item\":\"https:\/\/kgerad.de\/\"},{\"@type\":\"ListItem\",\"position\":2,\"name\":\"LADEN\",\"item\":\"https:\/\/kgerad.de\/laden\/\"},{\"@type\":\"ListItem\",\"position\":3,\"name\":\"POC Devour &#8211; Sportbrille\"}]},{\"@type\":\"WebSite\",\"@id\":\"https:\/\/kgerad.de\/#website\",\"url\":\"https:\/\/kgerad.de\/\",\"name\":\"kgerad.de\",\"description\":\"Treten Sie mit uns ins Abenteuer!\",\"publisher\":{\"@id\":\"https:\/\/kgerad.de\/#organization\"},\"alternateName\":\"MEIN RADLADEN\",\"potentialAction\":[{\"@type\":\"SearchAction\",\"target\":{\"@type\":\"EntryPoint\",\"urlTemplate\":\"https:\/\/kgerad.de\/?s={search_term_string}\"},\"query-input\":{\"@type\":\"PropertyValueSpecification\",\"valueRequired\":true,\"valueName\":\"search_term_string\"}}],\"inLanguage\":\"en-US\"},{\"@type\":\"Organization\",\"@id\":\"https:\/\/kgerad.de\/#organization\",\"name\":\"MEINRADLADEN\",\"alternateName\":\"MEIN RADLADEN\",\"url\":\"https:\/\/kgerad.de\/\",\"logo\":{\"@type\":\"ImageObject\",\"inLanguage\":\"en-US\",\"@id\":\"https:\/\/kgerad.de\/#\/schema\/logo\/image\/\",\"url\":\"https:\/\/kgerad.de\/wp-content\/uploads\/2025\/07\/logo-Whit.svg\",\"contentUrl\":\"https:\/\/kgerad.de\/wp-content\/uploads\/2025\/07\/logo-Whit.svg\",\"width\":1640,\"height\":371,\"caption\":\"MEINRADLADEN\"},\"image\":{\"@id\":\"https:\/\/kgerad.de\/#\/schema\/logo\/image\/\"}}]}<\/script>\n<!-- \/ Yoast SEO Premium plugin. -->","yoast_head_json":{"title":"POC Devour - Sportbrille","description":"Entdecken Sie unseren Online-Fahrradladen: Gro\u00dfe Auswahl an Modellen f\u00fcr alle Radsportbegeisterten. Von Rennr\u00e4dern bis zu Mountainbikes - finden Sie heute Ihren perfekten Wegbegleiter!","robots":{"index":"index","follow":"follow","max-snippet":"max-snippet:-1","max-image-preview":"max-image-preview:large","max-video-preview":"max-video-preview:-1"},"canonical":"https:\/\/kgerad.de\/en\/product\/poc-devour-sportbrille\/","og_locale":"en_US","og_type":"article","og_title":"POC Devour - Sportbrille","og_description":"Entdecken Sie unseren Online-Fahrradladen: Gro\u00dfe Auswahl an Modellen f\u00fcr alle Radsportbegeisterten. Von Rennr\u00e4dern bis zu Mountainbikes - finden Sie heute Ihren perfekten Wegbegleiter!","og_url":"https:\/\/kgerad.de\/en\/product\/poc-devour-sportbrille\/","og_site_name":"kgerad.de","article_modified_time":"2023-08-10T16:42:08+00:00","og_image":[{"width":800,"height":452,"url":"https:\/\/kgerad.de\/wp-content\/uploads\/2023\/06\/POC_Devour_Sportbrille_MA1001-1001-ONESIZE_1_800x800-0.jpg","type":"image\/jpeg"}],"twitter_card":"summary_large_image","twitter_misc":{"Est. reading time":"4 minutes"},"schema":{"@context":"https:\/\/schema.org","@graph":[{"@type":"WebPage","@id":"https:\/\/kgerad.de\/produkt\/poc-devour-sportbrille\/","url":"https:\/\/kgerad.de\/produkt\/poc-devour-sportbrille\/","name":"POC Devour - Sportbrille","isPartOf":{"@id":"https:\/\/kgerad.de\/#website"},"primaryImageOfPage":{"@id":"https:\/\/kgerad.de\/produkt\/poc-devour-sportbrille\/#primaryimage"},"image":{"@id":"https:\/\/kgerad.de\/produkt\/poc-devour-sportbrille\/#primaryimage"},"thumbnailUrl":"https:\/\/kgerad.de\/wp-content\/uploads\/2023\/06\/POC_Devour_Sportbrille_MA1001-1001-ONESIZE_1_800x800-0.jpg","datePublished":"2022-12-28T15:34:14+00:00","dateModified":"2023-08-10T16:42:08+00:00","description":"Entdecken Sie unseren Online-Fahrradladen: Gro\u00dfe Auswahl an Modellen f\u00fcr alle Radsportbegeisterten. Von Rennr\u00e4dern bis zu Mountainbikes - finden Sie heute Ihren perfekten Wegbegleiter!","breadcrumb":{"@id":"https:\/\/kgerad.de\/produkt\/poc-devour-sportbrille\/#breadcrumb"},"inLanguage":"en-US","potentialAction":[{"@type":"ReadAction","target":["https:\/\/kgerad.de\/produkt\/poc-devour-sportbrille\/"]}]},{"@type":"ImageObject","inLanguage":"en-US","@id":"https:\/\/kgerad.de\/produkt\/poc-devour-sportbrille\/#primaryimage","url":"https:\/\/kgerad.de\/wp-content\/uploads\/2023\/06\/POC_Devour_Sportbrille_MA1001-1001-ONESIZE_1_800x800-0.jpg","contentUrl":"https:\/\/kgerad.de\/wp-content\/uploads\/2023\/06\/POC_Devour_Sportbrille_MA1001-1001-ONESIZE_1_800x800-0.jpg","width":800,"height":452,"caption":"POC Devour - Sportbrille"},{"@type":"BreadcrumbList","@id":"https:\/\/kgerad.de\/produkt\/poc-devour-sportbrille\/#breadcrumb","itemListElement":[{"@type":"ListItem","position":1,"name":"Startseite","item":"https:\/\/kgerad.de\/"},{"@type":"ListItem","position":2,"name":"LADEN","item":"https:\/\/kgerad.de\/laden\/"},{"@type":"ListItem","position":3,"name":"POC Devour &#8211; Sportbrille"}]},{"@type":"WebSite","@id":"https:\/\/kgerad.de\/#website","url":"https:\/\/kgerad.de\/","name":"kgerad.de","description":"Treten Sie mit uns ins Abenteuer!","publisher":{"@id":"https:\/\/kgerad.de\/#organization"},"alternateName":"MEIN RADLADEN","potentialAction":[{"@type":"SearchAction","target":{"@type":"EntryPoint","urlTemplate":"https:\/\/kgerad.de\/?s={search_term_string}"},"query-input":{"@type":"PropertyValueSpecification","valueRequired":true,"valueName":"search_term_string"}}],"inLanguage":"en-US"},{"@type":"Organization","@id":"https:\/\/kgerad.de\/#organization","name":"MEINRADLADEN","alternateName":"MEIN RADLADEN","url":"https:\/\/kgerad.de\/","logo":{"@type":"ImageObject","inLanguage":"en-US","@id":"https:\/\/kgerad.de\/#\/schema\/logo\/image\/","url":"https:\/\/kgerad.de\/wp-content\/uploads\/2025\/07\/logo-Whit.svg","contentUrl":"https:\/\/kgerad.de\/wp-content\/uploads\/2025\/07\/logo-Whit.svg","width":1640,"height":371,"caption":"MEINRADLADEN"},"image":{"@id":"https:\/\/kgerad.de\/#\/schema\/logo\/image\/"}}]}},"_links":{"self":[{"href":"https:\/\/kgerad.de\/en\/wp-json\/wp\/v2\/product\/49830","targetHints":{"allow":["GET"]}}],"collection":[{"href":"https:\/\/kgerad.de\/en\/wp-json\/wp\/v2\/product"}],"about":[{"href":"https:\/\/kgerad.de\/en\/wp-json\/wp\/v2\/types\/product"}],"replies":[{"embeddable":true,"href":"https:\/\/kgerad.de\/en\/wp-json\/wp\/v2\/comments?post=49830"}],"version-history":[{"count":1,"href":"https:\/\/kgerad.de\/en\/wp-json\/wp\/v2\/product\/49830\/revisions"}],"predecessor-version":[{"id":78589,"href":"https:\/\/kgerad.de\/en\/wp-json\/wp\/v2\/product\/49830\/revisions\/78589"}],"wp:featuredmedia":[{"embeddable":true,"href":"https:\/\/kgerad.de\/en\/wp-json\/wp\/v2\/media\/65219"}],"wp:attachment":[{"href":"https:\/\/kgerad.de\/en\/wp-json\/wp\/v2\/media?parent=49830"}],"wp:term":[{"taxonomy":"product_brand","embeddable":true,"href":"https:\/\/kgerad.de\/en\/wp-json\/wp\/v2\/product_brand?post=49830"},{"taxonomy":"product_cat","embeddable":true,"href":"https:\/\/kgerad.de\/en\/wp-json\/wp\/v2\/product_cat?post=49830"},{"taxonomy":"product_tag","embeddable":true,"href":"https:\/\/kgerad.de\/en\/wp-json\/wp\/v2\/product_tag?post=49830"}],"curies":[{"name":"wp","href":"https:\/\/api.w.org\/{rel}","templated":true}]}}