{"id":49804,"date":"2022-12-28T15:46:28","date_gmt":"2022-12-28T14:46:28","guid":{"rendered":"https:\/\/kgerad.de\/?post_type=product&#038;p=49804"},"modified":"2023-08-10T18:43:48","modified_gmt":"2023-08-10T16:43:48","slug":"hope-jockey-wheels-10-fach-schaltrollen","status":"publish","type":"product","link":"https:\/\/kgerad.de\/en\/product\/hope-jockey-wheels-10-fach-schaltrollen\/","title":{"rendered":"Hope Jockey Wheels 10-fach Schaltrollen"},"content":{"rendered":"<div class=\"product--headername\">\n<h2 class=\"product--title\"><strong>Hope<\/strong>\u00a0Jockey Wheels 10-fach Schaltrollen<\/h2>\n<\/div>\n<p>Die Hope Jockey Wheels sind f\u00fcr eine h\u00f6here Langlebigkeit mit abgedichteten Industrielagern ausgestattet. Grosse L\u00f6chern sorgen f\u00fcr reduzierte Schmutzbildungen.<\/p>\n<hr \/>\n<h3>Produkteigenschaften &#8211; Jockey Wheels 10-fach Schaltrollen<\/h3>\n<ul>\n<li><strong>Einsatzbereich:<\/strong>\u00a0MTB<\/li>\n<li><strong>Kompatibilit\u00e4t:<\/strong>\u00a010-fach<\/li>\n<li><strong>Anzahl der Z\u00e4hne:<\/strong>\u00a011<\/li>\n<\/ul>\n<h3>Material<\/h3>\n<ul>\n<li>Aluminium 2014-T6<\/li>\n<\/ul>\n<h3>Farbe (Variante w\u00e4hlen)<\/h3>\n<ul>\n<li>rot<\/li>\n<li>schwarz<\/li>\n<li>orange<\/li>\n<li>blau<\/li>\n<li>purple<\/li>\n<li>silber<\/li>\n<\/ul>\n<h3>Gewicht<\/h3>\n<ul>\n<li>23g pro Paar (Herstellerangabe)<\/li>\n<\/ul>\n<hr \/>\n<h3>Lieferumfang<\/h3>\n<ul>\n<li>1 x Jockey Wheels 10-fach Schaltrollen (2 St\u00fcck)<\/li>\n<\/ul>","protected":false},"excerpt":{"rendered":"<p>Hope\u00a0Jockey Wheels 10-fach Schaltrollen Die Hope Jockey Wheels sind f\u00fcr eine h\u00f6here Langlebigkeit mit abgedichteten Industrielagern ausgestattet. Grosse L\u00f6chern sorgen<\/p>","protected":false},"featured_media":65205,"comment_status":"open","ping_status":"closed","template":"","meta":[],"product_brand":[],"product_cat":[573,676],"product_tag":[],"class_list":{"0":"post-49804","1":"product","2":"type-product","3":"status-publish","4":"has-post-thumbnail","6":"product_cat-zubehor","7":"product_cat-zugsysteme","8":"pa_marke-hope","10":"first","11":"instock","12":"sale","13":"taxable","14":"shipping-taxable","15":"purchasable","16":"product-type-variable"},"yoast_head":"<!-- This site is optimized with the Yoast SEO Premium plugin v20.12 (Yoast SEO v27.1.1) - https:\/\/yoast.com\/product\/yoast-seo-premium-wordpress\/ -->\n<title>Hope Jockey Wheels 10-fach Schaltrollen<\/title>\n<meta name=\"description\" content=\"Entdecken Sie unseren Online-Fahrradladen: Gro\u00dfe Auswahl an Modellen f\u00fcr alle Radsportbegeisterten. Von Rennr\u00e4dern bis zu Mountainbikes - finden Sie heute Ihren perfekten Wegbegleiter!\" \/>\n<meta name=\"robots\" content=\"index, follow, max-snippet:-1, max-image-preview:large, max-video-preview:-1\" \/>\n<link rel=\"canonical\" href=\"https:\/\/kgerad.de\/en\/product\/hope-jockey-wheels-10-fach-schaltrollen\/\" \/>\n<meta property=\"og:locale\" content=\"en_US\" \/>\n<meta property=\"og:type\" content=\"article\" \/>\n<meta property=\"og:title\" content=\"Hope Jockey Wheels 10-fach Schaltrollen\" \/>\n<meta property=\"og:description\" content=\"Entdecken Sie unseren Online-Fahrradladen: Gro\u00dfe Auswahl an Modellen f\u00fcr alle Radsportbegeisterten. Von Rennr\u00e4dern bis zu Mountainbikes - finden Sie heute Ihren perfekten Wegbegleiter!\" \/>\n<meta property=\"og:url\" content=\"https:\/\/kgerad.de\/en\/product\/hope-jockey-wheels-10-fach-schaltrollen\/\" \/>\n<meta property=\"og:site_name\" content=\"kgerad.de\" \/>\n<meta property=\"article:modified_time\" content=\"2023-08-10T16:43:48+00:00\" \/>\n<meta property=\"og:image\" content=\"https:\/\/kgerad.de\/wp-content\/uploads\/2023\/06\/Hope-Jockey-Wheels-10-fach-Schaltrollen-HJW001R_800x800-0.jpg\" \/>\n\t<meta property=\"og:image:width\" content=\"800\" \/>\n\t<meta property=\"og:image:height\" content=\"641\" \/>\n\t<meta property=\"og:image:type\" content=\"image\/jpeg\" \/>\n<meta name=\"twitter:card\" content=\"summary_large_image\" \/>\n<meta name=\"twitter:label1\" content=\"Est. reading time\" \/>\n\t<meta name=\"twitter:data1\" content=\"1 minute\" \/>\n<script type=\"application\/ld+json\" class=\"yoast-schema-graph\">{\"@context\":\"https:\/\/schema.org\",\"@graph\":[{\"@type\":\"WebPage\",\"@id\":\"https:\/\/kgerad.de\/produkt\/hope-jockey-wheels-10-fach-schaltrollen\/\",\"url\":\"https:\/\/kgerad.de\/produkt\/hope-jockey-wheels-10-fach-schaltrollen\/\",\"name\":\"Hope Jockey Wheels 10-fach Schaltrollen\",\"isPartOf\":{\"@id\":\"https:\/\/kgerad.de\/#website\"},\"primaryImageOfPage\":{\"@id\":\"https:\/\/kgerad.de\/produkt\/hope-jockey-wheels-10-fach-schaltrollen\/#primaryimage\"},\"image\":{\"@id\":\"https:\/\/kgerad.de\/produkt\/hope-jockey-wheels-10-fach-schaltrollen\/#primaryimage\"},\"thumbnailUrl\":\"https:\/\/kgerad.de\/wp-content\/uploads\/2023\/06\/Hope-Jockey-Wheels-10-fach-Schaltrollen-HJW001R_800x800-0.jpg\",\"datePublished\":\"2022-12-28T14:46:28+00:00\",\"dateModified\":\"2023-08-10T16:43:48+00:00\",\"description\":\"Entdecken Sie unseren Online-Fahrradladen: Gro\u00dfe Auswahl an Modellen f\u00fcr alle Radsportbegeisterten. Von Rennr\u00e4dern bis zu Mountainbikes - finden Sie heute Ihren perfekten Wegbegleiter!\",\"breadcrumb\":{\"@id\":\"https:\/\/kgerad.de\/produkt\/hope-jockey-wheels-10-fach-schaltrollen\/#breadcrumb\"},\"inLanguage\":\"en-US\",\"potentialAction\":[{\"@type\":\"ReadAction\",\"target\":[\"https:\/\/kgerad.de\/produkt\/hope-jockey-wheels-10-fach-schaltrollen\/\"]}]},{\"@type\":\"ImageObject\",\"inLanguage\":\"en-US\",\"@id\":\"https:\/\/kgerad.de\/produkt\/hope-jockey-wheels-10-fach-schaltrollen\/#primaryimage\",\"url\":\"https:\/\/kgerad.de\/wp-content\/uploads\/2023\/06\/Hope-Jockey-Wheels-10-fach-Schaltrollen-HJW001R_800x800-0.jpg\",\"contentUrl\":\"https:\/\/kgerad.de\/wp-content\/uploads\/2023\/06\/Hope-Jockey-Wheels-10-fach-Schaltrollen-HJW001R_800x800-0.jpg\",\"width\":800,\"height\":641,\"caption\":\"Hope Jockey Wheels 10-fach Schaltrollen\"},{\"@type\":\"BreadcrumbList\",\"@id\":\"https:\/\/kgerad.de\/produkt\/hope-jockey-wheels-10-fach-schaltrollen\/#breadcrumb\",\"itemListElement\":[{\"@type\":\"ListItem\",\"position\":1,\"name\":\"Startseite\",\"item\":\"https:\/\/kgerad.de\/\"},{\"@type\":\"ListItem\",\"position\":2,\"name\":\"LADEN\",\"item\":\"https:\/\/kgerad.de\/laden\/\"},{\"@type\":\"ListItem\",\"position\":3,\"name\":\"Hope Jockey Wheels 10-fach Schaltrollen\"}]},{\"@type\":\"WebSite\",\"@id\":\"https:\/\/kgerad.de\/#website\",\"url\":\"https:\/\/kgerad.de\/\",\"name\":\"kgerad.de\",\"description\":\"Treten Sie mit uns ins Abenteuer!\",\"publisher\":{\"@id\":\"https:\/\/kgerad.de\/#organization\"},\"alternateName\":\"MEIN RADLADEN\",\"potentialAction\":[{\"@type\":\"SearchAction\",\"target\":{\"@type\":\"EntryPoint\",\"urlTemplate\":\"https:\/\/kgerad.de\/?s={search_term_string}\"},\"query-input\":{\"@type\":\"PropertyValueSpecification\",\"valueRequired\":true,\"valueName\":\"search_term_string\"}}],\"inLanguage\":\"en-US\"},{\"@type\":\"Organization\",\"@id\":\"https:\/\/kgerad.de\/#organization\",\"name\":\"MEINRADLADEN\",\"alternateName\":\"MEIN RADLADEN\",\"url\":\"https:\/\/kgerad.de\/\",\"logo\":{\"@type\":\"ImageObject\",\"inLanguage\":\"en-US\",\"@id\":\"https:\/\/kgerad.de\/#\/schema\/logo\/image\/\",\"url\":\"https:\/\/kgerad.de\/wp-content\/uploads\/2025\/07\/logo-Whit.svg\",\"contentUrl\":\"https:\/\/kgerad.de\/wp-content\/uploads\/2025\/07\/logo-Whit.svg\",\"width\":1640,\"height\":371,\"caption\":\"MEINRADLADEN\"},\"image\":{\"@id\":\"https:\/\/kgerad.de\/#\/schema\/logo\/image\/\"}}]}<\/script>\n<!-- \/ Yoast SEO Premium plugin. -->","yoast_head_json":{"title":"Hope Jockey Wheels 10-fach Schaltrollen","description":"Entdecken Sie unseren Online-Fahrradladen: Gro\u00dfe Auswahl an Modellen f\u00fcr alle Radsportbegeisterten. Von Rennr\u00e4dern bis zu Mountainbikes - finden Sie heute Ihren perfekten Wegbegleiter!","robots":{"index":"index","follow":"follow","max-snippet":"max-snippet:-1","max-image-preview":"max-image-preview:large","max-video-preview":"max-video-preview:-1"},"canonical":"https:\/\/kgerad.de\/en\/product\/hope-jockey-wheels-10-fach-schaltrollen\/","og_locale":"en_US","og_type":"article","og_title":"Hope Jockey Wheels 10-fach Schaltrollen","og_description":"Entdecken Sie unseren Online-Fahrradladen: Gro\u00dfe Auswahl an Modellen f\u00fcr alle Radsportbegeisterten. Von Rennr\u00e4dern bis zu Mountainbikes - finden Sie heute Ihren perfekten Wegbegleiter!","og_url":"https:\/\/kgerad.de\/en\/product\/hope-jockey-wheels-10-fach-schaltrollen\/","og_site_name":"kgerad.de","article_modified_time":"2023-08-10T16:43:48+00:00","og_image":[{"width":800,"height":641,"url":"https:\/\/kgerad.de\/wp-content\/uploads\/2023\/06\/Hope-Jockey-Wheels-10-fach-Schaltrollen-HJW001R_800x800-0.jpg","type":"image\/jpeg"}],"twitter_card":"summary_large_image","twitter_misc":{"Est. reading time":"1 minute"},"schema":{"@context":"https:\/\/schema.org","@graph":[{"@type":"WebPage","@id":"https:\/\/kgerad.de\/produkt\/hope-jockey-wheels-10-fach-schaltrollen\/","url":"https:\/\/kgerad.de\/produkt\/hope-jockey-wheels-10-fach-schaltrollen\/","name":"Hope Jockey Wheels 10-fach Schaltrollen","isPartOf":{"@id":"https:\/\/kgerad.de\/#website"},"primaryImageOfPage":{"@id":"https:\/\/kgerad.de\/produkt\/hope-jockey-wheels-10-fach-schaltrollen\/#primaryimage"},"image":{"@id":"https:\/\/kgerad.de\/produkt\/hope-jockey-wheels-10-fach-schaltrollen\/#primaryimage"},"thumbnailUrl":"https:\/\/kgerad.de\/wp-content\/uploads\/2023\/06\/Hope-Jockey-Wheels-10-fach-Schaltrollen-HJW001R_800x800-0.jpg","datePublished":"2022-12-28T14:46:28+00:00","dateModified":"2023-08-10T16:43:48+00:00","description":"Entdecken Sie unseren Online-Fahrradladen: Gro\u00dfe Auswahl an Modellen f\u00fcr alle Radsportbegeisterten. Von Rennr\u00e4dern bis zu Mountainbikes - finden Sie heute Ihren perfekten Wegbegleiter!","breadcrumb":{"@id":"https:\/\/kgerad.de\/produkt\/hope-jockey-wheels-10-fach-schaltrollen\/#breadcrumb"},"inLanguage":"en-US","potentialAction":[{"@type":"ReadAction","target":["https:\/\/kgerad.de\/produkt\/hope-jockey-wheels-10-fach-schaltrollen\/"]}]},{"@type":"ImageObject","inLanguage":"en-US","@id":"https:\/\/kgerad.de\/produkt\/hope-jockey-wheels-10-fach-schaltrollen\/#primaryimage","url":"https:\/\/kgerad.de\/wp-content\/uploads\/2023\/06\/Hope-Jockey-Wheels-10-fach-Schaltrollen-HJW001R_800x800-0.jpg","contentUrl":"https:\/\/kgerad.de\/wp-content\/uploads\/2023\/06\/Hope-Jockey-Wheels-10-fach-Schaltrollen-HJW001R_800x800-0.jpg","width":800,"height":641,"caption":"Hope Jockey Wheels 10-fach Schaltrollen"},{"@type":"BreadcrumbList","@id":"https:\/\/kgerad.de\/produkt\/hope-jockey-wheels-10-fach-schaltrollen\/#breadcrumb","itemListElement":[{"@type":"ListItem","position":1,"name":"Startseite","item":"https:\/\/kgerad.de\/"},{"@type":"ListItem","position":2,"name":"LADEN","item":"https:\/\/kgerad.de\/laden\/"},{"@type":"ListItem","position":3,"name":"Hope Jockey Wheels 10-fach Schaltrollen"}]},{"@type":"WebSite","@id":"https:\/\/kgerad.de\/#website","url":"https:\/\/kgerad.de\/","name":"kgerad.de","description":"Treten Sie mit uns ins Abenteuer!","publisher":{"@id":"https:\/\/kgerad.de\/#organization"},"alternateName":"MEIN RADLADEN","potentialAction":[{"@type":"SearchAction","target":{"@type":"EntryPoint","urlTemplate":"https:\/\/kgerad.de\/?s={search_term_string}"},"query-input":{"@type":"PropertyValueSpecification","valueRequired":true,"valueName":"search_term_string"}}],"inLanguage":"en-US"},{"@type":"Organization","@id":"https:\/\/kgerad.de\/#organization","name":"MEINRADLADEN","alternateName":"MEIN RADLADEN","url":"https:\/\/kgerad.de\/","logo":{"@type":"ImageObject","inLanguage":"en-US","@id":"https:\/\/kgerad.de\/#\/schema\/logo\/image\/","url":"https:\/\/kgerad.de\/wp-content\/uploads\/2025\/07\/logo-Whit.svg","contentUrl":"https:\/\/kgerad.de\/wp-content\/uploads\/2025\/07\/logo-Whit.svg","width":1640,"height":371,"caption":"MEINRADLADEN"},"image":{"@id":"https:\/\/kgerad.de\/#\/schema\/logo\/image\/"}}]}},"_links":{"self":[{"href":"https:\/\/kgerad.de\/en\/wp-json\/wp\/v2\/product\/49804","targetHints":{"allow":["GET"]}}],"collection":[{"href":"https:\/\/kgerad.de\/en\/wp-json\/wp\/v2\/product"}],"about":[{"href":"https:\/\/kgerad.de\/en\/wp-json\/wp\/v2\/types\/product"}],"replies":[{"embeddable":true,"href":"https:\/\/kgerad.de\/en\/wp-json\/wp\/v2\/comments?post=49804"}],"version-history":[{"count":1,"href":"https:\/\/kgerad.de\/en\/wp-json\/wp\/v2\/product\/49804\/revisions"}],"predecessor-version":[{"id":78597,"href":"https:\/\/kgerad.de\/en\/wp-json\/wp\/v2\/product\/49804\/revisions\/78597"}],"wp:featuredmedia":[{"embeddable":true,"href":"https:\/\/kgerad.de\/en\/wp-json\/wp\/v2\/media\/65205"}],"wp:attachment":[{"href":"https:\/\/kgerad.de\/en\/wp-json\/wp\/v2\/media?parent=49804"}],"wp:term":[{"taxonomy":"product_brand","embeddable":true,"href":"https:\/\/kgerad.de\/en\/wp-json\/wp\/v2\/product_brand?post=49804"},{"taxonomy":"product_cat","embeddable":true,"href":"https:\/\/kgerad.de\/en\/wp-json\/wp\/v2\/product_cat?post=49804"},{"taxonomy":"product_tag","embeddable":true,"href":"https:\/\/kgerad.de\/en\/wp-json\/wp\/v2\/product_tag?post=49804"}],"curies":[{"name":"wp","href":"https:\/\/api.w.org\/{rel}","templated":true}]}}