{"id":49745,"date":"2022-12-26T18:07:28","date_gmt":"2022-12-26T17:07:28","guid":{"rendered":"https:\/\/kgerad.de\/?post_type=product&#038;p=49745"},"modified":"2023-08-10T18:45:16","modified_gmt":"2023-08-10T16:45:16","slug":"garmin-edge-explore-2-power-gps-fahrradcomputer","status":"publish","type":"product","link":"https:\/\/kgerad.de\/en\/product\/garmin-edge-explore-2-power-gps-fahrradcomputer\/","title":{"rendered":"Garmin Edge Explore 2 Power &#8211; GPS Fahrradcomputer"},"content":{"rendered":"<h2 class=\"product--title\"><strong>Garmin<\/strong>\u00a0Edge Explore 2 Power &#8211; GPS Fahrradcomputer<\/h2>\n<p>Mach Garmin Edge Explore\u00a0 dich bereit f\u00fcr deine sch\u00f6nsten Radtouren findet sie f\u00fcr dich \u2013 und <a href=\"http:\/\/1-1\">bringt<\/a> dich zuverl\u00e4ssig ans Ziel. Sein 3\u201c gro\u00dfes Touchdisplay, die einfache Bedienung und intelligente Navigationsfunktionen machen es dir leicht, neue Wege auf und neben dem Asphalt zu entdecken und verkehrsreiche Stra\u00dfen zu meiden.<\/p>\n<p>W\u00e4hle aus drei Aktivit\u00e4tsprofilen, um f\u00fcr jede Fahrt ger\u00fcstet zu sein. Bei Anstiegen unterst\u00fctzt dich ClimbPro\u2122 beim Einteilen deiner Kr\u00e4fte. Die automatische Unfallbenachrichtigung und optional erh\u00e4ltliche Varia Sicherheitsprodukte geben dir zus\u00e4tzlich Schutz. F\u00fcr E-Bikes auch mit Power-Anschluss zur Direktaufladung. So kann dein Edge immer am Lenker bleiben.<\/p>\n<hr \/>\n<h3>Die Highlights des Garmin Edge Explore 2 Power<\/h3>\n<ul>\n<li>Edge Explore 2 Power mit Anbindung an E-Bikes zum Laden<\/li>\n<li>GPS-Fahrradnavi f\u00fcr Tourenradfahrer und E-Biker mit 3\u201c gro\u00dfem Touchdisplay<\/li>\n<li>Lange Akkulaufzeit von bis zu 16 Stunden bei intensiver Nutzung<\/li>\n<li>E-Bike Routing in Abh\u00e4ngigkeit der Reichweiteninformation des EBikes<\/li>\n<li>Routing Option zur Vermeidung von Stra\u00dfen mit erh\u00f6htem Verkehrsaufkommen<\/li>\n<li>Vorinstallierte Garmin Europa Fahrradkarte mit Popularity Karten<\/li>\n<li>\u00dcberarbeitete, moderne Benutzeroberfl\u00e4che mit 3 Aktivit\u00e4tsprofilen<\/li>\n<li>Einstellungen einfach und in Echtzeit \u00fcber das Telefon<\/li>\n<li>Intensit\u00e4tsminuten, Erholungsratgeber und VO2max<\/li>\n<\/ul>\n<hr \/>\n<h3>Features<\/h3>\n<p><strong>EDGE EXPLORE 2 POWER<\/strong><br \/>\nDer Edge Explore 2 Power verf\u00fcgt \u00fcber Ladepins die, ein Laden \u00fcber den Edge Power Mount oder den Charge Power Pack erm\u00f6glichen. So kann dein Edge Explore 2 Power immer am Lenker bleiben.<\/p>\n<p><strong>BIKE ALARM &amp; FIND MY EDGE<\/strong><br \/>\nAlarm, wenn dein Fahrrad w\u00e4hrend deiner Abwesenheit bewegt wird und die Option, die letzte Position deines Edge wiederzufinden, falls er bei einem Sturz verloren geht.<\/p>\n<p><strong>INREACH KOMPATIBEL<\/strong><br \/>\nBleibe auch ohne Mobilfunkempfang immer im Kontakt mit deinen Freunden. Teile deine Position oder sende einen SOS-Notruf \u00fcber das Iridium Satellitennetzwerk an das 24\/7 besetzte IERCC Notrufzentrum.<\/p>\n<p><strong>BIKE SENSOREN<\/strong><br \/>\nKompatibel mit optionalen Herzfrequenz-, Geschwindigkeits- oder Trittfrequenz Sensoren.<\/p>\n<p><strong>TACX &amp; POWERMETER KOMPATIBEL<\/strong><br \/>\nMit dem Edge Explore 2 kannst du deinen Tacx Indoor Trainer steuern oder deine Leistung mit optionalen Rally Wattmesspedalen verfolgen.<\/p>\n<hr \/>\n<h3>Produkteigenschaften<\/h3>\n<ul>\n<li><strong>Abmessungen:<\/strong>\u00a055,7 x 106,1 x 20,6 mm<\/li>\n<li><strong>Displaygr\u00f6\u00dfe:<\/strong>\u00a03\u201c<\/li>\n<li><strong>Displayaufl\u00f6sung:<\/strong>\u00a0240 x 400 Pixel<\/li>\n<li><strong>Displaytyp:<\/strong>\u00a0Transflektives MIP<\/li>\n<li><strong>Interner Speicher:<\/strong>\u00a016 GB<\/li>\n<li><strong>Akkulaufzeit GPS-Modus:<\/strong>\u00a0Bis zu 45 Stunden<\/li>\n<li><strong>Energiesparmodus:<\/strong>\u00a0Bis zu 100 Stunden<\/li>\n<\/ul>\n<h3>Farbe<\/h3>\n<ul>\n<li>wei\u00df\/schwarz<\/li>\n<\/ul>\n<h3>Gewicht<\/h3>\n<ul>\n<li>104 g (Herstellerangabe)<\/li>\n<\/ul>\n<hr \/>\n<h3><strong>Lieferumfang<br \/>\n<\/strong><\/h3>\n<ul>\n<li>Garmin Edge Explore 2 Power<\/li>\n<li>Edge Power Mount<\/li>\n<li>Standard-Halterung<\/li>\n<li>Befestigungsband<\/li>\n<li>USB-Kabel (USB-A auf USB-C)<\/li>\n<li>Schnellstartanleitung<\/li>\n<\/ul>","protected":false},"excerpt":{"rendered":"<p>Garmin\u00a0Edge Explore 2 Power &#8211; GPS Fahrradcomputer Mach Garmin Edge Explore\u00a0 dich bereit f\u00fcr deine sch\u00f6nsten Radtouren findet sie f\u00fcr<\/p>","protected":false},"featured_media":65167,"comment_status":"open","ping_status":"closed","template":"","meta":[],"product_brand":[],"product_cat":[573,676],"product_tag":[],"class_list":{"0":"post-49745","1":"product","2":"type-product","3":"status-publish","4":"has-post-thumbnail","6":"product_cat-zubehor","7":"product_cat-zugsysteme","8":"pa_marke-garmin","10":"first","11":"instock","12":"sale","13":"taxable","14":"shipping-taxable","15":"purchasable","16":"product-type-simple"},"yoast_head":"<!-- This site is optimized with the Yoast SEO Premium plugin v20.12 (Yoast SEO v27.1.1) - https:\/\/yoast.com\/product\/yoast-seo-premium-wordpress\/ -->\n<title>Garmin Edge Explore 2 Power - GPS Fahrradcomputer<\/title>\n<meta name=\"description\" content=\"Entdecken Sie unseren Online-Fahrradladen: Gro\u00dfe Auswahl an Modellen f\u00fcr alle Radsportbegeisterten. Von Rennr\u00e4dern bis zu Mountainbikes - finden Sie heute Ihren perfekten Wegbegleiter!\" \/>\n<meta name=\"robots\" content=\"index, follow, max-snippet:-1, max-image-preview:large, max-video-preview:-1\" \/>\n<link rel=\"canonical\" href=\"https:\/\/kgerad.de\/en\/product\/garmin-edge-explore-2-power-gps-fahrradcomputer\/\" \/>\n<meta property=\"og:locale\" content=\"en_US\" \/>\n<meta property=\"og:type\" content=\"article\" \/>\n<meta property=\"og:title\" content=\"Garmin Edge Explore 2 Power - GPS Fahrradcomputer\" \/>\n<meta property=\"og:description\" content=\"Entdecken Sie unseren Online-Fahrradladen: Gro\u00dfe Auswahl an Modellen f\u00fcr alle Radsportbegeisterten. Von Rennr\u00e4dern bis zu Mountainbikes - finden Sie heute Ihren perfekten Wegbegleiter!\" \/>\n<meta property=\"og:url\" content=\"https:\/\/kgerad.de\/en\/product\/garmin-edge-explore-2-power-gps-fahrradcomputer\/\" \/>\n<meta property=\"og:site_name\" content=\"kgerad.de\" \/>\n<meta property=\"article:modified_time\" content=\"2023-08-10T16:45:16+00:00\" \/>\n<meta property=\"og:image\" content=\"https:\/\/kgerad.de\/wp-content\/uploads\/2023\/06\/Garmin-Edge-Explore-2-Power-GPS-Fahrradcomputer-010-02703-11-1_800x800-0.jpg\" \/>\n\t<meta property=\"og:image:width\" content=\"607\" \/>\n\t<meta property=\"og:image:height\" content=\"700\" \/>\n\t<meta property=\"og:image:type\" content=\"image\/jpeg\" \/>\n<meta name=\"twitter:card\" content=\"summary_large_image\" \/>\n<meta name=\"twitter:label1\" content=\"Est. reading time\" \/>\n\t<meta name=\"twitter:data1\" content=\"3 minutes\" \/>\n<script type=\"application\/ld+json\" class=\"yoast-schema-graph\">{\"@context\":\"https:\/\/schema.org\",\"@graph\":[{\"@type\":\"WebPage\",\"@id\":\"https:\/\/kgerad.de\/produkt\/garmin-edge-explore-2-power-gps-fahrradcomputer\/\",\"url\":\"https:\/\/kgerad.de\/produkt\/garmin-edge-explore-2-power-gps-fahrradcomputer\/\",\"name\":\"Garmin Edge Explore 2 Power - GPS Fahrradcomputer\",\"isPartOf\":{\"@id\":\"https:\/\/kgerad.de\/#website\"},\"primaryImageOfPage\":{\"@id\":\"https:\/\/kgerad.de\/produkt\/garmin-edge-explore-2-power-gps-fahrradcomputer\/#primaryimage\"},\"image\":{\"@id\":\"https:\/\/kgerad.de\/produkt\/garmin-edge-explore-2-power-gps-fahrradcomputer\/#primaryimage\"},\"thumbnailUrl\":\"https:\/\/kgerad.de\/wp-content\/uploads\/2023\/06\/Garmin-Edge-Explore-2-Power-GPS-Fahrradcomputer-010-02703-11-1_800x800-0.jpg\",\"datePublished\":\"2022-12-26T17:07:28+00:00\",\"dateModified\":\"2023-08-10T16:45:16+00:00\",\"description\":\"Entdecken Sie unseren Online-Fahrradladen: Gro\u00dfe Auswahl an Modellen f\u00fcr alle Radsportbegeisterten. Von Rennr\u00e4dern bis zu Mountainbikes - finden Sie heute Ihren perfekten Wegbegleiter!\",\"breadcrumb\":{\"@id\":\"https:\/\/kgerad.de\/produkt\/garmin-edge-explore-2-power-gps-fahrradcomputer\/#breadcrumb\"},\"inLanguage\":\"en-US\",\"potentialAction\":[{\"@type\":\"ReadAction\",\"target\":[\"https:\/\/kgerad.de\/produkt\/garmin-edge-explore-2-power-gps-fahrradcomputer\/\"]}]},{\"@type\":\"ImageObject\",\"inLanguage\":\"en-US\",\"@id\":\"https:\/\/kgerad.de\/produkt\/garmin-edge-explore-2-power-gps-fahrradcomputer\/#primaryimage\",\"url\":\"https:\/\/kgerad.de\/wp-content\/uploads\/2023\/06\/Garmin-Edge-Explore-2-Power-GPS-Fahrradcomputer-010-02703-11-1_800x800-0.jpg\",\"contentUrl\":\"https:\/\/kgerad.de\/wp-content\/uploads\/2023\/06\/Garmin-Edge-Explore-2-Power-GPS-Fahrradcomputer-010-02703-11-1_800x800-0.jpg\",\"width\":607,\"height\":700,\"caption\":\"Garmin Edge Explore 2 Power - GPS Fahrradcomputer\"},{\"@type\":\"BreadcrumbList\",\"@id\":\"https:\/\/kgerad.de\/produkt\/garmin-edge-explore-2-power-gps-fahrradcomputer\/#breadcrumb\",\"itemListElement\":[{\"@type\":\"ListItem\",\"position\":1,\"name\":\"Startseite\",\"item\":\"https:\/\/kgerad.de\/\"},{\"@type\":\"ListItem\",\"position\":2,\"name\":\"LADEN\",\"item\":\"https:\/\/kgerad.de\/laden\/\"},{\"@type\":\"ListItem\",\"position\":3,\"name\":\"Garmin Edge Explore 2 Power &#8211; GPS Fahrradcomputer\"}]},{\"@type\":\"WebSite\",\"@id\":\"https:\/\/kgerad.de\/#website\",\"url\":\"https:\/\/kgerad.de\/\",\"name\":\"kgerad.de\",\"description\":\"Treten Sie mit uns ins Abenteuer!\",\"publisher\":{\"@id\":\"https:\/\/kgerad.de\/#organization\"},\"alternateName\":\"MEIN RADLADEN\",\"potentialAction\":[{\"@type\":\"SearchAction\",\"target\":{\"@type\":\"EntryPoint\",\"urlTemplate\":\"https:\/\/kgerad.de\/?s={search_term_string}\"},\"query-input\":{\"@type\":\"PropertyValueSpecification\",\"valueRequired\":true,\"valueName\":\"search_term_string\"}}],\"inLanguage\":\"en-US\"},{\"@type\":\"Organization\",\"@id\":\"https:\/\/kgerad.de\/#organization\",\"name\":\"MEINRADLADEN\",\"alternateName\":\"MEIN RADLADEN\",\"url\":\"https:\/\/kgerad.de\/\",\"logo\":{\"@type\":\"ImageObject\",\"inLanguage\":\"en-US\",\"@id\":\"https:\/\/kgerad.de\/#\/schema\/logo\/image\/\",\"url\":\"https:\/\/kgerad.de\/wp-content\/uploads\/2025\/07\/logo-Whit.svg\",\"contentUrl\":\"https:\/\/kgerad.de\/wp-content\/uploads\/2025\/07\/logo-Whit.svg\",\"width\":1640,\"height\":371,\"caption\":\"MEINRADLADEN\"},\"image\":{\"@id\":\"https:\/\/kgerad.de\/#\/schema\/logo\/image\/\"}}]}<\/script>\n<!-- \/ Yoast SEO Premium plugin. -->","yoast_head_json":{"title":"Garmin Edge Explore 2 Power - GPS Fahrradcomputer","description":"Entdecken Sie unseren Online-Fahrradladen: Gro\u00dfe Auswahl an Modellen f\u00fcr alle Radsportbegeisterten. Von Rennr\u00e4dern bis zu Mountainbikes - finden Sie heute Ihren perfekten Wegbegleiter!","robots":{"index":"index","follow":"follow","max-snippet":"max-snippet:-1","max-image-preview":"max-image-preview:large","max-video-preview":"max-video-preview:-1"},"canonical":"https:\/\/kgerad.de\/en\/product\/garmin-edge-explore-2-power-gps-fahrradcomputer\/","og_locale":"en_US","og_type":"article","og_title":"Garmin Edge Explore 2 Power - GPS Fahrradcomputer","og_description":"Entdecken Sie unseren Online-Fahrradladen: Gro\u00dfe Auswahl an Modellen f\u00fcr alle Radsportbegeisterten. Von Rennr\u00e4dern bis zu Mountainbikes - finden Sie heute Ihren perfekten Wegbegleiter!","og_url":"https:\/\/kgerad.de\/en\/product\/garmin-edge-explore-2-power-gps-fahrradcomputer\/","og_site_name":"kgerad.de","article_modified_time":"2023-08-10T16:45:16+00:00","og_image":[{"width":607,"height":700,"url":"https:\/\/kgerad.de\/wp-content\/uploads\/2023\/06\/Garmin-Edge-Explore-2-Power-GPS-Fahrradcomputer-010-02703-11-1_800x800-0.jpg","type":"image\/jpeg"}],"twitter_card":"summary_large_image","twitter_misc":{"Est. reading time":"3 minutes"},"schema":{"@context":"https:\/\/schema.org","@graph":[{"@type":"WebPage","@id":"https:\/\/kgerad.de\/produkt\/garmin-edge-explore-2-power-gps-fahrradcomputer\/","url":"https:\/\/kgerad.de\/produkt\/garmin-edge-explore-2-power-gps-fahrradcomputer\/","name":"Garmin Edge Explore 2 Power - GPS Fahrradcomputer","isPartOf":{"@id":"https:\/\/kgerad.de\/#website"},"primaryImageOfPage":{"@id":"https:\/\/kgerad.de\/produkt\/garmin-edge-explore-2-power-gps-fahrradcomputer\/#primaryimage"},"image":{"@id":"https:\/\/kgerad.de\/produkt\/garmin-edge-explore-2-power-gps-fahrradcomputer\/#primaryimage"},"thumbnailUrl":"https:\/\/kgerad.de\/wp-content\/uploads\/2023\/06\/Garmin-Edge-Explore-2-Power-GPS-Fahrradcomputer-010-02703-11-1_800x800-0.jpg","datePublished":"2022-12-26T17:07:28+00:00","dateModified":"2023-08-10T16:45:16+00:00","description":"Entdecken Sie unseren Online-Fahrradladen: Gro\u00dfe Auswahl an Modellen f\u00fcr alle Radsportbegeisterten. Von Rennr\u00e4dern bis zu Mountainbikes - finden Sie heute Ihren perfekten Wegbegleiter!","breadcrumb":{"@id":"https:\/\/kgerad.de\/produkt\/garmin-edge-explore-2-power-gps-fahrradcomputer\/#breadcrumb"},"inLanguage":"en-US","potentialAction":[{"@type":"ReadAction","target":["https:\/\/kgerad.de\/produkt\/garmin-edge-explore-2-power-gps-fahrradcomputer\/"]}]},{"@type":"ImageObject","inLanguage":"en-US","@id":"https:\/\/kgerad.de\/produkt\/garmin-edge-explore-2-power-gps-fahrradcomputer\/#primaryimage","url":"https:\/\/kgerad.de\/wp-content\/uploads\/2023\/06\/Garmin-Edge-Explore-2-Power-GPS-Fahrradcomputer-010-02703-11-1_800x800-0.jpg","contentUrl":"https:\/\/kgerad.de\/wp-content\/uploads\/2023\/06\/Garmin-Edge-Explore-2-Power-GPS-Fahrradcomputer-010-02703-11-1_800x800-0.jpg","width":607,"height":700,"caption":"Garmin Edge Explore 2 Power - GPS Fahrradcomputer"},{"@type":"BreadcrumbList","@id":"https:\/\/kgerad.de\/produkt\/garmin-edge-explore-2-power-gps-fahrradcomputer\/#breadcrumb","itemListElement":[{"@type":"ListItem","position":1,"name":"Startseite","item":"https:\/\/kgerad.de\/"},{"@type":"ListItem","position":2,"name":"LADEN","item":"https:\/\/kgerad.de\/laden\/"},{"@type":"ListItem","position":3,"name":"Garmin Edge Explore 2 Power &#8211; GPS Fahrradcomputer"}]},{"@type":"WebSite","@id":"https:\/\/kgerad.de\/#website","url":"https:\/\/kgerad.de\/","name":"kgerad.de","description":"Treten Sie mit uns ins Abenteuer!","publisher":{"@id":"https:\/\/kgerad.de\/#organization"},"alternateName":"MEIN RADLADEN","potentialAction":[{"@type":"SearchAction","target":{"@type":"EntryPoint","urlTemplate":"https:\/\/kgerad.de\/?s={search_term_string}"},"query-input":{"@type":"PropertyValueSpecification","valueRequired":true,"valueName":"search_term_string"}}],"inLanguage":"en-US"},{"@type":"Organization","@id":"https:\/\/kgerad.de\/#organization","name":"MEINRADLADEN","alternateName":"MEIN RADLADEN","url":"https:\/\/kgerad.de\/","logo":{"@type":"ImageObject","inLanguage":"en-US","@id":"https:\/\/kgerad.de\/#\/schema\/logo\/image\/","url":"https:\/\/kgerad.de\/wp-content\/uploads\/2025\/07\/logo-Whit.svg","contentUrl":"https:\/\/kgerad.de\/wp-content\/uploads\/2025\/07\/logo-Whit.svg","width":1640,"height":371,"caption":"MEINRADLADEN"},"image":{"@id":"https:\/\/kgerad.de\/#\/schema\/logo\/image\/"}}]}},"_links":{"self":[{"href":"https:\/\/kgerad.de\/en\/wp-json\/wp\/v2\/product\/49745","targetHints":{"allow":["GET"]}}],"collection":[{"href":"https:\/\/kgerad.de\/en\/wp-json\/wp\/v2\/product"}],"about":[{"href":"https:\/\/kgerad.de\/en\/wp-json\/wp\/v2\/types\/product"}],"replies":[{"embeddable":true,"href":"https:\/\/kgerad.de\/en\/wp-json\/wp\/v2\/comments?post=49745"}],"version-history":[{"count":1,"href":"https:\/\/kgerad.de\/en\/wp-json\/wp\/v2\/product\/49745\/revisions"}],"predecessor-version":[{"id":78602,"href":"https:\/\/kgerad.de\/en\/wp-json\/wp\/v2\/product\/49745\/revisions\/78602"}],"wp:featuredmedia":[{"embeddable":true,"href":"https:\/\/kgerad.de\/en\/wp-json\/wp\/v2\/media\/65167"}],"wp:attachment":[{"href":"https:\/\/kgerad.de\/en\/wp-json\/wp\/v2\/media?parent=49745"}],"wp:term":[{"taxonomy":"product_brand","embeddable":true,"href":"https:\/\/kgerad.de\/en\/wp-json\/wp\/v2\/product_brand?post=49745"},{"taxonomy":"product_cat","embeddable":true,"href":"https:\/\/kgerad.de\/en\/wp-json\/wp\/v2\/product_cat?post=49745"},{"taxonomy":"product_tag","embeddable":true,"href":"https:\/\/kgerad.de\/en\/wp-json\/wp\/v2\/product_tag?post=49745"}],"curies":[{"name":"wp","href":"https:\/\/api.w.org\/{rel}","templated":true}]}}