{"id":49715,"date":"2022-12-26T17:37:57","date_gmt":"2022-12-26T16:37:57","guid":{"rendered":"https:\/\/kgerad.de\/?post_type=product&#038;p=49715"},"modified":"2023-08-10T18:45:46","modified_gmt":"2023-08-10T16:45:46","slug":"garmin-inreach-mini-2-satelliten-kommunikationsgeraet-2","status":"publish","type":"product","link":"https:\/\/kgerad.de\/en\/product\/garmin-inreach-mini-2-satelliten-kommunikationsgeraet-2\/","title":{"rendered":"Garmin inReach Mini 2 Satelliten Kommunikationsger\u00e4t"},"content":{"rendered":"<h2 class=\"product--title\"><strong>Garmin<\/strong> inReach Mini 2 Satelliten Kommunikationsger\u00e4t<\/h2>\n<p>Mit Garmin inReach Mini dem kompakten und leichten ist dein <a href=\"http:\/\/1-1\">Zuhause<\/a> auch in entlegenen Gegenden ganz in der N\u00e4he. So kannst du deine Abenteuer unbeschwert genie\u00dfen.<\/p>\n<hr \/>\n<h3>Produkteigenschaften<\/h3>\n<div>\n<table>\n<tbody>\n<tr>\n<td colspan=\"2\">\n<h3>Allgemein<\/h3>\n<\/td>\n<\/tr>\n<tr>\n<td>Abmessungen<\/td>\n<td>5,17\u00a0x 9,90\u00a0x 2,61\u00a0cm (2,04\u2033\u00a0x 3,90\u2033\u00a0x 1,03\u2033)<\/td>\n<\/tr>\n<tr>\n<td>Anzeigegr\u00f6\u00dfe, B x H<\/td>\n<td>23\u00a0x 23\u00a0mm (0,9\u2033\u00a0x 0,9\u2033)<\/td>\n<\/tr>\n<tr>\n<td>Anzeigeaufl\u00f6sung, B x H<\/td>\n<td>176\u00a0x 176\u00a0Pixel<\/td>\n<\/tr>\n<tr>\n<td>Anzeigetyp<\/td>\n<td>Bei Sonneneinstrahlung lesbares, monochromes, transflektives MIP-Display (MIP)<\/td>\n<\/tr>\n<tr>\n<td>Gewicht<\/td>\n<td>100\u00a0g (3,5\u00a0Unzen)<\/td>\n<\/tr>\n<tr>\n<td>Wasserdichtigkeit<\/td>\n<td>IPX7<\/td>\n<\/tr>\n<tr>\n<td>Batterie<\/td>\n<td>Integrierter Lithium-Ionen-Akku<\/td>\n<\/tr>\n<tr>\n<td>Batterielaufzeit<\/td>\n<td>Bis zu 14\u00a0Tage bei 10-min\u00fctigem Tracking-Sendeintervall (Standard) mit Standard-Aktivit\u00e4tsaufzeichnung bei vollst\u00e4ndiger Sicht zum Himmel<br \/>\nBis zu 4\u00a0Tage bei m\u00e4\u00dfig dichtem Baumbestand (Standard)<br \/>\nBis zu 5\u00a0Tage mit 10-min\u00fctigem Tracking-Sendeintervall mit hochdetaillierter Aktivit\u00e4tsaufzeichnung bei vollst\u00e4ndiger Sicht zum Himmel<br \/>\nBis zu 2\u00a0Tage bei m\u00e4\u00dfig dichtem Baumbestand<br \/>\nBis zu 30\u00a0Tage mit 30-min\u00fctigem Tracking-Sendeintervall mit Standard-Aktivit\u00e4tsaufzeichnung bei vollst\u00e4ndiger Sicht zum Himmel<br \/>\nBis zu 10\u00a0Tage bei m\u00e4\u00dfig dichtem Baumbestand<br \/>\nBis zu 1\u00a0Jahr im ausgeschalteten Zustand<\/td>\n<\/tr>\n<tr>\n<td>Schnittstelle<\/td>\n<td>USB-C<\/td>\n<\/tr>\n<\/tbody>\n<\/table>\n<table>\n<tbody>\n<tr>\n<td colspan=\"2\">\n<h3>Karten und Speicher<\/h3>\n<\/td>\n<\/tr>\n<tr>\n<td>Wegpunkte<\/td>\n<td>1000<\/td>\n<\/tr>\n<tr>\n<td>Strecken<\/td>\n<td>100<\/td>\n<\/tr>\n<tr>\n<td>Aktivit\u00e4ten<\/td>\n<td>200<\/td>\n<\/tr>\n<\/tbody>\n<\/table>\n<table>\n<tbody>\n<tr>\n<td colspan=\"2\">\n<h3>Sensoren<\/h3>\n<\/td>\n<\/tr>\n<tr>\n<td>Hochempfindlicher GPS Empf\u00e4nger<\/td>\n<td class=\"yes\"><\/td>\n<\/tr>\n<tr>\n<td>GPS<\/td>\n<td class=\"yes\"><\/td>\n<\/tr>\n<tr>\n<td>Galileo<\/td>\n<td class=\"yes\"><\/td>\n<\/tr>\n<tr>\n<td>QZSS<\/td>\n<td class=\"yes\"><\/td>\n<\/tr>\n<tr>\n<td>Kompass<\/td>\n<td class=\"yes\"><\/td>\n<\/tr>\n<tr>\n<td>GPS-Kompass (wenn in Bewegung)<\/td>\n<td class=\"yes\"><\/td>\n<\/tr>\n<\/tbody>\n<\/table>\n<table>\n<tbody>\n<tr>\n<td colspan=\"2\">\n<h3>Outdoor-Freizeitfunktionen<\/h3>\n<\/td>\n<\/tr>\n<tr>\n<td>Punkt-zu-Punkt-Navigation<\/td>\n<td class=\"yes\"><\/td>\n<\/tr>\n<tr>\n<td>TracBack\u00ae<\/td>\n<td class=\"yes\"><\/td>\n<\/tr>\n<\/tbody>\n<\/table>\n<table>\n<tbody>\n<tr>\n<td colspan=\"2\">\n<h3>inReach\u00ae-Funktionen<\/h3>\n<\/td>\n<\/tr>\n<tr>\n<td>Interaktive SOS-Notrufe<\/td>\n<td class=\"yes\"><\/td>\n<\/tr>\n<tr>\n<td>Nachrichtenaustausch (Senden und Empfangen) \u00fcber SMS und Email<\/td>\n<td class=\"yes\"><\/td>\n<\/tr>\n<tr>\n<td>SMS-Nachrichtenaustausch (Senden und Empfangen) \u00fcber anderes inReach-Ger\u00e4t<\/td>\n<td class=\"yes\"><\/td>\n<\/tr>\n<tr>\n<td>Austausch von Positionen mit anderem inReach-Ger\u00e4t<\/td>\n<td class=\"yes\"><\/td>\n<\/tr>\n<tr>\n<td>Kompatibel mit MapShare mit Tracking<\/td>\n<td class=\"yes\"><\/td>\n<\/tr>\n<tr>\n<td>Virtuelle Tastatur zum Verfassen eigener Nachrichten<\/td>\n<td class=\"yes\"><\/td>\n<\/tr>\n<tr>\n<td>inReach\u00ae-Kompatibilit\u00e4t<\/td>\n<td class=\"yes\"><\/td>\n<\/tr>\n<\/tbody>\n<\/table>\n<table>\n<tbody>\n<tr>\n<td colspan=\"2\">\n<h3>Au\u00dfenanwendungen<\/h3>\n<\/td>\n<\/tr>\n<tr>\n<td>Kompatibel mit der Garmin Explore \u2122 App<\/td>\n<td class=\"yes\"><\/td>\n<\/tr>\n<tr>\n<td>Kompatibel mit der Garmin Explore-Website<\/td>\n<td class=\"yes\"><\/td>\n<\/tr>\n<tr>\n<td>Kompatibel mit der Garmin Pilot\u2122-App<\/td>\n<td class=\"yes\"><\/td>\n<\/tr>\n<\/tbody>\n<\/table>\n<table>\n<tbody>\n<tr>\n<td colspan=\"2\">\n<h3>Verbindungen<\/h3>\n<\/td>\n<\/tr>\n<tr>\n<td>Drahtlose Konnektivit\u00e4t<\/td>\n<td>Ja (Bluetooth\u00ae, ANT+\u00ae)<\/td>\n<\/tr>\n<\/tbody>\n<\/table>\n<\/div>","protected":false},"excerpt":{"rendered":"<p>Garmin inReach Mini 2 Satelliten Kommunikationsger\u00e4t Mit Garmin inReach Mini dem kompakten und leichten ist dein Zuhause auch in entlegenen<\/p>","protected":false},"featured_media":65145,"comment_status":"open","ping_status":"closed","template":"","meta":[],"product_brand":[],"product_cat":[783],"product_tag":[],"class_list":{"0":"post-49715","1":"product","2":"type-product","3":"status-publish","4":"has-post-thumbnail","6":"product_cat-accessories","8":"first","9":"instock","10":"sale","11":"taxable","12":"shipping-taxable","13":"purchasable","14":"product-type-simple"},"yoast_head":"<!-- This site is optimized with the Yoast SEO Premium plugin v20.12 (Yoast SEO v27.1.1) - https:\/\/yoast.com\/product\/yoast-seo-premium-wordpress\/ -->\n<title>Garmin inReach Mini 2 Satelliten Kommunikationsger\u00e4t<\/title>\n<meta name=\"description\" content=\"Entdecken Sie unseren Online-Fahrradladen: Gro\u00dfe Auswahl an Modellen f\u00fcr alle Radsportbegeisterten. Von Rennr\u00e4dern bis zu Mountainbikes - finden Sie heute Ihren perfekten Wegbegleiter!\" \/>\n<meta name=\"robots\" content=\"index, follow, max-snippet:-1, max-image-preview:large, max-video-preview:-1\" \/>\n<link rel=\"canonical\" href=\"https:\/\/kgerad.de\/en\/product\/garmin-inreach-mini-2-satelliten-kommunikationsgeraet-2\/\" \/>\n<meta property=\"og:locale\" content=\"en_US\" \/>\n<meta property=\"og:type\" content=\"article\" \/>\n<meta property=\"og:title\" content=\"Garmin inReach Mini 2 Satelliten Kommunikationsger\u00e4t\" \/>\n<meta property=\"og:description\" content=\"Entdecken Sie unseren Online-Fahrradladen: Gro\u00dfe Auswahl an Modellen f\u00fcr alle Radsportbegeisterten. Von Rennr\u00e4dern bis zu Mountainbikes - finden Sie heute Ihren perfekten Wegbegleiter!\" \/>\n<meta property=\"og:url\" content=\"https:\/\/kgerad.de\/en\/product\/garmin-inreach-mini-2-satelliten-kommunikationsgeraet-2\/\" \/>\n<meta property=\"og:site_name\" content=\"kgerad.de\" \/>\n<meta property=\"article:modified_time\" content=\"2023-08-10T16:45:46+00:00\" \/>\n<meta property=\"og:image\" content=\"https:\/\/kgerad.de\/wp-content\/uploads\/2023\/06\/Garmin-InReach-Mini-2-Satelliten-Kommunikationsgerat-010-02602-03-8_800x800.jpg\" \/>\n\t<meta property=\"og:image:width\" content=\"414\" \/>\n\t<meta property=\"og:image:height\" content=\"800\" \/>\n\t<meta property=\"og:image:type\" content=\"image\/jpeg\" \/>\n<meta name=\"twitter:card\" content=\"summary_large_image\" \/>\n<meta name=\"twitter:label1\" content=\"Est. reading time\" \/>\n\t<meta name=\"twitter:data1\" content=\"2 minutes\" \/>\n<script type=\"application\/ld+json\" class=\"yoast-schema-graph\">{\"@context\":\"https:\/\/schema.org\",\"@graph\":[{\"@type\":\"WebPage\",\"@id\":\"https:\/\/kgerad.de\/produkt\/garmin-inreach-mini-2-satelliten-kommunikationsgeraet-2\/\",\"url\":\"https:\/\/kgerad.de\/produkt\/garmin-inreach-mini-2-satelliten-kommunikationsgeraet-2\/\",\"name\":\"Garmin inReach Mini 2 Satelliten Kommunikationsger\u00e4t\",\"isPartOf\":{\"@id\":\"https:\/\/kgerad.de\/#website\"},\"primaryImageOfPage\":{\"@id\":\"https:\/\/kgerad.de\/produkt\/garmin-inreach-mini-2-satelliten-kommunikationsgeraet-2\/#primaryimage\"},\"image\":{\"@id\":\"https:\/\/kgerad.de\/produkt\/garmin-inreach-mini-2-satelliten-kommunikationsgeraet-2\/#primaryimage\"},\"thumbnailUrl\":\"https:\/\/kgerad.de\/wp-content\/uploads\/2023\/06\/Garmin-InReach-Mini-2-Satelliten-Kommunikationsgerat-010-02602-03-8_800x800.jpg\",\"datePublished\":\"2022-12-26T16:37:57+00:00\",\"dateModified\":\"2023-08-10T16:45:46+00:00\",\"description\":\"Entdecken Sie unseren Online-Fahrradladen: Gro\u00dfe Auswahl an Modellen f\u00fcr alle Radsportbegeisterten. Von Rennr\u00e4dern bis zu Mountainbikes - finden Sie heute Ihren perfekten Wegbegleiter!\",\"breadcrumb\":{\"@id\":\"https:\/\/kgerad.de\/produkt\/garmin-inreach-mini-2-satelliten-kommunikationsgeraet-2\/#breadcrumb\"},\"inLanguage\":\"en-US\",\"potentialAction\":[{\"@type\":\"ReadAction\",\"target\":[\"https:\/\/kgerad.de\/produkt\/garmin-inreach-mini-2-satelliten-kommunikationsgeraet-2\/\"]}]},{\"@type\":\"ImageObject\",\"inLanguage\":\"en-US\",\"@id\":\"https:\/\/kgerad.de\/produkt\/garmin-inreach-mini-2-satelliten-kommunikationsgeraet-2\/#primaryimage\",\"url\":\"https:\/\/kgerad.de\/wp-content\/uploads\/2023\/06\/Garmin-InReach-Mini-2-Satelliten-Kommunikationsgerat-010-02602-03-8_800x800.jpg\",\"contentUrl\":\"https:\/\/kgerad.de\/wp-content\/uploads\/2023\/06\/Garmin-InReach-Mini-2-Satelliten-Kommunikationsgerat-010-02602-03-8_800x800.jpg\",\"width\":414,\"height\":800,\"caption\":\"Garmin inReach Mini 2 Satelliten Kommunikationsger\u00e4t\"},{\"@type\":\"BreadcrumbList\",\"@id\":\"https:\/\/kgerad.de\/produkt\/garmin-inreach-mini-2-satelliten-kommunikationsgeraet-2\/#breadcrumb\",\"itemListElement\":[{\"@type\":\"ListItem\",\"position\":1,\"name\":\"Startseite\",\"item\":\"https:\/\/kgerad.de\/\"},{\"@type\":\"ListItem\",\"position\":2,\"name\":\"LADEN\",\"item\":\"https:\/\/kgerad.de\/laden\/\"},{\"@type\":\"ListItem\",\"position\":3,\"name\":\"Garmin inReach Mini 2 Satelliten Kommunikationsger\u00e4t\"}]},{\"@type\":\"WebSite\",\"@id\":\"https:\/\/kgerad.de\/#website\",\"url\":\"https:\/\/kgerad.de\/\",\"name\":\"kgerad.de\",\"description\":\"Treten Sie mit uns ins Abenteuer!\",\"publisher\":{\"@id\":\"https:\/\/kgerad.de\/#organization\"},\"alternateName\":\"MEIN RADLADEN\",\"potentialAction\":[{\"@type\":\"SearchAction\",\"target\":{\"@type\":\"EntryPoint\",\"urlTemplate\":\"https:\/\/kgerad.de\/?s={search_term_string}\"},\"query-input\":{\"@type\":\"PropertyValueSpecification\",\"valueRequired\":true,\"valueName\":\"search_term_string\"}}],\"inLanguage\":\"en-US\"},{\"@type\":\"Organization\",\"@id\":\"https:\/\/kgerad.de\/#organization\",\"name\":\"MEINRADLADEN\",\"alternateName\":\"MEIN RADLADEN\",\"url\":\"https:\/\/kgerad.de\/\",\"logo\":{\"@type\":\"ImageObject\",\"inLanguage\":\"en-US\",\"@id\":\"https:\/\/kgerad.de\/#\/schema\/logo\/image\/\",\"url\":\"https:\/\/kgerad.de\/wp-content\/uploads\/2025\/07\/logo-Whit.svg\",\"contentUrl\":\"https:\/\/kgerad.de\/wp-content\/uploads\/2025\/07\/logo-Whit.svg\",\"width\":1640,\"height\":371,\"caption\":\"MEINRADLADEN\"},\"image\":{\"@id\":\"https:\/\/kgerad.de\/#\/schema\/logo\/image\/\"}}]}<\/script>\n<!-- \/ Yoast SEO Premium plugin. -->","yoast_head_json":{"title":"Garmin inReach Mini 2 Satelliten Kommunikationsger\u00e4t","description":"Entdecken Sie unseren Online-Fahrradladen: Gro\u00dfe Auswahl an Modellen f\u00fcr alle Radsportbegeisterten. Von Rennr\u00e4dern bis zu Mountainbikes - finden Sie heute Ihren perfekten Wegbegleiter!","robots":{"index":"index","follow":"follow","max-snippet":"max-snippet:-1","max-image-preview":"max-image-preview:large","max-video-preview":"max-video-preview:-1"},"canonical":"https:\/\/kgerad.de\/en\/product\/garmin-inreach-mini-2-satelliten-kommunikationsgeraet-2\/","og_locale":"en_US","og_type":"article","og_title":"Garmin inReach Mini 2 Satelliten Kommunikationsger\u00e4t","og_description":"Entdecken Sie unseren Online-Fahrradladen: Gro\u00dfe Auswahl an Modellen f\u00fcr alle Radsportbegeisterten. Von Rennr\u00e4dern bis zu Mountainbikes - finden Sie heute Ihren perfekten Wegbegleiter!","og_url":"https:\/\/kgerad.de\/en\/product\/garmin-inreach-mini-2-satelliten-kommunikationsgeraet-2\/","og_site_name":"kgerad.de","article_modified_time":"2023-08-10T16:45:46+00:00","og_image":[{"width":414,"height":800,"url":"https:\/\/kgerad.de\/wp-content\/uploads\/2023\/06\/Garmin-InReach-Mini-2-Satelliten-Kommunikationsgerat-010-02602-03-8_800x800.jpg","type":"image\/jpeg"}],"twitter_card":"summary_large_image","twitter_misc":{"Est. reading time":"2 minutes"},"schema":{"@context":"https:\/\/schema.org","@graph":[{"@type":"WebPage","@id":"https:\/\/kgerad.de\/produkt\/garmin-inreach-mini-2-satelliten-kommunikationsgeraet-2\/","url":"https:\/\/kgerad.de\/produkt\/garmin-inreach-mini-2-satelliten-kommunikationsgeraet-2\/","name":"Garmin inReach Mini 2 Satelliten Kommunikationsger\u00e4t","isPartOf":{"@id":"https:\/\/kgerad.de\/#website"},"primaryImageOfPage":{"@id":"https:\/\/kgerad.de\/produkt\/garmin-inreach-mini-2-satelliten-kommunikationsgeraet-2\/#primaryimage"},"image":{"@id":"https:\/\/kgerad.de\/produkt\/garmin-inreach-mini-2-satelliten-kommunikationsgeraet-2\/#primaryimage"},"thumbnailUrl":"https:\/\/kgerad.de\/wp-content\/uploads\/2023\/06\/Garmin-InReach-Mini-2-Satelliten-Kommunikationsgerat-010-02602-03-8_800x800.jpg","datePublished":"2022-12-26T16:37:57+00:00","dateModified":"2023-08-10T16:45:46+00:00","description":"Entdecken Sie unseren Online-Fahrradladen: Gro\u00dfe Auswahl an Modellen f\u00fcr alle Radsportbegeisterten. Von Rennr\u00e4dern bis zu Mountainbikes - finden Sie heute Ihren perfekten Wegbegleiter!","breadcrumb":{"@id":"https:\/\/kgerad.de\/produkt\/garmin-inreach-mini-2-satelliten-kommunikationsgeraet-2\/#breadcrumb"},"inLanguage":"en-US","potentialAction":[{"@type":"ReadAction","target":["https:\/\/kgerad.de\/produkt\/garmin-inreach-mini-2-satelliten-kommunikationsgeraet-2\/"]}]},{"@type":"ImageObject","inLanguage":"en-US","@id":"https:\/\/kgerad.de\/produkt\/garmin-inreach-mini-2-satelliten-kommunikationsgeraet-2\/#primaryimage","url":"https:\/\/kgerad.de\/wp-content\/uploads\/2023\/06\/Garmin-InReach-Mini-2-Satelliten-Kommunikationsgerat-010-02602-03-8_800x800.jpg","contentUrl":"https:\/\/kgerad.de\/wp-content\/uploads\/2023\/06\/Garmin-InReach-Mini-2-Satelliten-Kommunikationsgerat-010-02602-03-8_800x800.jpg","width":414,"height":800,"caption":"Garmin inReach Mini 2 Satelliten Kommunikationsger\u00e4t"},{"@type":"BreadcrumbList","@id":"https:\/\/kgerad.de\/produkt\/garmin-inreach-mini-2-satelliten-kommunikationsgeraet-2\/#breadcrumb","itemListElement":[{"@type":"ListItem","position":1,"name":"Startseite","item":"https:\/\/kgerad.de\/"},{"@type":"ListItem","position":2,"name":"LADEN","item":"https:\/\/kgerad.de\/laden\/"},{"@type":"ListItem","position":3,"name":"Garmin inReach Mini 2 Satelliten Kommunikationsger\u00e4t"}]},{"@type":"WebSite","@id":"https:\/\/kgerad.de\/#website","url":"https:\/\/kgerad.de\/","name":"kgerad.de","description":"Treten Sie mit uns ins Abenteuer!","publisher":{"@id":"https:\/\/kgerad.de\/#organization"},"alternateName":"MEIN RADLADEN","potentialAction":[{"@type":"SearchAction","target":{"@type":"EntryPoint","urlTemplate":"https:\/\/kgerad.de\/?s={search_term_string}"},"query-input":{"@type":"PropertyValueSpecification","valueRequired":true,"valueName":"search_term_string"}}],"inLanguage":"en-US"},{"@type":"Organization","@id":"https:\/\/kgerad.de\/#organization","name":"MEINRADLADEN","alternateName":"MEIN RADLADEN","url":"https:\/\/kgerad.de\/","logo":{"@type":"ImageObject","inLanguage":"en-US","@id":"https:\/\/kgerad.de\/#\/schema\/logo\/image\/","url":"https:\/\/kgerad.de\/wp-content\/uploads\/2025\/07\/logo-Whit.svg","contentUrl":"https:\/\/kgerad.de\/wp-content\/uploads\/2025\/07\/logo-Whit.svg","width":1640,"height":371,"caption":"MEINRADLADEN"},"image":{"@id":"https:\/\/kgerad.de\/#\/schema\/logo\/image\/"}}]}},"_links":{"self":[{"href":"https:\/\/kgerad.de\/en\/wp-json\/wp\/v2\/product\/49715","targetHints":{"allow":["GET"]}}],"collection":[{"href":"https:\/\/kgerad.de\/en\/wp-json\/wp\/v2\/product"}],"about":[{"href":"https:\/\/kgerad.de\/en\/wp-json\/wp\/v2\/types\/product"}],"replies":[{"embeddable":true,"href":"https:\/\/kgerad.de\/en\/wp-json\/wp\/v2\/comments?post=49715"}],"version-history":[{"count":1,"href":"https:\/\/kgerad.de\/en\/wp-json\/wp\/v2\/product\/49715\/revisions"}],"predecessor-version":[{"id":78604,"href":"https:\/\/kgerad.de\/en\/wp-json\/wp\/v2\/product\/49715\/revisions\/78604"}],"wp:featuredmedia":[{"embeddable":true,"href":"https:\/\/kgerad.de\/en\/wp-json\/wp\/v2\/media\/65145"}],"wp:attachment":[{"href":"https:\/\/kgerad.de\/en\/wp-json\/wp\/v2\/media?parent=49715"}],"wp:term":[{"taxonomy":"product_brand","embeddable":true,"href":"https:\/\/kgerad.de\/en\/wp-json\/wp\/v2\/product_brand?post=49715"},{"taxonomy":"product_cat","embeddable":true,"href":"https:\/\/kgerad.de\/en\/wp-json\/wp\/v2\/product_cat?post=49715"},{"taxonomy":"product_tag","embeddable":true,"href":"https:\/\/kgerad.de\/en\/wp-json\/wp\/v2\/product_tag?post=49715"}],"curies":[{"name":"wp","href":"https:\/\/api.w.org\/{rel}","templated":true}]}}