{"id":49627,"date":"2022-12-26T12:29:20","date_gmt":"2022-12-26T11:29:20","guid":{"rendered":"https:\/\/kgerad.de\/?post_type=product&#038;p=49627"},"modified":"2023-08-10T18:50:34","modified_gmt":"2023-08-10T16:50:34","slug":"shimano-sh-gr9l-mtb-gravity-schuhe","status":"publish","type":"product","link":"https:\/\/kgerad.de\/en\/product\/shimano-sh-gr9l-mtb-gravity-schuhe\/","title":{"rendered":"Shimano SH-GR9L &#8211; MTB Gravity Schuhe"},"content":{"rendered":"<h2 class=\"product--title\"><strong>Shimano<\/strong>\u00a0SH-GR9L &#8211; MTB Gravity Schuhe<\/h2>\n<p>Die Shimano SH-GR9L von Shimano wurden mit einer besonders griffigen Gummi-Au\u00dfensohle von Michelin ausgestattet. Ihr Schnellschn\u00fcrsystem erm\u00f6glicht eine schnelle und sichere Einstellung, w\u00e4hrend die Sch\u00fctzende Schn\u00fcrungsabdeckung f\u00fcr zus\u00e4tzliche Abwehr von Steinchen sorgt.<\/p>\n<hr \/>\n<h3>Produktdetails &#8211; SH-GR9L<\/h3>\n<ul>\n<li>Besonders griffige Gravity Gummi-Au\u00dfensohle von Michelin\u2122<\/li>\n<li>Sch\u00fctzende Schn\u00fcrungsabdeckung f\u00fcr zus\u00e4tzliche Abwehr von Steinchen<\/li>\n<li>Robuste geformte Zehenkappe f\u00fcr verbesserten Zehenschutz<\/li>\n<li>Asymmetrisch hochgezogener Sprunggelenkschaft mit Polsterung und seitlich hochgezogene Sohle f\u00fcr zus\u00e4tzlichen Schutz<\/li>\n<li>Schnellschn\u00fcrsystem erm\u00f6glicht schnelle, sichere Einstellung<\/li>\n<li><strong>Gewicht:<\/strong>\u00a0ca. 390 g pro Schuh (Gr\u00f6\u00dfe 42)<\/li>\n<li><strong>Pedalempfehlung<\/strong>: PD-M828<\/li>\n<\/ul>\n<hr \/>\n<p>Shimano empfiehlt dir folgende Kombination f\u00fcr das \u201ePerfect-Match\u201c:<\/p>\n<p><a title=\"Perfect-Match\" href=\"https:\/\/www.bike-discount.de\/index.php?vw_type=5&amp;vw_name=detail&amp;vw_id=249\" target=\"_blank\" rel=\"noopener\"><img fetchpriority=\"high\" decoding=\"async\" title=\"Perfect-Match\" src=\"https:\/\/cd.bike-discount.de\/media\/image\/f7\/7f\/f7\/sh-gr901_26pd-m828.jpg\" alt=\"\" width=\"728\" height=\"90\" data-src=\"media\/image\/sh-gr901_26pd-m828.jpg\" \/><\/a><\/p>\n<hr \/>\n<h3>Technologien<\/h3>\n<p><strong>MICHELIN<sup>\u00ae<\/sup>-LAUFSOHLE<\/strong><br \/>\nDie flache MICHELIN<sup>\u00ae<\/sup>-Au\u00dfensohle wurde eigens nach Vorgaben von SHIMANO entwickelt und bietet exzellenten Halt.<\/p>","protected":false},"excerpt":{"rendered":"<p>Shimano\u00a0SH-GR9L &#8211; MTB Gravity Schuhe Die Shimano SH-GR9L von Shimano wurden mit einer besonders griffigen Gummi-Au\u00dfensohle von Michelin ausgestattet. Ihr<\/p>","protected":false},"featured_media":65115,"comment_status":"open","ping_status":"closed","template":"","meta":[],"product_brand":[],"product_cat":[573,676],"product_tag":[],"class_list":{"0":"post-49627","1":"product","2":"type-product","3":"status-publish","4":"has-post-thumbnail","6":"product_cat-zubehor","7":"product_cat-zugsysteme","8":"pa_marke-shimano","10":"first","11":"instock","12":"sale","13":"taxable","14":"shipping-taxable","15":"purchasable","16":"product-type-variable"},"yoast_head":"<!-- This site is optimized with the Yoast SEO Premium plugin v20.12 (Yoast SEO v27.1.1) - https:\/\/yoast.com\/product\/yoast-seo-premium-wordpress\/ -->\n<title>Shimano SH-GR9L - MTB Gravity Schuhe<\/title>\n<meta name=\"description\" content=\"kgerad.de bietet Ihnen das Shimano SH-GR9L - MTB Gravity Schuhe zum besten Preis mit kostenlosem Versand in ganz Europa und sichere Zahlung\" \/>\n<meta name=\"robots\" content=\"index, follow, max-snippet:-1, max-image-preview:large, max-video-preview:-1\" \/>\n<link rel=\"canonical\" href=\"https:\/\/kgerad.de\/en\/product\/shimano-sh-gr9l-mtb-gravity-schuhe\/\" \/>\n<meta property=\"og:locale\" content=\"en_US\" \/>\n<meta property=\"og:type\" content=\"article\" \/>\n<meta property=\"og:title\" content=\"Shimano SH-GR9L - MTB Gravity Schuhe\" \/>\n<meta property=\"og:description\" content=\"Entdecken Sie unseren Online-Fahrradladen: Gro\u00dfe Auswahl an Modellen f\u00fcr alle Radsportbegeisterten. Von Rennr\u00e4dern bis zu Mountainbikes - finden Sie heute Ihren perfekten Wegbegleiter!\" \/>\n<meta property=\"og:url\" content=\"https:\/\/kgerad.de\/en\/product\/shimano-sh-gr9l-mtb-gravity-schuhe\/\" \/>\n<meta property=\"og:site_name\" content=\"kgerad.de\" \/>\n<meta property=\"article:modified_time\" content=\"2023-08-10T16:50:34+00:00\" \/>\n<meta property=\"og:image\" content=\"https:\/\/kgerad.de\/wp-content\/uploads\/2023\/06\/Shimano_SH-GR9L_ESHGR901MCL01S40000_800x800-0.jpg\" \/>\n\t<meta property=\"og:image:width\" content=\"778\" \/>\n\t<meta property=\"og:image:height\" content=\"800\" \/>\n\t<meta property=\"og:image:type\" content=\"image\/jpeg\" \/>\n<meta name=\"twitter:card\" content=\"summary_large_image\" \/>\n<meta name=\"twitter:label1\" content=\"Est. reading time\" \/>\n\t<meta name=\"twitter:data1\" content=\"1 minute\" \/>\n<script type=\"application\/ld+json\" class=\"yoast-schema-graph\">{\"@context\":\"https:\/\/schema.org\",\"@graph\":[{\"@type\":\"WebPage\",\"@id\":\"https:\/\/kgerad.de\/produkt\/shimano-sh-gr9l-mtb-gravity-schuhe\/\",\"url\":\"https:\/\/kgerad.de\/produkt\/shimano-sh-gr9l-mtb-gravity-schuhe\/\",\"name\":\"Shimano SH-GR9L - MTB Gravity Schuhe\",\"isPartOf\":{\"@id\":\"https:\/\/kgerad.de\/#website\"},\"primaryImageOfPage\":{\"@id\":\"https:\/\/kgerad.de\/produkt\/shimano-sh-gr9l-mtb-gravity-schuhe\/#primaryimage\"},\"image\":{\"@id\":\"https:\/\/kgerad.de\/produkt\/shimano-sh-gr9l-mtb-gravity-schuhe\/#primaryimage\"},\"thumbnailUrl\":\"https:\/\/kgerad.de\/wp-content\/uploads\/2023\/06\/Shimano_SH-GR9L_ESHGR901MCL01S40000_800x800-0.jpg\",\"datePublished\":\"2022-12-26T11:29:20+00:00\",\"dateModified\":\"2023-08-10T16:50:34+00:00\",\"description\":\"kgerad.de bietet Ihnen das Shimano SH-GR9L - MTB Gravity Schuhe zum besten Preis mit kostenlosem Versand in ganz Europa und sichere Zahlung\",\"breadcrumb\":{\"@id\":\"https:\/\/kgerad.de\/produkt\/shimano-sh-gr9l-mtb-gravity-schuhe\/#breadcrumb\"},\"inLanguage\":\"en-US\",\"potentialAction\":[{\"@type\":\"ReadAction\",\"target\":[\"https:\/\/kgerad.de\/produkt\/shimano-sh-gr9l-mtb-gravity-schuhe\/\"]}]},{\"@type\":\"ImageObject\",\"inLanguage\":\"en-US\",\"@id\":\"https:\/\/kgerad.de\/produkt\/shimano-sh-gr9l-mtb-gravity-schuhe\/#primaryimage\",\"url\":\"https:\/\/kgerad.de\/wp-content\/uploads\/2023\/06\/Shimano_SH-GR9L_ESHGR901MCL01S40000_800x800-0.jpg\",\"contentUrl\":\"https:\/\/kgerad.de\/wp-content\/uploads\/2023\/06\/Shimano_SH-GR9L_ESHGR901MCL01S40000_800x800-0.jpg\",\"width\":778,\"height\":800,\"caption\":\"Shimano SH-GR9L - MTB Gravity Schuhe\"},{\"@type\":\"BreadcrumbList\",\"@id\":\"https:\/\/kgerad.de\/produkt\/shimano-sh-gr9l-mtb-gravity-schuhe\/#breadcrumb\",\"itemListElement\":[{\"@type\":\"ListItem\",\"position\":1,\"name\":\"Startseite\",\"item\":\"https:\/\/kgerad.de\/\"},{\"@type\":\"ListItem\",\"position\":2,\"name\":\"LADEN\",\"item\":\"https:\/\/kgerad.de\/laden\/\"},{\"@type\":\"ListItem\",\"position\":3,\"name\":\"Shimano SH-GR9L &#8211; MTB Gravity Schuhe\"}]},{\"@type\":\"WebSite\",\"@id\":\"https:\/\/kgerad.de\/#website\",\"url\":\"https:\/\/kgerad.de\/\",\"name\":\"kgerad.de\",\"description\":\"Treten Sie mit uns ins Abenteuer!\",\"publisher\":{\"@id\":\"https:\/\/kgerad.de\/#organization\"},\"alternateName\":\"MEIN RADLADEN\",\"potentialAction\":[{\"@type\":\"SearchAction\",\"target\":{\"@type\":\"EntryPoint\",\"urlTemplate\":\"https:\/\/kgerad.de\/?s={search_term_string}\"},\"query-input\":{\"@type\":\"PropertyValueSpecification\",\"valueRequired\":true,\"valueName\":\"search_term_string\"}}],\"inLanguage\":\"en-US\"},{\"@type\":\"Organization\",\"@id\":\"https:\/\/kgerad.de\/#organization\",\"name\":\"MEINRADLADEN\",\"alternateName\":\"MEIN RADLADEN\",\"url\":\"https:\/\/kgerad.de\/\",\"logo\":{\"@type\":\"ImageObject\",\"inLanguage\":\"en-US\",\"@id\":\"https:\/\/kgerad.de\/#\/schema\/logo\/image\/\",\"url\":\"https:\/\/kgerad.de\/wp-content\/uploads\/2025\/07\/logo-Whit.svg\",\"contentUrl\":\"https:\/\/kgerad.de\/wp-content\/uploads\/2025\/07\/logo-Whit.svg\",\"width\":1640,\"height\":371,\"caption\":\"MEINRADLADEN\"},\"image\":{\"@id\":\"https:\/\/kgerad.de\/#\/schema\/logo\/image\/\"}}]}<\/script>\n<!-- \/ Yoast SEO Premium plugin. -->","yoast_head_json":{"title":"Shimano SH-GR9L - MTB Gravity Schuhe","description":"kgerad.de bietet Ihnen das Shimano SH-GR9L - MTB Gravity Schuhe zum besten Preis mit kostenlosem Versand in ganz Europa und sichere Zahlung","robots":{"index":"index","follow":"follow","max-snippet":"max-snippet:-1","max-image-preview":"max-image-preview:large","max-video-preview":"max-video-preview:-1"},"canonical":"https:\/\/kgerad.de\/en\/product\/shimano-sh-gr9l-mtb-gravity-schuhe\/","og_locale":"en_US","og_type":"article","og_title":"Shimano SH-GR9L - MTB Gravity Schuhe","og_description":"Entdecken Sie unseren Online-Fahrradladen: Gro\u00dfe Auswahl an Modellen f\u00fcr alle Radsportbegeisterten. Von Rennr\u00e4dern bis zu Mountainbikes - finden Sie heute Ihren perfekten Wegbegleiter!","og_url":"https:\/\/kgerad.de\/en\/product\/shimano-sh-gr9l-mtb-gravity-schuhe\/","og_site_name":"kgerad.de","article_modified_time":"2023-08-10T16:50:34+00:00","og_image":[{"width":778,"height":800,"url":"https:\/\/kgerad.de\/wp-content\/uploads\/2023\/06\/Shimano_SH-GR9L_ESHGR901MCL01S40000_800x800-0.jpg","type":"image\/jpeg"}],"twitter_card":"summary_large_image","twitter_misc":{"Est. reading time":"1 minute"},"schema":{"@context":"https:\/\/schema.org","@graph":[{"@type":"WebPage","@id":"https:\/\/kgerad.de\/produkt\/shimano-sh-gr9l-mtb-gravity-schuhe\/","url":"https:\/\/kgerad.de\/produkt\/shimano-sh-gr9l-mtb-gravity-schuhe\/","name":"Shimano SH-GR9L - MTB Gravity Schuhe","isPartOf":{"@id":"https:\/\/kgerad.de\/#website"},"primaryImageOfPage":{"@id":"https:\/\/kgerad.de\/produkt\/shimano-sh-gr9l-mtb-gravity-schuhe\/#primaryimage"},"image":{"@id":"https:\/\/kgerad.de\/produkt\/shimano-sh-gr9l-mtb-gravity-schuhe\/#primaryimage"},"thumbnailUrl":"https:\/\/kgerad.de\/wp-content\/uploads\/2023\/06\/Shimano_SH-GR9L_ESHGR901MCL01S40000_800x800-0.jpg","datePublished":"2022-12-26T11:29:20+00:00","dateModified":"2023-08-10T16:50:34+00:00","description":"kgerad.de bietet Ihnen das Shimano SH-GR9L - MTB Gravity Schuhe zum besten Preis mit kostenlosem Versand in ganz Europa und sichere Zahlung","breadcrumb":{"@id":"https:\/\/kgerad.de\/produkt\/shimano-sh-gr9l-mtb-gravity-schuhe\/#breadcrumb"},"inLanguage":"en-US","potentialAction":[{"@type":"ReadAction","target":["https:\/\/kgerad.de\/produkt\/shimano-sh-gr9l-mtb-gravity-schuhe\/"]}]},{"@type":"ImageObject","inLanguage":"en-US","@id":"https:\/\/kgerad.de\/produkt\/shimano-sh-gr9l-mtb-gravity-schuhe\/#primaryimage","url":"https:\/\/kgerad.de\/wp-content\/uploads\/2023\/06\/Shimano_SH-GR9L_ESHGR901MCL01S40000_800x800-0.jpg","contentUrl":"https:\/\/kgerad.de\/wp-content\/uploads\/2023\/06\/Shimano_SH-GR9L_ESHGR901MCL01S40000_800x800-0.jpg","width":778,"height":800,"caption":"Shimano SH-GR9L - MTB Gravity Schuhe"},{"@type":"BreadcrumbList","@id":"https:\/\/kgerad.de\/produkt\/shimano-sh-gr9l-mtb-gravity-schuhe\/#breadcrumb","itemListElement":[{"@type":"ListItem","position":1,"name":"Startseite","item":"https:\/\/kgerad.de\/"},{"@type":"ListItem","position":2,"name":"LADEN","item":"https:\/\/kgerad.de\/laden\/"},{"@type":"ListItem","position":3,"name":"Shimano SH-GR9L &#8211; MTB Gravity Schuhe"}]},{"@type":"WebSite","@id":"https:\/\/kgerad.de\/#website","url":"https:\/\/kgerad.de\/","name":"kgerad.de","description":"Treten Sie mit uns ins Abenteuer!","publisher":{"@id":"https:\/\/kgerad.de\/#organization"},"alternateName":"MEIN RADLADEN","potentialAction":[{"@type":"SearchAction","target":{"@type":"EntryPoint","urlTemplate":"https:\/\/kgerad.de\/?s={search_term_string}"},"query-input":{"@type":"PropertyValueSpecification","valueRequired":true,"valueName":"search_term_string"}}],"inLanguage":"en-US"},{"@type":"Organization","@id":"https:\/\/kgerad.de\/#organization","name":"MEINRADLADEN","alternateName":"MEIN RADLADEN","url":"https:\/\/kgerad.de\/","logo":{"@type":"ImageObject","inLanguage":"en-US","@id":"https:\/\/kgerad.de\/#\/schema\/logo\/image\/","url":"https:\/\/kgerad.de\/wp-content\/uploads\/2025\/07\/logo-Whit.svg","contentUrl":"https:\/\/kgerad.de\/wp-content\/uploads\/2025\/07\/logo-Whit.svg","width":1640,"height":371,"caption":"MEINRADLADEN"},"image":{"@id":"https:\/\/kgerad.de\/#\/schema\/logo\/image\/"}}]}},"_links":{"self":[{"href":"https:\/\/kgerad.de\/en\/wp-json\/wp\/v2\/product\/49627","targetHints":{"allow":["GET"]}}],"collection":[{"href":"https:\/\/kgerad.de\/en\/wp-json\/wp\/v2\/product"}],"about":[{"href":"https:\/\/kgerad.de\/en\/wp-json\/wp\/v2\/types\/product"}],"replies":[{"embeddable":true,"href":"https:\/\/kgerad.de\/en\/wp-json\/wp\/v2\/comments?post=49627"}],"version-history":[{"count":1,"href":"https:\/\/kgerad.de\/en\/wp-json\/wp\/v2\/product\/49627\/revisions"}],"predecessor-version":[{"id":78615,"href":"https:\/\/kgerad.de\/en\/wp-json\/wp\/v2\/product\/49627\/revisions\/78615"}],"wp:featuredmedia":[{"embeddable":true,"href":"https:\/\/kgerad.de\/en\/wp-json\/wp\/v2\/media\/65115"}],"wp:attachment":[{"href":"https:\/\/kgerad.de\/en\/wp-json\/wp\/v2\/media?parent=49627"}],"wp:term":[{"taxonomy":"product_brand","embeddable":true,"href":"https:\/\/kgerad.de\/en\/wp-json\/wp\/v2\/product_brand?post=49627"},{"taxonomy":"product_cat","embeddable":true,"href":"https:\/\/kgerad.de\/en\/wp-json\/wp\/v2\/product_cat?post=49627"},{"taxonomy":"product_tag","embeddable":true,"href":"https:\/\/kgerad.de\/en\/wp-json\/wp\/v2\/product_tag?post=49627"}],"curies":[{"name":"wp","href":"https:\/\/api.w.org\/{rel}","templated":true}]}}