{"id":49612,"date":"2022-12-26T12:06:26","date_gmt":"2022-12-26T11:06:26","guid":{"rendered":"https:\/\/kgerad.de\/?post_type=product&#038;p=49612"},"modified":"2023-08-10T18:50:07","modified_gmt":"2023-08-10T16:50:07","slug":"shimano-sh-ct5g-touring-schuhe","status":"publish","type":"product","link":"https:\/\/kgerad.de\/en\/product\/shimano-sh-ct5g-touring-schuhe\/","title":{"rendered":"Shimano SH-CT5G &#8211; Touring Schuhe"},"content":{"rendered":"<h2 class=\"product--title\"><strong>Shimano<\/strong>\u00a0SH-CT5G &#8211; Touring Schuhe<\/h2>\n<p>Diese Shimano SH-CT5G von haben ein entspanntes Design. Mit ihrer unsichtbar eingelassenen Versteifungsplatte helfen sie dir, Kraft auf die Pedale zu bringen. Die sto\u00dfd\u00e4mpfende Zwischensohle maximiert deinen Gehkomfort, w\u00e4hrend das Schnellschn\u00fcrsystem eine schnelle, sichere Einstellung erm\u00f6glicht.<\/p>\n<hr \/>\n<h3>Produktdetails &#8211; SH-CT5G<\/h3>\n<ul>\n<li>Entspanntes Sneaker-Design f\u00fcr Alltagsfahrten<\/li>\n<li>Unsichtbar eingelassene Versteifungsplatte bringt Kraft auf die Pedale<\/li>\n<li>Sto\u00dfd\u00e4mpfende EVA-Zwischensohle maximiert den Gehkomfort<\/li>\n<li>Einfaches Anbringen von Schuhplatten<\/li>\n<li>Optimiert f\u00fcr SPD- und SHIMANO Click\u2019R-Pedalsysteme<\/li>\n<li>Schnellschn\u00fcrsystem erm\u00f6glicht schnelle, sichere Einstellung<\/li>\n<li><strong>Gewicht:<\/strong>\u00a0ca. 342 g pro Schuh (Gr\u00f6\u00dfe 42)<\/li>\n<li><strong>Pedalempfehlung<\/strong>: PD-ED500, PD-T421<\/li>\n<\/ul>\n<hr \/>\n<p>Shimano empfiehlt dir folgende Kombination f\u00fcr das \u201ePerfect-Match\u201c:<\/p>\n<p><a title=\"Perfect-Match\" href=\"https:\/\/www.bike-discount.de\/index.php?vw_type=5&amp;vw_name=detail&amp;vw_id=249\" target=\"_blank\" rel=\"noopener\"><img fetchpriority=\"high\" decoding=\"async\" title=\"Perfect-Match\" src=\"https:\/\/cd.bike-discount.de\/media\/image\/62\/01\/43\/sh-ct500_26pd-ed500.jpg\" alt=\"\" width=\"728\" height=\"90\" data-src=\"media\/image\/sh-ct500_26pd-ed500.jpg\" \/><\/a><\/p>\n<hr \/>\n<h3>Technologie<\/h3>\n<p><strong>SPD<\/strong><br \/>\nDas SPD-Konzept bietet auch unter schwierigsten Bedingungen mehr Effizienz, Stabilit\u00e4t und Komfort. Und das nicht nur auf dem Rad: Die versenkten Schuhplatten erm\u00f6glichen bequemes Gehen.<\/p>","protected":false},"excerpt":{"rendered":"<p>Shimano\u00a0SH-CT5G &#8211; Touring Schuhe Diese Shimano SH-CT5G von haben ein entspanntes Design. Mit ihrer unsichtbar eingelassenen Versteifungsplatte helfen sie dir,<\/p>","protected":false},"featured_media":65110,"comment_status":"open","ping_status":"closed","template":"","meta":[],"product_brand":[],"product_cat":[573,676],"product_tag":[],"class_list":{"0":"post-49612","1":"product","2":"type-product","3":"status-publish","4":"has-post-thumbnail","6":"product_cat-zubehor","7":"product_cat-zugsysteme","8":"pa_marke-shimano","10":"first","11":"instock","12":"sale","13":"taxable","14":"shipping-taxable","15":"purchasable","16":"product-type-variable"},"yoast_head":"<!-- This site is optimized with the Yoast SEO Premium plugin v20.12 (Yoast SEO v27.1.1) - https:\/\/yoast.com\/product\/yoast-seo-premium-wordpress\/ -->\n<title>Shimano SH-CT5G - Touring Schuhe<\/title>\n<meta name=\"description\" content=\"kgerad.de bietet Ihnen das Shimano SH-CT5G - Touring Schuhe zum besten Preis mit kostenlosem Versand in ganz Europa und sichere Zahlung\" \/>\n<meta name=\"robots\" content=\"index, follow, max-snippet:-1, max-image-preview:large, max-video-preview:-1\" \/>\n<link rel=\"canonical\" href=\"https:\/\/kgerad.de\/en\/product\/shimano-sh-ct5g-touring-schuhe\/\" \/>\n<meta property=\"og:locale\" content=\"en_US\" \/>\n<meta property=\"og:type\" content=\"article\" \/>\n<meta property=\"og:title\" content=\"Shimano SH-CT5G - Touring Schuhe\" \/>\n<meta property=\"og:description\" content=\"Entdecken Sie unseren Online-Fahrradladen: Gro\u00dfe Auswahl an Modellen f\u00fcr alle Radsportbegeisterten. Von Rennr\u00e4dern bis zu Mountainbikes - finden Sie heute Ihren perfekten Wegbegleiter!\" \/>\n<meta property=\"og:url\" content=\"https:\/\/kgerad.de\/en\/product\/shimano-sh-ct5g-touring-schuhe\/\" \/>\n<meta property=\"og:site_name\" content=\"kgerad.de\" \/>\n<meta property=\"article:modified_time\" content=\"2023-08-10T16:50:07+00:00\" \/>\n<meta property=\"og:image\" content=\"https:\/\/kgerad.de\/wp-content\/uploads\/2023\/06\/Shimano_SH-CT5G_ESHCT500MGG01S40000_800x800-0.jpg\" \/>\n\t<meta property=\"og:image:width\" content=\"778\" \/>\n\t<meta property=\"og:image:height\" content=\"800\" \/>\n\t<meta property=\"og:image:type\" content=\"image\/jpeg\" \/>\n<meta name=\"twitter:card\" content=\"summary_large_image\" \/>\n<meta name=\"twitter:label1\" content=\"Est. reading time\" \/>\n\t<meta name=\"twitter:data1\" content=\"1 minute\" \/>\n<script type=\"application\/ld+json\" class=\"yoast-schema-graph\">{\"@context\":\"https:\/\/schema.org\",\"@graph\":[{\"@type\":\"WebPage\",\"@id\":\"https:\/\/kgerad.de\/produkt\/shimano-sh-ct5g-touring-schuhe\/\",\"url\":\"https:\/\/kgerad.de\/produkt\/shimano-sh-ct5g-touring-schuhe\/\",\"name\":\"Shimano SH-CT5G - Touring Schuhe\",\"isPartOf\":{\"@id\":\"https:\/\/kgerad.de\/#website\"},\"primaryImageOfPage\":{\"@id\":\"https:\/\/kgerad.de\/produkt\/shimano-sh-ct5g-touring-schuhe\/#primaryimage\"},\"image\":{\"@id\":\"https:\/\/kgerad.de\/produkt\/shimano-sh-ct5g-touring-schuhe\/#primaryimage\"},\"thumbnailUrl\":\"https:\/\/kgerad.de\/wp-content\/uploads\/2023\/06\/Shimano_SH-CT5G_ESHCT500MGG01S40000_800x800-0.jpg\",\"datePublished\":\"2022-12-26T11:06:26+00:00\",\"dateModified\":\"2023-08-10T16:50:07+00:00\",\"description\":\"kgerad.de bietet Ihnen das Shimano SH-CT5G - Touring Schuhe zum besten Preis mit kostenlosem Versand in ganz Europa und sichere Zahlung\",\"breadcrumb\":{\"@id\":\"https:\/\/kgerad.de\/produkt\/shimano-sh-ct5g-touring-schuhe\/#breadcrumb\"},\"inLanguage\":\"en-US\",\"potentialAction\":[{\"@type\":\"ReadAction\",\"target\":[\"https:\/\/kgerad.de\/produkt\/shimano-sh-ct5g-touring-schuhe\/\"]}]},{\"@type\":\"ImageObject\",\"inLanguage\":\"en-US\",\"@id\":\"https:\/\/kgerad.de\/produkt\/shimano-sh-ct5g-touring-schuhe\/#primaryimage\",\"url\":\"https:\/\/kgerad.de\/wp-content\/uploads\/2023\/06\/Shimano_SH-CT5G_ESHCT500MGG01S40000_800x800-0.jpg\",\"contentUrl\":\"https:\/\/kgerad.de\/wp-content\/uploads\/2023\/06\/Shimano_SH-CT5G_ESHCT500MGG01S40000_800x800-0.jpg\",\"width\":778,\"height\":800,\"caption\":\"Shimano SH-CT5G - Touring Schuhe\"},{\"@type\":\"BreadcrumbList\",\"@id\":\"https:\/\/kgerad.de\/produkt\/shimano-sh-ct5g-touring-schuhe\/#breadcrumb\",\"itemListElement\":[{\"@type\":\"ListItem\",\"position\":1,\"name\":\"Startseite\",\"item\":\"https:\/\/kgerad.de\/\"},{\"@type\":\"ListItem\",\"position\":2,\"name\":\"LADEN\",\"item\":\"https:\/\/kgerad.de\/laden\/\"},{\"@type\":\"ListItem\",\"position\":3,\"name\":\"Shimano SH-CT5G &#8211; Touring Schuhe\"}]},{\"@type\":\"WebSite\",\"@id\":\"https:\/\/kgerad.de\/#website\",\"url\":\"https:\/\/kgerad.de\/\",\"name\":\"kgerad.de\",\"description\":\"Treten Sie mit uns ins Abenteuer!\",\"publisher\":{\"@id\":\"https:\/\/kgerad.de\/#organization\"},\"alternateName\":\"MEIN RADLADEN\",\"potentialAction\":[{\"@type\":\"SearchAction\",\"target\":{\"@type\":\"EntryPoint\",\"urlTemplate\":\"https:\/\/kgerad.de\/?s={search_term_string}\"},\"query-input\":{\"@type\":\"PropertyValueSpecification\",\"valueRequired\":true,\"valueName\":\"search_term_string\"}}],\"inLanguage\":\"en-US\"},{\"@type\":\"Organization\",\"@id\":\"https:\/\/kgerad.de\/#organization\",\"name\":\"MEINRADLADEN\",\"alternateName\":\"MEIN RADLADEN\",\"url\":\"https:\/\/kgerad.de\/\",\"logo\":{\"@type\":\"ImageObject\",\"inLanguage\":\"en-US\",\"@id\":\"https:\/\/kgerad.de\/#\/schema\/logo\/image\/\",\"url\":\"https:\/\/kgerad.de\/wp-content\/uploads\/2025\/07\/logo-Whit.svg\",\"contentUrl\":\"https:\/\/kgerad.de\/wp-content\/uploads\/2025\/07\/logo-Whit.svg\",\"width\":1640,\"height\":371,\"caption\":\"MEINRADLADEN\"},\"image\":{\"@id\":\"https:\/\/kgerad.de\/#\/schema\/logo\/image\/\"}}]}<\/script>\n<!-- \/ Yoast SEO Premium plugin. -->","yoast_head_json":{"title":"Shimano SH-CT5G - Touring Schuhe","description":"kgerad.de bietet Ihnen das Shimano SH-CT5G - Touring Schuhe zum besten Preis mit kostenlosem Versand in ganz Europa und sichere Zahlung","robots":{"index":"index","follow":"follow","max-snippet":"max-snippet:-1","max-image-preview":"max-image-preview:large","max-video-preview":"max-video-preview:-1"},"canonical":"https:\/\/kgerad.de\/en\/product\/shimano-sh-ct5g-touring-schuhe\/","og_locale":"en_US","og_type":"article","og_title":"Shimano SH-CT5G - Touring Schuhe","og_description":"Entdecken Sie unseren Online-Fahrradladen: Gro\u00dfe Auswahl an Modellen f\u00fcr alle Radsportbegeisterten. Von Rennr\u00e4dern bis zu Mountainbikes - finden Sie heute Ihren perfekten Wegbegleiter!","og_url":"https:\/\/kgerad.de\/en\/product\/shimano-sh-ct5g-touring-schuhe\/","og_site_name":"kgerad.de","article_modified_time":"2023-08-10T16:50:07+00:00","og_image":[{"width":778,"height":800,"url":"https:\/\/kgerad.de\/wp-content\/uploads\/2023\/06\/Shimano_SH-CT5G_ESHCT500MGG01S40000_800x800-0.jpg","type":"image\/jpeg"}],"twitter_card":"summary_large_image","twitter_misc":{"Est. reading time":"1 minute"},"schema":{"@context":"https:\/\/schema.org","@graph":[{"@type":"WebPage","@id":"https:\/\/kgerad.de\/produkt\/shimano-sh-ct5g-touring-schuhe\/","url":"https:\/\/kgerad.de\/produkt\/shimano-sh-ct5g-touring-schuhe\/","name":"Shimano SH-CT5G - Touring Schuhe","isPartOf":{"@id":"https:\/\/kgerad.de\/#website"},"primaryImageOfPage":{"@id":"https:\/\/kgerad.de\/produkt\/shimano-sh-ct5g-touring-schuhe\/#primaryimage"},"image":{"@id":"https:\/\/kgerad.de\/produkt\/shimano-sh-ct5g-touring-schuhe\/#primaryimage"},"thumbnailUrl":"https:\/\/kgerad.de\/wp-content\/uploads\/2023\/06\/Shimano_SH-CT5G_ESHCT500MGG01S40000_800x800-0.jpg","datePublished":"2022-12-26T11:06:26+00:00","dateModified":"2023-08-10T16:50:07+00:00","description":"kgerad.de bietet Ihnen das Shimano SH-CT5G - Touring Schuhe zum besten Preis mit kostenlosem Versand in ganz Europa und sichere Zahlung","breadcrumb":{"@id":"https:\/\/kgerad.de\/produkt\/shimano-sh-ct5g-touring-schuhe\/#breadcrumb"},"inLanguage":"en-US","potentialAction":[{"@type":"ReadAction","target":["https:\/\/kgerad.de\/produkt\/shimano-sh-ct5g-touring-schuhe\/"]}]},{"@type":"ImageObject","inLanguage":"en-US","@id":"https:\/\/kgerad.de\/produkt\/shimano-sh-ct5g-touring-schuhe\/#primaryimage","url":"https:\/\/kgerad.de\/wp-content\/uploads\/2023\/06\/Shimano_SH-CT5G_ESHCT500MGG01S40000_800x800-0.jpg","contentUrl":"https:\/\/kgerad.de\/wp-content\/uploads\/2023\/06\/Shimano_SH-CT5G_ESHCT500MGG01S40000_800x800-0.jpg","width":778,"height":800,"caption":"Shimano SH-CT5G - Touring Schuhe"},{"@type":"BreadcrumbList","@id":"https:\/\/kgerad.de\/produkt\/shimano-sh-ct5g-touring-schuhe\/#breadcrumb","itemListElement":[{"@type":"ListItem","position":1,"name":"Startseite","item":"https:\/\/kgerad.de\/"},{"@type":"ListItem","position":2,"name":"LADEN","item":"https:\/\/kgerad.de\/laden\/"},{"@type":"ListItem","position":3,"name":"Shimano SH-CT5G &#8211; Touring Schuhe"}]},{"@type":"WebSite","@id":"https:\/\/kgerad.de\/#website","url":"https:\/\/kgerad.de\/","name":"kgerad.de","description":"Treten Sie mit uns ins Abenteuer!","publisher":{"@id":"https:\/\/kgerad.de\/#organization"},"alternateName":"MEIN RADLADEN","potentialAction":[{"@type":"SearchAction","target":{"@type":"EntryPoint","urlTemplate":"https:\/\/kgerad.de\/?s={search_term_string}"},"query-input":{"@type":"PropertyValueSpecification","valueRequired":true,"valueName":"search_term_string"}}],"inLanguage":"en-US"},{"@type":"Organization","@id":"https:\/\/kgerad.de\/#organization","name":"MEINRADLADEN","alternateName":"MEIN RADLADEN","url":"https:\/\/kgerad.de\/","logo":{"@type":"ImageObject","inLanguage":"en-US","@id":"https:\/\/kgerad.de\/#\/schema\/logo\/image\/","url":"https:\/\/kgerad.de\/wp-content\/uploads\/2025\/07\/logo-Whit.svg","contentUrl":"https:\/\/kgerad.de\/wp-content\/uploads\/2025\/07\/logo-Whit.svg","width":1640,"height":371,"caption":"MEINRADLADEN"},"image":{"@id":"https:\/\/kgerad.de\/#\/schema\/logo\/image\/"}}]}},"_links":{"self":[{"href":"https:\/\/kgerad.de\/en\/wp-json\/wp\/v2\/product\/49612","targetHints":{"allow":["GET"]}}],"collection":[{"href":"https:\/\/kgerad.de\/en\/wp-json\/wp\/v2\/product"}],"about":[{"href":"https:\/\/kgerad.de\/en\/wp-json\/wp\/v2\/types\/product"}],"replies":[{"embeddable":true,"href":"https:\/\/kgerad.de\/en\/wp-json\/wp\/v2\/comments?post=49612"}],"version-history":[{"count":1,"href":"https:\/\/kgerad.de\/en\/wp-json\/wp\/v2\/product\/49612\/revisions"}],"predecessor-version":[{"id":78614,"href":"https:\/\/kgerad.de\/en\/wp-json\/wp\/v2\/product\/49612\/revisions\/78614"}],"wp:featuredmedia":[{"embeddable":true,"href":"https:\/\/kgerad.de\/en\/wp-json\/wp\/v2\/media\/65110"}],"wp:attachment":[{"href":"https:\/\/kgerad.de\/en\/wp-json\/wp\/v2\/media?parent=49612"}],"wp:term":[{"taxonomy":"product_brand","embeddable":true,"href":"https:\/\/kgerad.de\/en\/wp-json\/wp\/v2\/product_brand?post=49612"},{"taxonomy":"product_cat","embeddable":true,"href":"https:\/\/kgerad.de\/en\/wp-json\/wp\/v2\/product_cat?post=49612"},{"taxonomy":"product_tag","embeddable":true,"href":"https:\/\/kgerad.de\/en\/wp-json\/wp\/v2\/product_tag?post=49612"}],"curies":[{"name":"wp","href":"https:\/\/api.w.org\/{rel}","templated":true}]}}