{"id":49559,"date":"2022-12-26T10:48:42","date_gmt":"2022-12-26T09:48:42","guid":{"rendered":"https:\/\/kgerad.de\/?post_type=product&#038;p=49559"},"modified":"2025-06-12T21:57:48","modified_gmt":"2025-06-12T19:57:48","slug":"45nrth-wolfgar-spd-mtb-winterstiefel","status":"publish","type":"product","link":"https:\/\/kgerad.de\/en\/product\/45nrth-wolfgar-spd-mtb-winterstiefel\/","title":{"rendered":"45NRTH Wolfgar SPD &#8211; MTB Winterstiefel"},"content":{"rendered":"<div class=\"product--headername\">\n<h2 class=\"product--title\"><strong>45NRTH<\/strong> Wolfgar SPD &#8211; MTB Winterstiefel<\/h2>\n<\/div>\n<p>Der 45NRTH Wolfgar SPD ist der optimale Begleiter auf einer Radtour unter extrem kalten Winterbedingungen. Er bietet eine hervorragende Isolierungsleistung und h\u00e4lt Temperaturen bis zu -31\u00b0C stand.<\/p>\n<h2>Extrem robuster MTB Winterstiefel f\u00fcr extreme K\u00e4lte: der Wolfgar SPD von 45NRTH<\/h2>\n<p>Wenn es ums Radfahren bei kalten Winterbedingungen geht, ist ein zuverl\u00e4ssiger und w\u00e4rmender Schuh besonders wichtig. Die Experten von 45NRTH sind in Minnesota ans\u00e4ssig, werden mit einem extremen Winterklima konfrontiert und k\u00f6nnen dadurch ihre Bed\u00fcrfnisse und Praxiserfahrungen in die Entwicklung ihrer Produkte einflie\u00dfen lassen.<\/p>\n<p>Zu diesen Produkten z\u00e4hlt der Wolfgar SPD, ein Winterstiefel f\u00fcr den MTB-Bereich, der f\u00fcr extreme Witterung gemacht wurde. Dieses hochgeschnittene Modell ist SPD-kompatibel und verf\u00fcgt \u00fcber einen isolierten Au\u00dfenschuh mit 400g Primaloft\u00ae und leichter PU-Beschichtung. Das Au\u00dfenmaterial besteht aus 1680 Denier Ballistic Nylon Cordura\u00ae und einer atmungsaktiven, wasserdichten Membran. Die angen\u00e4hte Schuhzunge bietet ebenfalls Schutz vor Wind und N\u00e4sse dank spezieller Abdichtung.<\/p>\n<p>Die SPD-kompatible Vibram\u00ae Gummi-Sohle wurde speziell f\u00fcr den Wolfgar entwickelt und wird durch eine Carbonfaser-Mittelsohle verst\u00e4rkt. Der ebenfalls aus Carbonfaser bestehende Fersenbereich tr\u00e4gt zur Robustheit bei. Eine Aerogel-Isolation im Zehen \u2013 und Sohlenbereich wirkt k\u00e4lteblockierend und spendet schon wenige Momente nach dem Anziehen angenehme W\u00e4rme und Komfort. Der Wolfgar verf\u00fcgt \u00fcber eine extra breite Schuhsohle, die mit einer 9 L\u00f6cher-Vorrichtung zur Montage von konkaven Spikes (nicht im Lieferumfang enthalten) ausgestattet ist.<\/p>\n<p>Mittels Doppel-Schnellschn\u00fcrsystem k\u00f6nnen Passform und Tragekomfort individuell angepasst werden. Dieses System erm\u00f6glicht zugleich auch eine optimale Regulierung des Blutflusses. Zur weiteren Ausstattung des Wolfgar z\u00e4hlen unter anderem eine gummierte Schuhkappe, Gamaschenhaken und Dupont Zytel\u00ae Nylon Schn\u00fcr\u00f6sen, die Temperaturen bis zu -28\u00b0C standhalten. Generell empfehlen die Experten von 45NRTH f\u00fcr den Wolfgar einen Temperatur-Einsatzbereich von -31\u00b0C bis -12\u00b0C.<\/p>\n<hr \/>\n<h3>Produktdetails &#8211; Wolfgar SPD<\/h3>\n<ul>\n<li>Hochgeschnittener, SPD-kompatibler Winterstiefel f\u00fcr extreme Witterung<\/li>\n<li>2-Schuh-System mit sch\u00fctzendem Au\u00dfenschuh und herausnehmbaren Innenschuh<\/li>\n<li>400g Primaloft isolierter Au\u00dfenschuh mit leichter PU-Beschichtung<\/li>\n<li>Au\u00dfenmaterial aus 1680 Denier Ballistic Nylon Cordura\u00ae und atmungsaktiver, wasserdichter Membrane<\/li>\n<li>Gummierte Schuhkappe<\/li>\n<li>Carbonfaser-Mittelsohle und Ferse<\/li>\n<li>Externer Klettverschluss am Kn\u00f6chel<\/li>\n<li>Gamaschenhaken<\/li>\n<li>Bis -28\u00b0C resistente Dupont Zytel\u00ae Nylon Schn\u00fcr\u00f6sen<\/li>\n<li>SPD-kompatible Vibram\u00ae Gummi-Sohle, exklusiv entwickelt f\u00fcr den W\u00f8lfgar<\/li>\n<li>Angen\u00e4hte Schuhzunge mit wasser- und windabweisender Abdichtung<\/li>\n<li>Aerogel-Isolation im Zehen- und Sohlenbereich<\/li>\n<li>Extra breite Schuhsohle mit 9 L\u00f6cher-Vorrichtung zur Montage der konkaven Spikes (nicht im Lieferumfang enthalten)<\/li>\n<li>Doppel-Schnellschn\u00fcrsystem zum Anpassen des Tragekomforts und zur Regulierung des Blutflusses<\/li>\n<li><strong>Temperaturbereich<\/strong>: -31\u00b0C bis -12\u00b0C<\/li>\n<\/ul>\n<hr \/>\n<h3>Technologie<\/h3>\n<p><strong>Aerogel Isolierung<\/strong><br \/>\nMit seinen Nano-gro\u00dfen Lufteinschl\u00fcssen, die K\u00e4lte und Hitze blockieren, ist das Aero-Gel eine ultrad\u00fcnne, druckfeste und wasserdichte Isolierung mit niedriger W\u00e4rmeleitf\u00e4higkeit. Die selbe Isolation verwendet auch die NASA, um die Astronauten und sensibles Equipment bei Missionen zu sch\u00fctzen. Das Aerogel ist stark, haltbar, flexibel und bis zu f\u00fcnfmal effektiver als herk\u00f6mmliche W\u00e4rmeisolierung.<\/p>\n<hr \/>\n<h3>Wolfgar Winter Cycling Boot<\/h3>\n<p><iframe title=\"YouTube video player\" src=\"https:\/\/www.youtube-nocookie.com\/embed\/ezwIEmeWA20\" width=\"640\" height=\"360\" frameborder=\"0\" allowfullscreen=\"allowfullscreen\" data-mce-fragment=\"1\"><\/iframe><\/p>","protected":false},"excerpt":{"rendered":"<p>45NRTH Wolfgar SPD &#8211; MTB Winterstiefel Der 45NRTH Wolfgar SPD ist der optimale Begleiter auf einer Radtour unter extrem kalten<\/p>","protected":false},"featured_media":65090,"comment_status":"open","ping_status":"closed","template":"","meta":[],"product_brand":[],"product_cat":[573,676],"product_tag":[],"class_list":{"0":"post-49559","1":"product","2":"type-product","3":"status-publish","4":"has-post-thumbnail","6":"product_cat-zubehor","7":"product_cat-zugsysteme","8":"pa_marke-45nrth","10":"first","11":"instock","12":"sale","13":"taxable","14":"shipping-taxable","15":"purchasable","16":"product-type-variable"},"yoast_head":"<!-- This site is optimized with the Yoast SEO Premium plugin v20.12 (Yoast SEO v27.1.1) - https:\/\/yoast.com\/product\/yoast-seo-premium-wordpress\/ -->\n<title>45NRTH Wolfgar SPD - MTB Winterstiefel<\/title>\n<meta name=\"description\" content=\"Entdecken Sie unseren Online-Fahrradladen: Gro\u00dfe Auswahl an Modellen f\u00fcr alle Radsportbegeisterten. Von Rennr\u00e4dern bis zu Mountainbikes - finden Sie heute Ihren perfekten Wegbegleiter!\" \/>\n<meta name=\"robots\" content=\"index, follow, max-snippet:-1, max-image-preview:large, max-video-preview:-1\" \/>\n<link rel=\"canonical\" href=\"https:\/\/kgerad.de\/en\/product\/45nrth-wolfgar-spd-mtb-winterstiefel\/\" \/>\n<meta property=\"og:locale\" content=\"en_US\" \/>\n<meta property=\"og:type\" content=\"article\" \/>\n<meta property=\"og:title\" content=\"45NRTH Wolfgar SPD - MTB Winterstiefel\" \/>\n<meta property=\"og:description\" content=\"Entdecken Sie unseren Online-Fahrradladen: Gro\u00dfe Auswahl an Modellen f\u00fcr alle Radsportbegeisterten. Von Rennr\u00e4dern bis zu Mountainbikes - finden Sie heute Ihren perfekten Wegbegleiter!\" \/>\n<meta property=\"og:url\" content=\"https:\/\/kgerad.de\/en\/product\/45nrth-wolfgar-spd-mtb-winterstiefel\/\" \/>\n<meta property=\"og:site_name\" content=\"kgerad.de\" \/>\n<meta property=\"article:modified_time\" content=\"2025-06-12T19:57:48+00:00\" \/>\n<meta property=\"og:image\" content=\"https:\/\/kgerad.de\/wp-content\/uploads\/2023\/06\/45NRTH-Wolfgar-SPD-MTB-Winterstiefel-SH0088-MAIN_800x800-0.jpg\" \/>\n\t<meta property=\"og:image:width\" content=\"526\" \/>\n\t<meta property=\"og:image:height\" content=\"800\" \/>\n\t<meta property=\"og:image:type\" content=\"image\/jpeg\" \/>\n<meta name=\"twitter:card\" content=\"summary_large_image\" \/>\n<meta name=\"twitter:label1\" content=\"Est. reading time\" \/>\n\t<meta name=\"twitter:data1\" content=\"3 minutes\" \/>\n<script type=\"application\/ld+json\" class=\"yoast-schema-graph\">{\"@context\":\"https:\/\/schema.org\",\"@graph\":[{\"@type\":\"WebPage\",\"@id\":\"https:\/\/kgerad.de\/produkt\/45nrth-wolfgar-spd-mtb-winterstiefel\/\",\"url\":\"https:\/\/kgerad.de\/produkt\/45nrth-wolfgar-spd-mtb-winterstiefel\/\",\"name\":\"45NRTH Wolfgar SPD - MTB Winterstiefel\",\"isPartOf\":{\"@id\":\"https:\/\/kgerad.de\/#website\"},\"primaryImageOfPage\":{\"@id\":\"https:\/\/kgerad.de\/produkt\/45nrth-wolfgar-spd-mtb-winterstiefel\/#primaryimage\"},\"image\":{\"@id\":\"https:\/\/kgerad.de\/produkt\/45nrth-wolfgar-spd-mtb-winterstiefel\/#primaryimage\"},\"thumbnailUrl\":\"https:\/\/kgerad.de\/wp-content\/uploads\/2023\/06\/45NRTH-Wolfgar-SPD-MTB-Winterstiefel-SH0088-MAIN_800x800-0.jpg\",\"datePublished\":\"2022-12-26T09:48:42+00:00\",\"dateModified\":\"2025-06-12T19:57:48+00:00\",\"description\":\"Entdecken Sie unseren Online-Fahrradladen: Gro\u00dfe Auswahl an Modellen f\u00fcr alle Radsportbegeisterten. Von Rennr\u00e4dern bis zu Mountainbikes - finden Sie heute Ihren perfekten Wegbegleiter!\",\"breadcrumb\":{\"@id\":\"https:\/\/kgerad.de\/produkt\/45nrth-wolfgar-spd-mtb-winterstiefel\/#breadcrumb\"},\"inLanguage\":\"en-US\",\"potentialAction\":[{\"@type\":\"ReadAction\",\"target\":[\"https:\/\/kgerad.de\/produkt\/45nrth-wolfgar-spd-mtb-winterstiefel\/\"]}]},{\"@type\":\"ImageObject\",\"inLanguage\":\"en-US\",\"@id\":\"https:\/\/kgerad.de\/produkt\/45nrth-wolfgar-spd-mtb-winterstiefel\/#primaryimage\",\"url\":\"https:\/\/kgerad.de\/wp-content\/uploads\/2023\/06\/45NRTH-Wolfgar-SPD-MTB-Winterstiefel-SH0088-MAIN_800x800-0.jpg\",\"contentUrl\":\"https:\/\/kgerad.de\/wp-content\/uploads\/2023\/06\/45NRTH-Wolfgar-SPD-MTB-Winterstiefel-SH0088-MAIN_800x800-0.jpg\",\"width\":526,\"height\":800,\"caption\":\"45NRTH Wolfgar SPD - MTB Winterstiefel\"},{\"@type\":\"BreadcrumbList\",\"@id\":\"https:\/\/kgerad.de\/produkt\/45nrth-wolfgar-spd-mtb-winterstiefel\/#breadcrumb\",\"itemListElement\":[{\"@type\":\"ListItem\",\"position\":1,\"name\":\"Startseite\",\"item\":\"https:\/\/kgerad.de\/\"},{\"@type\":\"ListItem\",\"position\":2,\"name\":\"LADEN\",\"item\":\"https:\/\/kgerad.de\/laden\/\"},{\"@type\":\"ListItem\",\"position\":3,\"name\":\"45NRTH Wolfgar SPD &#8211; MTB Winterstiefel\"}]},{\"@type\":\"WebSite\",\"@id\":\"https:\/\/kgerad.de\/#website\",\"url\":\"https:\/\/kgerad.de\/\",\"name\":\"kgerad.de\",\"description\":\"Treten Sie mit uns ins Abenteuer!\",\"publisher\":{\"@id\":\"https:\/\/kgerad.de\/#organization\"},\"alternateName\":\"MEIN RADLADEN\",\"potentialAction\":[{\"@type\":\"SearchAction\",\"target\":{\"@type\":\"EntryPoint\",\"urlTemplate\":\"https:\/\/kgerad.de\/?s={search_term_string}\"},\"query-input\":{\"@type\":\"PropertyValueSpecification\",\"valueRequired\":true,\"valueName\":\"search_term_string\"}}],\"inLanguage\":\"en-US\"},{\"@type\":\"Organization\",\"@id\":\"https:\/\/kgerad.de\/#organization\",\"name\":\"MEINRADLADEN\",\"alternateName\":\"MEIN RADLADEN\",\"url\":\"https:\/\/kgerad.de\/\",\"logo\":{\"@type\":\"ImageObject\",\"inLanguage\":\"en-US\",\"@id\":\"https:\/\/kgerad.de\/#\/schema\/logo\/image\/\",\"url\":\"https:\/\/kgerad.de\/wp-content\/uploads\/2025\/07\/logo-Whit.svg\",\"contentUrl\":\"https:\/\/kgerad.de\/wp-content\/uploads\/2025\/07\/logo-Whit.svg\",\"width\":1640,\"height\":371,\"caption\":\"MEINRADLADEN\"},\"image\":{\"@id\":\"https:\/\/kgerad.de\/#\/schema\/logo\/image\/\"}}]}<\/script>\n<!-- \/ Yoast SEO Premium plugin. -->","yoast_head_json":{"title":"45NRTH Wolfgar SPD - MTB Winterstiefel","description":"Entdecken Sie unseren Online-Fahrradladen: Gro\u00dfe Auswahl an Modellen f\u00fcr alle Radsportbegeisterten. Von Rennr\u00e4dern bis zu Mountainbikes - finden Sie heute Ihren perfekten Wegbegleiter!","robots":{"index":"index","follow":"follow","max-snippet":"max-snippet:-1","max-image-preview":"max-image-preview:large","max-video-preview":"max-video-preview:-1"},"canonical":"https:\/\/kgerad.de\/en\/product\/45nrth-wolfgar-spd-mtb-winterstiefel\/","og_locale":"en_US","og_type":"article","og_title":"45NRTH Wolfgar SPD - MTB Winterstiefel","og_description":"Entdecken Sie unseren Online-Fahrradladen: Gro\u00dfe Auswahl an Modellen f\u00fcr alle Radsportbegeisterten. Von Rennr\u00e4dern bis zu Mountainbikes - finden Sie heute Ihren perfekten Wegbegleiter!","og_url":"https:\/\/kgerad.de\/en\/product\/45nrth-wolfgar-spd-mtb-winterstiefel\/","og_site_name":"kgerad.de","article_modified_time":"2025-06-12T19:57:48+00:00","og_image":[{"width":526,"height":800,"url":"https:\/\/kgerad.de\/wp-content\/uploads\/2023\/06\/45NRTH-Wolfgar-SPD-MTB-Winterstiefel-SH0088-MAIN_800x800-0.jpg","type":"image\/jpeg"}],"twitter_card":"summary_large_image","twitter_misc":{"Est. reading time":"3 minutes"},"schema":{"@context":"https:\/\/schema.org","@graph":[{"@type":"WebPage","@id":"https:\/\/kgerad.de\/produkt\/45nrth-wolfgar-spd-mtb-winterstiefel\/","url":"https:\/\/kgerad.de\/produkt\/45nrth-wolfgar-spd-mtb-winterstiefel\/","name":"45NRTH Wolfgar SPD - MTB Winterstiefel","isPartOf":{"@id":"https:\/\/kgerad.de\/#website"},"primaryImageOfPage":{"@id":"https:\/\/kgerad.de\/produkt\/45nrth-wolfgar-spd-mtb-winterstiefel\/#primaryimage"},"image":{"@id":"https:\/\/kgerad.de\/produkt\/45nrth-wolfgar-spd-mtb-winterstiefel\/#primaryimage"},"thumbnailUrl":"https:\/\/kgerad.de\/wp-content\/uploads\/2023\/06\/45NRTH-Wolfgar-SPD-MTB-Winterstiefel-SH0088-MAIN_800x800-0.jpg","datePublished":"2022-12-26T09:48:42+00:00","dateModified":"2025-06-12T19:57:48+00:00","description":"Entdecken Sie unseren Online-Fahrradladen: Gro\u00dfe Auswahl an Modellen f\u00fcr alle Radsportbegeisterten. Von Rennr\u00e4dern bis zu Mountainbikes - finden Sie heute Ihren perfekten Wegbegleiter!","breadcrumb":{"@id":"https:\/\/kgerad.de\/produkt\/45nrth-wolfgar-spd-mtb-winterstiefel\/#breadcrumb"},"inLanguage":"en-US","potentialAction":[{"@type":"ReadAction","target":["https:\/\/kgerad.de\/produkt\/45nrth-wolfgar-spd-mtb-winterstiefel\/"]}]},{"@type":"ImageObject","inLanguage":"en-US","@id":"https:\/\/kgerad.de\/produkt\/45nrth-wolfgar-spd-mtb-winterstiefel\/#primaryimage","url":"https:\/\/kgerad.de\/wp-content\/uploads\/2023\/06\/45NRTH-Wolfgar-SPD-MTB-Winterstiefel-SH0088-MAIN_800x800-0.jpg","contentUrl":"https:\/\/kgerad.de\/wp-content\/uploads\/2023\/06\/45NRTH-Wolfgar-SPD-MTB-Winterstiefel-SH0088-MAIN_800x800-0.jpg","width":526,"height":800,"caption":"45NRTH Wolfgar SPD - MTB Winterstiefel"},{"@type":"BreadcrumbList","@id":"https:\/\/kgerad.de\/produkt\/45nrth-wolfgar-spd-mtb-winterstiefel\/#breadcrumb","itemListElement":[{"@type":"ListItem","position":1,"name":"Startseite","item":"https:\/\/kgerad.de\/"},{"@type":"ListItem","position":2,"name":"LADEN","item":"https:\/\/kgerad.de\/laden\/"},{"@type":"ListItem","position":3,"name":"45NRTH Wolfgar SPD &#8211; MTB Winterstiefel"}]},{"@type":"WebSite","@id":"https:\/\/kgerad.de\/#website","url":"https:\/\/kgerad.de\/","name":"kgerad.de","description":"Treten Sie mit uns ins Abenteuer!","publisher":{"@id":"https:\/\/kgerad.de\/#organization"},"alternateName":"MEIN RADLADEN","potentialAction":[{"@type":"SearchAction","target":{"@type":"EntryPoint","urlTemplate":"https:\/\/kgerad.de\/?s={search_term_string}"},"query-input":{"@type":"PropertyValueSpecification","valueRequired":true,"valueName":"search_term_string"}}],"inLanguage":"en-US"},{"@type":"Organization","@id":"https:\/\/kgerad.de\/#organization","name":"MEINRADLADEN","alternateName":"MEIN RADLADEN","url":"https:\/\/kgerad.de\/","logo":{"@type":"ImageObject","inLanguage":"en-US","@id":"https:\/\/kgerad.de\/#\/schema\/logo\/image\/","url":"https:\/\/kgerad.de\/wp-content\/uploads\/2025\/07\/logo-Whit.svg","contentUrl":"https:\/\/kgerad.de\/wp-content\/uploads\/2025\/07\/logo-Whit.svg","width":1640,"height":371,"caption":"MEINRADLADEN"},"image":{"@id":"https:\/\/kgerad.de\/#\/schema\/logo\/image\/"}}]}},"_links":{"self":[{"href":"https:\/\/kgerad.de\/en\/wp-json\/wp\/v2\/product\/49559","targetHints":{"allow":["GET"]}}],"collection":[{"href":"https:\/\/kgerad.de\/en\/wp-json\/wp\/v2\/product"}],"about":[{"href":"https:\/\/kgerad.de\/en\/wp-json\/wp\/v2\/types\/product"}],"replies":[{"embeddable":true,"href":"https:\/\/kgerad.de\/en\/wp-json\/wp\/v2\/comments?post=49559"}],"version-history":[{"count":1,"href":"https:\/\/kgerad.de\/en\/wp-json\/wp\/v2\/product\/49559\/revisions"}],"predecessor-version":[{"id":78619,"href":"https:\/\/kgerad.de\/en\/wp-json\/wp\/v2\/product\/49559\/revisions\/78619"}],"wp:featuredmedia":[{"embeddable":true,"href":"https:\/\/kgerad.de\/en\/wp-json\/wp\/v2\/media\/65090"}],"wp:attachment":[{"href":"https:\/\/kgerad.de\/en\/wp-json\/wp\/v2\/media?parent=49559"}],"wp:term":[{"taxonomy":"product_brand","embeddable":true,"href":"https:\/\/kgerad.de\/en\/wp-json\/wp\/v2\/product_brand?post=49559"},{"taxonomy":"product_cat","embeddable":true,"href":"https:\/\/kgerad.de\/en\/wp-json\/wp\/v2\/product_cat?post=49559"},{"taxonomy":"product_tag","embeddable":true,"href":"https:\/\/kgerad.de\/en\/wp-json\/wp\/v2\/product_tag?post=49559"}],"curies":[{"name":"wp","href":"https:\/\/api.w.org\/{rel}","templated":true}]}}