{"id":49450,"date":"2022-12-23T18:21:58","date_gmt":"2022-12-23T17:21:58","guid":{"rendered":"https:\/\/kgerad.de\/?post_type=product&#038;p=49450"},"modified":"2023-08-10T18:54:23","modified_gmt":"2023-08-10T16:54:23","slug":"vaude-am-moab-mid-winter-stx-mtb-schuhe","status":"publish","type":"product","link":"https:\/\/kgerad.de\/en\/product\/vaude-am-moab-mid-winter-stx-mtb-schuhe\/","title":{"rendered":"Vaude AM Moab Mid Winter STX &#8211; MTB Schuhe"},"content":{"rendered":"<h2 class=\"product--title\"><strong>Vaude<\/strong>\u00a0AM Moab Mid Winter STX &#8211; MTB Schuhe<\/h2>\n<p>Der Vaude AM Moab bietet alles, was ein warmer <a href=\"http:\/\/1-1\">Flat<\/a> Pedal Schuh haben muss. Performance, extra Grip und Schutz. Der wasserdichte, halbhoch geschnittene Flat-Pedal Schuh aus hochwertigem und robustem Leder von Terracare ist mit seiner Membran-Sockenkonstruktion des Schaftes absolut wasserdicht und atmungsaktiv.<\/p>\n<h2>Kn\u00f6chelhoher Flatpedal-Fahrradschuh zum Mountainbiken: der AM Moab Mid Winter STX von Vaude<\/h2>\n<p>Zus\u00e4tzlich h\u00e4lt die umweltfreundliche, hoch funktionelle Primaloft\u00ae Eco Gold Isolierung den Fu\u00df auch an eisigen Tagen warm und trocken. Der halbhohe Schaft sorgt in Kombination aus konventioneller Schn\u00fcrung mit einem Klettverschluss f\u00fcr perfekten Halt.<\/p>\n<p>Abgerundet wird der stabile Sitz durch die anatomisch vorgeformte Ortholite\u00ae Einlegesohle, die dank des h\u00e4rteren PU Schaums im Pedalbereich f\u00fcr eine optimale Kraft\u00fcbertragung sorgt. Verst\u00e4rkte Zehen- und Fersenkappen bieten weiteren Schutz vor Schl\u00e4gen und Steinen. F\u00fcr zus\u00e4tzlichen Komfort und Schutz sorgt die EVA Mittelsohle, die im Fersenbereich mit einem D\u00e4mpfungselement eingearbeitet hat.<\/p>\n<p>Die AM Flat Sohle sorgt mit dem abgestuften Hexagon-Profil im Pedal-Bereich in Kombination mit der weichen SUPtraction\u00ae Flat Gummimischung f\u00fcr perfekten Grip auf dem Pedal und viel Fahrspa\u00df. Im Zehen- und Fersenbereich hat die Sohle eine tiefere Profilierung, die in Trage- und Schiebepassagen den n\u00f6tigen Halt bietet. Das zertifizierte Leder von Terracare\u00ae stammt aus deutscher Produktion und wurde besonders umweltschonend hergestellt.<\/p>\n<hr \/>\n<h3>Produktdetails &#8211; AM Moab Mid Winter STX<\/h3>\n<ul>\n<li>Wasserdicht, winddicht, atmungsaktiv und warm<\/li>\n<li>Hoher Tragekomfort<\/li>\n<li>Umweltfreundlich hergestellt<\/li>\n<li>Robustes, hydrophobes Canvas<\/li>\n<li>100% recycled Sympatex\u00ae Membran<\/li>\n<li>Primaloft\u00ae Footwear Warmfutter aus mindestens 90% recycelten Materialien<\/li>\n<li>Futter aus 100% recyceltem Polyester<\/li>\n<li>Herausnehmbare, anatomisch geformte Einlegesohle<\/li>\n<li>V-Flow Stabilit\u00e4tsindex 3, flexibel<\/li>\n<li>VAUDE AM Flat Sohle<\/li>\n<li>SUPtraction Flat Gummimischung<\/li>\n<li>Leichte und optimal d\u00e4mpfende EVA Mittelsohle<\/li>\n<li>D\u00e4mpfendes Fersenelement<\/li>\n<li>Profil speziell f\u00fcr den Flat Pedal Einsatz entwickelt<\/li>\n<li>Verschluss-System mit Boa\u00ae L6 und Klettverschluss f\u00fcr anatomische Passform<\/li>\n<\/ul>\n<hr \/>\n<h3>Technologien<\/h3>\n<p><b>V-Flow Stabilit\u00e4tsindex 3<\/b><br \/>\nDer V-Flow-Wert zeigt dir die Festigkeit des Schaftes in Kombination mit der Mittel- und der Au\u00dfensohle an. V-Flow 3 sind Enduro Radschuhe f\u00fcr anspruchsvolle und technische Singletrails in verblocktem Gel\u00e4nde und f\u00fcr jede Menge Tragepassagen. Neben Schutz und Komfort bieten Dir die Schuhe perfekten Halt auf \u201eFlat Pedals\u201c und gute Steigeigenschaften.<\/p>\n<p><b>SUPTraction Au\u00dfensohle<\/b><br \/>\nSUPtraction ist eine Schweizer Firma, die technische Sohlen und Gummimischungen entwickelt. Die Sohlen werden vom Konzept bis zum finalen Produkt auf Vaudes Kundenbed\u00fcrfnisse ma\u00dfgeschneidert, um das bestm\u00f6gliche Ergebnis zu erreichen.<\/p>\n<hr \/>\n<h3>\u00d6koinfo<\/h3>\n<p><strong>ECO FINISH<\/strong><br \/>\nVAUDE Produkte mit Eco Finish sind umweltfreundlich wasserabweisend ohne Fluorcarbone (PFC) hergestellt. PFC geh\u00f6ren zu einer Gruppe von chemischen Verbindungen, die bei vielen Outdoor-Produkten zur Impr\u00e4gnierung des Oberstoffes eingesetzt werden. Sie sind in die Kritik geraten, da sie als nicht abbaubar gelten, sich im K\u00f6rper anreichern und im Verdacht stehen, gesundheitssch\u00e4dlich zu sein. VAUDE hat eine klare Selbstverpflichtung, vollst\u00e4ndig auf PFC zu verzichten.<\/p>\n<p><strong>Fair Wear Foundation<\/strong><br \/>\nGute Arbeitsbedingungen und faire L\u00f6hne f\u00fcr alle. Mitglieder der Fair Wear Foundation (FWF) und verpflichten sich, die Arbeitsbedingungen in allen Produktionsst\u00e4tten kontinuierlich zu verbessern. Diese werden regelm\u00e4\u00dfig kontrolliert. VAUDE hat mit dem Leader Status den h\u00f6chsten Status als FWF-Mitglied erreicht.<\/p>\n<p><strong>myclimate<\/strong><br \/>\nDieses Produkt ist klimaneutral: Die Emissionen aus Materialien, Herstellungsprozess und Versand wurden systematisch reduziert und vollst\u00e4ndig kompensiert.<\/p>\n<p><strong>GREEN SHAPE<\/strong><br \/>\nGreen Shape ist Deine VAUDE Garantie f\u00fcr umweltfreundliche Produkte &#8211; aus nachhaltigen Materialien, ressourcenschonender Herstellung und fairer Produktion.<\/p>\n<p><iframe src=\"https:\/\/www.youtube-nocookie.com\/embed\/mXJZsmTEbP4?rel=0&amp;showinfo=0\" width=\"640\" height=\"360\" frameborder=\"0\" allowfullscreen=\"allowfullscreen\" data-mce-fragment=\"1\"><\/iframe><\/p>","protected":false},"excerpt":{"rendered":"<p>Vaude\u00a0AM Moab Mid Winter STX &#8211; MTB Schuhe Der Vaude AM Moab bietet alles, was ein warmer Flat Pedal Schuh<\/p>","protected":false},"featured_media":65053,"comment_status":"open","ping_status":"closed","template":"","meta":[],"product_brand":[],"product_cat":[573,676],"product_tag":[],"class_list":{"0":"post-49450","1":"product","2":"type-product","3":"status-publish","4":"has-post-thumbnail","6":"product_cat-zubehor","7":"product_cat-zugsysteme","8":"pa_marke-vaude","10":"first","11":"instock","12":"sale","13":"taxable","14":"shipping-taxable","15":"purchasable","16":"product-type-variable"},"yoast_head":"<!-- This site is optimized with the Yoast SEO Premium plugin v20.12 (Yoast SEO v27.1.1) - https:\/\/yoast.com\/product\/yoast-seo-premium-wordpress\/ -->\n<title>Vaude AM Moab Mid Winter STX - MTB Schuhe<\/title>\n<meta name=\"description\" content=\"Entdecken Sie unseren Online-Fahrradladen: Gro\u00dfe Auswahl an Modellen f\u00fcr alle Radsportbegeisterten. Von Rennr\u00e4dern bis zu Mountainbikes - finden Sie heute Ihren perfekten Wegbegleiter!\" \/>\n<meta name=\"robots\" content=\"index, follow, max-snippet:-1, max-image-preview:large, max-video-preview:-1\" \/>\n<link rel=\"canonical\" href=\"https:\/\/kgerad.de\/en\/product\/vaude-am-moab-mid-winter-stx-mtb-schuhe\/\" \/>\n<meta property=\"og:locale\" content=\"en_US\" \/>\n<meta property=\"og:type\" content=\"article\" \/>\n<meta property=\"og:title\" content=\"Vaude AM Moab Mid Winter STX - MTB Schuhe\" \/>\n<meta property=\"og:description\" content=\"Entdecken Sie unseren Online-Fahrradladen: Gro\u00dfe Auswahl an Modellen f\u00fcr alle Radsportbegeisterten. Von Rennr\u00e4dern bis zu Mountainbikes - finden Sie heute Ihren perfekten Wegbegleiter!\" \/>\n<meta property=\"og:url\" content=\"https:\/\/kgerad.de\/en\/product\/vaude-am-moab-mid-winter-stx-mtb-schuhe\/\" \/>\n<meta property=\"og:site_name\" content=\"kgerad.de\" \/>\n<meta property=\"article:modified_time\" content=\"2023-08-10T16:54:23+00:00\" \/>\n<meta property=\"og:image\" content=\"https:\/\/kgerad.de\/wp-content\/uploads\/2023\/06\/Vaude_MoabMidWinter_20546_010_1_800x800-0.jpg\" \/>\n\t<meta property=\"og:image:width\" content=\"767\" \/>\n\t<meta property=\"og:image:height\" content=\"800\" \/>\n\t<meta property=\"og:image:type\" content=\"image\/jpeg\" \/>\n<meta name=\"twitter:card\" content=\"summary_large_image\" \/>\n<meta name=\"twitter:label1\" content=\"Est. reading time\" \/>\n\t<meta name=\"twitter:data1\" content=\"3 minutes\" \/>\n<script type=\"application\/ld+json\" class=\"yoast-schema-graph\">{\"@context\":\"https:\/\/schema.org\",\"@graph\":[{\"@type\":\"WebPage\",\"@id\":\"https:\/\/kgerad.de\/produkt\/vaude-am-moab-mid-winter-stx-mtb-schuhe\/\",\"url\":\"https:\/\/kgerad.de\/produkt\/vaude-am-moab-mid-winter-stx-mtb-schuhe\/\",\"name\":\"Vaude AM Moab Mid Winter STX - MTB Schuhe\",\"isPartOf\":{\"@id\":\"https:\/\/kgerad.de\/#website\"},\"primaryImageOfPage\":{\"@id\":\"https:\/\/kgerad.de\/produkt\/vaude-am-moab-mid-winter-stx-mtb-schuhe\/#primaryimage\"},\"image\":{\"@id\":\"https:\/\/kgerad.de\/produkt\/vaude-am-moab-mid-winter-stx-mtb-schuhe\/#primaryimage\"},\"thumbnailUrl\":\"https:\/\/kgerad.de\/wp-content\/uploads\/2023\/06\/Vaude_MoabMidWinter_20546_010_1_800x800-0.jpg\",\"datePublished\":\"2022-12-23T17:21:58+00:00\",\"dateModified\":\"2023-08-10T16:54:23+00:00\",\"description\":\"Entdecken Sie unseren Online-Fahrradladen: Gro\u00dfe Auswahl an Modellen f\u00fcr alle Radsportbegeisterten. Von Rennr\u00e4dern bis zu Mountainbikes - finden Sie heute Ihren perfekten Wegbegleiter!\",\"breadcrumb\":{\"@id\":\"https:\/\/kgerad.de\/produkt\/vaude-am-moab-mid-winter-stx-mtb-schuhe\/#breadcrumb\"},\"inLanguage\":\"en-US\",\"potentialAction\":[{\"@type\":\"ReadAction\",\"target\":[\"https:\/\/kgerad.de\/produkt\/vaude-am-moab-mid-winter-stx-mtb-schuhe\/\"]}]},{\"@type\":\"ImageObject\",\"inLanguage\":\"en-US\",\"@id\":\"https:\/\/kgerad.de\/produkt\/vaude-am-moab-mid-winter-stx-mtb-schuhe\/#primaryimage\",\"url\":\"https:\/\/kgerad.de\/wp-content\/uploads\/2023\/06\/Vaude_MoabMidWinter_20546_010_1_800x800-0.jpg\",\"contentUrl\":\"https:\/\/kgerad.de\/wp-content\/uploads\/2023\/06\/Vaude_MoabMidWinter_20546_010_1_800x800-0.jpg\",\"width\":767,\"height\":800,\"caption\":\"Vaude AM Moab Mid Winter STX - MTB Schuhe\"},{\"@type\":\"BreadcrumbList\",\"@id\":\"https:\/\/kgerad.de\/produkt\/vaude-am-moab-mid-winter-stx-mtb-schuhe\/#breadcrumb\",\"itemListElement\":[{\"@type\":\"ListItem\",\"position\":1,\"name\":\"Startseite\",\"item\":\"https:\/\/kgerad.de\/\"},{\"@type\":\"ListItem\",\"position\":2,\"name\":\"LADEN\",\"item\":\"https:\/\/kgerad.de\/laden\/\"},{\"@type\":\"ListItem\",\"position\":3,\"name\":\"Vaude AM Moab Mid Winter STX &#8211; MTB Schuhe\"}]},{\"@type\":\"WebSite\",\"@id\":\"https:\/\/kgerad.de\/#website\",\"url\":\"https:\/\/kgerad.de\/\",\"name\":\"kgerad.de\",\"description\":\"Treten Sie mit uns ins Abenteuer!\",\"publisher\":{\"@id\":\"https:\/\/kgerad.de\/#organization\"},\"alternateName\":\"MEIN RADLADEN\",\"potentialAction\":[{\"@type\":\"SearchAction\",\"target\":{\"@type\":\"EntryPoint\",\"urlTemplate\":\"https:\/\/kgerad.de\/?s={search_term_string}\"},\"query-input\":{\"@type\":\"PropertyValueSpecification\",\"valueRequired\":true,\"valueName\":\"search_term_string\"}}],\"inLanguage\":\"en-US\"},{\"@type\":\"Organization\",\"@id\":\"https:\/\/kgerad.de\/#organization\",\"name\":\"MEINRADLADEN\",\"alternateName\":\"MEIN RADLADEN\",\"url\":\"https:\/\/kgerad.de\/\",\"logo\":{\"@type\":\"ImageObject\",\"inLanguage\":\"en-US\",\"@id\":\"https:\/\/kgerad.de\/#\/schema\/logo\/image\/\",\"url\":\"https:\/\/kgerad.de\/wp-content\/uploads\/2025\/07\/logo-Whit.svg\",\"contentUrl\":\"https:\/\/kgerad.de\/wp-content\/uploads\/2025\/07\/logo-Whit.svg\",\"width\":1640,\"height\":371,\"caption\":\"MEINRADLADEN\"},\"image\":{\"@id\":\"https:\/\/kgerad.de\/#\/schema\/logo\/image\/\"}}]}<\/script>\n<!-- \/ Yoast SEO Premium plugin. -->","yoast_head_json":{"title":"Vaude AM Moab Mid Winter STX - MTB Schuhe","description":"Entdecken Sie unseren Online-Fahrradladen: Gro\u00dfe Auswahl an Modellen f\u00fcr alle Radsportbegeisterten. Von Rennr\u00e4dern bis zu Mountainbikes - finden Sie heute Ihren perfekten Wegbegleiter!","robots":{"index":"index","follow":"follow","max-snippet":"max-snippet:-1","max-image-preview":"max-image-preview:large","max-video-preview":"max-video-preview:-1"},"canonical":"https:\/\/kgerad.de\/en\/product\/vaude-am-moab-mid-winter-stx-mtb-schuhe\/","og_locale":"en_US","og_type":"article","og_title":"Vaude AM Moab Mid Winter STX - MTB Schuhe","og_description":"Entdecken Sie unseren Online-Fahrradladen: Gro\u00dfe Auswahl an Modellen f\u00fcr alle Radsportbegeisterten. Von Rennr\u00e4dern bis zu Mountainbikes - finden Sie heute Ihren perfekten Wegbegleiter!","og_url":"https:\/\/kgerad.de\/en\/product\/vaude-am-moab-mid-winter-stx-mtb-schuhe\/","og_site_name":"kgerad.de","article_modified_time":"2023-08-10T16:54:23+00:00","og_image":[{"width":767,"height":800,"url":"https:\/\/kgerad.de\/wp-content\/uploads\/2023\/06\/Vaude_MoabMidWinter_20546_010_1_800x800-0.jpg","type":"image\/jpeg"}],"twitter_card":"summary_large_image","twitter_misc":{"Est. reading time":"3 minutes"},"schema":{"@context":"https:\/\/schema.org","@graph":[{"@type":"WebPage","@id":"https:\/\/kgerad.de\/produkt\/vaude-am-moab-mid-winter-stx-mtb-schuhe\/","url":"https:\/\/kgerad.de\/produkt\/vaude-am-moab-mid-winter-stx-mtb-schuhe\/","name":"Vaude AM Moab Mid Winter STX - MTB Schuhe","isPartOf":{"@id":"https:\/\/kgerad.de\/#website"},"primaryImageOfPage":{"@id":"https:\/\/kgerad.de\/produkt\/vaude-am-moab-mid-winter-stx-mtb-schuhe\/#primaryimage"},"image":{"@id":"https:\/\/kgerad.de\/produkt\/vaude-am-moab-mid-winter-stx-mtb-schuhe\/#primaryimage"},"thumbnailUrl":"https:\/\/kgerad.de\/wp-content\/uploads\/2023\/06\/Vaude_MoabMidWinter_20546_010_1_800x800-0.jpg","datePublished":"2022-12-23T17:21:58+00:00","dateModified":"2023-08-10T16:54:23+00:00","description":"Entdecken Sie unseren Online-Fahrradladen: Gro\u00dfe Auswahl an Modellen f\u00fcr alle Radsportbegeisterten. Von Rennr\u00e4dern bis zu Mountainbikes - finden Sie heute Ihren perfekten Wegbegleiter!","breadcrumb":{"@id":"https:\/\/kgerad.de\/produkt\/vaude-am-moab-mid-winter-stx-mtb-schuhe\/#breadcrumb"},"inLanguage":"en-US","potentialAction":[{"@type":"ReadAction","target":["https:\/\/kgerad.de\/produkt\/vaude-am-moab-mid-winter-stx-mtb-schuhe\/"]}]},{"@type":"ImageObject","inLanguage":"en-US","@id":"https:\/\/kgerad.de\/produkt\/vaude-am-moab-mid-winter-stx-mtb-schuhe\/#primaryimage","url":"https:\/\/kgerad.de\/wp-content\/uploads\/2023\/06\/Vaude_MoabMidWinter_20546_010_1_800x800-0.jpg","contentUrl":"https:\/\/kgerad.de\/wp-content\/uploads\/2023\/06\/Vaude_MoabMidWinter_20546_010_1_800x800-0.jpg","width":767,"height":800,"caption":"Vaude AM Moab Mid Winter STX - MTB Schuhe"},{"@type":"BreadcrumbList","@id":"https:\/\/kgerad.de\/produkt\/vaude-am-moab-mid-winter-stx-mtb-schuhe\/#breadcrumb","itemListElement":[{"@type":"ListItem","position":1,"name":"Startseite","item":"https:\/\/kgerad.de\/"},{"@type":"ListItem","position":2,"name":"LADEN","item":"https:\/\/kgerad.de\/laden\/"},{"@type":"ListItem","position":3,"name":"Vaude AM Moab Mid Winter STX &#8211; MTB Schuhe"}]},{"@type":"WebSite","@id":"https:\/\/kgerad.de\/#website","url":"https:\/\/kgerad.de\/","name":"kgerad.de","description":"Treten Sie mit uns ins Abenteuer!","publisher":{"@id":"https:\/\/kgerad.de\/#organization"},"alternateName":"MEIN RADLADEN","potentialAction":[{"@type":"SearchAction","target":{"@type":"EntryPoint","urlTemplate":"https:\/\/kgerad.de\/?s={search_term_string}"},"query-input":{"@type":"PropertyValueSpecification","valueRequired":true,"valueName":"search_term_string"}}],"inLanguage":"en-US"},{"@type":"Organization","@id":"https:\/\/kgerad.de\/#organization","name":"MEINRADLADEN","alternateName":"MEIN RADLADEN","url":"https:\/\/kgerad.de\/","logo":{"@type":"ImageObject","inLanguage":"en-US","@id":"https:\/\/kgerad.de\/#\/schema\/logo\/image\/","url":"https:\/\/kgerad.de\/wp-content\/uploads\/2025\/07\/logo-Whit.svg","contentUrl":"https:\/\/kgerad.de\/wp-content\/uploads\/2025\/07\/logo-Whit.svg","width":1640,"height":371,"caption":"MEINRADLADEN"},"image":{"@id":"https:\/\/kgerad.de\/#\/schema\/logo\/image\/"}}]}},"_links":{"self":[{"href":"https:\/\/kgerad.de\/en\/wp-json\/wp\/v2\/product\/49450","targetHints":{"allow":["GET"]}}],"collection":[{"href":"https:\/\/kgerad.de\/en\/wp-json\/wp\/v2\/product"}],"about":[{"href":"https:\/\/kgerad.de\/en\/wp-json\/wp\/v2\/types\/product"}],"replies":[{"embeddable":true,"href":"https:\/\/kgerad.de\/en\/wp-json\/wp\/v2\/comments?post=49450"}],"version-history":[{"count":1,"href":"https:\/\/kgerad.de\/en\/wp-json\/wp\/v2\/product\/49450\/revisions"}],"predecessor-version":[{"id":78630,"href":"https:\/\/kgerad.de\/en\/wp-json\/wp\/v2\/product\/49450\/revisions\/78630"}],"wp:featuredmedia":[{"embeddable":true,"href":"https:\/\/kgerad.de\/en\/wp-json\/wp\/v2\/media\/65053"}],"wp:attachment":[{"href":"https:\/\/kgerad.de\/en\/wp-json\/wp\/v2\/media?parent=49450"}],"wp:term":[{"taxonomy":"product_brand","embeddable":true,"href":"https:\/\/kgerad.de\/en\/wp-json\/wp\/v2\/product_brand?post=49450"},{"taxonomy":"product_cat","embeddable":true,"href":"https:\/\/kgerad.de\/en\/wp-json\/wp\/v2\/product_cat?post=49450"},{"taxonomy":"product_tag","embeddable":true,"href":"https:\/\/kgerad.de\/en\/wp-json\/wp\/v2\/product_tag?post=49450"}],"curies":[{"name":"wp","href":"https:\/\/api.w.org\/{rel}","templated":true}]}}