{"id":49414,"date":"2022-12-23T17:44:47","date_gmt":"2022-12-23T16:44:47","guid":{"rendered":"https:\/\/kgerad.de\/?post_type=product&#038;p=49414"},"modified":"2023-08-10T18:54:49","modified_gmt":"2023-08-10T16:54:49","slug":"five-ten-trailcross-gore-tex-mtb-schuhe","status":"publish","type":"product","link":"https:\/\/kgerad.de\/en\/product\/five-ten-trailcross-gore-tex-mtb-schuhe\/","title":{"rendered":"Five Ten Trailcross GORE-TEX\u00ae &#8211; MTB Schuhe"},"content":{"rendered":"<h2 class=\"product--title\"><strong>Five Ten<\/strong>\u00a0Trailcross GORE-TEX\u00ae &#8211; MTB Schuhe<\/h2>\n<div class=\"product--description\">\n<p>Egal Five Ten Trailcross\u00a0 bei welchen Bedingungen. Egal in welchem <a href=\"http:\/\/1-1\">Gel\u00e4nde<\/a>. Dieser adidas Five Ten Mountainbiking-Schuh liefert dir die Leichtigkeit und D\u00e4mpfung eines Trailrunning-Schuhs und ist perfekt, um selbst abgelegenste Trails zu erkunden. Seine wasserdichte, atmungsaktive Membran h\u00e4lt deine F\u00fc\u00dfe auf nassem Untergrund angenehm trocken. Die Stealth\u00ae Phantom Gummiau\u00dfensohle garantiert dir dabei optimalen Grip auf den Pedalen. Sein Schaft aus Neopren h\u00e4lt au\u00dferdem Matsch und kleine Steinchen ab. Du findest deinen eigenen Weg.<\/p>\n<hr \/>\n<div class=\"review-quote\">\n<p><img decoding=\"async\" title=\"Kevin\" src=\"https:\/\/cd.bike-discount.de\/media\/image\/ff\/6a\/63\/keving.jpg\" alt=\"\" width=\"96\" height=\"134\" data-mid=\"497536\" data-src=\"media\/image\/keving.jpg\" \/><\/p>\n<div class=\"review-quote-text\">\n<p>Nachdem ich den Trailcross Mid bereits testen durfte, musste ich mir den Trailcross GORE-TEX\u00ae nat\u00fcrlich auch anziehen \u2013 denn nur so wird ein Schuh draus. Die gr\u00f6\u00dften Unterschiede zwischen den beiden Schuhen sind zum einen die wasserdichte GORE-TEX\u00ae-Membran und zum anderen der Schaft des Schuhs. W\u00e4hrend bei dem Mid Pro ein D3O-Pad zum Schutz des Kn\u00f6chels eingearbeitet ist, hat die GORE-TEX\u00ae-Version einen Schaft aus Neopren verarbeitet, der mit einem Klettverschluss abschlie\u00dft. Dieser ist beim Anziehen des Schuhs etwas eng, sorgt aber daf\u00fcr, dass kein Matsch oder Wasser in den Schuh gelangt. Er hat zwar keine gro\u00dfe Schutzwirkung f\u00fcr den Kn\u00f6chel, vermittelt aber dennoch Sicherheit, wenn man mal Kontakt mit der Kurbel hat. Nach mehreren Testfahrten bei Matsch und Regen sind meine F\u00fc\u00dfe bisher immer trocken geblieben. Durchquerungen tiefer Pf\u00fctzen (3-5 cm) waren auch kein Problem. Die GORE-TEX\u00ae-Version f\u00e4llt genauso aus wie der Mid Pro oder der Freerider Pro, in allen Modellen trage ich 44 2\/3.<\/p>\n<div class=\"review-quote-name\">Kevin, Produktmanagement<\/div>\n<\/div>\n<\/div>\n<hr \/>\n<h3>Produktdetails &#8211; Trailcross GORE-TEX<sup>\u00ae<\/sup><\/h3>\n<ul>\n<li>MTB-Schuh<\/li>\n<li>Stealth<sup>\u00ae<\/sup>\u00a0Gummi-Au\u00dfensohle<\/li>\n<li>Leichtgewicht<\/li>\n<li>Obermaterial aus Textil und Schaft aus Neopren<\/li>\n<li>Schn\u00fcrsenkel<\/li>\n<li>Drainage-System zum Wasserablauf<\/li>\n<li>Wasserdichte GORE-TEX<sup>\u00ae<\/sup>\u00a0Membran<\/li>\n<\/ul>\n<hr \/>\n<h3>Technologie<\/h3>\n<p><strong>GORE-TEX\u00ae<\/strong><br \/>\nGORE-TEX<sup>\u00ae\u00a0<\/sup>Schuhe sorgen bei jedem Wetter f\u00fcr trockene und angenehm temperierte F\u00fc\u00dfe und erm\u00f6glichen dadurch ein perfektes Fu\u00dfklima. Sie sind wasserdicht, hoch atmungsaktiv und sch\u00fctzen deine F\u00fc\u00dfe selbst bei h\u00e4rtesten Bedingungen. Sowohl Trail-Runner als auch Outdoor-Athleten sind mit GORE-TEX\u00ae Produkten f\u00fcr jedes Wetter optimal ausgestattet.<\/p>\n<\/div>","protected":false},"excerpt":{"rendered":"<p>Five Ten\u00a0Trailcross GORE-TEX\u00ae &#8211; MTB Schuhe Egal Five Ten Trailcross\u00a0 bei welchen Bedingungen. Egal in welchem Gel\u00e4nde. Dieser adidas Five<\/p>","protected":false},"featured_media":65036,"comment_status":"open","ping_status":"closed","template":"","meta":[],"product_brand":[],"product_cat":[573,676],"product_tag":[],"class_list":{"0":"post-49414","1":"product","2":"type-product","3":"status-publish","4":"has-post-thumbnail","6":"product_cat-zubehor","7":"product_cat-zugsysteme","8":"pa_marke-five","10":"first","11":"instock","12":"sale","13":"taxable","14":"shipping-taxable","15":"purchasable","16":"product-type-variable"},"yoast_head":"<!-- This site is optimized with the Yoast SEO Premium plugin v20.12 (Yoast SEO v27.1.1) - https:\/\/yoast.com\/product\/yoast-seo-premium-wordpress\/ -->\n<title>Five Ten Trailcross GORE-TEX\u00ae - MTB Schuhe<\/title>\n<meta name=\"description\" content=\"Entdecken Sie unseren Online-Fahrradladen: Gro\u00dfe Auswahl an Modellen f\u00fcr alle Radsportbegeisterten. Von Rennr\u00e4dern bis zu Mountainbikes - finden Sie heute Ihren perfekten Wegbegleiter!\" \/>\n<meta name=\"robots\" content=\"index, follow, max-snippet:-1, max-image-preview:large, max-video-preview:-1\" \/>\n<link rel=\"canonical\" href=\"https:\/\/kgerad.de\/en\/product\/five-ten-trailcross-gore-tex-mtb-schuhe\/\" \/>\n<meta property=\"og:locale\" content=\"en_US\" \/>\n<meta property=\"og:type\" content=\"article\" \/>\n<meta property=\"og:title\" content=\"Five Ten Trailcross GORE-TEX\u00ae - MTB Schuhe\" \/>\n<meta property=\"og:description\" content=\"Entdecken Sie unseren Online-Fahrradladen: Gro\u00dfe Auswahl an Modellen f\u00fcr alle Radsportbegeisterten. Von Rennr\u00e4dern bis zu Mountainbikes - finden Sie heute Ihren perfekten Wegbegleiter!\" \/>\n<meta property=\"og:url\" content=\"https:\/\/kgerad.de\/en\/product\/five-ten-trailcross-gore-tex-mtb-schuhe\/\" \/>\n<meta property=\"og:site_name\" content=\"kgerad.de\" \/>\n<meta property=\"article:modified_time\" content=\"2023-08-10T16:54:49+00:00\" \/>\n<meta property=\"og:image\" content=\"https:\/\/kgerad.de\/wp-content\/uploads\/2023\/06\/Five-Ten-Trailcross-GORE-TEX-MTB-Schuhe-S29146-GTX_800x800-0.jpg\" \/>\n\t<meta property=\"og:image:width\" content=\"794\" \/>\n\t<meta property=\"og:image:height\" content=\"800\" \/>\n\t<meta property=\"og:image:type\" content=\"image\/jpeg\" \/>\n<meta name=\"twitter:card\" content=\"summary_large_image\" \/>\n<meta name=\"twitter:label1\" content=\"Est. reading time\" \/>\n\t<meta name=\"twitter:data1\" content=\"2 minutes\" \/>\n<script type=\"application\/ld+json\" class=\"yoast-schema-graph\">{\"@context\":\"https:\/\/schema.org\",\"@graph\":[{\"@type\":\"WebPage\",\"@id\":\"https:\/\/kgerad.de\/produkt\/five-ten-trailcross-gore-tex-mtb-schuhe\/\",\"url\":\"https:\/\/kgerad.de\/produkt\/five-ten-trailcross-gore-tex-mtb-schuhe\/\",\"name\":\"Five Ten Trailcross GORE-TEX\u00ae - MTB Schuhe\",\"isPartOf\":{\"@id\":\"https:\/\/kgerad.de\/#website\"},\"primaryImageOfPage\":{\"@id\":\"https:\/\/kgerad.de\/produkt\/five-ten-trailcross-gore-tex-mtb-schuhe\/#primaryimage\"},\"image\":{\"@id\":\"https:\/\/kgerad.de\/produkt\/five-ten-trailcross-gore-tex-mtb-schuhe\/#primaryimage\"},\"thumbnailUrl\":\"https:\/\/kgerad.de\/wp-content\/uploads\/2023\/06\/Five-Ten-Trailcross-GORE-TEX-MTB-Schuhe-S29146-GTX_800x800-0.jpg\",\"datePublished\":\"2022-12-23T16:44:47+00:00\",\"dateModified\":\"2023-08-10T16:54:49+00:00\",\"description\":\"Entdecken Sie unseren Online-Fahrradladen: Gro\u00dfe Auswahl an Modellen f\u00fcr alle Radsportbegeisterten. Von Rennr\u00e4dern bis zu Mountainbikes - finden Sie heute Ihren perfekten Wegbegleiter!\",\"breadcrumb\":{\"@id\":\"https:\/\/kgerad.de\/produkt\/five-ten-trailcross-gore-tex-mtb-schuhe\/#breadcrumb\"},\"inLanguage\":\"en-US\",\"potentialAction\":[{\"@type\":\"ReadAction\",\"target\":[\"https:\/\/kgerad.de\/produkt\/five-ten-trailcross-gore-tex-mtb-schuhe\/\"]}]},{\"@type\":\"ImageObject\",\"inLanguage\":\"en-US\",\"@id\":\"https:\/\/kgerad.de\/produkt\/five-ten-trailcross-gore-tex-mtb-schuhe\/#primaryimage\",\"url\":\"https:\/\/kgerad.de\/wp-content\/uploads\/2023\/06\/Five-Ten-Trailcross-GORE-TEX-MTB-Schuhe-S29146-GTX_800x800-0.jpg\",\"contentUrl\":\"https:\/\/kgerad.de\/wp-content\/uploads\/2023\/06\/Five-Ten-Trailcross-GORE-TEX-MTB-Schuhe-S29146-GTX_800x800-0.jpg\",\"width\":794,\"height\":800,\"caption\":\"Five Ten Trailcross GORE-TEX\u00ae - MTB Schuhe\"},{\"@type\":\"BreadcrumbList\",\"@id\":\"https:\/\/kgerad.de\/produkt\/five-ten-trailcross-gore-tex-mtb-schuhe\/#breadcrumb\",\"itemListElement\":[{\"@type\":\"ListItem\",\"position\":1,\"name\":\"Startseite\",\"item\":\"https:\/\/kgerad.de\/\"},{\"@type\":\"ListItem\",\"position\":2,\"name\":\"LADEN\",\"item\":\"https:\/\/kgerad.de\/laden\/\"},{\"@type\":\"ListItem\",\"position\":3,\"name\":\"Five Ten Trailcross GORE-TEX\u00ae &#8211; MTB Schuhe\"}]},{\"@type\":\"WebSite\",\"@id\":\"https:\/\/kgerad.de\/#website\",\"url\":\"https:\/\/kgerad.de\/\",\"name\":\"kgerad.de\",\"description\":\"Treten Sie mit uns ins Abenteuer!\",\"publisher\":{\"@id\":\"https:\/\/kgerad.de\/#organization\"},\"alternateName\":\"MEIN RADLADEN\",\"potentialAction\":[{\"@type\":\"SearchAction\",\"target\":{\"@type\":\"EntryPoint\",\"urlTemplate\":\"https:\/\/kgerad.de\/?s={search_term_string}\"},\"query-input\":{\"@type\":\"PropertyValueSpecification\",\"valueRequired\":true,\"valueName\":\"search_term_string\"}}],\"inLanguage\":\"en-US\"},{\"@type\":\"Organization\",\"@id\":\"https:\/\/kgerad.de\/#organization\",\"name\":\"MEINRADLADEN\",\"alternateName\":\"MEIN RADLADEN\",\"url\":\"https:\/\/kgerad.de\/\",\"logo\":{\"@type\":\"ImageObject\",\"inLanguage\":\"en-US\",\"@id\":\"https:\/\/kgerad.de\/#\/schema\/logo\/image\/\",\"url\":\"https:\/\/kgerad.de\/wp-content\/uploads\/2025\/07\/logo-Whit.svg\",\"contentUrl\":\"https:\/\/kgerad.de\/wp-content\/uploads\/2025\/07\/logo-Whit.svg\",\"width\":1640,\"height\":371,\"caption\":\"MEINRADLADEN\"},\"image\":{\"@id\":\"https:\/\/kgerad.de\/#\/schema\/logo\/image\/\"}}]}<\/script>\n<!-- \/ Yoast SEO Premium plugin. -->","yoast_head_json":{"title":"Five Ten Trailcross GORE-TEX\u00ae - MTB Schuhe","description":"Entdecken Sie unseren Online-Fahrradladen: Gro\u00dfe Auswahl an Modellen f\u00fcr alle Radsportbegeisterten. Von Rennr\u00e4dern bis zu Mountainbikes - finden Sie heute Ihren perfekten Wegbegleiter!","robots":{"index":"index","follow":"follow","max-snippet":"max-snippet:-1","max-image-preview":"max-image-preview:large","max-video-preview":"max-video-preview:-1"},"canonical":"https:\/\/kgerad.de\/en\/product\/five-ten-trailcross-gore-tex-mtb-schuhe\/","og_locale":"en_US","og_type":"article","og_title":"Five Ten Trailcross GORE-TEX\u00ae - MTB Schuhe","og_description":"Entdecken Sie unseren Online-Fahrradladen: Gro\u00dfe Auswahl an Modellen f\u00fcr alle Radsportbegeisterten. Von Rennr\u00e4dern bis zu Mountainbikes - finden Sie heute Ihren perfekten Wegbegleiter!","og_url":"https:\/\/kgerad.de\/en\/product\/five-ten-trailcross-gore-tex-mtb-schuhe\/","og_site_name":"kgerad.de","article_modified_time":"2023-08-10T16:54:49+00:00","og_image":[{"width":794,"height":800,"url":"https:\/\/kgerad.de\/wp-content\/uploads\/2023\/06\/Five-Ten-Trailcross-GORE-TEX-MTB-Schuhe-S29146-GTX_800x800-0.jpg","type":"image\/jpeg"}],"twitter_card":"summary_large_image","twitter_misc":{"Est. reading time":"2 minutes"},"schema":{"@context":"https:\/\/schema.org","@graph":[{"@type":"WebPage","@id":"https:\/\/kgerad.de\/produkt\/five-ten-trailcross-gore-tex-mtb-schuhe\/","url":"https:\/\/kgerad.de\/produkt\/five-ten-trailcross-gore-tex-mtb-schuhe\/","name":"Five Ten Trailcross GORE-TEX\u00ae - MTB Schuhe","isPartOf":{"@id":"https:\/\/kgerad.de\/#website"},"primaryImageOfPage":{"@id":"https:\/\/kgerad.de\/produkt\/five-ten-trailcross-gore-tex-mtb-schuhe\/#primaryimage"},"image":{"@id":"https:\/\/kgerad.de\/produkt\/five-ten-trailcross-gore-tex-mtb-schuhe\/#primaryimage"},"thumbnailUrl":"https:\/\/kgerad.de\/wp-content\/uploads\/2023\/06\/Five-Ten-Trailcross-GORE-TEX-MTB-Schuhe-S29146-GTX_800x800-0.jpg","datePublished":"2022-12-23T16:44:47+00:00","dateModified":"2023-08-10T16:54:49+00:00","description":"Entdecken Sie unseren Online-Fahrradladen: Gro\u00dfe Auswahl an Modellen f\u00fcr alle Radsportbegeisterten. Von Rennr\u00e4dern bis zu Mountainbikes - finden Sie heute Ihren perfekten Wegbegleiter!","breadcrumb":{"@id":"https:\/\/kgerad.de\/produkt\/five-ten-trailcross-gore-tex-mtb-schuhe\/#breadcrumb"},"inLanguage":"en-US","potentialAction":[{"@type":"ReadAction","target":["https:\/\/kgerad.de\/produkt\/five-ten-trailcross-gore-tex-mtb-schuhe\/"]}]},{"@type":"ImageObject","inLanguage":"en-US","@id":"https:\/\/kgerad.de\/produkt\/five-ten-trailcross-gore-tex-mtb-schuhe\/#primaryimage","url":"https:\/\/kgerad.de\/wp-content\/uploads\/2023\/06\/Five-Ten-Trailcross-GORE-TEX-MTB-Schuhe-S29146-GTX_800x800-0.jpg","contentUrl":"https:\/\/kgerad.de\/wp-content\/uploads\/2023\/06\/Five-Ten-Trailcross-GORE-TEX-MTB-Schuhe-S29146-GTX_800x800-0.jpg","width":794,"height":800,"caption":"Five Ten Trailcross GORE-TEX\u00ae - MTB Schuhe"},{"@type":"BreadcrumbList","@id":"https:\/\/kgerad.de\/produkt\/five-ten-trailcross-gore-tex-mtb-schuhe\/#breadcrumb","itemListElement":[{"@type":"ListItem","position":1,"name":"Startseite","item":"https:\/\/kgerad.de\/"},{"@type":"ListItem","position":2,"name":"LADEN","item":"https:\/\/kgerad.de\/laden\/"},{"@type":"ListItem","position":3,"name":"Five Ten Trailcross GORE-TEX\u00ae &#8211; MTB Schuhe"}]},{"@type":"WebSite","@id":"https:\/\/kgerad.de\/#website","url":"https:\/\/kgerad.de\/","name":"kgerad.de","description":"Treten Sie mit uns ins Abenteuer!","publisher":{"@id":"https:\/\/kgerad.de\/#organization"},"alternateName":"MEIN RADLADEN","potentialAction":[{"@type":"SearchAction","target":{"@type":"EntryPoint","urlTemplate":"https:\/\/kgerad.de\/?s={search_term_string}"},"query-input":{"@type":"PropertyValueSpecification","valueRequired":true,"valueName":"search_term_string"}}],"inLanguage":"en-US"},{"@type":"Organization","@id":"https:\/\/kgerad.de\/#organization","name":"MEINRADLADEN","alternateName":"MEIN RADLADEN","url":"https:\/\/kgerad.de\/","logo":{"@type":"ImageObject","inLanguage":"en-US","@id":"https:\/\/kgerad.de\/#\/schema\/logo\/image\/","url":"https:\/\/kgerad.de\/wp-content\/uploads\/2025\/07\/logo-Whit.svg","contentUrl":"https:\/\/kgerad.de\/wp-content\/uploads\/2025\/07\/logo-Whit.svg","width":1640,"height":371,"caption":"MEINRADLADEN"},"image":{"@id":"https:\/\/kgerad.de\/#\/schema\/logo\/image\/"}}]}},"_links":{"self":[{"href":"https:\/\/kgerad.de\/en\/wp-json\/wp\/v2\/product\/49414","targetHints":{"allow":["GET"]}}],"collection":[{"href":"https:\/\/kgerad.de\/en\/wp-json\/wp\/v2\/product"}],"about":[{"href":"https:\/\/kgerad.de\/en\/wp-json\/wp\/v2\/types\/product"}],"replies":[{"embeddable":true,"href":"https:\/\/kgerad.de\/en\/wp-json\/wp\/v2\/comments?post=49414"}],"version-history":[{"count":1,"href":"https:\/\/kgerad.de\/en\/wp-json\/wp\/v2\/product\/49414\/revisions"}],"predecessor-version":[{"id":78632,"href":"https:\/\/kgerad.de\/en\/wp-json\/wp\/v2\/product\/49414\/revisions\/78632"}],"wp:featuredmedia":[{"embeddable":true,"href":"https:\/\/kgerad.de\/en\/wp-json\/wp\/v2\/media\/65036"}],"wp:attachment":[{"href":"https:\/\/kgerad.de\/en\/wp-json\/wp\/v2\/media?parent=49414"}],"wp:term":[{"taxonomy":"product_brand","embeddable":true,"href":"https:\/\/kgerad.de\/en\/wp-json\/wp\/v2\/product_brand?post=49414"},{"taxonomy":"product_cat","embeddable":true,"href":"https:\/\/kgerad.de\/en\/wp-json\/wp\/v2\/product_cat?post=49414"},{"taxonomy":"product_tag","embeddable":true,"href":"https:\/\/kgerad.de\/en\/wp-json\/wp\/v2\/product_tag?post=49414"}],"curies":[{"name":"wp","href":"https:\/\/api.w.org\/{rel}","templated":true}]}}