{"id":49388,"date":"2022-12-23T16:44:37","date_gmt":"2022-12-23T15:44:37","guid":{"rendered":"https:\/\/kgerad.de\/?post_type=product&#038;p=49388"},"modified":"2023-08-10T18:55:18","modified_gmt":"2023-08-10T16:55:18","slug":"bogner-vana-damen-funktionsshirt-langarm","status":"publish","type":"product","link":"https:\/\/kgerad.de\/en\/product\/bogner-vana-damen-funktionsshirt-langarm\/","title":{"rendered":"Bogner Vana Damen Funktionsshirt langarm"},"content":{"rendered":"<h2 class=\"product--title\"><strong>Bogner<\/strong> Vana Damen Funktionsshirt langarm<\/h2>\n<p>Das Bogner Vana &#8211; Damen Baselayer Vana darf keinesfalls <a href=\"http:\/\/i.i\">in<\/a> der Garderobe einer aktiven Pistenliebhaberin fehlen. Seine Qualit\u00e4t ist dank der hochwertigen Materialien mit feuchtigkeitsregulierenden und strapazierf\u00e4higen Eigenschaften von der ersten bis zur letzten Sekunde sp\u00fcrbar.<\/p>\n<h4>Sportliches Must-Have in schmeichelnden Nude-T\u00f6nen: das Vana Baselayer von Bogner<\/h4>\n<p>Dank schmaler Passform und Stretch schmiegt sich das Funktionsshirt sanft an deinen K\u00f6rper an und bietet dadurch die optimale Basis f\u00fcr den klassischen Zwiebellook. Der hohe Stehkragen ist mit einem kurzen, unterlegten Rei\u00dfverschluss inklusive klassischem B-Logo-Anh\u00e4nger ausgestattet. Und dank Zippergarage musst du dir keine Sorgen machen, dass Reibung am Hals entsteht oder dein Schal besch\u00e4digt wird. Auf dem linken \u00c4rmel befindet sich ein kleines Designelement in Form eines gummierten Logo-Aufn\u00e4hers. Das Design wird sowohl mit formgebenden N\u00e4hten als auch doppelt vern\u00e4hten Abschl\u00fcssen abgerundet.<\/p>\n<hr \/>\n<h4>Produktdetails &#8211; Bogner Vana<\/h4>\n<ul>\n<li>Baselayer<\/li>\n<li>Schmale Passform<\/li>\n<li>Stehkragen<\/li>\n<li>Kurzer Rei\u00dfverschluss inkl. B-Anh\u00e4nger und Zippergarage<\/li>\n<li>Doppeln\u00e4hte an den Abschl\u00fcssen<\/li>\n<li>Linker \u00c4rmel mit gummiertem Logo-Aufn\u00e4her<\/li>\n<li>Formgebende N\u00e4hte<\/li>\n<li>Strapazierf\u00e4higes, feuchtigkeitsregulierendes und stretchiges Material<\/li>\n<\/ul>","protected":false},"excerpt":{"rendered":"<p>Bogner Vana Damen Funktionsshirt langarm Das Bogner Vana &#8211; Damen Baselayer Vana darf keinesfalls in der Garderobe einer aktiven Pistenliebhaberin<\/p>","protected":false},"featured_media":65025,"comment_status":"open","ping_status":"closed","template":"","meta":[],"product_brand":[],"product_cat":[573,676],"product_tag":[],"class_list":{"0":"post-49388","1":"product","2":"type-product","3":"status-publish","4":"has-post-thumbnail","6":"product_cat-zubehor","7":"product_cat-zugsysteme","8":"pa_marke-bogner","10":"first","11":"instock","12":"sale","13":"taxable","14":"shipping-taxable","15":"purchasable","16":"product-type-variable"},"yoast_head":"<!-- This site is optimized with the Yoast SEO Premium plugin v20.12 (Yoast SEO v27.1.1) - https:\/\/yoast.com\/product\/yoast-seo-premium-wordpress\/ -->\n<title>Bogner Vana Damen Funktionsshirt langarm<\/title>\n<meta name=\"description\" content=\"Entdecken Sie unseren Online-Fahrradladen: Gro\u00dfe Auswahl an Modellen f\u00fcr alle Radsportbegeisterten. Von Rennr\u00e4dern bis zu Mountainbikes - finden Sie heute Ihren perfekten Wegbegleiter!\" \/>\n<meta name=\"robots\" content=\"index, follow, max-snippet:-1, max-image-preview:large, max-video-preview:-1\" \/>\n<link rel=\"canonical\" href=\"https:\/\/kgerad.de\/en\/product\/bogner-vana-damen-funktionsshirt-langarm\/\" \/>\n<meta property=\"og:locale\" content=\"en_US\" \/>\n<meta property=\"og:type\" content=\"article\" \/>\n<meta property=\"og:title\" content=\"Bogner Vana Damen Funktionsshirt langarm\" \/>\n<meta property=\"og:description\" content=\"Entdecken Sie unseren Online-Fahrradladen: Gro\u00dfe Auswahl an Modellen f\u00fcr alle Radsportbegeisterten. Von Rennr\u00e4dern bis zu Mountainbikes - finden Sie heute Ihren perfekten Wegbegleiter!\" \/>\n<meta property=\"og:url\" content=\"https:\/\/kgerad.de\/en\/product\/bogner-vana-damen-funktionsshirt-langarm\/\" \/>\n<meta property=\"og:site_name\" content=\"kgerad.de\" \/>\n<meta property=\"article:modified_time\" content=\"2023-08-10T16:55:18+00:00\" \/>\n<meta property=\"og:image\" content=\"https:\/\/kgerad.de\/wp-content\/uploads\/2023\/06\/Bogner_Vana-Damen-Funktionsshirt-langarm-5176-5952-799_-1_800x800-0.jpg\" \/>\n\t<meta property=\"og:image:width\" content=\"514\" \/>\n\t<meta property=\"og:image:height\" content=\"800\" \/>\n\t<meta property=\"og:image:type\" content=\"image\/jpeg\" \/>\n<meta name=\"twitter:card\" content=\"summary_large_image\" \/>\n<meta name=\"twitter:label1\" content=\"Est. reading time\" \/>\n\t<meta name=\"twitter:data1\" content=\"1 minute\" \/>\n<script type=\"application\/ld+json\" class=\"yoast-schema-graph\">{\"@context\":\"https:\/\/schema.org\",\"@graph\":[{\"@type\":\"WebPage\",\"@id\":\"https:\/\/kgerad.de\/produkt\/bogner-vana-damen-funktionsshirt-langarm\/\",\"url\":\"https:\/\/kgerad.de\/produkt\/bogner-vana-damen-funktionsshirt-langarm\/\",\"name\":\"Bogner Vana Damen Funktionsshirt langarm\",\"isPartOf\":{\"@id\":\"https:\/\/kgerad.de\/#website\"},\"primaryImageOfPage\":{\"@id\":\"https:\/\/kgerad.de\/produkt\/bogner-vana-damen-funktionsshirt-langarm\/#primaryimage\"},\"image\":{\"@id\":\"https:\/\/kgerad.de\/produkt\/bogner-vana-damen-funktionsshirt-langarm\/#primaryimage\"},\"thumbnailUrl\":\"https:\/\/kgerad.de\/wp-content\/uploads\/2023\/06\/Bogner_Vana-Damen-Funktionsshirt-langarm-5176-5952-799_-1_800x800-0.jpg\",\"datePublished\":\"2022-12-23T15:44:37+00:00\",\"dateModified\":\"2023-08-10T16:55:18+00:00\",\"description\":\"Entdecken Sie unseren Online-Fahrradladen: Gro\u00dfe Auswahl an Modellen f\u00fcr alle Radsportbegeisterten. Von Rennr\u00e4dern bis zu Mountainbikes - finden Sie heute Ihren perfekten Wegbegleiter!\",\"breadcrumb\":{\"@id\":\"https:\/\/kgerad.de\/produkt\/bogner-vana-damen-funktionsshirt-langarm\/#breadcrumb\"},\"inLanguage\":\"en-US\",\"potentialAction\":[{\"@type\":\"ReadAction\",\"target\":[\"https:\/\/kgerad.de\/produkt\/bogner-vana-damen-funktionsshirt-langarm\/\"]}]},{\"@type\":\"ImageObject\",\"inLanguage\":\"en-US\",\"@id\":\"https:\/\/kgerad.de\/produkt\/bogner-vana-damen-funktionsshirt-langarm\/#primaryimage\",\"url\":\"https:\/\/kgerad.de\/wp-content\/uploads\/2023\/06\/Bogner_Vana-Damen-Funktionsshirt-langarm-5176-5952-799_-1_800x800-0.jpg\",\"contentUrl\":\"https:\/\/kgerad.de\/wp-content\/uploads\/2023\/06\/Bogner_Vana-Damen-Funktionsshirt-langarm-5176-5952-799_-1_800x800-0.jpg\",\"width\":514,\"height\":800,\"caption\":\"Bogner Vana - Damen Funktionsshirt langarm\"},{\"@type\":\"BreadcrumbList\",\"@id\":\"https:\/\/kgerad.de\/produkt\/bogner-vana-damen-funktionsshirt-langarm\/#breadcrumb\",\"itemListElement\":[{\"@type\":\"ListItem\",\"position\":1,\"name\":\"Startseite\",\"item\":\"https:\/\/kgerad.de\/\"},{\"@type\":\"ListItem\",\"position\":2,\"name\":\"LADEN\",\"item\":\"https:\/\/kgerad.de\/laden\/\"},{\"@type\":\"ListItem\",\"position\":3,\"name\":\"Bogner Vana Damen Funktionsshirt langarm\"}]},{\"@type\":\"WebSite\",\"@id\":\"https:\/\/kgerad.de\/#website\",\"url\":\"https:\/\/kgerad.de\/\",\"name\":\"kgerad.de\",\"description\":\"Treten Sie mit uns ins Abenteuer!\",\"publisher\":{\"@id\":\"https:\/\/kgerad.de\/#organization\"},\"alternateName\":\"MEIN RADLADEN\",\"potentialAction\":[{\"@type\":\"SearchAction\",\"target\":{\"@type\":\"EntryPoint\",\"urlTemplate\":\"https:\/\/kgerad.de\/?s={search_term_string}\"},\"query-input\":{\"@type\":\"PropertyValueSpecification\",\"valueRequired\":true,\"valueName\":\"search_term_string\"}}],\"inLanguage\":\"en-US\"},{\"@type\":\"Organization\",\"@id\":\"https:\/\/kgerad.de\/#organization\",\"name\":\"MEINRADLADEN\",\"alternateName\":\"MEIN RADLADEN\",\"url\":\"https:\/\/kgerad.de\/\",\"logo\":{\"@type\":\"ImageObject\",\"inLanguage\":\"en-US\",\"@id\":\"https:\/\/kgerad.de\/#\/schema\/logo\/image\/\",\"url\":\"https:\/\/kgerad.de\/wp-content\/uploads\/2025\/07\/logo-Whit.svg\",\"contentUrl\":\"https:\/\/kgerad.de\/wp-content\/uploads\/2025\/07\/logo-Whit.svg\",\"width\":1640,\"height\":371,\"caption\":\"MEINRADLADEN\"},\"image\":{\"@id\":\"https:\/\/kgerad.de\/#\/schema\/logo\/image\/\"}}]}<\/script>\n<!-- \/ Yoast SEO Premium plugin. -->","yoast_head_json":{"title":"Bogner Vana Damen Funktionsshirt langarm","description":"Entdecken Sie unseren Online-Fahrradladen: Gro\u00dfe Auswahl an Modellen f\u00fcr alle Radsportbegeisterten. Von Rennr\u00e4dern bis zu Mountainbikes - finden Sie heute Ihren perfekten Wegbegleiter!","robots":{"index":"index","follow":"follow","max-snippet":"max-snippet:-1","max-image-preview":"max-image-preview:large","max-video-preview":"max-video-preview:-1"},"canonical":"https:\/\/kgerad.de\/en\/product\/bogner-vana-damen-funktionsshirt-langarm\/","og_locale":"en_US","og_type":"article","og_title":"Bogner Vana Damen Funktionsshirt langarm","og_description":"Entdecken Sie unseren Online-Fahrradladen: Gro\u00dfe Auswahl an Modellen f\u00fcr alle Radsportbegeisterten. Von Rennr\u00e4dern bis zu Mountainbikes - finden Sie heute Ihren perfekten Wegbegleiter!","og_url":"https:\/\/kgerad.de\/en\/product\/bogner-vana-damen-funktionsshirt-langarm\/","og_site_name":"kgerad.de","article_modified_time":"2023-08-10T16:55:18+00:00","og_image":[{"width":514,"height":800,"url":"https:\/\/kgerad.de\/wp-content\/uploads\/2023\/06\/Bogner_Vana-Damen-Funktionsshirt-langarm-5176-5952-799_-1_800x800-0.jpg","type":"image\/jpeg"}],"twitter_card":"summary_large_image","twitter_misc":{"Est. reading time":"1 minute"},"schema":{"@context":"https:\/\/schema.org","@graph":[{"@type":"WebPage","@id":"https:\/\/kgerad.de\/produkt\/bogner-vana-damen-funktionsshirt-langarm\/","url":"https:\/\/kgerad.de\/produkt\/bogner-vana-damen-funktionsshirt-langarm\/","name":"Bogner Vana Damen Funktionsshirt langarm","isPartOf":{"@id":"https:\/\/kgerad.de\/#website"},"primaryImageOfPage":{"@id":"https:\/\/kgerad.de\/produkt\/bogner-vana-damen-funktionsshirt-langarm\/#primaryimage"},"image":{"@id":"https:\/\/kgerad.de\/produkt\/bogner-vana-damen-funktionsshirt-langarm\/#primaryimage"},"thumbnailUrl":"https:\/\/kgerad.de\/wp-content\/uploads\/2023\/06\/Bogner_Vana-Damen-Funktionsshirt-langarm-5176-5952-799_-1_800x800-0.jpg","datePublished":"2022-12-23T15:44:37+00:00","dateModified":"2023-08-10T16:55:18+00:00","description":"Entdecken Sie unseren Online-Fahrradladen: Gro\u00dfe Auswahl an Modellen f\u00fcr alle Radsportbegeisterten. Von Rennr\u00e4dern bis zu Mountainbikes - finden Sie heute Ihren perfekten Wegbegleiter!","breadcrumb":{"@id":"https:\/\/kgerad.de\/produkt\/bogner-vana-damen-funktionsshirt-langarm\/#breadcrumb"},"inLanguage":"en-US","potentialAction":[{"@type":"ReadAction","target":["https:\/\/kgerad.de\/produkt\/bogner-vana-damen-funktionsshirt-langarm\/"]}]},{"@type":"ImageObject","inLanguage":"en-US","@id":"https:\/\/kgerad.de\/produkt\/bogner-vana-damen-funktionsshirt-langarm\/#primaryimage","url":"https:\/\/kgerad.de\/wp-content\/uploads\/2023\/06\/Bogner_Vana-Damen-Funktionsshirt-langarm-5176-5952-799_-1_800x800-0.jpg","contentUrl":"https:\/\/kgerad.de\/wp-content\/uploads\/2023\/06\/Bogner_Vana-Damen-Funktionsshirt-langarm-5176-5952-799_-1_800x800-0.jpg","width":514,"height":800,"caption":"Bogner Vana - Damen Funktionsshirt langarm"},{"@type":"BreadcrumbList","@id":"https:\/\/kgerad.de\/produkt\/bogner-vana-damen-funktionsshirt-langarm\/#breadcrumb","itemListElement":[{"@type":"ListItem","position":1,"name":"Startseite","item":"https:\/\/kgerad.de\/"},{"@type":"ListItem","position":2,"name":"LADEN","item":"https:\/\/kgerad.de\/laden\/"},{"@type":"ListItem","position":3,"name":"Bogner Vana Damen Funktionsshirt langarm"}]},{"@type":"WebSite","@id":"https:\/\/kgerad.de\/#website","url":"https:\/\/kgerad.de\/","name":"kgerad.de","description":"Treten Sie mit uns ins Abenteuer!","publisher":{"@id":"https:\/\/kgerad.de\/#organization"},"alternateName":"MEIN RADLADEN","potentialAction":[{"@type":"SearchAction","target":{"@type":"EntryPoint","urlTemplate":"https:\/\/kgerad.de\/?s={search_term_string}"},"query-input":{"@type":"PropertyValueSpecification","valueRequired":true,"valueName":"search_term_string"}}],"inLanguage":"en-US"},{"@type":"Organization","@id":"https:\/\/kgerad.de\/#organization","name":"MEINRADLADEN","alternateName":"MEIN RADLADEN","url":"https:\/\/kgerad.de\/","logo":{"@type":"ImageObject","inLanguage":"en-US","@id":"https:\/\/kgerad.de\/#\/schema\/logo\/image\/","url":"https:\/\/kgerad.de\/wp-content\/uploads\/2025\/07\/logo-Whit.svg","contentUrl":"https:\/\/kgerad.de\/wp-content\/uploads\/2025\/07\/logo-Whit.svg","width":1640,"height":371,"caption":"MEINRADLADEN"},"image":{"@id":"https:\/\/kgerad.de\/#\/schema\/logo\/image\/"}}]}},"_links":{"self":[{"href":"https:\/\/kgerad.de\/en\/wp-json\/wp\/v2\/product\/49388","targetHints":{"allow":["GET"]}}],"collection":[{"href":"https:\/\/kgerad.de\/en\/wp-json\/wp\/v2\/product"}],"about":[{"href":"https:\/\/kgerad.de\/en\/wp-json\/wp\/v2\/types\/product"}],"replies":[{"embeddable":true,"href":"https:\/\/kgerad.de\/en\/wp-json\/wp\/v2\/comments?post=49388"}],"version-history":[{"count":1,"href":"https:\/\/kgerad.de\/en\/wp-json\/wp\/v2\/product\/49388\/revisions"}],"predecessor-version":[{"id":78634,"href":"https:\/\/kgerad.de\/en\/wp-json\/wp\/v2\/product\/49388\/revisions\/78634"}],"wp:featuredmedia":[{"embeddable":true,"href":"https:\/\/kgerad.de\/en\/wp-json\/wp\/v2\/media\/65025"}],"wp:attachment":[{"href":"https:\/\/kgerad.de\/en\/wp-json\/wp\/v2\/media?parent=49388"}],"wp:term":[{"taxonomy":"product_brand","embeddable":true,"href":"https:\/\/kgerad.de\/en\/wp-json\/wp\/v2\/product_brand?post=49388"},{"taxonomy":"product_cat","embeddable":true,"href":"https:\/\/kgerad.de\/en\/wp-json\/wp\/v2\/product_cat?post=49388"},{"taxonomy":"product_tag","embeddable":true,"href":"https:\/\/kgerad.de\/en\/wp-json\/wp\/v2\/product_tag?post=49388"}],"curies":[{"name":"wp","href":"https:\/\/api.w.org\/{rel}","templated":true}]}}