{"id":49380,"date":"2022-12-23T16:31:38","date_gmt":"2022-12-23T15:31:38","guid":{"rendered":"https:\/\/kgerad.de\/?post_type=product&#038;p=49380"},"modified":"2023-08-10T18:55:30","modified_gmt":"2023-08-10T16:55:30","slug":"bogner-mica-h-funktionsshirt-langarm","status":"publish","type":"product","link":"https:\/\/kgerad.de\/en\/product\/bogner-mica-h-funktionsshirt-langarm\/","title":{"rendered":"Bogner Mica H &#8211; Funktionsshirt langarm"},"content":{"rendered":"<h2 class=\"product--title\"><strong>Bogner<\/strong> Mica H &#8211; Funktionsshirt langarm<\/h2>\n<p>Das Bogner Mica H &#8211; Funktionsshirt sportliche Baselayer eignet sich hervorragend als ganzt\u00e4giger Begleiter f\u00fcr die Piste. Das technische Material verf\u00fcgt \u00fcber schnelltrocknende und antibakterielle Eigenschaften, <a href=\"http:\/\/i.i\">die<\/a> dir f\u00fcr all deine Skiabenteuer trockenen und angenehmen Tragekomfort bieten.<\/p>\n<h4>Qualit\u00e4t, die sich bemerkbar macht: das Mica Baselayer von Bogner<\/h4>\n<p>Nicht nur dank seiner Funktionen und angenehm glatten Textur k\u00f6nnte das Mica im Handumdrehen zu deinem neuen Lieblingsteil werden, sondern auch durch sein Bogner-klassisches Design, in dem du jederzeit eine tolle Figur machst. Es ist an den Seiten mit Kontrastdetails versehen, die das Gesamtbild des Mica optisch aufwerten.<\/p>\n<p>Ein verst\u00e4rkter Stehkragen, der mit einem kurzen Rei\u00dfverschluss ausgestattet ist, spendet dir Schutz vor eisigem Wind, kann mittels leicht bedienbarem B-Anh\u00e4nger aber auch ganz einfach zur Bel\u00fcftung dienen, falls dir zu warm wird.<\/p>\n<p>Neben den Kontrastakzenten findet man als weitere dekorative Elemente ein B-Logo-Patch auf dem linken \u00c4rmel und einen BOGNER-Schriftzug an den Seitenpartien. Den letzten Schliff bekommt das Mica durch den geraden Saumabschluss und die Doppeln\u00e4hte an den Armabschl\u00fcssen verliehen.<\/p>\n<hr \/>\n<h4>Produkteigenschaften &#8211; Bogner Mica<\/h4>\n<ul>\n<li>Basisschicht<\/li>\n<li>Regul\u00e4re Passform<\/li>\n<li>Kontrastdetails<\/li>\n<li>Verst\u00e4rkter Stehkragen<\/li>\n<li>Kurzer Rei\u00dfverschluss mit B-Anh\u00e4nger<\/li>\n<li>Doppeln\u00e4hte an den Abschl\u00fcssen<\/li>\n<li>B-Logo-Patch auf dem linken \u00c4rmel<\/li>\n<li>BOGNER Schriftzug an den Seiten<\/li>\n<li>Geradliniger Saum<\/li>\n<\/ul>","protected":false},"excerpt":{"rendered":"<p>Bogner Mica H &#8211; Funktionsshirt langarm Das Bogner Mica H &#8211; Funktionsshirt sportliche Baselayer eignet sich hervorragend als ganzt\u00e4giger Begleiter<\/p>","protected":false},"featured_media":65022,"comment_status":"open","ping_status":"closed","template":"","meta":[],"product_brand":[],"product_cat":[573,676],"product_tag":[],"class_list":{"0":"post-49380","1":"product","2":"type-product","3":"status-publish","4":"has-post-thumbnail","6":"product_cat-zubehor","7":"product_cat-zugsysteme","8":"pa_marke-bogner","10":"first","11":"instock","12":"sale","13":"taxable","14":"shipping-taxable","15":"purchasable","16":"product-type-variable"},"yoast_head":"<!-- This site is optimized with the Yoast SEO Premium plugin v20.12 (Yoast SEO v27.1.1) - https:\/\/yoast.com\/product\/yoast-seo-premium-wordpress\/ -->\n<title>Bogner Mica H - Funktionsshirt langarm<\/title>\n<meta name=\"description\" content=\"kgerad.de bietet Ihnen das Bogner Mica H - Funktionsshirt langarm zum besten Preis mit kostenlosem Versand in ganz Europa und sichere Zahlung\" \/>\n<meta name=\"robots\" content=\"index, follow, max-snippet:-1, max-image-preview:large, max-video-preview:-1\" \/>\n<link rel=\"canonical\" href=\"https:\/\/kgerad.de\/en\/product\/bogner-mica-h-funktionsshirt-langarm\/\" \/>\n<meta property=\"og:locale\" content=\"en_US\" \/>\n<meta property=\"og:type\" content=\"article\" \/>\n<meta property=\"og:title\" content=\"Bogner Mica H - Funktionsshirt langarm\" \/>\n<meta property=\"og:description\" content=\"Entdecken Sie unseren Online-Fahrradladen: Gro\u00dfe Auswahl an Modellen f\u00fcr alle Radsportbegeisterten. Von Rennr\u00e4dern bis zu Mountainbikes - finden Sie heute Ihren perfekten Wegbegleiter!\" \/>\n<meta property=\"og:url\" content=\"https:\/\/kgerad.de\/en\/product\/bogner-mica-h-funktionsshirt-langarm\/\" \/>\n<meta property=\"og:site_name\" content=\"kgerad.de\" \/>\n<meta property=\"article:modified_time\" content=\"2023-08-10T16:55:30+00:00\" \/>\n<meta property=\"og:image\" content=\"https:\/\/kgerad.de\/wp-content\/uploads\/2023\/06\/Bogner_Mica-Funktionsshirt-langarm_5107-5952-466_-1_800x800-0.jpg\" \/>\n\t<meta property=\"og:image:width\" content=\"548\" \/>\n\t<meta property=\"og:image:height\" content=\"800\" \/>\n\t<meta property=\"og:image:type\" content=\"image\/jpeg\" \/>\n<meta name=\"twitter:card\" content=\"summary_large_image\" \/>\n<meta name=\"twitter:label1\" content=\"Est. reading time\" \/>\n\t<meta name=\"twitter:data1\" content=\"2 minutes\" \/>\n<script type=\"application\/ld+json\" class=\"yoast-schema-graph\">{\"@context\":\"https:\/\/schema.org\",\"@graph\":[{\"@type\":\"WebPage\",\"@id\":\"https:\/\/kgerad.de\/produkt\/bogner-mica-h-funktionsshirt-langarm\/\",\"url\":\"https:\/\/kgerad.de\/produkt\/bogner-mica-h-funktionsshirt-langarm\/\",\"name\":\"Bogner Mica H - Funktionsshirt langarm\",\"isPartOf\":{\"@id\":\"https:\/\/kgerad.de\/#website\"},\"primaryImageOfPage\":{\"@id\":\"https:\/\/kgerad.de\/produkt\/bogner-mica-h-funktionsshirt-langarm\/#primaryimage\"},\"image\":{\"@id\":\"https:\/\/kgerad.de\/produkt\/bogner-mica-h-funktionsshirt-langarm\/#primaryimage\"},\"thumbnailUrl\":\"https:\/\/kgerad.de\/wp-content\/uploads\/2023\/06\/Bogner_Mica-Funktionsshirt-langarm_5107-5952-466_-1_800x800-0.jpg\",\"datePublished\":\"2022-12-23T15:31:38+00:00\",\"dateModified\":\"2023-08-10T16:55:30+00:00\",\"description\":\"kgerad.de bietet Ihnen das Bogner Mica H - Funktionsshirt langarm zum besten Preis mit kostenlosem Versand in ganz Europa und sichere Zahlung\",\"breadcrumb\":{\"@id\":\"https:\/\/kgerad.de\/produkt\/bogner-mica-h-funktionsshirt-langarm\/#breadcrumb\"},\"inLanguage\":\"en-US\",\"potentialAction\":[{\"@type\":\"ReadAction\",\"target\":[\"https:\/\/kgerad.de\/produkt\/bogner-mica-h-funktionsshirt-langarm\/\"]}]},{\"@type\":\"ImageObject\",\"inLanguage\":\"en-US\",\"@id\":\"https:\/\/kgerad.de\/produkt\/bogner-mica-h-funktionsshirt-langarm\/#primaryimage\",\"url\":\"https:\/\/kgerad.de\/wp-content\/uploads\/2023\/06\/Bogner_Mica-Funktionsshirt-langarm_5107-5952-466_-1_800x800-0.jpg\",\"contentUrl\":\"https:\/\/kgerad.de\/wp-content\/uploads\/2023\/06\/Bogner_Mica-Funktionsshirt-langarm_5107-5952-466_-1_800x800-0.jpg\",\"width\":548,\"height\":800,\"caption\":\"Bogner Mica - Funktionsshirt langarm\"},{\"@type\":\"BreadcrumbList\",\"@id\":\"https:\/\/kgerad.de\/produkt\/bogner-mica-h-funktionsshirt-langarm\/#breadcrumb\",\"itemListElement\":[{\"@type\":\"ListItem\",\"position\":1,\"name\":\"Startseite\",\"item\":\"https:\/\/kgerad.de\/\"},{\"@type\":\"ListItem\",\"position\":2,\"name\":\"LADEN\",\"item\":\"https:\/\/kgerad.de\/laden\/\"},{\"@type\":\"ListItem\",\"position\":3,\"name\":\"Bogner Mica H &#8211; Funktionsshirt langarm\"}]},{\"@type\":\"WebSite\",\"@id\":\"https:\/\/kgerad.de\/#website\",\"url\":\"https:\/\/kgerad.de\/\",\"name\":\"kgerad.de\",\"description\":\"Treten Sie mit uns ins Abenteuer!\",\"publisher\":{\"@id\":\"https:\/\/kgerad.de\/#organization\"},\"alternateName\":\"MEIN RADLADEN\",\"potentialAction\":[{\"@type\":\"SearchAction\",\"target\":{\"@type\":\"EntryPoint\",\"urlTemplate\":\"https:\/\/kgerad.de\/?s={search_term_string}\"},\"query-input\":{\"@type\":\"PropertyValueSpecification\",\"valueRequired\":true,\"valueName\":\"search_term_string\"}}],\"inLanguage\":\"en-US\"},{\"@type\":\"Organization\",\"@id\":\"https:\/\/kgerad.de\/#organization\",\"name\":\"MEINRADLADEN\",\"alternateName\":\"MEIN RADLADEN\",\"url\":\"https:\/\/kgerad.de\/\",\"logo\":{\"@type\":\"ImageObject\",\"inLanguage\":\"en-US\",\"@id\":\"https:\/\/kgerad.de\/#\/schema\/logo\/image\/\",\"url\":\"https:\/\/kgerad.de\/wp-content\/uploads\/2025\/07\/logo-Whit.svg\",\"contentUrl\":\"https:\/\/kgerad.de\/wp-content\/uploads\/2025\/07\/logo-Whit.svg\",\"width\":1640,\"height\":371,\"caption\":\"MEINRADLADEN\"},\"image\":{\"@id\":\"https:\/\/kgerad.de\/#\/schema\/logo\/image\/\"}}]}<\/script>\n<!-- \/ Yoast SEO Premium plugin. -->","yoast_head_json":{"title":"Bogner Mica H - Funktionsshirt langarm","description":"kgerad.de bietet Ihnen das Bogner Mica H - Funktionsshirt langarm zum besten Preis mit kostenlosem Versand in ganz Europa und sichere Zahlung","robots":{"index":"index","follow":"follow","max-snippet":"max-snippet:-1","max-image-preview":"max-image-preview:large","max-video-preview":"max-video-preview:-1"},"canonical":"https:\/\/kgerad.de\/en\/product\/bogner-mica-h-funktionsshirt-langarm\/","og_locale":"en_US","og_type":"article","og_title":"Bogner Mica H - Funktionsshirt langarm","og_description":"Entdecken Sie unseren Online-Fahrradladen: Gro\u00dfe Auswahl an Modellen f\u00fcr alle Radsportbegeisterten. Von Rennr\u00e4dern bis zu Mountainbikes - finden Sie heute Ihren perfekten Wegbegleiter!","og_url":"https:\/\/kgerad.de\/en\/product\/bogner-mica-h-funktionsshirt-langarm\/","og_site_name":"kgerad.de","article_modified_time":"2023-08-10T16:55:30+00:00","og_image":[{"width":548,"height":800,"url":"https:\/\/kgerad.de\/wp-content\/uploads\/2023\/06\/Bogner_Mica-Funktionsshirt-langarm_5107-5952-466_-1_800x800-0.jpg","type":"image\/jpeg"}],"twitter_card":"summary_large_image","twitter_misc":{"Est. reading time":"2 minutes"},"schema":{"@context":"https:\/\/schema.org","@graph":[{"@type":"WebPage","@id":"https:\/\/kgerad.de\/produkt\/bogner-mica-h-funktionsshirt-langarm\/","url":"https:\/\/kgerad.de\/produkt\/bogner-mica-h-funktionsshirt-langarm\/","name":"Bogner Mica H - Funktionsshirt langarm","isPartOf":{"@id":"https:\/\/kgerad.de\/#website"},"primaryImageOfPage":{"@id":"https:\/\/kgerad.de\/produkt\/bogner-mica-h-funktionsshirt-langarm\/#primaryimage"},"image":{"@id":"https:\/\/kgerad.de\/produkt\/bogner-mica-h-funktionsshirt-langarm\/#primaryimage"},"thumbnailUrl":"https:\/\/kgerad.de\/wp-content\/uploads\/2023\/06\/Bogner_Mica-Funktionsshirt-langarm_5107-5952-466_-1_800x800-0.jpg","datePublished":"2022-12-23T15:31:38+00:00","dateModified":"2023-08-10T16:55:30+00:00","description":"kgerad.de bietet Ihnen das Bogner Mica H - Funktionsshirt langarm zum besten Preis mit kostenlosem Versand in ganz Europa und sichere Zahlung","breadcrumb":{"@id":"https:\/\/kgerad.de\/produkt\/bogner-mica-h-funktionsshirt-langarm\/#breadcrumb"},"inLanguage":"en-US","potentialAction":[{"@type":"ReadAction","target":["https:\/\/kgerad.de\/produkt\/bogner-mica-h-funktionsshirt-langarm\/"]}]},{"@type":"ImageObject","inLanguage":"en-US","@id":"https:\/\/kgerad.de\/produkt\/bogner-mica-h-funktionsshirt-langarm\/#primaryimage","url":"https:\/\/kgerad.de\/wp-content\/uploads\/2023\/06\/Bogner_Mica-Funktionsshirt-langarm_5107-5952-466_-1_800x800-0.jpg","contentUrl":"https:\/\/kgerad.de\/wp-content\/uploads\/2023\/06\/Bogner_Mica-Funktionsshirt-langarm_5107-5952-466_-1_800x800-0.jpg","width":548,"height":800,"caption":"Bogner Mica - Funktionsshirt langarm"},{"@type":"BreadcrumbList","@id":"https:\/\/kgerad.de\/produkt\/bogner-mica-h-funktionsshirt-langarm\/#breadcrumb","itemListElement":[{"@type":"ListItem","position":1,"name":"Startseite","item":"https:\/\/kgerad.de\/"},{"@type":"ListItem","position":2,"name":"LADEN","item":"https:\/\/kgerad.de\/laden\/"},{"@type":"ListItem","position":3,"name":"Bogner Mica H &#8211; Funktionsshirt langarm"}]},{"@type":"WebSite","@id":"https:\/\/kgerad.de\/#website","url":"https:\/\/kgerad.de\/","name":"kgerad.de","description":"Treten Sie mit uns ins Abenteuer!","publisher":{"@id":"https:\/\/kgerad.de\/#organization"},"alternateName":"MEIN RADLADEN","potentialAction":[{"@type":"SearchAction","target":{"@type":"EntryPoint","urlTemplate":"https:\/\/kgerad.de\/?s={search_term_string}"},"query-input":{"@type":"PropertyValueSpecification","valueRequired":true,"valueName":"search_term_string"}}],"inLanguage":"en-US"},{"@type":"Organization","@id":"https:\/\/kgerad.de\/#organization","name":"MEINRADLADEN","alternateName":"MEIN RADLADEN","url":"https:\/\/kgerad.de\/","logo":{"@type":"ImageObject","inLanguage":"en-US","@id":"https:\/\/kgerad.de\/#\/schema\/logo\/image\/","url":"https:\/\/kgerad.de\/wp-content\/uploads\/2025\/07\/logo-Whit.svg","contentUrl":"https:\/\/kgerad.de\/wp-content\/uploads\/2025\/07\/logo-Whit.svg","width":1640,"height":371,"caption":"MEINRADLADEN"},"image":{"@id":"https:\/\/kgerad.de\/#\/schema\/logo\/image\/"}}]}},"_links":{"self":[{"href":"https:\/\/kgerad.de\/en\/wp-json\/wp\/v2\/product\/49380","targetHints":{"allow":["GET"]}}],"collection":[{"href":"https:\/\/kgerad.de\/en\/wp-json\/wp\/v2\/product"}],"about":[{"href":"https:\/\/kgerad.de\/en\/wp-json\/wp\/v2\/types\/product"}],"replies":[{"embeddable":true,"href":"https:\/\/kgerad.de\/en\/wp-json\/wp\/v2\/comments?post=49380"}],"version-history":[{"count":1,"href":"https:\/\/kgerad.de\/en\/wp-json\/wp\/v2\/product\/49380\/revisions"}],"predecessor-version":[{"id":78635,"href":"https:\/\/kgerad.de\/en\/wp-json\/wp\/v2\/product\/49380\/revisions\/78635"}],"wp:featuredmedia":[{"embeddable":true,"href":"https:\/\/kgerad.de\/en\/wp-json\/wp\/v2\/media\/65022"}],"wp:attachment":[{"href":"https:\/\/kgerad.de\/en\/wp-json\/wp\/v2\/media?parent=49380"}],"wp:term":[{"taxonomy":"product_brand","embeddable":true,"href":"https:\/\/kgerad.de\/en\/wp-json\/wp\/v2\/product_brand?post=49380"},{"taxonomy":"product_cat","embeddable":true,"href":"https:\/\/kgerad.de\/en\/wp-json\/wp\/v2\/product_cat?post=49380"},{"taxonomy":"product_tag","embeddable":true,"href":"https:\/\/kgerad.de\/en\/wp-json\/wp\/v2\/product_tag?post=49380"}],"curies":[{"name":"wp","href":"https:\/\/api.w.org\/{rel}","templated":true}]}}