{"id":49371,"date":"2022-12-23T16:17:21","date_gmt":"2022-12-23T15:17:21","guid":{"rendered":"https:\/\/kgerad.de\/?post_type=product&#038;p=49371"},"modified":"2023-08-10T18:55:43","modified_gmt":"2023-08-10T16:55:43","slug":"bogner-junas-funktionsshirt-langarm","status":"publish","type":"product","link":"https:\/\/kgerad.de\/en\/product\/bogner-junas-funktionsshirt-langarm\/","title":{"rendered":"Bogner Junas Funktionsshirt langarm"},"content":{"rendered":"<h2 class=\"product--title\"><strong>Bogner<\/strong> Junas Funktionsshirt langarm<\/h2>\n<p>Dieses Bogner Junas &#8211; Funktionsshirt <a href=\"http:\/\/1-1\">Oberteil<\/a> k\u00f6nnte deine Erwartungen an eine Basisschicht \u00fcbertreffen. Ausgestattet mit der energear\u2122-Technologie, bestehend aus einer Titan-Mineral-Matrix, f\u00fchrt dieses Material Ferninfrarotstrahlen an den eigenen K\u00f6rper zur\u00fcck, was sich positiv auf den K\u00f6rper und dessen Energiehaushalt auswirkt.<\/p>\n<h4>Eine Fusion von Style und Funktionalit\u00e4t: das Junas Baselayer von Bogner<\/h4>\n<p>Das Resultat ist eine bessere Konzentrationsleistung, schnellere Regeneration und ein allgemein gesteigertes Wohlbefinden. Zus\u00e4tzlich ist das Material dehnbar, strapazierf\u00e4hig und verf\u00fcgt \u00fcber erstklassige feuchtigkeitsregulierende Eigenschaften.<\/p>\n<p>Und wenn dir das noch nicht genug ist, schauen wir uns das Junas mal im Detail an. Bogner ist sich mit diesem Design wieder einmal treu geblieben und hat ein schlichtes Langarmshirt mit stilvollen Kontrastelementen kombiniert \u2013 simpel, aber dennoch schick. Die Platzierung der Kontraste formt au\u00dferdem eine sehr sch\u00f6ne Silhouette.<\/p>\n<p>Der Halsbereich wird bei Wind und kalten Temperaturen vom Stehkragen gesch\u00fctzt, der mit einem praktischen, kurzen Rei\u00dfverschluss ausgestattet ist. Mittels dessen wird dir sowohl das An- und Ausziehen erleichtert als auch eine Bel\u00fcftungsm\u00f6glichkeit geboten, wenn dir zu warm wird. Der B-Logo-Anh\u00e4nger erm\u00f6glicht dir ein einfaches Greifen und Bedienen des Rei\u00dfverschlusses, welcher mit einer Zippergarage ausgestattet ist. Diese sorgt daf\u00fcr, dass der Rei\u00dfverschluss nicht verklemmt und bietet zus\u00e4tzlich Schutz vor Reibung am Kinn und vor Besch\u00e4digung an einem Tuch oder Schal.<\/p>\n<p>Oftmals sind es die kleinen Details, die ein Design erst vollkommen machen. Im Falle des Junas sind es der BOGNER-Print auf der R\u00fcckseite und die formgebenden Overlockn\u00e4hte, die sich an den Abschl\u00fcssen befinden. Der Saum wird hier simpel und gerade gehalten \u2013 f\u00fcr einen zeitlosen und cleanen Look.<\/p>\n<hr \/>\n<h4>Produkteigenschaften &#8211; Bogner Junas<\/h4>\n<ul>\n<li>Basisschicht<\/li>\n<li>Regul\u00e4re Passform<\/li>\n<li>energear\u2122-Technologie<\/li>\n<li>Dehnbares, strapazierf\u00e4higes Material mit optimaler Feuchtigkeitsregulierung<\/li>\n<li>Kontrastelemente<\/li>\n<li>Stehkragen mit kurzem Rei\u00dfverschluss inklusive Zippergarage<\/li>\n<li>B-Logo-Anh\u00e4nger am Rei\u00dfverschluss<\/li>\n<li>BOGNER Schriftzug auf der R\u00fcckseite<\/li>\n<li>Overlockn\u00e4hte an den Abschl\u00fcssen<\/li>\n<li>Geradliniger Saum<\/li>\n<\/ul>","protected":false},"excerpt":{"rendered":"<p>Bogner Junas Funktionsshirt langarm Dieses Bogner Junas &#8211; Funktionsshirt Oberteil k\u00f6nnte deine Erwartungen an eine Basisschicht \u00fcbertreffen. Ausgestattet mit der<\/p>","protected":false},"featured_media":65019,"comment_status":"open","ping_status":"closed","template":"","meta":[],"product_brand":[],"product_cat":[573,676],"product_tag":[],"class_list":{"0":"post-49371","1":"product","2":"type-product","3":"status-publish","4":"has-post-thumbnail","6":"product_cat-zubehor","7":"product_cat-zugsysteme","8":"pa_marke-bogner","10":"first","11":"instock","12":"sale","13":"taxable","14":"shipping-taxable","15":"purchasable","16":"product-type-variable"},"yoast_head":"<!-- This site is optimized with the Yoast SEO Premium plugin v20.12 (Yoast SEO v27.1.1) - https:\/\/yoast.com\/product\/yoast-seo-premium-wordpress\/ -->\n<title>Bogner Junas Funktionsshirt langarm<\/title>\n<meta name=\"description\" content=\"Entdecken Sie unseren Online-Fahrradladen: Gro\u00dfe Auswahl an Modellen f\u00fcr alle Radsportbegeisterten. Von Rennr\u00e4dern bis zu Mountainbikes - finden Sie heute Ihren perfekten Wegbegleiter!\" \/>\n<meta name=\"robots\" content=\"index, follow, max-snippet:-1, max-image-preview:large, max-video-preview:-1\" \/>\n<link rel=\"canonical\" href=\"https:\/\/kgerad.de\/en\/product\/bogner-junas-funktionsshirt-langarm\/\" \/>\n<meta property=\"og:locale\" content=\"en_US\" \/>\n<meta property=\"og:type\" content=\"article\" \/>\n<meta property=\"og:title\" content=\"Bogner Junas Funktionsshirt langarm\" \/>\n<meta property=\"og:description\" content=\"Entdecken Sie unseren Online-Fahrradladen: Gro\u00dfe Auswahl an Modellen f\u00fcr alle Radsportbegeisterten. Von Rennr\u00e4dern bis zu Mountainbikes - finden Sie heute Ihren perfekten Wegbegleiter!\" \/>\n<meta property=\"og:url\" content=\"https:\/\/kgerad.de\/en\/product\/bogner-junas-funktionsshirt-langarm\/\" \/>\n<meta property=\"og:site_name\" content=\"kgerad.de\" \/>\n<meta property=\"article:modified_time\" content=\"2023-08-10T16:55:43+00:00\" \/>\n<meta property=\"og:image\" content=\"https:\/\/kgerad.de\/wp-content\/uploads\/2023\/06\/Bogner_Junas-Funktionsshirt-langarm_5104-5952-714_-1_800x800-0.jpg\" \/>\n\t<meta property=\"og:image:width\" content=\"511\" \/>\n\t<meta property=\"og:image:height\" content=\"800\" \/>\n\t<meta property=\"og:image:type\" content=\"image\/jpeg\" \/>\n<meta name=\"twitter:card\" content=\"summary_large_image\" \/>\n<meta name=\"twitter:label1\" content=\"Est. reading time\" \/>\n\t<meta name=\"twitter:data1\" content=\"2 minutes\" \/>\n<script type=\"application\/ld+json\" class=\"yoast-schema-graph\">{\"@context\":\"https:\/\/schema.org\",\"@graph\":[{\"@type\":\"WebPage\",\"@id\":\"https:\/\/kgerad.de\/produkt\/bogner-junas-funktionsshirt-langarm\/\",\"url\":\"https:\/\/kgerad.de\/produkt\/bogner-junas-funktionsshirt-langarm\/\",\"name\":\"Bogner Junas Funktionsshirt langarm\",\"isPartOf\":{\"@id\":\"https:\/\/kgerad.de\/#website\"},\"primaryImageOfPage\":{\"@id\":\"https:\/\/kgerad.de\/produkt\/bogner-junas-funktionsshirt-langarm\/#primaryimage\"},\"image\":{\"@id\":\"https:\/\/kgerad.de\/produkt\/bogner-junas-funktionsshirt-langarm\/#primaryimage\"},\"thumbnailUrl\":\"https:\/\/kgerad.de\/wp-content\/uploads\/2023\/06\/Bogner_Junas-Funktionsshirt-langarm_5104-5952-714_-1_800x800-0.jpg\",\"datePublished\":\"2022-12-23T15:17:21+00:00\",\"dateModified\":\"2023-08-10T16:55:43+00:00\",\"description\":\"Entdecken Sie unseren Online-Fahrradladen: Gro\u00dfe Auswahl an Modellen f\u00fcr alle Radsportbegeisterten. Von Rennr\u00e4dern bis zu Mountainbikes - finden Sie heute Ihren perfekten Wegbegleiter!\",\"breadcrumb\":{\"@id\":\"https:\/\/kgerad.de\/produkt\/bogner-junas-funktionsshirt-langarm\/#breadcrumb\"},\"inLanguage\":\"en-US\",\"potentialAction\":[{\"@type\":\"ReadAction\",\"target\":[\"https:\/\/kgerad.de\/produkt\/bogner-junas-funktionsshirt-langarm\/\"]}]},{\"@type\":\"ImageObject\",\"inLanguage\":\"en-US\",\"@id\":\"https:\/\/kgerad.de\/produkt\/bogner-junas-funktionsshirt-langarm\/#primaryimage\",\"url\":\"https:\/\/kgerad.de\/wp-content\/uploads\/2023\/06\/Bogner_Junas-Funktionsshirt-langarm_5104-5952-714_-1_800x800-0.jpg\",\"contentUrl\":\"https:\/\/kgerad.de\/wp-content\/uploads\/2023\/06\/Bogner_Junas-Funktionsshirt-langarm_5104-5952-714_-1_800x800-0.jpg\",\"width\":511,\"height\":800,\"caption\":\"Bogner Junas - Funktionsshirt langarm\"},{\"@type\":\"BreadcrumbList\",\"@id\":\"https:\/\/kgerad.de\/produkt\/bogner-junas-funktionsshirt-langarm\/#breadcrumb\",\"itemListElement\":[{\"@type\":\"ListItem\",\"position\":1,\"name\":\"Startseite\",\"item\":\"https:\/\/kgerad.de\/\"},{\"@type\":\"ListItem\",\"position\":2,\"name\":\"LADEN\",\"item\":\"https:\/\/kgerad.de\/laden\/\"},{\"@type\":\"ListItem\",\"position\":3,\"name\":\"Bogner Junas Funktionsshirt langarm\"}]},{\"@type\":\"WebSite\",\"@id\":\"https:\/\/kgerad.de\/#website\",\"url\":\"https:\/\/kgerad.de\/\",\"name\":\"kgerad.de\",\"description\":\"Treten Sie mit uns ins Abenteuer!\",\"publisher\":{\"@id\":\"https:\/\/kgerad.de\/#organization\"},\"alternateName\":\"MEIN RADLADEN\",\"potentialAction\":[{\"@type\":\"SearchAction\",\"target\":{\"@type\":\"EntryPoint\",\"urlTemplate\":\"https:\/\/kgerad.de\/?s={search_term_string}\"},\"query-input\":{\"@type\":\"PropertyValueSpecification\",\"valueRequired\":true,\"valueName\":\"search_term_string\"}}],\"inLanguage\":\"en-US\"},{\"@type\":\"Organization\",\"@id\":\"https:\/\/kgerad.de\/#organization\",\"name\":\"MEINRADLADEN\",\"alternateName\":\"MEIN RADLADEN\",\"url\":\"https:\/\/kgerad.de\/\",\"logo\":{\"@type\":\"ImageObject\",\"inLanguage\":\"en-US\",\"@id\":\"https:\/\/kgerad.de\/#\/schema\/logo\/image\/\",\"url\":\"https:\/\/kgerad.de\/wp-content\/uploads\/2025\/07\/logo-Whit.svg\",\"contentUrl\":\"https:\/\/kgerad.de\/wp-content\/uploads\/2025\/07\/logo-Whit.svg\",\"width\":1640,\"height\":371,\"caption\":\"MEINRADLADEN\"},\"image\":{\"@id\":\"https:\/\/kgerad.de\/#\/schema\/logo\/image\/\"}}]}<\/script>\n<!-- \/ Yoast SEO Premium plugin. -->","yoast_head_json":{"title":"Bogner Junas Funktionsshirt langarm","description":"Entdecken Sie unseren Online-Fahrradladen: Gro\u00dfe Auswahl an Modellen f\u00fcr alle Radsportbegeisterten. Von Rennr\u00e4dern bis zu Mountainbikes - finden Sie heute Ihren perfekten Wegbegleiter!","robots":{"index":"index","follow":"follow","max-snippet":"max-snippet:-1","max-image-preview":"max-image-preview:large","max-video-preview":"max-video-preview:-1"},"canonical":"https:\/\/kgerad.de\/en\/product\/bogner-junas-funktionsshirt-langarm\/","og_locale":"en_US","og_type":"article","og_title":"Bogner Junas Funktionsshirt langarm","og_description":"Entdecken Sie unseren Online-Fahrradladen: Gro\u00dfe Auswahl an Modellen f\u00fcr alle Radsportbegeisterten. Von Rennr\u00e4dern bis zu Mountainbikes - finden Sie heute Ihren perfekten Wegbegleiter!","og_url":"https:\/\/kgerad.de\/en\/product\/bogner-junas-funktionsshirt-langarm\/","og_site_name":"kgerad.de","article_modified_time":"2023-08-10T16:55:43+00:00","og_image":[{"width":511,"height":800,"url":"https:\/\/kgerad.de\/wp-content\/uploads\/2023\/06\/Bogner_Junas-Funktionsshirt-langarm_5104-5952-714_-1_800x800-0.jpg","type":"image\/jpeg"}],"twitter_card":"summary_large_image","twitter_misc":{"Est. reading time":"2 minutes"},"schema":{"@context":"https:\/\/schema.org","@graph":[{"@type":"WebPage","@id":"https:\/\/kgerad.de\/produkt\/bogner-junas-funktionsshirt-langarm\/","url":"https:\/\/kgerad.de\/produkt\/bogner-junas-funktionsshirt-langarm\/","name":"Bogner Junas Funktionsshirt langarm","isPartOf":{"@id":"https:\/\/kgerad.de\/#website"},"primaryImageOfPage":{"@id":"https:\/\/kgerad.de\/produkt\/bogner-junas-funktionsshirt-langarm\/#primaryimage"},"image":{"@id":"https:\/\/kgerad.de\/produkt\/bogner-junas-funktionsshirt-langarm\/#primaryimage"},"thumbnailUrl":"https:\/\/kgerad.de\/wp-content\/uploads\/2023\/06\/Bogner_Junas-Funktionsshirt-langarm_5104-5952-714_-1_800x800-0.jpg","datePublished":"2022-12-23T15:17:21+00:00","dateModified":"2023-08-10T16:55:43+00:00","description":"Entdecken Sie unseren Online-Fahrradladen: Gro\u00dfe Auswahl an Modellen f\u00fcr alle Radsportbegeisterten. Von Rennr\u00e4dern bis zu Mountainbikes - finden Sie heute Ihren perfekten Wegbegleiter!","breadcrumb":{"@id":"https:\/\/kgerad.de\/produkt\/bogner-junas-funktionsshirt-langarm\/#breadcrumb"},"inLanguage":"en-US","potentialAction":[{"@type":"ReadAction","target":["https:\/\/kgerad.de\/produkt\/bogner-junas-funktionsshirt-langarm\/"]}]},{"@type":"ImageObject","inLanguage":"en-US","@id":"https:\/\/kgerad.de\/produkt\/bogner-junas-funktionsshirt-langarm\/#primaryimage","url":"https:\/\/kgerad.de\/wp-content\/uploads\/2023\/06\/Bogner_Junas-Funktionsshirt-langarm_5104-5952-714_-1_800x800-0.jpg","contentUrl":"https:\/\/kgerad.de\/wp-content\/uploads\/2023\/06\/Bogner_Junas-Funktionsshirt-langarm_5104-5952-714_-1_800x800-0.jpg","width":511,"height":800,"caption":"Bogner Junas - Funktionsshirt langarm"},{"@type":"BreadcrumbList","@id":"https:\/\/kgerad.de\/produkt\/bogner-junas-funktionsshirt-langarm\/#breadcrumb","itemListElement":[{"@type":"ListItem","position":1,"name":"Startseite","item":"https:\/\/kgerad.de\/"},{"@type":"ListItem","position":2,"name":"LADEN","item":"https:\/\/kgerad.de\/laden\/"},{"@type":"ListItem","position":3,"name":"Bogner Junas Funktionsshirt langarm"}]},{"@type":"WebSite","@id":"https:\/\/kgerad.de\/#website","url":"https:\/\/kgerad.de\/","name":"kgerad.de","description":"Treten Sie mit uns ins Abenteuer!","publisher":{"@id":"https:\/\/kgerad.de\/#organization"},"alternateName":"MEIN RADLADEN","potentialAction":[{"@type":"SearchAction","target":{"@type":"EntryPoint","urlTemplate":"https:\/\/kgerad.de\/?s={search_term_string}"},"query-input":{"@type":"PropertyValueSpecification","valueRequired":true,"valueName":"search_term_string"}}],"inLanguage":"en-US"},{"@type":"Organization","@id":"https:\/\/kgerad.de\/#organization","name":"MEINRADLADEN","alternateName":"MEIN RADLADEN","url":"https:\/\/kgerad.de\/","logo":{"@type":"ImageObject","inLanguage":"en-US","@id":"https:\/\/kgerad.de\/#\/schema\/logo\/image\/","url":"https:\/\/kgerad.de\/wp-content\/uploads\/2025\/07\/logo-Whit.svg","contentUrl":"https:\/\/kgerad.de\/wp-content\/uploads\/2025\/07\/logo-Whit.svg","width":1640,"height":371,"caption":"MEINRADLADEN"},"image":{"@id":"https:\/\/kgerad.de\/#\/schema\/logo\/image\/"}}]}},"_links":{"self":[{"href":"https:\/\/kgerad.de\/en\/wp-json\/wp\/v2\/product\/49371","targetHints":{"allow":["GET"]}}],"collection":[{"href":"https:\/\/kgerad.de\/en\/wp-json\/wp\/v2\/product"}],"about":[{"href":"https:\/\/kgerad.de\/en\/wp-json\/wp\/v2\/types\/product"}],"replies":[{"embeddable":true,"href":"https:\/\/kgerad.de\/en\/wp-json\/wp\/v2\/comments?post=49371"}],"version-history":[{"count":1,"href":"https:\/\/kgerad.de\/en\/wp-json\/wp\/v2\/product\/49371\/revisions"}],"predecessor-version":[{"id":78636,"href":"https:\/\/kgerad.de\/en\/wp-json\/wp\/v2\/product\/49371\/revisions\/78636"}],"wp:featuredmedia":[{"embeddable":true,"href":"https:\/\/kgerad.de\/en\/wp-json\/wp\/v2\/media\/65019"}],"wp:attachment":[{"href":"https:\/\/kgerad.de\/en\/wp-json\/wp\/v2\/media?parent=49371"}],"wp:term":[{"taxonomy":"product_brand","embeddable":true,"href":"https:\/\/kgerad.de\/en\/wp-json\/wp\/v2\/product_brand?post=49371"},{"taxonomy":"product_cat","embeddable":true,"href":"https:\/\/kgerad.de\/en\/wp-json\/wp\/v2\/product_cat?post=49371"},{"taxonomy":"product_tag","embeddable":true,"href":"https:\/\/kgerad.de\/en\/wp-json\/wp\/v2\/product_tag?post=49371"}],"curies":[{"name":"wp","href":"https:\/\/api.w.org\/{rel}","templated":true}]}}