{"id":49321,"date":"2022-12-20T18:27:14","date_gmt":"2022-12-20T17:27:14","guid":{"rendered":"https:\/\/kgerad.de\/?post_type=product&#038;p=49321"},"modified":"2023-08-10T19:00:35","modified_gmt":"2023-08-10T17:00:35","slug":"adore-e-bike-versailles-7-gang-shimano-tourney-schaltwerk","status":"publish","type":"product","link":"https:\/\/kgerad.de\/en\/product\/adore-e-bike-versailles-7-gang-shimano-tourney-schaltwerk\/","title":{"rendered":"Adore E-Bike Versailles 7 Gang Shimano Tourney Schaltwerk"},"content":{"rendered":"<h3 class=\"pdp_variation-name pl_headline100\" data-qa=\"variationName\">Adore E-Bike Versailles 7 Gang Shimano Tourney Schaltwerk, Kettenschaltung, Heckmotor 250 W<\/h3>\n<div class=\"pdp_quick-access js_pdp_quick-access__root\">\n<div class=\"cr_aggregation\">Ins B\u00fcro pendeln oder am Wochenende l\u00e4ngere Touren bew\u00e4ltigen geht jetzt ganz einfach: Das ADORE E-Bike VERSAILLES 7 ist der perfekte Einstieg in die E-Mobilit\u00e4t!<br \/>\nWeitere Entfernungen oder Steigungen werden mit dem hochwertigen Lithium-Ionen-Akku mit bis zu 80 Kilometern Reichweite (abh\u00e4ngig von verschiedenen Parametern wie z.B. Gel\u00e4nde, Unterst\u00fctzungsstufe, Fahrergewicht etc.) kinderleicht zur\u00fcckgelegt. Nach 6-7 Stunden ist der Akku wieder vollst\u00e4ndig geladen.<br \/>\nDas Fahrrad ADORE City-E-Bike ist mit einem b\u00fcrstenlosen Gleichstrom-Motor im Hinterrad ausgestattet, der \u00fcber das Display am Lenker eingeschaltet wird und sich \u2013 gem\u00e4\u00df StVZO \u2013 ab einer Geschwindigkeit von 25 km\/h automatisch abschaltet. Bei Bet\u00e4tigung der Bremsen schaltet sich der Motor durch eingebaute Sensoren ebenfalls sofort ab.<br \/>\nADORE City-E-Bike Mit dem Display am Lenker k\u00f6nnen Sie zwischen f\u00fcnf Unterst\u00fctzungsleveln w\u00e4hlen sowie den Akkuladezustand \u00fcber ebenfalls f\u00fcnf Leuchtdioden \u00fcberwachen. Es ist au\u00dferdem mit einer Federgabel und SHIMANO 7-Gang-Kettenschaltung ausgestattet und dank seines Aluminium-Rahmens besonders leicht.<\/div>\n<h4 class=\"pl_headline200 pl_mb50\">Details<\/h4>\n<div class=\"pl_text-expander pl_copy100 pdp_details__text-expander js_pdp_details__text-expander pl_text-expander--has-more pl_text-expander--expanded\" lang=\"de\">\n<div class=\"pdp_details__characteristics-html\">\n<table class=\"dv_characteristicsTable\">\n<caption>MOTOR \/ AKKU<\/caption>\n<tbody>\n<tr>\n<td class=\"left\">Typ Motor<\/td>\n<td>Heckmotor<\/td>\n<\/tr>\n<tr>\n<td class=\"left\">Position Motor<\/td>\n<td>Nabe<\/td>\n<\/tr>\n<tr>\n<td class=\"left\">H\u00f6chstgeschwindigkeit<\/td>\n<td>25 km\/h<\/td>\n<\/tr>\n<tr>\n<td class=\"left\">Leistung Motor<\/td>\n<td>250 W<\/td>\n<\/tr>\n<tr>\n<td class=\"left\">Leistung Motor in V<\/td>\n<td>36 V<\/td>\n<\/tr>\n<tr>\n<td class=\"left\">Details Motor<\/td>\n<td>b\u00fcrstenlos<br \/>\nGleichstrommotor<br \/>\nwartungsfrei<\/td>\n<\/tr>\n<tr>\n<td class=\"left\">Anzahl Unterst\u00fctzungsstufen<\/td>\n<td>5<\/td>\n<\/tr>\n<tr>\n<td class=\"left\">Position Akku<\/td>\n<td>Gep\u00e4cktr\u00e4ger<\/td>\n<\/tr>\n<tr>\n<td class=\"left\">Details Akku<\/td>\n<td>abnehmbar<br \/>\nabschlie\u00dfbar<\/td>\n<\/tr>\n<tr>\n<td class=\"left\">Batterie-\/Akku-Technologie<\/td>\n<td>Lithium-Ionen (Li-Ion)<\/td>\n<\/tr>\n<tr>\n<td class=\"left\">Leistung Akku<\/td>\n<td>374,4 Wh<\/td>\n<\/tr>\n<tr>\n<td class=\"left\">Spannung Akku<\/td>\n<td>36 V<\/td>\n<\/tr>\n<tr>\n<td class=\"left\">Akkukapazit\u00e4t<\/td>\n<td>10400 mAh<\/td>\n<\/tr>\n<tr>\n<td class=\"left\">Ladezeit Akku<\/td>\n<td>7 Std.<\/td>\n<\/tr>\n<tr>\n<td class=\"left\">Reichweite Akku<\/td>\n<td>80 km<\/td>\n<\/tr>\n<tr>\n<td class=\"left\">Details Reichweite Akku<\/td>\n<td>abh\u00e4ngig von mehreren Faktoren<br \/>\nbei optimalen Bedingungen<br \/>\nje nach Fahrweise<\/td>\n<\/tr>\n<tr>\n<td class=\"left\">Anzahl Akkus<\/td>\n<td>1 St.<\/td>\n<\/tr>\n<tr>\n<td class=\"left\">Fahrhilfen<\/td>\n<td>Schiebehilfe<\/td>\n<\/tr>\n<\/tbody>\n<\/table>\n<table class=\"dv_characteristicsTable\">\n<caption>GABEL<\/caption>\n<tbody>\n<tr>\n<td class=\"left\">Marke Gabel<\/td>\n<td>Zoom<\/td>\n<\/tr>\n<tr>\n<td class=\"left\">Material Gabel<\/td>\n<td>Aluminium<br \/>\nStahl<\/td>\n<\/tr>\n<tr>\n<td class=\"left\">Typ Gabel<\/td>\n<td>Teleskopgabel<\/td>\n<\/tr>\n<tr>\n<td class=\"left\">Bauart Gabel<\/td>\n<td>Federgabel<\/td>\n<\/tr>\n<tr>\n<td class=\"left\">Federung Gabel<\/td>\n<td>Stahlfedern<\/td>\n<\/tr>\n<tr>\n<td class=\"left\">Details Federung Gabel<\/td>\n<td>einstellbar<br \/>\nmechanisch<br \/>\nmit Lockout<\/td>\n<\/tr>\n<tr>\n<td class=\"left\">Federweg<\/td>\n<td>50 mm<\/td>\n<\/tr>\n<tr>\n<td class=\"left\">D\u00e4mpfung Gabel<\/td>\n<td>mechanisch<\/td>\n<\/tr>\n<tr>\n<td class=\"left\">Farbe Gabel<\/td>\n<td>schwarz<\/td>\n<\/tr>\n<tr>\n<td class=\"left\">Finish Gabel<\/td>\n<td>lackiert<\/td>\n<\/tr>\n<\/tbody>\n<\/table>\n<table class=\"dv_characteristicsTable\">\n<caption>SCHALTUNG \/ ANTRIEB<\/caption>\n<tbody>\n<tr>\n<td class=\"left\">Antriebsform<\/td>\n<td>Kettenantrieb<\/td>\n<\/tr>\n<tr>\n<td class=\"left\">Anzahl G\u00e4nge<\/td>\n<td>7<\/td>\n<\/tr>\n<tr>\n<td class=\"left\">Typ Schaltung<\/td>\n<td>Kettenschaltung<\/td>\n<\/tr>\n<tr>\n<td class=\"left\">Marke Schaltwerk<\/td>\n<td>Shimano<\/td>\n<\/tr>\n<tr>\n<td class=\"left\">Modell Schaltwerk<\/td>\n<td>Tourney<\/td>\n<\/tr>\n<tr>\n<td class=\"left\">Marke Zahnkranz<\/td>\n<td>Shimano<\/td>\n<\/tr>\n<tr>\n<td class=\"left\">Modell Zahnkranz<\/td>\n<td>MF-TZ500<\/td>\n<\/tr>\n<tr>\n<td class=\"left\">Anzahl Kettenbl\u00e4tter<\/td>\n<td>1<\/td>\n<\/tr>\n<tr>\n<td class=\"left\">Anzahl Z\u00e4hne Kettenblatt 1<\/td>\n<td>42<\/td>\n<\/tr>\n<tr>\n<td class=\"left\">Anzahl Ritzel<\/td>\n<td>7<\/td>\n<\/tr>\n<tr>\n<td class=\"left\">Anzahl Z\u00e4hne Ritzel von<\/td>\n<td>14<\/td>\n<\/tr>\n<tr>\n<td class=\"left\">Anzahl Z\u00e4hne Ritzel bis<\/td>\n<td>28<\/td>\n<\/tr>\n<tr>\n<td class=\"left\">Details Nabe<\/td>\n<td>freilaufend<\/td>\n<\/tr>\n<tr>\n<td class=\"left\">Material Tretkurbel<\/td>\n<td>Aluminium<\/td>\n<\/tr>\n<tr>\n<td class=\"left\">Marke Schalthebel<\/td>\n<td>Shimano<\/td>\n<\/tr>\n<tr>\n<td class=\"left\">Modell Schalthebel<\/td>\n<td>Tourney SL-RS36<\/td>\n<\/tr>\n<tr>\n<td class=\"left\">Schalthebel<\/td>\n<td>Drehgriff<\/td>\n<\/tr>\n<tr>\n<td class=\"left\">Kettenschutz<\/td>\n<td>Kettenschutzkasten<\/td>\n<\/tr>\n<tr>\n<td class=\"left\">Art Kettenschutz<\/td>\n<td>Kettenschutz<\/td>\n<\/tr>\n<tr>\n<td class=\"left\">Details Pedale<\/td>\n<td>rutschfest<\/td>\n<\/tr>\n<tr>\n<td class=\"left\">Material Pedale<\/td>\n<td>Kunststoff<\/td>\n<\/tr>\n<\/tbody>\n<\/table>\n<table class=\"dv_characteristicsTable\">\n<caption>BREMSE<\/caption>\n<tbody>\n<tr>\n<td class=\"left\">Typ Vorderbremse<\/td>\n<td>V-Brake<\/td>\n<\/tr>\n<tr>\n<td class=\"left\">Bauart Vorderbremse<\/td>\n<td>mechanisch<\/td>\n<\/tr>\n<tr>\n<td class=\"left\">Material Vorderbremse<\/td>\n<td>Aluminium<\/td>\n<\/tr>\n<tr>\n<td class=\"left\">Typ Hinterbremse<\/td>\n<td>V-Brake<\/td>\n<\/tr>\n<tr>\n<td class=\"left\">Bauart Hinterbremse<\/td>\n<td>mechanisch<\/td>\n<\/tr>\n<tr>\n<td class=\"left\">Material Hinterbremse<\/td>\n<td>Aluminium<\/td>\n<\/tr>\n<\/tbody>\n<\/table>\n<table class=\"dv_characteristicsTable\">\n<caption>LAUFR\u00c4DER<\/caption>\n<tbody>\n<tr>\n<td class=\"left\">Gr\u00f6\u00dfe Laufrad<\/td>\n<td>28 Zoll (71,12 cm)<\/td>\n<\/tr>\n<tr>\n<td class=\"left\">Fixierung Laufr\u00e4der<\/td>\n<td>Sicherungsachse hinten<br \/>\nSicherungsachse vorne<\/td>\n<\/tr>\n<tr>\n<td class=\"left\">Material Felge<\/td>\n<td>Aluminium<\/td>\n<\/tr>\n<tr>\n<td class=\"left\">Typ Felge<\/td>\n<td>Hohlkammerfelge<\/td>\n<\/tr>\n<tr>\n<td class=\"left\">Typ Reifen<\/td>\n<td>Drahtreifen<\/td>\n<\/tr>\n<tr>\n<td class=\"left\">Typ Reifen hinten<\/td>\n<td>Drahtreifen<\/td>\n<\/tr>\n<tr>\n<td class=\"left\">Details Reifen<\/td>\n<td>Reflexstreifen<\/td>\n<\/tr>\n<tr>\n<td class=\"left\">Fahrradventil<\/td>\n<td>Schrader-Ventil<\/td>\n<\/tr>\n<\/tbody>\n<\/table>\n<table class=\"dv_characteristicsTable\">\n<caption>RAHMEN<\/caption>\n<tbody>\n<tr>\n<td class=\"left\">Material Rahmen<\/td>\n<td>Aluminium<\/td>\n<\/tr>\n<tr>\n<td class=\"left\">Bauart Rahmen<\/td>\n<td>Schwanenhalsrahmen<\/td>\n<\/tr>\n<tr>\n<td class=\"left\">Finish Rahmen<\/td>\n<td>lackiert<\/td>\n<\/tr>\n<tr>\n<td class=\"left\">Farbe Rahmen<\/td>\n<td>schwarz<\/td>\n<\/tr>\n<tr>\n<td class=\"left\">Herstellerfarbbezeichnung<\/td>\n<td>schwarz-gr\u00fcn<\/td>\n<\/tr>\n<tr>\n<td class=\"left\">Rahmenh\u00f6he<\/td>\n<td>48 cm<\/td>\n<\/tr>\n<\/tbody>\n<\/table>\n<table class=\"dv_characteristicsTable\">\n<caption>LENKER<\/caption>\n<tbody>\n<tr>\n<td class=\"left\">Typ Lenker<\/td>\n<td>Citylenker<\/td>\n<\/tr>\n<tr>\n<td class=\"left\">Material Lenker<\/td>\n<td>Stahl<\/td>\n<\/tr>\n<tr>\n<td class=\"left\">Farbe Lenker<\/td>\n<td>schwarz<\/td>\n<\/tr>\n<tr>\n<td class=\"left\">Material Lenkergriff<\/td>\n<td>Gummi<\/td>\n<\/tr>\n<tr>\n<td class=\"left\">Eigenschaften Lenkergriff<\/td>\n<td>ergonomisch geformt<br \/>\nrutschfest<br \/>\nwetterbest\u00e4ndig<\/td>\n<\/tr>\n<tr>\n<td class=\"left\">Typ Lenkerklemmung<\/td>\n<td>Lenkerklemmplatte<\/td>\n<\/tr>\n<tr>\n<td class=\"left\">Lenkerklemmung<\/td>\n<td>25,4 mm<\/td>\n<\/tr>\n<tr>\n<td class=\"left\">Material Vorbau<\/td>\n<td>Aluminium<\/td>\n<\/tr>\n<tr>\n<td class=\"left\">Typ Vorbau<\/td>\n<td>Schaft<\/td>\n<\/tr>\n<tr>\n<td class=\"left\">Eigenschaften Vorbau<\/td>\n<td>winkelverstellbar<\/td>\n<\/tr>\n<\/tbody>\n<\/table>\n<table class=\"dv_characteristicsTable\">\n<caption>SATTEL<\/caption>\n<tbody>\n<tr>\n<td class=\"left\">Marke Sattel<\/td>\n<td>Selle Royal<\/td>\n<\/tr>\n<tr>\n<td class=\"left\">Modell Sattel<\/td>\n<td>Alpine<\/td>\n<\/tr>\n<tr>\n<td class=\"left\">Typ Sattel<\/td>\n<td>Citysattel<\/td>\n<\/tr>\n<tr>\n<td class=\"left\">Material Sattelbezug<\/td>\n<td>Kunststoff<\/td>\n<\/tr>\n<tr>\n<td class=\"left\">Polsterung Sattel<\/td>\n<td>Schaumstoff<\/td>\n<\/tr>\n<tr>\n<td class=\"left\">Eigenschaften Sattel<\/td>\n<td>ergonomisch geformt<br \/>\ngepolstert<br \/>\nneigungsverstellbar<br \/>\nwetterbest\u00e4ndig<\/td>\n<\/tr>\n<tr>\n<td class=\"left\">Farbe Sattel<\/td>\n<td>schwarz<\/td>\n<\/tr>\n<tr>\n<td class=\"left\">Sitzposition<\/td>\n<td>aufrecht<\/td>\n<\/tr>\n<tr>\n<td class=\"left\">Material Sattelst\u00fctze<\/td>\n<td>Aluminium<\/td>\n<\/tr>\n<tr>\n<td class=\"left\">Typ Sattelst\u00fctze<\/td>\n<td>Patentsattelst\u00fctze<\/td>\n<\/tr>\n<tr>\n<td class=\"left\">Eigenschaften Sattelst\u00fctze<\/td>\n<td>h\u00f6henverstellbar<\/td>\n<\/tr>\n<tr>\n<td class=\"left\">Fixierung Sattelst\u00fctze<\/td>\n<td>Schnellspanner<\/td>\n<\/tr>\n<tr>\n<td class=\"left\">Durchmesser Sattelst\u00fctze<\/td>\n<td>27,2 mm<\/td>\n<\/tr>\n<\/tbody>\n<\/table>\n<table class=\"dv_characteristicsTable\">\n<caption>BELEUCHTUNG<\/caption>\n<tbody>\n<tr>\n<td class=\"left\">Art Stromversorgung<\/td>\n<td>Akku<\/td>\n<\/tr>\n<tr>\n<td class=\"left\">Art Leuchtmittel Frontlicht<\/td>\n<td>LED<\/td>\n<\/tr>\n<tr>\n<td class=\"left\">St\u00e4rke Beleuchtung Frontlicht<\/td>\n<td>30 lx<\/td>\n<\/tr>\n<tr>\n<td class=\"left\">Art Leuchtmittel R\u00fccklicht<\/td>\n<td>LED<\/td>\n<\/tr>\n<tr>\n<td class=\"left\">Standlicht<\/td>\n<td>Frontlicht<br \/>\nR\u00fccklicht<\/td>\n<\/tr>\n<tr>\n<td class=\"left\">Reflektoren<\/td>\n<td>Frontreflektor<br \/>\nPedalreflektoren<br \/>\nReflektorstreifen<br \/>\nR\u00fcckreflektor<\/td>\n<\/tr>\n<\/tbody>\n<\/table>\n<table class=\"dv_characteristicsTable\">\n<caption>PRODUKTDETAILS<\/caption>\n<tbody>\n<tr>\n<td class=\"left\">Typ E-Bike<\/td>\n<td>Cityrad<\/td>\n<\/tr>\n<tr>\n<td class=\"left\">Einsatzbereich<\/td>\n<td>Alltag<br \/>\nAusflug<br \/>\nKurzstrecke<br \/>\nLangstrecke<br \/>\nReise<br \/>\nTagesausflug<\/td>\n<\/tr>\n<tr>\n<td class=\"left\">Ausstattung<\/td>\n<td>Beleuchtung<br \/>\nFahrradst\u00e4nder<br \/>\nGep\u00e4cktr\u00e4ger<br \/>\nKettenschutz<br \/>\nKlingel<br \/>\nSchutzbleche<\/td>\n<\/tr>\n<tr>\n<td class=\"left\">Fahrradst\u00e4nder<\/td>\n<td>Seitenst\u00e4nder<\/td>\n<\/tr>\n<\/tbody>\n<\/table>\n<table class=\"dv_characteristicsTable\">\n<caption>HINWEISE<\/caption>\n<tbody>\n<tr>\n<td class=\"left\">Lieferumfang<\/td>\n<td>Akku-Ladeger\u00e4t<br \/>\nGep\u00e4cktr\u00e4gerspanngurte<\/td>\n<\/tr>\n<tr>\n<td class=\"left\">Montagehinweise<\/td>\n<td>Der Artikel ist fast vollst\u00e4ndig vormontiert. Die Endmontage durch eine fachkundige Person wird empfohlen.<\/td>\n<\/tr>\n<tr>\n<td class=\"left\">Noch zu montieren<\/td>\n<td>Pedale<\/td>\n<\/tr>\n<tr>\n<td class=\"left\">Nutzungsbereich<\/td>\n<td>innerhalb der StVZO<\/td>\n<\/tr>\n<tr>\n<td class=\"left\">Gewicht Fahrrad<\/td>\n<td>23,5 kg<\/td>\n<\/tr>\n<tr>\n<td class=\"left\">Zul\u00e4ssiges Gesamtgewicht<\/td>\n<td>150 kg<\/td>\n<\/tr>\n<\/tbody>\n<\/table>\n<\/div>\n<\/div>\n<\/div>","protected":false},"excerpt":{"rendered":"<p>Adore E-Bike Versailles 7 Gang Shimano Tourney Schaltwerk, Kettenschaltung, Heckmotor 250 W Ins B\u00fcro pendeln oder am Wochenende l\u00e4ngere Touren<\/p>","protected":false},"featured_media":65015,"comment_status":"open","ping_status":"closed","template":"","meta":[],"product_brand":[],"product_cat":[33,34],"product_tag":[],"class_list":{"0":"post-49321","1":"product","2":"type-product","3":"status-publish","4":"has-post-thumbnail","6":"product_cat-e-bike","7":"product_cat-e-bike-city-urban","8":"pa_marke-adore","10":"first","11":"instock","12":"taxable","13":"shipping-taxable","14":"purchasable","15":"product-type-simple"},"yoast_head":"<!-- This site is optimized with the Yoast SEO Premium plugin v20.12 (Yoast SEO v27.1.1) - https:\/\/yoast.com\/product\/yoast-seo-premium-wordpress\/ -->\n<title>Adore E-Bike Versailles 7 Gang Shimano Tourney Schaltwerk<\/title>\n<meta name=\"description\" content=\"Entdecken Sie unseren Online-Fahrradladen: Gro\u00dfe Auswahl an Modellen f\u00fcr alle Radsportbegeisterten. Von Rennr\u00e4dern bis zu Mountainbikes - finden Sie heute Ihren perfekten Wegbegleiter!\" \/>\n<meta name=\"robots\" content=\"index, follow, max-snippet:-1, max-image-preview:large, max-video-preview:-1\" \/>\n<link rel=\"canonical\" href=\"https:\/\/kgerad.de\/en\/product\/adore-e-bike-versailles-7-gang-shimano-tourney-schaltwerk\/\" \/>\n<meta property=\"og:locale\" content=\"en_US\" \/>\n<meta property=\"og:type\" content=\"article\" \/>\n<meta property=\"og:title\" content=\"Adore E-Bike Versailles 7 Gang Shimano Tourney Schaltwerk\" \/>\n<meta property=\"og:description\" content=\"Entdecken Sie unseren Online-Fahrradladen: Gro\u00dfe Auswahl an Modellen f\u00fcr alle Radsportbegeisterten. Von Rennr\u00e4dern bis zu Mountainbikes - finden Sie heute Ihren perfekten Wegbegleiter!\" \/>\n<meta property=\"og:url\" content=\"https:\/\/kgerad.de\/en\/product\/adore-e-bike-versailles-7-gang-shimano-tourney-schaltwerk\/\" \/>\n<meta property=\"og:site_name\" content=\"kgerad.de\" \/>\n<meta property=\"article:modified_time\" content=\"2023-08-10T17:00:35+00:00\" \/>\n<meta property=\"og:image\" content=\"https:\/\/kgerad.de\/wp-content\/uploads\/2023\/06\/908bdeee-1936-5afd-ae92-b0d1a3ebb244.jpg\" \/>\n\t<meta property=\"og:image:width\" content=\"551\" \/>\n\t<meta property=\"og:image:height\" content=\"350\" \/>\n\t<meta property=\"og:image:type\" content=\"image\/jpeg\" \/>\n<meta name=\"twitter:card\" content=\"summary_large_image\" \/>\n<meta name=\"twitter:label1\" content=\"Est. reading time\" \/>\n\t<meta name=\"twitter:data1\" content=\"4 minutes\" \/>\n<script type=\"application\/ld+json\" class=\"yoast-schema-graph\">{\"@context\":\"https:\/\/schema.org\",\"@graph\":[{\"@type\":\"WebPage\",\"@id\":\"https:\/\/kgerad.de\/produkt\/adore-e-bike-versailles-7-gang-shimano-tourney-schaltwerk\/\",\"url\":\"https:\/\/kgerad.de\/produkt\/adore-e-bike-versailles-7-gang-shimano-tourney-schaltwerk\/\",\"name\":\"Adore E-Bike Versailles 7 Gang Shimano Tourney Schaltwerk\",\"isPartOf\":{\"@id\":\"https:\/\/kgerad.de\/#website\"},\"primaryImageOfPage\":{\"@id\":\"https:\/\/kgerad.de\/produkt\/adore-e-bike-versailles-7-gang-shimano-tourney-schaltwerk\/#primaryimage\"},\"image\":{\"@id\":\"https:\/\/kgerad.de\/produkt\/adore-e-bike-versailles-7-gang-shimano-tourney-schaltwerk\/#primaryimage\"},\"thumbnailUrl\":\"https:\/\/kgerad.de\/wp-content\/uploads\/2023\/06\/908bdeee-1936-5afd-ae92-b0d1a3ebb244.jpg\",\"datePublished\":\"2022-12-20T17:27:14+00:00\",\"dateModified\":\"2023-08-10T17:00:35+00:00\",\"description\":\"Entdecken Sie unseren Online-Fahrradladen: Gro\u00dfe Auswahl an Modellen f\u00fcr alle Radsportbegeisterten. Von Rennr\u00e4dern bis zu Mountainbikes - finden Sie heute Ihren perfekten Wegbegleiter!\",\"breadcrumb\":{\"@id\":\"https:\/\/kgerad.de\/produkt\/adore-e-bike-versailles-7-gang-shimano-tourney-schaltwerk\/#breadcrumb\"},\"inLanguage\":\"en-US\",\"potentialAction\":[{\"@type\":\"ReadAction\",\"target\":[\"https:\/\/kgerad.de\/produkt\/adore-e-bike-versailles-7-gang-shimano-tourney-schaltwerk\/\"]}]},{\"@type\":\"ImageObject\",\"inLanguage\":\"en-US\",\"@id\":\"https:\/\/kgerad.de\/produkt\/adore-e-bike-versailles-7-gang-shimano-tourney-schaltwerk\/#primaryimage\",\"url\":\"https:\/\/kgerad.de\/wp-content\/uploads\/2023\/06\/908bdeee-1936-5afd-ae92-b0d1a3ebb244.jpg\",\"contentUrl\":\"https:\/\/kgerad.de\/wp-content\/uploads\/2023\/06\/908bdeee-1936-5afd-ae92-b0d1a3ebb244.jpg\",\"width\":551,\"height\":350,\"caption\":\"Adore E-Bike \u00bbVersailles\u00ab\"},{\"@type\":\"BreadcrumbList\",\"@id\":\"https:\/\/kgerad.de\/produkt\/adore-e-bike-versailles-7-gang-shimano-tourney-schaltwerk\/#breadcrumb\",\"itemListElement\":[{\"@type\":\"ListItem\",\"position\":1,\"name\":\"Startseite\",\"item\":\"https:\/\/kgerad.de\/\"},{\"@type\":\"ListItem\",\"position\":2,\"name\":\"LADEN\",\"item\":\"https:\/\/kgerad.de\/laden\/\"},{\"@type\":\"ListItem\",\"position\":3,\"name\":\"Adore E-Bike Versailles 7 Gang Shimano Tourney Schaltwerk\"}]},{\"@type\":\"WebSite\",\"@id\":\"https:\/\/kgerad.de\/#website\",\"url\":\"https:\/\/kgerad.de\/\",\"name\":\"kgerad.de\",\"description\":\"Treten Sie mit uns ins Abenteuer!\",\"publisher\":{\"@id\":\"https:\/\/kgerad.de\/#organization\"},\"alternateName\":\"MEIN RADLADEN\",\"potentialAction\":[{\"@type\":\"SearchAction\",\"target\":{\"@type\":\"EntryPoint\",\"urlTemplate\":\"https:\/\/kgerad.de\/?s={search_term_string}\"},\"query-input\":{\"@type\":\"PropertyValueSpecification\",\"valueRequired\":true,\"valueName\":\"search_term_string\"}}],\"inLanguage\":\"en-US\"},{\"@type\":\"Organization\",\"@id\":\"https:\/\/kgerad.de\/#organization\",\"name\":\"MEINRADLADEN\",\"alternateName\":\"MEIN RADLADEN\",\"url\":\"https:\/\/kgerad.de\/\",\"logo\":{\"@type\":\"ImageObject\",\"inLanguage\":\"en-US\",\"@id\":\"https:\/\/kgerad.de\/#\/schema\/logo\/image\/\",\"url\":\"https:\/\/kgerad.de\/wp-content\/uploads\/2025\/07\/logo-Whit.svg\",\"contentUrl\":\"https:\/\/kgerad.de\/wp-content\/uploads\/2025\/07\/logo-Whit.svg\",\"width\":1640,\"height\":371,\"caption\":\"MEINRADLADEN\"},\"image\":{\"@id\":\"https:\/\/kgerad.de\/#\/schema\/logo\/image\/\"}}]}<\/script>\n<!-- \/ Yoast SEO Premium plugin. -->","yoast_head_json":{"title":"Adore E-Bike Versailles 7 Gang Shimano Tourney Schaltwerk","description":"Entdecken Sie unseren Online-Fahrradladen: Gro\u00dfe Auswahl an Modellen f\u00fcr alle Radsportbegeisterten. Von Rennr\u00e4dern bis zu Mountainbikes - finden Sie heute Ihren perfekten Wegbegleiter!","robots":{"index":"index","follow":"follow","max-snippet":"max-snippet:-1","max-image-preview":"max-image-preview:large","max-video-preview":"max-video-preview:-1"},"canonical":"https:\/\/kgerad.de\/en\/product\/adore-e-bike-versailles-7-gang-shimano-tourney-schaltwerk\/","og_locale":"en_US","og_type":"article","og_title":"Adore E-Bike Versailles 7 Gang Shimano Tourney Schaltwerk","og_description":"Entdecken Sie unseren Online-Fahrradladen: Gro\u00dfe Auswahl an Modellen f\u00fcr alle Radsportbegeisterten. Von Rennr\u00e4dern bis zu Mountainbikes - finden Sie heute Ihren perfekten Wegbegleiter!","og_url":"https:\/\/kgerad.de\/en\/product\/adore-e-bike-versailles-7-gang-shimano-tourney-schaltwerk\/","og_site_name":"kgerad.de","article_modified_time":"2023-08-10T17:00:35+00:00","og_image":[{"width":551,"height":350,"url":"https:\/\/kgerad.de\/wp-content\/uploads\/2023\/06\/908bdeee-1936-5afd-ae92-b0d1a3ebb244.jpg","type":"image\/jpeg"}],"twitter_card":"summary_large_image","twitter_misc":{"Est. reading time":"4 minutes"},"schema":{"@context":"https:\/\/schema.org","@graph":[{"@type":"WebPage","@id":"https:\/\/kgerad.de\/produkt\/adore-e-bike-versailles-7-gang-shimano-tourney-schaltwerk\/","url":"https:\/\/kgerad.de\/produkt\/adore-e-bike-versailles-7-gang-shimano-tourney-schaltwerk\/","name":"Adore E-Bike Versailles 7 Gang Shimano Tourney Schaltwerk","isPartOf":{"@id":"https:\/\/kgerad.de\/#website"},"primaryImageOfPage":{"@id":"https:\/\/kgerad.de\/produkt\/adore-e-bike-versailles-7-gang-shimano-tourney-schaltwerk\/#primaryimage"},"image":{"@id":"https:\/\/kgerad.de\/produkt\/adore-e-bike-versailles-7-gang-shimano-tourney-schaltwerk\/#primaryimage"},"thumbnailUrl":"https:\/\/kgerad.de\/wp-content\/uploads\/2023\/06\/908bdeee-1936-5afd-ae92-b0d1a3ebb244.jpg","datePublished":"2022-12-20T17:27:14+00:00","dateModified":"2023-08-10T17:00:35+00:00","description":"Entdecken Sie unseren Online-Fahrradladen: Gro\u00dfe Auswahl an Modellen f\u00fcr alle Radsportbegeisterten. Von Rennr\u00e4dern bis zu Mountainbikes - finden Sie heute Ihren perfekten Wegbegleiter!","breadcrumb":{"@id":"https:\/\/kgerad.de\/produkt\/adore-e-bike-versailles-7-gang-shimano-tourney-schaltwerk\/#breadcrumb"},"inLanguage":"en-US","potentialAction":[{"@type":"ReadAction","target":["https:\/\/kgerad.de\/produkt\/adore-e-bike-versailles-7-gang-shimano-tourney-schaltwerk\/"]}]},{"@type":"ImageObject","inLanguage":"en-US","@id":"https:\/\/kgerad.de\/produkt\/adore-e-bike-versailles-7-gang-shimano-tourney-schaltwerk\/#primaryimage","url":"https:\/\/kgerad.de\/wp-content\/uploads\/2023\/06\/908bdeee-1936-5afd-ae92-b0d1a3ebb244.jpg","contentUrl":"https:\/\/kgerad.de\/wp-content\/uploads\/2023\/06\/908bdeee-1936-5afd-ae92-b0d1a3ebb244.jpg","width":551,"height":350,"caption":"Adore E-Bike \u00bbVersailles\u00ab"},{"@type":"BreadcrumbList","@id":"https:\/\/kgerad.de\/produkt\/adore-e-bike-versailles-7-gang-shimano-tourney-schaltwerk\/#breadcrumb","itemListElement":[{"@type":"ListItem","position":1,"name":"Startseite","item":"https:\/\/kgerad.de\/"},{"@type":"ListItem","position":2,"name":"LADEN","item":"https:\/\/kgerad.de\/laden\/"},{"@type":"ListItem","position":3,"name":"Adore E-Bike Versailles 7 Gang Shimano Tourney Schaltwerk"}]},{"@type":"WebSite","@id":"https:\/\/kgerad.de\/#website","url":"https:\/\/kgerad.de\/","name":"kgerad.de","description":"Treten Sie mit uns ins Abenteuer!","publisher":{"@id":"https:\/\/kgerad.de\/#organization"},"alternateName":"MEIN RADLADEN","potentialAction":[{"@type":"SearchAction","target":{"@type":"EntryPoint","urlTemplate":"https:\/\/kgerad.de\/?s={search_term_string}"},"query-input":{"@type":"PropertyValueSpecification","valueRequired":true,"valueName":"search_term_string"}}],"inLanguage":"en-US"},{"@type":"Organization","@id":"https:\/\/kgerad.de\/#organization","name":"MEINRADLADEN","alternateName":"MEIN RADLADEN","url":"https:\/\/kgerad.de\/","logo":{"@type":"ImageObject","inLanguage":"en-US","@id":"https:\/\/kgerad.de\/#\/schema\/logo\/image\/","url":"https:\/\/kgerad.de\/wp-content\/uploads\/2025\/07\/logo-Whit.svg","contentUrl":"https:\/\/kgerad.de\/wp-content\/uploads\/2025\/07\/logo-Whit.svg","width":1640,"height":371,"caption":"MEINRADLADEN"},"image":{"@id":"https:\/\/kgerad.de\/#\/schema\/logo\/image\/"}}]}},"_links":{"self":[{"href":"https:\/\/kgerad.de\/en\/wp-json\/wp\/v2\/product\/49321","targetHints":{"allow":["GET"]}}],"collection":[{"href":"https:\/\/kgerad.de\/en\/wp-json\/wp\/v2\/product"}],"about":[{"href":"https:\/\/kgerad.de\/en\/wp-json\/wp\/v2\/types\/product"}],"replies":[{"embeddable":true,"href":"https:\/\/kgerad.de\/en\/wp-json\/wp\/v2\/comments?post=49321"}],"version-history":[{"count":1,"href":"https:\/\/kgerad.de\/en\/wp-json\/wp\/v2\/product\/49321\/revisions"}],"predecessor-version":[{"id":78638,"href":"https:\/\/kgerad.de\/en\/wp-json\/wp\/v2\/product\/49321\/revisions\/78638"}],"wp:featuredmedia":[{"embeddable":true,"href":"https:\/\/kgerad.de\/en\/wp-json\/wp\/v2\/media\/65015"}],"wp:attachment":[{"href":"https:\/\/kgerad.de\/en\/wp-json\/wp\/v2\/media?parent=49321"}],"wp:term":[{"taxonomy":"product_brand","embeddable":true,"href":"https:\/\/kgerad.de\/en\/wp-json\/wp\/v2\/product_brand?post=49321"},{"taxonomy":"product_cat","embeddable":true,"href":"https:\/\/kgerad.de\/en\/wp-json\/wp\/v2\/product_cat?post=49321"},{"taxonomy":"product_tag","embeddable":true,"href":"https:\/\/kgerad.de\/en\/wp-json\/wp\/v2\/product_tag?post=49321"}],"curies":[{"name":"wp","href":"https:\/\/api.w.org\/{rel}","templated":true}]}}