{"id":49271,"date":"2022-12-16T14:22:37","date_gmt":"2022-12-16T13:22:37","guid":{"rendered":"https:\/\/kgerad.de\/?post_type=product&#038;p=49271"},"modified":"2023-08-10T19:01:03","modified_gmt":"2023-08-10T17:01:03","slug":"ixs-carve-jersey-protektor-shirt","status":"publish","type":"product","link":"https:\/\/kgerad.de\/en\/product\/ixs-carve-jersey-protektor-shirt\/","title":{"rendered":"iXS Carve Jersey &#8211; Protektor Shirt"},"content":{"rendered":"<h2 class=\"product--title\"><strong>iXS<\/strong>\u00a0Carve Jersey &#8211; Protektor Shirt<\/h2>\n<p>Das iXS Carve Jersey upper protective wurde speziell f\u00fcr den h\u00e4rteren Einsatz, resp. den Renneinsatz entwickelt.<\/p>\n<hr \/>\n<table border=\"0\" width=\"100%\" cellspacing=\"1\" cellpadding=\"1\">\n<tbody>\n<tr>\n<td><img decoding=\"async\" title=\"WOMB Best of 2018\" src=\"https:\/\/cd.bike-discount.de\/media\/image\/b2\/5c\/7f\/womb_bestofmedallie2018.jpg\" alt=\"WOMB Best of 2018\" width=\"90\" height=\"90\" data-mid=\"346704\" data-src=\"media\/image\/womb_bestofmedallie2018.jpg\" \/><\/td>\n<td width=\"2%\"><\/td>\n<td><a title=\"Design &amp; Innovation Award 2017\" href=\"https:\/\/design-innovation-award.com\/de\/winner\/ixs-carve-upper-protective-vest\/\" target=\"_blank\" rel=\"nofollow noopener\"><img decoding=\"async\" title=\"Design &amp; Innovation Award 2017\" src=\"https:\/\/cd.bike-discount.de\/media\/image\/66\/a8\/e4\/logo_dia2017_pos_4c_text_grey.png\" alt=\"Design &amp; Innovation Award 2017\" width=\"106\" height=\"100\" data-mid=\"272904\" data-src=\"media\/image\/logo_dia2017_pos_4c_text_grey.png\" \/><\/a><\/td>\n<\/tr>\n<\/tbody>\n<\/table>\n<hr \/>\n<p>Es verf\u00fcgt \u00fcber zertifizierte XmatterTM Polsterung im R\u00fccken und Schulterbereich sowie NockOutTM Polsterung im Brust-&amp; Rippenbereich. Der eng anliegende und ergonomische Schnitt sowie das atmungsaktive und feuchtigkeitstransportierende Material gew\u00e4hren besten Sitz und ein angenehmes K\u00f6rpergef\u00fchl. iXS Protektoren erf\u00fcllen den europ\u00e4ischen Sicherheitsstandard EN1621-1 resp. EN1621-2.<\/p>\n<hr \/>\n<h3>Produktdetails<\/h3>\n<ul>\n<li>XmatterTM Protektionsschaum am R\u00fccken und den Schultern<\/li>\n<li>NockOutTM Polsterung im Brust-und Rippenbereich<\/li>\n<li>leicht, feuchtigkeitstransportierend &amp; atmungsaktiv<\/li>\n<li>FlexZipTM, dehnbarer YKK Reissverschluss f\u00fcr erh\u00f6ten ergonomischer Komfort<\/li>\n<\/ul>\n<hr \/>\n<h3>Technologien<\/h3>\n<p><strong>X-Matter<\/strong><br \/>\nEN gepr\u00fcft (EN1621-1). Absorptionsschaum mit hoher Energieabsorption durch offene D\u00e4mpfungszellen. Ergonomisches und kompaktes Design mit maximaler Schutzwirkung. Integrierte Bel\u00fcftung zur Reduzierung von Hitze.<\/p>\n<p><strong>Flex Zip<\/strong><br \/>\nDehnbarer und flexibler Reissverschluss welcher den ergonomischen Eigenschaften von K\u00f6rper und Gelenken folgt und dabei die Faltung und B\u00fcndelung von Material reduziert.<\/p>\n<p><strong>Aeromesh<\/strong><br \/>\nLeichtes und antibakteriell behandeltes 3D Mesh. Optimiert auf Atmungsaktivit\u00e4t und Feuchtigkeitstransport.<\/p>","protected":false},"excerpt":{"rendered":"<p>iXS\u00a0Carve Jersey &#8211; Protektor Shirt Das iXS Carve Jersey upper protective wurde speziell f\u00fcr den h\u00e4rteren Einsatz, resp. den Renneinsatz<\/p>","protected":false},"featured_media":65008,"comment_status":"open","ping_status":"closed","template":"","meta":[],"product_brand":[],"product_cat":[573,676],"product_tag":[],"class_list":{"0":"post-49271","1":"product","2":"type-product","3":"status-publish","4":"has-post-thumbnail","6":"product_cat-zubehor","7":"product_cat-zugsysteme","8":"pa_marke-ixs","10":"first","11":"instock","12":"sale","13":"taxable","14":"shipping-taxable","15":"purchasable","16":"product-type-variable"},"yoast_head":"<!-- This site is optimized with the Yoast SEO Premium plugin v20.12 (Yoast SEO v27.1.1) - https:\/\/yoast.com\/product\/yoast-seo-premium-wordpress\/ -->\n<title>iXS Carve Jersey - Protektor Shirt<\/title>\n<meta name=\"description\" content=\"kgerad.de bietet Ihnen das iXS Carve Jersey - Protektor Shirt zum besten Preis mit kostenlosem Versand in ganz Europa und sichere Zahlung\" \/>\n<meta name=\"robots\" content=\"index, follow, max-snippet:-1, max-image-preview:large, max-video-preview:-1\" \/>\n<link rel=\"canonical\" href=\"https:\/\/kgerad.de\/en\/product\/ixs-carve-jersey-protektor-shirt\/\" \/>\n<meta property=\"og:locale\" content=\"en_US\" \/>\n<meta property=\"og:type\" content=\"article\" \/>\n<meta property=\"og:title\" content=\"iXS Carve Jersey - Protektor Shirt\" \/>\n<meta property=\"og:description\" content=\"Entdecken Sie unseren Online-Fahrradladen: Gro\u00dfe Auswahl an Modellen f\u00fcr alle Radsportbegeisterten. Von Rennr\u00e4dern bis zu Mountainbikes - finden Sie heute Ihren perfekten Wegbegleiter!\" \/>\n<meta property=\"og:url\" content=\"https:\/\/kgerad.de\/en\/product\/ixs-carve-jersey-protektor-shirt\/\" \/>\n<meta property=\"og:site_name\" content=\"kgerad.de\" \/>\n<meta property=\"article:modified_time\" content=\"2023-08-10T17:01:03+00:00\" \/>\n<meta property=\"og:image\" content=\"https:\/\/kgerad.de\/wp-content\/uploads\/2023\/06\/iXS_CarveJersey_IX-PRT-6900_01rkqhbIezjwuON_800x800-0.jpg\" \/>\n\t<meta property=\"og:image:width\" content=\"800\" \/>\n\t<meta property=\"og:image:height\" content=\"800\" \/>\n\t<meta property=\"og:image:type\" content=\"image\/jpeg\" \/>\n<meta name=\"twitter:card\" content=\"summary_large_image\" \/>\n<meta name=\"twitter:label1\" content=\"Est. reading time\" \/>\n\t<meta name=\"twitter:data1\" content=\"2 minutes\" \/>\n<script type=\"application\/ld+json\" class=\"yoast-schema-graph\">{\"@context\":\"https:\/\/schema.org\",\"@graph\":[{\"@type\":\"WebPage\",\"@id\":\"https:\/\/kgerad.de\/produkt\/ixs-carve-jersey-protektor-shirt\/\",\"url\":\"https:\/\/kgerad.de\/produkt\/ixs-carve-jersey-protektor-shirt\/\",\"name\":\"iXS Carve Jersey - Protektor Shirt\",\"isPartOf\":{\"@id\":\"https:\/\/kgerad.de\/#website\"},\"primaryImageOfPage\":{\"@id\":\"https:\/\/kgerad.de\/produkt\/ixs-carve-jersey-protektor-shirt\/#primaryimage\"},\"image\":{\"@id\":\"https:\/\/kgerad.de\/produkt\/ixs-carve-jersey-protektor-shirt\/#primaryimage\"},\"thumbnailUrl\":\"https:\/\/kgerad.de\/wp-content\/uploads\/2023\/06\/iXS_CarveJersey_IX-PRT-6900_01rkqhbIezjwuON_800x800-0.jpg\",\"datePublished\":\"2022-12-16T13:22:37+00:00\",\"dateModified\":\"2023-08-10T17:01:03+00:00\",\"description\":\"kgerad.de bietet Ihnen das iXS Carve Jersey - Protektor Shirt zum besten Preis mit kostenlosem Versand in ganz Europa und sichere Zahlung\",\"breadcrumb\":{\"@id\":\"https:\/\/kgerad.de\/produkt\/ixs-carve-jersey-protektor-shirt\/#breadcrumb\"},\"inLanguage\":\"en-US\",\"potentialAction\":[{\"@type\":\"ReadAction\",\"target\":[\"https:\/\/kgerad.de\/produkt\/ixs-carve-jersey-protektor-shirt\/\"]}]},{\"@type\":\"ImageObject\",\"inLanguage\":\"en-US\",\"@id\":\"https:\/\/kgerad.de\/produkt\/ixs-carve-jersey-protektor-shirt\/#primaryimage\",\"url\":\"https:\/\/kgerad.de\/wp-content\/uploads\/2023\/06\/iXS_CarveJersey_IX-PRT-6900_01rkqhbIezjwuON_800x800-0.jpg\",\"contentUrl\":\"https:\/\/kgerad.de\/wp-content\/uploads\/2023\/06\/iXS_CarveJersey_IX-PRT-6900_01rkqhbIezjwuON_800x800-0.jpg\",\"width\":800,\"height\":800,\"caption\":\"iXS Carve Jersey - Protektor Shirt\"},{\"@type\":\"BreadcrumbList\",\"@id\":\"https:\/\/kgerad.de\/produkt\/ixs-carve-jersey-protektor-shirt\/#breadcrumb\",\"itemListElement\":[{\"@type\":\"ListItem\",\"position\":1,\"name\":\"Startseite\",\"item\":\"https:\/\/kgerad.de\/\"},{\"@type\":\"ListItem\",\"position\":2,\"name\":\"LADEN\",\"item\":\"https:\/\/kgerad.de\/laden\/\"},{\"@type\":\"ListItem\",\"position\":3,\"name\":\"iXS Carve Jersey &#8211; Protektor Shirt\"}]},{\"@type\":\"WebSite\",\"@id\":\"https:\/\/kgerad.de\/#website\",\"url\":\"https:\/\/kgerad.de\/\",\"name\":\"kgerad.de\",\"description\":\"Treten Sie mit uns ins Abenteuer!\",\"publisher\":{\"@id\":\"https:\/\/kgerad.de\/#organization\"},\"alternateName\":\"MEIN RADLADEN\",\"potentialAction\":[{\"@type\":\"SearchAction\",\"target\":{\"@type\":\"EntryPoint\",\"urlTemplate\":\"https:\/\/kgerad.de\/?s={search_term_string}\"},\"query-input\":{\"@type\":\"PropertyValueSpecification\",\"valueRequired\":true,\"valueName\":\"search_term_string\"}}],\"inLanguage\":\"en-US\"},{\"@type\":\"Organization\",\"@id\":\"https:\/\/kgerad.de\/#organization\",\"name\":\"MEINRADLADEN\",\"alternateName\":\"MEIN RADLADEN\",\"url\":\"https:\/\/kgerad.de\/\",\"logo\":{\"@type\":\"ImageObject\",\"inLanguage\":\"en-US\",\"@id\":\"https:\/\/kgerad.de\/#\/schema\/logo\/image\/\",\"url\":\"https:\/\/kgerad.de\/wp-content\/uploads\/2025\/07\/logo-Whit.svg\",\"contentUrl\":\"https:\/\/kgerad.de\/wp-content\/uploads\/2025\/07\/logo-Whit.svg\",\"width\":1640,\"height\":371,\"caption\":\"MEINRADLADEN\"},\"image\":{\"@id\":\"https:\/\/kgerad.de\/#\/schema\/logo\/image\/\"}}]}<\/script>\n<!-- \/ Yoast SEO Premium plugin. -->","yoast_head_json":{"title":"iXS Carve Jersey - Protektor Shirt","description":"kgerad.de bietet Ihnen das iXS Carve Jersey - Protektor Shirt zum besten Preis mit kostenlosem Versand in ganz Europa und sichere Zahlung","robots":{"index":"index","follow":"follow","max-snippet":"max-snippet:-1","max-image-preview":"max-image-preview:large","max-video-preview":"max-video-preview:-1"},"canonical":"https:\/\/kgerad.de\/en\/product\/ixs-carve-jersey-protektor-shirt\/","og_locale":"en_US","og_type":"article","og_title":"iXS Carve Jersey - Protektor Shirt","og_description":"Entdecken Sie unseren Online-Fahrradladen: Gro\u00dfe Auswahl an Modellen f\u00fcr alle Radsportbegeisterten. Von Rennr\u00e4dern bis zu Mountainbikes - finden Sie heute Ihren perfekten Wegbegleiter!","og_url":"https:\/\/kgerad.de\/en\/product\/ixs-carve-jersey-protektor-shirt\/","og_site_name":"kgerad.de","article_modified_time":"2023-08-10T17:01:03+00:00","og_image":[{"width":800,"height":800,"url":"https:\/\/kgerad.de\/wp-content\/uploads\/2023\/06\/iXS_CarveJersey_IX-PRT-6900_01rkqhbIezjwuON_800x800-0.jpg","type":"image\/jpeg"}],"twitter_card":"summary_large_image","twitter_misc":{"Est. reading time":"2 minutes"},"schema":{"@context":"https:\/\/schema.org","@graph":[{"@type":"WebPage","@id":"https:\/\/kgerad.de\/produkt\/ixs-carve-jersey-protektor-shirt\/","url":"https:\/\/kgerad.de\/produkt\/ixs-carve-jersey-protektor-shirt\/","name":"iXS Carve Jersey - Protektor Shirt","isPartOf":{"@id":"https:\/\/kgerad.de\/#website"},"primaryImageOfPage":{"@id":"https:\/\/kgerad.de\/produkt\/ixs-carve-jersey-protektor-shirt\/#primaryimage"},"image":{"@id":"https:\/\/kgerad.de\/produkt\/ixs-carve-jersey-protektor-shirt\/#primaryimage"},"thumbnailUrl":"https:\/\/kgerad.de\/wp-content\/uploads\/2023\/06\/iXS_CarveJersey_IX-PRT-6900_01rkqhbIezjwuON_800x800-0.jpg","datePublished":"2022-12-16T13:22:37+00:00","dateModified":"2023-08-10T17:01:03+00:00","description":"kgerad.de bietet Ihnen das iXS Carve Jersey - Protektor Shirt zum besten Preis mit kostenlosem Versand in ganz Europa und sichere Zahlung","breadcrumb":{"@id":"https:\/\/kgerad.de\/produkt\/ixs-carve-jersey-protektor-shirt\/#breadcrumb"},"inLanguage":"en-US","potentialAction":[{"@type":"ReadAction","target":["https:\/\/kgerad.de\/produkt\/ixs-carve-jersey-protektor-shirt\/"]}]},{"@type":"ImageObject","inLanguage":"en-US","@id":"https:\/\/kgerad.de\/produkt\/ixs-carve-jersey-protektor-shirt\/#primaryimage","url":"https:\/\/kgerad.de\/wp-content\/uploads\/2023\/06\/iXS_CarveJersey_IX-PRT-6900_01rkqhbIezjwuON_800x800-0.jpg","contentUrl":"https:\/\/kgerad.de\/wp-content\/uploads\/2023\/06\/iXS_CarveJersey_IX-PRT-6900_01rkqhbIezjwuON_800x800-0.jpg","width":800,"height":800,"caption":"iXS Carve Jersey - Protektor Shirt"},{"@type":"BreadcrumbList","@id":"https:\/\/kgerad.de\/produkt\/ixs-carve-jersey-protektor-shirt\/#breadcrumb","itemListElement":[{"@type":"ListItem","position":1,"name":"Startseite","item":"https:\/\/kgerad.de\/"},{"@type":"ListItem","position":2,"name":"LADEN","item":"https:\/\/kgerad.de\/laden\/"},{"@type":"ListItem","position":3,"name":"iXS Carve Jersey &#8211; Protektor Shirt"}]},{"@type":"WebSite","@id":"https:\/\/kgerad.de\/#website","url":"https:\/\/kgerad.de\/","name":"kgerad.de","description":"Treten Sie mit uns ins Abenteuer!","publisher":{"@id":"https:\/\/kgerad.de\/#organization"},"alternateName":"MEIN RADLADEN","potentialAction":[{"@type":"SearchAction","target":{"@type":"EntryPoint","urlTemplate":"https:\/\/kgerad.de\/?s={search_term_string}"},"query-input":{"@type":"PropertyValueSpecification","valueRequired":true,"valueName":"search_term_string"}}],"inLanguage":"en-US"},{"@type":"Organization","@id":"https:\/\/kgerad.de\/#organization","name":"MEINRADLADEN","alternateName":"MEIN RADLADEN","url":"https:\/\/kgerad.de\/","logo":{"@type":"ImageObject","inLanguage":"en-US","@id":"https:\/\/kgerad.de\/#\/schema\/logo\/image\/","url":"https:\/\/kgerad.de\/wp-content\/uploads\/2025\/07\/logo-Whit.svg","contentUrl":"https:\/\/kgerad.de\/wp-content\/uploads\/2025\/07\/logo-Whit.svg","width":1640,"height":371,"caption":"MEINRADLADEN"},"image":{"@id":"https:\/\/kgerad.de\/#\/schema\/logo\/image\/"}}]}},"_links":{"self":[{"href":"https:\/\/kgerad.de\/en\/wp-json\/wp\/v2\/product\/49271","targetHints":{"allow":["GET"]}}],"collection":[{"href":"https:\/\/kgerad.de\/en\/wp-json\/wp\/v2\/product"}],"about":[{"href":"https:\/\/kgerad.de\/en\/wp-json\/wp\/v2\/types\/product"}],"replies":[{"embeddable":true,"href":"https:\/\/kgerad.de\/en\/wp-json\/wp\/v2\/comments?post=49271"}],"version-history":[{"count":1,"href":"https:\/\/kgerad.de\/en\/wp-json\/wp\/v2\/product\/49271\/revisions"}],"predecessor-version":[{"id":78642,"href":"https:\/\/kgerad.de\/en\/wp-json\/wp\/v2\/product\/49271\/revisions\/78642"}],"wp:featuredmedia":[{"embeddable":true,"href":"https:\/\/kgerad.de\/en\/wp-json\/wp\/v2\/media\/65008"}],"wp:attachment":[{"href":"https:\/\/kgerad.de\/en\/wp-json\/wp\/v2\/media?parent=49271"}],"wp:term":[{"taxonomy":"product_brand","embeddable":true,"href":"https:\/\/kgerad.de\/en\/wp-json\/wp\/v2\/product_brand?post=49271"},{"taxonomy":"product_cat","embeddable":true,"href":"https:\/\/kgerad.de\/en\/wp-json\/wp\/v2\/product_cat?post=49271"},{"taxonomy":"product_tag","embeddable":true,"href":"https:\/\/kgerad.de\/en\/wp-json\/wp\/v2\/product_tag?post=49271"}],"curies":[{"name":"wp","href":"https:\/\/api.w.org\/{rel}","templated":true}]}}