{"id":49263,"date":"2022-12-16T14:01:23","date_gmt":"2022-12-16T13:01:23","guid":{"rendered":"https:\/\/kgerad.de\/?post_type=product&#038;p=49263"},"modified":"2023-08-10T19:01:12","modified_gmt":"2023-08-10T17:01:12","slug":"bluegrass-seamless-bs-protektor-shirt","status":"publish","type":"product","link":"https:\/\/kgerad.de\/en\/product\/bluegrass-seamless-bs-protektor-shirt\/","title":{"rendered":"Bluegrass Seamless B&#038;S &#8211; Protektor Shirt"},"content":{"rendered":"<div class=\"product--headername\">\n<h2 class=\"product--title\"><strong>Bluegrass<\/strong> Seamless B&amp;S &#8211; Protektor Shirt<\/h2>\n<\/div>\n<p>Das Bluegrass Seamless B&amp;S ist etwas, das du noch nie zuvor <a href=\"http:\/\/1-1\">gesehen<\/a> hast: unvergleichliche Atmungsaktivit\u00e4t und Komfort der n\u00e4chsten Stufe bei ultimativem Schutz. Es besteht zu 90 % aus der innovativen Dryarn\u00ae-Mikrofaser, die h\u00f6chste Leistungsf\u00e4higkeit f\u00fcr Unterw\u00e4sche-Stoffe garantiert.<\/p>\n<p>Die Faser ist 30 % leichter als herk\u00f6mmliche Gewebe und dank der triboelektrischen Wirkung wird Feuchtigkeit von der w\u00e4rmsten Stelle der Haut zur k\u00e4ltesten Stelle des \u00e4u\u00dferen Gewebenetzes gedr\u00fcckt, ohne Schwei\u00df zu absorbieren. \u00dcberraschend schnell trocknet sie \u00fcbrigens auch noch. Dryarn\u00ae ist zudem dermatologisch getestet, es eliminiert die Bildung von Bakterien und schlechten Ger\u00fcchen und bietet der Haut ein angenehmes Gef\u00fchl von Frische und Trockenheit.<\/p>\n<p>Dank der Seamless-Technologie erh\u00e4lst du eine exakte Formdefinition des Designs und eine sehr geringe Dicke, um eine perfekte und ergonomische Passform zu gew\u00e4hrleisten &#8211; wie eine zweite Haut &#8211; dank des fast vollst\u00e4ndigen Verzichts von N\u00e4hten. Das Gewebe ist enorm stabil und verliert seine elastischen Eigenschaften f\u00fcr einen lang anhaltenden und passgenauen Sitz im Laufe der Zeit nicht.<\/p>\n<p>D3O\u00ae bietet den d\u00fcnnsten und fortschrittlichsten Schutz gegen Einschl\u00e4ge. Der R\u00fcckenprotektor setzt auf das brandneue D3O-BP4\u00ae-Material, das noch besser bel\u00fcftet, flexibler und weicher ist. Die Schulterprotektoren bleiben fest an ihrem Platz und sind mit den Schultergurten von Rucks\u00e4cken kompatibel. So bist du im Downhill jederzeit sicher und im Uphill bequem unterwegs.<\/p>\n<hr \/>\n<h3>Produktdetails &#8211; Seamless B&amp;S<\/h3>\n<ul>\n<li>MTB Protektor Shirt<\/li>\n<li>D30<sup>\u00ae\u00a0<\/sup>BP4 L1 Vollr\u00fcckenprotektor<\/li>\n<li>D30<sup>\u00ae<\/sup>\u00a0T5 EVO X Schulterprotektoren<\/li>\n<li>Seamless-Technologie<\/li>\n<li>Rundum ergonomisch und passgenau<\/li>\n<li>Temperaturkontrolle und schnelle Trocknung<\/li>\n<li>Antibakteriell<\/li>\n<li>Neck-Brace-kompatibel<\/li>\n<li>Zwei R\u00fcckentaschen<\/li>\n<li><strong>Zertifizierung:<\/strong>\u00a0EN 1621-2<\/li>\n<li><strong>Gewicht:<\/strong>\u00a0ca. 615 g<\/li>\n<\/ul>","protected":false},"excerpt":{"rendered":"<p>Bluegrass Seamless B&amp;S &#8211; Protektor Shirt Das Bluegrass Seamless B&amp;S ist etwas, das du noch nie zuvor gesehen hast: unvergleichliche<\/p>","protected":false},"featured_media":65005,"comment_status":"open","ping_status":"closed","template":"","meta":[],"product_brand":[],"product_cat":[573,676],"product_tag":[],"class_list":{"0":"post-49263","1":"product","2":"type-product","3":"status-publish","4":"has-post-thumbnail","6":"product_cat-zubehor","7":"product_cat-zugsysteme","8":"pa_marke-blueggrass","10":"first","11":"instock","12":"sale","13":"taxable","14":"shipping-taxable","15":"purchasable","16":"product-type-variable"},"yoast_head":"<!-- This site is optimized with the Yoast SEO Premium plugin v20.12 (Yoast SEO v27.1.1) - https:\/\/yoast.com\/product\/yoast-seo-premium-wordpress\/ -->\n<title>Bluegrass Seamless B&amp;S - Protektor Shirt<\/title>\n<meta name=\"description\" content=\"Entdecken Sie unseren Online-Fahrradladen: Gro\u00dfe Auswahl an Modellen f\u00fcr alle Radsportbegeisterten. Von Rennr\u00e4dern bis zu Mountainbikes - finden Sie heute Ihren perfekten Wegbegleiter!\" \/>\n<meta name=\"robots\" content=\"index, follow, max-snippet:-1, max-image-preview:large, max-video-preview:-1\" \/>\n<link rel=\"canonical\" href=\"https:\/\/kgerad.de\/en\/product\/bluegrass-seamless-bs-protektor-shirt\/\" \/>\n<meta property=\"og:locale\" content=\"en_US\" \/>\n<meta property=\"og:type\" content=\"article\" \/>\n<meta property=\"og:title\" content=\"Bluegrass Seamless B&amp;S - Protektor Shirt\" \/>\n<meta property=\"og:description\" content=\"Entdecken Sie unseren Online-Fahrradladen: Gro\u00dfe Auswahl an Modellen f\u00fcr alle Radsportbegeisterten. Von Rennr\u00e4dern bis zu Mountainbikes - finden Sie heute Ihren perfekten Wegbegleiter!\" \/>\n<meta property=\"og:url\" content=\"https:\/\/kgerad.de\/en\/product\/bluegrass-seamless-bs-protektor-shirt\/\" \/>\n<meta property=\"og:site_name\" content=\"kgerad.de\" \/>\n<meta property=\"article:modified_time\" content=\"2023-08-10T17:01:12+00:00\" \/>\n<meta property=\"og:image\" content=\"https:\/\/kgerad.de\/wp-content\/uploads\/2023\/06\/Bluegrass_Seamless-B-S_Protektor-Shirt_57110009_-1_800x800-0.jpg\" \/>\n\t<meta property=\"og:image:width\" content=\"690\" \/>\n\t<meta property=\"og:image:height\" content=\"800\" \/>\n\t<meta property=\"og:image:type\" content=\"image\/jpeg\" \/>\n<meta name=\"twitter:card\" content=\"summary_large_image\" \/>\n<meta name=\"twitter:label1\" content=\"Est. reading time\" \/>\n\t<meta name=\"twitter:data1\" content=\"2 minutes\" \/>\n<script type=\"application\/ld+json\" class=\"yoast-schema-graph\">{\"@context\":\"https:\/\/schema.org\",\"@graph\":[{\"@type\":\"WebPage\",\"@id\":\"https:\/\/kgerad.de\/produkt\/bluegrass-seamless-bs-protektor-shirt\/\",\"url\":\"https:\/\/kgerad.de\/produkt\/bluegrass-seamless-bs-protektor-shirt\/\",\"name\":\"Bluegrass Seamless B&S - Protektor Shirt\",\"isPartOf\":{\"@id\":\"https:\/\/kgerad.de\/#website\"},\"primaryImageOfPage\":{\"@id\":\"https:\/\/kgerad.de\/produkt\/bluegrass-seamless-bs-protektor-shirt\/#primaryimage\"},\"image\":{\"@id\":\"https:\/\/kgerad.de\/produkt\/bluegrass-seamless-bs-protektor-shirt\/#primaryimage\"},\"thumbnailUrl\":\"https:\/\/kgerad.de\/wp-content\/uploads\/2023\/06\/Bluegrass_Seamless-B-S_Protektor-Shirt_57110009_-1_800x800-0.jpg\",\"datePublished\":\"2022-12-16T13:01:23+00:00\",\"dateModified\":\"2023-08-10T17:01:12+00:00\",\"description\":\"Entdecken Sie unseren Online-Fahrradladen: Gro\u00dfe Auswahl an Modellen f\u00fcr alle Radsportbegeisterten. Von Rennr\u00e4dern bis zu Mountainbikes - finden Sie heute Ihren perfekten Wegbegleiter!\",\"breadcrumb\":{\"@id\":\"https:\/\/kgerad.de\/produkt\/bluegrass-seamless-bs-protektor-shirt\/#breadcrumb\"},\"inLanguage\":\"en-US\",\"potentialAction\":[{\"@type\":\"ReadAction\",\"target\":[\"https:\/\/kgerad.de\/produkt\/bluegrass-seamless-bs-protektor-shirt\/\"]}]},{\"@type\":\"ImageObject\",\"inLanguage\":\"en-US\",\"@id\":\"https:\/\/kgerad.de\/produkt\/bluegrass-seamless-bs-protektor-shirt\/#primaryimage\",\"url\":\"https:\/\/kgerad.de\/wp-content\/uploads\/2023\/06\/Bluegrass_Seamless-B-S_Protektor-Shirt_57110009_-1_800x800-0.jpg\",\"contentUrl\":\"https:\/\/kgerad.de\/wp-content\/uploads\/2023\/06\/Bluegrass_Seamless-B-S_Protektor-Shirt_57110009_-1_800x800-0.jpg\",\"width\":690,\"height\":800,\"caption\":\"Bluegrass Seamless B&S - Protektor Shirt\"},{\"@type\":\"BreadcrumbList\",\"@id\":\"https:\/\/kgerad.de\/produkt\/bluegrass-seamless-bs-protektor-shirt\/#breadcrumb\",\"itemListElement\":[{\"@type\":\"ListItem\",\"position\":1,\"name\":\"Startseite\",\"item\":\"https:\/\/kgerad.de\/\"},{\"@type\":\"ListItem\",\"position\":2,\"name\":\"LADEN\",\"item\":\"https:\/\/kgerad.de\/laden\/\"},{\"@type\":\"ListItem\",\"position\":3,\"name\":\"Bluegrass Seamless B&#038;S &#8211; Protektor Shirt\"}]},{\"@type\":\"WebSite\",\"@id\":\"https:\/\/kgerad.de\/#website\",\"url\":\"https:\/\/kgerad.de\/\",\"name\":\"kgerad.de\",\"description\":\"Treten Sie mit uns ins Abenteuer!\",\"publisher\":{\"@id\":\"https:\/\/kgerad.de\/#organization\"},\"alternateName\":\"MEIN RADLADEN\",\"potentialAction\":[{\"@type\":\"SearchAction\",\"target\":{\"@type\":\"EntryPoint\",\"urlTemplate\":\"https:\/\/kgerad.de\/?s={search_term_string}\"},\"query-input\":{\"@type\":\"PropertyValueSpecification\",\"valueRequired\":true,\"valueName\":\"search_term_string\"}}],\"inLanguage\":\"en-US\"},{\"@type\":\"Organization\",\"@id\":\"https:\/\/kgerad.de\/#organization\",\"name\":\"MEINRADLADEN\",\"alternateName\":\"MEIN RADLADEN\",\"url\":\"https:\/\/kgerad.de\/\",\"logo\":{\"@type\":\"ImageObject\",\"inLanguage\":\"en-US\",\"@id\":\"https:\/\/kgerad.de\/#\/schema\/logo\/image\/\",\"url\":\"https:\/\/kgerad.de\/wp-content\/uploads\/2025\/07\/logo-Whit.svg\",\"contentUrl\":\"https:\/\/kgerad.de\/wp-content\/uploads\/2025\/07\/logo-Whit.svg\",\"width\":1640,\"height\":371,\"caption\":\"MEINRADLADEN\"},\"image\":{\"@id\":\"https:\/\/kgerad.de\/#\/schema\/logo\/image\/\"}}]}<\/script>\n<!-- \/ Yoast SEO Premium plugin. -->","yoast_head_json":{"title":"Bluegrass Seamless B&S - Protektor Shirt","description":"Entdecken Sie unseren Online-Fahrradladen: Gro\u00dfe Auswahl an Modellen f\u00fcr alle Radsportbegeisterten. Von Rennr\u00e4dern bis zu Mountainbikes - finden Sie heute Ihren perfekten Wegbegleiter!","robots":{"index":"index","follow":"follow","max-snippet":"max-snippet:-1","max-image-preview":"max-image-preview:large","max-video-preview":"max-video-preview:-1"},"canonical":"https:\/\/kgerad.de\/en\/product\/bluegrass-seamless-bs-protektor-shirt\/","og_locale":"en_US","og_type":"article","og_title":"Bluegrass Seamless B&S - Protektor Shirt","og_description":"Entdecken Sie unseren Online-Fahrradladen: Gro\u00dfe Auswahl an Modellen f\u00fcr alle Radsportbegeisterten. Von Rennr\u00e4dern bis zu Mountainbikes - finden Sie heute Ihren perfekten Wegbegleiter!","og_url":"https:\/\/kgerad.de\/en\/product\/bluegrass-seamless-bs-protektor-shirt\/","og_site_name":"kgerad.de","article_modified_time":"2023-08-10T17:01:12+00:00","og_image":[{"width":690,"height":800,"url":"https:\/\/kgerad.de\/wp-content\/uploads\/2023\/06\/Bluegrass_Seamless-B-S_Protektor-Shirt_57110009_-1_800x800-0.jpg","type":"image\/jpeg"}],"twitter_card":"summary_large_image","twitter_misc":{"Est. reading time":"2 minutes"},"schema":{"@context":"https:\/\/schema.org","@graph":[{"@type":"WebPage","@id":"https:\/\/kgerad.de\/produkt\/bluegrass-seamless-bs-protektor-shirt\/","url":"https:\/\/kgerad.de\/produkt\/bluegrass-seamless-bs-protektor-shirt\/","name":"Bluegrass Seamless B&S - Protektor Shirt","isPartOf":{"@id":"https:\/\/kgerad.de\/#website"},"primaryImageOfPage":{"@id":"https:\/\/kgerad.de\/produkt\/bluegrass-seamless-bs-protektor-shirt\/#primaryimage"},"image":{"@id":"https:\/\/kgerad.de\/produkt\/bluegrass-seamless-bs-protektor-shirt\/#primaryimage"},"thumbnailUrl":"https:\/\/kgerad.de\/wp-content\/uploads\/2023\/06\/Bluegrass_Seamless-B-S_Protektor-Shirt_57110009_-1_800x800-0.jpg","datePublished":"2022-12-16T13:01:23+00:00","dateModified":"2023-08-10T17:01:12+00:00","description":"Entdecken Sie unseren Online-Fahrradladen: Gro\u00dfe Auswahl an Modellen f\u00fcr alle Radsportbegeisterten. Von Rennr\u00e4dern bis zu Mountainbikes - finden Sie heute Ihren perfekten Wegbegleiter!","breadcrumb":{"@id":"https:\/\/kgerad.de\/produkt\/bluegrass-seamless-bs-protektor-shirt\/#breadcrumb"},"inLanguage":"en-US","potentialAction":[{"@type":"ReadAction","target":["https:\/\/kgerad.de\/produkt\/bluegrass-seamless-bs-protektor-shirt\/"]}]},{"@type":"ImageObject","inLanguage":"en-US","@id":"https:\/\/kgerad.de\/produkt\/bluegrass-seamless-bs-protektor-shirt\/#primaryimage","url":"https:\/\/kgerad.de\/wp-content\/uploads\/2023\/06\/Bluegrass_Seamless-B-S_Protektor-Shirt_57110009_-1_800x800-0.jpg","contentUrl":"https:\/\/kgerad.de\/wp-content\/uploads\/2023\/06\/Bluegrass_Seamless-B-S_Protektor-Shirt_57110009_-1_800x800-0.jpg","width":690,"height":800,"caption":"Bluegrass Seamless B&S - Protektor Shirt"},{"@type":"BreadcrumbList","@id":"https:\/\/kgerad.de\/produkt\/bluegrass-seamless-bs-protektor-shirt\/#breadcrumb","itemListElement":[{"@type":"ListItem","position":1,"name":"Startseite","item":"https:\/\/kgerad.de\/"},{"@type":"ListItem","position":2,"name":"LADEN","item":"https:\/\/kgerad.de\/laden\/"},{"@type":"ListItem","position":3,"name":"Bluegrass Seamless B&#038;S &#8211; Protektor Shirt"}]},{"@type":"WebSite","@id":"https:\/\/kgerad.de\/#website","url":"https:\/\/kgerad.de\/","name":"kgerad.de","description":"Treten Sie mit uns ins Abenteuer!","publisher":{"@id":"https:\/\/kgerad.de\/#organization"},"alternateName":"MEIN RADLADEN","potentialAction":[{"@type":"SearchAction","target":{"@type":"EntryPoint","urlTemplate":"https:\/\/kgerad.de\/?s={search_term_string}"},"query-input":{"@type":"PropertyValueSpecification","valueRequired":true,"valueName":"search_term_string"}}],"inLanguage":"en-US"},{"@type":"Organization","@id":"https:\/\/kgerad.de\/#organization","name":"MEINRADLADEN","alternateName":"MEIN RADLADEN","url":"https:\/\/kgerad.de\/","logo":{"@type":"ImageObject","inLanguage":"en-US","@id":"https:\/\/kgerad.de\/#\/schema\/logo\/image\/","url":"https:\/\/kgerad.de\/wp-content\/uploads\/2025\/07\/logo-Whit.svg","contentUrl":"https:\/\/kgerad.de\/wp-content\/uploads\/2025\/07\/logo-Whit.svg","width":1640,"height":371,"caption":"MEINRADLADEN"},"image":{"@id":"https:\/\/kgerad.de\/#\/schema\/logo\/image\/"}}]}},"_links":{"self":[{"href":"https:\/\/kgerad.de\/en\/wp-json\/wp\/v2\/product\/49263","targetHints":{"allow":["GET"]}}],"collection":[{"href":"https:\/\/kgerad.de\/en\/wp-json\/wp\/v2\/product"}],"about":[{"href":"https:\/\/kgerad.de\/en\/wp-json\/wp\/v2\/types\/product"}],"replies":[{"embeddable":true,"href":"https:\/\/kgerad.de\/en\/wp-json\/wp\/v2\/comments?post=49263"}],"version-history":[{"count":1,"href":"https:\/\/kgerad.de\/en\/wp-json\/wp\/v2\/product\/49263\/revisions"}],"predecessor-version":[{"id":78644,"href":"https:\/\/kgerad.de\/en\/wp-json\/wp\/v2\/product\/49263\/revisions\/78644"}],"wp:featuredmedia":[{"embeddable":true,"href":"https:\/\/kgerad.de\/en\/wp-json\/wp\/v2\/media\/65005"}],"wp:attachment":[{"href":"https:\/\/kgerad.de\/en\/wp-json\/wp\/v2\/media?parent=49263"}],"wp:term":[{"taxonomy":"product_brand","embeddable":true,"href":"https:\/\/kgerad.de\/en\/wp-json\/wp\/v2\/product_brand?post=49263"},{"taxonomy":"product_cat","embeddable":true,"href":"https:\/\/kgerad.de\/en\/wp-json\/wp\/v2\/product_cat?post=49263"},{"taxonomy":"product_tag","embeddable":true,"href":"https:\/\/kgerad.de\/en\/wp-json\/wp\/v2\/product_tag?post=49263"}],"curies":[{"name":"wp","href":"https:\/\/api.w.org\/{rel}","templated":true}]}}