{"id":49226,"date":"2022-12-16T12:49:13","date_gmt":"2022-12-16T11:49:13","guid":{"rendered":"https:\/\/kgerad.de\/?post_type=product&#038;p=49226"},"modified":"2023-08-10T19:01:52","modified_gmt":"2023-08-10T17:01:52","slug":"poc-spine-vpd-air-tee-protektor-shirt-kopie","status":"publish","type":"product","link":"https:\/\/kgerad.de\/en\/product\/poc-spine-vpd-air-tee-protektor-shirt-kopie\/","title":{"rendered":"POC Spine VPD Air+ Tee &#8211; Protektor Shirt (Kopie)"},"content":{"rendered":"<div class=\"product--headername\">\n<h2 class=\"product--title\"><strong>POC<\/strong> Spine VPD Air+ Tee &#8211; Protektor Shirt<\/h2>\n<\/div>\n<p>Das POC Spine VPD Air + Tee ist das optimale Protektoren Shirt f\u00fcr diejenigen, die nach maximalen Schutz f\u00fcr den R\u00fccken bei gleichzeitig minimaler Polsterung und optimaler Flexibilit\u00e4t suchen.<\/p>\n<h4>Luftiger Schutz f\u00fcr den Oberk\u00f6rper: Spine VPD + Tee von POC<\/h4>\n<p>Der dreilagige R\u00fcckenprotektor nutzt <a href=\"http:\/\/i.i\">die<\/a> VPD-Technologie, die internationale Sicherheitsstandards erf\u00fcllt und bietet ein ho\u00dfes Ma\u00df an Bel\u00fcftung und Flexibilit\u00e4t. Das Tee besteht aus einem elastischen Mesh, das sowohl leicht als auch atmungsaktiv ist, und dem flachen, robusten R\u00fcckenprotektor. Das im Schulter- und Brustbereich verwendete VPD Air Material ist sehr atmungsaktiv, leicht und komfortabel.<\/p>\n<hr \/>\n<h4>Produktdetails &#8211; Spine VPD Air+ Tee<\/h4>\n<ul>\n<li>Leichter, bel\u00fcfteter R\u00fcckenprotektor (zertifiziert nach EN 1621-2)<\/li>\n<li>elastisches Mesh Material f\u00fcr gute Bel\u00fcftung und optimale Passform<\/li>\n<li>Leichte Pads an Schulter und Brust<\/li>\n<li>gute Aufpralld\u00e4mpfung<\/li>\n<li>Silikonb\u00fcndchen<\/li>\n<li>Perforiertes Material f\u00fcr optimale Ventilation<\/li>\n<\/ul>","protected":false},"excerpt":{"rendered":"<p>POC Spine VPD Air+ Tee &#8211; Protektor Shirt Das POC Spine VPD Air + Tee ist das optimale Protektoren Shirt<\/p>","protected":false},"featured_media":64998,"comment_status":"open","ping_status":"closed","template":"","meta":[],"product_brand":[],"product_cat":[573,676],"product_tag":[],"class_list":{"0":"post-49226","1":"product","2":"type-product","3":"status-publish","4":"has-post-thumbnail","6":"product_cat-zubehor","7":"product_cat-zugsysteme","8":"pa_marke-poc","10":"first","11":"instock","12":"sale","13":"taxable","14":"shipping-taxable","15":"purchasable","16":"product-type-variable"},"yoast_head":"<!-- This site is optimized with the Yoast SEO Premium plugin v20.12 (Yoast SEO v27.1.1) - https:\/\/yoast.com\/product\/yoast-seo-premium-wordpress\/ -->\n<title>POC Spine VPD Air+ Tee - Protektor Shirt (Kopie)<\/title>\n<meta name=\"description\" content=\"Entdecken Sie unseren Online-Fahrradladen: Gro\u00dfe Auswahl an Modellen f\u00fcr alle Radsportbegeisterten. Von Rennr\u00e4dern bis zu Mountainbikes - finden Sie heute Ihren perfekten Wegbegleiter!\" \/>\n<meta name=\"robots\" content=\"index, follow, max-snippet:-1, max-image-preview:large, max-video-preview:-1\" \/>\n<link rel=\"canonical\" href=\"https:\/\/kgerad.de\/en\/product\/poc-spine-vpd-air-tee-protektor-shirt-kopie\/\" \/>\n<meta property=\"og:locale\" content=\"en_US\" \/>\n<meta property=\"og:type\" content=\"article\" \/>\n<meta property=\"og:title\" content=\"POC Spine VPD Air+ Tee - Protektor Shirt (Kopie)\" \/>\n<meta property=\"og:description\" content=\"Entdecken Sie unseren Online-Fahrradladen: Gro\u00dfe Auswahl an Modellen f\u00fcr alle Radsportbegeisterten. Von Rennr\u00e4dern bis zu Mountainbikes - finden Sie heute Ihren perfekten Wegbegleiter!\" \/>\n<meta property=\"og:url\" content=\"https:\/\/kgerad.de\/en\/product\/poc-spine-vpd-air-tee-protektor-shirt-kopie\/\" \/>\n<meta property=\"og:site_name\" content=\"kgerad.de\" \/>\n<meta property=\"article:modified_time\" content=\"2023-08-10T17:01:52+00:00\" \/>\n<meta property=\"og:image\" content=\"https:\/\/kgerad.de\/wp-content\/uploads\/2023\/06\/POC-Spine-VPD-Air-Tee-Protektor-Shirt-PC203351002-1_800x800-0.jpg\" \/>\n\t<meta property=\"og:image:width\" content=\"637\" \/>\n\t<meta property=\"og:image:height\" content=\"800\" \/>\n\t<meta property=\"og:image:type\" content=\"image\/jpeg\" \/>\n<meta name=\"twitter:card\" content=\"summary_large_image\" \/>\n<meta name=\"twitter:label1\" content=\"Est. reading time\" \/>\n\t<meta name=\"twitter:data1\" content=\"1 minute\" \/>\n<script type=\"application\/ld+json\" class=\"yoast-schema-graph\">{\"@context\":\"https:\/\/schema.org\",\"@graph\":[{\"@type\":\"WebPage\",\"@id\":\"https:\/\/kgerad.de\/produkt\/poc-spine-vpd-air-tee-protektor-shirt-kopie\/\",\"url\":\"https:\/\/kgerad.de\/produkt\/poc-spine-vpd-air-tee-protektor-shirt-kopie\/\",\"name\":\"POC Spine VPD Air+ Tee - Protektor Shirt (Kopie)\",\"isPartOf\":{\"@id\":\"https:\/\/kgerad.de\/#website\"},\"primaryImageOfPage\":{\"@id\":\"https:\/\/kgerad.de\/produkt\/poc-spine-vpd-air-tee-protektor-shirt-kopie\/#primaryimage\"},\"image\":{\"@id\":\"https:\/\/kgerad.de\/produkt\/poc-spine-vpd-air-tee-protektor-shirt-kopie\/#primaryimage\"},\"thumbnailUrl\":\"https:\/\/kgerad.de\/wp-content\/uploads\/2023\/06\/POC-Spine-VPD-Air-Tee-Protektor-Shirt-PC203351002-1_800x800-0.jpg\",\"datePublished\":\"2022-12-16T11:49:13+00:00\",\"dateModified\":\"2023-08-10T17:01:52+00:00\",\"description\":\"Entdecken Sie unseren Online-Fahrradladen: Gro\u00dfe Auswahl an Modellen f\u00fcr alle Radsportbegeisterten. Von Rennr\u00e4dern bis zu Mountainbikes - finden Sie heute Ihren perfekten Wegbegleiter!\",\"breadcrumb\":{\"@id\":\"https:\/\/kgerad.de\/produkt\/poc-spine-vpd-air-tee-protektor-shirt-kopie\/#breadcrumb\"},\"inLanguage\":\"en-US\",\"potentialAction\":[{\"@type\":\"ReadAction\",\"target\":[\"https:\/\/kgerad.de\/produkt\/poc-spine-vpd-air-tee-protektor-shirt-kopie\/\"]}]},{\"@type\":\"ImageObject\",\"inLanguage\":\"en-US\",\"@id\":\"https:\/\/kgerad.de\/produkt\/poc-spine-vpd-air-tee-protektor-shirt-kopie\/#primaryimage\",\"url\":\"https:\/\/kgerad.de\/wp-content\/uploads\/2023\/06\/POC-Spine-VPD-Air-Tee-Protektor-Shirt-PC203351002-1_800x800-0.jpg\",\"contentUrl\":\"https:\/\/kgerad.de\/wp-content\/uploads\/2023\/06\/POC-Spine-VPD-Air-Tee-Protektor-Shirt-PC203351002-1_800x800-0.jpg\",\"width\":637,\"height\":800,\"caption\":\"POC Spine VPD Air+ Tee - Protektor Shirt\"},{\"@type\":\"BreadcrumbList\",\"@id\":\"https:\/\/kgerad.de\/produkt\/poc-spine-vpd-air-tee-protektor-shirt-kopie\/#breadcrumb\",\"itemListElement\":[{\"@type\":\"ListItem\",\"position\":1,\"name\":\"Startseite\",\"item\":\"https:\/\/kgerad.de\/\"},{\"@type\":\"ListItem\",\"position\":2,\"name\":\"LADEN\",\"item\":\"https:\/\/kgerad.de\/laden\/\"},{\"@type\":\"ListItem\",\"position\":3,\"name\":\"POC Spine VPD Air+ Tee &#8211; Protektor Shirt (Kopie)\"}]},{\"@type\":\"WebSite\",\"@id\":\"https:\/\/kgerad.de\/#website\",\"url\":\"https:\/\/kgerad.de\/\",\"name\":\"kgerad.de\",\"description\":\"Treten Sie mit uns ins Abenteuer!\",\"publisher\":{\"@id\":\"https:\/\/kgerad.de\/#organization\"},\"alternateName\":\"MEIN RADLADEN\",\"potentialAction\":[{\"@type\":\"SearchAction\",\"target\":{\"@type\":\"EntryPoint\",\"urlTemplate\":\"https:\/\/kgerad.de\/?s={search_term_string}\"},\"query-input\":{\"@type\":\"PropertyValueSpecification\",\"valueRequired\":true,\"valueName\":\"search_term_string\"}}],\"inLanguage\":\"en-US\"},{\"@type\":\"Organization\",\"@id\":\"https:\/\/kgerad.de\/#organization\",\"name\":\"MEINRADLADEN\",\"alternateName\":\"MEIN RADLADEN\",\"url\":\"https:\/\/kgerad.de\/\",\"logo\":{\"@type\":\"ImageObject\",\"inLanguage\":\"en-US\",\"@id\":\"https:\/\/kgerad.de\/#\/schema\/logo\/image\/\",\"url\":\"https:\/\/kgerad.de\/wp-content\/uploads\/2025\/07\/logo-Whit.svg\",\"contentUrl\":\"https:\/\/kgerad.de\/wp-content\/uploads\/2025\/07\/logo-Whit.svg\",\"width\":1640,\"height\":371,\"caption\":\"MEINRADLADEN\"},\"image\":{\"@id\":\"https:\/\/kgerad.de\/#\/schema\/logo\/image\/\"}}]}<\/script>\n<!-- \/ Yoast SEO Premium plugin. -->","yoast_head_json":{"title":"POC Spine VPD Air+ Tee - Protektor Shirt (Kopie)","description":"Entdecken Sie unseren Online-Fahrradladen: Gro\u00dfe Auswahl an Modellen f\u00fcr alle Radsportbegeisterten. Von Rennr\u00e4dern bis zu Mountainbikes - finden Sie heute Ihren perfekten Wegbegleiter!","robots":{"index":"index","follow":"follow","max-snippet":"max-snippet:-1","max-image-preview":"max-image-preview:large","max-video-preview":"max-video-preview:-1"},"canonical":"https:\/\/kgerad.de\/en\/product\/poc-spine-vpd-air-tee-protektor-shirt-kopie\/","og_locale":"en_US","og_type":"article","og_title":"POC Spine VPD Air+ Tee - Protektor Shirt (Kopie)","og_description":"Entdecken Sie unseren Online-Fahrradladen: Gro\u00dfe Auswahl an Modellen f\u00fcr alle Radsportbegeisterten. Von Rennr\u00e4dern bis zu Mountainbikes - finden Sie heute Ihren perfekten Wegbegleiter!","og_url":"https:\/\/kgerad.de\/en\/product\/poc-spine-vpd-air-tee-protektor-shirt-kopie\/","og_site_name":"kgerad.de","article_modified_time":"2023-08-10T17:01:52+00:00","og_image":[{"width":637,"height":800,"url":"https:\/\/kgerad.de\/wp-content\/uploads\/2023\/06\/POC-Spine-VPD-Air-Tee-Protektor-Shirt-PC203351002-1_800x800-0.jpg","type":"image\/jpeg"}],"twitter_card":"summary_large_image","twitter_misc":{"Est. reading time":"1 minute"},"schema":{"@context":"https:\/\/schema.org","@graph":[{"@type":"WebPage","@id":"https:\/\/kgerad.de\/produkt\/poc-spine-vpd-air-tee-protektor-shirt-kopie\/","url":"https:\/\/kgerad.de\/produkt\/poc-spine-vpd-air-tee-protektor-shirt-kopie\/","name":"POC Spine VPD Air+ Tee - Protektor Shirt (Kopie)","isPartOf":{"@id":"https:\/\/kgerad.de\/#website"},"primaryImageOfPage":{"@id":"https:\/\/kgerad.de\/produkt\/poc-spine-vpd-air-tee-protektor-shirt-kopie\/#primaryimage"},"image":{"@id":"https:\/\/kgerad.de\/produkt\/poc-spine-vpd-air-tee-protektor-shirt-kopie\/#primaryimage"},"thumbnailUrl":"https:\/\/kgerad.de\/wp-content\/uploads\/2023\/06\/POC-Spine-VPD-Air-Tee-Protektor-Shirt-PC203351002-1_800x800-0.jpg","datePublished":"2022-12-16T11:49:13+00:00","dateModified":"2023-08-10T17:01:52+00:00","description":"Entdecken Sie unseren Online-Fahrradladen: Gro\u00dfe Auswahl an Modellen f\u00fcr alle Radsportbegeisterten. Von Rennr\u00e4dern bis zu Mountainbikes - finden Sie heute Ihren perfekten Wegbegleiter!","breadcrumb":{"@id":"https:\/\/kgerad.de\/produkt\/poc-spine-vpd-air-tee-protektor-shirt-kopie\/#breadcrumb"},"inLanguage":"en-US","potentialAction":[{"@type":"ReadAction","target":["https:\/\/kgerad.de\/produkt\/poc-spine-vpd-air-tee-protektor-shirt-kopie\/"]}]},{"@type":"ImageObject","inLanguage":"en-US","@id":"https:\/\/kgerad.de\/produkt\/poc-spine-vpd-air-tee-protektor-shirt-kopie\/#primaryimage","url":"https:\/\/kgerad.de\/wp-content\/uploads\/2023\/06\/POC-Spine-VPD-Air-Tee-Protektor-Shirt-PC203351002-1_800x800-0.jpg","contentUrl":"https:\/\/kgerad.de\/wp-content\/uploads\/2023\/06\/POC-Spine-VPD-Air-Tee-Protektor-Shirt-PC203351002-1_800x800-0.jpg","width":637,"height":800,"caption":"POC Spine VPD Air+ Tee - Protektor Shirt"},{"@type":"BreadcrumbList","@id":"https:\/\/kgerad.de\/produkt\/poc-spine-vpd-air-tee-protektor-shirt-kopie\/#breadcrumb","itemListElement":[{"@type":"ListItem","position":1,"name":"Startseite","item":"https:\/\/kgerad.de\/"},{"@type":"ListItem","position":2,"name":"LADEN","item":"https:\/\/kgerad.de\/laden\/"},{"@type":"ListItem","position":3,"name":"POC Spine VPD Air+ Tee &#8211; Protektor Shirt (Kopie)"}]},{"@type":"WebSite","@id":"https:\/\/kgerad.de\/#website","url":"https:\/\/kgerad.de\/","name":"kgerad.de","description":"Treten Sie mit uns ins Abenteuer!","publisher":{"@id":"https:\/\/kgerad.de\/#organization"},"alternateName":"MEIN RADLADEN","potentialAction":[{"@type":"SearchAction","target":{"@type":"EntryPoint","urlTemplate":"https:\/\/kgerad.de\/?s={search_term_string}"},"query-input":{"@type":"PropertyValueSpecification","valueRequired":true,"valueName":"search_term_string"}}],"inLanguage":"en-US"},{"@type":"Organization","@id":"https:\/\/kgerad.de\/#organization","name":"MEINRADLADEN","alternateName":"MEIN RADLADEN","url":"https:\/\/kgerad.de\/","logo":{"@type":"ImageObject","inLanguage":"en-US","@id":"https:\/\/kgerad.de\/#\/schema\/logo\/image\/","url":"https:\/\/kgerad.de\/wp-content\/uploads\/2025\/07\/logo-Whit.svg","contentUrl":"https:\/\/kgerad.de\/wp-content\/uploads\/2025\/07\/logo-Whit.svg","width":1640,"height":371,"caption":"MEINRADLADEN"},"image":{"@id":"https:\/\/kgerad.de\/#\/schema\/logo\/image\/"}}]}},"_links":{"self":[{"href":"https:\/\/kgerad.de\/en\/wp-json\/wp\/v2\/product\/49226","targetHints":{"allow":["GET"]}}],"collection":[{"href":"https:\/\/kgerad.de\/en\/wp-json\/wp\/v2\/product"}],"about":[{"href":"https:\/\/kgerad.de\/en\/wp-json\/wp\/v2\/types\/product"}],"replies":[{"embeddable":true,"href":"https:\/\/kgerad.de\/en\/wp-json\/wp\/v2\/comments?post=49226"}],"version-history":[{"count":1,"href":"https:\/\/kgerad.de\/en\/wp-json\/wp\/v2\/product\/49226\/revisions"}],"predecessor-version":[{"id":78648,"href":"https:\/\/kgerad.de\/en\/wp-json\/wp\/v2\/product\/49226\/revisions\/78648"}],"wp:featuredmedia":[{"embeddable":true,"href":"https:\/\/kgerad.de\/en\/wp-json\/wp\/v2\/media\/64998"}],"wp:attachment":[{"href":"https:\/\/kgerad.de\/en\/wp-json\/wp\/v2\/media?parent=49226"}],"wp:term":[{"taxonomy":"product_brand","embeddable":true,"href":"https:\/\/kgerad.de\/en\/wp-json\/wp\/v2\/product_brand?post=49226"},{"taxonomy":"product_cat","embeddable":true,"href":"https:\/\/kgerad.de\/en\/wp-json\/wp\/v2\/product_cat?post=49226"},{"taxonomy":"product_tag","embeddable":true,"href":"https:\/\/kgerad.de\/en\/wp-json\/wp\/v2\/product_tag?post=49226"}],"curies":[{"name":"wp","href":"https:\/\/api.w.org\/{rel}","templated":true}]}}