{"id":49114,"date":"2022-12-12T12:40:44","date_gmt":"2022-12-12T11:40:44","guid":{"rendered":"https:\/\/kgerad.de\/?post_type=product&#038;p=49114"},"modified":"2023-08-10T19:04:18","modified_gmt":"2023-08-10T17:04:18","slug":"fischer-e-bike-cita-4-5i-504-7-gang-nabenschaltung","status":"publish","type":"product","link":"https:\/\/kgerad.de\/en\/product\/fischer-e-bike-cita-4-5i-504-7-gang-nabenschaltung\/","title":{"rendered":"FISCHER E-Bike CITA 4.5i 504, 7 Gang, Nabenschaltung"},"content":{"rendered":"<h2 class=\"pdp_variation-name pl_headline100\" data-qa=\"variationName\">FISCHER E-Bike CITA 4.5i 504 , 7 Gang, Nabenschaltung, Mittelmotor<\/h2>\n<p>Ein zuverl\u00e4ssiges FISCHER E-bike CITA Citybike mit bew\u00e4hrtem Tiefeinstieg und jetzt neu 504 Wh Akku. Weil Komfort beim urbanen Radfahren nicht zu kurz kommen darf, z\u00e4hlen Federgabel und gefederte Sattelst\u00fctze zur Ausstattung. Der 70 Lux starke LED-Frontscheinwerfer gew\u00e4hrleistet optimale Ausleuchtung und Sichtbarkeit im Stra\u00dfenverkehr. Inklusive Vorderrad-Korb.<\/p>\n<h2 class=\"pl_headline200 pl_mb50\">Details<\/h2>\n<div class=\"pl_text-expander pl_copy100 pdp_details__text-expander js_pdp_details__text-expander pl_text-expander--has-more pl_text-expander--expanded\" lang=\"de\">\n<div class=\"pdp_details__characteristics-html\">\n<table class=\"dv_characteristicsTable\">\n<caption>MOTOR \/ AKKU<\/caption>\n<tbody>\n<tr>\n<td class=\"left\">Marke Motor<\/td>\n<td>Bafang<\/td>\n<\/tr>\n<tr>\n<td class=\"left\">Modell Motor<\/td>\n<td>M200<\/td>\n<\/tr>\n<tr>\n<td class=\"left\">Typ Motor<\/td>\n<td>Mittelmotor<\/td>\n<\/tr>\n<tr>\n<td class=\"left\">Leistung Motor in Nm<\/td>\n<td>65 Nm<\/td>\n<\/tr>\n<tr>\n<td class=\"left\">Anzahl Unterst\u00fctzungsstufen<\/td>\n<td>5<\/td>\n<\/tr>\n<tr>\n<td class=\"left\">Details Akku<\/td>\n<td>abnehmbar<br \/>\nabschlie\u00dfbar<\/td>\n<\/tr>\n<tr>\n<td class=\"left\">Batterie-\/Akku-Technologie<\/td>\n<td>Lithium-Ionen (Li-Ion)<\/td>\n<\/tr>\n<tr>\n<td class=\"left\">Leistung Akku<\/td>\n<td>504 Wh<\/td>\n<\/tr>\n<tr>\n<td class=\"left\">Spannung Akku<\/td>\n<td>36 V<\/td>\n<\/tr>\n<tr>\n<td class=\"left\">Ladezeit Akku<\/td>\n<td>4,7 Std.<\/td>\n<\/tr>\n<tr>\n<td class=\"left\">Gewicht Akku<\/td>\n<td>2,9 kg<\/td>\n<\/tr>\n<tr>\n<td class=\"left\">Reichweite Akku<\/td>\n<td>120 km<\/td>\n<\/tr>\n<tr>\n<td class=\"left\">Details Reichweite Akku<\/td>\n<td>abh\u00e4ngig von mehreren Faktoren<br \/>\nje nach Fahrweise<\/td>\n<\/tr>\n<tr>\n<td class=\"left\">Anzahl Akkus<\/td>\n<td>1 St.<\/td>\n<\/tr>\n<tr>\n<td class=\"left\">Fahrhilfen<\/td>\n<td>Schiebehilfe<\/td>\n<\/tr>\n<tr>\n<td class=\"left\">Typ Netzstecker<\/td>\n<td>Euroflachstecker (Typ C-CEE 7\/16)<\/td>\n<\/tr>\n<\/tbody>\n<\/table>\n<table class=\"dv_characteristicsTable\">\n<caption>GABEL<\/caption>\n<tbody>\n<tr>\n<td class=\"left\">Material Gabel<\/td>\n<td>Stahl<\/td>\n<\/tr>\n<tr>\n<td class=\"left\">Bauart Gabel<\/td>\n<td>Federgabel<\/td>\n<\/tr>\n<\/tbody>\n<\/table>\n<table class=\"dv_characteristicsTable\">\n<caption>SCHALTUNG \/ ANTRIEB<\/caption>\n<tbody>\n<tr>\n<td class=\"left\">Antriebsform<\/td>\n<td>Kettenantrieb<\/td>\n<\/tr>\n<tr>\n<td class=\"left\">Anzahl G\u00e4nge<\/td>\n<td>7<\/td>\n<\/tr>\n<tr>\n<td class=\"left\">Typ Schaltung<\/td>\n<td>Nabenschaltung<\/td>\n<\/tr>\n<tr>\n<td class=\"left\">Details Nabe<\/td>\n<td>R\u00fccktritt<\/td>\n<\/tr>\n<tr>\n<td class=\"left\">Schalthebel<\/td>\n<td>Drehgriff<\/td>\n<\/tr>\n<\/tbody>\n<\/table>\n<table class=\"dv_characteristicsTable\">\n<caption>BREMSE<\/caption>\n<tbody>\n<tr>\n<td class=\"left\">Typ Vorderbremse<\/td>\n<td>Felgenbremse<\/td>\n<\/tr>\n<tr>\n<td class=\"left\">Bauart Vorderbremse<\/td>\n<td>hydraulisch<\/td>\n<\/tr>\n<tr>\n<td class=\"left\">Typ Hinterbremse<\/td>\n<td>Felgenbremse<\/td>\n<\/tr>\n<tr>\n<td class=\"left\">Bauart Hinterbremse<\/td>\n<td>hydraulisch<\/td>\n<\/tr>\n<\/tbody>\n<\/table>\n<table class=\"dv_characteristicsTable\">\n<caption>LAUFR\u00c4DER<\/caption>\n<tbody>\n<tr>\n<td class=\"left\">Marke Laufrad<\/td>\n<td>Fischer Fahrr\u00e4der<\/td>\n<\/tr>\n<tr>\n<td class=\"left\">Gr\u00f6\u00dfe Laufrad<\/td>\n<td>28 Zoll (71,12 cm)<\/td>\n<\/tr>\n<tr>\n<td class=\"left\">Typ Reifen<\/td>\n<td>Schlauchreifen<\/td>\n<\/tr>\n<tr>\n<td class=\"left\">Details Reifen<\/td>\n<td>Pannenschutz<\/td>\n<\/tr>\n<tr>\n<td class=\"left\">Fahrradventil<\/td>\n<td>Schrader-Ventil<\/td>\n<\/tr>\n<\/tbody>\n<\/table>\n<table class=\"dv_characteristicsTable\">\n<caption>RAHMEN<\/caption>\n<tbody>\n<tr>\n<td class=\"left\">Material Rahmen<\/td>\n<td>Aluminium<\/td>\n<\/tr>\n<tr>\n<td class=\"left\">Bauart Rahmen<\/td>\n<td>Tiefeinsteiger-Rahmen<\/td>\n<\/tr>\n<tr>\n<td class=\"left\">Finish Rahmen<\/td>\n<td>matt<\/td>\n<\/tr>\n<tr>\n<td class=\"left\">Farbe Rahmen<\/td>\n<td>grau<\/td>\n<\/tr>\n<tr>\n<td class=\"left\">Herstellerfarbbezeichnung<\/td>\n<td>Quarzgrau Matt<\/td>\n<\/tr>\n<tr>\n<td class=\"left\">Rahmenh\u00f6he<\/td>\n<td>44 cm<\/td>\n<\/tr>\n<\/tbody>\n<\/table>\n<table class=\"dv_characteristicsTable\">\n<caption>LENKER<\/caption>\n<tbody>\n<tr>\n<td class=\"left\">Typ Lenker<\/td>\n<td>Citylenker<\/td>\n<\/tr>\n<tr>\n<td class=\"left\">Material Lenker<\/td>\n<td>Aluminium<\/td>\n<\/tr>\n<tr>\n<td class=\"left\">Breite Lenker<\/td>\n<td>635 mm<\/td>\n<\/tr>\n<tr>\n<td class=\"left\">Material Lenkergriff<\/td>\n<td>Gummi<\/td>\n<\/tr>\n<tr>\n<td class=\"left\">Eigenschaften Lenkergriff<\/td>\n<td>ergonomisch geformt<br \/>\nrutschfest<br \/>\nwetterbest\u00e4ndig<\/td>\n<\/tr>\n<tr>\n<td class=\"left\">Lenkerklemmung<\/td>\n<td>25,4 mm<\/td>\n<\/tr>\n<tr>\n<td class=\"left\">Typ Vorbau<\/td>\n<td>Schaft<\/td>\n<\/tr>\n<tr>\n<td class=\"left\">Eigenschaften Vorbau<\/td>\n<td>winkel- und h\u00f6henverstellbar<\/td>\n<\/tr>\n<\/tbody>\n<\/table>\n<table class=\"dv_characteristicsTable\">\n<caption>SATTEL<\/caption>\n<tbody>\n<tr>\n<td class=\"left\">Typ Sattel<\/td>\n<td>Citysattel<\/td>\n<\/tr>\n<tr>\n<td class=\"left\">Farbe Sattel<\/td>\n<td>schwarz<\/td>\n<\/tr>\n<tr>\n<td class=\"left\">Sitzposition<\/td>\n<td>aufrecht<\/td>\n<\/tr>\n<tr>\n<td class=\"left\">Material Sattelst\u00fctze<\/td>\n<td>Aluminium<\/td>\n<\/tr>\n<tr>\n<td class=\"left\">Typ Sattelst\u00fctze<\/td>\n<td>Federsattelst\u00fctze<\/td>\n<\/tr>\n<tr>\n<td class=\"left\">Fixierung Sattelst\u00fctze<\/td>\n<td>Sattelklemme<\/td>\n<\/tr>\n<tr>\n<td class=\"left\">Durchmesser Sattelst\u00fctze<\/td>\n<td>31,6 mm<\/td>\n<\/tr>\n<\/tbody>\n<\/table>\n<table class=\"dv_characteristicsTable\">\n<caption>BELEUCHTUNG<\/caption>\n<tbody>\n<tr>\n<td class=\"left\">Art Stromversorgung<\/td>\n<td>Akku<\/td>\n<\/tr>\n<tr>\n<td class=\"left\">Art Leuchtmittel Frontlicht<\/td>\n<td>LED<\/td>\n<\/tr>\n<tr>\n<td class=\"left\">St\u00e4rke Beleuchtung Frontlicht<\/td>\n<td>70 lx<\/td>\n<\/tr>\n<tr>\n<td class=\"left\">Art Leuchtmittel R\u00fccklicht<\/td>\n<td>LED<\/td>\n<\/tr>\n<tr>\n<td class=\"left\">Standlicht<\/td>\n<td>Frontlicht<br \/>\nR\u00fccklicht<\/td>\n<\/tr>\n<tr>\n<td class=\"left\">Details Frontlicht<\/td>\n<td>Dauerlicht<br \/>\nwassergesch\u00fctztes Geh\u00e4use<\/td>\n<\/tr>\n<tr>\n<td class=\"left\">Details R\u00fccklicht<\/td>\n<td>Dauerlicht<br \/>\nwassergesch\u00fctztes Geh\u00e4use<\/td>\n<\/tr>\n<\/tbody>\n<\/table>\n<table class=\"dv_characteristicsTable\">\n<caption>PRODUKTDETAILS<\/caption>\n<tbody>\n<tr>\n<td class=\"left\">Typ E-Bike<\/td>\n<td>Cityrad<\/td>\n<\/tr>\n<tr>\n<td class=\"left\">Einsatzbereich<\/td>\n<td>Alltag<br \/>\nAusflug<br \/>\nKurzstrecke<br \/>\nLangstrecke<br \/>\nTagesausflug<\/td>\n<\/tr>\n<tr>\n<td class=\"left\">Ausstattung<\/td>\n<td>Beleuchtung<br \/>\nFahrradcomputer<br \/>\nFahrradst\u00e4nder<br \/>\nKlingel<br \/>\nKorb<\/td>\n<\/tr>\n<tr>\n<td class=\"left\">Fahrradst\u00e4nder<\/td>\n<td>Hinterradst\u00e4nder<\/td>\n<\/tr>\n<tr>\n<td class=\"left\">Modelljahr<\/td>\n<td>2022<\/td>\n<\/tr>\n<\/tbody>\n<\/table>\n<table class=\"dv_characteristicsTable\">\n<caption>HINWEISE<\/caption>\n<tbody>\n<tr>\n<td class=\"left\">Lieferumfang<\/td>\n<td>Akku-Ladeger\u00e4t<br \/>\nWerkzeug<\/td>\n<\/tr>\n<tr>\n<td class=\"left\">Montagehinweise<\/td>\n<td>Bremsen pr\u00fcfen.<br \/>\nLenker gerade stellen.<br \/>\nDer Artikel ist fast vollst\u00e4ndig vormontiert. Die Endmontage durch eine fachkundige Person wird empfohlen.<\/td>\n<\/tr>\n<tr>\n<td class=\"left\">Noch zu montieren<\/td>\n<td>Pedale<\/td>\n<\/tr>\n<tr>\n<td class=\"left\">Nutzungsbereich<\/td>\n<td>innerhalb der StVZO<\/td>\n<\/tr>\n<tr>\n<td class=\"left\">Gewicht Fahrrad<\/td>\n<td>27 kg<\/td>\n<\/tr>\n<tr>\n<td class=\"left\">Zul\u00e4ssiges Gesamtgewicht<\/td>\n<td>150 kg<\/td>\n<\/tr>\n<\/tbody>\n<\/table>\n<\/div>\n<\/div>\n<div class=\"pl_text-expander pl_copy100 pdp_details__text-expander js_pdp_details__text-expander pl_text-expander--has-more pl_text-expander--expanded\" lang=\"de\"><\/div>","protected":false},"excerpt":{"rendered":"<p>FISCHER E-Bike CITA 4.5i 504 , 7 Gang, Nabenschaltung, Mittelmotor Ein zuverl\u00e4ssiges FISCHER E-bike CITA Citybike mit bew\u00e4hrtem Tiefeinstieg und<\/p>","protected":false},"featured_media":64989,"comment_status":"open","ping_status":"closed","template":"","meta":[],"product_brand":[],"product_cat":[33,34],"product_tag":[],"class_list":{"0":"post-49114","1":"product","2":"type-product","3":"status-publish","4":"has-post-thumbnail","6":"product_cat-e-bike","7":"product_cat-e-bike-city-urban","8":"pa_marke-fischer","10":"first","11":"instock","12":"taxable","13":"shipping-taxable","14":"purchasable","15":"product-type-variable"},"yoast_head":"<!-- This site is optimized with the Yoast SEO Premium plugin v20.12 (Yoast SEO v27.1.1) - https:\/\/yoast.com\/product\/yoast-seo-premium-wordpress\/ -->\n<title>FISCHER E-Bike CITA 4.5i 504, 7 Gang, Nabenschaltung<\/title>\n<meta name=\"description\" content=\"Entdecken Sie unseren Online-Fahrradladen: Gro\u00dfe Auswahl an Modellen f\u00fcr alle Radsportbegeisterten. Von Rennr\u00e4dern bis zu Mountainbikes - finden Sie heute Ihren perfekten Wegbegleiter!\" \/>\n<meta name=\"robots\" content=\"index, follow, max-snippet:-1, max-image-preview:large, max-video-preview:-1\" \/>\n<link rel=\"canonical\" href=\"https:\/\/kgerad.de\/en\/product\/fischer-e-bike-cita-4-5i-504-7-gang-nabenschaltung\/\" \/>\n<meta property=\"og:locale\" content=\"en_US\" \/>\n<meta property=\"og:type\" content=\"article\" \/>\n<meta property=\"og:title\" content=\"FISCHER E-Bike CITA 4.5i 504, 7 Gang, Nabenschaltung\" \/>\n<meta property=\"og:description\" content=\"Entdecken Sie unseren Online-Fahrradladen: Gro\u00dfe Auswahl an Modellen f\u00fcr alle Radsportbegeisterten. Von Rennr\u00e4dern bis zu Mountainbikes - finden Sie heute Ihren perfekten Wegbegleiter!\" \/>\n<meta property=\"og:url\" content=\"https:\/\/kgerad.de\/en\/product\/fischer-e-bike-cita-4-5i-504-7-gang-nabenschaltung\/\" \/>\n<meta property=\"og:site_name\" content=\"kgerad.de\" \/>\n<meta property=\"article:modified_time\" content=\"2023-08-10T17:04:18+00:00\" \/>\n<meta property=\"og:image\" content=\"https:\/\/kgerad.de\/wp-content\/uploads\/2023\/06\/19583401-2389-5337-9a8e-04fd6133acd1.jpg\" \/>\n\t<meta property=\"og:image:width\" content=\"551\" \/>\n\t<meta property=\"og:image:height\" content=\"355\" \/>\n\t<meta property=\"og:image:type\" content=\"image\/jpeg\" \/>\n<meta name=\"twitter:card\" content=\"summary_large_image\" \/>\n<meta name=\"twitter:label1\" content=\"Est. reading time\" \/>\n\t<meta name=\"twitter:data1\" content=\"2 minutes\" \/>\n<script type=\"application\/ld+json\" class=\"yoast-schema-graph\">{\"@context\":\"https:\/\/schema.org\",\"@graph\":[{\"@type\":\"WebPage\",\"@id\":\"https:\/\/kgerad.de\/produkt\/fischer-e-bike-cita-4-5i-504-7-gang-nabenschaltung\/\",\"url\":\"https:\/\/kgerad.de\/produkt\/fischer-e-bike-cita-4-5i-504-7-gang-nabenschaltung\/\",\"name\":\"FISCHER E-Bike CITA 4.5i 504, 7 Gang, Nabenschaltung\",\"isPartOf\":{\"@id\":\"https:\/\/kgerad.de\/#website\"},\"primaryImageOfPage\":{\"@id\":\"https:\/\/kgerad.de\/produkt\/fischer-e-bike-cita-4-5i-504-7-gang-nabenschaltung\/#primaryimage\"},\"image\":{\"@id\":\"https:\/\/kgerad.de\/produkt\/fischer-e-bike-cita-4-5i-504-7-gang-nabenschaltung\/#primaryimage\"},\"thumbnailUrl\":\"https:\/\/kgerad.de\/wp-content\/uploads\/2023\/06\/19583401-2389-5337-9a8e-04fd6133acd1.jpg\",\"datePublished\":\"2022-12-12T11:40:44+00:00\",\"dateModified\":\"2023-08-10T17:04:18+00:00\",\"description\":\"Entdecken Sie unseren Online-Fahrradladen: Gro\u00dfe Auswahl an Modellen f\u00fcr alle Radsportbegeisterten. Von Rennr\u00e4dern bis zu Mountainbikes - finden Sie heute Ihren perfekten Wegbegleiter!\",\"breadcrumb\":{\"@id\":\"https:\/\/kgerad.de\/produkt\/fischer-e-bike-cita-4-5i-504-7-gang-nabenschaltung\/#breadcrumb\"},\"inLanguage\":\"en-US\",\"potentialAction\":[{\"@type\":\"ReadAction\",\"target\":[\"https:\/\/kgerad.de\/produkt\/fischer-e-bike-cita-4-5i-504-7-gang-nabenschaltung\/\"]}]},{\"@type\":\"ImageObject\",\"inLanguage\":\"en-US\",\"@id\":\"https:\/\/kgerad.de\/produkt\/fischer-e-bike-cita-4-5i-504-7-gang-nabenschaltung\/#primaryimage\",\"url\":\"https:\/\/kgerad.de\/wp-content\/uploads\/2023\/06\/19583401-2389-5337-9a8e-04fd6133acd1.jpg\",\"contentUrl\":\"https:\/\/kgerad.de\/wp-content\/uploads\/2023\/06\/19583401-2389-5337-9a8e-04fd6133acd1.jpg\",\"width\":551,\"height\":355,\"caption\":\"FISCHER Fahrrad E-Bike \u00bbCITA 4.5i 504\u00ab\"},{\"@type\":\"BreadcrumbList\",\"@id\":\"https:\/\/kgerad.de\/produkt\/fischer-e-bike-cita-4-5i-504-7-gang-nabenschaltung\/#breadcrumb\",\"itemListElement\":[{\"@type\":\"ListItem\",\"position\":1,\"name\":\"Startseite\",\"item\":\"https:\/\/kgerad.de\/\"},{\"@type\":\"ListItem\",\"position\":2,\"name\":\"LADEN\",\"item\":\"https:\/\/kgerad.de\/laden\/\"},{\"@type\":\"ListItem\",\"position\":3,\"name\":\"FISCHER E-Bike CITA 4.5i 504, 7 Gang, Nabenschaltung\"}]},{\"@type\":\"WebSite\",\"@id\":\"https:\/\/kgerad.de\/#website\",\"url\":\"https:\/\/kgerad.de\/\",\"name\":\"kgerad.de\",\"description\":\"Treten Sie mit uns ins Abenteuer!\",\"publisher\":{\"@id\":\"https:\/\/kgerad.de\/#organization\"},\"alternateName\":\"MEIN RADLADEN\",\"potentialAction\":[{\"@type\":\"SearchAction\",\"target\":{\"@type\":\"EntryPoint\",\"urlTemplate\":\"https:\/\/kgerad.de\/?s={search_term_string}\"},\"query-input\":{\"@type\":\"PropertyValueSpecification\",\"valueRequired\":true,\"valueName\":\"search_term_string\"}}],\"inLanguage\":\"en-US\"},{\"@type\":\"Organization\",\"@id\":\"https:\/\/kgerad.de\/#organization\",\"name\":\"MEINRADLADEN\",\"alternateName\":\"MEIN RADLADEN\",\"url\":\"https:\/\/kgerad.de\/\",\"logo\":{\"@type\":\"ImageObject\",\"inLanguage\":\"en-US\",\"@id\":\"https:\/\/kgerad.de\/#\/schema\/logo\/image\/\",\"url\":\"https:\/\/kgerad.de\/wp-content\/uploads\/2025\/07\/logo-Whit.svg\",\"contentUrl\":\"https:\/\/kgerad.de\/wp-content\/uploads\/2025\/07\/logo-Whit.svg\",\"width\":1640,\"height\":371,\"caption\":\"MEINRADLADEN\"},\"image\":{\"@id\":\"https:\/\/kgerad.de\/#\/schema\/logo\/image\/\"}}]}<\/script>\n<!-- \/ Yoast SEO Premium plugin. -->","yoast_head_json":{"title":"FISCHER E-Bike CITA 4.5i 504, 7 Gang, Nabenschaltung","description":"Entdecken Sie unseren Online-Fahrradladen: Gro\u00dfe Auswahl an Modellen f\u00fcr alle Radsportbegeisterten. Von Rennr\u00e4dern bis zu Mountainbikes - finden Sie heute Ihren perfekten Wegbegleiter!","robots":{"index":"index","follow":"follow","max-snippet":"max-snippet:-1","max-image-preview":"max-image-preview:large","max-video-preview":"max-video-preview:-1"},"canonical":"https:\/\/kgerad.de\/en\/product\/fischer-e-bike-cita-4-5i-504-7-gang-nabenschaltung\/","og_locale":"en_US","og_type":"article","og_title":"FISCHER E-Bike CITA 4.5i 504, 7 Gang, Nabenschaltung","og_description":"Entdecken Sie unseren Online-Fahrradladen: Gro\u00dfe Auswahl an Modellen f\u00fcr alle Radsportbegeisterten. Von Rennr\u00e4dern bis zu Mountainbikes - finden Sie heute Ihren perfekten Wegbegleiter!","og_url":"https:\/\/kgerad.de\/en\/product\/fischer-e-bike-cita-4-5i-504-7-gang-nabenschaltung\/","og_site_name":"kgerad.de","article_modified_time":"2023-08-10T17:04:18+00:00","og_image":[{"width":551,"height":355,"url":"https:\/\/kgerad.de\/wp-content\/uploads\/2023\/06\/19583401-2389-5337-9a8e-04fd6133acd1.jpg","type":"image\/jpeg"}],"twitter_card":"summary_large_image","twitter_misc":{"Est. reading time":"2 minutes"},"schema":{"@context":"https:\/\/schema.org","@graph":[{"@type":"WebPage","@id":"https:\/\/kgerad.de\/produkt\/fischer-e-bike-cita-4-5i-504-7-gang-nabenschaltung\/","url":"https:\/\/kgerad.de\/produkt\/fischer-e-bike-cita-4-5i-504-7-gang-nabenschaltung\/","name":"FISCHER E-Bike CITA 4.5i 504, 7 Gang, Nabenschaltung","isPartOf":{"@id":"https:\/\/kgerad.de\/#website"},"primaryImageOfPage":{"@id":"https:\/\/kgerad.de\/produkt\/fischer-e-bike-cita-4-5i-504-7-gang-nabenschaltung\/#primaryimage"},"image":{"@id":"https:\/\/kgerad.de\/produkt\/fischer-e-bike-cita-4-5i-504-7-gang-nabenschaltung\/#primaryimage"},"thumbnailUrl":"https:\/\/kgerad.de\/wp-content\/uploads\/2023\/06\/19583401-2389-5337-9a8e-04fd6133acd1.jpg","datePublished":"2022-12-12T11:40:44+00:00","dateModified":"2023-08-10T17:04:18+00:00","description":"Entdecken Sie unseren Online-Fahrradladen: Gro\u00dfe Auswahl an Modellen f\u00fcr alle Radsportbegeisterten. Von Rennr\u00e4dern bis zu Mountainbikes - finden Sie heute Ihren perfekten Wegbegleiter!","breadcrumb":{"@id":"https:\/\/kgerad.de\/produkt\/fischer-e-bike-cita-4-5i-504-7-gang-nabenschaltung\/#breadcrumb"},"inLanguage":"en-US","potentialAction":[{"@type":"ReadAction","target":["https:\/\/kgerad.de\/produkt\/fischer-e-bike-cita-4-5i-504-7-gang-nabenschaltung\/"]}]},{"@type":"ImageObject","inLanguage":"en-US","@id":"https:\/\/kgerad.de\/produkt\/fischer-e-bike-cita-4-5i-504-7-gang-nabenschaltung\/#primaryimage","url":"https:\/\/kgerad.de\/wp-content\/uploads\/2023\/06\/19583401-2389-5337-9a8e-04fd6133acd1.jpg","contentUrl":"https:\/\/kgerad.de\/wp-content\/uploads\/2023\/06\/19583401-2389-5337-9a8e-04fd6133acd1.jpg","width":551,"height":355,"caption":"FISCHER Fahrrad E-Bike \u00bbCITA 4.5i 504\u00ab"},{"@type":"BreadcrumbList","@id":"https:\/\/kgerad.de\/produkt\/fischer-e-bike-cita-4-5i-504-7-gang-nabenschaltung\/#breadcrumb","itemListElement":[{"@type":"ListItem","position":1,"name":"Startseite","item":"https:\/\/kgerad.de\/"},{"@type":"ListItem","position":2,"name":"LADEN","item":"https:\/\/kgerad.de\/laden\/"},{"@type":"ListItem","position":3,"name":"FISCHER E-Bike CITA 4.5i 504, 7 Gang, Nabenschaltung"}]},{"@type":"WebSite","@id":"https:\/\/kgerad.de\/#website","url":"https:\/\/kgerad.de\/","name":"kgerad.de","description":"Treten Sie mit uns ins Abenteuer!","publisher":{"@id":"https:\/\/kgerad.de\/#organization"},"alternateName":"MEIN RADLADEN","potentialAction":[{"@type":"SearchAction","target":{"@type":"EntryPoint","urlTemplate":"https:\/\/kgerad.de\/?s={search_term_string}"},"query-input":{"@type":"PropertyValueSpecification","valueRequired":true,"valueName":"search_term_string"}}],"inLanguage":"en-US"},{"@type":"Organization","@id":"https:\/\/kgerad.de\/#organization","name":"MEINRADLADEN","alternateName":"MEIN RADLADEN","url":"https:\/\/kgerad.de\/","logo":{"@type":"ImageObject","inLanguage":"en-US","@id":"https:\/\/kgerad.de\/#\/schema\/logo\/image\/","url":"https:\/\/kgerad.de\/wp-content\/uploads\/2025\/07\/logo-Whit.svg","contentUrl":"https:\/\/kgerad.de\/wp-content\/uploads\/2025\/07\/logo-Whit.svg","width":1640,"height":371,"caption":"MEINRADLADEN"},"image":{"@id":"https:\/\/kgerad.de\/#\/schema\/logo\/image\/"}}]}},"_links":{"self":[{"href":"https:\/\/kgerad.de\/en\/wp-json\/wp\/v2\/product\/49114","targetHints":{"allow":["GET"]}}],"collection":[{"href":"https:\/\/kgerad.de\/en\/wp-json\/wp\/v2\/product"}],"about":[{"href":"https:\/\/kgerad.de\/en\/wp-json\/wp\/v2\/types\/product"}],"replies":[{"embeddable":true,"href":"https:\/\/kgerad.de\/en\/wp-json\/wp\/v2\/comments?post=49114"}],"version-history":[{"count":1,"href":"https:\/\/kgerad.de\/en\/wp-json\/wp\/v2\/product\/49114\/revisions"}],"predecessor-version":[{"id":78656,"href":"https:\/\/kgerad.de\/en\/wp-json\/wp\/v2\/product\/49114\/revisions\/78656"}],"wp:featuredmedia":[{"embeddable":true,"href":"https:\/\/kgerad.de\/en\/wp-json\/wp\/v2\/media\/64989"}],"wp:attachment":[{"href":"https:\/\/kgerad.de\/en\/wp-json\/wp\/v2\/media?parent=49114"}],"wp:term":[{"taxonomy":"product_brand","embeddable":true,"href":"https:\/\/kgerad.de\/en\/wp-json\/wp\/v2\/product_brand?post=49114"},{"taxonomy":"product_cat","embeddable":true,"href":"https:\/\/kgerad.de\/en\/wp-json\/wp\/v2\/product_cat?post=49114"},{"taxonomy":"product_tag","embeddable":true,"href":"https:\/\/kgerad.de\/en\/wp-json\/wp\/v2\/product_tag?post=49114"}],"curies":[{"name":"wp","href":"https:\/\/api.w.org\/{rel}","templated":true}]}}