{"id":49055,"date":"2022-12-12T10:57:06","date_gmt":"2022-12-12T09:57:06","guid":{"rendered":"https:\/\/kgerad.de\/?post_type=product&#038;p=49055"},"modified":"2023-08-10T19:05:22","modified_gmt":"2023-08-10T17:05:22","slug":"telefunken-e-bike-multitalent-rc822-7-gang-shimano-tourney-schaltwerk","status":"publish","type":"product","link":"https:\/\/kgerad.de\/en\/product\/telefunken-e-bike-multitalent-rc822-7-gang-shimano-tourney-schaltwerk\/","title":{"rendered":"Telefunken E-Bike Multitalent RC822 , 7 Gang Shimano Tourney"},"content":{"rendered":"<h2 class=\"pdp_variation-name pl_headline100\" data-qa=\"variationName\">Telefunken E-Bike Multitalent RC822 , 7 Gang Shimano Tourney Schaltwerk<\/h2>\n<p>Das Telefunken E-Bike Mutitalent RC822 \u00fcberzeugt vor allem mit seinem leistungsstarken Frontmotor, welcher im Zusammenspiel mit dem ausdauernden Akku eine Reichweite von bis zu 100 km erm\u00f6glicht und Sie damit auch auf l\u00e4ngeren Strecken zuverl\u00e4ssig unterst\u00fctzt. Der Sitzrohrakku ist nicht nur besonders leistungsstark, sondern f\u00e4llt durch die geschickte Positionierung auch optisch weniger auf und verbessert durch einen tiefen Schwerpunkt zudem das Fahrverhalten. Das kompfortable E-Bike ist mit dem Tiefeinsteiger-Rahmen und dem abnehmbaren Einkaufskorb eben ein echtes Multitalent. Mit der 7-Gang Shimano Kettenschaltung finden Sie f\u00fcr jedes Terrain die passende \u00dcbersetzung und erreichen stets schnell und entspannt Ihr Ziel. Ein modernes LCD-Display versorgt Sie w\u00e4hrend der Fahrt mit allen wichtigen Informationen, wie z.B. der Geschwindigkeit und der zur\u00fcckgelegten Strecke. Erleben Sie entspannte Radtouren dank dem umfangreichen Komfort-Paket bestehend aus City Komfort Sattel, Lenker mit ergonomischen Griffen, praktischem Einkaufskorb und Gep\u00e4cktr\u00e4ger.<\/p>\n<div class=\"pl_text-expander__toggle\">\n<h2 class=\"pl_headline200 pl_mb50\">Details<\/h2>\n<div class=\"pl_text-expander pl_copy100 pdp_details__text-expander js_pdp_details__text-expander pl_text-expander--has-more pl_text-expander--expanded\" lang=\"de\">\n<div class=\"pdp_details__characteristics-html\">\n<table class=\"dv_characteristicsTable\">\n<caption>MOTOR \/ AKKU<\/caption>\n<tbody>\n<tr>\n<td class=\"left\">Marke Motor<\/td>\n<td>Ananda<\/td>\n<\/tr>\n<tr>\n<td class=\"left\">Modell Motor<\/td>\n<td>M129<\/td>\n<\/tr>\n<tr>\n<td class=\"left\">Typ Motor<\/td>\n<td>Frontmotor<\/td>\n<\/tr>\n<tr>\n<td class=\"left\">Position Motor<\/td>\n<td>Nabe<\/td>\n<\/tr>\n<tr>\n<td class=\"left\">H\u00f6chstgeschwindigkeit<\/td>\n<td>25 km\/h<\/td>\n<\/tr>\n<tr>\n<td class=\"left\">Leistung Motor<\/td>\n<td>250 W<\/td>\n<\/tr>\n<tr>\n<td class=\"left\">Leistung Motor in V<\/td>\n<td>36 V<\/td>\n<\/tr>\n<tr>\n<td class=\"left\">Leistung Motor in Nm<\/td>\n<td>40 Nm<\/td>\n<\/tr>\n<tr>\n<td class=\"left\">Details Motor<\/td>\n<td>b\u00fcrstenlos<br \/>\nwartungsfrei<\/td>\n<\/tr>\n<tr>\n<td class=\"left\">Anzahl Unterst\u00fctzungsstufen<\/td>\n<td>5<\/td>\n<\/tr>\n<tr>\n<td class=\"left\">Marke Akku<\/td>\n<td>Greenway<\/td>\n<\/tr>\n<tr>\n<td class=\"left\">Position Akku<\/td>\n<td>Sitzrohr<\/td>\n<\/tr>\n<tr>\n<td class=\"left\">Details Akku<\/td>\n<td>abnehmbar<br \/>\nabschlie\u00dfbar<br \/>\nHochleistungszellen<br \/>\nwartungsfrei<\/td>\n<\/tr>\n<tr>\n<td class=\"left\">Batterie-\/Akku-Technologie<\/td>\n<td>Lithium-Ionen (Li-Ion)<\/td>\n<\/tr>\n<tr>\n<td class=\"left\">Leistung Akku<\/td>\n<td>374,4 Wh<\/td>\n<\/tr>\n<tr>\n<td class=\"left\">Spannung Akku<\/td>\n<td>36 V<\/td>\n<\/tr>\n<tr>\n<td class=\"left\">Akkukapazit\u00e4t<\/td>\n<td>10400 mAh<\/td>\n<\/tr>\n<tr>\n<td class=\"left\">Ladezeit Akku<\/td>\n<td>7 Std.<\/td>\n<\/tr>\n<tr>\n<td class=\"left\">Reichweite Akku<\/td>\n<td>100 km<\/td>\n<\/tr>\n<tr>\n<td class=\"left\">Details Reichweite Akku<\/td>\n<td>abh\u00e4ngig von mehreren Faktoren<br \/>\nbei optimalen Bedingungen<br \/>\nje nach Fahrweise<\/td>\n<\/tr>\n<tr>\n<td class=\"left\">Anzahl Akkus<\/td>\n<td>1 St.<\/td>\n<\/tr>\n<tr>\n<td class=\"left\">Fahrhilfen<\/td>\n<td>Anfahrhilfe<br \/>\nSchiebehilfe<\/td>\n<\/tr>\n<tr>\n<td class=\"left\">Typ Netzstecker<\/td>\n<td>Euroflachstecker (Typ C-CEE 7\/16)<\/td>\n<\/tr>\n<\/tbody>\n<\/table>\n<table class=\"dv_characteristicsTable\">\n<caption>GABEL<\/caption>\n<tbody>\n<tr>\n<td class=\"left\">Marke Gabel<\/td>\n<td>Zoom<\/td>\n<\/tr>\n<tr>\n<td class=\"left\">Modell Gabel<\/td>\n<td>730 AMS<\/td>\n<\/tr>\n<tr>\n<td class=\"left\">Material Gabel<\/td>\n<td>Aluminium<\/td>\n<\/tr>\n<tr>\n<td class=\"left\">Typ Gabel<\/td>\n<td>Teleskopgabel<\/td>\n<\/tr>\n<tr>\n<td class=\"left\">Bauart Gabel<\/td>\n<td>Federgabel<\/td>\n<\/tr>\n<tr>\n<td class=\"left\">Federung Gabel<\/td>\n<td>Stahlfedern<\/td>\n<\/tr>\n<tr>\n<td class=\"left\">Details Federung Gabel<\/td>\n<td>einstellbar<br \/>\nmechanisch<br \/>\nohne Lockout<\/td>\n<\/tr>\n<tr>\n<td class=\"left\">Federweg<\/td>\n<td>45 mm<\/td>\n<\/tr>\n<tr>\n<td class=\"left\">D\u00e4mpfung Gabel<\/td>\n<td>mechanisch<\/td>\n<\/tr>\n<tr>\n<td class=\"left\">Details D\u00e4mpfung Gabel<\/td>\n<td>integriert<\/td>\n<\/tr>\n<tr>\n<td class=\"left\">Farbe Gabel<\/td>\n<td>schwarz<\/td>\n<\/tr>\n<tr>\n<td class=\"left\">Finish Gabel<\/td>\n<td>lackiert<\/td>\n<\/tr>\n<\/tbody>\n<\/table>\n<table class=\"dv_characteristicsTable\">\n<caption>TECHNISCHE DATEN<\/caption>\n<tbody>\n<tr>\n<td class=\"left\">WEEE-Reg.-Nr. DE<\/td>\n<td>25822316<\/td>\n<\/tr>\n<\/tbody>\n<\/table>\n<table class=\"dv_characteristicsTable\">\n<caption>SCHALTUNG \/ ANTRIEB<\/caption>\n<tbody>\n<tr>\n<td class=\"left\">Antriebsform<\/td>\n<td>Kettenantrieb<\/td>\n<\/tr>\n<tr>\n<td class=\"left\">Anzahl G\u00e4nge<\/td>\n<td>7<\/td>\n<\/tr>\n<tr>\n<td class=\"left\">Typ Schaltung<\/td>\n<td>Kettenschaltung<\/td>\n<\/tr>\n<tr>\n<td class=\"left\">Marke Schaltwerk<\/td>\n<td>Shimano<\/td>\n<\/tr>\n<tr>\n<td class=\"left\">Modell Schaltwerk<\/td>\n<td>Tourney<\/td>\n<\/tr>\n<tr>\n<td class=\"left\">Marke Zahnkranz<\/td>\n<td>Shimano<\/td>\n<\/tr>\n<tr>\n<td class=\"left\">Modell Zahnkranz<\/td>\n<td>MF-TZ500-7-CP<\/td>\n<\/tr>\n<tr>\n<td class=\"left\">Anzahl Kettenbl\u00e4tter<\/td>\n<td>1<\/td>\n<\/tr>\n<tr>\n<td class=\"left\">Anzahl Ritzel<\/td>\n<td>7<\/td>\n<\/tr>\n<tr>\n<td class=\"left\">Anzahl Z\u00e4hne Ritzel von<\/td>\n<td>14<\/td>\n<\/tr>\n<tr>\n<td class=\"left\">Anzahl Z\u00e4hne Ritzel bis<\/td>\n<td>28<\/td>\n<\/tr>\n<tr>\n<td class=\"left\">Details Nabe<\/td>\n<td>freilaufend<\/td>\n<\/tr>\n<tr>\n<td class=\"left\">Ma\u00dfe Tretkurbel<\/td>\n<td>170 mm<\/td>\n<\/tr>\n<tr>\n<td class=\"left\">Marke Schalthebel<\/td>\n<td>Shimano<\/td>\n<\/tr>\n<tr>\n<td class=\"left\">Modell Schalthebel<\/td>\n<td>SL-RS36-7R<\/td>\n<\/tr>\n<tr>\n<td class=\"left\">Schalthebel<\/td>\n<td>Drehgriff<\/td>\n<\/tr>\n<tr>\n<td class=\"left\">Details Pedale<\/td>\n<td>rutschfest<\/td>\n<\/tr>\n<\/tbody>\n<\/table>\n<table class=\"dv_characteristicsTable\">\n<caption>\n<h5 class=\"pl_headline200 pl_mb50\">\u00a0BREMSE<\/h5>\n<\/caption>\n<tbody>\n<tr>\n<td class=\"left\">Typ Vorderbremse<\/td>\n<td>V-Brake<\/td>\n<\/tr>\n<tr>\n<td class=\"left\">Typ Hinterbremse<\/td>\n<td>V-Brake<\/td>\n<\/tr>\n<\/tbody>\n<\/table>\n<table class=\"dv_characteristicsTable\">\n<caption>LAUFR\u00c4DER<\/caption>\n<tbody>\n<tr>\n<td class=\"left\">Gr\u00f6\u00dfe Laufrad<\/td>\n<td>28 Zoll (71,12 cm)<\/td>\n<\/tr>\n<tr>\n<td class=\"left\">Material Felge<\/td>\n<td>Aluminium<\/td>\n<\/tr>\n<tr>\n<td class=\"left\">Typ Felge<\/td>\n<td>Hohlkammerfelge<\/td>\n<\/tr>\n<tr>\n<td class=\"left\">Material Speichen<\/td>\n<td>Stahl<\/td>\n<\/tr>\n<tr>\n<td class=\"left\">Marke Reifen<\/td>\n<td>Kenda<\/td>\n<\/tr>\n<tr>\n<td class=\"left\">Typ Reifen<\/td>\n<td>Schlauchreifen<\/td>\n<\/tr>\n<tr>\n<td class=\"left\">Typ Reifen hinten<\/td>\n<td>Schlauchreifen<\/td>\n<\/tr>\n<tr>\n<td class=\"left\">Details Reifen<\/td>\n<td>Reflexstreifen<\/td>\n<\/tr>\n<tr>\n<td class=\"left\">Fahrradventil<\/td>\n<td>Schrader-Ventil<\/td>\n<\/tr>\n<tr>\n<td class=\"left\">Reifendruck<\/td>\n<td>3,5 bar<\/td>\n<\/tr>\n<\/tbody>\n<\/table>\n<table class=\"dv_characteristicsTable\">\n<caption>RAHMEN<\/caption>\n<tbody>\n<tr>\n<td class=\"left\">Material Rahmen<\/td>\n<td>Aluminium<\/td>\n<\/tr>\n<tr>\n<td class=\"left\">Typ Rahmen<\/td>\n<td>Hardtail<\/td>\n<\/tr>\n<tr>\n<td class=\"left\">Bauart Rahmen<\/td>\n<td>Waverahmen<\/td>\n<\/tr>\n<tr>\n<td class=\"left\">Finish Rahmen<\/td>\n<td>Unterlack-Dekor<\/td>\n<\/tr>\n<tr>\n<td class=\"left\">Farbe Rahmen<\/td>\n<td>wei\u00df<\/td>\n<\/tr>\n<tr>\n<td class=\"left\">Herstellerfarbbezeichnung<\/td>\n<td>wei\u00df<\/td>\n<\/tr>\n<tr>\n<td class=\"left\">Rahmenh\u00f6he<\/td>\n<td>48 cm<\/td>\n<\/tr>\n<\/tbody>\n<\/table>\n<table class=\"dv_characteristicsTable\">\n<caption>LENKER<\/caption>\n<tbody>\n<tr>\n<td class=\"left\">Marke Lenker<\/td>\n<td>ZOOM<\/td>\n<\/tr>\n<tr>\n<td class=\"left\">Typ Lenker<\/td>\n<td>Citylenker<\/td>\n<\/tr>\n<tr>\n<td class=\"left\">Farbe Lenker<\/td>\n<td>schwarz<\/td>\n<\/tr>\n<tr>\n<td class=\"left\">Breite Lenker<\/td>\n<td>600 mm<\/td>\n<\/tr>\n<tr>\n<td class=\"left\">Material Lenkergriff<\/td>\n<td>Kunststoff<\/td>\n<\/tr>\n<tr>\n<td class=\"left\">Eigenschaften Lenkergriff<\/td>\n<td>ergonomisch geformt<br \/>\nrutschfest<br \/>\nwetterbest\u00e4ndig<\/td>\n<\/tr>\n<tr>\n<td class=\"left\">Typ Lenkerklemmung<\/td>\n<td>Lenkerklemmplatte<\/td>\n<\/tr>\n<tr>\n<td class=\"left\">Marke Vorbau<\/td>\n<td>ZOOM<\/td>\n<\/tr>\n<tr>\n<td class=\"left\">Typ Vorbau<\/td>\n<td>Schaft<\/td>\n<\/tr>\n<tr>\n<td class=\"left\">Eigenschaften Vorbau<\/td>\n<td>winkel- und h\u00f6henverstellbar<\/td>\n<\/tr>\n<\/tbody>\n<\/table>\n<table class=\"dv_characteristicsTable\">\n<caption>SATTEL<\/caption>\n<tbody>\n<tr>\n<td class=\"left\">Marke Sattel<\/td>\n<td>Selle Royal<\/td>\n<\/tr>\n<tr>\n<td class=\"left\">Modell Sattel<\/td>\n<td>Alpine<\/td>\n<\/tr>\n<tr>\n<td class=\"left\">Typ Sattel<\/td>\n<td>Citysattel<\/td>\n<\/tr>\n<tr>\n<td class=\"left\">Material Sattelbezug<\/td>\n<td>Lederimitat<\/td>\n<\/tr>\n<tr>\n<td class=\"left\">Polsterung Sattel<\/td>\n<td>Gel<\/td>\n<\/tr>\n<tr>\n<td class=\"left\">Eigenschaften Sattel<\/td>\n<td>ergonomisch geformt<br \/>\nrutschfest<br \/>\nwetterbest\u00e4ndig<br \/>\ngepolstert<\/td>\n<\/tr>\n<tr>\n<td class=\"left\">Farbe Sattel<\/td>\n<td>schwarz<\/td>\n<\/tr>\n<tr>\n<td class=\"left\">Breite Sattel<\/td>\n<td>18 cm<\/td>\n<\/tr>\n<tr>\n<td class=\"left\">L\u00e4nge Sattel<\/td>\n<td>25,5 cm<\/td>\n<\/tr>\n<tr>\n<td class=\"left\">Sitzposition<\/td>\n<td>komfortorientiert<\/td>\n<\/tr>\n<tr>\n<td class=\"left\">Typ Sattelst\u00fctze<\/td>\n<td>Patentsattelst\u00fctze<\/td>\n<\/tr>\n<tr>\n<td class=\"left\">Eigenschaften Sattelst\u00fctze<\/td>\n<td>h\u00f6henverstellbar<\/td>\n<\/tr>\n<tr>\n<td class=\"left\">L\u00e4nge Sattelst\u00fctze<\/td>\n<td>300 mm<\/td>\n<\/tr>\n<tr>\n<td class=\"left\">Durchmesser Sattelst\u00fctze<\/td>\n<td>27,2 mm<\/td>\n<\/tr>\n<tr>\n<td class=\"left\">Durchmesser Sattelklemmung<\/td>\n<td>31,8 mm<\/td>\n<\/tr>\n<tr>\n<td class=\"left\">Eigenschaften Rahmen<\/td>\n<td>verst\u00e4rkt<\/td>\n<\/tr>\n<\/tbody>\n<\/table>\n<table class=\"dv_characteristicsTable\">\n<caption>BELEUCHTUNG<\/caption>\n<tbody>\n<tr>\n<td class=\"left\">Art Stromversorgung<\/td>\n<td>Akku<\/td>\n<\/tr>\n<tr>\n<td class=\"left\">Art Leuchtmittel Frontlicht<\/td>\n<td>LED<\/td>\n<\/tr>\n<tr>\n<td class=\"left\">St\u00e4rke Beleuchtung Frontlicht<\/td>\n<td>30 lx<\/td>\n<\/tr>\n<tr>\n<td class=\"left\">Art Leuchtmittel R\u00fccklicht<\/td>\n<td>LED<\/td>\n<\/tr>\n<tr>\n<td class=\"left\">Reflektoren<\/td>\n<td>Frontreflektor<br \/>\nPedalreflektoren<br \/>\nR\u00fcckreflektor<br \/>\nReflektorstreifen<\/td>\n<\/tr>\n<tr>\n<td class=\"left\">Details Frontlicht<\/td>\n<td>wassergesch\u00fctztes Geh\u00e4use<br \/>\nintegrierter Reflektor<br \/>\nseitliche Sichtbarkeit<\/td>\n<\/tr>\n<tr>\n<td class=\"left\">Details R\u00fccklicht<\/td>\n<td>wassergesch\u00fctztes Geh\u00e4use<br \/>\nintegrierter Reflektor<\/td>\n<\/tr>\n<\/tbody>\n<\/table>\n<table class=\"dv_characteristicsTable\">\n<caption>PRODUKTDETAILS<\/caption>\n<tbody>\n<tr>\n<td class=\"left\">Typ E-Bike<\/td>\n<td>Cityrad<\/td>\n<\/tr>\n<tr>\n<td class=\"left\">Einsatzbereich<\/td>\n<td>Alltag<br \/>\nAusflug<br \/>\nKurzstrecke<br \/>\nLangstrecke<br \/>\nReise<br \/>\nTagesausflug<\/td>\n<\/tr>\n<tr>\n<td class=\"left\">Anzeige Trainingscomputer<\/td>\n<td>Akku-Ladestand<br \/>\nDistanz<br \/>\nGesamtkilometer<br \/>\nGeschwindigkeit<br \/>\nKilometerstand<br \/>\nUnterst\u00fctzungsstufe<br \/>\nLicht<\/td>\n<\/tr>\n<tr>\n<td class=\"left\">Ausstattung<\/td>\n<td>Fahrradcomputer<br \/>\nKlingel<br \/>\nGep\u00e4cktr\u00e4ger<br \/>\nSchutzbleche<br \/>\nBeleuchtung<br \/>\nKorb<\/td>\n<\/tr>\n<tr>\n<td class=\"left\">Fahrradst\u00e4nder<\/td>\n<td>Seitenst\u00e4nder<\/td>\n<\/tr>\n<tr>\n<td class=\"left\">Modelljahr<\/td>\n<td>2022<\/td>\n<\/tr>\n<\/tbody>\n<\/table>\n<table class=\"dv_characteristicsTable\">\n<caption>\n<h2 class=\"pl_headline200 pl_mb50\">\u00a0HINWEISE<\/h2>\n<\/caption>\n<tbody>\n<tr>\n<td class=\"left\">Lieferumfang<\/td>\n<td>Akku-Ladeger\u00e4t<\/td>\n<\/tr>\n<tr>\n<td class=\"left\">Montagehinweise<\/td>\n<td>Der Artikel ist fast vollst\u00e4ndig vormontiert. Die Endmontage durch eine fachkundige Person wird empfohlen.<br \/>\nBremsen pr\u00fcfen.<br \/>\nLenker gerade stellen.<\/td>\n<\/tr>\n<tr>\n<td class=\"left\">Noch zu montieren<\/td>\n<td>Pedale<br \/>\nLenker<\/td>\n<\/tr>\n<tr>\n<td class=\"left\">Nutzungsbereich<\/td>\n<td>innerhalb der StVZO<\/td>\n<\/tr>\n<tr>\n<td class=\"left\">Rechtliche Pflichten<\/td>\n<td>F\u00fcr Pedelecs gelten keine besonderen rechtlichen Pflichten<\/td>\n<\/tr>\n<tr>\n<td class=\"left\">Zul\u00e4ssiges Gesamtgewicht<\/td>\n<td>150 kg<\/td>\n<\/tr>\n<tr>\n<td class=\"left\">Sprachen Bedienungs-\/Aufbauanleitung<\/td>\n<td>Deutsch (DE)<br \/>\nEnglisch (EN)<br \/>\nFranz\u00f6sisch (FR)<br \/>\nItalienisch (IT)<br \/>\nNiederl\u00e4ndisch (NL)<\/td>\n<\/tr>\n<tr>\n<td class=\"left\">Sprachen Men\u00fcf\u00fchrung<\/td>\n<td>Deutsch (DE)<br \/>\nEnglisch (EN)<\/td>\n<\/tr>\n<tr>\n<td class=\"left\">Ben\u00f6tigte Fahrerlaubnis<\/td>\n<td>keine<\/td>\n<\/tr>\n<\/tbody>\n<\/table>\n<\/div>\n<\/div>\n<\/div>","protected":false},"excerpt":{"rendered":"<p>Telefunken E-Bike Multitalent RC822 , 7 Gang Shimano Tourney Schaltwerk Das Telefunken E-Bike Mutitalent RC822 \u00fcberzeugt vor allem mit seinem<\/p>","protected":false},"featured_media":64985,"comment_status":"open","ping_status":"closed","template":"","meta":[],"product_brand":[],"product_cat":[33,34],"product_tag":[],"class_list":{"0":"post-49055","1":"product","2":"type-product","3":"status-publish","4":"has-post-thumbnail","6":"product_cat-e-bike","7":"product_cat-e-bike-city-urban","8":"pa_marke-telefunken","10":"first","11":"instock","12":"taxable","13":"shipping-taxable","14":"purchasable","15":"product-type-simple"},"yoast_head":"<!-- This site is optimized with the Yoast SEO Premium plugin v20.12 (Yoast SEO v27.1.1) - https:\/\/yoast.com\/product\/yoast-seo-premium-wordpress\/ -->\n<title>Telefunken E-Bike Multitalent RC822 , 7 Gang Shimano Tourney<\/title>\n<meta name=\"description\" content=\"Entdecken Sie unseren Online-Fahrradladen: Gro\u00dfe Auswahl an Modellen f\u00fcr alle Radsportbegeisterten. Von Rennr\u00e4dern bis zu Mountainbikes - finden Sie heute Ihren perfekten Wegbegleiter!\" \/>\n<meta name=\"robots\" content=\"index, follow, max-snippet:-1, max-image-preview:large, max-video-preview:-1\" \/>\n<link rel=\"canonical\" href=\"https:\/\/kgerad.de\/en\/product\/telefunken-e-bike-multitalent-rc822-7-gang-shimano-tourney-schaltwerk\/\" \/>\n<meta property=\"og:locale\" content=\"en_US\" \/>\n<meta property=\"og:type\" content=\"article\" \/>\n<meta property=\"og:title\" content=\"Telefunken E-Bike Multitalent RC822 , 7 Gang Shimano Tourney\" \/>\n<meta property=\"og:description\" content=\"Entdecken Sie unseren Online-Fahrradladen: Gro\u00dfe Auswahl an Modellen f\u00fcr alle Radsportbegeisterten. Von Rennr\u00e4dern bis zu Mountainbikes - finden Sie heute Ihren perfekten Wegbegleiter!\" \/>\n<meta property=\"og:url\" content=\"https:\/\/kgerad.de\/en\/product\/telefunken-e-bike-multitalent-rc822-7-gang-shimano-tourney-schaltwerk\/\" \/>\n<meta property=\"og:site_name\" content=\"kgerad.de\" \/>\n<meta property=\"article:modified_time\" content=\"2023-08-10T17:05:22+00:00\" \/>\n<meta property=\"og:image\" content=\"https:\/\/kgerad.de\/wp-content\/uploads\/2023\/06\/c60c8704-d8b7-5b6a-9ddd-13208b977e6d.jpg\" \/>\n\t<meta property=\"og:image:width\" content=\"2500\" \/>\n\t<meta property=\"og:image:height\" content=\"1494\" \/>\n\t<meta property=\"og:image:type\" content=\"image\/jpeg\" \/>\n<meta name=\"twitter:card\" content=\"summary_large_image\" \/>\n<meta name=\"twitter:label1\" content=\"Est. reading time\" \/>\n\t<meta name=\"twitter:data1\" content=\"4 minutes\" \/>\n<script type=\"application\/ld+json\" class=\"yoast-schema-graph\">{\"@context\":\"https:\/\/schema.org\",\"@graph\":[{\"@type\":\"WebPage\",\"@id\":\"https:\/\/kgerad.de\/produkt\/telefunken-e-bike-multitalent-rc822-7-gang-shimano-tourney-schaltwerk\/\",\"url\":\"https:\/\/kgerad.de\/produkt\/telefunken-e-bike-multitalent-rc822-7-gang-shimano-tourney-schaltwerk\/\",\"name\":\"Telefunken E-Bike Multitalent RC822 , 7 Gang Shimano Tourney\",\"isPartOf\":{\"@id\":\"https:\/\/kgerad.de\/#website\"},\"primaryImageOfPage\":{\"@id\":\"https:\/\/kgerad.de\/produkt\/telefunken-e-bike-multitalent-rc822-7-gang-shimano-tourney-schaltwerk\/#primaryimage\"},\"image\":{\"@id\":\"https:\/\/kgerad.de\/produkt\/telefunken-e-bike-multitalent-rc822-7-gang-shimano-tourney-schaltwerk\/#primaryimage\"},\"thumbnailUrl\":\"https:\/\/kgerad.de\/wp-content\/uploads\/2023\/06\/c60c8704-d8b7-5b6a-9ddd-13208b977e6d.jpg\",\"datePublished\":\"2022-12-12T09:57:06+00:00\",\"dateModified\":\"2023-08-10T17:05:22+00:00\",\"description\":\"Entdecken Sie unseren Online-Fahrradladen: Gro\u00dfe Auswahl an Modellen f\u00fcr alle Radsportbegeisterten. Von Rennr\u00e4dern bis zu Mountainbikes - finden Sie heute Ihren perfekten Wegbegleiter!\",\"breadcrumb\":{\"@id\":\"https:\/\/kgerad.de\/produkt\/telefunken-e-bike-multitalent-rc822-7-gang-shimano-tourney-schaltwerk\/#breadcrumb\"},\"inLanguage\":\"en-US\",\"potentialAction\":[{\"@type\":\"ReadAction\",\"target\":[\"https:\/\/kgerad.de\/produkt\/telefunken-e-bike-multitalent-rc822-7-gang-shimano-tourney-schaltwerk\/\"]}]},{\"@type\":\"ImageObject\",\"inLanguage\":\"en-US\",\"@id\":\"https:\/\/kgerad.de\/produkt\/telefunken-e-bike-multitalent-rc822-7-gang-shimano-tourney-schaltwerk\/#primaryimage\",\"url\":\"https:\/\/kgerad.de\/wp-content\/uploads\/2023\/06\/c60c8704-d8b7-5b6a-9ddd-13208b977e6d.jpg\",\"contentUrl\":\"https:\/\/kgerad.de\/wp-content\/uploads\/2023\/06\/c60c8704-d8b7-5b6a-9ddd-13208b977e6d.jpg\",\"width\":2500,\"height\":1494,\"caption\":\"Telefunken E-Bike \u00bbMultitalent RC822\u00ab\"},{\"@type\":\"BreadcrumbList\",\"@id\":\"https:\/\/kgerad.de\/produkt\/telefunken-e-bike-multitalent-rc822-7-gang-shimano-tourney-schaltwerk\/#breadcrumb\",\"itemListElement\":[{\"@type\":\"ListItem\",\"position\":1,\"name\":\"Startseite\",\"item\":\"https:\/\/kgerad.de\/\"},{\"@type\":\"ListItem\",\"position\":2,\"name\":\"LADEN\",\"item\":\"https:\/\/kgerad.de\/laden\/\"},{\"@type\":\"ListItem\",\"position\":3,\"name\":\"Telefunken E-Bike Multitalent RC822 , 7 Gang Shimano Tourney\"}]},{\"@type\":\"WebSite\",\"@id\":\"https:\/\/kgerad.de\/#website\",\"url\":\"https:\/\/kgerad.de\/\",\"name\":\"kgerad.de\",\"description\":\"Treten Sie mit uns ins Abenteuer!\",\"publisher\":{\"@id\":\"https:\/\/kgerad.de\/#organization\"},\"alternateName\":\"MEIN RADLADEN\",\"potentialAction\":[{\"@type\":\"SearchAction\",\"target\":{\"@type\":\"EntryPoint\",\"urlTemplate\":\"https:\/\/kgerad.de\/?s={search_term_string}\"},\"query-input\":{\"@type\":\"PropertyValueSpecification\",\"valueRequired\":true,\"valueName\":\"search_term_string\"}}],\"inLanguage\":\"en-US\"},{\"@type\":\"Organization\",\"@id\":\"https:\/\/kgerad.de\/#organization\",\"name\":\"MEINRADLADEN\",\"alternateName\":\"MEIN RADLADEN\",\"url\":\"https:\/\/kgerad.de\/\",\"logo\":{\"@type\":\"ImageObject\",\"inLanguage\":\"en-US\",\"@id\":\"https:\/\/kgerad.de\/#\/schema\/logo\/image\/\",\"url\":\"https:\/\/kgerad.de\/wp-content\/uploads\/2025\/07\/logo-Whit.svg\",\"contentUrl\":\"https:\/\/kgerad.de\/wp-content\/uploads\/2025\/07\/logo-Whit.svg\",\"width\":1640,\"height\":371,\"caption\":\"MEINRADLADEN\"},\"image\":{\"@id\":\"https:\/\/kgerad.de\/#\/schema\/logo\/image\/\"}}]}<\/script>\n<!-- \/ Yoast SEO Premium plugin. -->","yoast_head_json":{"title":"Telefunken E-Bike Multitalent RC822 , 7 Gang Shimano Tourney","description":"Entdecken Sie unseren Online-Fahrradladen: Gro\u00dfe Auswahl an Modellen f\u00fcr alle Radsportbegeisterten. Von Rennr\u00e4dern bis zu Mountainbikes - finden Sie heute Ihren perfekten Wegbegleiter!","robots":{"index":"index","follow":"follow","max-snippet":"max-snippet:-1","max-image-preview":"max-image-preview:large","max-video-preview":"max-video-preview:-1"},"canonical":"https:\/\/kgerad.de\/en\/product\/telefunken-e-bike-multitalent-rc822-7-gang-shimano-tourney-schaltwerk\/","og_locale":"en_US","og_type":"article","og_title":"Telefunken E-Bike Multitalent RC822 , 7 Gang Shimano Tourney","og_description":"Entdecken Sie unseren Online-Fahrradladen: Gro\u00dfe Auswahl an Modellen f\u00fcr alle Radsportbegeisterten. Von Rennr\u00e4dern bis zu Mountainbikes - finden Sie heute Ihren perfekten Wegbegleiter!","og_url":"https:\/\/kgerad.de\/en\/product\/telefunken-e-bike-multitalent-rc822-7-gang-shimano-tourney-schaltwerk\/","og_site_name":"kgerad.de","article_modified_time":"2023-08-10T17:05:22+00:00","og_image":[{"width":2500,"height":1494,"url":"https:\/\/kgerad.de\/wp-content\/uploads\/2023\/06\/c60c8704-d8b7-5b6a-9ddd-13208b977e6d.jpg","type":"image\/jpeg"}],"twitter_card":"summary_large_image","twitter_misc":{"Est. reading time":"4 minutes"},"schema":{"@context":"https:\/\/schema.org","@graph":[{"@type":"WebPage","@id":"https:\/\/kgerad.de\/produkt\/telefunken-e-bike-multitalent-rc822-7-gang-shimano-tourney-schaltwerk\/","url":"https:\/\/kgerad.de\/produkt\/telefunken-e-bike-multitalent-rc822-7-gang-shimano-tourney-schaltwerk\/","name":"Telefunken E-Bike Multitalent RC822 , 7 Gang Shimano Tourney","isPartOf":{"@id":"https:\/\/kgerad.de\/#website"},"primaryImageOfPage":{"@id":"https:\/\/kgerad.de\/produkt\/telefunken-e-bike-multitalent-rc822-7-gang-shimano-tourney-schaltwerk\/#primaryimage"},"image":{"@id":"https:\/\/kgerad.de\/produkt\/telefunken-e-bike-multitalent-rc822-7-gang-shimano-tourney-schaltwerk\/#primaryimage"},"thumbnailUrl":"https:\/\/kgerad.de\/wp-content\/uploads\/2023\/06\/c60c8704-d8b7-5b6a-9ddd-13208b977e6d.jpg","datePublished":"2022-12-12T09:57:06+00:00","dateModified":"2023-08-10T17:05:22+00:00","description":"Entdecken Sie unseren Online-Fahrradladen: Gro\u00dfe Auswahl an Modellen f\u00fcr alle Radsportbegeisterten. Von Rennr\u00e4dern bis zu Mountainbikes - finden Sie heute Ihren perfekten Wegbegleiter!","breadcrumb":{"@id":"https:\/\/kgerad.de\/produkt\/telefunken-e-bike-multitalent-rc822-7-gang-shimano-tourney-schaltwerk\/#breadcrumb"},"inLanguage":"en-US","potentialAction":[{"@type":"ReadAction","target":["https:\/\/kgerad.de\/produkt\/telefunken-e-bike-multitalent-rc822-7-gang-shimano-tourney-schaltwerk\/"]}]},{"@type":"ImageObject","inLanguage":"en-US","@id":"https:\/\/kgerad.de\/produkt\/telefunken-e-bike-multitalent-rc822-7-gang-shimano-tourney-schaltwerk\/#primaryimage","url":"https:\/\/kgerad.de\/wp-content\/uploads\/2023\/06\/c60c8704-d8b7-5b6a-9ddd-13208b977e6d.jpg","contentUrl":"https:\/\/kgerad.de\/wp-content\/uploads\/2023\/06\/c60c8704-d8b7-5b6a-9ddd-13208b977e6d.jpg","width":2500,"height":1494,"caption":"Telefunken E-Bike \u00bbMultitalent RC822\u00ab"},{"@type":"BreadcrumbList","@id":"https:\/\/kgerad.de\/produkt\/telefunken-e-bike-multitalent-rc822-7-gang-shimano-tourney-schaltwerk\/#breadcrumb","itemListElement":[{"@type":"ListItem","position":1,"name":"Startseite","item":"https:\/\/kgerad.de\/"},{"@type":"ListItem","position":2,"name":"LADEN","item":"https:\/\/kgerad.de\/laden\/"},{"@type":"ListItem","position":3,"name":"Telefunken E-Bike Multitalent RC822 , 7 Gang Shimano Tourney"}]},{"@type":"WebSite","@id":"https:\/\/kgerad.de\/#website","url":"https:\/\/kgerad.de\/","name":"kgerad.de","description":"Treten Sie mit uns ins Abenteuer!","publisher":{"@id":"https:\/\/kgerad.de\/#organization"},"alternateName":"MEIN RADLADEN","potentialAction":[{"@type":"SearchAction","target":{"@type":"EntryPoint","urlTemplate":"https:\/\/kgerad.de\/?s={search_term_string}"},"query-input":{"@type":"PropertyValueSpecification","valueRequired":true,"valueName":"search_term_string"}}],"inLanguage":"en-US"},{"@type":"Organization","@id":"https:\/\/kgerad.de\/#organization","name":"MEINRADLADEN","alternateName":"MEIN RADLADEN","url":"https:\/\/kgerad.de\/","logo":{"@type":"ImageObject","inLanguage":"en-US","@id":"https:\/\/kgerad.de\/#\/schema\/logo\/image\/","url":"https:\/\/kgerad.de\/wp-content\/uploads\/2025\/07\/logo-Whit.svg","contentUrl":"https:\/\/kgerad.de\/wp-content\/uploads\/2025\/07\/logo-Whit.svg","width":1640,"height":371,"caption":"MEINRADLADEN"},"image":{"@id":"https:\/\/kgerad.de\/#\/schema\/logo\/image\/"}}]}},"_links":{"self":[{"href":"https:\/\/kgerad.de\/en\/wp-json\/wp\/v2\/product\/49055","targetHints":{"allow":["GET"]}}],"collection":[{"href":"https:\/\/kgerad.de\/en\/wp-json\/wp\/v2\/product"}],"about":[{"href":"https:\/\/kgerad.de\/en\/wp-json\/wp\/v2\/types\/product"}],"replies":[{"embeddable":true,"href":"https:\/\/kgerad.de\/en\/wp-json\/wp\/v2\/comments?post=49055"}],"version-history":[{"count":1,"href":"https:\/\/kgerad.de\/en\/wp-json\/wp\/v2\/product\/49055\/revisions"}],"predecessor-version":[{"id":78661,"href":"https:\/\/kgerad.de\/en\/wp-json\/wp\/v2\/product\/49055\/revisions\/78661"}],"wp:featuredmedia":[{"embeddable":true,"href":"https:\/\/kgerad.de\/en\/wp-json\/wp\/v2\/media\/64985"}],"wp:attachment":[{"href":"https:\/\/kgerad.de\/en\/wp-json\/wp\/v2\/media?parent=49055"}],"wp:term":[{"taxonomy":"product_brand","embeddable":true,"href":"https:\/\/kgerad.de\/en\/wp-json\/wp\/v2\/product_brand?post=49055"},{"taxonomy":"product_cat","embeddable":true,"href":"https:\/\/kgerad.de\/en\/wp-json\/wp\/v2\/product_cat?post=49055"},{"taxonomy":"product_tag","embeddable":true,"href":"https:\/\/kgerad.de\/en\/wp-json\/wp\/v2\/product_tag?post=49055"}],"curies":[{"name":"wp","href":"https:\/\/api.w.org\/{rel}","templated":true}]}}