{"id":49006,"date":"2022-12-09T17:28:56","date_gmt":"2022-12-09T16:28:56","guid":{"rendered":"https:\/\/kgerad.de\/?post_type=product&#038;p=49006"},"modified":"2023-08-10T19:08:34","modified_gmt":"2023-08-10T17:08:34","slug":"kids-ride-shotgun-mtb-tow-rope-zugsystem-mit-huefttasche","status":"publish","type":"product","link":"https:\/\/kgerad.de\/en\/product\/kids-ride-shotgun-mtb-tow-rope-zugsystem-mit-huefttasche\/","title":{"rendered":"Kids Ride Shotgun MTB Tow Rope Zugsystem mit H\u00fcfttasche"},"content":{"rendered":"<div class=\"product--headername\">\n<h2 class=\"product--title\"><strong>Kids Ride Shotgun\u00a0<\/strong>MTB Tow Rope Zugsystem mit H\u00fcfttasche<\/h2>\n<\/div>\n<p>Mit Kids Ride Shotgun MTB dem Abschleppseil und der Kinder im Set ist dein Mini-Mountainbiker f\u00fcr <a href=\"http:\/\/1-1\">jedes<\/a> Abenteuer ger\u00fcstet &#8211; ob gro\u00df oder klein.<\/p>\n<hr \/>\n<h3>Lieferumfang &#8211; Shotgun MTB Abschleppseil + Kinder-H\u00fcfttasche im Set<\/h3>\n<ul>\n<li>1 x MTB Tow Rope<\/li>\n<li>1 x MTB Kids Hip Pack<\/li>\n<\/ul>\n<hr \/>\n<h3>Features &#8211; MTB Tow Rope<\/h3>\n<ul>\n<li>Speziell f\u00fcr Mountainbike-Familien konzipiert<\/li>\n<li>Sto\u00dfd\u00e4mpfend und elastisch f\u00fcr ein bequemes Abschleppen bergauf<\/li>\n<li>Schnell zu befestigen und zu entfernen (Vorbau-Schlinge + Karabiner inklusive)<\/li>\n<li>Belastung bis 225kg getestet (auch f\u00fcr gro\u00dfe Kinder geeignet!)<\/li>\n<\/ul>\n<h3>Produkteigenschaften<\/h3>\n<ul>\n<li>1,7 m ungedehnt &#8211; 3,3 m gedehnt (Polyester)<\/li>\n<li>Karabiner aus schwarzer Legierung und rosa Paracord (5 mm)<\/li>\n<li>Belastung bis 225kg getestet<\/li>\n<\/ul>\n<h3>Farbe<\/h3>\n<ul>\n<li>black\/turquoise\/pink<\/li>\n<\/ul>\n<h3>Gewicht<\/h3>\n<ul>\n<li>250g (Herstellerangabe)<\/li>\n<\/ul>\n<hr \/>\n<h3>Features &#8211; MTB Kinder-H\u00fcfttasche<\/h3>\n<ul>\n<li>Entwickelt f\u00fcr Mountainbike-Kids jeden Alters<\/li>\n<li>Unisex-Design mit coolem &#8222;Shred Til Bed&#8220; Tier-Aufdruck<\/li>\n<li>Doppeltaschen mit Allwetterschutz durch wasserdichtes Material und wasserdichte Rei\u00dfverschl\u00fcsse<\/li>\n<\/ul>\n<h3>Produkteigenschaften<\/h3>\n<ul>\n<li>Anpassbar an die Taille: 38 cm (min) bis 110 cm (max)<\/li>\n<li>L\u00e4nge x Breite x H\u00f6he: 225 mm x 80 mm x 100 mm<\/li>\n<li>Nicht geeignet f\u00fcr Kinder unter 3 Jahren (wegen Kleinteilen)<\/li>\n<li>Die Ausrichtung des Tieraufdrucks kann von der Abbildung abweichen<\/li>\n<\/ul>\n<h3>Material<\/h3>\n<ul>\n<li>Polyester mit PVC-Folie auf der Au\u00dfenseite<\/li>\n<\/ul>\n<h3>Gewicht<\/h3>\n<ul>\n<li>200g (Herstellerangabe)<\/li>\n<\/ul>\n<hr \/>\n<h3>Introducing The Shotgun MTB Tow Rope<\/h3>\n<p><iframe title=\"YouTube video player\" src=\"https:\/\/www.youtube-nocookie.com\/embed\/MbUu3wuUy34\" width=\"640\" height=\"360\" frameborder=\"0\" allowfullscreen=\"allowfullscreen\" data-mce-fragment=\"1\"><\/iframe><\/p>\n<h3>How to use the Shotgun MTB Tow Rope<\/h3>\n<p><iframe title=\"YouTube video player\" src=\"https:\/\/www.youtube-nocookie.com\/embed\/-sHgxfueG5U\" width=\"640\" height=\"360\" frameborder=\"0\" allowfullscreen=\"allowfullscreen\" data-mce-fragment=\"1\"><\/iframe><\/p>\n<h2 class=\"image-slider--container\"><\/h2>","protected":false},"excerpt":{"rendered":"<p>Kids Ride Shotgun\u00a0MTB Tow Rope Zugsystem mit H\u00fcfttasche Mit Kids Ride Shotgun MTB dem Abschleppseil und der Kinder im Set<\/p>","protected":false},"featured_media":64975,"comment_status":"open","ping_status":"closed","template":"","meta":[],"product_brand":[],"product_cat":[573,676],"product_tag":[],"class_list":{"0":"post-49006","1":"product","2":"type-product","3":"status-publish","4":"has-post-thumbnail","6":"product_cat-zubehor","7":"product_cat-zugsysteme","8":"pa_marke-kids","10":"first","11":"instock","12":"sale","13":"taxable","14":"shipping-taxable","15":"purchasable","16":"product-type-simple"},"yoast_head":"<!-- This site is optimized with the Yoast SEO Premium plugin v20.12 (Yoast SEO v27.1.1) - https:\/\/yoast.com\/product\/yoast-seo-premium-wordpress\/ -->\n<title>Kids Ride Shotgun MTB Tow Rope Zugsystem mit H\u00fcfttasche<\/title>\n<meta name=\"description\" content=\"Entdecken Sie unseren Online-Fahrradladen: Gro\u00dfe Auswahl an Modellen f\u00fcr alle Radsportbegeisterten. Von Rennr\u00e4dern bis zu Mountainbikes - finden Sie heute Ihren perfekten Wegbegleiter!\" \/>\n<meta name=\"robots\" content=\"index, follow, max-snippet:-1, max-image-preview:large, max-video-preview:-1\" \/>\n<link rel=\"canonical\" href=\"https:\/\/kgerad.de\/en\/product\/kids-ride-shotgun-mtb-tow-rope-zugsystem-mit-huefttasche\/\" \/>\n<meta property=\"og:locale\" content=\"en_US\" \/>\n<meta property=\"og:type\" content=\"article\" \/>\n<meta property=\"og:title\" content=\"Kids Ride Shotgun MTB Tow Rope Zugsystem mit H\u00fcfttasche\" \/>\n<meta property=\"og:description\" content=\"Entdecken Sie unseren Online-Fahrradladen: Gro\u00dfe Auswahl an Modellen f\u00fcr alle Radsportbegeisterten. Von Rennr\u00e4dern bis zu Mountainbikes - finden Sie heute Ihren perfekten Wegbegleiter!\" \/>\n<meta property=\"og:url\" content=\"https:\/\/kgerad.de\/en\/product\/kids-ride-shotgun-mtb-tow-rope-zugsystem-mit-huefttasche\/\" \/>\n<meta property=\"og:site_name\" content=\"kgerad.de\" \/>\n<meta property=\"article:modified_time\" content=\"2023-08-10T17:08:34+00:00\" \/>\n<meta property=\"og:image\" content=\"https:\/\/kgerad.de\/wp-content\/uploads\/2023\/06\/Shotgun_-MTB-Abschleppseil-Kinder-Hufttasche-im-Set-KRS-TOW-TWPK-01_800x800-0.jpg\" \/>\n\t<meta property=\"og:image:width\" content=\"800\" \/>\n\t<meta property=\"og:image:height\" content=\"623\" \/>\n\t<meta property=\"og:image:type\" content=\"image\/jpeg\" \/>\n<meta name=\"twitter:card\" content=\"summary_large_image\" \/>\n<meta name=\"twitter:label1\" content=\"Est. reading time\" \/>\n\t<meta name=\"twitter:data1\" content=\"2 minutes\" \/>\n<script type=\"application\/ld+json\" class=\"yoast-schema-graph\">{\"@context\":\"https:\/\/schema.org\",\"@graph\":[{\"@type\":\"WebPage\",\"@id\":\"https:\/\/kgerad.de\/produkt\/kids-ride-shotgun-mtb-tow-rope-zugsystem-mit-huefttasche\/\",\"url\":\"https:\/\/kgerad.de\/produkt\/kids-ride-shotgun-mtb-tow-rope-zugsystem-mit-huefttasche\/\",\"name\":\"Kids Ride Shotgun MTB Tow Rope Zugsystem mit H\u00fcfttasche\",\"isPartOf\":{\"@id\":\"https:\/\/kgerad.de\/#website\"},\"primaryImageOfPage\":{\"@id\":\"https:\/\/kgerad.de\/produkt\/kids-ride-shotgun-mtb-tow-rope-zugsystem-mit-huefttasche\/#primaryimage\"},\"image\":{\"@id\":\"https:\/\/kgerad.de\/produkt\/kids-ride-shotgun-mtb-tow-rope-zugsystem-mit-huefttasche\/#primaryimage\"},\"thumbnailUrl\":\"https:\/\/kgerad.de\/wp-content\/uploads\/2023\/06\/Shotgun_-MTB-Abschleppseil-Kinder-Hufttasche-im-Set-KRS-TOW-TWPK-01_800x800-0.jpg\",\"datePublished\":\"2022-12-09T16:28:56+00:00\",\"dateModified\":\"2023-08-10T17:08:34+00:00\",\"description\":\"Entdecken Sie unseren Online-Fahrradladen: Gro\u00dfe Auswahl an Modellen f\u00fcr alle Radsportbegeisterten. Von Rennr\u00e4dern bis zu Mountainbikes - finden Sie heute Ihren perfekten Wegbegleiter!\",\"breadcrumb\":{\"@id\":\"https:\/\/kgerad.de\/produkt\/kids-ride-shotgun-mtb-tow-rope-zugsystem-mit-huefttasche\/#breadcrumb\"},\"inLanguage\":\"en-US\",\"potentialAction\":[{\"@type\":\"ReadAction\",\"target\":[\"https:\/\/kgerad.de\/produkt\/kids-ride-shotgun-mtb-tow-rope-zugsystem-mit-huefttasche\/\"]}]},{\"@type\":\"ImageObject\",\"inLanguage\":\"en-US\",\"@id\":\"https:\/\/kgerad.de\/produkt\/kids-ride-shotgun-mtb-tow-rope-zugsystem-mit-huefttasche\/#primaryimage\",\"url\":\"https:\/\/kgerad.de\/wp-content\/uploads\/2023\/06\/Shotgun_-MTB-Abschleppseil-Kinder-Hufttasche-im-Set-KRS-TOW-TWPK-01_800x800-0.jpg\",\"contentUrl\":\"https:\/\/kgerad.de\/wp-content\/uploads\/2023\/06\/Shotgun_-MTB-Abschleppseil-Kinder-Hufttasche-im-Set-KRS-TOW-TWPK-01_800x800-0.jpg\",\"width\":800,\"height\":623,\"caption\":\"Kids Ride Shotgun MTB Tow Rope Zugsystem mit H\u00fcfttasche\"},{\"@type\":\"BreadcrumbList\",\"@id\":\"https:\/\/kgerad.de\/produkt\/kids-ride-shotgun-mtb-tow-rope-zugsystem-mit-huefttasche\/#breadcrumb\",\"itemListElement\":[{\"@type\":\"ListItem\",\"position\":1,\"name\":\"Startseite\",\"item\":\"https:\/\/kgerad.de\/\"},{\"@type\":\"ListItem\",\"position\":2,\"name\":\"LADEN\",\"item\":\"https:\/\/kgerad.de\/laden\/\"},{\"@type\":\"ListItem\",\"position\":3,\"name\":\"Kids Ride Shotgun MTB Tow Rope Zugsystem mit H\u00fcfttasche\"}]},{\"@type\":\"WebSite\",\"@id\":\"https:\/\/kgerad.de\/#website\",\"url\":\"https:\/\/kgerad.de\/\",\"name\":\"kgerad.de\",\"description\":\"Treten Sie mit uns ins Abenteuer!\",\"publisher\":{\"@id\":\"https:\/\/kgerad.de\/#organization\"},\"alternateName\":\"MEIN RADLADEN\",\"potentialAction\":[{\"@type\":\"SearchAction\",\"target\":{\"@type\":\"EntryPoint\",\"urlTemplate\":\"https:\/\/kgerad.de\/?s={search_term_string}\"},\"query-input\":{\"@type\":\"PropertyValueSpecification\",\"valueRequired\":true,\"valueName\":\"search_term_string\"}}],\"inLanguage\":\"en-US\"},{\"@type\":\"Organization\",\"@id\":\"https:\/\/kgerad.de\/#organization\",\"name\":\"MEINRADLADEN\",\"alternateName\":\"MEIN RADLADEN\",\"url\":\"https:\/\/kgerad.de\/\",\"logo\":{\"@type\":\"ImageObject\",\"inLanguage\":\"en-US\",\"@id\":\"https:\/\/kgerad.de\/#\/schema\/logo\/image\/\",\"url\":\"https:\/\/kgerad.de\/wp-content\/uploads\/2025\/07\/logo-Whit.svg\",\"contentUrl\":\"https:\/\/kgerad.de\/wp-content\/uploads\/2025\/07\/logo-Whit.svg\",\"width\":1640,\"height\":371,\"caption\":\"MEINRADLADEN\"},\"image\":{\"@id\":\"https:\/\/kgerad.de\/#\/schema\/logo\/image\/\"}}]}<\/script>\n<!-- \/ Yoast SEO Premium plugin. -->","yoast_head_json":{"title":"Kids Ride Shotgun MTB Tow Rope Zugsystem mit H\u00fcfttasche","description":"Entdecken Sie unseren Online-Fahrradladen: Gro\u00dfe Auswahl an Modellen f\u00fcr alle Radsportbegeisterten. Von Rennr\u00e4dern bis zu Mountainbikes - finden Sie heute Ihren perfekten Wegbegleiter!","robots":{"index":"index","follow":"follow","max-snippet":"max-snippet:-1","max-image-preview":"max-image-preview:large","max-video-preview":"max-video-preview:-1"},"canonical":"https:\/\/kgerad.de\/en\/product\/kids-ride-shotgun-mtb-tow-rope-zugsystem-mit-huefttasche\/","og_locale":"en_US","og_type":"article","og_title":"Kids Ride Shotgun MTB Tow Rope Zugsystem mit H\u00fcfttasche","og_description":"Entdecken Sie unseren Online-Fahrradladen: Gro\u00dfe Auswahl an Modellen f\u00fcr alle Radsportbegeisterten. Von Rennr\u00e4dern bis zu Mountainbikes - finden Sie heute Ihren perfekten Wegbegleiter!","og_url":"https:\/\/kgerad.de\/en\/product\/kids-ride-shotgun-mtb-tow-rope-zugsystem-mit-huefttasche\/","og_site_name":"kgerad.de","article_modified_time":"2023-08-10T17:08:34+00:00","og_image":[{"width":800,"height":623,"url":"https:\/\/kgerad.de\/wp-content\/uploads\/2023\/06\/Shotgun_-MTB-Abschleppseil-Kinder-Hufttasche-im-Set-KRS-TOW-TWPK-01_800x800-0.jpg","type":"image\/jpeg"}],"twitter_card":"summary_large_image","twitter_misc":{"Est. reading time":"2 minutes"},"schema":{"@context":"https:\/\/schema.org","@graph":[{"@type":"WebPage","@id":"https:\/\/kgerad.de\/produkt\/kids-ride-shotgun-mtb-tow-rope-zugsystem-mit-huefttasche\/","url":"https:\/\/kgerad.de\/produkt\/kids-ride-shotgun-mtb-tow-rope-zugsystem-mit-huefttasche\/","name":"Kids Ride Shotgun MTB Tow Rope Zugsystem mit H\u00fcfttasche","isPartOf":{"@id":"https:\/\/kgerad.de\/#website"},"primaryImageOfPage":{"@id":"https:\/\/kgerad.de\/produkt\/kids-ride-shotgun-mtb-tow-rope-zugsystem-mit-huefttasche\/#primaryimage"},"image":{"@id":"https:\/\/kgerad.de\/produkt\/kids-ride-shotgun-mtb-tow-rope-zugsystem-mit-huefttasche\/#primaryimage"},"thumbnailUrl":"https:\/\/kgerad.de\/wp-content\/uploads\/2023\/06\/Shotgun_-MTB-Abschleppseil-Kinder-Hufttasche-im-Set-KRS-TOW-TWPK-01_800x800-0.jpg","datePublished":"2022-12-09T16:28:56+00:00","dateModified":"2023-08-10T17:08:34+00:00","description":"Entdecken Sie unseren Online-Fahrradladen: Gro\u00dfe Auswahl an Modellen f\u00fcr alle Radsportbegeisterten. Von Rennr\u00e4dern bis zu Mountainbikes - finden Sie heute Ihren perfekten Wegbegleiter!","breadcrumb":{"@id":"https:\/\/kgerad.de\/produkt\/kids-ride-shotgun-mtb-tow-rope-zugsystem-mit-huefttasche\/#breadcrumb"},"inLanguage":"en-US","potentialAction":[{"@type":"ReadAction","target":["https:\/\/kgerad.de\/produkt\/kids-ride-shotgun-mtb-tow-rope-zugsystem-mit-huefttasche\/"]}]},{"@type":"ImageObject","inLanguage":"en-US","@id":"https:\/\/kgerad.de\/produkt\/kids-ride-shotgun-mtb-tow-rope-zugsystem-mit-huefttasche\/#primaryimage","url":"https:\/\/kgerad.de\/wp-content\/uploads\/2023\/06\/Shotgun_-MTB-Abschleppseil-Kinder-Hufttasche-im-Set-KRS-TOW-TWPK-01_800x800-0.jpg","contentUrl":"https:\/\/kgerad.de\/wp-content\/uploads\/2023\/06\/Shotgun_-MTB-Abschleppseil-Kinder-Hufttasche-im-Set-KRS-TOW-TWPK-01_800x800-0.jpg","width":800,"height":623,"caption":"Kids Ride Shotgun MTB Tow Rope Zugsystem mit H\u00fcfttasche"},{"@type":"BreadcrumbList","@id":"https:\/\/kgerad.de\/produkt\/kids-ride-shotgun-mtb-tow-rope-zugsystem-mit-huefttasche\/#breadcrumb","itemListElement":[{"@type":"ListItem","position":1,"name":"Startseite","item":"https:\/\/kgerad.de\/"},{"@type":"ListItem","position":2,"name":"LADEN","item":"https:\/\/kgerad.de\/laden\/"},{"@type":"ListItem","position":3,"name":"Kids Ride Shotgun MTB Tow Rope Zugsystem mit H\u00fcfttasche"}]},{"@type":"WebSite","@id":"https:\/\/kgerad.de\/#website","url":"https:\/\/kgerad.de\/","name":"kgerad.de","description":"Treten Sie mit uns ins Abenteuer!","publisher":{"@id":"https:\/\/kgerad.de\/#organization"},"alternateName":"MEIN RADLADEN","potentialAction":[{"@type":"SearchAction","target":{"@type":"EntryPoint","urlTemplate":"https:\/\/kgerad.de\/?s={search_term_string}"},"query-input":{"@type":"PropertyValueSpecification","valueRequired":true,"valueName":"search_term_string"}}],"inLanguage":"en-US"},{"@type":"Organization","@id":"https:\/\/kgerad.de\/#organization","name":"MEINRADLADEN","alternateName":"MEIN RADLADEN","url":"https:\/\/kgerad.de\/","logo":{"@type":"ImageObject","inLanguage":"en-US","@id":"https:\/\/kgerad.de\/#\/schema\/logo\/image\/","url":"https:\/\/kgerad.de\/wp-content\/uploads\/2025\/07\/logo-Whit.svg","contentUrl":"https:\/\/kgerad.de\/wp-content\/uploads\/2025\/07\/logo-Whit.svg","width":1640,"height":371,"caption":"MEINRADLADEN"},"image":{"@id":"https:\/\/kgerad.de\/#\/schema\/logo\/image\/"}}]}},"_links":{"self":[{"href":"https:\/\/kgerad.de\/en\/wp-json\/wp\/v2\/product\/49006","targetHints":{"allow":["GET"]}}],"collection":[{"href":"https:\/\/kgerad.de\/en\/wp-json\/wp\/v2\/product"}],"about":[{"href":"https:\/\/kgerad.de\/en\/wp-json\/wp\/v2\/types\/product"}],"replies":[{"embeddable":true,"href":"https:\/\/kgerad.de\/en\/wp-json\/wp\/v2\/comments?post=49006"}],"version-history":[{"count":1,"href":"https:\/\/kgerad.de\/en\/wp-json\/wp\/v2\/product\/49006\/revisions"}],"predecessor-version":[{"id":78666,"href":"https:\/\/kgerad.de\/en\/wp-json\/wp\/v2\/product\/49006\/revisions\/78666"}],"wp:featuredmedia":[{"embeddable":true,"href":"https:\/\/kgerad.de\/en\/wp-json\/wp\/v2\/media\/64975"}],"wp:attachment":[{"href":"https:\/\/kgerad.de\/en\/wp-json\/wp\/v2\/media?parent=49006"}],"wp:term":[{"taxonomy":"product_brand","embeddable":true,"href":"https:\/\/kgerad.de\/en\/wp-json\/wp\/v2\/product_brand?post=49006"},{"taxonomy":"product_cat","embeddable":true,"href":"https:\/\/kgerad.de\/en\/wp-json\/wp\/v2\/product_cat?post=49006"},{"taxonomy":"product_tag","embeddable":true,"href":"https:\/\/kgerad.de\/en\/wp-json\/wp\/v2\/product_tag?post=49006"}],"curies":[{"name":"wp","href":"https:\/\/api.w.org\/{rel}","templated":true}]}}