{"id":48999,"date":"2022-12-09T15:03:13","date_gmt":"2022-12-09T14:03:13","guid":{"rendered":"https:\/\/kgerad.de\/?post_type=product&#038;p=48999"},"modified":"2023-08-10T19:09:14","modified_gmt":"2023-08-10T17:09:14","slug":"peruzzo-trail-angel-tandemstange","status":"publish","type":"product","link":"https:\/\/kgerad.de\/en\/product\/peruzzo-trail-angel-tandemstange\/","title":{"rendered":"Peruzzo Trail Angel Tandemstange"},"content":{"rendered":"<h2 class=\"product--title\"><strong>Peruzzo<\/strong>\u00a0Trail Angel Tandemstange<\/h2>\n<p>Eine Peruzzo Trail Angel\u00a0geniale L\u00f6sung, um <a href=\"http:\/\/1-1\">Fahranf\u00e4nger<\/a> mit auf Tour zu nehmen! Die koppelt das Kinderfahrrad sicher an deines.<\/p>\n<h2>Einfach und unkomplitiert: Die Trail Angel Tandemstange Peruzzo<\/h2>\n<p>Das System schr\u00e4nkt den &#8222;gro\u00dfen Fahrer&#8220; kein bisschen ein, ist schnell installiert und \u00e4u\u00dferst stabil. Das hintere Fahrrad folgt optimal den Bewegungen des vorderen. So kommt der &#8222;kleine Fahrer&#8220; \u00fcberall mit hin und kann, sobald ihr auf einer ruhigeren Strecke seid, problemlos selbst\u00e4ndig weiterfahren, indem sein Fahrrad einfach abgekoppelt wird.<\/p>\n<hr \/>\n<h3>Features &#8211; Trail Angel Tandemstange<\/h3>\n<ul>\n<li>Einfach und schnell zu befestigen<\/li>\n<li>Stabil und sicher<\/li>\n<li>Wendig, schr\u00e4nkt den Fahrer nicht ein<\/li>\n<li>Schnell wieder abgenommen<\/li>\n<li>Platzsparend faltbar<\/li>\n<\/ul>\n<h3>Produkteigenschaften<\/h3>\n<ul>\n<li><strong>Typ: Faltbar<br \/>\n<\/strong><\/li>\n<li><strong>Befestigung am Kinderfahrrad:<\/strong>\u00a0Rahmen, Gabel<\/li>\n<li><strong>Befestigung am Zugfahrrad:\u00a0<\/strong>Sattelst\u00fctze<\/li>\n<li><strong>Durchmesser Sattelst\u00fctze:<\/strong>\u00a025,4 &#8211; 31,8 mm<\/li>\n<li><strong>Durchmesser Steuerrohr:\u00a0<\/strong>34 &#8211; 38 mm<\/li>\n<li><strong>H\u00f6chstgewicht Kind:<\/strong>\u00a030 kg<\/li>\n<li><strong>H\u00f6chstgewicht Kinderfahrrad:<\/strong>\u00a015 kg<\/li>\n<li><strong>Kompatibilt\u00e4t Laufrad des Zugfahrrads:<\/strong>\u00a0Alle Gr\u00f6\u00dfen<\/li>\n<li><strong>Max. Gewicht des Kindes:<\/strong>\u00a030 kg<\/li>\n<li><strong>Max. Gewicht des Kinderfahrrads:<\/strong>\u00a015 kg<\/li>\n<li><strong>Max. Gewicht des Kinderfahrrads mit Kind:\u00a0<\/strong>45 kg<\/li>\n<\/ul>\n<h3>Kompatibilit\u00e4t<\/h3>\n<ul>\n<li>F\u00fcr Erwachsenenfahrr\u00e4der mit Laufradgr\u00f6\u00dfe &gt; 25&#8243;<\/li>\n<li>F\u00fcr Sattelst\u00fctzendurchmesser von 25,4 mm bis 31,8 mm<\/li>\n<li>F\u00fcr Kinderfahrr\u00e4der mit Laufradgr\u00f6\u00dfe von 10&#8243; bis 20&#8243;<\/li>\n<li>F\u00fcr Steuerrohrdurchmesser von 34 -38 mm (1,34&#8243;-1,50&#8243;)<\/li>\n<\/ul>\n<h3>Farbe (Variante w\u00e4hlen)<\/h3>\n<ul>\n<li>rot<\/li>\n<li>gr\u00fcn<\/li>\n<li>gelb<\/li>\n<\/ul>\n<h3>Gewicht<\/h3>\n<ul>\n<li>3,15kg (Herstellerangabe)<\/li>\n<\/ul>\n<hr \/>\n<h3>Lieferumfang<\/h3>\n<ul>\n<li>Tandemstange<\/li>\n<\/ul>\n<hr \/>\n<h3>Trail Angel<\/h3>\n<p><iframe src=\"https:\/\/www.youtube-nocookie.com\/embed\/3gMbB2BfJnU\" width=\"640\" height=\"360\" frameborder=\"0\" allowfullscreen=\"allowfullscreen\" data-mce-fragment=\"1\"><\/iframe><\/p>\n<h3>Trail Angel Anleitung<\/h3>\n<p><iframe src=\"https:\/\/www.youtube-nocookie.com\/embed\/Yvm3ykobN04\" width=\"640\" height=\"360\" frameborder=\"0\" allowfullscreen=\"allowfullscreen\" data-mce-fragment=\"1\"><\/iframe><\/p>","protected":false},"excerpt":{"rendered":"<p>Peruzzo\u00a0Trail Angel Tandemstange Eine Peruzzo Trail Angel\u00a0geniale L\u00f6sung, um Fahranf\u00e4nger mit auf Tour zu nehmen! Die koppelt das Kinderfahrrad sicher<\/p>","protected":false},"featured_media":64971,"comment_status":"open","ping_status":"closed","template":"","meta":[],"product_brand":[],"product_cat":[573,676],"product_tag":[],"class_list":{"0":"post-48999","1":"product","2":"type-product","3":"status-publish","4":"has-post-thumbnail","6":"product_cat-zubehor","7":"product_cat-zugsysteme","8":"pa_marke-prruzzo","10":"first","11":"instock","12":"sale","13":"taxable","14":"shipping-taxable","15":"purchasable","16":"product-type-simple"},"yoast_head":"<!-- This site is optimized with the Yoast SEO Premium plugin v20.12 (Yoast SEO v27.1.1) - https:\/\/yoast.com\/product\/yoast-seo-premium-wordpress\/ -->\n<title>Peruzzo Trail Angel Tandemstange<\/title>\n<meta name=\"description\" content=\"Entdecken Sie unseren Online-Fahrradladen: Gro\u00dfe Auswahl an Modellen f\u00fcr alle Radsportbegeisterten. Von Rennr\u00e4dern bis zu Mountainbikes - finden Sie heute Ihren perfekten Wegbegleiter!\" \/>\n<meta name=\"robots\" content=\"index, follow, max-snippet:-1, max-image-preview:large, max-video-preview:-1\" \/>\n<link rel=\"canonical\" href=\"https:\/\/kgerad.de\/en\/product\/peruzzo-trail-angel-tandemstange\/\" \/>\n<meta property=\"og:locale\" content=\"en_US\" \/>\n<meta property=\"og:type\" content=\"article\" \/>\n<meta property=\"og:title\" content=\"Peruzzo Trail Angel Tandemstange\" \/>\n<meta property=\"og:description\" content=\"Entdecken Sie unseren Online-Fahrradladen: Gro\u00dfe Auswahl an Modellen f\u00fcr alle Radsportbegeisterten. Von Rennr\u00e4dern bis zu Mountainbikes - finden Sie heute Ihren perfekten Wegbegleiter!\" \/>\n<meta property=\"og:url\" content=\"https:\/\/kgerad.de\/en\/product\/peruzzo-trail-angel-tandemstange\/\" \/>\n<meta property=\"og:site_name\" content=\"kgerad.de\" \/>\n<meta property=\"article:modified_time\" content=\"2023-08-10T17:09:14+00:00\" \/>\n<meta property=\"og:image\" content=\"https:\/\/kgerad.de\/wp-content\/uploads\/2023\/06\/Peruzzo_Trail-Angel-Tandemstange_304R_a_800x800-0.jpg\" \/>\n\t<meta property=\"og:image:width\" content=\"800\" \/>\n\t<meta property=\"og:image:height\" content=\"480\" \/>\n\t<meta property=\"og:image:type\" content=\"image\/jpeg\" \/>\n<meta name=\"twitter:card\" content=\"summary_large_image\" \/>\n<meta name=\"twitter:label1\" content=\"Est. reading time\" \/>\n\t<meta name=\"twitter:data1\" content=\"2 minutes\" \/>\n<script type=\"application\/ld+json\" class=\"yoast-schema-graph\">{\"@context\":\"https:\/\/schema.org\",\"@graph\":[{\"@type\":\"WebPage\",\"@id\":\"https:\/\/kgerad.de\/produkt\/peruzzo-trail-angel-tandemstange\/\",\"url\":\"https:\/\/kgerad.de\/produkt\/peruzzo-trail-angel-tandemstange\/\",\"name\":\"Peruzzo Trail Angel Tandemstange\",\"isPartOf\":{\"@id\":\"https:\/\/kgerad.de\/#website\"},\"primaryImageOfPage\":{\"@id\":\"https:\/\/kgerad.de\/produkt\/peruzzo-trail-angel-tandemstange\/#primaryimage\"},\"image\":{\"@id\":\"https:\/\/kgerad.de\/produkt\/peruzzo-trail-angel-tandemstange\/#primaryimage\"},\"thumbnailUrl\":\"https:\/\/kgerad.de\/wp-content\/uploads\/2023\/06\/Peruzzo_Trail-Angel-Tandemstange_304R_a_800x800-0.jpg\",\"datePublished\":\"2022-12-09T14:03:13+00:00\",\"dateModified\":\"2023-08-10T17:09:14+00:00\",\"description\":\"Entdecken Sie unseren Online-Fahrradladen: Gro\u00dfe Auswahl an Modellen f\u00fcr alle Radsportbegeisterten. Von Rennr\u00e4dern bis zu Mountainbikes - finden Sie heute Ihren perfekten Wegbegleiter!\",\"breadcrumb\":{\"@id\":\"https:\/\/kgerad.de\/produkt\/peruzzo-trail-angel-tandemstange\/#breadcrumb\"},\"inLanguage\":\"en-US\",\"potentialAction\":[{\"@type\":\"ReadAction\",\"target\":[\"https:\/\/kgerad.de\/produkt\/peruzzo-trail-angel-tandemstange\/\"]}]},{\"@type\":\"ImageObject\",\"inLanguage\":\"en-US\",\"@id\":\"https:\/\/kgerad.de\/produkt\/peruzzo-trail-angel-tandemstange\/#primaryimage\",\"url\":\"https:\/\/kgerad.de\/wp-content\/uploads\/2023\/06\/Peruzzo_Trail-Angel-Tandemstange_304R_a_800x800-0.jpg\",\"contentUrl\":\"https:\/\/kgerad.de\/wp-content\/uploads\/2023\/06\/Peruzzo_Trail-Angel-Tandemstange_304R_a_800x800-0.jpg\",\"width\":800,\"height\":480,\"caption\":\"Peruzzo Trail Angel Tandemstange\"},{\"@type\":\"BreadcrumbList\",\"@id\":\"https:\/\/kgerad.de\/produkt\/peruzzo-trail-angel-tandemstange\/#breadcrumb\",\"itemListElement\":[{\"@type\":\"ListItem\",\"position\":1,\"name\":\"Startseite\",\"item\":\"https:\/\/kgerad.de\/\"},{\"@type\":\"ListItem\",\"position\":2,\"name\":\"LADEN\",\"item\":\"https:\/\/kgerad.de\/laden\/\"},{\"@type\":\"ListItem\",\"position\":3,\"name\":\"Peruzzo Trail Angel Tandemstange\"}]},{\"@type\":\"WebSite\",\"@id\":\"https:\/\/kgerad.de\/#website\",\"url\":\"https:\/\/kgerad.de\/\",\"name\":\"kgerad.de\",\"description\":\"Treten Sie mit uns ins Abenteuer!\",\"publisher\":{\"@id\":\"https:\/\/kgerad.de\/#organization\"},\"alternateName\":\"MEIN RADLADEN\",\"potentialAction\":[{\"@type\":\"SearchAction\",\"target\":{\"@type\":\"EntryPoint\",\"urlTemplate\":\"https:\/\/kgerad.de\/?s={search_term_string}\"},\"query-input\":{\"@type\":\"PropertyValueSpecification\",\"valueRequired\":true,\"valueName\":\"search_term_string\"}}],\"inLanguage\":\"en-US\"},{\"@type\":\"Organization\",\"@id\":\"https:\/\/kgerad.de\/#organization\",\"name\":\"MEINRADLADEN\",\"alternateName\":\"MEIN RADLADEN\",\"url\":\"https:\/\/kgerad.de\/\",\"logo\":{\"@type\":\"ImageObject\",\"inLanguage\":\"en-US\",\"@id\":\"https:\/\/kgerad.de\/#\/schema\/logo\/image\/\",\"url\":\"https:\/\/kgerad.de\/wp-content\/uploads\/2025\/07\/logo-Whit.svg\",\"contentUrl\":\"https:\/\/kgerad.de\/wp-content\/uploads\/2025\/07\/logo-Whit.svg\",\"width\":1640,\"height\":371,\"caption\":\"MEINRADLADEN\"},\"image\":{\"@id\":\"https:\/\/kgerad.de\/#\/schema\/logo\/image\/\"}}]}<\/script>\n<!-- \/ Yoast SEO Premium plugin. -->","yoast_head_json":{"title":"Peruzzo Trail Angel Tandemstange","description":"Entdecken Sie unseren Online-Fahrradladen: Gro\u00dfe Auswahl an Modellen f\u00fcr alle Radsportbegeisterten. Von Rennr\u00e4dern bis zu Mountainbikes - finden Sie heute Ihren perfekten Wegbegleiter!","robots":{"index":"index","follow":"follow","max-snippet":"max-snippet:-1","max-image-preview":"max-image-preview:large","max-video-preview":"max-video-preview:-1"},"canonical":"https:\/\/kgerad.de\/en\/product\/peruzzo-trail-angel-tandemstange\/","og_locale":"en_US","og_type":"article","og_title":"Peruzzo Trail Angel Tandemstange","og_description":"Entdecken Sie unseren Online-Fahrradladen: Gro\u00dfe Auswahl an Modellen f\u00fcr alle Radsportbegeisterten. Von Rennr\u00e4dern bis zu Mountainbikes - finden Sie heute Ihren perfekten Wegbegleiter!","og_url":"https:\/\/kgerad.de\/en\/product\/peruzzo-trail-angel-tandemstange\/","og_site_name":"kgerad.de","article_modified_time":"2023-08-10T17:09:14+00:00","og_image":[{"width":800,"height":480,"url":"https:\/\/kgerad.de\/wp-content\/uploads\/2023\/06\/Peruzzo_Trail-Angel-Tandemstange_304R_a_800x800-0.jpg","type":"image\/jpeg"}],"twitter_card":"summary_large_image","twitter_misc":{"Est. reading time":"2 minutes"},"schema":{"@context":"https:\/\/schema.org","@graph":[{"@type":"WebPage","@id":"https:\/\/kgerad.de\/produkt\/peruzzo-trail-angel-tandemstange\/","url":"https:\/\/kgerad.de\/produkt\/peruzzo-trail-angel-tandemstange\/","name":"Peruzzo Trail Angel Tandemstange","isPartOf":{"@id":"https:\/\/kgerad.de\/#website"},"primaryImageOfPage":{"@id":"https:\/\/kgerad.de\/produkt\/peruzzo-trail-angel-tandemstange\/#primaryimage"},"image":{"@id":"https:\/\/kgerad.de\/produkt\/peruzzo-trail-angel-tandemstange\/#primaryimage"},"thumbnailUrl":"https:\/\/kgerad.de\/wp-content\/uploads\/2023\/06\/Peruzzo_Trail-Angel-Tandemstange_304R_a_800x800-0.jpg","datePublished":"2022-12-09T14:03:13+00:00","dateModified":"2023-08-10T17:09:14+00:00","description":"Entdecken Sie unseren Online-Fahrradladen: Gro\u00dfe Auswahl an Modellen f\u00fcr alle Radsportbegeisterten. Von Rennr\u00e4dern bis zu Mountainbikes - finden Sie heute Ihren perfekten Wegbegleiter!","breadcrumb":{"@id":"https:\/\/kgerad.de\/produkt\/peruzzo-trail-angel-tandemstange\/#breadcrumb"},"inLanguage":"en-US","potentialAction":[{"@type":"ReadAction","target":["https:\/\/kgerad.de\/produkt\/peruzzo-trail-angel-tandemstange\/"]}]},{"@type":"ImageObject","inLanguage":"en-US","@id":"https:\/\/kgerad.de\/produkt\/peruzzo-trail-angel-tandemstange\/#primaryimage","url":"https:\/\/kgerad.de\/wp-content\/uploads\/2023\/06\/Peruzzo_Trail-Angel-Tandemstange_304R_a_800x800-0.jpg","contentUrl":"https:\/\/kgerad.de\/wp-content\/uploads\/2023\/06\/Peruzzo_Trail-Angel-Tandemstange_304R_a_800x800-0.jpg","width":800,"height":480,"caption":"Peruzzo Trail Angel Tandemstange"},{"@type":"BreadcrumbList","@id":"https:\/\/kgerad.de\/produkt\/peruzzo-trail-angel-tandemstange\/#breadcrumb","itemListElement":[{"@type":"ListItem","position":1,"name":"Startseite","item":"https:\/\/kgerad.de\/"},{"@type":"ListItem","position":2,"name":"LADEN","item":"https:\/\/kgerad.de\/laden\/"},{"@type":"ListItem","position":3,"name":"Peruzzo Trail Angel Tandemstange"}]},{"@type":"WebSite","@id":"https:\/\/kgerad.de\/#website","url":"https:\/\/kgerad.de\/","name":"kgerad.de","description":"Treten Sie mit uns ins Abenteuer!","publisher":{"@id":"https:\/\/kgerad.de\/#organization"},"alternateName":"MEIN RADLADEN","potentialAction":[{"@type":"SearchAction","target":{"@type":"EntryPoint","urlTemplate":"https:\/\/kgerad.de\/?s={search_term_string}"},"query-input":{"@type":"PropertyValueSpecification","valueRequired":true,"valueName":"search_term_string"}}],"inLanguage":"en-US"},{"@type":"Organization","@id":"https:\/\/kgerad.de\/#organization","name":"MEINRADLADEN","alternateName":"MEIN RADLADEN","url":"https:\/\/kgerad.de\/","logo":{"@type":"ImageObject","inLanguage":"en-US","@id":"https:\/\/kgerad.de\/#\/schema\/logo\/image\/","url":"https:\/\/kgerad.de\/wp-content\/uploads\/2025\/07\/logo-Whit.svg","contentUrl":"https:\/\/kgerad.de\/wp-content\/uploads\/2025\/07\/logo-Whit.svg","width":1640,"height":371,"caption":"MEINRADLADEN"},"image":{"@id":"https:\/\/kgerad.de\/#\/schema\/logo\/image\/"}}]}},"_links":{"self":[{"href":"https:\/\/kgerad.de\/en\/wp-json\/wp\/v2\/product\/48999","targetHints":{"allow":["GET"]}}],"collection":[{"href":"https:\/\/kgerad.de\/en\/wp-json\/wp\/v2\/product"}],"about":[{"href":"https:\/\/kgerad.de\/en\/wp-json\/wp\/v2\/types\/product"}],"replies":[{"embeddable":true,"href":"https:\/\/kgerad.de\/en\/wp-json\/wp\/v2\/comments?post=48999"}],"version-history":[{"count":1,"href":"https:\/\/kgerad.de\/en\/wp-json\/wp\/v2\/product\/48999\/revisions"}],"predecessor-version":[{"id":78668,"href":"https:\/\/kgerad.de\/en\/wp-json\/wp\/v2\/product\/48999\/revisions\/78668"}],"wp:featuredmedia":[{"embeddable":true,"href":"https:\/\/kgerad.de\/en\/wp-json\/wp\/v2\/media\/64971"}],"wp:attachment":[{"href":"https:\/\/kgerad.de\/en\/wp-json\/wp\/v2\/media?parent=48999"}],"wp:term":[{"taxonomy":"product_brand","embeddable":true,"href":"https:\/\/kgerad.de\/en\/wp-json\/wp\/v2\/product_brand?post=48999"},{"taxonomy":"product_cat","embeddable":true,"href":"https:\/\/kgerad.de\/en\/wp-json\/wp\/v2\/product_cat?post=48999"},{"taxonomy":"product_tag","embeddable":true,"href":"https:\/\/kgerad.de\/en\/wp-json\/wp\/v2\/product_tag?post=48999"}],"curies":[{"name":"wp","href":"https:\/\/api.w.org\/{rel}","templated":true}]}}