{"id":48944,"date":"2022-12-08T18:11:57","date_gmt":"2022-12-08T17:11:57","guid":{"rendered":"https:\/\/kgerad.de\/?post_type=product&#038;p=48944"},"modified":"2023-08-10T19:11:12","modified_gmt":"2023-08-10T17:11:12","slug":"park-tool-bbp-2-tretlager-presspull-set","status":"publish","type":"product","link":"https:\/\/kgerad.de\/en\/product\/park-tool-bbp-2-tretlager-presspull-set\/","title":{"rendered":"Park Tool BBP-2 Tretlager Press&#038;Pull-Set"},"content":{"rendered":"<div class=\"product--headername\">\n<h2 class=\"product--title\"><strong>Park Tool<\/strong> BBP-2 Tretlager Press&amp;Pull-Set<\/h2>\n<\/div>\n<p>Das Park Tool BBP-2 Tretlager <a href=\"http:\/\/i.i\">von<\/a> ist ein komplettes Set zum Austausch von Pressfit-Tretlagern, Pressfit-Schalen und Pressfit-Adaptern. Es enth\u00e4lt eine Presseinheit und kompatible Aufs\u00e4tze zum Entfernen und Installieren der meisten Pressfit-Innenlagerkonfigurationen.<\/p>\n<hr \/>\n<h3>Features &#8211; Park BBP-2<\/h3>\n<ul>\n<li>6 S\u00e4tze pr\u00e4zisionsgefertigter Buchsen (in 9 Gr\u00f6\u00dfen) f\u00fcr die meisten Tretlagerkonfigurationen<\/li>\n<li>8 pr\u00e4zisionsgefertigte Abziehschalen und 5 geh\u00e4rtete Spannzangen stellen Kompatibilit\u00e4t mit den meisten Lager-Innendurchmessern und Lager-\/Schalen-Au\u00dfendurchmessern sicher<\/li>\n<li>8 Montageaufs\u00e4tze f\u00fcr den eigenst\u00e4ndigen Lagereinbau<\/li>\n<li>Presse mit komfortablem Griff, \u00fcbergro\u00dfem Schaft und magnetischer R\u00fcckplatte f\u00fcr schnelle und einfache Montage<\/li>\n<li>\u00dcbersichtlich untergebracht in zwei praktischen Aufbewahrungskoffern<\/li>\n<\/ul>\n<h3>Material<\/h3>\n<ul>\n<li>Geh\u00e4rteter Stahl Park BBP-2<\/li>\n<li>Kunststoff<\/li>\n<li>Polyethylen (Koffer)<\/li>\n<\/ul>\n<hr \/>\n<h3>Lieferumfang<\/h3>\n<ul>\n<li>1 x BBP-2 Innenlager Press &amp; Puller Set<\/li>\n<\/ul>\n<hr \/>\n<h3>BBP-2 Bottom Bracket Bearing Press &amp; Puller Set<\/h3>\n<p><iframe title=\"YouTube video player\" src=\"https:\/\/www.youtube-nocookie.com\/embed\/NcEcoyjCIbU\" width=\"640\" height=\"360\" frameborder=\"0\" allowfullscreen=\"allowfullscreen\" data-mce-fragment=\"1\"><\/iframe><\/p>","protected":false},"excerpt":{"rendered":"<p>Park Tool BBP-2 Tretlager Press&amp;Pull-Set Das Park Tool BBP-2 Tretlager von ist ein komplettes Set zum Austausch von Pressfit-Tretlagern, Pressfit-Schalen<\/p>","protected":false},"featured_media":64934,"comment_status":"open","ping_status":"closed","template":"","meta":[],"product_brand":[],"product_cat":[673,573],"product_tag":[],"class_list":{"0":"post-48944","1":"product","2":"type-product","3":"status-publish","4":"has-post-thumbnail","6":"product_cat-werkzeug-wartung","7":"product_cat-zubehor","8":"pa_marke-park","10":"first","11":"instock","12":"sale","13":"taxable","14":"shipping-taxable","15":"purchasable","16":"product-type-simple"},"yoast_head":"<!-- This site is optimized with the Yoast SEO Premium plugin v20.12 (Yoast SEO v27.1.1) - https:\/\/yoast.com\/product\/yoast-seo-premium-wordpress\/ -->\n<title>Park Tool BBP-2 Tretlager Press&amp;Pull-Set<\/title>\n<meta name=\"description\" content=\"Entdecken Sie unseren Online-Fahrradladen: Gro\u00dfe Auswahl an Modellen f\u00fcr alle Radsportbegeisterten. Von Rennr\u00e4dern bis zu Mountainbikes - finden Sie heute Ihren perfekten Wegbegleiter!\" \/>\n<meta name=\"robots\" content=\"index, follow, max-snippet:-1, max-image-preview:large, max-video-preview:-1\" \/>\n<link rel=\"canonical\" href=\"https:\/\/kgerad.de\/en\/product\/park-tool-bbp-2-tretlager-presspull-set\/\" \/>\n<meta property=\"og:locale\" content=\"en_US\" \/>\n<meta property=\"og:type\" content=\"article\" \/>\n<meta property=\"og:title\" content=\"Park Tool BBP-2 Tretlager Press&amp;Pull-Set\" \/>\n<meta property=\"og:description\" content=\"Entdecken Sie unseren Online-Fahrradladen: Gro\u00dfe Auswahl an Modellen f\u00fcr alle Radsportbegeisterten. Von Rennr\u00e4dern bis zu Mountainbikes - finden Sie heute Ihren perfekten Wegbegleiter!\" \/>\n<meta property=\"og:url\" content=\"https:\/\/kgerad.de\/en\/product\/park-tool-bbp-2-tretlager-presspull-set\/\" \/>\n<meta property=\"og:site_name\" content=\"kgerad.de\" \/>\n<meta property=\"article:modified_time\" content=\"2023-08-10T17:11:12+00:00\" \/>\n<meta property=\"og:image\" content=\"https:\/\/kgerad.de\/wp-content\/uploads\/2023\/06\/Park-Tool-BBP-2_002_800x800-0.jpg\" \/>\n\t<meta property=\"og:image:width\" content=\"800\" \/>\n\t<meta property=\"og:image:height\" content=\"601\" \/>\n\t<meta property=\"og:image:type\" content=\"image\/jpeg\" \/>\n<meta name=\"twitter:card\" content=\"summary_large_image\" \/>\n<meta name=\"twitter:label1\" content=\"Est. reading time\" \/>\n\t<meta name=\"twitter:data1\" content=\"1 minute\" \/>\n<script type=\"application\/ld+json\" class=\"yoast-schema-graph\">{\"@context\":\"https:\/\/schema.org\",\"@graph\":[{\"@type\":\"WebPage\",\"@id\":\"https:\/\/kgerad.de\/produkt\/park-tool-bbp-2-tretlager-presspull-set\/\",\"url\":\"https:\/\/kgerad.de\/produkt\/park-tool-bbp-2-tretlager-presspull-set\/\",\"name\":\"Park Tool BBP-2 Tretlager Press&Pull-Set\",\"isPartOf\":{\"@id\":\"https:\/\/kgerad.de\/#website\"},\"primaryImageOfPage\":{\"@id\":\"https:\/\/kgerad.de\/produkt\/park-tool-bbp-2-tretlager-presspull-set\/#primaryimage\"},\"image\":{\"@id\":\"https:\/\/kgerad.de\/produkt\/park-tool-bbp-2-tretlager-presspull-set\/#primaryimage\"},\"thumbnailUrl\":\"https:\/\/kgerad.de\/wp-content\/uploads\/2023\/06\/Park-Tool-BBP-2_002_800x800-0.jpg\",\"datePublished\":\"2022-12-08T17:11:57+00:00\",\"dateModified\":\"2023-08-10T17:11:12+00:00\",\"description\":\"Entdecken Sie unseren Online-Fahrradladen: Gro\u00dfe Auswahl an Modellen f\u00fcr alle Radsportbegeisterten. Von Rennr\u00e4dern bis zu Mountainbikes - finden Sie heute Ihren perfekten Wegbegleiter!\",\"breadcrumb\":{\"@id\":\"https:\/\/kgerad.de\/produkt\/park-tool-bbp-2-tretlager-presspull-set\/#breadcrumb\"},\"inLanguage\":\"en-US\",\"potentialAction\":[{\"@type\":\"ReadAction\",\"target\":[\"https:\/\/kgerad.de\/produkt\/park-tool-bbp-2-tretlager-presspull-set\/\"]}]},{\"@type\":\"ImageObject\",\"inLanguage\":\"en-US\",\"@id\":\"https:\/\/kgerad.de\/produkt\/park-tool-bbp-2-tretlager-presspull-set\/#primaryimage\",\"url\":\"https:\/\/kgerad.de\/wp-content\/uploads\/2023\/06\/Park-Tool-BBP-2_002_800x800-0.jpg\",\"contentUrl\":\"https:\/\/kgerad.de\/wp-content\/uploads\/2023\/06\/Park-Tool-BBP-2_002_800x800-0.jpg\",\"width\":800,\"height\":601,\"caption\":\"Park Tool BBP-2 Tretlager Press&Pull-Set\"},{\"@type\":\"BreadcrumbList\",\"@id\":\"https:\/\/kgerad.de\/produkt\/park-tool-bbp-2-tretlager-presspull-set\/#breadcrumb\",\"itemListElement\":[{\"@type\":\"ListItem\",\"position\":1,\"name\":\"Startseite\",\"item\":\"https:\/\/kgerad.de\/\"},{\"@type\":\"ListItem\",\"position\":2,\"name\":\"LADEN\",\"item\":\"https:\/\/kgerad.de\/laden\/\"},{\"@type\":\"ListItem\",\"position\":3,\"name\":\"Park Tool BBP-2 Tretlager Press&#038;Pull-Set\"}]},{\"@type\":\"WebSite\",\"@id\":\"https:\/\/kgerad.de\/#website\",\"url\":\"https:\/\/kgerad.de\/\",\"name\":\"kgerad.de\",\"description\":\"Treten Sie mit uns ins Abenteuer!\",\"publisher\":{\"@id\":\"https:\/\/kgerad.de\/#organization\"},\"alternateName\":\"MEIN RADLADEN\",\"potentialAction\":[{\"@type\":\"SearchAction\",\"target\":{\"@type\":\"EntryPoint\",\"urlTemplate\":\"https:\/\/kgerad.de\/?s={search_term_string}\"},\"query-input\":{\"@type\":\"PropertyValueSpecification\",\"valueRequired\":true,\"valueName\":\"search_term_string\"}}],\"inLanguage\":\"en-US\"},{\"@type\":\"Organization\",\"@id\":\"https:\/\/kgerad.de\/#organization\",\"name\":\"MEINRADLADEN\",\"alternateName\":\"MEIN RADLADEN\",\"url\":\"https:\/\/kgerad.de\/\",\"logo\":{\"@type\":\"ImageObject\",\"inLanguage\":\"en-US\",\"@id\":\"https:\/\/kgerad.de\/#\/schema\/logo\/image\/\",\"url\":\"https:\/\/kgerad.de\/wp-content\/uploads\/2025\/07\/logo-Whit.svg\",\"contentUrl\":\"https:\/\/kgerad.de\/wp-content\/uploads\/2025\/07\/logo-Whit.svg\",\"width\":1640,\"height\":371,\"caption\":\"MEINRADLADEN\"},\"image\":{\"@id\":\"https:\/\/kgerad.de\/#\/schema\/logo\/image\/\"}}]}<\/script>\n<!-- \/ Yoast SEO Premium plugin. -->","yoast_head_json":{"title":"Park Tool BBP-2 Tretlager Press&Pull-Set","description":"Entdecken Sie unseren Online-Fahrradladen: Gro\u00dfe Auswahl an Modellen f\u00fcr alle Radsportbegeisterten. Von Rennr\u00e4dern bis zu Mountainbikes - finden Sie heute Ihren perfekten Wegbegleiter!","robots":{"index":"index","follow":"follow","max-snippet":"max-snippet:-1","max-image-preview":"max-image-preview:large","max-video-preview":"max-video-preview:-1"},"canonical":"https:\/\/kgerad.de\/en\/product\/park-tool-bbp-2-tretlager-presspull-set\/","og_locale":"en_US","og_type":"article","og_title":"Park Tool BBP-2 Tretlager Press&Pull-Set","og_description":"Entdecken Sie unseren Online-Fahrradladen: Gro\u00dfe Auswahl an Modellen f\u00fcr alle Radsportbegeisterten. Von Rennr\u00e4dern bis zu Mountainbikes - finden Sie heute Ihren perfekten Wegbegleiter!","og_url":"https:\/\/kgerad.de\/en\/product\/park-tool-bbp-2-tretlager-presspull-set\/","og_site_name":"kgerad.de","article_modified_time":"2023-08-10T17:11:12+00:00","og_image":[{"width":800,"height":601,"url":"https:\/\/kgerad.de\/wp-content\/uploads\/2023\/06\/Park-Tool-BBP-2_002_800x800-0.jpg","type":"image\/jpeg"}],"twitter_card":"summary_large_image","twitter_misc":{"Est. reading time":"1 minute"},"schema":{"@context":"https:\/\/schema.org","@graph":[{"@type":"WebPage","@id":"https:\/\/kgerad.de\/produkt\/park-tool-bbp-2-tretlager-presspull-set\/","url":"https:\/\/kgerad.de\/produkt\/park-tool-bbp-2-tretlager-presspull-set\/","name":"Park Tool BBP-2 Tretlager Press&Pull-Set","isPartOf":{"@id":"https:\/\/kgerad.de\/#website"},"primaryImageOfPage":{"@id":"https:\/\/kgerad.de\/produkt\/park-tool-bbp-2-tretlager-presspull-set\/#primaryimage"},"image":{"@id":"https:\/\/kgerad.de\/produkt\/park-tool-bbp-2-tretlager-presspull-set\/#primaryimage"},"thumbnailUrl":"https:\/\/kgerad.de\/wp-content\/uploads\/2023\/06\/Park-Tool-BBP-2_002_800x800-0.jpg","datePublished":"2022-12-08T17:11:57+00:00","dateModified":"2023-08-10T17:11:12+00:00","description":"Entdecken Sie unseren Online-Fahrradladen: Gro\u00dfe Auswahl an Modellen f\u00fcr alle Radsportbegeisterten. Von Rennr\u00e4dern bis zu Mountainbikes - finden Sie heute Ihren perfekten Wegbegleiter!","breadcrumb":{"@id":"https:\/\/kgerad.de\/produkt\/park-tool-bbp-2-tretlager-presspull-set\/#breadcrumb"},"inLanguage":"en-US","potentialAction":[{"@type":"ReadAction","target":["https:\/\/kgerad.de\/produkt\/park-tool-bbp-2-tretlager-presspull-set\/"]}]},{"@type":"ImageObject","inLanguage":"en-US","@id":"https:\/\/kgerad.de\/produkt\/park-tool-bbp-2-tretlager-presspull-set\/#primaryimage","url":"https:\/\/kgerad.de\/wp-content\/uploads\/2023\/06\/Park-Tool-BBP-2_002_800x800-0.jpg","contentUrl":"https:\/\/kgerad.de\/wp-content\/uploads\/2023\/06\/Park-Tool-BBP-2_002_800x800-0.jpg","width":800,"height":601,"caption":"Park Tool BBP-2 Tretlager Press&Pull-Set"},{"@type":"BreadcrumbList","@id":"https:\/\/kgerad.de\/produkt\/park-tool-bbp-2-tretlager-presspull-set\/#breadcrumb","itemListElement":[{"@type":"ListItem","position":1,"name":"Startseite","item":"https:\/\/kgerad.de\/"},{"@type":"ListItem","position":2,"name":"LADEN","item":"https:\/\/kgerad.de\/laden\/"},{"@type":"ListItem","position":3,"name":"Park Tool BBP-2 Tretlager Press&#038;Pull-Set"}]},{"@type":"WebSite","@id":"https:\/\/kgerad.de\/#website","url":"https:\/\/kgerad.de\/","name":"kgerad.de","description":"Treten Sie mit uns ins Abenteuer!","publisher":{"@id":"https:\/\/kgerad.de\/#organization"},"alternateName":"MEIN RADLADEN","potentialAction":[{"@type":"SearchAction","target":{"@type":"EntryPoint","urlTemplate":"https:\/\/kgerad.de\/?s={search_term_string}"},"query-input":{"@type":"PropertyValueSpecification","valueRequired":true,"valueName":"search_term_string"}}],"inLanguage":"en-US"},{"@type":"Organization","@id":"https:\/\/kgerad.de\/#organization","name":"MEINRADLADEN","alternateName":"MEIN RADLADEN","url":"https:\/\/kgerad.de\/","logo":{"@type":"ImageObject","inLanguage":"en-US","@id":"https:\/\/kgerad.de\/#\/schema\/logo\/image\/","url":"https:\/\/kgerad.de\/wp-content\/uploads\/2025\/07\/logo-Whit.svg","contentUrl":"https:\/\/kgerad.de\/wp-content\/uploads\/2025\/07\/logo-Whit.svg","width":1640,"height":371,"caption":"MEINRADLADEN"},"image":{"@id":"https:\/\/kgerad.de\/#\/schema\/logo\/image\/"}}]}},"_links":{"self":[{"href":"https:\/\/kgerad.de\/en\/wp-json\/wp\/v2\/product\/48944","targetHints":{"allow":["GET"]}}],"collection":[{"href":"https:\/\/kgerad.de\/en\/wp-json\/wp\/v2\/product"}],"about":[{"href":"https:\/\/kgerad.de\/en\/wp-json\/wp\/v2\/types\/product"}],"replies":[{"embeddable":true,"href":"https:\/\/kgerad.de\/en\/wp-json\/wp\/v2\/comments?post=48944"}],"version-history":[{"count":1,"href":"https:\/\/kgerad.de\/en\/wp-json\/wp\/v2\/product\/48944\/revisions"}],"predecessor-version":[{"id":78673,"href":"https:\/\/kgerad.de\/en\/wp-json\/wp\/v2\/product\/48944\/revisions\/78673"}],"wp:featuredmedia":[{"embeddable":true,"href":"https:\/\/kgerad.de\/en\/wp-json\/wp\/v2\/media\/64934"}],"wp:attachment":[{"href":"https:\/\/kgerad.de\/en\/wp-json\/wp\/v2\/media?parent=48944"}],"wp:term":[{"taxonomy":"product_brand","embeddable":true,"href":"https:\/\/kgerad.de\/en\/wp-json\/wp\/v2\/product_brand?post=48944"},{"taxonomy":"product_cat","embeddable":true,"href":"https:\/\/kgerad.de\/en\/wp-json\/wp\/v2\/product_cat?post=48944"},{"taxonomy":"product_tag","embeddable":true,"href":"https:\/\/kgerad.de\/en\/wp-json\/wp\/v2\/product_tag?post=48944"}],"curies":[{"name":"wp","href":"https:\/\/api.w.org\/{rel}","templated":true}]}}