{"id":48939,"date":"2022-12-08T17:50:45","date_gmt":"2022-12-08T16:50:45","guid":{"rendered":"https:\/\/kgerad.de\/?post_type=product&#038;p=48939"},"modified":"2023-08-10T19:11:24","modified_gmt":"2023-08-10T17:11:24","slug":"park-tool-prs-22-2-race-montagestaender","status":"publish","type":"product","link":"https:\/\/kgerad.de\/en\/product\/park-tool-prs-22-2-race-montagestaender\/","title":{"rendered":"Park Tool PRS-22.2 Race Montagest\u00e4nder"},"content":{"rendered":"<div class=\"product--headername\">\n<h2 class=\"product--title\"><strong>Park Tool<\/strong> PRS-22.2 Race Montagest\u00e4nder<\/h2>\n<\/div>\n<p>Die Park Tool PRS-22.2 erste Wahl der Profis im Einsatz am Rennwochenende: der von Urspr\u00fcnglich f\u00fcr Team-Mechaniker bei den gro\u00dfen Etappenrennen entwickelt.<\/p>\n<p>Der PRS-22.2 fixiert jedes Rad sicher durch Ablage des Rahmens auf dem Tretlagergeh\u00e4use und Sicherung der vorderen oder hinteren Ausfallenden. Die aktuelle Version wurde u.a. mit einem leichtg\u00e4ngigeren, solideren Rotationssystem verbessert, wodurch eine Klemmung an Rahmen oder Sattelst\u00fctze entf\u00e4llt.<\/p>\n<p>F\u00fcr alle Achs-Systeme &#8211; neben Schnellspannern auch f\u00fcr alle Steckachsgr\u00f6\u00dfen ohne l\u00e4stige Adapter geeignet. Der Profi-St\u00e4nder verf\u00fcgt \u00fcber einen soliden Dreifu\u00dfsockel und l\u00e4sst sich platzsparend zusammenfalten. Die ideale L\u00f6sung f\u00fcr die \u00fcblichen Reparatur- und Pflegearbeiten.<\/p>\n<hr \/>\n<h4>Features<\/h4>\n<ul>\n<li>Hochwertige Leichtbaukonstruktion aus anodisiertem 6063 T6 Aluminium und robustem Kunststoff<\/li>\n<li>Tretlagerh\u00f6he verstellbar zwischen 76 und 114 cm (30&#8243; bis 45&#8243;)<\/li>\n<li>360\u00b0 Schwenkbarkeit f\u00fcr schnellen Seitenwechsel am Rad<\/li>\n<li>Anpassbare Tretlageraufnahme f\u00fcr die unterschiedlichsten Tretlagergeh\u00e4use geeignet<\/li>\n<li>Grundtr\u00e4ger f\u00fcr optimales Gleichgewicht horizontal verstellbar<\/li>\n<li>Als optionales Zubeh\u00f6r sind u.a. eine Transporttasche und eine Werkzeugablage erh\u00e4ltlich (nicht im Lieferumfang)<\/li>\n<\/ul>\n<h4>Produkteigenschaften<\/h4>\n<ul>\n<li><strong>Steckachsen<\/strong>:\n<ul>\n<li><a href=\"http:\/\/i.i\">12<\/a> mm<\/li>\n<li>15 mm<\/li>\n<li>20 mm<\/li>\n<\/ul>\n<\/li>\n<li><strong>Ausfallenden<\/strong>:\n<ul>\n<li>100 mm<\/li>\n<li>130 mm<\/li>\n<li>135 mm<\/li>\n<\/ul>\n<\/li>\n<li><strong>Maximale Zuladung:<\/strong>\u00a027,2 kg<\/li>\n<\/ul>\n<h4>Farbe<\/h4>\n<ul>\n<li>blau\/schwarz<\/li>\n<\/ul>\n<h4>Gewicht<\/h4>\n<ul>\n<li>5,7kg (Herstellerangabe)<\/li>\n<\/ul>\n<hr \/>\n<h4>Lieferumfang<\/h4>\n<ul>\n<li>PRS-22.2 Race Montagest\u00e4nder<\/li>\n<\/ul>\n<hr \/>\n<h4>PRS-22.2 Team Issue Repair Stand<\/h4>\n<p><iframe src=\"https:\/\/www.youtube-nocookie.com\/embed\/5YBS1frj8Rs?rel=0&amp;showinfo=0\" width=\"640\" height=\"360\" frameborder=\"0\" allowfullscreen=\"allowfullscreen\" data-mce-fragment=\"1\"><\/iframe><\/p>","protected":false},"excerpt":{"rendered":"<p>Park Tool PRS-22.2 Race Montagest\u00e4nder Die Park Tool PRS-22.2 erste Wahl der Profis im Einsatz am Rennwochenende: der von Urspr\u00fcnglich<\/p>","protected":false},"featured_media":64932,"comment_status":"open","ping_status":"closed","template":"","meta":[],"product_brand":[],"product_cat":[673,573],"product_tag":[],"class_list":{"0":"post-48939","1":"product","2":"type-product","3":"status-publish","4":"has-post-thumbnail","6":"product_cat-werkzeug-wartung","7":"product_cat-zubehor","8":"pa_marke-park","10":"first","11":"instock","12":"sale","13":"taxable","14":"shipping-taxable","15":"purchasable","16":"product-type-simple"},"yoast_head":"<!-- This site is optimized with the Yoast SEO Premium plugin v20.12 (Yoast SEO v27.1.1) - https:\/\/yoast.com\/product\/yoast-seo-premium-wordpress\/ -->\n<title>Park Tool PRS-22.2 Race Montagest\u00e4nder<\/title>\n<meta name=\"description\" content=\"kgerad.de bietet Ihnen das Park Tool PRS-22.2 Race Montagest\u00e4nder zum besten Preis mit kostenlosem Versand in ganz Europa und mit sicherer Zahlung\" \/>\n<meta name=\"robots\" content=\"index, follow, max-snippet:-1, max-image-preview:large, max-video-preview:-1\" \/>\n<link rel=\"canonical\" href=\"https:\/\/kgerad.de\/en\/product\/park-tool-prs-22-2-race-montagestaender\/\" \/>\n<meta property=\"og:locale\" content=\"en_US\" \/>\n<meta property=\"og:type\" content=\"article\" \/>\n<meta property=\"og:title\" content=\"Park Tool PRS-22.2 Race Montagest\u00e4nder\" \/>\n<meta property=\"og:description\" content=\"Entdecken Sie unseren Online-Fahrradladen: Gro\u00dfe Auswahl an Modellen f\u00fcr alle Radsportbegeisterten. Von Rennr\u00e4dern bis zu Mountainbikes - finden Sie heute Ihren perfekten Wegbegleiter!\" \/>\n<meta property=\"og:url\" content=\"https:\/\/kgerad.de\/en\/product\/park-tool-prs-22-2-race-montagestaender\/\" \/>\n<meta property=\"og:site_name\" content=\"kgerad.de\" \/>\n<meta property=\"article:modified_time\" content=\"2023-08-10T17:11:24+00:00\" \/>\n<meta property=\"og:image\" content=\"https:\/\/kgerad.de\/wp-content\/uploads\/2023\/06\/PRS-22_800x800-0.jpg\" \/>\n\t<meta property=\"og:image:width\" content=\"666\" \/>\n\t<meta property=\"og:image:height\" content=\"800\" \/>\n\t<meta property=\"og:image:type\" content=\"image\/jpeg\" \/>\n<meta name=\"twitter:card\" content=\"summary_large_image\" \/>\n<meta name=\"twitter:label1\" content=\"Est. reading time\" \/>\n\t<meta name=\"twitter:data1\" content=\"2 minutes\" \/>\n<script type=\"application\/ld+json\" class=\"yoast-schema-graph\">{\"@context\":\"https:\/\/schema.org\",\"@graph\":[{\"@type\":\"WebPage\",\"@id\":\"https:\/\/kgerad.de\/produkt\/park-tool-prs-22-2-race-montagestaender\/\",\"url\":\"https:\/\/kgerad.de\/produkt\/park-tool-prs-22-2-race-montagestaender\/\",\"name\":\"Park Tool PRS-22.2 Race Montagest\u00e4nder\",\"isPartOf\":{\"@id\":\"https:\/\/kgerad.de\/#website\"},\"primaryImageOfPage\":{\"@id\":\"https:\/\/kgerad.de\/produkt\/park-tool-prs-22-2-race-montagestaender\/#primaryimage\"},\"image\":{\"@id\":\"https:\/\/kgerad.de\/produkt\/park-tool-prs-22-2-race-montagestaender\/#primaryimage\"},\"thumbnailUrl\":\"https:\/\/kgerad.de\/wp-content\/uploads\/2023\/06\/PRS-22_800x800-0.jpg\",\"datePublished\":\"2022-12-08T16:50:45+00:00\",\"dateModified\":\"2023-08-10T17:11:24+00:00\",\"description\":\"kgerad.de bietet Ihnen das Park Tool PRS-22.2 Race Montagest\u00e4nder zum besten Preis mit kostenlosem Versand in ganz Europa und mit sicherer Zahlung\",\"breadcrumb\":{\"@id\":\"https:\/\/kgerad.de\/produkt\/park-tool-prs-22-2-race-montagestaender\/#breadcrumb\"},\"inLanguage\":\"en-US\",\"potentialAction\":[{\"@type\":\"ReadAction\",\"target\":[\"https:\/\/kgerad.de\/produkt\/park-tool-prs-22-2-race-montagestaender\/\"]}]},{\"@type\":\"ImageObject\",\"inLanguage\":\"en-US\",\"@id\":\"https:\/\/kgerad.de\/produkt\/park-tool-prs-22-2-race-montagestaender\/#primaryimage\",\"url\":\"https:\/\/kgerad.de\/wp-content\/uploads\/2023\/06\/PRS-22_800x800-0.jpg\",\"contentUrl\":\"https:\/\/kgerad.de\/wp-content\/uploads\/2023\/06\/PRS-22_800x800-0.jpg\",\"width\":666,\"height\":800,\"caption\":\"Park Tool PRS-22.2 Race Montagest\u00e4nder\"},{\"@type\":\"BreadcrumbList\",\"@id\":\"https:\/\/kgerad.de\/produkt\/park-tool-prs-22-2-race-montagestaender\/#breadcrumb\",\"itemListElement\":[{\"@type\":\"ListItem\",\"position\":1,\"name\":\"Startseite\",\"item\":\"https:\/\/kgerad.de\/\"},{\"@type\":\"ListItem\",\"position\":2,\"name\":\"LADEN\",\"item\":\"https:\/\/kgerad.de\/laden\/\"},{\"@type\":\"ListItem\",\"position\":3,\"name\":\"Park Tool PRS-22.2 Race Montagest\u00e4nder\"}]},{\"@type\":\"WebSite\",\"@id\":\"https:\/\/kgerad.de\/#website\",\"url\":\"https:\/\/kgerad.de\/\",\"name\":\"kgerad.de\",\"description\":\"Treten Sie mit uns ins Abenteuer!\",\"publisher\":{\"@id\":\"https:\/\/kgerad.de\/#organization\"},\"alternateName\":\"MEIN RADLADEN\",\"potentialAction\":[{\"@type\":\"SearchAction\",\"target\":{\"@type\":\"EntryPoint\",\"urlTemplate\":\"https:\/\/kgerad.de\/?s={search_term_string}\"},\"query-input\":{\"@type\":\"PropertyValueSpecification\",\"valueRequired\":true,\"valueName\":\"search_term_string\"}}],\"inLanguage\":\"en-US\"},{\"@type\":\"Organization\",\"@id\":\"https:\/\/kgerad.de\/#organization\",\"name\":\"MEINRADLADEN\",\"alternateName\":\"MEIN RADLADEN\",\"url\":\"https:\/\/kgerad.de\/\",\"logo\":{\"@type\":\"ImageObject\",\"inLanguage\":\"en-US\",\"@id\":\"https:\/\/kgerad.de\/#\/schema\/logo\/image\/\",\"url\":\"https:\/\/kgerad.de\/wp-content\/uploads\/2025\/07\/logo-Whit.svg\",\"contentUrl\":\"https:\/\/kgerad.de\/wp-content\/uploads\/2025\/07\/logo-Whit.svg\",\"width\":1640,\"height\":371,\"caption\":\"MEINRADLADEN\"},\"image\":{\"@id\":\"https:\/\/kgerad.de\/#\/schema\/logo\/image\/\"}}]}<\/script>\n<!-- \/ Yoast SEO Premium plugin. -->","yoast_head_json":{"title":"Park Tool PRS-22.2 Race Montagest\u00e4nder","description":"kgerad.de bietet Ihnen das Park Tool PRS-22.2 Race Montagest\u00e4nder zum besten Preis mit kostenlosem Versand in ganz Europa und mit sicherer Zahlung","robots":{"index":"index","follow":"follow","max-snippet":"max-snippet:-1","max-image-preview":"max-image-preview:large","max-video-preview":"max-video-preview:-1"},"canonical":"https:\/\/kgerad.de\/en\/product\/park-tool-prs-22-2-race-montagestaender\/","og_locale":"en_US","og_type":"article","og_title":"Park Tool PRS-22.2 Race Montagest\u00e4nder","og_description":"Entdecken Sie unseren Online-Fahrradladen: Gro\u00dfe Auswahl an Modellen f\u00fcr alle Radsportbegeisterten. Von Rennr\u00e4dern bis zu Mountainbikes - finden Sie heute Ihren perfekten Wegbegleiter!","og_url":"https:\/\/kgerad.de\/en\/product\/park-tool-prs-22-2-race-montagestaender\/","og_site_name":"kgerad.de","article_modified_time":"2023-08-10T17:11:24+00:00","og_image":[{"width":666,"height":800,"url":"https:\/\/kgerad.de\/wp-content\/uploads\/2023\/06\/PRS-22_800x800-0.jpg","type":"image\/jpeg"}],"twitter_card":"summary_large_image","twitter_misc":{"Est. reading time":"2 minutes"},"schema":{"@context":"https:\/\/schema.org","@graph":[{"@type":"WebPage","@id":"https:\/\/kgerad.de\/produkt\/park-tool-prs-22-2-race-montagestaender\/","url":"https:\/\/kgerad.de\/produkt\/park-tool-prs-22-2-race-montagestaender\/","name":"Park Tool PRS-22.2 Race Montagest\u00e4nder","isPartOf":{"@id":"https:\/\/kgerad.de\/#website"},"primaryImageOfPage":{"@id":"https:\/\/kgerad.de\/produkt\/park-tool-prs-22-2-race-montagestaender\/#primaryimage"},"image":{"@id":"https:\/\/kgerad.de\/produkt\/park-tool-prs-22-2-race-montagestaender\/#primaryimage"},"thumbnailUrl":"https:\/\/kgerad.de\/wp-content\/uploads\/2023\/06\/PRS-22_800x800-0.jpg","datePublished":"2022-12-08T16:50:45+00:00","dateModified":"2023-08-10T17:11:24+00:00","description":"kgerad.de bietet Ihnen das Park Tool PRS-22.2 Race Montagest\u00e4nder zum besten Preis mit kostenlosem Versand in ganz Europa und mit sicherer Zahlung","breadcrumb":{"@id":"https:\/\/kgerad.de\/produkt\/park-tool-prs-22-2-race-montagestaender\/#breadcrumb"},"inLanguage":"en-US","potentialAction":[{"@type":"ReadAction","target":["https:\/\/kgerad.de\/produkt\/park-tool-prs-22-2-race-montagestaender\/"]}]},{"@type":"ImageObject","inLanguage":"en-US","@id":"https:\/\/kgerad.de\/produkt\/park-tool-prs-22-2-race-montagestaender\/#primaryimage","url":"https:\/\/kgerad.de\/wp-content\/uploads\/2023\/06\/PRS-22_800x800-0.jpg","contentUrl":"https:\/\/kgerad.de\/wp-content\/uploads\/2023\/06\/PRS-22_800x800-0.jpg","width":666,"height":800,"caption":"Park Tool PRS-22.2 Race Montagest\u00e4nder"},{"@type":"BreadcrumbList","@id":"https:\/\/kgerad.de\/produkt\/park-tool-prs-22-2-race-montagestaender\/#breadcrumb","itemListElement":[{"@type":"ListItem","position":1,"name":"Startseite","item":"https:\/\/kgerad.de\/"},{"@type":"ListItem","position":2,"name":"LADEN","item":"https:\/\/kgerad.de\/laden\/"},{"@type":"ListItem","position":3,"name":"Park Tool PRS-22.2 Race Montagest\u00e4nder"}]},{"@type":"WebSite","@id":"https:\/\/kgerad.de\/#website","url":"https:\/\/kgerad.de\/","name":"kgerad.de","description":"Treten Sie mit uns ins Abenteuer!","publisher":{"@id":"https:\/\/kgerad.de\/#organization"},"alternateName":"MEIN RADLADEN","potentialAction":[{"@type":"SearchAction","target":{"@type":"EntryPoint","urlTemplate":"https:\/\/kgerad.de\/?s={search_term_string}"},"query-input":{"@type":"PropertyValueSpecification","valueRequired":true,"valueName":"search_term_string"}}],"inLanguage":"en-US"},{"@type":"Organization","@id":"https:\/\/kgerad.de\/#organization","name":"MEINRADLADEN","alternateName":"MEIN RADLADEN","url":"https:\/\/kgerad.de\/","logo":{"@type":"ImageObject","inLanguage":"en-US","@id":"https:\/\/kgerad.de\/#\/schema\/logo\/image\/","url":"https:\/\/kgerad.de\/wp-content\/uploads\/2025\/07\/logo-Whit.svg","contentUrl":"https:\/\/kgerad.de\/wp-content\/uploads\/2025\/07\/logo-Whit.svg","width":1640,"height":371,"caption":"MEINRADLADEN"},"image":{"@id":"https:\/\/kgerad.de\/#\/schema\/logo\/image\/"}}]}},"_links":{"self":[{"href":"https:\/\/kgerad.de\/en\/wp-json\/wp\/v2\/product\/48939","targetHints":{"allow":["GET"]}}],"collection":[{"href":"https:\/\/kgerad.de\/en\/wp-json\/wp\/v2\/product"}],"about":[{"href":"https:\/\/kgerad.de\/en\/wp-json\/wp\/v2\/types\/product"}],"replies":[{"embeddable":true,"href":"https:\/\/kgerad.de\/en\/wp-json\/wp\/v2\/comments?post=48939"}],"version-history":[{"count":1,"href":"https:\/\/kgerad.de\/en\/wp-json\/wp\/v2\/product\/48939\/revisions"}],"predecessor-version":[{"id":78674,"href":"https:\/\/kgerad.de\/en\/wp-json\/wp\/v2\/product\/48939\/revisions\/78674"}],"wp:featuredmedia":[{"embeddable":true,"href":"https:\/\/kgerad.de\/en\/wp-json\/wp\/v2\/media\/64932"}],"wp:attachment":[{"href":"https:\/\/kgerad.de\/en\/wp-json\/wp\/v2\/media?parent=48939"}],"wp:term":[{"taxonomy":"product_brand","embeddable":true,"href":"https:\/\/kgerad.de\/en\/wp-json\/wp\/v2\/product_brand?post=48939"},{"taxonomy":"product_cat","embeddable":true,"href":"https:\/\/kgerad.de\/en\/wp-json\/wp\/v2\/product_cat?post=48939"},{"taxonomy":"product_tag","embeddable":true,"href":"https:\/\/kgerad.de\/en\/wp-json\/wp\/v2\/product_tag?post=48939"}],"curies":[{"name":"wp","href":"https:\/\/api.w.org\/{rel}","templated":true}]}}