{"id":48912,"date":"2022-12-08T16:55:30","date_gmt":"2022-12-08T15:55:30","guid":{"rendered":"https:\/\/kgerad.de\/?post_type=product&#038;p=48912"},"modified":"2023-08-10T19:12:20","modified_gmt":"2023-08-10T17:12:20","slug":"park-tool-shx-1-gleithammer-auszieher","status":"publish","type":"product","link":"https:\/\/kgerad.de\/en\/product\/park-tool-shx-1-gleithammer-auszieher\/","title":{"rendered":"Park Tool SHX-1 Gleithammer-Auszieher"},"content":{"rendered":"<div class=\"product--headername\">\n<h2 class=\"product--title\"><strong>Park Tool<\/strong> SHX-1 Gleithammer-Auszieher<\/h2>\n<\/div>\n<p>Der Park Tool SHX-1 Gleithammer-Auszieher ist eine professionelle L\u00f6sung, die von speziell f\u00fcr den Ausbau von Pressfit-Patronenlagern am Fahrrad entwickelt wurde.<\/p>\n<p>Mit Hilfe von Spreizspannzangen, einem ausziehbaren Schaft und einem schweren (960 g) Gleithammer entfernt der SHX-1 Patronenlager mit gezielten Schl\u00e4gen sicher und kraftvoll. Der Park Tool SHX ist kompatibel mit Patronenlagern von 6 bis 32 Millimetern Innendurchmesser und deckt damit die meisten Anwendungen an Fahrr\u00e4dern ab, darunter Naben, Federungsgest\u00e4nge und Tretlager.<\/p>\n<hr \/>\n<h4>Features &#8211; Park Tool SHX Gleithammer-Auszieher<\/h4>\n<ul>\n<li>Set mit 5 Spreizzangen deckt Lager von 6 mm bis 32 mm Innendurchmesser ab<\/li>\n<li>Der Schaft des Gleithammers ist von 165 mm (6,5&#8243;) auf 233 mm (<a href=\"http:\/\/i.i\">13<\/a>&#8222;) ausziehbar, um bei Bedarf zus\u00e4tzliche Kraft aufzubringen<\/li>\n<li>Kommt im praktischen Aufbewahrungskoffer<\/li>\n<\/ul>\n<h4>Material<\/h4>\n<ul>\n<li>Geh\u00e4rteter Stahl<\/li>\n<li>Kunststoff<\/li>\n<li>Polyethylen (Koffer)<\/li>\n<\/ul>\n<hr \/>\n<h4>Lieferumfang<\/h4>\n<ul>\n<li>1 Park Tool SHX Gleithammer-Auszieher<\/li>\n<li>ein praktischer Koffer f\u00fcr Aufbewahrung und Transport<\/li>\n<\/ul>\n<hr \/>\n<h4>How to Use the SHX-1 Slide Hammer Bearing Extractor<\/h4>\n<p><iframe title=\"YouTube video player\" src=\"https:\/\/www.youtube-nocookie.com\/embed\/l6BfW4ukcL4\" width=\"640\" height=\"360\" frameborder=\"0\" allowfullscreen=\"allowfullscreen\" data-mce-fragment=\"1\"><\/iframe><\/p>\n<div class=\"product--headername\">\n<h2 class=\"product--rating-container\"><\/h2>\n<\/div>\n<h2 class=\"image-slider--container\"><\/h2>","protected":false},"excerpt":{"rendered":"<p>Park Tool SHX-1 Gleithammer-Auszieher Der Park Tool SHX-1 Gleithammer-Auszieher ist eine professionelle L\u00f6sung, die von speziell f\u00fcr den Ausbau von<\/p>","protected":false},"featured_media":64918,"comment_status":"open","ping_status":"closed","template":"","meta":[],"product_brand":[],"product_cat":[673,573],"product_tag":[],"class_list":{"0":"post-48912","1":"product","2":"type-product","3":"status-publish","4":"has-post-thumbnail","6":"product_cat-werkzeug-wartung","7":"product_cat-zubehor","8":"pa_marke-park","10":"first","11":"instock","12":"sale","13":"taxable","14":"shipping-taxable","15":"purchasable","16":"product-type-simple"},"yoast_head":"<!-- This site is optimized with the Yoast SEO Premium plugin v20.12 (Yoast SEO v27.1.1) - https:\/\/yoast.com\/product\/yoast-seo-premium-wordpress\/ -->\n<title>Park Tool SHX-1 Gleithammer-Auszieher<\/title>\n<meta name=\"description\" content=\"kgerad.de bietet Ihnen das Park Tool SHX-1 Gleithammer-Auszieher zum besten Preis mit kostenlosem Versand in ganz Europa und mit sicherer Zahlung\" \/>\n<meta name=\"robots\" content=\"index, follow, max-snippet:-1, max-image-preview:large, max-video-preview:-1\" \/>\n<link rel=\"canonical\" href=\"https:\/\/kgerad.de\/en\/product\/park-tool-shx-1-gleithammer-auszieher\/\" \/>\n<meta property=\"og:locale\" content=\"en_US\" \/>\n<meta property=\"og:type\" content=\"article\" \/>\n<meta property=\"og:title\" content=\"Park Tool SHX-1 Gleithammer-Auszieher\" \/>\n<meta property=\"og:description\" content=\"Entdecken Sie unseren Online-Fahrradladen: Gro\u00dfe Auswahl an Modellen f\u00fcr alle Radsportbegeisterten. Von Rennr\u00e4dern bis zu Mountainbikes - finden Sie heute Ihren perfekten Wegbegleiter!\" \/>\n<meta property=\"og:url\" content=\"https:\/\/kgerad.de\/en\/product\/park-tool-shx-1-gleithammer-auszieher\/\" \/>\n<meta property=\"og:site_name\" content=\"kgerad.de\" \/>\n<meta property=\"article:modified_time\" content=\"2023-08-10T17:12:20+00:00\" \/>\n<meta property=\"og:image\" content=\"https:\/\/kgerad.de\/wp-content\/uploads\/2023\/06\/Park-Tool-Gleithammer-Auszieher-SHX-1_001_800x800-0.jpg\" \/>\n\t<meta property=\"og:image:width\" content=\"800\" \/>\n\t<meta property=\"og:image:height\" content=\"714\" \/>\n\t<meta property=\"og:image:type\" content=\"image\/jpeg\" \/>\n<meta name=\"twitter:card\" content=\"summary_large_image\" \/>\n<meta name=\"twitter:label1\" content=\"Est. reading time\" \/>\n\t<meta name=\"twitter:data1\" content=\"1 minute\" \/>\n<script type=\"application\/ld+json\" class=\"yoast-schema-graph\">{\"@context\":\"https:\/\/schema.org\",\"@graph\":[{\"@type\":\"WebPage\",\"@id\":\"https:\/\/kgerad.de\/produkt\/park-tool-shx-1-gleithammer-auszieher\/\",\"url\":\"https:\/\/kgerad.de\/produkt\/park-tool-shx-1-gleithammer-auszieher\/\",\"name\":\"Park Tool SHX-1 Gleithammer-Auszieher\",\"isPartOf\":{\"@id\":\"https:\/\/kgerad.de\/#website\"},\"primaryImageOfPage\":{\"@id\":\"https:\/\/kgerad.de\/produkt\/park-tool-shx-1-gleithammer-auszieher\/#primaryimage\"},\"image\":{\"@id\":\"https:\/\/kgerad.de\/produkt\/park-tool-shx-1-gleithammer-auszieher\/#primaryimage\"},\"thumbnailUrl\":\"https:\/\/kgerad.de\/wp-content\/uploads\/2023\/06\/Park-Tool-Gleithammer-Auszieher-SHX-1_001_800x800-0.jpg\",\"datePublished\":\"2022-12-08T15:55:30+00:00\",\"dateModified\":\"2023-08-10T17:12:20+00:00\",\"description\":\"kgerad.de bietet Ihnen das Park Tool SHX-1 Gleithammer-Auszieher zum besten Preis mit kostenlosem Versand in ganz Europa und mit sicherer Zahlung\",\"breadcrumb\":{\"@id\":\"https:\/\/kgerad.de\/produkt\/park-tool-shx-1-gleithammer-auszieher\/#breadcrumb\"},\"inLanguage\":\"en-US\",\"potentialAction\":[{\"@type\":\"ReadAction\",\"target\":[\"https:\/\/kgerad.de\/produkt\/park-tool-shx-1-gleithammer-auszieher\/\"]}]},{\"@type\":\"ImageObject\",\"inLanguage\":\"en-US\",\"@id\":\"https:\/\/kgerad.de\/produkt\/park-tool-shx-1-gleithammer-auszieher\/#primaryimage\",\"url\":\"https:\/\/kgerad.de\/wp-content\/uploads\/2023\/06\/Park-Tool-Gleithammer-Auszieher-SHX-1_001_800x800-0.jpg\",\"contentUrl\":\"https:\/\/kgerad.de\/wp-content\/uploads\/2023\/06\/Park-Tool-Gleithammer-Auszieher-SHX-1_001_800x800-0.jpg\",\"width\":800,\"height\":714,\"caption\":\"Park Tool SHX-1 Gleithammer-Auszieher\"},{\"@type\":\"BreadcrumbList\",\"@id\":\"https:\/\/kgerad.de\/produkt\/park-tool-shx-1-gleithammer-auszieher\/#breadcrumb\",\"itemListElement\":[{\"@type\":\"ListItem\",\"position\":1,\"name\":\"Startseite\",\"item\":\"https:\/\/kgerad.de\/\"},{\"@type\":\"ListItem\",\"position\":2,\"name\":\"LADEN\",\"item\":\"https:\/\/kgerad.de\/laden\/\"},{\"@type\":\"ListItem\",\"position\":3,\"name\":\"Park Tool SHX-1 Gleithammer-Auszieher\"}]},{\"@type\":\"WebSite\",\"@id\":\"https:\/\/kgerad.de\/#website\",\"url\":\"https:\/\/kgerad.de\/\",\"name\":\"kgerad.de\",\"description\":\"Treten Sie mit uns ins Abenteuer!\",\"publisher\":{\"@id\":\"https:\/\/kgerad.de\/#organization\"},\"alternateName\":\"MEIN RADLADEN\",\"potentialAction\":[{\"@type\":\"SearchAction\",\"target\":{\"@type\":\"EntryPoint\",\"urlTemplate\":\"https:\/\/kgerad.de\/?s={search_term_string}\"},\"query-input\":{\"@type\":\"PropertyValueSpecification\",\"valueRequired\":true,\"valueName\":\"search_term_string\"}}],\"inLanguage\":\"en-US\"},{\"@type\":\"Organization\",\"@id\":\"https:\/\/kgerad.de\/#organization\",\"name\":\"MEINRADLADEN\",\"alternateName\":\"MEIN RADLADEN\",\"url\":\"https:\/\/kgerad.de\/\",\"logo\":{\"@type\":\"ImageObject\",\"inLanguage\":\"en-US\",\"@id\":\"https:\/\/kgerad.de\/#\/schema\/logo\/image\/\",\"url\":\"https:\/\/kgerad.de\/wp-content\/uploads\/2025\/07\/logo-Whit.svg\",\"contentUrl\":\"https:\/\/kgerad.de\/wp-content\/uploads\/2025\/07\/logo-Whit.svg\",\"width\":1640,\"height\":371,\"caption\":\"MEINRADLADEN\"},\"image\":{\"@id\":\"https:\/\/kgerad.de\/#\/schema\/logo\/image\/\"}}]}<\/script>\n<!-- \/ Yoast SEO Premium plugin. -->","yoast_head_json":{"title":"Park Tool SHX-1 Gleithammer-Auszieher","description":"kgerad.de bietet Ihnen das Park Tool SHX-1 Gleithammer-Auszieher zum besten Preis mit kostenlosem Versand in ganz Europa und mit sicherer Zahlung","robots":{"index":"index","follow":"follow","max-snippet":"max-snippet:-1","max-image-preview":"max-image-preview:large","max-video-preview":"max-video-preview:-1"},"canonical":"https:\/\/kgerad.de\/en\/product\/park-tool-shx-1-gleithammer-auszieher\/","og_locale":"en_US","og_type":"article","og_title":"Park Tool SHX-1 Gleithammer-Auszieher","og_description":"Entdecken Sie unseren Online-Fahrradladen: Gro\u00dfe Auswahl an Modellen f\u00fcr alle Radsportbegeisterten. Von Rennr\u00e4dern bis zu Mountainbikes - finden Sie heute Ihren perfekten Wegbegleiter!","og_url":"https:\/\/kgerad.de\/en\/product\/park-tool-shx-1-gleithammer-auszieher\/","og_site_name":"kgerad.de","article_modified_time":"2023-08-10T17:12:20+00:00","og_image":[{"width":800,"height":714,"url":"https:\/\/kgerad.de\/wp-content\/uploads\/2023\/06\/Park-Tool-Gleithammer-Auszieher-SHX-1_001_800x800-0.jpg","type":"image\/jpeg"}],"twitter_card":"summary_large_image","twitter_misc":{"Est. reading time":"1 minute"},"schema":{"@context":"https:\/\/schema.org","@graph":[{"@type":"WebPage","@id":"https:\/\/kgerad.de\/produkt\/park-tool-shx-1-gleithammer-auszieher\/","url":"https:\/\/kgerad.de\/produkt\/park-tool-shx-1-gleithammer-auszieher\/","name":"Park Tool SHX-1 Gleithammer-Auszieher","isPartOf":{"@id":"https:\/\/kgerad.de\/#website"},"primaryImageOfPage":{"@id":"https:\/\/kgerad.de\/produkt\/park-tool-shx-1-gleithammer-auszieher\/#primaryimage"},"image":{"@id":"https:\/\/kgerad.de\/produkt\/park-tool-shx-1-gleithammer-auszieher\/#primaryimage"},"thumbnailUrl":"https:\/\/kgerad.de\/wp-content\/uploads\/2023\/06\/Park-Tool-Gleithammer-Auszieher-SHX-1_001_800x800-0.jpg","datePublished":"2022-12-08T15:55:30+00:00","dateModified":"2023-08-10T17:12:20+00:00","description":"kgerad.de bietet Ihnen das Park Tool SHX-1 Gleithammer-Auszieher zum besten Preis mit kostenlosem Versand in ganz Europa und mit sicherer Zahlung","breadcrumb":{"@id":"https:\/\/kgerad.de\/produkt\/park-tool-shx-1-gleithammer-auszieher\/#breadcrumb"},"inLanguage":"en-US","potentialAction":[{"@type":"ReadAction","target":["https:\/\/kgerad.de\/produkt\/park-tool-shx-1-gleithammer-auszieher\/"]}]},{"@type":"ImageObject","inLanguage":"en-US","@id":"https:\/\/kgerad.de\/produkt\/park-tool-shx-1-gleithammer-auszieher\/#primaryimage","url":"https:\/\/kgerad.de\/wp-content\/uploads\/2023\/06\/Park-Tool-Gleithammer-Auszieher-SHX-1_001_800x800-0.jpg","contentUrl":"https:\/\/kgerad.de\/wp-content\/uploads\/2023\/06\/Park-Tool-Gleithammer-Auszieher-SHX-1_001_800x800-0.jpg","width":800,"height":714,"caption":"Park Tool SHX-1 Gleithammer-Auszieher"},{"@type":"BreadcrumbList","@id":"https:\/\/kgerad.de\/produkt\/park-tool-shx-1-gleithammer-auszieher\/#breadcrumb","itemListElement":[{"@type":"ListItem","position":1,"name":"Startseite","item":"https:\/\/kgerad.de\/"},{"@type":"ListItem","position":2,"name":"LADEN","item":"https:\/\/kgerad.de\/laden\/"},{"@type":"ListItem","position":3,"name":"Park Tool SHX-1 Gleithammer-Auszieher"}]},{"@type":"WebSite","@id":"https:\/\/kgerad.de\/#website","url":"https:\/\/kgerad.de\/","name":"kgerad.de","description":"Treten Sie mit uns ins Abenteuer!","publisher":{"@id":"https:\/\/kgerad.de\/#organization"},"alternateName":"MEIN RADLADEN","potentialAction":[{"@type":"SearchAction","target":{"@type":"EntryPoint","urlTemplate":"https:\/\/kgerad.de\/?s={search_term_string}"},"query-input":{"@type":"PropertyValueSpecification","valueRequired":true,"valueName":"search_term_string"}}],"inLanguage":"en-US"},{"@type":"Organization","@id":"https:\/\/kgerad.de\/#organization","name":"MEINRADLADEN","alternateName":"MEIN RADLADEN","url":"https:\/\/kgerad.de\/","logo":{"@type":"ImageObject","inLanguage":"en-US","@id":"https:\/\/kgerad.de\/#\/schema\/logo\/image\/","url":"https:\/\/kgerad.de\/wp-content\/uploads\/2025\/07\/logo-Whit.svg","contentUrl":"https:\/\/kgerad.de\/wp-content\/uploads\/2025\/07\/logo-Whit.svg","width":1640,"height":371,"caption":"MEINRADLADEN"},"image":{"@id":"https:\/\/kgerad.de\/#\/schema\/logo\/image\/"}}]}},"_links":{"self":[{"href":"https:\/\/kgerad.de\/en\/wp-json\/wp\/v2\/product\/48912","targetHints":{"allow":["GET"]}}],"collection":[{"href":"https:\/\/kgerad.de\/en\/wp-json\/wp\/v2\/product"}],"about":[{"href":"https:\/\/kgerad.de\/en\/wp-json\/wp\/v2\/types\/product"}],"replies":[{"embeddable":true,"href":"https:\/\/kgerad.de\/en\/wp-json\/wp\/v2\/comments?post=48912"}],"version-history":[{"count":1,"href":"https:\/\/kgerad.de\/en\/wp-json\/wp\/v2\/product\/48912\/revisions"}],"predecessor-version":[{"id":78678,"href":"https:\/\/kgerad.de\/en\/wp-json\/wp\/v2\/product\/48912\/revisions\/78678"}],"wp:featuredmedia":[{"embeddable":true,"href":"https:\/\/kgerad.de\/en\/wp-json\/wp\/v2\/media\/64918"}],"wp:attachment":[{"href":"https:\/\/kgerad.de\/en\/wp-json\/wp\/v2\/media?parent=48912"}],"wp:term":[{"taxonomy":"product_brand","embeddable":true,"href":"https:\/\/kgerad.de\/en\/wp-json\/wp\/v2\/product_brand?post=48912"},{"taxonomy":"product_cat","embeddable":true,"href":"https:\/\/kgerad.de\/en\/wp-json\/wp\/v2\/product_cat?post=48912"},{"taxonomy":"product_tag","embeddable":true,"href":"https:\/\/kgerad.de\/en\/wp-json\/wp\/v2\/product_tag?post=48912"}],"curies":[{"name":"wp","href":"https:\/\/api.w.org\/{rel}","templated":true}]}}