{"id":48902,"date":"2022-12-08T16:31:06","date_gmt":"2022-12-08T15:31:06","guid":{"rendered":"https:\/\/kgerad.de\/?post_type=product&#038;p=48902"},"modified":"2023-08-10T19:12:58","modified_gmt":"2023-08-10T17:12:58","slug":"park-tool-pk-5-professional-tool-kit","status":"publish","type":"product","link":"https:\/\/kgerad.de\/en\/product\/park-tool-pk-5-professional-tool-kit\/","title":{"rendered":"Park Tool PK-5 Professional Tool Kit"},"content":{"rendered":"<h2 class=\"product--title\"><strong>Park Tool<\/strong>\u00a0PK-5 Professional Tool Kit<\/h2>\n<p>Das Park Tool PK-5 enth\u00e4lt \u00fcber 90 von <a href=\"http:\/\/1-1\">Park<\/a> Tools besten Werkstattwerkzeugen, die unter dem Gesichtspunkt der Vielseitigkeit ausgew\u00e4hlt wurden. Das Set erm\u00f6glicht, eine Profi-Werkbank ideal auszustatten oder sich daheim eine Traumwerkstatt einzurichten. Das PK-5 ist ein beeindruckender, professioneller Satz von Spezialwerkzeugen, mit dem du hunderte von Fahrradreparaturen und -wartungen durchf\u00fchren kannst. Eine Investition, die du jahrzehntelang nutzen und sch\u00e4tzen wirst.<\/p>\n<hr \/>\n<h3>Produkteigenschaften &#8211; Park Tool PK-5 Professional Tool Kit<\/h3>\n<ul>\n<li><strong>ATD-1.2<\/strong>\u00a0Einstellbarer Drehmomentschl\u00fcssel &#8211; 4 bis 6 Nm<\/li>\n<li><strong>AWS-1<\/strong>\u00a03-facher Sechskantschl\u00fcssel &#8211; 4 mm\/5 mm\/6 mm<\/li>\n<li><strong>AWS-3<\/strong>\u00a03-facher Sechskantschl\u00fcssel &#8211; 2 mm\/2,5 mm\/3 mm<\/li>\n<li><strong>BBT-10.2<\/strong>\u00a0Einstellkappenwerkzeug &#8211; Shimano\u00ae Hollowtech II\u00ae<\/li>\n<li><strong>BBT-22<\/strong>\u00a0Tretlagerwerkzeug &#8211; 20-Spline<\/li>\n<li><strong>BBT-69.2<\/strong>\u00a0Tretlagerwerkzeug &#8211; 16-Kerbe 44mm OD<\/li>\n<li><strong>BO-2<\/strong>\u00a0Flaschen\u00f6ffner<\/li>\n<li><strong>CBW-1<\/strong>\u00a0Metrischer Schraubenschl\u00fcssel &#8211; 8mm\/10mm<\/li>\n<li><strong>CBW-4<\/strong>\u00a0Metrischer Schraubenschl\u00fcssel &#8211; 9mm\/11mm<\/li>\n<li><strong>CC-4<\/strong>\u00a0Kettenpr\u00fcfer<\/li>\n<li><strong>CN-10<\/strong>\u00a0Professioneller Kabel- und H\u00fcllenschneider<\/li>\n<li><strong>CNW-2<\/strong>\u00a0Kettenblattmutterschl\u00fcssel<\/li>\n<li><strong>CP-1.2<\/strong>\u00a0Kassettenzange<\/li>\n<li><strong>CT-3.3<\/strong>\u00a0Kettennieter<\/li>\n<li><strong>CWP-7<\/strong>\u00a0Kompakter Universal-Kurbelabzieher<\/li>\n<li><strong>DAG-2.2<\/strong>\u00a0Schaltaugen-Ausrichtlehre<\/li>\n<li><strong>DH-1<\/strong>\u00a0Dummy-Nabe<\/li>\n<li><strong>DP-2<\/strong>\u00a0Dummy-Pedal mit Gewinde<\/li>\n<li><strong>DSD-2<\/strong>\u00a0Umwerfer-Schraubendreher<\/li>\n<li><strong>DSD-4<\/strong>\u00a0Umwerfer-Schraubendreher<\/li>\n<li><strong>DT-2<\/strong>\u00a0Bremsscheiben-Einstellgabel<\/li>\n<li><strong>FR-5.2H<\/strong>\u00a0Kassettenring-Werkzeug mit Handgriff<\/li>\n<li><strong>GSC-1<\/strong>\u00a0GearClean\u2122-B\u00fcrste<\/li>\n<li><strong>HMR-8<\/strong>\u00a08 oz. Werkstatthammer<\/li>\n<li><strong>HXS-1.2<\/strong>\u00a0Professioneller L-f\u00f6rmiger Sechskantschl\u00fcssel-Satz<\/li>\n<li><strong>MLP-1.2<\/strong>\u00a0Hauptgliederzange<\/li>\n<li><strong>NP-6<\/strong>\u00a0Nadelzange<\/li>\n<li><strong>PAW-6<\/strong>\u00a0Verstellbarer 6-Zoll-Schl\u00fcssel<\/li>\n<li><strong>PH-1.2<\/strong>\u00a0P-Griff Sechskantschl\u00fcssel-Satz<\/li>\n<li><strong>PW-4<\/strong>\u00a0Professioneller Pedalschl\u00fcssel<\/li>\n<li><strong>RR-12<\/strong>\u00a0Ma\u00dfband<\/li>\n<li><strong>SBC-1<\/strong>\u00a0Speichen-, Lager- und Splintlehre<\/li>\n<li><strong>SBS-1. 2<\/strong>\u00a0Steckschl\u00fcssel- und Bit-Satz<\/li>\n<li><strong>SCW-13<\/strong>\u00a013-mm-Werkstattkonusschl\u00fcssel<\/li>\n<li><strong>SCW-14<\/strong>\u00a014-mm-Werkstattkonusschl\u00fcssel<\/li>\n<li><strong>SCW-15<\/strong>\u00a015-mm-Werkstattkonusschl\u00fcssel<\/li>\n<li><strong>SCW-16<\/strong>\u00a016-mm-Werkstattkonusschl\u00fcssel<\/li>\n<li><strong>SCW-17<\/strong>\u00a017-mm-Werkstattkonusschl\u00fcssel<\/li>\n<li><strong>SCW-18<\/strong>\u00a018-mm-Werkstattkonusschl\u00fcssel<\/li>\n<li><strong>SCW-19<\/strong>\u00a019-mm-Werkstattkonusschl\u00fcssel<\/li>\n<li><strong>SP-7<\/strong>\u00a0Seitenschneiderzange<\/li>\n<li><strong>SW-0<\/strong>\u00a0Speichenschl\u00fcssel<\/li>\n<li><strong>SW-2<\/strong>\u00a0Speichenschl\u00fcssel<\/li>\n<li><strong>SWR-8<\/strong>\u00a03\/8&#8243;\u00a0Ratschengriff<\/li>\n<li><strong>SZR-1<\/strong>\u00a0Schere<\/li>\n<li><strong>TL-1. 2<\/strong>\u00a0Reifenhebersatz<\/li>\n<li><strong>TL-4.2<\/strong>\u00a0Reifenhebersatz<\/li>\n<li><strong>TL-6.2<\/strong>\u00a0Stahlkern-Reifenheber<\/li>\n<li><strong>TWS-1<\/strong>\u00a0Torx\u00ae-kompatibler Schraubenschl\u00fcsselsatz<\/li>\n<li><strong>UP-SET<\/strong>\u00a0Utility Pick Set<\/li>\n<li><strong>VC-1<\/strong>\u00a0Ventileinsatz-Werkzeug<\/li>\n<li><strong>ZP-5<\/strong>\u00a0B\u00fcndigschneidezange<\/li>\n<\/ul>\n<h3>Gewicht<\/h3>\n<ul>\n<li>ca. 11,5 kg (Herstellerangabe)<\/li>\n<\/ul>\n<hr \/>\n<h3>Lieferumfang<\/h3>\n<ul>\n<li>1 x Park Tool PK-5 Professional Tool Kit<\/li>\n<\/ul>\n<hr \/>\n<h3>PK-5 Professional Tool Kit<\/h3>\n<p><iframe title=\"YouTube video player\" src=\"https:\/\/www.youtube-nocookie.com\/embed\/fA50G-zFh7M\" width=\"640\" height=\"360\" frameborder=\"0\" allowfullscreen=\"allowfullscreen\" data-mce-fragment=\"1\"><\/iframe><\/p>","protected":false},"excerpt":{"rendered":"<p>Park Tool\u00a0PK-5 Professional Tool Kit Das Park Tool PK-5 enth\u00e4lt \u00fcber 90 von Park Tools besten Werkstattwerkzeugen, die unter dem<\/p>","protected":false},"featured_media":64914,"comment_status":"open","ping_status":"closed","template":"","meta":[],"product_brand":[],"product_cat":[673,573],"product_tag":[],"class_list":{"0":"post-48902","1":"product","2":"type-product","3":"status-publish","4":"has-post-thumbnail","6":"product_cat-werkzeug-wartung","7":"product_cat-zubehor","8":"pa_marke-park","10":"first","11":"instock","12":"sale","13":"taxable","14":"shipping-taxable","15":"purchasable","16":"product-type-simple"},"yoast_head":"<!-- This site is optimized with the Yoast SEO Premium plugin v20.12 (Yoast SEO v27.1.1) - https:\/\/yoast.com\/product\/yoast-seo-premium-wordpress\/ -->\n<title>Park Tool PK-5 Professional Tool Kit<\/title>\n<meta name=\"description\" content=\"Entdecken Sie unseren Online-Fahrradladen: Gro\u00dfe Auswahl an Modellen f\u00fcr alle Radsportbegeisterten. Von Rennr\u00e4dern bis zu Mountainbikes - finden Sie heute Ihren perfekten Wegbegleiter!\" \/>\n<meta name=\"robots\" content=\"index, follow, max-snippet:-1, max-image-preview:large, max-video-preview:-1\" \/>\n<link rel=\"canonical\" href=\"https:\/\/kgerad.de\/en\/product\/park-tool-pk-5-professional-tool-kit\/\" \/>\n<meta property=\"og:locale\" content=\"en_US\" \/>\n<meta property=\"og:type\" content=\"article\" \/>\n<meta property=\"og:title\" content=\"Park Tool PK-5 Professional Tool Kit\" \/>\n<meta property=\"og:description\" content=\"Entdecken Sie unseren Online-Fahrradladen: Gro\u00dfe Auswahl an Modellen f\u00fcr alle Radsportbegeisterten. Von Rennr\u00e4dern bis zu Mountainbikes - finden Sie heute Ihren perfekten Wegbegleiter!\" \/>\n<meta property=\"og:url\" content=\"https:\/\/kgerad.de\/en\/product\/park-tool-pk-5-professional-tool-kit\/\" \/>\n<meta property=\"og:site_name\" content=\"kgerad.de\" \/>\n<meta property=\"article:modified_time\" content=\"2023-08-10T17:12:58+00:00\" \/>\n<meta property=\"og:image\" content=\"https:\/\/kgerad.de\/wp-content\/uploads\/2023\/06\/Park-Tool-PK-5-Professional-Tool-Kit-PK-5_800x800-0.jpg\" \/>\n\t<meta property=\"og:image:width\" content=\"800\" \/>\n\t<meta property=\"og:image:height\" content=\"417\" \/>\n\t<meta property=\"og:image:type\" content=\"image\/jpeg\" \/>\n<meta name=\"twitter:card\" content=\"summary_large_image\" \/>\n<meta name=\"twitter:label1\" content=\"Est. reading time\" \/>\n\t<meta name=\"twitter:data1\" content=\"2 minutes\" \/>\n<script type=\"application\/ld+json\" class=\"yoast-schema-graph\">{\"@context\":\"https:\/\/schema.org\",\"@graph\":[{\"@type\":\"WebPage\",\"@id\":\"https:\/\/kgerad.de\/produkt\/park-tool-pk-5-professional-tool-kit\/\",\"url\":\"https:\/\/kgerad.de\/produkt\/park-tool-pk-5-professional-tool-kit\/\",\"name\":\"Park Tool PK-5 Professional Tool Kit\",\"isPartOf\":{\"@id\":\"https:\/\/kgerad.de\/#website\"},\"primaryImageOfPage\":{\"@id\":\"https:\/\/kgerad.de\/produkt\/park-tool-pk-5-professional-tool-kit\/#primaryimage\"},\"image\":{\"@id\":\"https:\/\/kgerad.de\/produkt\/park-tool-pk-5-professional-tool-kit\/#primaryimage\"},\"thumbnailUrl\":\"https:\/\/kgerad.de\/wp-content\/uploads\/2023\/06\/Park-Tool-PK-5-Professional-Tool-Kit-PK-5_800x800-0.jpg\",\"datePublished\":\"2022-12-08T15:31:06+00:00\",\"dateModified\":\"2023-08-10T17:12:58+00:00\",\"description\":\"Entdecken Sie unseren Online-Fahrradladen: Gro\u00dfe Auswahl an Modellen f\u00fcr alle Radsportbegeisterten. Von Rennr\u00e4dern bis zu Mountainbikes - finden Sie heute Ihren perfekten Wegbegleiter!\",\"breadcrumb\":{\"@id\":\"https:\/\/kgerad.de\/produkt\/park-tool-pk-5-professional-tool-kit\/#breadcrumb\"},\"inLanguage\":\"en-US\",\"potentialAction\":[{\"@type\":\"ReadAction\",\"target\":[\"https:\/\/kgerad.de\/produkt\/park-tool-pk-5-professional-tool-kit\/\"]}]},{\"@type\":\"ImageObject\",\"inLanguage\":\"en-US\",\"@id\":\"https:\/\/kgerad.de\/produkt\/park-tool-pk-5-professional-tool-kit\/#primaryimage\",\"url\":\"https:\/\/kgerad.de\/wp-content\/uploads\/2023\/06\/Park-Tool-PK-5-Professional-Tool-Kit-PK-5_800x800-0.jpg\",\"contentUrl\":\"https:\/\/kgerad.de\/wp-content\/uploads\/2023\/06\/Park-Tool-PK-5-Professional-Tool-Kit-PK-5_800x800-0.jpg\",\"width\":800,\"height\":417,\"caption\":\"Park Tool PK-5 Professional Tool Kit\"},{\"@type\":\"BreadcrumbList\",\"@id\":\"https:\/\/kgerad.de\/produkt\/park-tool-pk-5-professional-tool-kit\/#breadcrumb\",\"itemListElement\":[{\"@type\":\"ListItem\",\"position\":1,\"name\":\"Startseite\",\"item\":\"https:\/\/kgerad.de\/\"},{\"@type\":\"ListItem\",\"position\":2,\"name\":\"LADEN\",\"item\":\"https:\/\/kgerad.de\/laden\/\"},{\"@type\":\"ListItem\",\"position\":3,\"name\":\"Park Tool PK-5 Professional Tool Kit\"}]},{\"@type\":\"WebSite\",\"@id\":\"https:\/\/kgerad.de\/#website\",\"url\":\"https:\/\/kgerad.de\/\",\"name\":\"kgerad.de\",\"description\":\"Treten Sie mit uns ins Abenteuer!\",\"publisher\":{\"@id\":\"https:\/\/kgerad.de\/#organization\"},\"alternateName\":\"MEIN RADLADEN\",\"potentialAction\":[{\"@type\":\"SearchAction\",\"target\":{\"@type\":\"EntryPoint\",\"urlTemplate\":\"https:\/\/kgerad.de\/?s={search_term_string}\"},\"query-input\":{\"@type\":\"PropertyValueSpecification\",\"valueRequired\":true,\"valueName\":\"search_term_string\"}}],\"inLanguage\":\"en-US\"},{\"@type\":\"Organization\",\"@id\":\"https:\/\/kgerad.de\/#organization\",\"name\":\"MEINRADLADEN\",\"alternateName\":\"MEIN RADLADEN\",\"url\":\"https:\/\/kgerad.de\/\",\"logo\":{\"@type\":\"ImageObject\",\"inLanguage\":\"en-US\",\"@id\":\"https:\/\/kgerad.de\/#\/schema\/logo\/image\/\",\"url\":\"https:\/\/kgerad.de\/wp-content\/uploads\/2025\/07\/logo-Whit.svg\",\"contentUrl\":\"https:\/\/kgerad.de\/wp-content\/uploads\/2025\/07\/logo-Whit.svg\",\"width\":1640,\"height\":371,\"caption\":\"MEINRADLADEN\"},\"image\":{\"@id\":\"https:\/\/kgerad.de\/#\/schema\/logo\/image\/\"}}]}<\/script>\n<!-- \/ Yoast SEO Premium plugin. -->","yoast_head_json":{"title":"Park Tool PK-5 Professional Tool Kit","description":"Entdecken Sie unseren Online-Fahrradladen: Gro\u00dfe Auswahl an Modellen f\u00fcr alle Radsportbegeisterten. Von Rennr\u00e4dern bis zu Mountainbikes - finden Sie heute Ihren perfekten Wegbegleiter!","robots":{"index":"index","follow":"follow","max-snippet":"max-snippet:-1","max-image-preview":"max-image-preview:large","max-video-preview":"max-video-preview:-1"},"canonical":"https:\/\/kgerad.de\/en\/product\/park-tool-pk-5-professional-tool-kit\/","og_locale":"en_US","og_type":"article","og_title":"Park Tool PK-5 Professional Tool Kit","og_description":"Entdecken Sie unseren Online-Fahrradladen: Gro\u00dfe Auswahl an Modellen f\u00fcr alle Radsportbegeisterten. Von Rennr\u00e4dern bis zu Mountainbikes - finden Sie heute Ihren perfekten Wegbegleiter!","og_url":"https:\/\/kgerad.de\/en\/product\/park-tool-pk-5-professional-tool-kit\/","og_site_name":"kgerad.de","article_modified_time":"2023-08-10T17:12:58+00:00","og_image":[{"width":800,"height":417,"url":"https:\/\/kgerad.de\/wp-content\/uploads\/2023\/06\/Park-Tool-PK-5-Professional-Tool-Kit-PK-5_800x800-0.jpg","type":"image\/jpeg"}],"twitter_card":"summary_large_image","twitter_misc":{"Est. reading time":"2 minutes"},"schema":{"@context":"https:\/\/schema.org","@graph":[{"@type":"WebPage","@id":"https:\/\/kgerad.de\/produkt\/park-tool-pk-5-professional-tool-kit\/","url":"https:\/\/kgerad.de\/produkt\/park-tool-pk-5-professional-tool-kit\/","name":"Park Tool PK-5 Professional Tool Kit","isPartOf":{"@id":"https:\/\/kgerad.de\/#website"},"primaryImageOfPage":{"@id":"https:\/\/kgerad.de\/produkt\/park-tool-pk-5-professional-tool-kit\/#primaryimage"},"image":{"@id":"https:\/\/kgerad.de\/produkt\/park-tool-pk-5-professional-tool-kit\/#primaryimage"},"thumbnailUrl":"https:\/\/kgerad.de\/wp-content\/uploads\/2023\/06\/Park-Tool-PK-5-Professional-Tool-Kit-PK-5_800x800-0.jpg","datePublished":"2022-12-08T15:31:06+00:00","dateModified":"2023-08-10T17:12:58+00:00","description":"Entdecken Sie unseren Online-Fahrradladen: Gro\u00dfe Auswahl an Modellen f\u00fcr alle Radsportbegeisterten. Von Rennr\u00e4dern bis zu Mountainbikes - finden Sie heute Ihren perfekten Wegbegleiter!","breadcrumb":{"@id":"https:\/\/kgerad.de\/produkt\/park-tool-pk-5-professional-tool-kit\/#breadcrumb"},"inLanguage":"en-US","potentialAction":[{"@type":"ReadAction","target":["https:\/\/kgerad.de\/produkt\/park-tool-pk-5-professional-tool-kit\/"]}]},{"@type":"ImageObject","inLanguage":"en-US","@id":"https:\/\/kgerad.de\/produkt\/park-tool-pk-5-professional-tool-kit\/#primaryimage","url":"https:\/\/kgerad.de\/wp-content\/uploads\/2023\/06\/Park-Tool-PK-5-Professional-Tool-Kit-PK-5_800x800-0.jpg","contentUrl":"https:\/\/kgerad.de\/wp-content\/uploads\/2023\/06\/Park-Tool-PK-5-Professional-Tool-Kit-PK-5_800x800-0.jpg","width":800,"height":417,"caption":"Park Tool PK-5 Professional Tool Kit"},{"@type":"BreadcrumbList","@id":"https:\/\/kgerad.de\/produkt\/park-tool-pk-5-professional-tool-kit\/#breadcrumb","itemListElement":[{"@type":"ListItem","position":1,"name":"Startseite","item":"https:\/\/kgerad.de\/"},{"@type":"ListItem","position":2,"name":"LADEN","item":"https:\/\/kgerad.de\/laden\/"},{"@type":"ListItem","position":3,"name":"Park Tool PK-5 Professional Tool Kit"}]},{"@type":"WebSite","@id":"https:\/\/kgerad.de\/#website","url":"https:\/\/kgerad.de\/","name":"kgerad.de","description":"Treten Sie mit uns ins Abenteuer!","publisher":{"@id":"https:\/\/kgerad.de\/#organization"},"alternateName":"MEIN RADLADEN","potentialAction":[{"@type":"SearchAction","target":{"@type":"EntryPoint","urlTemplate":"https:\/\/kgerad.de\/?s={search_term_string}"},"query-input":{"@type":"PropertyValueSpecification","valueRequired":true,"valueName":"search_term_string"}}],"inLanguage":"en-US"},{"@type":"Organization","@id":"https:\/\/kgerad.de\/#organization","name":"MEINRADLADEN","alternateName":"MEIN RADLADEN","url":"https:\/\/kgerad.de\/","logo":{"@type":"ImageObject","inLanguage":"en-US","@id":"https:\/\/kgerad.de\/#\/schema\/logo\/image\/","url":"https:\/\/kgerad.de\/wp-content\/uploads\/2025\/07\/logo-Whit.svg","contentUrl":"https:\/\/kgerad.de\/wp-content\/uploads\/2025\/07\/logo-Whit.svg","width":1640,"height":371,"caption":"MEINRADLADEN"},"image":{"@id":"https:\/\/kgerad.de\/#\/schema\/logo\/image\/"}}]}},"_links":{"self":[{"href":"https:\/\/kgerad.de\/en\/wp-json\/wp\/v2\/product\/48902","targetHints":{"allow":["GET"]}}],"collection":[{"href":"https:\/\/kgerad.de\/en\/wp-json\/wp\/v2\/product"}],"about":[{"href":"https:\/\/kgerad.de\/en\/wp-json\/wp\/v2\/types\/product"}],"replies":[{"embeddable":true,"href":"https:\/\/kgerad.de\/en\/wp-json\/wp\/v2\/comments?post=48902"}],"version-history":[{"count":1,"href":"https:\/\/kgerad.de\/en\/wp-json\/wp\/v2\/product\/48902\/revisions"}],"predecessor-version":[{"id":78680,"href":"https:\/\/kgerad.de\/en\/wp-json\/wp\/v2\/product\/48902\/revisions\/78680"}],"wp:featuredmedia":[{"embeddable":true,"href":"https:\/\/kgerad.de\/en\/wp-json\/wp\/v2\/media\/64914"}],"wp:attachment":[{"href":"https:\/\/kgerad.de\/en\/wp-json\/wp\/v2\/media?parent=48902"}],"wp:term":[{"taxonomy":"product_brand","embeddable":true,"href":"https:\/\/kgerad.de\/en\/wp-json\/wp\/v2\/product_brand?post=48902"},{"taxonomy":"product_cat","embeddable":true,"href":"https:\/\/kgerad.de\/en\/wp-json\/wp\/v2\/product_cat?post=48902"},{"taxonomy":"product_tag","embeddable":true,"href":"https:\/\/kgerad.de\/en\/wp-json\/wp\/v2\/product_tag?post=48902"}],"curies":[{"name":"wp","href":"https:\/\/api.w.org\/{rel}","templated":true}]}}