{"id":48896,"date":"2022-12-08T16:18:26","date_gmt":"2022-12-08T15:18:26","guid":{"rendered":"https:\/\/kgerad.de\/?post_type=product&#038;p=48896"},"modified":"2023-08-10T19:13:15","modified_gmt":"2023-08-10T17:13:15","slug":"super-b-tb-pf-30-premium-zentrierstaender","status":"publish","type":"product","link":"https:\/\/kgerad.de\/en\/product\/super-b-tb-pf-30-premium-zentrierstaender\/","title":{"rendered":"Super B TB-PF 30 Premium Zentrierst\u00e4nder"},"content":{"rendered":"<div class=\"product--headername\">\n<h2 class=\"product--title\"><strong>Super B<\/strong> TB-PF 30 Premium Zentrierst\u00e4nder<\/h2>\n<\/div>\n<p>Der professionelle Super B TB-PF 30 von <a href=\"http:\/\/1-1\">SuperB<\/a> steht f\u00fcr h\u00f6chste Pr\u00e4zision. Geeignet f\u00fcr Laufr\u00e4der von 20 &#8211; 29&#8243;, \u00fcberzeugt der Zentrierst\u00e4nder aufgrund zwei analoger Messuhren mit einer Genauigkeit von jeweils 0,01mm. Die mitgelieferten Steckachsenadapter f\u00fcr 10 mm und 20 mm machen ihn vielseitig anwendbar f\u00fcr die meisten Laufr\u00e4der.<\/p>\n<p>Ebenfalls wird eine maximale Flexibilit\u00e4t durch frei verstellbare, extra lange Messarme gew\u00e4hrleistet. In seiner Multifunktionalit\u00e4t ist der Zentrierst\u00e4nder auch zur Seitenschlagsmessung von Bremsscheiben geeignet und zum optimalen Halt kann er auch an der Werkbank fest montiert werden.<\/p>\n<hr \/>\n<h4>Features &#8211; SuperB TB-PF30 Zentrierst\u00e4nder<\/h4>\n<ul>\n<li>Professioneller Zentrierst\u00e4nder f\u00fcr die Werkstatt<\/li>\n<li>Passend f\u00fcr Laufr\u00e4der von 20&#8243; bis 29&#8243;<\/li>\n<li>Zwei analoge Messuhren mit einer Genauigkeit von 0,01mm bieten eine pr\u00e4zise Zentrierung f\u00fcr das Vorder- und Hinterrad<\/li>\n<li>Allzweck-Messuhrarm zum Messen und Ausrichten von Laufr\u00e4dern in allen Winkeln und Positionen<\/li>\n<li>F\u00fcr die Seitenschlagsmessung von Bremsscheiben geeignet<\/li>\n<li>Leichtg\u00e4ngig und einfach zu bedienen<\/li>\n<li>Inklusive Messlineal<\/li>\n<\/ul>\n<h4>Produkteigenschaften<\/h4>\n<ul>\n<li><strong>SuperB Qualit\u00e4tsklasse:\u00a0<\/strong>Premium<\/li>\n<li><strong>Kompatibilit\u00e4t:<\/strong>\n<ul>\n<li><strong>Laufradgr\u00f6\u00dfe:<\/strong>\u00a020&#8243; bis 29&#8243;<\/li>\n<li><strong>Bremsscheiben Seitenschlagmessung:<\/strong>\u00a0Ja<\/li>\n<\/ul>\n<\/li>\n<li><strong>Messgenauigkeit:<\/strong>\u00a00,01mm<\/li>\n<li><strong>Messmethode:<\/strong>\u00a02 Anloge Messuhren<\/li>\n<li><strong>Max. Nabenbreite:<\/strong>\u00a0175mm<\/li>\n<\/ul>\n<h4>Material<\/h4>\n<ul>\n<li>Stahl und Aluminium<\/li>\n<\/ul>\n<h4>Farbe<\/h4>\n<ul>\n<li>black\/silver<\/li>\n<\/ul>\n<hr \/>\n<h4>Lieferumfang<strong><br \/>\n<\/strong><\/h4>\n<ul>\n<li>1 x SuperB TB-PF30 Premium Zentrierst\u00e4nder<\/li>\n<li>1 x Steckachsenadapter 10mm<\/li>\n<li>1 x Steckachsenadapter 20mm<\/li>\n<\/ul>\n<hr \/>\n<h4>SUPER B_TB-PF30_Professional wheel truing stand (W\/ dial indicator) (EN)<\/h4>\n<p><iframe title=\"YouTube video player\" src=\"https:\/\/www.youtube-nocookie.com\/embed\/xkgrmb50l7Q\" width=\"640\" height=\"360\" frameborder=\"0\" allowfullscreen=\"allowfullscreen\" data-mce-fragment=\"1\"><\/iframe><\/p>\n<div class=\"product--headername\">\n<h2 class=\"product--rating-container\"><\/h2>\n<\/div>\n<h2 class=\"image-slider--container\"><\/h2>","protected":false},"excerpt":{"rendered":"<p>Super B TB-PF 30 Premium Zentrierst\u00e4nder Der professionelle Super B TB-PF 30 von SuperB steht f\u00fcr h\u00f6chste Pr\u00e4zision. Geeignet f\u00fcr<\/p>","protected":false},"featured_media":64911,"comment_status":"open","ping_status":"closed","template":"","meta":[],"product_brand":[],"product_cat":[673,573],"product_tag":[],"class_list":{"0":"post-48896","1":"product","2":"type-product","3":"status-publish","4":"has-post-thumbnail","6":"product_cat-werkzeug-wartung","7":"product_cat-zubehor","8":"pa_marke-super-b","10":"first","11":"instock","12":"sale","13":"taxable","14":"shipping-taxable","15":"purchasable","16":"product-type-simple"},"yoast_head":"<!-- This site is optimized with the Yoast SEO Premium plugin v20.12 (Yoast SEO v27.1.1) - https:\/\/yoast.com\/product\/yoast-seo-premium-wordpress\/ -->\n<title>Super B TB-PF 30 Premium Zentrierst\u00e4nder<\/title>\n<meta name=\"description\" content=\"Entdecken Sie unseren Online-Fahrradladen: Gro\u00dfe Auswahl an Modellen f\u00fcr alle Radsportbegeisterten. Von Rennr\u00e4dern bis zu Mountainbikes - finden Sie heute Ihren perfekten Wegbegleiter!\" \/>\n<meta name=\"robots\" content=\"index, follow, max-snippet:-1, max-image-preview:large, max-video-preview:-1\" \/>\n<link rel=\"canonical\" href=\"https:\/\/kgerad.de\/en\/product\/super-b-tb-pf-30-premium-zentrierstaender\/\" \/>\n<meta property=\"og:locale\" content=\"en_US\" \/>\n<meta property=\"og:type\" content=\"article\" \/>\n<meta property=\"og:title\" content=\"Super B TB-PF 30 Premium Zentrierst\u00e4nder\" \/>\n<meta property=\"og:description\" content=\"Entdecken Sie unseren Online-Fahrradladen: Gro\u00dfe Auswahl an Modellen f\u00fcr alle Radsportbegeisterten. Von Rennr\u00e4dern bis zu Mountainbikes - finden Sie heute Ihren perfekten Wegbegleiter!\" \/>\n<meta property=\"og:url\" content=\"https:\/\/kgerad.de\/en\/product\/super-b-tb-pf-30-premium-zentrierstaender\/\" \/>\n<meta property=\"og:site_name\" content=\"kgerad.de\" \/>\n<meta property=\"article:modified_time\" content=\"2023-08-10T17:13:15+00:00\" \/>\n<meta property=\"og:image\" content=\"https:\/\/kgerad.de\/wp-content\/uploads\/2023\/06\/20114947-TB-PF-30-Premium-Zentrierstander-1_800x800.jpg\" \/>\n\t<meta property=\"og:image:width\" content=\"336\" \/>\n\t<meta property=\"og:image:height\" content=\"800\" \/>\n\t<meta property=\"og:image:type\" content=\"image\/jpeg\" \/>\n<meta name=\"twitter:card\" content=\"summary_large_image\" \/>\n<meta name=\"twitter:label1\" content=\"Est. reading time\" \/>\n\t<meta name=\"twitter:data1\" content=\"2 minutes\" \/>\n<script type=\"application\/ld+json\" class=\"yoast-schema-graph\">{\"@context\":\"https:\/\/schema.org\",\"@graph\":[{\"@type\":\"WebPage\",\"@id\":\"https:\/\/kgerad.de\/produkt\/super-b-tb-pf-30-premium-zentrierstaender\/\",\"url\":\"https:\/\/kgerad.de\/produkt\/super-b-tb-pf-30-premium-zentrierstaender\/\",\"name\":\"Super B TB-PF 30 Premium Zentrierst\u00e4nder\",\"isPartOf\":{\"@id\":\"https:\/\/kgerad.de\/#website\"},\"primaryImageOfPage\":{\"@id\":\"https:\/\/kgerad.de\/produkt\/super-b-tb-pf-30-premium-zentrierstaender\/#primaryimage\"},\"image\":{\"@id\":\"https:\/\/kgerad.de\/produkt\/super-b-tb-pf-30-premium-zentrierstaender\/#primaryimage\"},\"thumbnailUrl\":\"https:\/\/kgerad.de\/wp-content\/uploads\/2023\/06\/20114947-TB-PF-30-Premium-Zentrierstander-1_800x800.jpg\",\"datePublished\":\"2022-12-08T15:18:26+00:00\",\"dateModified\":\"2023-08-10T17:13:15+00:00\",\"description\":\"Entdecken Sie unseren Online-Fahrradladen: Gro\u00dfe Auswahl an Modellen f\u00fcr alle Radsportbegeisterten. Von Rennr\u00e4dern bis zu Mountainbikes - finden Sie heute Ihren perfekten Wegbegleiter!\",\"breadcrumb\":{\"@id\":\"https:\/\/kgerad.de\/produkt\/super-b-tb-pf-30-premium-zentrierstaender\/#breadcrumb\"},\"inLanguage\":\"en-US\",\"potentialAction\":[{\"@type\":\"ReadAction\",\"target\":[\"https:\/\/kgerad.de\/produkt\/super-b-tb-pf-30-premium-zentrierstaender\/\"]}]},{\"@type\":\"ImageObject\",\"inLanguage\":\"en-US\",\"@id\":\"https:\/\/kgerad.de\/produkt\/super-b-tb-pf-30-premium-zentrierstaender\/#primaryimage\",\"url\":\"https:\/\/kgerad.de\/wp-content\/uploads\/2023\/06\/20114947-TB-PF-30-Premium-Zentrierstander-1_800x800.jpg\",\"contentUrl\":\"https:\/\/kgerad.de\/wp-content\/uploads\/2023\/06\/20114947-TB-PF-30-Premium-Zentrierstander-1_800x800.jpg\",\"width\":336,\"height\":800,\"caption\":\"Super B TB-PF 30 Premium Zentrierst\u00e4nder\"},{\"@type\":\"BreadcrumbList\",\"@id\":\"https:\/\/kgerad.de\/produkt\/super-b-tb-pf-30-premium-zentrierstaender\/#breadcrumb\",\"itemListElement\":[{\"@type\":\"ListItem\",\"position\":1,\"name\":\"Startseite\",\"item\":\"https:\/\/kgerad.de\/\"},{\"@type\":\"ListItem\",\"position\":2,\"name\":\"LADEN\",\"item\":\"https:\/\/kgerad.de\/laden\/\"},{\"@type\":\"ListItem\",\"position\":3,\"name\":\"Super B TB-PF 30 Premium Zentrierst\u00e4nder\"}]},{\"@type\":\"WebSite\",\"@id\":\"https:\/\/kgerad.de\/#website\",\"url\":\"https:\/\/kgerad.de\/\",\"name\":\"kgerad.de\",\"description\":\"Treten Sie mit uns ins Abenteuer!\",\"publisher\":{\"@id\":\"https:\/\/kgerad.de\/#organization\"},\"alternateName\":\"MEIN RADLADEN\",\"potentialAction\":[{\"@type\":\"SearchAction\",\"target\":{\"@type\":\"EntryPoint\",\"urlTemplate\":\"https:\/\/kgerad.de\/?s={search_term_string}\"},\"query-input\":{\"@type\":\"PropertyValueSpecification\",\"valueRequired\":true,\"valueName\":\"search_term_string\"}}],\"inLanguage\":\"en-US\"},{\"@type\":\"Organization\",\"@id\":\"https:\/\/kgerad.de\/#organization\",\"name\":\"MEINRADLADEN\",\"alternateName\":\"MEIN RADLADEN\",\"url\":\"https:\/\/kgerad.de\/\",\"logo\":{\"@type\":\"ImageObject\",\"inLanguage\":\"en-US\",\"@id\":\"https:\/\/kgerad.de\/#\/schema\/logo\/image\/\",\"url\":\"https:\/\/kgerad.de\/wp-content\/uploads\/2025\/07\/logo-Whit.svg\",\"contentUrl\":\"https:\/\/kgerad.de\/wp-content\/uploads\/2025\/07\/logo-Whit.svg\",\"width\":1640,\"height\":371,\"caption\":\"MEINRADLADEN\"},\"image\":{\"@id\":\"https:\/\/kgerad.de\/#\/schema\/logo\/image\/\"}}]}<\/script>\n<!-- \/ Yoast SEO Premium plugin. -->","yoast_head_json":{"title":"Super B TB-PF 30 Premium Zentrierst\u00e4nder","description":"Entdecken Sie unseren Online-Fahrradladen: Gro\u00dfe Auswahl an Modellen f\u00fcr alle Radsportbegeisterten. Von Rennr\u00e4dern bis zu Mountainbikes - finden Sie heute Ihren perfekten Wegbegleiter!","robots":{"index":"index","follow":"follow","max-snippet":"max-snippet:-1","max-image-preview":"max-image-preview:large","max-video-preview":"max-video-preview:-1"},"canonical":"https:\/\/kgerad.de\/en\/product\/super-b-tb-pf-30-premium-zentrierstaender\/","og_locale":"en_US","og_type":"article","og_title":"Super B TB-PF 30 Premium Zentrierst\u00e4nder","og_description":"Entdecken Sie unseren Online-Fahrradladen: Gro\u00dfe Auswahl an Modellen f\u00fcr alle Radsportbegeisterten. Von Rennr\u00e4dern bis zu Mountainbikes - finden Sie heute Ihren perfekten Wegbegleiter!","og_url":"https:\/\/kgerad.de\/en\/product\/super-b-tb-pf-30-premium-zentrierstaender\/","og_site_name":"kgerad.de","article_modified_time":"2023-08-10T17:13:15+00:00","og_image":[{"width":336,"height":800,"url":"https:\/\/kgerad.de\/wp-content\/uploads\/2023\/06\/20114947-TB-PF-30-Premium-Zentrierstander-1_800x800.jpg","type":"image\/jpeg"}],"twitter_card":"summary_large_image","twitter_misc":{"Est. reading time":"2 minutes"},"schema":{"@context":"https:\/\/schema.org","@graph":[{"@type":"WebPage","@id":"https:\/\/kgerad.de\/produkt\/super-b-tb-pf-30-premium-zentrierstaender\/","url":"https:\/\/kgerad.de\/produkt\/super-b-tb-pf-30-premium-zentrierstaender\/","name":"Super B TB-PF 30 Premium Zentrierst\u00e4nder","isPartOf":{"@id":"https:\/\/kgerad.de\/#website"},"primaryImageOfPage":{"@id":"https:\/\/kgerad.de\/produkt\/super-b-tb-pf-30-premium-zentrierstaender\/#primaryimage"},"image":{"@id":"https:\/\/kgerad.de\/produkt\/super-b-tb-pf-30-premium-zentrierstaender\/#primaryimage"},"thumbnailUrl":"https:\/\/kgerad.de\/wp-content\/uploads\/2023\/06\/20114947-TB-PF-30-Premium-Zentrierstander-1_800x800.jpg","datePublished":"2022-12-08T15:18:26+00:00","dateModified":"2023-08-10T17:13:15+00:00","description":"Entdecken Sie unseren Online-Fahrradladen: Gro\u00dfe Auswahl an Modellen f\u00fcr alle Radsportbegeisterten. Von Rennr\u00e4dern bis zu Mountainbikes - finden Sie heute Ihren perfekten Wegbegleiter!","breadcrumb":{"@id":"https:\/\/kgerad.de\/produkt\/super-b-tb-pf-30-premium-zentrierstaender\/#breadcrumb"},"inLanguage":"en-US","potentialAction":[{"@type":"ReadAction","target":["https:\/\/kgerad.de\/produkt\/super-b-tb-pf-30-premium-zentrierstaender\/"]}]},{"@type":"ImageObject","inLanguage":"en-US","@id":"https:\/\/kgerad.de\/produkt\/super-b-tb-pf-30-premium-zentrierstaender\/#primaryimage","url":"https:\/\/kgerad.de\/wp-content\/uploads\/2023\/06\/20114947-TB-PF-30-Premium-Zentrierstander-1_800x800.jpg","contentUrl":"https:\/\/kgerad.de\/wp-content\/uploads\/2023\/06\/20114947-TB-PF-30-Premium-Zentrierstander-1_800x800.jpg","width":336,"height":800,"caption":"Super B TB-PF 30 Premium Zentrierst\u00e4nder"},{"@type":"BreadcrumbList","@id":"https:\/\/kgerad.de\/produkt\/super-b-tb-pf-30-premium-zentrierstaender\/#breadcrumb","itemListElement":[{"@type":"ListItem","position":1,"name":"Startseite","item":"https:\/\/kgerad.de\/"},{"@type":"ListItem","position":2,"name":"LADEN","item":"https:\/\/kgerad.de\/laden\/"},{"@type":"ListItem","position":3,"name":"Super B TB-PF 30 Premium Zentrierst\u00e4nder"}]},{"@type":"WebSite","@id":"https:\/\/kgerad.de\/#website","url":"https:\/\/kgerad.de\/","name":"kgerad.de","description":"Treten Sie mit uns ins Abenteuer!","publisher":{"@id":"https:\/\/kgerad.de\/#organization"},"alternateName":"MEIN RADLADEN","potentialAction":[{"@type":"SearchAction","target":{"@type":"EntryPoint","urlTemplate":"https:\/\/kgerad.de\/?s={search_term_string}"},"query-input":{"@type":"PropertyValueSpecification","valueRequired":true,"valueName":"search_term_string"}}],"inLanguage":"en-US"},{"@type":"Organization","@id":"https:\/\/kgerad.de\/#organization","name":"MEINRADLADEN","alternateName":"MEIN RADLADEN","url":"https:\/\/kgerad.de\/","logo":{"@type":"ImageObject","inLanguage":"en-US","@id":"https:\/\/kgerad.de\/#\/schema\/logo\/image\/","url":"https:\/\/kgerad.de\/wp-content\/uploads\/2025\/07\/logo-Whit.svg","contentUrl":"https:\/\/kgerad.de\/wp-content\/uploads\/2025\/07\/logo-Whit.svg","width":1640,"height":371,"caption":"MEINRADLADEN"},"image":{"@id":"https:\/\/kgerad.de\/#\/schema\/logo\/image\/"}}]}},"_links":{"self":[{"href":"https:\/\/kgerad.de\/en\/wp-json\/wp\/v2\/product\/48896","targetHints":{"allow":["GET"]}}],"collection":[{"href":"https:\/\/kgerad.de\/en\/wp-json\/wp\/v2\/product"}],"about":[{"href":"https:\/\/kgerad.de\/en\/wp-json\/wp\/v2\/types\/product"}],"replies":[{"embeddable":true,"href":"https:\/\/kgerad.de\/en\/wp-json\/wp\/v2\/comments?post=48896"}],"version-history":[{"count":1,"href":"https:\/\/kgerad.de\/en\/wp-json\/wp\/v2\/product\/48896\/revisions"}],"predecessor-version":[{"id":78681,"href":"https:\/\/kgerad.de\/en\/wp-json\/wp\/v2\/product\/48896\/revisions\/78681"}],"wp:featuredmedia":[{"embeddable":true,"href":"https:\/\/kgerad.de\/en\/wp-json\/wp\/v2\/media\/64911"}],"wp:attachment":[{"href":"https:\/\/kgerad.de\/en\/wp-json\/wp\/v2\/media?parent=48896"}],"wp:term":[{"taxonomy":"product_brand","embeddable":true,"href":"https:\/\/kgerad.de\/en\/wp-json\/wp\/v2\/product_brand?post=48896"},{"taxonomy":"product_cat","embeddable":true,"href":"https:\/\/kgerad.de\/en\/wp-json\/wp\/v2\/product_cat?post=48896"},{"taxonomy":"product_tag","embeddable":true,"href":"https:\/\/kgerad.de\/en\/wp-json\/wp\/v2\/product_tag?post=48896"}],"curies":[{"name":"wp","href":"https:\/\/api.w.org\/{rel}","templated":true}]}}