{"id":48887,"date":"2022-12-08T15:59:03","date_gmt":"2022-12-08T14:59:03","guid":{"rendered":"https:\/\/kgerad.de\/?post_type=product&#038;p=48887"},"modified":"2023-08-10T19:13:35","modified_gmt":"2023-08-10T17:13:35","slug":"park-tool-ts-2-3-pro-zentrierstaender","status":"publish","type":"product","link":"https:\/\/kgerad.de\/en\/product\/park-tool-ts-2-3-pro-zentrierstaender\/","title":{"rendered":"Park Tool TS-2.3 Pro Zentrierst\u00e4nder"},"content":{"rendered":"<h2 class=\"product--title\"><strong>Park Tool<\/strong>\u00a0TS-2.3 Pro Zentrierst\u00e4nder<\/h2>\n<p>Park Tool TS-2.3 &#8211; der wahrscheinlich <a href=\"http:\/\/1-1\">weltweit<\/a> bekannteste\u00a0 in einer erneut \u00fcberarbeiteten und verbesserten Neuauflage.<\/p>\n<p>Der TS-2.3 l\u00e4sst sich aus Sicht von Park Tool akkurater, vielseitiger und komfortabler als alle anderen Modelle auf dem Markt nutzen. Er kombiniert die bew\u00e4hrten Eigenschaften seiner Vorg\u00e4nger mit technologischem Fortschritt und erleichtert so die Arbeit nachhaltig.<\/p>\n<hr \/>\n<h4>Features &#8211; TS-2.3 Pro Zentrierst\u00e4nder<\/h4>\n<ul>\n<li>Mit seinen extra hohen St\u00e4ndern und breiten Bremss\u00e4tteln kann der TS-2.3 die meisten R\u00e4der von Stra\u00dfen-, Mountainbike-, BMX- und Hybrid-Fahrr\u00e4dern aufnehmen<\/li>\n<li>einschlie\u00dflich R\u00e4dern mit Scheibenbremsen, Aero-Felgen und \u00fcbergro\u00dfen MTB-Reifen<\/li>\n<li>Die Arme der Laufradaufnahme schwenken synchron, damit jedes Laufrad automatisch mittig im St\u00e4nder positioniert wird<\/li>\n<li>Die Einstellung des St\u00e4nders erfolgt \u00fcber einen ergonomisch geformten Drehknopf, mit dem sich der St\u00e4nder in Sekundenschnelle an jede Nabenbreite anpassen l\u00e4sst<\/li>\n<li>Stufenlose, exakte Funktionalit\u00e4t<\/li>\n<li>aus schwerem Werkzeugstahl gefertigt und pulverbeschichtet<\/li>\n<li>Integrierte Aufnahme f\u00fcr die mitgelieferten Steckachsenadapter<\/li>\n<li>Daher ohne zus\u00e4tzliche Teile oder Adapter kompatibel mit Steckachsen-, Schnellspann- und Vollachsnaben<\/li>\n<li>Die Federlagerung von Zentrierarm und Justierzange vermeidet Laufradblockaden<\/li>\n<li>Montage auf einer Werkbank, im Schraubstock oder auf optionalem Schwenksockel m\u00f6glich &#8211;\u00a0<em>nicht<\/em>\u00a0im Lieferumfang enthalten!<\/li>\n<li>Die abnehm- und und austauschbaren Kunststoff-Messf\u00fchler sch\u00fctzen lackierte Felgen und empfindliche Materialien<\/li>\n<\/ul>\n<h4>Produkteigenschaften<\/h4>\n<ul>\n<li><strong>Maximale Radgr\u00f6\u00dfe:<\/strong>\u00a029&#8243;, mit oder ohne Reifen<\/li>\n<li><strong>Maximale Nabenbreite:<\/strong>\u00a0200 mm (7.87&#8243;)<\/li>\n<li><strong>Maximale Felgenbreite:<\/strong>\u00a0102 mm (4&#8243;)<\/li>\n<\/ul>\n<h4>Material<\/h4>\n<ul>\n<li>Pulverbeschichteter Stahl, Kunststoff-Messf\u00fchler<\/li>\n<\/ul>\n<h4>Farbe<\/h4>\n<ul>\n<li>Park Tool blau, schwarz<\/li>\n<\/ul>\n<hr \/>\n<h4>Lieferumfang<\/h4>\n<ul>\n<li>1 x Park Tool TS-2.3 Profi-Zentrierst\u00e4nder<\/li>\n<li>inkl. Steckachsenadapter<\/li>\n<\/ul>\n<hr \/>\n<h4>TS-2.3 Professional Wheel Truing Stand<\/h4>\n<p><iframe title=\"YouTube video player\" src=\"https:\/\/www.youtube-nocookie.com\/embed\/IMaeXXzpmBQ\" width=\"640\" height=\"360\" frameborder=\"0\" allowfullscreen=\"allowfullscreen\" data-mce-fragment=\"1\"><\/iframe><\/p>","protected":false},"excerpt":{"rendered":"<p>Park Tool\u00a0TS-2.3 Pro Zentrierst\u00e4nder Park Tool TS-2.3 &#8211; der wahrscheinlich weltweit bekannteste\u00a0 in einer erneut \u00fcberarbeiteten und verbesserten Neuauflage. Der<\/p>","protected":false},"featured_media":64905,"comment_status":"open","ping_status":"closed","template":"","meta":[],"product_brand":[],"product_cat":[673],"product_tag":[],"class_list":{"0":"post-48887","1":"product","2":"type-product","3":"status-publish","4":"has-post-thumbnail","6":"product_cat-werkzeug-wartung","7":"pa_marke-park","9":"first","10":"instock","11":"sale","12":"taxable","13":"shipping-taxable","14":"purchasable","15":"product-type-simple"},"yoast_head":"<!-- This site is optimized with the Yoast SEO Premium plugin v20.12 (Yoast SEO v27.1.1) - https:\/\/yoast.com\/product\/yoast-seo-premium-wordpress\/ -->\n<title>Park Tool TS-2.3 Pro Zentrierst\u00e4nder<\/title>\n<meta name=\"description\" content=\"Entdecken Sie unseren Online-Fahrradladen: Gro\u00dfe Auswahl an Modellen f\u00fcr alle Radsportbegeisterten. Von Rennr\u00e4dern bis zu Mountainbikes - finden Sie heute Ihren perfekten Wegbegleiter!\" \/>\n<meta name=\"robots\" content=\"index, follow, max-snippet:-1, max-image-preview:large, max-video-preview:-1\" \/>\n<link rel=\"canonical\" href=\"https:\/\/kgerad.de\/en\/product\/park-tool-ts-2-3-pro-zentrierstaender\/\" \/>\n<meta property=\"og:locale\" content=\"en_US\" \/>\n<meta property=\"og:type\" content=\"article\" \/>\n<meta property=\"og:title\" content=\"Park Tool TS-2.3 Pro Zentrierst\u00e4nder\" \/>\n<meta property=\"og:description\" content=\"Entdecken Sie unseren Online-Fahrradladen: Gro\u00dfe Auswahl an Modellen f\u00fcr alle Radsportbegeisterten. Von Rennr\u00e4dern bis zu Mountainbikes - finden Sie heute Ihren perfekten Wegbegleiter!\" \/>\n<meta property=\"og:url\" content=\"https:\/\/kgerad.de\/en\/product\/park-tool-ts-2-3-pro-zentrierstaender\/\" \/>\n<meta property=\"og:site_name\" content=\"kgerad.de\" \/>\n<meta property=\"article:modified_time\" content=\"2023-08-10T17:13:35+00:00\" \/>\n<meta property=\"og:image\" content=\"https:\/\/kgerad.de\/wp-content\/uploads\/2023\/06\/TS-2_3ProZentrierstaender763477008367-1_800x800-0.jpg\" \/>\n\t<meta property=\"og:image:width\" content=\"632\" \/>\n\t<meta property=\"og:image:height\" content=\"800\" \/>\n\t<meta property=\"og:image:type\" content=\"image\/jpeg\" \/>\n<meta name=\"twitter:card\" content=\"summary_large_image\" \/>\n<meta name=\"twitter:label1\" content=\"Est. reading time\" \/>\n\t<meta name=\"twitter:data1\" content=\"2 minutes\" \/>\n<script type=\"application\/ld+json\" class=\"yoast-schema-graph\">{\"@context\":\"https:\/\/schema.org\",\"@graph\":[{\"@type\":\"WebPage\",\"@id\":\"https:\/\/kgerad.de\/produkt\/park-tool-ts-2-3-pro-zentrierstaender\/\",\"url\":\"https:\/\/kgerad.de\/produkt\/park-tool-ts-2-3-pro-zentrierstaender\/\",\"name\":\"Park Tool TS-2.3 Pro Zentrierst\u00e4nder\",\"isPartOf\":{\"@id\":\"https:\/\/kgerad.de\/#website\"},\"primaryImageOfPage\":{\"@id\":\"https:\/\/kgerad.de\/produkt\/park-tool-ts-2-3-pro-zentrierstaender\/#primaryimage\"},\"image\":{\"@id\":\"https:\/\/kgerad.de\/produkt\/park-tool-ts-2-3-pro-zentrierstaender\/#primaryimage\"},\"thumbnailUrl\":\"https:\/\/kgerad.de\/wp-content\/uploads\/2023\/06\/TS-2_3ProZentrierstaender763477008367-1_800x800-0.jpg\",\"datePublished\":\"2022-12-08T14:59:03+00:00\",\"dateModified\":\"2023-08-10T17:13:35+00:00\",\"description\":\"Entdecken Sie unseren Online-Fahrradladen: Gro\u00dfe Auswahl an Modellen f\u00fcr alle Radsportbegeisterten. Von Rennr\u00e4dern bis zu Mountainbikes - finden Sie heute Ihren perfekten Wegbegleiter!\",\"breadcrumb\":{\"@id\":\"https:\/\/kgerad.de\/produkt\/park-tool-ts-2-3-pro-zentrierstaender\/#breadcrumb\"},\"inLanguage\":\"en-US\",\"potentialAction\":[{\"@type\":\"ReadAction\",\"target\":[\"https:\/\/kgerad.de\/produkt\/park-tool-ts-2-3-pro-zentrierstaender\/\"]}]},{\"@type\":\"ImageObject\",\"inLanguage\":\"en-US\",\"@id\":\"https:\/\/kgerad.de\/produkt\/park-tool-ts-2-3-pro-zentrierstaender\/#primaryimage\",\"url\":\"https:\/\/kgerad.de\/wp-content\/uploads\/2023\/06\/TS-2_3ProZentrierstaender763477008367-1_800x800-0.jpg\",\"contentUrl\":\"https:\/\/kgerad.de\/wp-content\/uploads\/2023\/06\/TS-2_3ProZentrierstaender763477008367-1_800x800-0.jpg\",\"width\":632,\"height\":800,\"caption\":\"Park Tool TS-2.3 Pro Zentrierst\u00e4nder\"},{\"@type\":\"BreadcrumbList\",\"@id\":\"https:\/\/kgerad.de\/produkt\/park-tool-ts-2-3-pro-zentrierstaender\/#breadcrumb\",\"itemListElement\":[{\"@type\":\"ListItem\",\"position\":1,\"name\":\"Startseite\",\"item\":\"https:\/\/kgerad.de\/\"},{\"@type\":\"ListItem\",\"position\":2,\"name\":\"LADEN\",\"item\":\"https:\/\/kgerad.de\/laden\/\"},{\"@type\":\"ListItem\",\"position\":3,\"name\":\"Park Tool TS-2.3 Pro Zentrierst\u00e4nder\"}]},{\"@type\":\"WebSite\",\"@id\":\"https:\/\/kgerad.de\/#website\",\"url\":\"https:\/\/kgerad.de\/\",\"name\":\"kgerad.de\",\"description\":\"Treten Sie mit uns ins Abenteuer!\",\"publisher\":{\"@id\":\"https:\/\/kgerad.de\/#organization\"},\"alternateName\":\"MEIN RADLADEN\",\"potentialAction\":[{\"@type\":\"SearchAction\",\"target\":{\"@type\":\"EntryPoint\",\"urlTemplate\":\"https:\/\/kgerad.de\/?s={search_term_string}\"},\"query-input\":{\"@type\":\"PropertyValueSpecification\",\"valueRequired\":true,\"valueName\":\"search_term_string\"}}],\"inLanguage\":\"en-US\"},{\"@type\":\"Organization\",\"@id\":\"https:\/\/kgerad.de\/#organization\",\"name\":\"MEINRADLADEN\",\"alternateName\":\"MEIN RADLADEN\",\"url\":\"https:\/\/kgerad.de\/\",\"logo\":{\"@type\":\"ImageObject\",\"inLanguage\":\"en-US\",\"@id\":\"https:\/\/kgerad.de\/#\/schema\/logo\/image\/\",\"url\":\"https:\/\/kgerad.de\/wp-content\/uploads\/2025\/07\/logo-Whit.svg\",\"contentUrl\":\"https:\/\/kgerad.de\/wp-content\/uploads\/2025\/07\/logo-Whit.svg\",\"width\":1640,\"height\":371,\"caption\":\"MEINRADLADEN\"},\"image\":{\"@id\":\"https:\/\/kgerad.de\/#\/schema\/logo\/image\/\"}}]}<\/script>\n<!-- \/ Yoast SEO Premium plugin. -->","yoast_head_json":{"title":"Park Tool TS-2.3 Pro Zentrierst\u00e4nder","description":"Entdecken Sie unseren Online-Fahrradladen: Gro\u00dfe Auswahl an Modellen f\u00fcr alle Radsportbegeisterten. Von Rennr\u00e4dern bis zu Mountainbikes - finden Sie heute Ihren perfekten Wegbegleiter!","robots":{"index":"index","follow":"follow","max-snippet":"max-snippet:-1","max-image-preview":"max-image-preview:large","max-video-preview":"max-video-preview:-1"},"canonical":"https:\/\/kgerad.de\/en\/product\/park-tool-ts-2-3-pro-zentrierstaender\/","og_locale":"en_US","og_type":"article","og_title":"Park Tool TS-2.3 Pro Zentrierst\u00e4nder","og_description":"Entdecken Sie unseren Online-Fahrradladen: Gro\u00dfe Auswahl an Modellen f\u00fcr alle Radsportbegeisterten. Von Rennr\u00e4dern bis zu Mountainbikes - finden Sie heute Ihren perfekten Wegbegleiter!","og_url":"https:\/\/kgerad.de\/en\/product\/park-tool-ts-2-3-pro-zentrierstaender\/","og_site_name":"kgerad.de","article_modified_time":"2023-08-10T17:13:35+00:00","og_image":[{"width":632,"height":800,"url":"https:\/\/kgerad.de\/wp-content\/uploads\/2023\/06\/TS-2_3ProZentrierstaender763477008367-1_800x800-0.jpg","type":"image\/jpeg"}],"twitter_card":"summary_large_image","twitter_misc":{"Est. reading time":"2 minutes"},"schema":{"@context":"https:\/\/schema.org","@graph":[{"@type":"WebPage","@id":"https:\/\/kgerad.de\/produkt\/park-tool-ts-2-3-pro-zentrierstaender\/","url":"https:\/\/kgerad.de\/produkt\/park-tool-ts-2-3-pro-zentrierstaender\/","name":"Park Tool TS-2.3 Pro Zentrierst\u00e4nder","isPartOf":{"@id":"https:\/\/kgerad.de\/#website"},"primaryImageOfPage":{"@id":"https:\/\/kgerad.de\/produkt\/park-tool-ts-2-3-pro-zentrierstaender\/#primaryimage"},"image":{"@id":"https:\/\/kgerad.de\/produkt\/park-tool-ts-2-3-pro-zentrierstaender\/#primaryimage"},"thumbnailUrl":"https:\/\/kgerad.de\/wp-content\/uploads\/2023\/06\/TS-2_3ProZentrierstaender763477008367-1_800x800-0.jpg","datePublished":"2022-12-08T14:59:03+00:00","dateModified":"2023-08-10T17:13:35+00:00","description":"Entdecken Sie unseren Online-Fahrradladen: Gro\u00dfe Auswahl an Modellen f\u00fcr alle Radsportbegeisterten. Von Rennr\u00e4dern bis zu Mountainbikes - finden Sie heute Ihren perfekten Wegbegleiter!","breadcrumb":{"@id":"https:\/\/kgerad.de\/produkt\/park-tool-ts-2-3-pro-zentrierstaender\/#breadcrumb"},"inLanguage":"en-US","potentialAction":[{"@type":"ReadAction","target":["https:\/\/kgerad.de\/produkt\/park-tool-ts-2-3-pro-zentrierstaender\/"]}]},{"@type":"ImageObject","inLanguage":"en-US","@id":"https:\/\/kgerad.de\/produkt\/park-tool-ts-2-3-pro-zentrierstaender\/#primaryimage","url":"https:\/\/kgerad.de\/wp-content\/uploads\/2023\/06\/TS-2_3ProZentrierstaender763477008367-1_800x800-0.jpg","contentUrl":"https:\/\/kgerad.de\/wp-content\/uploads\/2023\/06\/TS-2_3ProZentrierstaender763477008367-1_800x800-0.jpg","width":632,"height":800,"caption":"Park Tool TS-2.3 Pro Zentrierst\u00e4nder"},{"@type":"BreadcrumbList","@id":"https:\/\/kgerad.de\/produkt\/park-tool-ts-2-3-pro-zentrierstaender\/#breadcrumb","itemListElement":[{"@type":"ListItem","position":1,"name":"Startseite","item":"https:\/\/kgerad.de\/"},{"@type":"ListItem","position":2,"name":"LADEN","item":"https:\/\/kgerad.de\/laden\/"},{"@type":"ListItem","position":3,"name":"Park Tool TS-2.3 Pro Zentrierst\u00e4nder"}]},{"@type":"WebSite","@id":"https:\/\/kgerad.de\/#website","url":"https:\/\/kgerad.de\/","name":"kgerad.de","description":"Treten Sie mit uns ins Abenteuer!","publisher":{"@id":"https:\/\/kgerad.de\/#organization"},"alternateName":"MEIN RADLADEN","potentialAction":[{"@type":"SearchAction","target":{"@type":"EntryPoint","urlTemplate":"https:\/\/kgerad.de\/?s={search_term_string}"},"query-input":{"@type":"PropertyValueSpecification","valueRequired":true,"valueName":"search_term_string"}}],"inLanguage":"en-US"},{"@type":"Organization","@id":"https:\/\/kgerad.de\/#organization","name":"MEINRADLADEN","alternateName":"MEIN RADLADEN","url":"https:\/\/kgerad.de\/","logo":{"@type":"ImageObject","inLanguage":"en-US","@id":"https:\/\/kgerad.de\/#\/schema\/logo\/image\/","url":"https:\/\/kgerad.de\/wp-content\/uploads\/2025\/07\/logo-Whit.svg","contentUrl":"https:\/\/kgerad.de\/wp-content\/uploads\/2025\/07\/logo-Whit.svg","width":1640,"height":371,"caption":"MEINRADLADEN"},"image":{"@id":"https:\/\/kgerad.de\/#\/schema\/logo\/image\/"}}]}},"_links":{"self":[{"href":"https:\/\/kgerad.de\/en\/wp-json\/wp\/v2\/product\/48887","targetHints":{"allow":["GET"]}}],"collection":[{"href":"https:\/\/kgerad.de\/en\/wp-json\/wp\/v2\/product"}],"about":[{"href":"https:\/\/kgerad.de\/en\/wp-json\/wp\/v2\/types\/product"}],"replies":[{"embeddable":true,"href":"https:\/\/kgerad.de\/en\/wp-json\/wp\/v2\/comments?post=48887"}],"version-history":[{"count":1,"href":"https:\/\/kgerad.de\/en\/wp-json\/wp\/v2\/product\/48887\/revisions"}],"predecessor-version":[{"id":78682,"href":"https:\/\/kgerad.de\/en\/wp-json\/wp\/v2\/product\/48887\/revisions\/78682"}],"wp:featuredmedia":[{"embeddable":true,"href":"https:\/\/kgerad.de\/en\/wp-json\/wp\/v2\/media\/64905"}],"wp:attachment":[{"href":"https:\/\/kgerad.de\/en\/wp-json\/wp\/v2\/media?parent=48887"}],"wp:term":[{"taxonomy":"product_brand","embeddable":true,"href":"https:\/\/kgerad.de\/en\/wp-json\/wp\/v2\/product_brand?post=48887"},{"taxonomy":"product_cat","embeddable":true,"href":"https:\/\/kgerad.de\/en\/wp-json\/wp\/v2\/product_cat?post=48887"},{"taxonomy":"product_tag","embeddable":true,"href":"https:\/\/kgerad.de\/en\/wp-json\/wp\/v2\/product_tag?post=48887"}],"curies":[{"name":"wp","href":"https:\/\/api.w.org\/{rel}","templated":true}]}}