{"id":48873,"date":"2022-12-08T13:08:17","date_gmt":"2022-12-08T12:08:17","guid":{"rendered":"https:\/\/kgerad.de\/?post_type=product&#038;p=48873"},"modified":"2023-08-10T19:13:50","modified_gmt":"2023-08-10T17:13:50","slug":"kootu-city4-0-carbon-faltrad-20-zoll-shimano-sora-blau","status":"publish","type":"product","link":"https:\/\/kgerad.de\/en\/product\/kootu-city4-0-carbon-faltrad-20-zoll-shimano-sora-blau\/","title":{"rendered":"KOOTU City4.0 Carbon Faltrad 20 Zoll Shimano SORA Blau"},"content":{"rendered":"<h2 class=\"rd-title\" title=\"KOOTU City4.0 Carbon Faltrad 20 Zoll Shimano SORA R3000 9 Gang Schwarz Blau\">KOOTU City4.0 Carbon Faltrad 20 Zoll Shimano SORA R3000 9 Gang Schwarz Blau<\/h2>\n<p><strong>KOOTU City4.0 TORAY T800 Kohlefaser-Rahmen: <\/strong><a href=\"http:\/\/i.i\">Der<\/a> faltbare Kohlefaser-Rahmen bietet dem klappbaren City-Bike eine einzigartige Stabilit\u00e4t und ein geringes Gewicht (10 kg).<\/p>\n<p><strong>SHIMANO SORA R3000 9-Gang-System und SHIMANO MT200 hydraulischen Scheibenbremsen:\u00a0<\/strong>Das SHIMANO Schaltwerk zeichnet sich durch schnelle Schaltvorg\u00e4nge und eine flache Bauweise aus, die es vor Besch\u00e4digungen sch\u00fctzt. Mit der hydraulischen Scheibenbremse haben Sie eine hohe Bremskraft kombiniert mit hoher Zuverl\u00e4ssigkeit und Sensibilit\u00e4t.<\/p>\n<p><strong>Schnell und einfach faltbar f\u00fcr Lagerung und Transport:\u00a0<\/strong>Perfekt f\u00fcr die Fahrt mit dem Bus oder der Bahn auf dem Weg zur Arbeit oder zum Verstauen im Auto, Wohnmobil oder in Ihrer Wohnung.<\/p>\n<p>Das deutsche Lager verf\u00fcgt \u00fcber Lagerbest\u00e4nde verschiedener Modelle! Wir liefern Ihnen das perfekte Rad, unabh\u00e4ngig davon, ob Sie Pendler oder professioneller Rennfahrer sind.<\/p>\n<p>KOOTU Fahrr\u00e4der werden von Hand gebaut und direkt zu Ihnen geliefert. Sie m\u00fcssen nur Sitz und Pedale anbringen. Die Bremsen und die Kettenschaltungen werden eingestellt: Einfach die Reifen aufpumpen und rausfahren.<\/p>","protected":false},"excerpt":{"rendered":"<p>KOOTU City4.0 Carbon Faltrad 20 Zoll Shimano SORA R3000 9 Gang Schwarz Blau KOOTU City4.0 TORAY T800 Kohlefaser-Rahmen: Der faltbare<\/p>","protected":false},"featured_media":64902,"comment_status":"open","ping_status":"closed","template":"","meta":[],"product_brand":[],"product_cat":[33,34,310],"product_tag":[],"class_list":{"0":"post-48873","1":"product","2":"type-product","3":"status-publish","4":"has-post-thumbnail","6":"product_cat-e-bike","7":"product_cat-e-bike-city-urban","8":"product_cat-e-bike-faltrad","9":"pa_marke-kootu","11":"first","12":"instock","13":"taxable","14":"shipping-taxable","15":"purchasable","16":"product-type-simple"},"yoast_head":"<!-- This site is optimized with the Yoast SEO Premium plugin v20.12 (Yoast SEO v27.1.1) - https:\/\/yoast.com\/product\/yoast-seo-premium-wordpress\/ -->\n<title>KOOTU City4.0 Carbon Faltrad 20 Zoll Shimano SORA Blau<\/title>\n<meta name=\"description\" content=\"Entdecken Sie unseren Online-Fahrradladen: Gro\u00dfe Auswahl an Modellen f\u00fcr alle Radsportbegeisterten. Von Rennr\u00e4dern bis zu Mountainbikes - finden Sie heute Ihren perfekten Wegbegleiter!\" \/>\n<meta name=\"robots\" content=\"index, follow, max-snippet:-1, max-image-preview:large, max-video-preview:-1\" \/>\n<link rel=\"canonical\" href=\"https:\/\/kgerad.de\/en\/product\/kootu-city4-0-carbon-faltrad-20-zoll-shimano-sora-blau\/\" \/>\n<meta property=\"og:locale\" content=\"en_US\" \/>\n<meta property=\"og:type\" content=\"article\" \/>\n<meta property=\"og:title\" content=\"KOOTU City4.0 Carbon Faltrad 20 Zoll Shimano SORA Blau\" \/>\n<meta property=\"og:description\" content=\"Entdecken Sie unseren Online-Fahrradladen: Gro\u00dfe Auswahl an Modellen f\u00fcr alle Radsportbegeisterten. Von Rennr\u00e4dern bis zu Mountainbikes - finden Sie heute Ihren perfekten Wegbegleiter!\" \/>\n<meta property=\"og:url\" content=\"https:\/\/kgerad.de\/en\/product\/kootu-city4-0-carbon-faltrad-20-zoll-shimano-sora-blau\/\" \/>\n<meta property=\"og:site_name\" content=\"kgerad.de\" \/>\n<meta property=\"article:modified_time\" content=\"2023-08-10T17:13:50+00:00\" \/>\n<meta property=\"og:image\" content=\"https:\/\/kgerad.de\/wp-content\/uploads\/2023\/06\/KOOTU-City4.0-Carbon-Faltrad-20-Zoll-Shimano-SORA-Blau.jpg\" \/>\n\t<meta property=\"og:image:width\" content=\"551\" \/>\n\t<meta property=\"og:image:height\" content=\"368\" \/>\n\t<meta property=\"og:image:type\" content=\"image\/jpeg\" \/>\n<meta name=\"twitter:card\" content=\"summary_large_image\" \/>\n<meta name=\"twitter:label1\" content=\"Est. reading time\" \/>\n\t<meta name=\"twitter:data1\" content=\"1 minute\" \/>\n<script type=\"application\/ld+json\" class=\"yoast-schema-graph\">{\"@context\":\"https:\/\/schema.org\",\"@graph\":[{\"@type\":\"WebPage\",\"@id\":\"https:\/\/kgerad.de\/produkt\/kootu-city4-0-carbon-faltrad-20-zoll-shimano-sora-blau\/\",\"url\":\"https:\/\/kgerad.de\/produkt\/kootu-city4-0-carbon-faltrad-20-zoll-shimano-sora-blau\/\",\"name\":\"KOOTU City4.0 Carbon Faltrad 20 Zoll Shimano SORA Blau\",\"isPartOf\":{\"@id\":\"https:\/\/kgerad.de\/#website\"},\"primaryImageOfPage\":{\"@id\":\"https:\/\/kgerad.de\/produkt\/kootu-city4-0-carbon-faltrad-20-zoll-shimano-sora-blau\/#primaryimage\"},\"image\":{\"@id\":\"https:\/\/kgerad.de\/produkt\/kootu-city4-0-carbon-faltrad-20-zoll-shimano-sora-blau\/#primaryimage\"},\"thumbnailUrl\":\"https:\/\/kgerad.de\/wp-content\/uploads\/2023\/06\/KOOTU-City4.0-Carbon-Faltrad-20-Zoll-Shimano-SORA-Blau.jpg\",\"datePublished\":\"2022-12-08T12:08:17+00:00\",\"dateModified\":\"2023-08-10T17:13:50+00:00\",\"description\":\"Entdecken Sie unseren Online-Fahrradladen: Gro\u00dfe Auswahl an Modellen f\u00fcr alle Radsportbegeisterten. Von Rennr\u00e4dern bis zu Mountainbikes - finden Sie heute Ihren perfekten Wegbegleiter!\",\"breadcrumb\":{\"@id\":\"https:\/\/kgerad.de\/produkt\/kootu-city4-0-carbon-faltrad-20-zoll-shimano-sora-blau\/#breadcrumb\"},\"inLanguage\":\"en-US\",\"potentialAction\":[{\"@type\":\"ReadAction\",\"target\":[\"https:\/\/kgerad.de\/produkt\/kootu-city4-0-carbon-faltrad-20-zoll-shimano-sora-blau\/\"]}]},{\"@type\":\"ImageObject\",\"inLanguage\":\"en-US\",\"@id\":\"https:\/\/kgerad.de\/produkt\/kootu-city4-0-carbon-faltrad-20-zoll-shimano-sora-blau\/#primaryimage\",\"url\":\"https:\/\/kgerad.de\/wp-content\/uploads\/2023\/06\/KOOTU-City4.0-Carbon-Faltrad-20-Zoll-Shimano-SORA-Blau.jpg\",\"contentUrl\":\"https:\/\/kgerad.de\/wp-content\/uploads\/2023\/06\/KOOTU-City4.0-Carbon-Faltrad-20-Zoll-Shimano-SORA-Blau.jpg\",\"width\":551,\"height\":368,\"caption\":\"KOOTU City4.0 Carbon Faltrad 20 Zoll Shimano SORA Blau\"},{\"@type\":\"BreadcrumbList\",\"@id\":\"https:\/\/kgerad.de\/produkt\/kootu-city4-0-carbon-faltrad-20-zoll-shimano-sora-blau\/#breadcrumb\",\"itemListElement\":[{\"@type\":\"ListItem\",\"position\":1,\"name\":\"Startseite\",\"item\":\"https:\/\/kgerad.de\/\"},{\"@type\":\"ListItem\",\"position\":2,\"name\":\"LADEN\",\"item\":\"https:\/\/kgerad.de\/laden\/\"},{\"@type\":\"ListItem\",\"position\":3,\"name\":\"KOOTU City4.0 Carbon Faltrad 20 Zoll Shimano SORA Blau\"}]},{\"@type\":\"WebSite\",\"@id\":\"https:\/\/kgerad.de\/#website\",\"url\":\"https:\/\/kgerad.de\/\",\"name\":\"kgerad.de\",\"description\":\"Treten Sie mit uns ins Abenteuer!\",\"publisher\":{\"@id\":\"https:\/\/kgerad.de\/#organization\"},\"alternateName\":\"MEIN RADLADEN\",\"potentialAction\":[{\"@type\":\"SearchAction\",\"target\":{\"@type\":\"EntryPoint\",\"urlTemplate\":\"https:\/\/kgerad.de\/?s={search_term_string}\"},\"query-input\":{\"@type\":\"PropertyValueSpecification\",\"valueRequired\":true,\"valueName\":\"search_term_string\"}}],\"inLanguage\":\"en-US\"},{\"@type\":\"Organization\",\"@id\":\"https:\/\/kgerad.de\/#organization\",\"name\":\"MEINRADLADEN\",\"alternateName\":\"MEIN RADLADEN\",\"url\":\"https:\/\/kgerad.de\/\",\"logo\":{\"@type\":\"ImageObject\",\"inLanguage\":\"en-US\",\"@id\":\"https:\/\/kgerad.de\/#\/schema\/logo\/image\/\",\"url\":\"https:\/\/kgerad.de\/wp-content\/uploads\/2025\/07\/logo-Whit.svg\",\"contentUrl\":\"https:\/\/kgerad.de\/wp-content\/uploads\/2025\/07\/logo-Whit.svg\",\"width\":1640,\"height\":371,\"caption\":\"MEINRADLADEN\"},\"image\":{\"@id\":\"https:\/\/kgerad.de\/#\/schema\/logo\/image\/\"}}]}<\/script>\n<!-- \/ Yoast SEO Premium plugin. -->","yoast_head_json":{"title":"KOOTU City4.0 Carbon Faltrad 20 Zoll Shimano SORA Blau","description":"Entdecken Sie unseren Online-Fahrradladen: Gro\u00dfe Auswahl an Modellen f\u00fcr alle Radsportbegeisterten. Von Rennr\u00e4dern bis zu Mountainbikes - finden Sie heute Ihren perfekten Wegbegleiter!","robots":{"index":"index","follow":"follow","max-snippet":"max-snippet:-1","max-image-preview":"max-image-preview:large","max-video-preview":"max-video-preview:-1"},"canonical":"https:\/\/kgerad.de\/en\/product\/kootu-city4-0-carbon-faltrad-20-zoll-shimano-sora-blau\/","og_locale":"en_US","og_type":"article","og_title":"KOOTU City4.0 Carbon Faltrad 20 Zoll Shimano SORA Blau","og_description":"Entdecken Sie unseren Online-Fahrradladen: Gro\u00dfe Auswahl an Modellen f\u00fcr alle Radsportbegeisterten. Von Rennr\u00e4dern bis zu Mountainbikes - finden Sie heute Ihren perfekten Wegbegleiter!","og_url":"https:\/\/kgerad.de\/en\/product\/kootu-city4-0-carbon-faltrad-20-zoll-shimano-sora-blau\/","og_site_name":"kgerad.de","article_modified_time":"2023-08-10T17:13:50+00:00","og_image":[{"width":551,"height":368,"url":"https:\/\/kgerad.de\/wp-content\/uploads\/2023\/06\/KOOTU-City4.0-Carbon-Faltrad-20-Zoll-Shimano-SORA-Blau.jpg","type":"image\/jpeg"}],"twitter_card":"summary_large_image","twitter_misc":{"Est. reading time":"1 minute"},"schema":{"@context":"https:\/\/schema.org","@graph":[{"@type":"WebPage","@id":"https:\/\/kgerad.de\/produkt\/kootu-city4-0-carbon-faltrad-20-zoll-shimano-sora-blau\/","url":"https:\/\/kgerad.de\/produkt\/kootu-city4-0-carbon-faltrad-20-zoll-shimano-sora-blau\/","name":"KOOTU City4.0 Carbon Faltrad 20 Zoll Shimano SORA Blau","isPartOf":{"@id":"https:\/\/kgerad.de\/#website"},"primaryImageOfPage":{"@id":"https:\/\/kgerad.de\/produkt\/kootu-city4-0-carbon-faltrad-20-zoll-shimano-sora-blau\/#primaryimage"},"image":{"@id":"https:\/\/kgerad.de\/produkt\/kootu-city4-0-carbon-faltrad-20-zoll-shimano-sora-blau\/#primaryimage"},"thumbnailUrl":"https:\/\/kgerad.de\/wp-content\/uploads\/2023\/06\/KOOTU-City4.0-Carbon-Faltrad-20-Zoll-Shimano-SORA-Blau.jpg","datePublished":"2022-12-08T12:08:17+00:00","dateModified":"2023-08-10T17:13:50+00:00","description":"Entdecken Sie unseren Online-Fahrradladen: Gro\u00dfe Auswahl an Modellen f\u00fcr alle Radsportbegeisterten. Von Rennr\u00e4dern bis zu Mountainbikes - finden Sie heute Ihren perfekten Wegbegleiter!","breadcrumb":{"@id":"https:\/\/kgerad.de\/produkt\/kootu-city4-0-carbon-faltrad-20-zoll-shimano-sora-blau\/#breadcrumb"},"inLanguage":"en-US","potentialAction":[{"@type":"ReadAction","target":["https:\/\/kgerad.de\/produkt\/kootu-city4-0-carbon-faltrad-20-zoll-shimano-sora-blau\/"]}]},{"@type":"ImageObject","inLanguage":"en-US","@id":"https:\/\/kgerad.de\/produkt\/kootu-city4-0-carbon-faltrad-20-zoll-shimano-sora-blau\/#primaryimage","url":"https:\/\/kgerad.de\/wp-content\/uploads\/2023\/06\/KOOTU-City4.0-Carbon-Faltrad-20-Zoll-Shimano-SORA-Blau.jpg","contentUrl":"https:\/\/kgerad.de\/wp-content\/uploads\/2023\/06\/KOOTU-City4.0-Carbon-Faltrad-20-Zoll-Shimano-SORA-Blau.jpg","width":551,"height":368,"caption":"KOOTU City4.0 Carbon Faltrad 20 Zoll Shimano SORA Blau"},{"@type":"BreadcrumbList","@id":"https:\/\/kgerad.de\/produkt\/kootu-city4-0-carbon-faltrad-20-zoll-shimano-sora-blau\/#breadcrumb","itemListElement":[{"@type":"ListItem","position":1,"name":"Startseite","item":"https:\/\/kgerad.de\/"},{"@type":"ListItem","position":2,"name":"LADEN","item":"https:\/\/kgerad.de\/laden\/"},{"@type":"ListItem","position":3,"name":"KOOTU City4.0 Carbon Faltrad 20 Zoll Shimano SORA Blau"}]},{"@type":"WebSite","@id":"https:\/\/kgerad.de\/#website","url":"https:\/\/kgerad.de\/","name":"kgerad.de","description":"Treten Sie mit uns ins Abenteuer!","publisher":{"@id":"https:\/\/kgerad.de\/#organization"},"alternateName":"MEIN RADLADEN","potentialAction":[{"@type":"SearchAction","target":{"@type":"EntryPoint","urlTemplate":"https:\/\/kgerad.de\/?s={search_term_string}"},"query-input":{"@type":"PropertyValueSpecification","valueRequired":true,"valueName":"search_term_string"}}],"inLanguage":"en-US"},{"@type":"Organization","@id":"https:\/\/kgerad.de\/#organization","name":"MEINRADLADEN","alternateName":"MEIN RADLADEN","url":"https:\/\/kgerad.de\/","logo":{"@type":"ImageObject","inLanguage":"en-US","@id":"https:\/\/kgerad.de\/#\/schema\/logo\/image\/","url":"https:\/\/kgerad.de\/wp-content\/uploads\/2025\/07\/logo-Whit.svg","contentUrl":"https:\/\/kgerad.de\/wp-content\/uploads\/2025\/07\/logo-Whit.svg","width":1640,"height":371,"caption":"MEINRADLADEN"},"image":{"@id":"https:\/\/kgerad.de\/#\/schema\/logo\/image\/"}}]}},"_links":{"self":[{"href":"https:\/\/kgerad.de\/en\/wp-json\/wp\/v2\/product\/48873","targetHints":{"allow":["GET"]}}],"collection":[{"href":"https:\/\/kgerad.de\/en\/wp-json\/wp\/v2\/product"}],"about":[{"href":"https:\/\/kgerad.de\/en\/wp-json\/wp\/v2\/types\/product"}],"replies":[{"embeddable":true,"href":"https:\/\/kgerad.de\/en\/wp-json\/wp\/v2\/comments?post=48873"}],"version-history":[{"count":1,"href":"https:\/\/kgerad.de\/en\/wp-json\/wp\/v2\/product\/48873\/revisions"}],"predecessor-version":[{"id":78684,"href":"https:\/\/kgerad.de\/en\/wp-json\/wp\/v2\/product\/48873\/revisions\/78684"}],"wp:featuredmedia":[{"embeddable":true,"href":"https:\/\/kgerad.de\/en\/wp-json\/wp\/v2\/media\/64902"}],"wp:attachment":[{"href":"https:\/\/kgerad.de\/en\/wp-json\/wp\/v2\/media?parent=48873"}],"wp:term":[{"taxonomy":"product_brand","embeddable":true,"href":"https:\/\/kgerad.de\/en\/wp-json\/wp\/v2\/product_brand?post=48873"},{"taxonomy":"product_cat","embeddable":true,"href":"https:\/\/kgerad.de\/en\/wp-json\/wp\/v2\/product_cat?post=48873"},{"taxonomy":"product_tag","embeddable":true,"href":"https:\/\/kgerad.de\/en\/wp-json\/wp\/v2\/product_tag?post=48873"}],"curies":[{"name":"wp","href":"https:\/\/api.w.org\/{rel}","templated":true}]}}