{"id":48860,"date":"2022-12-08T12:53:28","date_gmt":"2022-12-08T11:53:28","guid":{"rendered":"https:\/\/kgerad.de\/?post_type=product&#038;p=48860"},"modified":"2023-08-10T19:14:04","modified_gmt":"2023-08-10T17:14:04","slug":"samebike-e-bike-xwlx09-elektrofahrrad-klappraeder-mit-48v","status":"publish","type":"product","link":"https:\/\/kgerad.de\/en\/product\/samebike-e-bike-xwlx09-elektrofahrrad-klappraeder-mit-48v\/","title":{"rendered":"SAMEBIKE E-Bike XWLX09 Elektrofahrrad Klappr\u00e4der, mit 48V"},"content":{"rendered":"<h2 class=\"rd-title\" title=\"SAMEBIKE E-Bike XWLX09 Elektrofahrrad Klappr\u00e4der, mit 48V 10Ah Lithium-Akku,Ebike klapprad 20 zoll - Shimano 7 Gang-Schaltung\">SAMEBIKE E-Bike XWLX09 Elektrofahrrad Klappr\u00e4der, mit 48V<\/h2>\n<p>Produkte: SAMEBIKE E-Bike XWLX09 -48V Motor: Die maximale Geschwindigkeit kann 30-50km\/h erreichen. Die maximale Steigung kann 35 \u00b0 erreichen.<\/p>\n<p>-Abnehmbare Lithium-Batterie &amp; Shimano 7-Gang-Getriebe: abnehmbare 48V 10Ah Lithium-Ionen-Akku, 4 bis 6 Stunden ohne Aufladen auf volle Ladezeit.<\/p>\n<p>-20 x 4,0 Zoll dicke Off-Road-Reifen: Sto\u00dffest, rutschfest, verschlei\u00dffest, korrosionsbest\u00e4ndig, starker Grip; Elektrofahrr\u00e4der sind geeignet f\u00fcr Schnee, Strand und Berg. Die maximale Nutzlast betr\u00e4gt 180 kg (397 lb).<\/p>\n<p>-3 Arbeitsmodi: Bei diesem Elektrofahrrad k\u00f6nnen Sie zwischen dem reinen Kraftmodus, dem Modus mit Pedalunterst\u00fctzung und dem Arbeitsfahrmodus w\u00e4hlen. Verstellbarer Sattel und Lenkerh\u00f6he f\u00fcr verschiedene Personengr\u00f6\u00dfen, um die perfekte Position f\u00fcr eine bequeme Fahrt zu finden. Geeignet f\u00fcr Teenager und Erwachsene.<\/p>\n<p><strong>Spezifikationen:<\/strong><\/p>\n<p>Marke : SAMEBIKE<\/p>\n<p>Modellnummer :xwlx09<\/p>\n<p>Farbe: grau<\/p>\n<p>Leistungsbereich :50 &#8211; 60 km<\/p>\n<p>Rahmen-Material: Aluminium-Legierung<\/p>\n<p>Radgr\u00f6\u00dfe: 20&#8243;<\/p>\n<p>Maximale Geschwindigkeit: 30-50km\/h<\/p>\n<p>Spannung: 48V<\/p>\n<p>Energieversorgung: Lithium-Batterie<\/p>\n<p>Batterie: Lithium-Batterie f\u00fcr abnehmbare Batterie<\/p>\n<p>Bremse: Mechanische Scheibenbremse<\/p>\n<p>Anzeige: LCD-Anzeige<\/p>\n<p>Aufladezeit: 4-6 Stunden<\/p>\n<p>Unter Kontrolle halten: Zentrale LCD-Anzeige<\/p>\n<p>Kettenschaltung: SHIMANO 7-Gang<\/p>\n<p>Vorderradgabel: Gefederte Gabel<\/p>\n<p>Geschwindigkeit: 30-32 km\/h (25 km\/h begrenzt)<\/p>\n<p>Maximale Belastung: 180 KG<\/p>\n<p>Bruttogewicht: 30 kg<\/p>\n<p>Motor: B\u00fcrstenlos<\/p>\n<p>Zusammenklappbar :ja<\/p>\n<p>Ausf\u00fchrung :Standard<\/p>\n<p>Bemessene Passagierkapazit\u00e4t :Ein Sitz<\/p>","protected":false},"excerpt":{"rendered":"<p>SAMEBIKE E-Bike XWLX09 Elektrofahrrad Klappr\u00e4der, mit 48V Produkte: SAMEBIKE E-Bike XWLX09 -48V Motor: Die maximale Geschwindigkeit kann 30-50km\/h erreichen. Die<\/p>","protected":false},"featured_media":64901,"comment_status":"open","ping_status":"closed","template":"","meta":[],"product_brand":[],"product_cat":[33,34,310],"product_tag":[],"class_list":{"0":"post-48860","1":"product","2":"type-product","3":"status-publish","4":"has-post-thumbnail","6":"product_cat-e-bike","7":"product_cat-e-bike-city-urban","8":"product_cat-e-bike-faltrad","9":"pa_marke-samebike","11":"first","12":"instock","13":"taxable","14":"shipping-taxable","15":"purchasable","16":"product-type-simple"},"yoast_head":"<!-- This site is optimized with the Yoast SEO Premium plugin v20.12 (Yoast SEO v27.1.1) - https:\/\/yoast.com\/product\/yoast-seo-premium-wordpress\/ -->\n<title>SAMEBIKE E-Bike XWLX09 Elektrofahrrad Klappr\u00e4der, mit 48V<\/title>\n<meta name=\"description\" content=\"Entdecken Sie unseren Online-Fahrradladen: Gro\u00dfe Auswahl an Modellen f\u00fcr alle Radsportbegeisterten. Von Rennr\u00e4dern bis zu Mountainbikes - finden Sie heute Ihren perfekten Wegbegleiter!\" \/>\n<meta name=\"robots\" content=\"index, follow, max-snippet:-1, max-image-preview:large, max-video-preview:-1\" \/>\n<link rel=\"canonical\" href=\"https:\/\/kgerad.de\/en\/product\/samebike-e-bike-xwlx09-elektrofahrrad-klappraeder-mit-48v\/\" \/>\n<meta property=\"og:locale\" content=\"en_US\" \/>\n<meta property=\"og:type\" content=\"article\" \/>\n<meta property=\"og:title\" content=\"SAMEBIKE E-Bike XWLX09 Elektrofahrrad Klappr\u00e4der, mit 48V\" \/>\n<meta property=\"og:description\" content=\"Entdecken Sie unseren Online-Fahrradladen: Gro\u00dfe Auswahl an Modellen f\u00fcr alle Radsportbegeisterten. Von Rennr\u00e4dern bis zu Mountainbikes - finden Sie heute Ihren perfekten Wegbegleiter!\" \/>\n<meta property=\"og:url\" content=\"https:\/\/kgerad.de\/en\/product\/samebike-e-bike-xwlx09-elektrofahrrad-klappraeder-mit-48v\/\" \/>\n<meta property=\"og:site_name\" content=\"kgerad.de\" \/>\n<meta property=\"article:modified_time\" content=\"2023-08-10T17:14:04+00:00\" \/>\n<meta property=\"og:image\" content=\"https:\/\/kgerad.de\/wp-content\/uploads\/2023\/06\/SAMEBIKE-E-Bike-XWLX09-Elektrofahrrad-Klappraeder-mit-48V.jpg\" \/>\n\t<meta property=\"og:image:width\" content=\"289\" \/>\n\t<meta property=\"og:image:height\" content=\"300\" \/>\n\t<meta property=\"og:image:type\" content=\"image\/jpeg\" \/>\n<meta name=\"twitter:card\" content=\"summary_large_image\" \/>\n<meta name=\"twitter:label1\" content=\"Est. reading time\" \/>\n\t<meta name=\"twitter:data1\" content=\"2 minutes\" \/>\n<script type=\"application\/ld+json\" class=\"yoast-schema-graph\">{\"@context\":\"https:\/\/schema.org\",\"@graph\":[{\"@type\":\"WebPage\",\"@id\":\"https:\/\/kgerad.de\/produkt\/samebike-e-bike-xwlx09-elektrofahrrad-klappraeder-mit-48v\/\",\"url\":\"https:\/\/kgerad.de\/produkt\/samebike-e-bike-xwlx09-elektrofahrrad-klappraeder-mit-48v\/\",\"name\":\"SAMEBIKE E-Bike XWLX09 Elektrofahrrad Klappr\u00e4der, mit 48V\",\"isPartOf\":{\"@id\":\"https:\/\/kgerad.de\/#website\"},\"primaryImageOfPage\":{\"@id\":\"https:\/\/kgerad.de\/produkt\/samebike-e-bike-xwlx09-elektrofahrrad-klappraeder-mit-48v\/#primaryimage\"},\"image\":{\"@id\":\"https:\/\/kgerad.de\/produkt\/samebike-e-bike-xwlx09-elektrofahrrad-klappraeder-mit-48v\/#primaryimage\"},\"thumbnailUrl\":\"https:\/\/kgerad.de\/wp-content\/uploads\/2023\/06\/SAMEBIKE-E-Bike-XWLX09-Elektrofahrrad-Klappraeder-mit-48V.jpg\",\"datePublished\":\"2022-12-08T11:53:28+00:00\",\"dateModified\":\"2023-08-10T17:14:04+00:00\",\"description\":\"Entdecken Sie unseren Online-Fahrradladen: Gro\u00dfe Auswahl an Modellen f\u00fcr alle Radsportbegeisterten. Von Rennr\u00e4dern bis zu Mountainbikes - finden Sie heute Ihren perfekten Wegbegleiter!\",\"breadcrumb\":{\"@id\":\"https:\/\/kgerad.de\/produkt\/samebike-e-bike-xwlx09-elektrofahrrad-klappraeder-mit-48v\/#breadcrumb\"},\"inLanguage\":\"en-US\",\"potentialAction\":[{\"@type\":\"ReadAction\",\"target\":[\"https:\/\/kgerad.de\/produkt\/samebike-e-bike-xwlx09-elektrofahrrad-klappraeder-mit-48v\/\"]}]},{\"@type\":\"ImageObject\",\"inLanguage\":\"en-US\",\"@id\":\"https:\/\/kgerad.de\/produkt\/samebike-e-bike-xwlx09-elektrofahrrad-klappraeder-mit-48v\/#primaryimage\",\"url\":\"https:\/\/kgerad.de\/wp-content\/uploads\/2023\/06\/SAMEBIKE-E-Bike-XWLX09-Elektrofahrrad-Klappraeder-mit-48V.jpg\",\"contentUrl\":\"https:\/\/kgerad.de\/wp-content\/uploads\/2023\/06\/SAMEBIKE-E-Bike-XWLX09-Elektrofahrrad-Klappraeder-mit-48V.jpg\",\"width\":289,\"height\":300},{\"@type\":\"BreadcrumbList\",\"@id\":\"https:\/\/kgerad.de\/produkt\/samebike-e-bike-xwlx09-elektrofahrrad-klappraeder-mit-48v\/#breadcrumb\",\"itemListElement\":[{\"@type\":\"ListItem\",\"position\":1,\"name\":\"Startseite\",\"item\":\"https:\/\/kgerad.de\/\"},{\"@type\":\"ListItem\",\"position\":2,\"name\":\"LADEN\",\"item\":\"https:\/\/kgerad.de\/laden\/\"},{\"@type\":\"ListItem\",\"position\":3,\"name\":\"SAMEBIKE E-Bike XWLX09 Elektrofahrrad Klappr\u00e4der, mit 48V\"}]},{\"@type\":\"WebSite\",\"@id\":\"https:\/\/kgerad.de\/#website\",\"url\":\"https:\/\/kgerad.de\/\",\"name\":\"kgerad.de\",\"description\":\"Treten Sie mit uns ins Abenteuer!\",\"publisher\":{\"@id\":\"https:\/\/kgerad.de\/#organization\"},\"alternateName\":\"MEIN RADLADEN\",\"potentialAction\":[{\"@type\":\"SearchAction\",\"target\":{\"@type\":\"EntryPoint\",\"urlTemplate\":\"https:\/\/kgerad.de\/?s={search_term_string}\"},\"query-input\":{\"@type\":\"PropertyValueSpecification\",\"valueRequired\":true,\"valueName\":\"search_term_string\"}}],\"inLanguage\":\"en-US\"},{\"@type\":\"Organization\",\"@id\":\"https:\/\/kgerad.de\/#organization\",\"name\":\"MEINRADLADEN\",\"alternateName\":\"MEIN RADLADEN\",\"url\":\"https:\/\/kgerad.de\/\",\"logo\":{\"@type\":\"ImageObject\",\"inLanguage\":\"en-US\",\"@id\":\"https:\/\/kgerad.de\/#\/schema\/logo\/image\/\",\"url\":\"https:\/\/kgerad.de\/wp-content\/uploads\/2025\/07\/logo-Whit.svg\",\"contentUrl\":\"https:\/\/kgerad.de\/wp-content\/uploads\/2025\/07\/logo-Whit.svg\",\"width\":1640,\"height\":371,\"caption\":\"MEINRADLADEN\"},\"image\":{\"@id\":\"https:\/\/kgerad.de\/#\/schema\/logo\/image\/\"}}]}<\/script>\n<!-- \/ Yoast SEO Premium plugin. -->","yoast_head_json":{"title":"SAMEBIKE E-Bike XWLX09 Elektrofahrrad Klappr\u00e4der, mit 48V","description":"Entdecken Sie unseren Online-Fahrradladen: Gro\u00dfe Auswahl an Modellen f\u00fcr alle Radsportbegeisterten. Von Rennr\u00e4dern bis zu Mountainbikes - finden Sie heute Ihren perfekten Wegbegleiter!","robots":{"index":"index","follow":"follow","max-snippet":"max-snippet:-1","max-image-preview":"max-image-preview:large","max-video-preview":"max-video-preview:-1"},"canonical":"https:\/\/kgerad.de\/en\/product\/samebike-e-bike-xwlx09-elektrofahrrad-klappraeder-mit-48v\/","og_locale":"en_US","og_type":"article","og_title":"SAMEBIKE E-Bike XWLX09 Elektrofahrrad Klappr\u00e4der, mit 48V","og_description":"Entdecken Sie unseren Online-Fahrradladen: Gro\u00dfe Auswahl an Modellen f\u00fcr alle Radsportbegeisterten. Von Rennr\u00e4dern bis zu Mountainbikes - finden Sie heute Ihren perfekten Wegbegleiter!","og_url":"https:\/\/kgerad.de\/en\/product\/samebike-e-bike-xwlx09-elektrofahrrad-klappraeder-mit-48v\/","og_site_name":"kgerad.de","article_modified_time":"2023-08-10T17:14:04+00:00","og_image":[{"width":289,"height":300,"url":"https:\/\/kgerad.de\/wp-content\/uploads\/2023\/06\/SAMEBIKE-E-Bike-XWLX09-Elektrofahrrad-Klappraeder-mit-48V.jpg","type":"image\/jpeg"}],"twitter_card":"summary_large_image","twitter_misc":{"Est. reading time":"2 minutes"},"schema":{"@context":"https:\/\/schema.org","@graph":[{"@type":"WebPage","@id":"https:\/\/kgerad.de\/produkt\/samebike-e-bike-xwlx09-elektrofahrrad-klappraeder-mit-48v\/","url":"https:\/\/kgerad.de\/produkt\/samebike-e-bike-xwlx09-elektrofahrrad-klappraeder-mit-48v\/","name":"SAMEBIKE E-Bike XWLX09 Elektrofahrrad Klappr\u00e4der, mit 48V","isPartOf":{"@id":"https:\/\/kgerad.de\/#website"},"primaryImageOfPage":{"@id":"https:\/\/kgerad.de\/produkt\/samebike-e-bike-xwlx09-elektrofahrrad-klappraeder-mit-48v\/#primaryimage"},"image":{"@id":"https:\/\/kgerad.de\/produkt\/samebike-e-bike-xwlx09-elektrofahrrad-klappraeder-mit-48v\/#primaryimage"},"thumbnailUrl":"https:\/\/kgerad.de\/wp-content\/uploads\/2023\/06\/SAMEBIKE-E-Bike-XWLX09-Elektrofahrrad-Klappraeder-mit-48V.jpg","datePublished":"2022-12-08T11:53:28+00:00","dateModified":"2023-08-10T17:14:04+00:00","description":"Entdecken Sie unseren Online-Fahrradladen: Gro\u00dfe Auswahl an Modellen f\u00fcr alle Radsportbegeisterten. Von Rennr\u00e4dern bis zu Mountainbikes - finden Sie heute Ihren perfekten Wegbegleiter!","breadcrumb":{"@id":"https:\/\/kgerad.de\/produkt\/samebike-e-bike-xwlx09-elektrofahrrad-klappraeder-mit-48v\/#breadcrumb"},"inLanguage":"en-US","potentialAction":[{"@type":"ReadAction","target":["https:\/\/kgerad.de\/produkt\/samebike-e-bike-xwlx09-elektrofahrrad-klappraeder-mit-48v\/"]}]},{"@type":"ImageObject","inLanguage":"en-US","@id":"https:\/\/kgerad.de\/produkt\/samebike-e-bike-xwlx09-elektrofahrrad-klappraeder-mit-48v\/#primaryimage","url":"https:\/\/kgerad.de\/wp-content\/uploads\/2023\/06\/SAMEBIKE-E-Bike-XWLX09-Elektrofahrrad-Klappraeder-mit-48V.jpg","contentUrl":"https:\/\/kgerad.de\/wp-content\/uploads\/2023\/06\/SAMEBIKE-E-Bike-XWLX09-Elektrofahrrad-Klappraeder-mit-48V.jpg","width":289,"height":300},{"@type":"BreadcrumbList","@id":"https:\/\/kgerad.de\/produkt\/samebike-e-bike-xwlx09-elektrofahrrad-klappraeder-mit-48v\/#breadcrumb","itemListElement":[{"@type":"ListItem","position":1,"name":"Startseite","item":"https:\/\/kgerad.de\/"},{"@type":"ListItem","position":2,"name":"LADEN","item":"https:\/\/kgerad.de\/laden\/"},{"@type":"ListItem","position":3,"name":"SAMEBIKE E-Bike XWLX09 Elektrofahrrad Klappr\u00e4der, mit 48V"}]},{"@type":"WebSite","@id":"https:\/\/kgerad.de\/#website","url":"https:\/\/kgerad.de\/","name":"kgerad.de","description":"Treten Sie mit uns ins Abenteuer!","publisher":{"@id":"https:\/\/kgerad.de\/#organization"},"alternateName":"MEIN RADLADEN","potentialAction":[{"@type":"SearchAction","target":{"@type":"EntryPoint","urlTemplate":"https:\/\/kgerad.de\/?s={search_term_string}"},"query-input":{"@type":"PropertyValueSpecification","valueRequired":true,"valueName":"search_term_string"}}],"inLanguage":"en-US"},{"@type":"Organization","@id":"https:\/\/kgerad.de\/#organization","name":"MEINRADLADEN","alternateName":"MEIN RADLADEN","url":"https:\/\/kgerad.de\/","logo":{"@type":"ImageObject","inLanguage":"en-US","@id":"https:\/\/kgerad.de\/#\/schema\/logo\/image\/","url":"https:\/\/kgerad.de\/wp-content\/uploads\/2025\/07\/logo-Whit.svg","contentUrl":"https:\/\/kgerad.de\/wp-content\/uploads\/2025\/07\/logo-Whit.svg","width":1640,"height":371,"caption":"MEINRADLADEN"},"image":{"@id":"https:\/\/kgerad.de\/#\/schema\/logo\/image\/"}}]}},"_links":{"self":[{"href":"https:\/\/kgerad.de\/en\/wp-json\/wp\/v2\/product\/48860","targetHints":{"allow":["GET"]}}],"collection":[{"href":"https:\/\/kgerad.de\/en\/wp-json\/wp\/v2\/product"}],"about":[{"href":"https:\/\/kgerad.de\/en\/wp-json\/wp\/v2\/types\/product"}],"replies":[{"embeddable":true,"href":"https:\/\/kgerad.de\/en\/wp-json\/wp\/v2\/comments?post=48860"}],"version-history":[{"count":1,"href":"https:\/\/kgerad.de\/en\/wp-json\/wp\/v2\/product\/48860\/revisions"}],"predecessor-version":[{"id":78685,"href":"https:\/\/kgerad.de\/en\/wp-json\/wp\/v2\/product\/48860\/revisions\/78685"}],"wp:featuredmedia":[{"embeddable":true,"href":"https:\/\/kgerad.de\/en\/wp-json\/wp\/v2\/media\/64901"}],"wp:attachment":[{"href":"https:\/\/kgerad.de\/en\/wp-json\/wp\/v2\/media?parent=48860"}],"wp:term":[{"taxonomy":"product_brand","embeddable":true,"href":"https:\/\/kgerad.de\/en\/wp-json\/wp\/v2\/product_brand?post=48860"},{"taxonomy":"product_cat","embeddable":true,"href":"https:\/\/kgerad.de\/en\/wp-json\/wp\/v2\/product_cat?post=48860"},{"taxonomy":"product_tag","embeddable":true,"href":"https:\/\/kgerad.de\/en\/wp-json\/wp\/v2\/product_tag?post=48860"}],"curies":[{"name":"wp","href":"https:\/\/api.w.org\/{rel}","templated":true}]}}