{"id":48850,"date":"2022-12-08T12:40:29","date_gmt":"2022-12-08T11:40:29","guid":{"rendered":"https:\/\/kgerad.de\/?post_type=product&#038;p=48850"},"modified":"2025-03-21T09:58:41","modified_gmt":"2025-03-21T08:58:41","slug":"aktivelo-alu-elektro-faltrad-komfort-20-zoll","status":"publish","type":"product","link":"https:\/\/kgerad.de\/en\/product\/aktivelo-alu-elektro-faltrad-komfort-20-zoll\/","title":{"rendered":"Aktivelo Alu-Elektro-Faltrad Komfort, 20 Zoll"},"content":{"rendered":"<h2 class=\"rd-title\" title=\"aktivelo Alu-Elektro-Faltrad Komfort, 20 Zoll\">Aktivelo Alu-Elektro-Faltrad Komfort, 20 Zoll<\/h2>\n<div class=\"rd-product-description__top-accordion-content\">\n<div class=\"rd-product-description__top-accordion-content-description\">\n<p>Erleben Sie auf diesem hochwertigen Aktivelo Alu-Elektro-Faltrad ein besonderes Fahrvergn\u00fcgen! Er sorgt f\u00fcr einen tiefen Schwerpunkt und erm\u00f6glicht damit ein sicheres Fahrgef\u00fchl sowie eine verringerte Sturzgefahr. Das klappbare E-Bike \u00fcberzeugt zudem mit hochwertigen Komponenten und vielen durchdachten Details sowie einer geringen St\u00f6ranf\u00e4lligkeit. Ideal f\u00fcr E-Bike-Einsteiger und \u00e4ltere Menschen.<\/p>\n<p><b>Praktischer Klapp-Mechanismus und hochwertiger Alu-Rahmen<\/b><\/p>\n<p>Mit wenigen Griffen klappen Sie Ihr Elektrorad zusammen und verstauen es bequem im Kofferraum. Zugleich \u00fcberzeugt der hochwertige Alu-Rahmen mit zuverl\u00e4ssiger Stabilit\u00e4t. Dank per Schnellverschluss verstellbarem Lenker und Sattel passt sich Ihr E-Bike au\u00dferdem genau an Ihre K\u00f6rpergr\u00f6\u00dfe an.<\/p>\n<p><b>Hochwertige Details f\u00fcr viel Komfort und Sicherheit<\/b><\/p>\n<p>Der leistungsstarke Akku, die hochwertigen Bremsen, die gute Beleuchtung und die einfach bedienbare 7-Gang SHIMANO NEXIS Nabenschaltung sorgen f\u00fcr Sicherheit und Alltagstauglichkeit. Auf dem \u00fcbersichtlichen Display behalten Sie alle wichtigen Daten im Blick.<\/p>\n<p>&nbsp;<\/p>\n<h4><b>Weitere Details:<\/b><\/h4>\n<p>&nbsp;<\/p>\n<ul>\n<li>Wartungsfreier 250 Watt Mittelmotor<\/li>\n<li>Lithium-Ionen-Akku (Ladezeit ca. 3 &#8211; 5 Std.)<\/li>\n<li>Motorunterst\u00fctzung bis max. 25km\/h<\/li>\n<li>5 Motorunterst\u00fctzungsstufen<\/li>\n<li>Anfahr-\/ Schiebehilfe bis 6 km\/h<\/li>\n<li>Leichter, verwindungssteifer Alu-Rahmen, leicht faltbar<\/li>\n<li>7-Gang SHIMANO NEXUS Nabenschaltung<\/li>\n<li>Lenker &amp; Sattel h\u00f6henverstellbar (Schnellverschluss)<\/li>\n<li>Rahmenh\u00f6he: 40 cm<\/li>\n<li>Ma\u00dfe aufgebaut: B 62 x H 80-98 x L 160 cm<\/li>\n<li>Ma\u00dfe gefaltet: B 46 x H 68 x L 83 cm<\/li>\n<li>Display-Anzeige: Akku-Ladezustand, Motorunterst\u00fctzungsstufe, H\u00f6chst- und Durchschnitts-Geschwindigkeit, verschiedene Distanzen, Zeit<\/li>\n<li>Felgenbreme vorne, Rollenbremse hinten<\/li>\n<li>Schutzbleche vorne &amp; hinten<\/li>\n<li>Lieferung inkl. Ladeger\u00e4t<\/li>\n<li>Reichweite: 70-80 km<\/li>\n<li>Belastbar bis: 120 kg<\/li>\n<li>Gep\u00e4cktr\u00e4ger belastbar bis: 15 kg<\/li>\n<li>Gewicht inkl. Akku: ca. 22,2 kg<\/li>\n<li>Akkukapazit\u00e4t: 10400 mAh<\/li>\n<li>Akkuspannung: 36 V<\/li>\n<\/ul>\n<p>SICHERES FAHRGEF\u00dcHL: Der Mittelmotor sorgt f\u00fcr einen tieferen Schwerpunkt und damit f\u00fcr ein stabiles Fahrgef\u00fchl bei geringerer Sturzgefahr. EINFACH FALTBAR: Dank praktischem Klappmechanismus k\u00f6nnen Sie dieses Klapp-E-Bike einfach falten und platzsparend verstauen oder transportieren. LEICHTER ALURAHMEN: Der leichte und zugleich stabile Alurahmen tr\u00e4gt zur optimalen Mobilit\u00e4t dieses Elektrorades bei. LEISTUNGSSTARKER AKKU: Mit dem modernen Lithium-Ionen-Akku erhalten Sie R\u00fcckenwind auf allen Strecken und meistern auch Anfahrt und Steigungen m\u00fchelos. HOCHWERTIGE KOMPONENTEN: Die hochwertige Verarbeitung aller Komponenten machen dieses E-Bike zum zuverl\u00e4ssigen Begleiter auf allen Strecken.<\/p>\n<\/div>\n<\/div>","protected":false},"excerpt":{"rendered":"<p>Aktivelo Alu-Elektro-Faltrad Komfort, 20 Zoll Erleben Sie auf diesem hochwertigen Aktivelo Alu-Elektro-Faltrad ein besonderes Fahrvergn\u00fcgen! Er sorgt f\u00fcr einen tiefen<\/p>","protected":false},"featured_media":64900,"comment_status":"open","ping_status":"closed","template":"","meta":[],"product_brand":[],"product_cat":[33,34,310],"product_tag":[],"class_list":{"0":"post-48850","1":"product","2":"type-product","3":"status-publish","4":"has-post-thumbnail","6":"product_cat-e-bike","7":"product_cat-e-bike-city-urban","8":"product_cat-e-bike-faltrad","9":"pa_marke-aktivelo","11":"first","12":"instock","13":"taxable","14":"shipping-taxable","15":"purchasable","16":"product-type-simple"},"yoast_head":"<!-- This site is optimized with the Yoast SEO Premium plugin v20.12 (Yoast SEO v27.1.1) - https:\/\/yoast.com\/product\/yoast-seo-premium-wordpress\/ -->\n<title>Aktivelo Alu-Elektro-Faltrad Komfort, 20 Zoll<\/title>\n<meta name=\"description\" content=\"Entdecken Sie unseren Online-Fahrradladen: Gro\u00dfe Auswahl an Modellen f\u00fcr alle Radsportbegeisterten. Von Rennr\u00e4dern bis zu Mountainbikes - finden Sie heute Ihren perfekten Wegbegleiter!\" \/>\n<meta name=\"robots\" content=\"index, follow, max-snippet:-1, max-image-preview:large, max-video-preview:-1\" \/>\n<link rel=\"canonical\" href=\"https:\/\/kgerad.de\/en\/product\/aktivelo-alu-elektro-faltrad-komfort-20-zoll\/\" \/>\n<meta property=\"og:locale\" content=\"en_US\" \/>\n<meta property=\"og:type\" content=\"article\" \/>\n<meta property=\"og:title\" content=\"Aktivelo Alu-Elektro-Faltrad Komfort, 20 Zoll\" \/>\n<meta property=\"og:description\" content=\"Entdecken Sie unseren Online-Fahrradladen: Gro\u00dfe Auswahl an Modellen f\u00fcr alle Radsportbegeisterten. Von Rennr\u00e4dern bis zu Mountainbikes - finden Sie heute Ihren perfekten Wegbegleiter!\" \/>\n<meta property=\"og:url\" content=\"https:\/\/kgerad.de\/en\/product\/aktivelo-alu-elektro-faltrad-komfort-20-zoll\/\" \/>\n<meta property=\"og:site_name\" content=\"kgerad.de\" \/>\n<meta property=\"article:modified_time\" content=\"2025-03-21T08:58:41+00:00\" \/>\n<meta property=\"og:image\" content=\"https:\/\/kgerad.de\/wp-content\/uploads\/2023\/06\/4be2aa94d8073fc3dc2a278d10fa51a0-1.webp\" \/>\n\t<meta property=\"og:image:width\" content=\"2048\" \/>\n\t<meta property=\"og:image:height\" content=\"2048\" \/>\n\t<meta property=\"og:image:type\" content=\"image\/webp\" \/>\n<meta name=\"twitter:card\" content=\"summary_large_image\" \/>\n<meta name=\"twitter:label1\" content=\"Est. reading time\" \/>\n\t<meta name=\"twitter:data1\" content=\"2 minutes\" \/>\n<script type=\"application\/ld+json\" class=\"yoast-schema-graph\">{\"@context\":\"https:\/\/schema.org\",\"@graph\":[{\"@type\":\"WebPage\",\"@id\":\"https:\/\/kgerad.de\/produkt\/aktivelo-alu-elektro-faltrad-komfort-20-zoll\/\",\"url\":\"https:\/\/kgerad.de\/produkt\/aktivelo-alu-elektro-faltrad-komfort-20-zoll\/\",\"name\":\"Aktivelo Alu-Elektro-Faltrad Komfort, 20 Zoll\",\"isPartOf\":{\"@id\":\"https:\/\/kgerad.de\/#website\"},\"primaryImageOfPage\":{\"@id\":\"https:\/\/kgerad.de\/produkt\/aktivelo-alu-elektro-faltrad-komfort-20-zoll\/#primaryimage\"},\"image\":{\"@id\":\"https:\/\/kgerad.de\/produkt\/aktivelo-alu-elektro-faltrad-komfort-20-zoll\/#primaryimage\"},\"thumbnailUrl\":\"https:\/\/kgerad.de\/wp-content\/uploads\/2023\/06\/4be2aa94d8073fc3dc2a278d10fa51a0-1.webp\",\"datePublished\":\"2022-12-08T11:40:29+00:00\",\"dateModified\":\"2025-03-21T08:58:41+00:00\",\"description\":\"Entdecken Sie unseren Online-Fahrradladen: Gro\u00dfe Auswahl an Modellen f\u00fcr alle Radsportbegeisterten. Von Rennr\u00e4dern bis zu Mountainbikes - finden Sie heute Ihren perfekten Wegbegleiter!\",\"breadcrumb\":{\"@id\":\"https:\/\/kgerad.de\/produkt\/aktivelo-alu-elektro-faltrad-komfort-20-zoll\/#breadcrumb\"},\"inLanguage\":\"en-US\",\"potentialAction\":[{\"@type\":\"ReadAction\",\"target\":[\"https:\/\/kgerad.de\/produkt\/aktivelo-alu-elektro-faltrad-komfort-20-zoll\/\"]}]},{\"@type\":\"ImageObject\",\"inLanguage\":\"en-US\",\"@id\":\"https:\/\/kgerad.de\/produkt\/aktivelo-alu-elektro-faltrad-komfort-20-zoll\/#primaryimage\",\"url\":\"https:\/\/kgerad.de\/wp-content\/uploads\/2023\/06\/4be2aa94d8073fc3dc2a278d10fa51a0-1.webp\",\"contentUrl\":\"https:\/\/kgerad.de\/wp-content\/uploads\/2023\/06\/4be2aa94d8073fc3dc2a278d10fa51a0-1.webp\",\"width\":2048,\"height\":2048},{\"@type\":\"BreadcrumbList\",\"@id\":\"https:\/\/kgerad.de\/produkt\/aktivelo-alu-elektro-faltrad-komfort-20-zoll\/#breadcrumb\",\"itemListElement\":[{\"@type\":\"ListItem\",\"position\":1,\"name\":\"Startseite\",\"item\":\"https:\/\/kgerad.de\/\"},{\"@type\":\"ListItem\",\"position\":2,\"name\":\"LADEN\",\"item\":\"https:\/\/kgerad.de\/laden\/\"},{\"@type\":\"ListItem\",\"position\":3,\"name\":\"Aktivelo Alu-Elektro-Faltrad Komfort, 20 Zoll\"}]},{\"@type\":\"WebSite\",\"@id\":\"https:\/\/kgerad.de\/#website\",\"url\":\"https:\/\/kgerad.de\/\",\"name\":\"kgerad.de\",\"description\":\"Treten Sie mit uns ins Abenteuer!\",\"publisher\":{\"@id\":\"https:\/\/kgerad.de\/#organization\"},\"alternateName\":\"MEIN RADLADEN\",\"potentialAction\":[{\"@type\":\"SearchAction\",\"target\":{\"@type\":\"EntryPoint\",\"urlTemplate\":\"https:\/\/kgerad.de\/?s={search_term_string}\"},\"query-input\":{\"@type\":\"PropertyValueSpecification\",\"valueRequired\":true,\"valueName\":\"search_term_string\"}}],\"inLanguage\":\"en-US\"},{\"@type\":\"Organization\",\"@id\":\"https:\/\/kgerad.de\/#organization\",\"name\":\"MEINRADLADEN\",\"alternateName\":\"MEIN RADLADEN\",\"url\":\"https:\/\/kgerad.de\/\",\"logo\":{\"@type\":\"ImageObject\",\"inLanguage\":\"en-US\",\"@id\":\"https:\/\/kgerad.de\/#\/schema\/logo\/image\/\",\"url\":\"https:\/\/kgerad.de\/wp-content\/uploads\/2025\/07\/logo-Whit.svg\",\"contentUrl\":\"https:\/\/kgerad.de\/wp-content\/uploads\/2025\/07\/logo-Whit.svg\",\"width\":1640,\"height\":371,\"caption\":\"MEINRADLADEN\"},\"image\":{\"@id\":\"https:\/\/kgerad.de\/#\/schema\/logo\/image\/\"}}]}<\/script>\n<!-- \/ Yoast SEO Premium plugin. -->","yoast_head_json":{"title":"Aktivelo Alu-Elektro-Faltrad Komfort, 20 Zoll","description":"Entdecken Sie unseren Online-Fahrradladen: Gro\u00dfe Auswahl an Modellen f\u00fcr alle Radsportbegeisterten. Von Rennr\u00e4dern bis zu Mountainbikes - finden Sie heute Ihren perfekten Wegbegleiter!","robots":{"index":"index","follow":"follow","max-snippet":"max-snippet:-1","max-image-preview":"max-image-preview:large","max-video-preview":"max-video-preview:-1"},"canonical":"https:\/\/kgerad.de\/en\/product\/aktivelo-alu-elektro-faltrad-komfort-20-zoll\/","og_locale":"en_US","og_type":"article","og_title":"Aktivelo Alu-Elektro-Faltrad Komfort, 20 Zoll","og_description":"Entdecken Sie unseren Online-Fahrradladen: Gro\u00dfe Auswahl an Modellen f\u00fcr alle Radsportbegeisterten. Von Rennr\u00e4dern bis zu Mountainbikes - finden Sie heute Ihren perfekten Wegbegleiter!","og_url":"https:\/\/kgerad.de\/en\/product\/aktivelo-alu-elektro-faltrad-komfort-20-zoll\/","og_site_name":"kgerad.de","article_modified_time":"2025-03-21T08:58:41+00:00","og_image":[{"width":2048,"height":2048,"url":"https:\/\/kgerad.de\/wp-content\/uploads\/2023\/06\/4be2aa94d8073fc3dc2a278d10fa51a0-1.webp","type":"image\/webp"}],"twitter_card":"summary_large_image","twitter_misc":{"Est. reading time":"2 minutes"},"schema":{"@context":"https:\/\/schema.org","@graph":[{"@type":"WebPage","@id":"https:\/\/kgerad.de\/produkt\/aktivelo-alu-elektro-faltrad-komfort-20-zoll\/","url":"https:\/\/kgerad.de\/produkt\/aktivelo-alu-elektro-faltrad-komfort-20-zoll\/","name":"Aktivelo Alu-Elektro-Faltrad Komfort, 20 Zoll","isPartOf":{"@id":"https:\/\/kgerad.de\/#website"},"primaryImageOfPage":{"@id":"https:\/\/kgerad.de\/produkt\/aktivelo-alu-elektro-faltrad-komfort-20-zoll\/#primaryimage"},"image":{"@id":"https:\/\/kgerad.de\/produkt\/aktivelo-alu-elektro-faltrad-komfort-20-zoll\/#primaryimage"},"thumbnailUrl":"https:\/\/kgerad.de\/wp-content\/uploads\/2023\/06\/4be2aa94d8073fc3dc2a278d10fa51a0-1.webp","datePublished":"2022-12-08T11:40:29+00:00","dateModified":"2025-03-21T08:58:41+00:00","description":"Entdecken Sie unseren Online-Fahrradladen: Gro\u00dfe Auswahl an Modellen f\u00fcr alle Radsportbegeisterten. Von Rennr\u00e4dern bis zu Mountainbikes - finden Sie heute Ihren perfekten Wegbegleiter!","breadcrumb":{"@id":"https:\/\/kgerad.de\/produkt\/aktivelo-alu-elektro-faltrad-komfort-20-zoll\/#breadcrumb"},"inLanguage":"en-US","potentialAction":[{"@type":"ReadAction","target":["https:\/\/kgerad.de\/produkt\/aktivelo-alu-elektro-faltrad-komfort-20-zoll\/"]}]},{"@type":"ImageObject","inLanguage":"en-US","@id":"https:\/\/kgerad.de\/produkt\/aktivelo-alu-elektro-faltrad-komfort-20-zoll\/#primaryimage","url":"https:\/\/kgerad.de\/wp-content\/uploads\/2023\/06\/4be2aa94d8073fc3dc2a278d10fa51a0-1.webp","contentUrl":"https:\/\/kgerad.de\/wp-content\/uploads\/2023\/06\/4be2aa94d8073fc3dc2a278d10fa51a0-1.webp","width":2048,"height":2048},{"@type":"BreadcrumbList","@id":"https:\/\/kgerad.de\/produkt\/aktivelo-alu-elektro-faltrad-komfort-20-zoll\/#breadcrumb","itemListElement":[{"@type":"ListItem","position":1,"name":"Startseite","item":"https:\/\/kgerad.de\/"},{"@type":"ListItem","position":2,"name":"LADEN","item":"https:\/\/kgerad.de\/laden\/"},{"@type":"ListItem","position":3,"name":"Aktivelo Alu-Elektro-Faltrad Komfort, 20 Zoll"}]},{"@type":"WebSite","@id":"https:\/\/kgerad.de\/#website","url":"https:\/\/kgerad.de\/","name":"kgerad.de","description":"Treten Sie mit uns ins Abenteuer!","publisher":{"@id":"https:\/\/kgerad.de\/#organization"},"alternateName":"MEIN RADLADEN","potentialAction":[{"@type":"SearchAction","target":{"@type":"EntryPoint","urlTemplate":"https:\/\/kgerad.de\/?s={search_term_string}"},"query-input":{"@type":"PropertyValueSpecification","valueRequired":true,"valueName":"search_term_string"}}],"inLanguage":"en-US"},{"@type":"Organization","@id":"https:\/\/kgerad.de\/#organization","name":"MEINRADLADEN","alternateName":"MEIN RADLADEN","url":"https:\/\/kgerad.de\/","logo":{"@type":"ImageObject","inLanguage":"en-US","@id":"https:\/\/kgerad.de\/#\/schema\/logo\/image\/","url":"https:\/\/kgerad.de\/wp-content\/uploads\/2025\/07\/logo-Whit.svg","contentUrl":"https:\/\/kgerad.de\/wp-content\/uploads\/2025\/07\/logo-Whit.svg","width":1640,"height":371,"caption":"MEINRADLADEN"},"image":{"@id":"https:\/\/kgerad.de\/#\/schema\/logo\/image\/"}}]}},"_links":{"self":[{"href":"https:\/\/kgerad.de\/en\/wp-json\/wp\/v2\/product\/48850","targetHints":{"allow":["GET"]}}],"collection":[{"href":"https:\/\/kgerad.de\/en\/wp-json\/wp\/v2\/product"}],"about":[{"href":"https:\/\/kgerad.de\/en\/wp-json\/wp\/v2\/types\/product"}],"replies":[{"embeddable":true,"href":"https:\/\/kgerad.de\/en\/wp-json\/wp\/v2\/comments?post=48850"}],"version-history":[{"count":1,"href":"https:\/\/kgerad.de\/en\/wp-json\/wp\/v2\/product\/48850\/revisions"}],"predecessor-version":[{"id":78686,"href":"https:\/\/kgerad.de\/en\/wp-json\/wp\/v2\/product\/48850\/revisions\/78686"}],"wp:featuredmedia":[{"embeddable":true,"href":"https:\/\/kgerad.de\/en\/wp-json\/wp\/v2\/media\/64900"}],"wp:attachment":[{"href":"https:\/\/kgerad.de\/en\/wp-json\/wp\/v2\/media?parent=48850"}],"wp:term":[{"taxonomy":"product_brand","embeddable":true,"href":"https:\/\/kgerad.de\/en\/wp-json\/wp\/v2\/product_brand?post=48850"},{"taxonomy":"product_cat","embeddable":true,"href":"https:\/\/kgerad.de\/en\/wp-json\/wp\/v2\/product_cat?post=48850"},{"taxonomy":"product_tag","embeddable":true,"href":"https:\/\/kgerad.de\/en\/wp-json\/wp\/v2\/product_tag?post=48850"}],"curies":[{"name":"wp","href":"https:\/\/api.w.org\/{rel}","templated":true}]}}