{"id":48835,"date":"2022-12-08T12:19:47","date_gmt":"2022-12-08T11:19:47","guid":{"rendered":"https:\/\/kgerad.de\/?post_type=product&#038;p=48835"},"modified":"2023-08-10T19:19:02","modified_gmt":"2023-08-10T17:19:02","slug":"smart-e50-elektrofahrrad-mountainbike-fatbike-klappbar-e-bike-e-faltrad","status":"publish","type":"product","link":"https:\/\/kgerad.de\/en\/product\/smart-e50-elektrofahrrad-mountainbike-fatbike-klappbar-e-bike-e-faltrad\/","title":{"rendered":"Smart E50 Elektrofahrrad Mountainbike Fatbike Klappbar E-Faltrad"},"content":{"rendered":"<h2>Smart E50 Elektrofahrrad Mountainbike Fatbike Klappbar E-Bike E-Faltrad<\/h2>\n<p>Das Smart E50 Elektrofahrrad f\u00fchlt sich auf unbefestigten Wegen und im leichten Gel\u00e4nde zu Hause. Perfekt, um den Wochenendausflug mit einem kleinen Abstecher ins Dickicht zu kr\u00f6nen. Ausgestattet mit einem schnellen b\u00fcrstenlosen Motor und einem 816-Wh-Akku bietet das E50 gen\u00fcgend Power f\u00fcr ausgedehnte E-Bike-Touren durch den Wald.<\/p>\n<p>Das E50-Getriebe mit seinen 21 G\u00e4ngen bietet komfortable und schnelle Schaltvorg\u00e4nge, die f\u00fcr eine gute Beschleunigung sorgen. So kann jede Steigung mit wenig Muskelkraft \u00fcberwunden werden.<\/p>\n<p>Ausgestattet mit einem Vorderradsto\u00dfd\u00e4mpfer und einem Sportsitz lassen sich alle Arten von Fahrb\u00f6den problemlos bew\u00e4ltigen. Die eingebaute mechanische Hydraulikbremse und der Bremshebel mit integrierter Bremsabschaltfunktion sorgen daf\u00fcr, dass Sie bei Bedarf sicher bremsen k\u00f6nnen. Das einzigartige integrierte Akkudesign des Fahrrads verbindet \u00c4sthetik mit hoher Reichweite.<\/p>\n<p>Mit dem SmartAI E50 k\u00f6nnen Sie problemlos die umliegenden Waldwege und Schotterstra\u00dfen befahren. Hochwertige Komponenten sorgen f\u00fcr zuverl\u00e4ssigen Fahrspa\u00df. Mit den Gep\u00e4cktr\u00e4ger- und Schutzblechhalterungen k\u00f6nnen Sie Ihr Reisegut auch im Alltag transportieren.<\/p>\n<p>Ob Pendeln oder Langstrecke, auch abseits der Stra\u00dfe, das E-Bike kann alles.<br \/>\nTechnische Daten<\/p>\n<p>&#8211; Batterie: 17Ah 816Wh Lithium Ion<\/p>\n<p>&#8211; Motor:250W<br \/>\n&#8211; Akku-Ladezeit: 5-6 Stunden<br \/>\n&#8211; Akku-Reichweite: ca. 60-90 km<br \/>\n&#8211; Motorunterst\u00fctzung: bis zu 40 km\/h<br \/>\n&#8211; Bremse: Scheibenbremsen<br \/>\n&#8211; Art der Bremse: Scheibenbremse &#8211; hydraulisch<br \/>\n&#8211; Gabel: Verstellbare Vordergabel<br \/>\n&#8211; Lenker: Lenker aus Aluminiumlegierung<br \/>\n&#8211; Rahmen: Aluminium 6061<br \/>\n&#8211; Sattelst\u00fctze: Aluminium Sattelst\u00fctze<br \/>\n&#8211; Schaltung: 21 Gang<br \/>\n&#8211; Gewicht: 27 kg inklusive 3 kg Akku<br \/>\n&#8211; Radgr\u00f6\u00dfe: 26 Zoll<br \/>\nDaten Anzeige<\/p>\n<p>Batterie, Entfernung, Geschwindigkeit, Motorunterst\u00fctzung, Modus, Licht<\/p>\n<h4>Lieferung<\/h4>\n<p>&#8211; Lieferumfang: Elektro-Mountainbike, Ladeger\u00e4t, Montagewerkzeug, Betriebsanleitung<br \/>\n&#8211; Verpackungsma\u00dfe: 150x 29 x 75 cm<br \/>\n&#8211; Vormontiert: 95% (Vorderrad, Lenker, Pedale demontiert)<\/p>\n<p>Lithium-Akku<br \/>\nEin vollst\u00e4ndig in den Rahmen integrierter Lithium-Akku mit 816Wh sorgt f\u00fcr ausreichend Ausdauer. Mit seinen 816 Wh und 17 Ah ist der Lithium-Akku extrem leistungsstark und erreicht eine Reichweite von bis zu 90 km. Die Reichweite ist immer abh\u00e4ngig von der Fahrweise, dem gew\u00e4hlten Unterst\u00fctzungsmodus und der Beschaffenheit der Strecke. Der Akku kann \u00fcberall aufgeladen werden, wo es eine Steckdose gibt.<\/p>\n<p>Rahmen aus Aluminiumlegierung<br \/>\nDas E50 verwendet eine Luftfahrt-Aluminiumlegierung, die eine h\u00f6here Z\u00e4higkeit und Festigkeit, einen geringeren Windwiderstand und eine bessere Sto\u00dfd\u00e4mpfung aufweist.<\/p>\n<p>Bereifung<br \/>\nDie 26&#215;4.0-Reifen bieten hervorragende Haftung und Fahrstabilit\u00e4t auch auf rutschigem Untergrund.<br \/>\nSo k\u00f6nnen Sie sich sicher f\u00fchlen, egal ob es windig, regnerisch, sonnig oder verschneit ist.<\/p>\n<p>LCD-Anzeige<br \/>\nEin hochaufl\u00f6sendes, hintergrundbeleuchtetes LCD-Display sorgt f\u00fcr einen besseren \u00dcberblick \u00fcber wichtige Daten wie: Geschwindigkeit, zur\u00fcckgelegte Strecke, Batteriestatus. 5 Unterst\u00fctzungsstufen k\u00f6nnen individuell eingestellt werden.<\/p>\n<p>Gefederte Vordergabel<br \/>\nEine reaktionsschnelle Federgabel mit 100 mm Federweg verleiht dem E50 eine hervorragende Traktion. Die Federgabel l\u00e4sst sich arretieren und perfekt auf den Fahrer einstellen &#8211; f\u00fcr ein unvergessliches Fahrerlebnis.<\/p>\n<p>Hydraulische Bremse<br \/>\nDie hydraulischen Bremsen \u00fcberzeugen durch sehr gutes Bremsverhalten und ein schickes Design.<br \/>\nSo k\u00f6nnen Sie flexibel und sicher auf jede Situation reagieren<\/p>","protected":false},"excerpt":{"rendered":"<p>Smart E50 Elektrofahrrad Mountainbike Fatbike Klappbar E-Bike E-Faltrad Das Smart E50 Elektrofahrrad f\u00fchlt sich auf unbefestigten Wegen und im leichten<\/p>","protected":false},"featured_media":64895,"comment_status":"open","ping_status":"closed","template":"","meta":[],"product_brand":[],"product_cat":[33,34,310,475],"product_tag":[],"class_list":{"0":"post-48835","1":"product","2":"type-product","3":"status-publish","4":"has-post-thumbnail","6":"product_cat-e-bike","7":"product_cat-e-bike-city-urban","8":"product_cat-e-bike-faltrad","9":"product_cat-e-mountainbike","10":"pa_marke-smart","12":"first","13":"instock","14":"taxable","15":"shipping-taxable","16":"purchasable","17":"product-type-variable"},"yoast_head":"<!-- This site is optimized with the Yoast SEO Premium plugin v20.12 (Yoast SEO v27.1.1) - https:\/\/yoast.com\/product\/yoast-seo-premium-wordpress\/ -->\n<title>Smart E50 Elektrofahrrad Mountainbike Fatbike Klappbar E-Faltrad<\/title>\n<meta name=\"description\" content=\"Entdecken Sie unseren Online-Fahrradladen: Gro\u00dfe Auswahl an Modellen f\u00fcr alle Radsportbegeisterten. Von Rennr\u00e4dern bis zu Mountainbikes - finden Sie heute Ihren perfekten Wegbegleiter!\" \/>\n<meta name=\"robots\" content=\"index, follow, max-snippet:-1, max-image-preview:large, max-video-preview:-1\" \/>\n<link rel=\"canonical\" href=\"https:\/\/kgerad.de\/en\/product\/smart-e50-elektrofahrrad-mountainbike-fatbike-klappbar-e-bike-e-faltrad\/\" \/>\n<meta property=\"og:locale\" content=\"en_US\" \/>\n<meta property=\"og:type\" content=\"article\" \/>\n<meta property=\"og:title\" content=\"Smart E50 Elektrofahrrad Mountainbike Fatbike Klappbar E-Faltrad\" \/>\n<meta property=\"og:description\" content=\"Entdecken Sie unseren Online-Fahrradladen: Gro\u00dfe Auswahl an Modellen f\u00fcr alle Radsportbegeisterten. Von Rennr\u00e4dern bis zu Mountainbikes - finden Sie heute Ihren perfekten Wegbegleiter!\" \/>\n<meta property=\"og:url\" content=\"https:\/\/kgerad.de\/en\/product\/smart-e50-elektrofahrrad-mountainbike-fatbike-klappbar-e-bike-e-faltrad\/\" \/>\n<meta property=\"og:site_name\" content=\"kgerad.de\" \/>\n<meta property=\"article:modified_time\" content=\"2023-08-10T17:19:02+00:00\" \/>\n<meta property=\"og:image\" content=\"https:\/\/kgerad.de\/wp-content\/uploads\/2023\/06\/232776eae10a01382f20dd9fa62c0e2f.webp\" \/>\n\t<meta property=\"og:image:width\" content=\"2048\" \/>\n\t<meta property=\"og:image:height\" content=\"2048\" \/>\n\t<meta property=\"og:image:type\" content=\"image\/webp\" \/>\n<meta name=\"twitter:card\" content=\"summary_large_image\" \/>\n<meta name=\"twitter:label1\" content=\"Est. reading time\" \/>\n\t<meta name=\"twitter:data1\" content=\"3 minutes\" \/>\n<script type=\"application\/ld+json\" class=\"yoast-schema-graph\">{\"@context\":\"https:\/\/schema.org\",\"@graph\":[{\"@type\":\"WebPage\",\"@id\":\"https:\/\/kgerad.de\/produkt\/smart-e50-elektrofahrrad-mountainbike-fatbike-klappbar-e-bike-e-faltrad\/\",\"url\":\"https:\/\/kgerad.de\/produkt\/smart-e50-elektrofahrrad-mountainbike-fatbike-klappbar-e-bike-e-faltrad\/\",\"name\":\"Smart E50 Elektrofahrrad Mountainbike Fatbike Klappbar E-Faltrad\",\"isPartOf\":{\"@id\":\"https:\/\/kgerad.de\/#website\"},\"primaryImageOfPage\":{\"@id\":\"https:\/\/kgerad.de\/produkt\/smart-e50-elektrofahrrad-mountainbike-fatbike-klappbar-e-bike-e-faltrad\/#primaryimage\"},\"image\":{\"@id\":\"https:\/\/kgerad.de\/produkt\/smart-e50-elektrofahrrad-mountainbike-fatbike-klappbar-e-bike-e-faltrad\/#primaryimage\"},\"thumbnailUrl\":\"https:\/\/kgerad.de\/wp-content\/uploads\/2023\/06\/232776eae10a01382f20dd9fa62c0e2f.webp\",\"datePublished\":\"2022-12-08T11:19:47+00:00\",\"dateModified\":\"2023-08-10T17:19:02+00:00\",\"description\":\"Entdecken Sie unseren Online-Fahrradladen: Gro\u00dfe Auswahl an Modellen f\u00fcr alle Radsportbegeisterten. Von Rennr\u00e4dern bis zu Mountainbikes - finden Sie heute Ihren perfekten Wegbegleiter!\",\"breadcrumb\":{\"@id\":\"https:\/\/kgerad.de\/produkt\/smart-e50-elektrofahrrad-mountainbike-fatbike-klappbar-e-bike-e-faltrad\/#breadcrumb\"},\"inLanguage\":\"en-US\",\"potentialAction\":[{\"@type\":\"ReadAction\",\"target\":[\"https:\/\/kgerad.de\/produkt\/smart-e50-elektrofahrrad-mountainbike-fatbike-klappbar-e-bike-e-faltrad\/\"]}]},{\"@type\":\"ImageObject\",\"inLanguage\":\"en-US\",\"@id\":\"https:\/\/kgerad.de\/produkt\/smart-e50-elektrofahrrad-mountainbike-fatbike-klappbar-e-bike-e-faltrad\/#primaryimage\",\"url\":\"https:\/\/kgerad.de\/wp-content\/uploads\/2023\/06\/232776eae10a01382f20dd9fa62c0e2f.webp\",\"contentUrl\":\"https:\/\/kgerad.de\/wp-content\/uploads\/2023\/06\/232776eae10a01382f20dd9fa62c0e2f.webp\",\"width\":2048,\"height\":2048,\"caption\":\"Smart E50 Elektrofahrrad Mountainbike Fatbike Klappbar E-Bike E-Faltrad\"},{\"@type\":\"BreadcrumbList\",\"@id\":\"https:\/\/kgerad.de\/produkt\/smart-e50-elektrofahrrad-mountainbike-fatbike-klappbar-e-bike-e-faltrad\/#breadcrumb\",\"itemListElement\":[{\"@type\":\"ListItem\",\"position\":1,\"name\":\"Startseite\",\"item\":\"https:\/\/kgerad.de\/\"},{\"@type\":\"ListItem\",\"position\":2,\"name\":\"LADEN\",\"item\":\"https:\/\/kgerad.de\/laden\/\"},{\"@type\":\"ListItem\",\"position\":3,\"name\":\"Smart E50 Elektrofahrrad Mountainbike Fatbike Klappbar E-Faltrad\"}]},{\"@type\":\"WebSite\",\"@id\":\"https:\/\/kgerad.de\/#website\",\"url\":\"https:\/\/kgerad.de\/\",\"name\":\"kgerad.de\",\"description\":\"Treten Sie mit uns ins Abenteuer!\",\"publisher\":{\"@id\":\"https:\/\/kgerad.de\/#organization\"},\"alternateName\":\"MEIN RADLADEN\",\"potentialAction\":[{\"@type\":\"SearchAction\",\"target\":{\"@type\":\"EntryPoint\",\"urlTemplate\":\"https:\/\/kgerad.de\/?s={search_term_string}\"},\"query-input\":{\"@type\":\"PropertyValueSpecification\",\"valueRequired\":true,\"valueName\":\"search_term_string\"}}],\"inLanguage\":\"en-US\"},{\"@type\":\"Organization\",\"@id\":\"https:\/\/kgerad.de\/#organization\",\"name\":\"MEINRADLADEN\",\"alternateName\":\"MEIN RADLADEN\",\"url\":\"https:\/\/kgerad.de\/\",\"logo\":{\"@type\":\"ImageObject\",\"inLanguage\":\"en-US\",\"@id\":\"https:\/\/kgerad.de\/#\/schema\/logo\/image\/\",\"url\":\"https:\/\/kgerad.de\/wp-content\/uploads\/2025\/07\/logo-Whit.svg\",\"contentUrl\":\"https:\/\/kgerad.de\/wp-content\/uploads\/2025\/07\/logo-Whit.svg\",\"width\":1640,\"height\":371,\"caption\":\"MEINRADLADEN\"},\"image\":{\"@id\":\"https:\/\/kgerad.de\/#\/schema\/logo\/image\/\"}}]}<\/script>\n<!-- \/ Yoast SEO Premium plugin. -->","yoast_head_json":{"title":"Smart E50 Elektrofahrrad Mountainbike Fatbike Klappbar E-Faltrad","description":"Entdecken Sie unseren Online-Fahrradladen: Gro\u00dfe Auswahl an Modellen f\u00fcr alle Radsportbegeisterten. Von Rennr\u00e4dern bis zu Mountainbikes - finden Sie heute Ihren perfekten Wegbegleiter!","robots":{"index":"index","follow":"follow","max-snippet":"max-snippet:-1","max-image-preview":"max-image-preview:large","max-video-preview":"max-video-preview:-1"},"canonical":"https:\/\/kgerad.de\/en\/product\/smart-e50-elektrofahrrad-mountainbike-fatbike-klappbar-e-bike-e-faltrad\/","og_locale":"en_US","og_type":"article","og_title":"Smart E50 Elektrofahrrad Mountainbike Fatbike Klappbar E-Faltrad","og_description":"Entdecken Sie unseren Online-Fahrradladen: Gro\u00dfe Auswahl an Modellen f\u00fcr alle Radsportbegeisterten. Von Rennr\u00e4dern bis zu Mountainbikes - finden Sie heute Ihren perfekten Wegbegleiter!","og_url":"https:\/\/kgerad.de\/en\/product\/smart-e50-elektrofahrrad-mountainbike-fatbike-klappbar-e-bike-e-faltrad\/","og_site_name":"kgerad.de","article_modified_time":"2023-08-10T17:19:02+00:00","og_image":[{"width":2048,"height":2048,"url":"https:\/\/kgerad.de\/wp-content\/uploads\/2023\/06\/232776eae10a01382f20dd9fa62c0e2f.webp","type":"image\/webp"}],"twitter_card":"summary_large_image","twitter_misc":{"Est. reading time":"3 minutes"},"schema":{"@context":"https:\/\/schema.org","@graph":[{"@type":"WebPage","@id":"https:\/\/kgerad.de\/produkt\/smart-e50-elektrofahrrad-mountainbike-fatbike-klappbar-e-bike-e-faltrad\/","url":"https:\/\/kgerad.de\/produkt\/smart-e50-elektrofahrrad-mountainbike-fatbike-klappbar-e-bike-e-faltrad\/","name":"Smart E50 Elektrofahrrad Mountainbike Fatbike Klappbar E-Faltrad","isPartOf":{"@id":"https:\/\/kgerad.de\/#website"},"primaryImageOfPage":{"@id":"https:\/\/kgerad.de\/produkt\/smart-e50-elektrofahrrad-mountainbike-fatbike-klappbar-e-bike-e-faltrad\/#primaryimage"},"image":{"@id":"https:\/\/kgerad.de\/produkt\/smart-e50-elektrofahrrad-mountainbike-fatbike-klappbar-e-bike-e-faltrad\/#primaryimage"},"thumbnailUrl":"https:\/\/kgerad.de\/wp-content\/uploads\/2023\/06\/232776eae10a01382f20dd9fa62c0e2f.webp","datePublished":"2022-12-08T11:19:47+00:00","dateModified":"2023-08-10T17:19:02+00:00","description":"Entdecken Sie unseren Online-Fahrradladen: Gro\u00dfe Auswahl an Modellen f\u00fcr alle Radsportbegeisterten. Von Rennr\u00e4dern bis zu Mountainbikes - finden Sie heute Ihren perfekten Wegbegleiter!","breadcrumb":{"@id":"https:\/\/kgerad.de\/produkt\/smart-e50-elektrofahrrad-mountainbike-fatbike-klappbar-e-bike-e-faltrad\/#breadcrumb"},"inLanguage":"en-US","potentialAction":[{"@type":"ReadAction","target":["https:\/\/kgerad.de\/produkt\/smart-e50-elektrofahrrad-mountainbike-fatbike-klappbar-e-bike-e-faltrad\/"]}]},{"@type":"ImageObject","inLanguage":"en-US","@id":"https:\/\/kgerad.de\/produkt\/smart-e50-elektrofahrrad-mountainbike-fatbike-klappbar-e-bike-e-faltrad\/#primaryimage","url":"https:\/\/kgerad.de\/wp-content\/uploads\/2023\/06\/232776eae10a01382f20dd9fa62c0e2f.webp","contentUrl":"https:\/\/kgerad.de\/wp-content\/uploads\/2023\/06\/232776eae10a01382f20dd9fa62c0e2f.webp","width":2048,"height":2048,"caption":"Smart E50 Elektrofahrrad Mountainbike Fatbike Klappbar E-Bike E-Faltrad"},{"@type":"BreadcrumbList","@id":"https:\/\/kgerad.de\/produkt\/smart-e50-elektrofahrrad-mountainbike-fatbike-klappbar-e-bike-e-faltrad\/#breadcrumb","itemListElement":[{"@type":"ListItem","position":1,"name":"Startseite","item":"https:\/\/kgerad.de\/"},{"@type":"ListItem","position":2,"name":"LADEN","item":"https:\/\/kgerad.de\/laden\/"},{"@type":"ListItem","position":3,"name":"Smart E50 Elektrofahrrad Mountainbike Fatbike Klappbar E-Faltrad"}]},{"@type":"WebSite","@id":"https:\/\/kgerad.de\/#website","url":"https:\/\/kgerad.de\/","name":"kgerad.de","description":"Treten Sie mit uns ins Abenteuer!","publisher":{"@id":"https:\/\/kgerad.de\/#organization"},"alternateName":"MEIN RADLADEN","potentialAction":[{"@type":"SearchAction","target":{"@type":"EntryPoint","urlTemplate":"https:\/\/kgerad.de\/?s={search_term_string}"},"query-input":{"@type":"PropertyValueSpecification","valueRequired":true,"valueName":"search_term_string"}}],"inLanguage":"en-US"},{"@type":"Organization","@id":"https:\/\/kgerad.de\/#organization","name":"MEINRADLADEN","alternateName":"MEIN RADLADEN","url":"https:\/\/kgerad.de\/","logo":{"@type":"ImageObject","inLanguage":"en-US","@id":"https:\/\/kgerad.de\/#\/schema\/logo\/image\/","url":"https:\/\/kgerad.de\/wp-content\/uploads\/2025\/07\/logo-Whit.svg","contentUrl":"https:\/\/kgerad.de\/wp-content\/uploads\/2025\/07\/logo-Whit.svg","width":1640,"height":371,"caption":"MEINRADLADEN"},"image":{"@id":"https:\/\/kgerad.de\/#\/schema\/logo\/image\/"}}]}},"_links":{"self":[{"href":"https:\/\/kgerad.de\/en\/wp-json\/wp\/v2\/product\/48835","targetHints":{"allow":["GET"]}}],"collection":[{"href":"https:\/\/kgerad.de\/en\/wp-json\/wp\/v2\/product"}],"about":[{"href":"https:\/\/kgerad.de\/en\/wp-json\/wp\/v2\/types\/product"}],"replies":[{"embeddable":true,"href":"https:\/\/kgerad.de\/en\/wp-json\/wp\/v2\/comments?post=48835"}],"version-history":[{"count":1,"href":"https:\/\/kgerad.de\/en\/wp-json\/wp\/v2\/product\/48835\/revisions"}],"predecessor-version":[{"id":78695,"href":"https:\/\/kgerad.de\/en\/wp-json\/wp\/v2\/product\/48835\/revisions\/78695"}],"wp:featuredmedia":[{"embeddable":true,"href":"https:\/\/kgerad.de\/en\/wp-json\/wp\/v2\/media\/64895"}],"wp:attachment":[{"href":"https:\/\/kgerad.de\/en\/wp-json\/wp\/v2\/media?parent=48835"}],"wp:term":[{"taxonomy":"product_brand","embeddable":true,"href":"https:\/\/kgerad.de\/en\/wp-json\/wp\/v2\/product_brand?post=48835"},{"taxonomy":"product_cat","embeddable":true,"href":"https:\/\/kgerad.de\/en\/wp-json\/wp\/v2\/product_cat?post=48835"},{"taxonomy":"product_tag","embeddable":true,"href":"https:\/\/kgerad.de\/en\/wp-json\/wp\/v2\/product_tag?post=48835"}],"curies":[{"name":"wp","href":"https:\/\/api.w.org\/{rel}","templated":true}]}}