{"id":48824,"date":"2022-12-08T11:58:09","date_gmt":"2022-12-08T10:58:09","guid":{"rendered":"https:\/\/kgerad.de\/?post_type=product&#038;p=48824"},"modified":"2023-08-10T19:18:36","modified_gmt":"2023-08-10T17:18:36","slug":"ncm-bikes-paris-20-weiss-e-faltrad-e-klapprad-damen-und-herren","status":"publish","type":"product","link":"https:\/\/kgerad.de\/en\/product\/ncm-bikes-paris-20-weiss-e-faltrad-e-klapprad-damen-und-herren\/","title":{"rendered":"NCM Bikes Paris+, 20&#8243;, wei\u00df, E-Faltrad E-Klapprad, Damen"},"content":{"rendered":"<h2>NCM Bikes Paris+, 20&#8243;, wei\u00df, E-Faltrad E-Klapprad, Damen und Herren<\/h2>\n<div>\n<div>\n<div>\n<div>\n<div>\n<div>NCM Bikes Paris+ wurde 2014 in Hannover in Niedersachsen als Marke der Leon Cycle GmbH gegr\u00fcndet, und schafft es seither mehr und mehr sich einen Namen in der E-Bike Szene zu verschaffen. Doch wof\u00fcr steht eigentlich NCM? Diese drei Buchstaben stehen f\u00fcr Nickel, Cobalt und Mangan, welches Bestandteile eines Akkus f\u00fcr Elektrofahrr\u00e4der sind. Bekannt Ist die Marke f\u00fcr Pedelecs mit englischen Namen von bekannten St\u00e4dten wie beispielsweise Moscow, Milano oder London.<\/div>\n<\/div>\n<\/div>\n<\/div>\n<\/div>\n<div>\n<div>\n<hr \/>\n<div>\n<h3>NCM Paris+<\/h3>\n<div>Ein E-Bike, welches sich perfekt zum Pendeln eignet und trotzdem viel Komfort mitbringt? Das ist das NCM Paris+! Der leistungsstarke Das-Kit Hinterradmotor mit 40 Nm, hat genug Power um dich im stressigen Stadtverkehr entspann an jeden Ort zu bringen. Reichweiten von bis zu 130 km sind f\u00fcr das Pedelec mit 684 Wh kein Problem und somit auch optimal f\u00fcr eine Radtour im Campingurlaub. Dank der RST Carve Federgabel und den komfortablen Schwalbe 2,0&#8243; Reifen hat man zu jedem Zeitpunkt die volle Kontrolle \u00fcber das Elektrofahrrad. Die Shimano Acera 8-Gang-Schaltung sorgt daf\u00fcr, dass du in jeder Situation den optimalen Gang parat hast. Letztlich sorgen die hydraulischen Scheibenbremsen von Tektro f\u00fcr eine optimale Geschwindigkeitskontrolle. Sollte man mal mehr zu tragen haben als in den Rucksack passt, so hilft praktische Gep\u00e4cktr\u00e4ger.<\/div>\n<\/div>\n<\/div>\n<\/div>\n<div>\n<div>\n<hr \/>\n<h3>Austattung<\/h3>\n<table>\n<tbody>\n<tr>\n<td>Motor<\/td>\n<td><\/td>\n<td>Das-Kit X2 Heckmotor, 36V 250W, bis zu 25 km\/h<\/td>\n<\/tr>\n<tr>\n<td>Batterie<\/td>\n<td><\/td>\n<td>DEHAWK, B1U-3619P, 36V 19Ah, 684Wh mit USB Anschlu\u00df<\/td>\n<\/tr>\n<tr>\n<td>Display<\/td>\n<td><\/td>\n<td>Das-Kit C7B,LCD,6 Unterst\u00fctzungsstufen, 6km\/h Anfahrhilfe<\/td>\n<\/tr>\n<tr>\n<td>Ladeger\u00e4t<\/td>\n<td><\/td>\n<td>SANS 36V 3A (M363DE) mit XLR-Stecker<\/td>\n<\/tr>\n<tr>\n<td>Rahmen<\/td>\n<td><\/td>\n<td>Alu. 6061, 15&#8243;*400MM<\/td>\n<\/tr>\n<tr>\n<td>Federgabel<\/td>\n<td><\/td>\n<td>ZOOM CH-190<\/td>\n<\/tr>\n<tr>\n<td>Bremsen<\/td>\n<td><\/td>\n<td>Vor.\/Hin.: Tektro E350 Scheibenbremsen, Hydraulisch<\/td>\n<\/tr>\n<tr>\n<td>Gangschaltung<\/td>\n<td><\/td>\n<td>Shimano Acera 8 G\u00e4nge<\/td>\n<\/tr>\n<tr>\n<td>Kurbelsatz<\/td>\n<td><\/td>\n<td>Prowheel SOLID, 52T<\/td>\n<\/tr>\n<tr>\n<td>Schaltwerk<\/td>\n<td><\/td>\n<td>Shimano Acera, 8 G\u00e4nge<\/td>\n<\/tr>\n<tr>\n<td>Sattel<\/td>\n<td><\/td>\n<td>Selle Royal, braun (Kunstleder)<\/td>\n<\/tr>\n<tr>\n<td>Reifen<\/td>\n<td><\/td>\n<td>Schwalbe, Big Apple, 20&#8243;*2.0<\/td>\n<\/tr>\n<tr>\n<td>Griffe<\/td>\n<td><\/td>\n<td>Selle Royal, braun (Kunstleder)<\/td>\n<\/tr>\n<tr>\n<td>Pedale<\/td>\n<td><\/td>\n<td>Wellgo F178, faltbar<\/td>\n<\/tr>\n<tr>\n<td>Reichweite<\/td>\n<td><\/td>\n<td>bis zu 130 km<\/td>\n<\/tr>\n<tr>\n<td>Gewicht<\/td>\n<td><\/td>\n<td>Gesamtgewicht: 23kg<\/td>\n<\/tr>\n<tr>\n<td>Faltma\u00dfe<\/td>\n<td><\/td>\n<td>B x H x T = 90 x 70 x 50 cm<\/td>\n<\/tr>\n<\/tbody>\n<\/table>\n<\/div>\n<\/div>\n<div>\n<div>\n<hr \/>\n<div>\n<div>\n<div>\n<h3>We are E-Bikes<\/h3>\n<\/div>\n<\/div>\n<\/div>\n<\/div>\n<\/div>\n<\/div>\n<hr \/>\n<h3>Besonderheiten<\/h3>\n<div>\n<div>\n<div><\/div>\n<div>Das-Kit C7-Display bietet 6 Unterst\u00fctzungsstufen vom Motor, sowie verschiedene Informationen \u00fcber Ihre Fahrt. Es kann auch eine Null-Unterst\u00fctzung gew\u00e4hlt werden, die den Motor abschaltet und das E-Bike wie ein herk\u00f6mmliches Fahrrad verwandelt. Der Korpus des Lenkers l\u00e4sst sich f\u00fcr gute Lagerungsverh\u00e4ltnisse sehr tief falten.<\/div>\n<\/div>\n<div>\n<div><\/div>\n<div>Robuste und leichte Front- \/ Heckschutzbleche halten Sie bei N\u00e4sse sauber und trocken, Ein Gep\u00e4cktr\u00e4ger ist n\u00fctzlich, wenn Sie zus\u00e4tzliche Taschen tragen m\u00fcssen.<\/div>\n<\/div>\n<div>\n<div><\/div>\n<div>Intuitive Klappmechanismen erm\u00f6glichen das sekundenschnelle Falten und Entfalten des Fahrrades. Der Sattel kann hochgeklappt oder die Sattelst\u00fctze vollst\u00e4ndig entfernt werden. Die Pedale k\u00f6nnen auch hoch oder runter geklappt werden, um die Breite zu minimieren.<\/div>\n<\/div>\n<div>\n<div><\/div>\n<div>Tektro hydraulische Scheibenbremsen vorne und hinten sorgen f\u00fcr ein reibungsloses Abbremsen, w\u00e4hrend ein Spanninga 20 Lux-Scheinwerfer f\u00fcr sicheres und helles Fahren bei schlechten Lichtverh\u00e4ltnissen sorgt.<\/div>\n<\/div>\n<\/div>\n<hr \/>\n<h3>Wichtige Details<\/h3>\n<div>\n<div>\n<div>\n<div>\n<div>\n<div>\n<div>\n<div>\n<div>Zustellung Ihres NCM E-Bikes<\/div>\n<\/div>\n<div>\n<div>\n<div>\n<p>E-Faltr\u00e4der sind davon ausgenommen, da diese als Sperrgut durch einen Paket Transportdienstleister ohne vorherige telefonische Ank\u00fcndigung zugestellt werden<\/p>\n<\/div>\n<\/div>\n<\/div>\n<\/div>\n<div>\n<div>\n<div>Qualit\u00e4tspr\u00fcfung und Endjustierung<\/div>\n<\/div>\n<div>\n<div>\n<div>\n<p>Dies kann zu Staubablagerungen auf den Reifen und der Sattelst\u00fctze f\u00fchren. Unsere R\u00e4der werden ausschlie\u00dflich vormontiert geliefert, eine finale Feinjustierung und Inspektion durch den K\u00e4ufer oder Dritte ist notwendig (Daf\u00fcr entstandene Kosten k\u00f6nnen nicht \u00fcbernommen werden). Bitte pr\u00fcfen Sie vor Fahrantritt alle Schrauben auf Festigkeit und f\u00fchren Sie eine Feinjustierung der Gangschaltung und Bremsen durch. Pr\u00fcfen Sie den Reifendruck. Abh\u00e4ngig vom Fahrradmodell, sollte die Endmontage und Kontrolle der Komponenten zwischen 60 &#8211; 90 Minuten liegen.<\/p>\n<\/div>\n<\/div>\n<\/div>\n<\/div>\n<div>\n<div>\n<div>Ausgiebige Probefahrt m\u00f6glich<\/div>\n<\/div>\n<div>\n<div>\n<div>\n<p>Da man sich beim Kauf eines E-Bikes im Onlinehandel nicht sicher sein kann, ob einem das Fahrverhalten oder die Gr\u00f6\u00dfe des E-Bikes zusagt, bieten wir Ihnen die M\u00f6glichkeit unsere E-Bikes bis zu 10 km Probe zufahren. Sie m\u00fcssen f\u00fcr einen etwaigen Wertverlust der Waren nur aufkommen, wenn dieser Wertverlust auf einen zur Pr\u00fcfung der Beschaffenheit, Eigenschaften und Funktionsweise der Waren nicht notwendigen Umgang mit ihnen zur\u00fcckzuf\u00fchren ist. Sie m\u00fcssen f\u00fcr einen etwaigen Wertverlust der Waren nur aufkommen, wenn dieser Wertverlust auf einen zur Pr\u00fcfung der Beschaffenheit, Eigenschaften und Funktionsweise der Waren nicht notwendigen Umgang mit ihnen zur\u00fcckzuf\u00fchren ist.<\/p>\n<\/div>\n<\/div>\n<\/div>\n<\/div>\n<\/div>\n<\/div>\n<\/div>\n<\/div>\n<\/div>\n<\/div>","protected":false},"excerpt":{"rendered":"<p>NCM Bikes Paris+, 20&#8243;, wei\u00df, E-Faltrad E-Klapprad, Damen und Herren NCM Bikes Paris+ wurde 2014 in Hannover in Niedersachsen als<\/p>","protected":false},"featured_media":64894,"comment_status":"open","ping_status":"closed","template":"","meta":[],"product_brand":[],"product_cat":[33,34,310],"product_tag":[],"class_list":{"0":"post-48824","1":"product","2":"type-product","3":"status-publish","4":"has-post-thumbnail","6":"product_cat-e-bike","7":"product_cat-e-bike-city-urban","8":"product_cat-e-bike-faltrad","9":"pa_marke-ncm","11":"first","12":"instock","13":"taxable","14":"shipping-taxable","15":"purchasable","16":"product-type-simple"},"yoast_head":"<!-- This site is optimized with the Yoast SEO Premium plugin v20.12 (Yoast SEO v27.1.1) - https:\/\/yoast.com\/product\/yoast-seo-premium-wordpress\/ -->\n<title>NCM Bikes Paris+, 20&quot;, wei\u00df, E-Faltrad E-Klapprad, Damen<\/title>\n<meta name=\"description\" content=\"Entdecken Sie unseren Online-Fahrradladen: Gro\u00dfe Auswahl an Modellen f\u00fcr alle Radsportbegeisterten. Von Rennr\u00e4dern bis zu Mountainbikes - finden Sie heute Ihren perfekten Wegbegleiter!\" \/>\n<meta name=\"robots\" content=\"index, follow, max-snippet:-1, max-image-preview:large, max-video-preview:-1\" \/>\n<link rel=\"canonical\" href=\"https:\/\/kgerad.de\/en\/product\/ncm-bikes-paris-20-weiss-e-faltrad-e-klapprad-damen-und-herren\/\" \/>\n<meta property=\"og:locale\" content=\"en_US\" \/>\n<meta property=\"og:type\" content=\"article\" \/>\n<meta property=\"og:title\" content=\"NCM Bikes Paris+, 20&quot;, wei\u00df, E-Faltrad E-Klapprad, Damen\" \/>\n<meta property=\"og:description\" content=\"Entdecken Sie unseren Online-Fahrradladen: Gro\u00dfe Auswahl an Modellen f\u00fcr alle Radsportbegeisterten. Von Rennr\u00e4dern bis zu Mountainbikes - finden Sie heute Ihren perfekten Wegbegleiter!\" \/>\n<meta property=\"og:url\" content=\"https:\/\/kgerad.de\/en\/product\/ncm-bikes-paris-20-weiss-e-faltrad-e-klapprad-damen-und-herren\/\" \/>\n<meta property=\"og:site_name\" content=\"kgerad.de\" \/>\n<meta property=\"article:modified_time\" content=\"2023-08-10T17:18:36+00:00\" \/>\n<meta property=\"og:image\" content=\"https:\/\/kgerad.de\/wp-content\/uploads\/2023\/06\/11c27d27ee26df0d9135af901cf96c9f.webp\" \/>\n\t<meta property=\"og:image:width\" content=\"2048\" \/>\n\t<meta property=\"og:image:height\" content=\"2048\" \/>\n\t<meta property=\"og:image:type\" content=\"image\/webp\" \/>\n<meta name=\"twitter:card\" content=\"summary_large_image\" \/>\n<meta name=\"twitter:label1\" content=\"Est. reading time\" \/>\n\t<meta name=\"twitter:data1\" content=\"4 minutes\" \/>\n<script type=\"application\/ld+json\" class=\"yoast-schema-graph\">{\"@context\":\"https:\/\/schema.org\",\"@graph\":[{\"@type\":\"WebPage\",\"@id\":\"https:\/\/kgerad.de\/produkt\/ncm-bikes-paris-20-weiss-e-faltrad-e-klapprad-damen-und-herren\/\",\"url\":\"https:\/\/kgerad.de\/produkt\/ncm-bikes-paris-20-weiss-e-faltrad-e-klapprad-damen-und-herren\/\",\"name\":\"NCM Bikes Paris+, 20\\\", wei\u00df, E-Faltrad E-Klapprad, Damen\",\"isPartOf\":{\"@id\":\"https:\/\/kgerad.de\/#website\"},\"primaryImageOfPage\":{\"@id\":\"https:\/\/kgerad.de\/produkt\/ncm-bikes-paris-20-weiss-e-faltrad-e-klapprad-damen-und-herren\/#primaryimage\"},\"image\":{\"@id\":\"https:\/\/kgerad.de\/produkt\/ncm-bikes-paris-20-weiss-e-faltrad-e-klapprad-damen-und-herren\/#primaryimage\"},\"thumbnailUrl\":\"https:\/\/kgerad.de\/wp-content\/uploads\/2023\/06\/11c27d27ee26df0d9135af901cf96c9f.webp\",\"datePublished\":\"2022-12-08T10:58:09+00:00\",\"dateModified\":\"2023-08-10T17:18:36+00:00\",\"description\":\"Entdecken Sie unseren Online-Fahrradladen: Gro\u00dfe Auswahl an Modellen f\u00fcr alle Radsportbegeisterten. Von Rennr\u00e4dern bis zu Mountainbikes - finden Sie heute Ihren perfekten Wegbegleiter!\",\"breadcrumb\":{\"@id\":\"https:\/\/kgerad.de\/produkt\/ncm-bikes-paris-20-weiss-e-faltrad-e-klapprad-damen-und-herren\/#breadcrumb\"},\"inLanguage\":\"en-US\",\"potentialAction\":[{\"@type\":\"ReadAction\",\"target\":[\"https:\/\/kgerad.de\/produkt\/ncm-bikes-paris-20-weiss-e-faltrad-e-klapprad-damen-und-herren\/\"]}]},{\"@type\":\"ImageObject\",\"inLanguage\":\"en-US\",\"@id\":\"https:\/\/kgerad.de\/produkt\/ncm-bikes-paris-20-weiss-e-faltrad-e-klapprad-damen-und-herren\/#primaryimage\",\"url\":\"https:\/\/kgerad.de\/wp-content\/uploads\/2023\/06\/11c27d27ee26df0d9135af901cf96c9f.webp\",\"contentUrl\":\"https:\/\/kgerad.de\/wp-content\/uploads\/2023\/06\/11c27d27ee26df0d9135af901cf96c9f.webp\",\"width\":2048,\"height\":2048,\"caption\":\"NCM Bikes Paris+\"},{\"@type\":\"BreadcrumbList\",\"@id\":\"https:\/\/kgerad.de\/produkt\/ncm-bikes-paris-20-weiss-e-faltrad-e-klapprad-damen-und-herren\/#breadcrumb\",\"itemListElement\":[{\"@type\":\"ListItem\",\"position\":1,\"name\":\"Startseite\",\"item\":\"https:\/\/kgerad.de\/\"},{\"@type\":\"ListItem\",\"position\":2,\"name\":\"LADEN\",\"item\":\"https:\/\/kgerad.de\/laden\/\"},{\"@type\":\"ListItem\",\"position\":3,\"name\":\"NCM Bikes Paris+, 20&#8243;, wei\u00df, E-Faltrad E-Klapprad, Damen\"}]},{\"@type\":\"WebSite\",\"@id\":\"https:\/\/kgerad.de\/#website\",\"url\":\"https:\/\/kgerad.de\/\",\"name\":\"kgerad.de\",\"description\":\"Treten Sie mit uns ins Abenteuer!\",\"publisher\":{\"@id\":\"https:\/\/kgerad.de\/#organization\"},\"alternateName\":\"MEIN RADLADEN\",\"potentialAction\":[{\"@type\":\"SearchAction\",\"target\":{\"@type\":\"EntryPoint\",\"urlTemplate\":\"https:\/\/kgerad.de\/?s={search_term_string}\"},\"query-input\":{\"@type\":\"PropertyValueSpecification\",\"valueRequired\":true,\"valueName\":\"search_term_string\"}}],\"inLanguage\":\"en-US\"},{\"@type\":\"Organization\",\"@id\":\"https:\/\/kgerad.de\/#organization\",\"name\":\"MEINRADLADEN\",\"alternateName\":\"MEIN RADLADEN\",\"url\":\"https:\/\/kgerad.de\/\",\"logo\":{\"@type\":\"ImageObject\",\"inLanguage\":\"en-US\",\"@id\":\"https:\/\/kgerad.de\/#\/schema\/logo\/image\/\",\"url\":\"https:\/\/kgerad.de\/wp-content\/uploads\/2025\/07\/logo-Whit.svg\",\"contentUrl\":\"https:\/\/kgerad.de\/wp-content\/uploads\/2025\/07\/logo-Whit.svg\",\"width\":1640,\"height\":371,\"caption\":\"MEINRADLADEN\"},\"image\":{\"@id\":\"https:\/\/kgerad.de\/#\/schema\/logo\/image\/\"}}]}<\/script>\n<!-- \/ Yoast SEO Premium plugin. -->","yoast_head_json":{"title":"NCM Bikes Paris+, 20\", wei\u00df, E-Faltrad E-Klapprad, Damen","description":"Entdecken Sie unseren Online-Fahrradladen: Gro\u00dfe Auswahl an Modellen f\u00fcr alle Radsportbegeisterten. Von Rennr\u00e4dern bis zu Mountainbikes - finden Sie heute Ihren perfekten Wegbegleiter!","robots":{"index":"index","follow":"follow","max-snippet":"max-snippet:-1","max-image-preview":"max-image-preview:large","max-video-preview":"max-video-preview:-1"},"canonical":"https:\/\/kgerad.de\/en\/product\/ncm-bikes-paris-20-weiss-e-faltrad-e-klapprad-damen-und-herren\/","og_locale":"en_US","og_type":"article","og_title":"NCM Bikes Paris+, 20\", wei\u00df, E-Faltrad E-Klapprad, Damen","og_description":"Entdecken Sie unseren Online-Fahrradladen: Gro\u00dfe Auswahl an Modellen f\u00fcr alle Radsportbegeisterten. Von Rennr\u00e4dern bis zu Mountainbikes - finden Sie heute Ihren perfekten Wegbegleiter!","og_url":"https:\/\/kgerad.de\/en\/product\/ncm-bikes-paris-20-weiss-e-faltrad-e-klapprad-damen-und-herren\/","og_site_name":"kgerad.de","article_modified_time":"2023-08-10T17:18:36+00:00","og_image":[{"width":2048,"height":2048,"url":"https:\/\/kgerad.de\/wp-content\/uploads\/2023\/06\/11c27d27ee26df0d9135af901cf96c9f.webp","type":"image\/webp"}],"twitter_card":"summary_large_image","twitter_misc":{"Est. reading time":"4 minutes"},"schema":{"@context":"https:\/\/schema.org","@graph":[{"@type":"WebPage","@id":"https:\/\/kgerad.de\/produkt\/ncm-bikes-paris-20-weiss-e-faltrad-e-klapprad-damen-und-herren\/","url":"https:\/\/kgerad.de\/produkt\/ncm-bikes-paris-20-weiss-e-faltrad-e-klapprad-damen-und-herren\/","name":"NCM Bikes Paris+, 20\", wei\u00df, E-Faltrad E-Klapprad, Damen","isPartOf":{"@id":"https:\/\/kgerad.de\/#website"},"primaryImageOfPage":{"@id":"https:\/\/kgerad.de\/produkt\/ncm-bikes-paris-20-weiss-e-faltrad-e-klapprad-damen-und-herren\/#primaryimage"},"image":{"@id":"https:\/\/kgerad.de\/produkt\/ncm-bikes-paris-20-weiss-e-faltrad-e-klapprad-damen-und-herren\/#primaryimage"},"thumbnailUrl":"https:\/\/kgerad.de\/wp-content\/uploads\/2023\/06\/11c27d27ee26df0d9135af901cf96c9f.webp","datePublished":"2022-12-08T10:58:09+00:00","dateModified":"2023-08-10T17:18:36+00:00","description":"Entdecken Sie unseren Online-Fahrradladen: Gro\u00dfe Auswahl an Modellen f\u00fcr alle Radsportbegeisterten. Von Rennr\u00e4dern bis zu Mountainbikes - finden Sie heute Ihren perfekten Wegbegleiter!","breadcrumb":{"@id":"https:\/\/kgerad.de\/produkt\/ncm-bikes-paris-20-weiss-e-faltrad-e-klapprad-damen-und-herren\/#breadcrumb"},"inLanguage":"en-US","potentialAction":[{"@type":"ReadAction","target":["https:\/\/kgerad.de\/produkt\/ncm-bikes-paris-20-weiss-e-faltrad-e-klapprad-damen-und-herren\/"]}]},{"@type":"ImageObject","inLanguage":"en-US","@id":"https:\/\/kgerad.de\/produkt\/ncm-bikes-paris-20-weiss-e-faltrad-e-klapprad-damen-und-herren\/#primaryimage","url":"https:\/\/kgerad.de\/wp-content\/uploads\/2023\/06\/11c27d27ee26df0d9135af901cf96c9f.webp","contentUrl":"https:\/\/kgerad.de\/wp-content\/uploads\/2023\/06\/11c27d27ee26df0d9135af901cf96c9f.webp","width":2048,"height":2048,"caption":"NCM Bikes Paris+"},{"@type":"BreadcrumbList","@id":"https:\/\/kgerad.de\/produkt\/ncm-bikes-paris-20-weiss-e-faltrad-e-klapprad-damen-und-herren\/#breadcrumb","itemListElement":[{"@type":"ListItem","position":1,"name":"Startseite","item":"https:\/\/kgerad.de\/"},{"@type":"ListItem","position":2,"name":"LADEN","item":"https:\/\/kgerad.de\/laden\/"},{"@type":"ListItem","position":3,"name":"NCM Bikes Paris+, 20&#8243;, wei\u00df, E-Faltrad E-Klapprad, Damen"}]},{"@type":"WebSite","@id":"https:\/\/kgerad.de\/#website","url":"https:\/\/kgerad.de\/","name":"kgerad.de","description":"Treten Sie mit uns ins Abenteuer!","publisher":{"@id":"https:\/\/kgerad.de\/#organization"},"alternateName":"MEIN RADLADEN","potentialAction":[{"@type":"SearchAction","target":{"@type":"EntryPoint","urlTemplate":"https:\/\/kgerad.de\/?s={search_term_string}"},"query-input":{"@type":"PropertyValueSpecification","valueRequired":true,"valueName":"search_term_string"}}],"inLanguage":"en-US"},{"@type":"Organization","@id":"https:\/\/kgerad.de\/#organization","name":"MEINRADLADEN","alternateName":"MEIN RADLADEN","url":"https:\/\/kgerad.de\/","logo":{"@type":"ImageObject","inLanguage":"en-US","@id":"https:\/\/kgerad.de\/#\/schema\/logo\/image\/","url":"https:\/\/kgerad.de\/wp-content\/uploads\/2025\/07\/logo-Whit.svg","contentUrl":"https:\/\/kgerad.de\/wp-content\/uploads\/2025\/07\/logo-Whit.svg","width":1640,"height":371,"caption":"MEINRADLADEN"},"image":{"@id":"https:\/\/kgerad.de\/#\/schema\/logo\/image\/"}}]}},"_links":{"self":[{"href":"https:\/\/kgerad.de\/en\/wp-json\/wp\/v2\/product\/48824","targetHints":{"allow":["GET"]}}],"collection":[{"href":"https:\/\/kgerad.de\/en\/wp-json\/wp\/v2\/product"}],"about":[{"href":"https:\/\/kgerad.de\/en\/wp-json\/wp\/v2\/types\/product"}],"replies":[{"embeddable":true,"href":"https:\/\/kgerad.de\/en\/wp-json\/wp\/v2\/comments?post=48824"}],"version-history":[{"count":2,"href":"https:\/\/kgerad.de\/en\/wp-json\/wp\/v2\/product\/48824\/revisions"}],"predecessor-version":[{"id":78696,"href":"https:\/\/kgerad.de\/en\/wp-json\/wp\/v2\/product\/48824\/revisions\/78696"}],"wp:featuredmedia":[{"embeddable":true,"href":"https:\/\/kgerad.de\/en\/wp-json\/wp\/v2\/media\/64894"}],"wp:attachment":[{"href":"https:\/\/kgerad.de\/en\/wp-json\/wp\/v2\/media?parent=48824"}],"wp:term":[{"taxonomy":"product_brand","embeddable":true,"href":"https:\/\/kgerad.de\/en\/wp-json\/wp\/v2\/product_brand?post=48824"},{"taxonomy":"product_cat","embeddable":true,"href":"https:\/\/kgerad.de\/en\/wp-json\/wp\/v2\/product_cat?post=48824"},{"taxonomy":"product_tag","embeddable":true,"href":"https:\/\/kgerad.de\/en\/wp-json\/wp\/v2\/product_tag?post=48824"}],"curies":[{"name":"wp","href":"https:\/\/api.w.org\/{rel}","templated":true}]}}