{"id":48791,"date":"2022-12-08T11:17:33","date_gmt":"2022-12-08T10:17:33","guid":{"rendered":"https:\/\/kgerad.de\/?post_type=product&#038;p=48791"},"modified":"2023-08-10T19:19:36","modified_gmt":"2023-08-10T17:19:36","slug":"myatu-20-zoll-e-bike-klapprad-faltrad-mit-374wh-lithium-akku","status":"publish","type":"product","link":"https:\/\/kgerad.de\/en\/product\/myatu-20-zoll-e-bike-klapprad-faltrad-mit-374wh-lithium-akku\/","title":{"rendered":"MYATU 20 Zoll E-Bike Klapprad Faltrad, mit 374Wh Lithium-Akku"},"content":{"rendered":"<h2 class=\"rd-title\" title=\"MYATU 20 Zoll E-Bike Klapprad Faltrad, mit 374Wh Lithium-Akku, 7 Gang Shimano, Gabelfederung, bis 100km, Pedelec Elektrofahrrad Weiss\">MYATU 20 Zoll E-Bike Klapprad Faltrad, mit 374Wh Lithium-Akku<\/h2>\n<p>MYATU 20 Zoll E-Bike Klapprad, Faltrad leicht, Pedelec Elektrofahrrad mit 374Wh Lithium-Akku Reichweite bis 100km, B\u00fcrstenloser Hochgeschwindigkeits-Hinterradmotor Shimano-Getriebe Gabelfederung<\/p>\n<h4><strong>Farbe: Weiss<\/strong><\/h4>\n<p><strong>.<\/strong><\/p>\n<ul>\n<li><strong>Herausnehmbarer Akku und Hochleistungsmotorsystem<\/strong>: Die mit einem intelligenten Ladeger\u00e4t ausgestattete Lithium-Batterie mit 36V \/ 374Wh l\u00e4dt sich nur 4 bis 6 Stunden lang auf und Ihr Fahrrad steckt voller Energie. 250W Hochgeschwindigkeitsgetriebemotor mit geringerem Stromverbrauch, einer H\u00f6chstgeschwindigkeit von 25 km\/h.<\/li>\n<li><strong>Brems-und Gangschaltungssystem<\/strong>: Elektrisches Faltrad mit vorne und hinten mechanischer Scheibenbremse, perfekte Steigf\u00e4higkeit und hohe Sto\u00dfd\u00e4mpfung. Der helle LED-Scheinwerfer und die Hupe sind ideal f\u00fcr Nachtfahrten und sch\u00fctzen Ihre Sicherheit.<\/li>\n<\/ul>\n<p>&nbsp;<\/p>\n<ul>\n<li><strong>K\u00f6rper hohe Praktikabilit\u00e4t<\/strong>: Der aus 100% leichter Aluminiumlegierung gefertigte Klapprahmen ist leicht und nimmt nicht zu viel Platz ein. einfach zu falten und leicht zu verstauen.<\/li>\n<li><strong>Qualit\u00e4t bringt Sicherheit<\/strong>: Die Vorderradgabel besteht aus hochfestem Kohlenstoffstahl und die Radnabe aus einer zweilagigen Aluminiumlegierung mit hochwertiger Sto\u00dfd\u00e4mpfung. Um nachdenklich zu sein, ist es auch mit hellen LED-Scheinwerfern und Fahrradklingel f\u00fcr sicheres Reiten bei Nacht ausgestattet.<\/li>\n<li><strong>3 Arbeitsmodi verf\u00fcgbar<\/strong>: Es kann als Elektrofahrrad oder Hilfsfahrrad oder als normales Fahrrad verwendet werden. Das Messger\u00e4t verf\u00fcgt \u00fcber eine intelligente 3-Gang-Taste, mit der Sie bei Bedarf jede Art von Fahrerlebnis genie\u00dfen k\u00f6nnen! Die Kombination der drei Modi ist die bessere Wahl. Hinweis: Der tats\u00e4chliche Wert von Reichweite und Geschwindigkeit h\u00e4ngt von der Steigung der Fahrt, der Belastung des Fahrrads und der verwendeten Fahrmethode ab.<\/li>\n<\/ul>\n<p>.<\/p>\n<h4><strong>Technische Details:<\/strong><\/h4>\n<ul>\n<li>Akku: 36V 10,4Ah Lithium-Ionen Akku<\/li>\n<li>Akku-Ladezeit: 4-6 Stunden<\/li>\n<li>Akku-Reichweite: bis zu 100km<\/li>\n<li>Drehmoment: 43 nm<\/li>\n<li>Motor: 36V 250W Hochgeschwindigkeits-B\u00fcrstenlose Getriebemotors<\/li>\n<li>Motor-Unterst\u00fctzung: bis 25 km\/h<\/li>\n<li>Vordergabel: Hochfester Kohlenstoffstahl Komfort Sto\u00dfd\u00e4mpfung<\/li>\n<li>Display: LED Display<\/li>\n<li>Bremse: Scheibenbremsen vorne und hinten<\/li>\n<li>Vorder- und Hinterr\u00e4der: Doppelschicht Aluminiumlegierung -Rad<\/li>\n<li>Reifen: 26&#215;1,95 Mountain-R\u00e4der<\/li>\n<li>Sattel: Sport<\/li>\n<li>Sattelst\u00fctze: Aluminium<\/li>\n<li>Schaltung: 7-Gang-Shimano<\/li>\n<li>Rahmen: Aluminiumlegierung<\/li>\n<li>Vordergabel: Hochfester Kohlenstoffstahl Komfort Sto\u00dfd\u00e4mpfung<\/li>\n<li>Rahmenh\u00f6he: 63cm<\/li>\n<li>Sitzh\u00f6he: 66-90cm<\/li>\n<li>Max. Belastung: 120 kg<\/li>\n<li>Radgr\u00f6\u00dfe: 20 Zoll<\/li>\n<li>Felgen: Doppelwandige Aluminiumfelgen<\/li>\n<li>Gebrauchsanweisungen: 2 Sprachen (Deutsch, Englisch)<\/li>\n<\/ul>\n<p><strong>Displayanzeigen<\/strong>:<\/p>\n<ul>\n<li>Arbeitsmodi<\/li>\n<li>Batteriestand<\/li>\n<\/ul>\n<p><strong>Lieferung<\/strong>:<\/p>\n<ul>\n<li>Lieferumfang: Elektro-Bike (\u00a0<strong>enth\u00e4lt keinen Gashebel und Hupe<\/strong>\u00a0), Ladeger\u00e4t, Montagewerkzeug, Bedienungsanleitung<\/li>\n<li>Gewicht (Netto\/Brutto): 25kg \/ 27kg<\/li>\n<li>Verpackungsma\u00dfe: 127 x 26 x 65 cm<\/li>\n<li>Produkt Ma\u00dfe: 158 x 108 x 58 cm<\/li>\n<li>geklappte Ma\u00dfe: 83 x 45 x 62 cm<\/li>\n<li>Vormontiert: 80%<\/li>\n<\/ul>","protected":false},"excerpt":{"rendered":"<p>MYATU 20 Zoll E-Bike Klapprad Faltrad, mit 374Wh Lithium-Akku MYATU 20 Zoll E-Bike Klapprad, Faltrad leicht, Pedelec Elektrofahrrad mit 374Wh<\/p>","protected":false},"featured_media":64892,"comment_status":"open","ping_status":"closed","template":"","meta":[],"product_brand":[],"product_cat":[33,310],"product_tag":[],"class_list":{"0":"post-48791","1":"product","2":"type-product","3":"status-publish","4":"has-post-thumbnail","6":"product_cat-e-bike","7":"product_cat-e-bike-faltrad","8":"pa_marke-myatu","10":"first","11":"instock","12":"taxable","13":"shipping-taxable","14":"purchasable","15":"product-type-variable"},"yoast_head":"<!-- This site is optimized with the Yoast SEO Premium plugin v20.12 (Yoast SEO v27.1.1) - https:\/\/yoast.com\/product\/yoast-seo-premium-wordpress\/ -->\n<title>MYATU 20 Zoll E-Bike Klapprad Faltrad, mit 374Wh Lithium-Akku<\/title>\n<meta name=\"description\" content=\"Entdecken Sie unseren Online-Fahrradladen: Gro\u00dfe Auswahl an Modellen f\u00fcr alle Radsportbegeisterten. Von Rennr\u00e4dern bis zu Mountainbikes - finden Sie heute Ihren perfekten Wegbegleiter!\" \/>\n<meta name=\"robots\" content=\"index, follow, max-snippet:-1, max-image-preview:large, max-video-preview:-1\" \/>\n<link rel=\"canonical\" href=\"https:\/\/kgerad.de\/en\/product\/myatu-20-zoll-e-bike-klapprad-faltrad-mit-374wh-lithium-akku\/\" \/>\n<meta property=\"og:locale\" content=\"en_US\" \/>\n<meta property=\"og:type\" content=\"article\" \/>\n<meta property=\"og:title\" content=\"MYATU 20 Zoll E-Bike Klapprad Faltrad, mit 374Wh Lithium-Akku\" \/>\n<meta property=\"og:description\" content=\"Entdecken Sie unseren Online-Fahrradladen: Gro\u00dfe Auswahl an Modellen f\u00fcr alle Radsportbegeisterten. Von Rennr\u00e4dern bis zu Mountainbikes - finden Sie heute Ihren perfekten Wegbegleiter!\" \/>\n<meta property=\"og:url\" content=\"https:\/\/kgerad.de\/en\/product\/myatu-20-zoll-e-bike-klapprad-faltrad-mit-374wh-lithium-akku\/\" \/>\n<meta property=\"og:site_name\" content=\"kgerad.de\" \/>\n<meta property=\"article:modified_time\" content=\"2023-08-10T17:19:36+00:00\" \/>\n<meta property=\"og:image\" content=\"https:\/\/kgerad.de\/wp-content\/uploads\/2023\/06\/9e59be84e4d2c5089878b771c83867c9.webp\" \/>\n\t<meta property=\"og:image:width\" content=\"2048\" \/>\n\t<meta property=\"og:image:height\" content=\"2048\" \/>\n\t<meta property=\"og:image:type\" content=\"image\/webp\" \/>\n<meta name=\"twitter:card\" content=\"summary_large_image\" \/>\n<meta name=\"twitter:label1\" content=\"Est. reading time\" \/>\n\t<meta name=\"twitter:data1\" content=\"2 minutes\" \/>\n<script type=\"application\/ld+json\" class=\"yoast-schema-graph\">{\"@context\":\"https:\/\/schema.org\",\"@graph\":[{\"@type\":\"WebPage\",\"@id\":\"https:\/\/kgerad.de\/produkt\/myatu-20-zoll-e-bike-klapprad-faltrad-mit-374wh-lithium-akku\/\",\"url\":\"https:\/\/kgerad.de\/produkt\/myatu-20-zoll-e-bike-klapprad-faltrad-mit-374wh-lithium-akku\/\",\"name\":\"MYATU 20 Zoll E-Bike Klapprad Faltrad, mit 374Wh Lithium-Akku\",\"isPartOf\":{\"@id\":\"https:\/\/kgerad.de\/#website\"},\"primaryImageOfPage\":{\"@id\":\"https:\/\/kgerad.de\/produkt\/myatu-20-zoll-e-bike-klapprad-faltrad-mit-374wh-lithium-akku\/#primaryimage\"},\"image\":{\"@id\":\"https:\/\/kgerad.de\/produkt\/myatu-20-zoll-e-bike-klapprad-faltrad-mit-374wh-lithium-akku\/#primaryimage\"},\"thumbnailUrl\":\"https:\/\/kgerad.de\/wp-content\/uploads\/2023\/06\/9e59be84e4d2c5089878b771c83867c9.webp\",\"datePublished\":\"2022-12-08T10:17:33+00:00\",\"dateModified\":\"2023-08-10T17:19:36+00:00\",\"description\":\"Entdecken Sie unseren Online-Fahrradladen: Gro\u00dfe Auswahl an Modellen f\u00fcr alle Radsportbegeisterten. Von Rennr\u00e4dern bis zu Mountainbikes - finden Sie heute Ihren perfekten Wegbegleiter!\",\"breadcrumb\":{\"@id\":\"https:\/\/kgerad.de\/produkt\/myatu-20-zoll-e-bike-klapprad-faltrad-mit-374wh-lithium-akku\/#breadcrumb\"},\"inLanguage\":\"en-US\",\"potentialAction\":[{\"@type\":\"ReadAction\",\"target\":[\"https:\/\/kgerad.de\/produkt\/myatu-20-zoll-e-bike-klapprad-faltrad-mit-374wh-lithium-akku\/\"]}]},{\"@type\":\"ImageObject\",\"inLanguage\":\"en-US\",\"@id\":\"https:\/\/kgerad.de\/produkt\/myatu-20-zoll-e-bike-klapprad-faltrad-mit-374wh-lithium-akku\/#primaryimage\",\"url\":\"https:\/\/kgerad.de\/wp-content\/uploads\/2023\/06\/9e59be84e4d2c5089878b771c83867c9.webp\",\"contentUrl\":\"https:\/\/kgerad.de\/wp-content\/uploads\/2023\/06\/9e59be84e4d2c5089878b771c83867c9.webp\",\"width\":2048,\"height\":2048,\"caption\":\"MYATU 20 Zoll E-Bike Klapprad Faltrad\"},{\"@type\":\"BreadcrumbList\",\"@id\":\"https:\/\/kgerad.de\/produkt\/myatu-20-zoll-e-bike-klapprad-faltrad-mit-374wh-lithium-akku\/#breadcrumb\",\"itemListElement\":[{\"@type\":\"ListItem\",\"position\":1,\"name\":\"Startseite\",\"item\":\"https:\/\/kgerad.de\/\"},{\"@type\":\"ListItem\",\"position\":2,\"name\":\"LADEN\",\"item\":\"https:\/\/kgerad.de\/laden\/\"},{\"@type\":\"ListItem\",\"position\":3,\"name\":\"MYATU 20 Zoll E-Bike Klapprad Faltrad, mit 374Wh Lithium-Akku\"}]},{\"@type\":\"WebSite\",\"@id\":\"https:\/\/kgerad.de\/#website\",\"url\":\"https:\/\/kgerad.de\/\",\"name\":\"kgerad.de\",\"description\":\"Treten Sie mit uns ins Abenteuer!\",\"publisher\":{\"@id\":\"https:\/\/kgerad.de\/#organization\"},\"alternateName\":\"MEIN RADLADEN\",\"potentialAction\":[{\"@type\":\"SearchAction\",\"target\":{\"@type\":\"EntryPoint\",\"urlTemplate\":\"https:\/\/kgerad.de\/?s={search_term_string}\"},\"query-input\":{\"@type\":\"PropertyValueSpecification\",\"valueRequired\":true,\"valueName\":\"search_term_string\"}}],\"inLanguage\":\"en-US\"},{\"@type\":\"Organization\",\"@id\":\"https:\/\/kgerad.de\/#organization\",\"name\":\"MEINRADLADEN\",\"alternateName\":\"MEIN RADLADEN\",\"url\":\"https:\/\/kgerad.de\/\",\"logo\":{\"@type\":\"ImageObject\",\"inLanguage\":\"en-US\",\"@id\":\"https:\/\/kgerad.de\/#\/schema\/logo\/image\/\",\"url\":\"https:\/\/kgerad.de\/wp-content\/uploads\/2025\/07\/logo-Whit.svg\",\"contentUrl\":\"https:\/\/kgerad.de\/wp-content\/uploads\/2025\/07\/logo-Whit.svg\",\"width\":1640,\"height\":371,\"caption\":\"MEINRADLADEN\"},\"image\":{\"@id\":\"https:\/\/kgerad.de\/#\/schema\/logo\/image\/\"}}]}<\/script>\n<!-- \/ Yoast SEO Premium plugin. -->","yoast_head_json":{"title":"MYATU 20 Zoll E-Bike Klapprad Faltrad, mit 374Wh Lithium-Akku","description":"Entdecken Sie unseren Online-Fahrradladen: Gro\u00dfe Auswahl an Modellen f\u00fcr alle Radsportbegeisterten. Von Rennr\u00e4dern bis zu Mountainbikes - finden Sie heute Ihren perfekten Wegbegleiter!","robots":{"index":"index","follow":"follow","max-snippet":"max-snippet:-1","max-image-preview":"max-image-preview:large","max-video-preview":"max-video-preview:-1"},"canonical":"https:\/\/kgerad.de\/en\/product\/myatu-20-zoll-e-bike-klapprad-faltrad-mit-374wh-lithium-akku\/","og_locale":"en_US","og_type":"article","og_title":"MYATU 20 Zoll E-Bike Klapprad Faltrad, mit 374Wh Lithium-Akku","og_description":"Entdecken Sie unseren Online-Fahrradladen: Gro\u00dfe Auswahl an Modellen f\u00fcr alle Radsportbegeisterten. Von Rennr\u00e4dern bis zu Mountainbikes - finden Sie heute Ihren perfekten Wegbegleiter!","og_url":"https:\/\/kgerad.de\/en\/product\/myatu-20-zoll-e-bike-klapprad-faltrad-mit-374wh-lithium-akku\/","og_site_name":"kgerad.de","article_modified_time":"2023-08-10T17:19:36+00:00","og_image":[{"width":2048,"height":2048,"url":"https:\/\/kgerad.de\/wp-content\/uploads\/2023\/06\/9e59be84e4d2c5089878b771c83867c9.webp","type":"image\/webp"}],"twitter_card":"summary_large_image","twitter_misc":{"Est. reading time":"2 minutes"},"schema":{"@context":"https:\/\/schema.org","@graph":[{"@type":"WebPage","@id":"https:\/\/kgerad.de\/produkt\/myatu-20-zoll-e-bike-klapprad-faltrad-mit-374wh-lithium-akku\/","url":"https:\/\/kgerad.de\/produkt\/myatu-20-zoll-e-bike-klapprad-faltrad-mit-374wh-lithium-akku\/","name":"MYATU 20 Zoll E-Bike Klapprad Faltrad, mit 374Wh Lithium-Akku","isPartOf":{"@id":"https:\/\/kgerad.de\/#website"},"primaryImageOfPage":{"@id":"https:\/\/kgerad.de\/produkt\/myatu-20-zoll-e-bike-klapprad-faltrad-mit-374wh-lithium-akku\/#primaryimage"},"image":{"@id":"https:\/\/kgerad.de\/produkt\/myatu-20-zoll-e-bike-klapprad-faltrad-mit-374wh-lithium-akku\/#primaryimage"},"thumbnailUrl":"https:\/\/kgerad.de\/wp-content\/uploads\/2023\/06\/9e59be84e4d2c5089878b771c83867c9.webp","datePublished":"2022-12-08T10:17:33+00:00","dateModified":"2023-08-10T17:19:36+00:00","description":"Entdecken Sie unseren Online-Fahrradladen: Gro\u00dfe Auswahl an Modellen f\u00fcr alle Radsportbegeisterten. Von Rennr\u00e4dern bis zu Mountainbikes - finden Sie heute Ihren perfekten Wegbegleiter!","breadcrumb":{"@id":"https:\/\/kgerad.de\/produkt\/myatu-20-zoll-e-bike-klapprad-faltrad-mit-374wh-lithium-akku\/#breadcrumb"},"inLanguage":"en-US","potentialAction":[{"@type":"ReadAction","target":["https:\/\/kgerad.de\/produkt\/myatu-20-zoll-e-bike-klapprad-faltrad-mit-374wh-lithium-akku\/"]}]},{"@type":"ImageObject","inLanguage":"en-US","@id":"https:\/\/kgerad.de\/produkt\/myatu-20-zoll-e-bike-klapprad-faltrad-mit-374wh-lithium-akku\/#primaryimage","url":"https:\/\/kgerad.de\/wp-content\/uploads\/2023\/06\/9e59be84e4d2c5089878b771c83867c9.webp","contentUrl":"https:\/\/kgerad.de\/wp-content\/uploads\/2023\/06\/9e59be84e4d2c5089878b771c83867c9.webp","width":2048,"height":2048,"caption":"MYATU 20 Zoll E-Bike Klapprad Faltrad"},{"@type":"BreadcrumbList","@id":"https:\/\/kgerad.de\/produkt\/myatu-20-zoll-e-bike-klapprad-faltrad-mit-374wh-lithium-akku\/#breadcrumb","itemListElement":[{"@type":"ListItem","position":1,"name":"Startseite","item":"https:\/\/kgerad.de\/"},{"@type":"ListItem","position":2,"name":"LADEN","item":"https:\/\/kgerad.de\/laden\/"},{"@type":"ListItem","position":3,"name":"MYATU 20 Zoll E-Bike Klapprad Faltrad, mit 374Wh Lithium-Akku"}]},{"@type":"WebSite","@id":"https:\/\/kgerad.de\/#website","url":"https:\/\/kgerad.de\/","name":"kgerad.de","description":"Treten Sie mit uns ins Abenteuer!","publisher":{"@id":"https:\/\/kgerad.de\/#organization"},"alternateName":"MEIN RADLADEN","potentialAction":[{"@type":"SearchAction","target":{"@type":"EntryPoint","urlTemplate":"https:\/\/kgerad.de\/?s={search_term_string}"},"query-input":{"@type":"PropertyValueSpecification","valueRequired":true,"valueName":"search_term_string"}}],"inLanguage":"en-US"},{"@type":"Organization","@id":"https:\/\/kgerad.de\/#organization","name":"MEINRADLADEN","alternateName":"MEIN RADLADEN","url":"https:\/\/kgerad.de\/","logo":{"@type":"ImageObject","inLanguage":"en-US","@id":"https:\/\/kgerad.de\/#\/schema\/logo\/image\/","url":"https:\/\/kgerad.de\/wp-content\/uploads\/2025\/07\/logo-Whit.svg","contentUrl":"https:\/\/kgerad.de\/wp-content\/uploads\/2025\/07\/logo-Whit.svg","width":1640,"height":371,"caption":"MEINRADLADEN"},"image":{"@id":"https:\/\/kgerad.de\/#\/schema\/logo\/image\/"}}]}},"_links":{"self":[{"href":"https:\/\/kgerad.de\/en\/wp-json\/wp\/v2\/product\/48791","targetHints":{"allow":["GET"]}}],"collection":[{"href":"https:\/\/kgerad.de\/en\/wp-json\/wp\/v2\/product"}],"about":[{"href":"https:\/\/kgerad.de\/en\/wp-json\/wp\/v2\/types\/product"}],"replies":[{"embeddable":true,"href":"https:\/\/kgerad.de\/en\/wp-json\/wp\/v2\/comments?post=48791"}],"version-history":[{"count":1,"href":"https:\/\/kgerad.de\/en\/wp-json\/wp\/v2\/product\/48791\/revisions"}],"predecessor-version":[{"id":78698,"href":"https:\/\/kgerad.de\/en\/wp-json\/wp\/v2\/product\/48791\/revisions\/78698"}],"wp:featuredmedia":[{"embeddable":true,"href":"https:\/\/kgerad.de\/en\/wp-json\/wp\/v2\/media\/64892"}],"wp:attachment":[{"href":"https:\/\/kgerad.de\/en\/wp-json\/wp\/v2\/media?parent=48791"}],"wp:term":[{"taxonomy":"product_brand","embeddable":true,"href":"https:\/\/kgerad.de\/en\/wp-json\/wp\/v2\/product_brand?post=48791"},{"taxonomy":"product_cat","embeddable":true,"href":"https:\/\/kgerad.de\/en\/wp-json\/wp\/v2\/product_cat?post=48791"},{"taxonomy":"product_tag","embeddable":true,"href":"https:\/\/kgerad.de\/en\/wp-json\/wp\/v2\/product_tag?post=48791"}],"curies":[{"name":"wp","href":"https:\/\/api.w.org\/{rel}","templated":true}]}}