{"id":48771,"date":"2022-12-08T10:40:04","date_gmt":"2022-12-08T09:40:04","guid":{"rendered":"https:\/\/kgerad.de\/?post_type=product&#038;p=48771"},"modified":"2023-08-10T19:20:11","modified_gmt":"2023-08-10T17:20:11","slug":"fafrees-20f054-20-zoll-faltfahrrad-faltrad-klapprad","status":"publish","type":"product","link":"https:\/\/kgerad.de\/en\/product\/fafrees-20f054-20-zoll-faltfahrrad-faltrad-klapprad\/","title":{"rendered":"FAFREES 20F054 20 Zoll Faltfahrrad Faltrad Klapprad"},"content":{"rendered":"<h2 class=\"rd-title\" title=\"FAFREES 20F054 20 Zoll Faltfahrrad Faltrad Klapprad E-Bike Elektrofahrrad Citybike E-MTB 250W 36V 10Ah 25km\/h Mit LCD-Licht, Max Bis 120KG\">FAFREES 20F054 20 Zoll Faltfahrrad Faltrad Klapprad<\/h2>\n<p>Haben Sie es satt, zu laufen oder herumzuh\u00e4ngen? Es ist Zeit, ein komfortables faltbares E-Bike zu besitzen, das FAFREES 20F054 wird Sie mit seinen hervorragenden Eigenschaften nicht frustrieren! 250-Watt-Motor, 20 &#8222;Rad mit Anti-Rutsch-Reifen, 100% faltbare Aluminium-Legierung, 50 km-55 km ultra-lange Akku-Reichweite, 7-Gang-Getriebe und 3 Fahrmodi, all diese erstaunlichen Eigenschaften kombinieren die 20F054 E-Bike wird zu einem immer beliebter ein Make Quelle f\u00fcr den Transport.<\/p>\n<p><strong>Folding Rahmen Design:<\/strong>\u00a020F054 Adopts leichte Aluminium-Legierung zusammenklappbare Rahmen, es mit fast 100% zusammengebaut ankommt, Sie einfach nur brauchen, um die Pedale zu installieren. Es kann zu einer ultra-kompakten Gr\u00f6\u00dfe gefaltet werden, leicht zu transportieren und zu lagern in jeden Kofferraum, ideal f\u00fcr einen Urlaub zu reisen und das Pendeln.<\/p>\n<p><strong>Sehr lange Batterie-Strecke:<\/strong>Kommt mit erweiterten 36V 10Ah Lithium-Ionen-Akku,vollst\u00e4ndig aufgeladen werden nur in5bis 6 Stunden Ihr Fahrbereich wird bis zu 50km-55km, und die H\u00f6chstgeschwindigkeit bis 25 km \/ h. Die Batterie ist entfernbar, was bedeutet, dass esaufgeladen werden kannoban oder aus dem Rahmen.<\/p>\n<p><strong>7-Gang Getriebe:<\/strong>20F054 besitzt ein 7-Gang-Getriebe System Professional, die rostbest\u00e4ndigen beschichteten Umwerfer am Rahmen befestigt ist, und Griffschieber in den Lenker integriert. Die glatte 7-Gang-Set erm\u00f6glicht es Ihnen, mit Leichtigkeit und Tritt mehr bequem auf jedem Gel\u00e4nde wie H\u00fcgel auf dem Sprung zu verschieben, holprig und Steigung Stra\u00dfen.<\/p>\n<p><strong>3 Reit Modi:<\/strong>\u00a0250W Motor sorgt f\u00fcr 20F054 Fahrleistung. Du\u2018ll eine stabile und komfortable Fahrerlebnis mit seinen 3 Fahrmodi erhalten: Leistungsmodus, Fahrradmodus und Moped-Modus, mit dem Gas ein Platzen der Geschwindigkeit Zugabe h\u00e4ngt nur von Ihnen ab!<\/p>\n<p><strong>20&#8243;Wheels Mit AAnti-RutschTIngrimm:\u00a0<\/strong>20\u201cR\u00e4der machen 20F054 werdeneinperfekt, effizientund\u00f6konomischer Transport Arbeit, Schule oder in der Stadt.Kombinieren Sie mit Anti-Rutsch-verschlei\u00dffesten Reifen und langlebigKotfl\u00fcgeln, Kann es leichterobernGutters, Schlagl\u00f6cher,undwas auch immer sonstStra\u00dfendie st\u00e4dtische Umwelt.<\/p>\n<p><strong>V-Brakes und LED-Licht:<\/strong>Front undrOhrV-Stil BremsenBereitstellenhandhabbarscharfe Handhabung und Bremskraftr Sie ben\u00f6tigen, wenn aufgerufen,. Dasbrillanthelle LED-Scheinwerfer f\u00fcr Nachtfahrten ausgestattet.Protecting your riding safety from all aspects!<\/p>\n<h4><strong>Anmerkungen:<\/strong><\/h4>\n<p>1.Bitte tragen Sie einen Helm, wenn das elektrische Fahrrad f\u00fcr Ihre Sicherheit fahren.<\/p>\n<p>2.20F054 E-Bike ist f\u00fcr die Fahrer im Alter von 16-65 Jahren alt geeignet.<\/p>\n<p>3.Dort\u2018s eine digitale Anzeige f\u00fcr Tachometer, Kilometerz\u00e4hler, Zeit, Licht, Lebensdauer der Batterie.<\/p>\n<p>4.Bitte verwenden Sie die abgesenkte Sattelst\u00fctze als ein Stativ mit den zwei R\u00e4dern im eingeklappten Zustand, es stabil in der aufrechten Position zu halten.<\/p>\n<p>5.Die herausnehmbare Batterie ist unter dem Standard hinteren Gep\u00e4cktr\u00e4ger.<\/p>\n<p>6.Bitte beachten Sie, dass die maximale Gewichtskapazit\u00e4t betr\u00e4gt 120 kg \/ 264.5lb.<\/p>\n<p>7.Die Lenkerh\u00f6he kann zwischen 103cm-117.5cm \/ 40,55 eingestellt werden,\u201c-46.26\u201c, und es kann auch f\u00fcr Ihr besseres Fahrerlebnis in Ihre Handposition gedreht werden.<\/p>\n<p>8.Die Sattelst\u00fctze H\u00f6he kann von 70cm-107cm \/ 27,56 eingestellt werden\u201c-42.13\u201cSie mit der bequemste Sitzposition zu bieten.<\/p>\n<h4><strong>Spezifikationen:<\/strong><\/h4>\n<p>Marke:\u00a0<strong>FAFREES<\/strong><br \/>\nModell: 20F054<br \/>\nMotor: 250W 36V hinterer Gleichstrommotor<br \/>\nBatterie: 18650 36V 10AH Lithium-Ionen-Batterie<br \/>\nLadezeit: 5-6 Stunden<br \/>\nBatteriebereich: 50 km bis 55 km<br \/>\nH\u00f6chstgeschwindigkeit: 25 km \/ h<br \/>\nOptimale Geschwindigkeit: 20 km \/ h<br \/>\nKletterwinkel: 30 \u00b0<br \/>\nRaddurchmesser: 20 &#8220;<br \/>\nRahmenmaterial: Aluminiumlegierung<br \/>\nKlappstiel: Ja<br \/>\nDigitalanzeige: Ja, Anzeige f\u00fcr Tachometer, Kilometerz\u00e4hler, Zeit, Licht, Akkulaufzeit<br \/>\nFahrmodi: 3 Modi (Power-Modus, Zyklus-Modus, Moped-Modus)<br \/>\nGetriebe: 7-Gang-G\u00e4nge<br \/>\nBremsen: V-Style-Bremsen vorne und hinten<br \/>\nScheinwerfer: Helles LED-Licht<br \/>\nMaximales Benutzergewicht (Gewichtskapazit\u00e4t): 120 kg<br \/>\nGeeignetes Alter: 16-65 Jahre alt<br \/>\nWasserdichtigkeit: IP54<br \/>\nBetriebstemperatur: -10 \u00b0 C-45 \u00b0 C.<br \/>\nLadespannung: DC 42V<br \/>\nEingangsspannung: AC 220V<br \/>\nEinstellbare Sitzh\u00f6he: 70 cm &#8211; 110 cm \/ 27,56 \u201d- 43,31\u201d<br \/>\nEinstellbare Lenkerh\u00f6he: 103 cm-117,5 cm \/ 40,55 \u201d-46,26\u201d<br \/>\nUngefaltetes Fahrrad L\u00e4nge: 153 cm<br \/>\nLenkerl\u00e4nge: 63,5 cm<br \/>\nGefaltete Gr\u00f6\u00dfe: 87 cm x 36 cm x 73 cm \/ 34,25 &#8222;x 14,17&#8243; x 28,74 &#8220;<br \/>\nProduktgewicht: 20 kg<\/p>","protected":false},"excerpt":{"rendered":"<p>FAFREES 20F054 20 Zoll Faltfahrrad Faltrad Klapprad Haben Sie es satt, zu laufen oder herumzuh\u00e4ngen? Es ist Zeit, ein komfortables<\/p>","protected":false},"featured_media":64879,"comment_status":"open","ping_status":"closed","template":"","meta":[],"product_brand":[],"product_cat":[33,414,292],"product_tag":[],"class_list":{"0":"post-48771","1":"product","2":"type-product","3":"status-publish","4":"has-post-thumbnail","6":"product_cat-e-bike","7":"product_cat-e-bike-kids","8":"product_cat-kinderfahrrad","9":"pa_marke-fafrees","11":"first","12":"instock","13":"taxable","14":"shipping-taxable","15":"purchasable","16":"product-type-variable"},"yoast_head":"<!-- This site is optimized with the Yoast SEO Premium plugin v20.12 (Yoast SEO v27.1.1) - https:\/\/yoast.com\/product\/yoast-seo-premium-wordpress\/ -->\n<title>FAFREES 20F054 20 Zoll Faltfahrrad Faltrad Klapprad<\/title>\n<meta name=\"description\" content=\"Entdecken Sie unseren Online-Fahrradladen: Gro\u00dfe Auswahl an Modellen f\u00fcr alle Radsportbegeisterten. Von Rennr\u00e4dern bis zu Mountainbikes - finden Sie heute Ihren perfekten Wegbegleiter!\" \/>\n<meta name=\"robots\" content=\"index, follow, max-snippet:-1, max-image-preview:large, max-video-preview:-1\" \/>\n<link rel=\"canonical\" href=\"https:\/\/kgerad.de\/en\/product\/fafrees-20f054-20-zoll-faltfahrrad-faltrad-klapprad\/\" \/>\n<meta property=\"og:locale\" content=\"en_US\" \/>\n<meta property=\"og:type\" content=\"article\" \/>\n<meta property=\"og:title\" content=\"FAFREES 20F054 20 Zoll Faltfahrrad Faltrad Klapprad\" \/>\n<meta property=\"og:description\" content=\"Entdecken Sie unseren Online-Fahrradladen: Gro\u00dfe Auswahl an Modellen f\u00fcr alle Radsportbegeisterten. Von Rennr\u00e4dern bis zu Mountainbikes - finden Sie heute Ihren perfekten Wegbegleiter!\" \/>\n<meta property=\"og:url\" content=\"https:\/\/kgerad.de\/en\/product\/fafrees-20f054-20-zoll-faltfahrrad-faltrad-klapprad\/\" \/>\n<meta property=\"og:site_name\" content=\"kgerad.de\" \/>\n<meta property=\"article:modified_time\" content=\"2023-08-10T17:20:11+00:00\" \/>\n<meta property=\"og:image\" content=\"https:\/\/kgerad.de\/wp-content\/uploads\/2023\/06\/1e6d73d0356c4e9419d033d899622c13.webp\" \/>\n\t<meta property=\"og:image:width\" content=\"2048\" \/>\n\t<meta property=\"og:image:height\" content=\"2048\" \/>\n\t<meta property=\"og:image:type\" content=\"image\/webp\" \/>\n<meta name=\"twitter:card\" content=\"summary_large_image\" \/>\n<meta name=\"twitter:label1\" content=\"Est. reading time\" \/>\n\t<meta name=\"twitter:data1\" content=\"4 minutes\" \/>\n<script type=\"application\/ld+json\" class=\"yoast-schema-graph\">{\"@context\":\"https:\/\/schema.org\",\"@graph\":[{\"@type\":\"WebPage\",\"@id\":\"https:\/\/kgerad.de\/produkt\/fafrees-20f054-20-zoll-faltfahrrad-faltrad-klapprad\/\",\"url\":\"https:\/\/kgerad.de\/produkt\/fafrees-20f054-20-zoll-faltfahrrad-faltrad-klapprad\/\",\"name\":\"FAFREES 20F054 20 Zoll Faltfahrrad Faltrad Klapprad\",\"isPartOf\":{\"@id\":\"https:\/\/kgerad.de\/#website\"},\"primaryImageOfPage\":{\"@id\":\"https:\/\/kgerad.de\/produkt\/fafrees-20f054-20-zoll-faltfahrrad-faltrad-klapprad\/#primaryimage\"},\"image\":{\"@id\":\"https:\/\/kgerad.de\/produkt\/fafrees-20f054-20-zoll-faltfahrrad-faltrad-klapprad\/#primaryimage\"},\"thumbnailUrl\":\"https:\/\/kgerad.de\/wp-content\/uploads\/2023\/06\/1e6d73d0356c4e9419d033d899622c13.webp\",\"datePublished\":\"2022-12-08T09:40:04+00:00\",\"dateModified\":\"2023-08-10T17:20:11+00:00\",\"description\":\"Entdecken Sie unseren Online-Fahrradladen: Gro\u00dfe Auswahl an Modellen f\u00fcr alle Radsportbegeisterten. Von Rennr\u00e4dern bis zu Mountainbikes - finden Sie heute Ihren perfekten Wegbegleiter!\",\"breadcrumb\":{\"@id\":\"https:\/\/kgerad.de\/produkt\/fafrees-20f054-20-zoll-faltfahrrad-faltrad-klapprad\/#breadcrumb\"},\"inLanguage\":\"en-US\",\"potentialAction\":[{\"@type\":\"ReadAction\",\"target\":[\"https:\/\/kgerad.de\/produkt\/fafrees-20f054-20-zoll-faltfahrrad-faltrad-klapprad\/\"]}]},{\"@type\":\"ImageObject\",\"inLanguage\":\"en-US\",\"@id\":\"https:\/\/kgerad.de\/produkt\/fafrees-20f054-20-zoll-faltfahrrad-faltrad-klapprad\/#primaryimage\",\"url\":\"https:\/\/kgerad.de\/wp-content\/uploads\/2023\/06\/1e6d73d0356c4e9419d033d899622c13.webp\",\"contentUrl\":\"https:\/\/kgerad.de\/wp-content\/uploads\/2023\/06\/1e6d73d0356c4e9419d033d899622c13.webp\",\"width\":2048,\"height\":2048,\"caption\":\"FAFREES 20F054 20 Zoll Faltfahrrad Faltrad Klapprad\"},{\"@type\":\"BreadcrumbList\",\"@id\":\"https:\/\/kgerad.de\/produkt\/fafrees-20f054-20-zoll-faltfahrrad-faltrad-klapprad\/#breadcrumb\",\"itemListElement\":[{\"@type\":\"ListItem\",\"position\":1,\"name\":\"Startseite\",\"item\":\"https:\/\/kgerad.de\/\"},{\"@type\":\"ListItem\",\"position\":2,\"name\":\"LADEN\",\"item\":\"https:\/\/kgerad.de\/laden\/\"},{\"@type\":\"ListItem\",\"position\":3,\"name\":\"FAFREES 20F054 20 Zoll Faltfahrrad Faltrad Klapprad\"}]},{\"@type\":\"WebSite\",\"@id\":\"https:\/\/kgerad.de\/#website\",\"url\":\"https:\/\/kgerad.de\/\",\"name\":\"kgerad.de\",\"description\":\"Treten Sie mit uns ins Abenteuer!\",\"publisher\":{\"@id\":\"https:\/\/kgerad.de\/#organization\"},\"alternateName\":\"MEIN RADLADEN\",\"potentialAction\":[{\"@type\":\"SearchAction\",\"target\":{\"@type\":\"EntryPoint\",\"urlTemplate\":\"https:\/\/kgerad.de\/?s={search_term_string}\"},\"query-input\":{\"@type\":\"PropertyValueSpecification\",\"valueRequired\":true,\"valueName\":\"search_term_string\"}}],\"inLanguage\":\"en-US\"},{\"@type\":\"Organization\",\"@id\":\"https:\/\/kgerad.de\/#organization\",\"name\":\"MEINRADLADEN\",\"alternateName\":\"MEIN RADLADEN\",\"url\":\"https:\/\/kgerad.de\/\",\"logo\":{\"@type\":\"ImageObject\",\"inLanguage\":\"en-US\",\"@id\":\"https:\/\/kgerad.de\/#\/schema\/logo\/image\/\",\"url\":\"https:\/\/kgerad.de\/wp-content\/uploads\/2025\/07\/logo-Whit.svg\",\"contentUrl\":\"https:\/\/kgerad.de\/wp-content\/uploads\/2025\/07\/logo-Whit.svg\",\"width\":1640,\"height\":371,\"caption\":\"MEINRADLADEN\"},\"image\":{\"@id\":\"https:\/\/kgerad.de\/#\/schema\/logo\/image\/\"}}]}<\/script>\n<!-- \/ Yoast SEO Premium plugin. -->","yoast_head_json":{"title":"FAFREES 20F054 20 Zoll Faltfahrrad Faltrad Klapprad","description":"Entdecken Sie unseren Online-Fahrradladen: Gro\u00dfe Auswahl an Modellen f\u00fcr alle Radsportbegeisterten. Von Rennr\u00e4dern bis zu Mountainbikes - finden Sie heute Ihren perfekten Wegbegleiter!","robots":{"index":"index","follow":"follow","max-snippet":"max-snippet:-1","max-image-preview":"max-image-preview:large","max-video-preview":"max-video-preview:-1"},"canonical":"https:\/\/kgerad.de\/en\/product\/fafrees-20f054-20-zoll-faltfahrrad-faltrad-klapprad\/","og_locale":"en_US","og_type":"article","og_title":"FAFREES 20F054 20 Zoll Faltfahrrad Faltrad Klapprad","og_description":"Entdecken Sie unseren Online-Fahrradladen: Gro\u00dfe Auswahl an Modellen f\u00fcr alle Radsportbegeisterten. Von Rennr\u00e4dern bis zu Mountainbikes - finden Sie heute Ihren perfekten Wegbegleiter!","og_url":"https:\/\/kgerad.de\/en\/product\/fafrees-20f054-20-zoll-faltfahrrad-faltrad-klapprad\/","og_site_name":"kgerad.de","article_modified_time":"2023-08-10T17:20:11+00:00","og_image":[{"width":2048,"height":2048,"url":"https:\/\/kgerad.de\/wp-content\/uploads\/2023\/06\/1e6d73d0356c4e9419d033d899622c13.webp","type":"image\/webp"}],"twitter_card":"summary_large_image","twitter_misc":{"Est. reading time":"4 minutes"},"schema":{"@context":"https:\/\/schema.org","@graph":[{"@type":"WebPage","@id":"https:\/\/kgerad.de\/produkt\/fafrees-20f054-20-zoll-faltfahrrad-faltrad-klapprad\/","url":"https:\/\/kgerad.de\/produkt\/fafrees-20f054-20-zoll-faltfahrrad-faltrad-klapprad\/","name":"FAFREES 20F054 20 Zoll Faltfahrrad Faltrad Klapprad","isPartOf":{"@id":"https:\/\/kgerad.de\/#website"},"primaryImageOfPage":{"@id":"https:\/\/kgerad.de\/produkt\/fafrees-20f054-20-zoll-faltfahrrad-faltrad-klapprad\/#primaryimage"},"image":{"@id":"https:\/\/kgerad.de\/produkt\/fafrees-20f054-20-zoll-faltfahrrad-faltrad-klapprad\/#primaryimage"},"thumbnailUrl":"https:\/\/kgerad.de\/wp-content\/uploads\/2023\/06\/1e6d73d0356c4e9419d033d899622c13.webp","datePublished":"2022-12-08T09:40:04+00:00","dateModified":"2023-08-10T17:20:11+00:00","description":"Entdecken Sie unseren Online-Fahrradladen: Gro\u00dfe Auswahl an Modellen f\u00fcr alle Radsportbegeisterten. Von Rennr\u00e4dern bis zu Mountainbikes - finden Sie heute Ihren perfekten Wegbegleiter!","breadcrumb":{"@id":"https:\/\/kgerad.de\/produkt\/fafrees-20f054-20-zoll-faltfahrrad-faltrad-klapprad\/#breadcrumb"},"inLanguage":"en-US","potentialAction":[{"@type":"ReadAction","target":["https:\/\/kgerad.de\/produkt\/fafrees-20f054-20-zoll-faltfahrrad-faltrad-klapprad\/"]}]},{"@type":"ImageObject","inLanguage":"en-US","@id":"https:\/\/kgerad.de\/produkt\/fafrees-20f054-20-zoll-faltfahrrad-faltrad-klapprad\/#primaryimage","url":"https:\/\/kgerad.de\/wp-content\/uploads\/2023\/06\/1e6d73d0356c4e9419d033d899622c13.webp","contentUrl":"https:\/\/kgerad.de\/wp-content\/uploads\/2023\/06\/1e6d73d0356c4e9419d033d899622c13.webp","width":2048,"height":2048,"caption":"FAFREES 20F054 20 Zoll Faltfahrrad Faltrad Klapprad"},{"@type":"BreadcrumbList","@id":"https:\/\/kgerad.de\/produkt\/fafrees-20f054-20-zoll-faltfahrrad-faltrad-klapprad\/#breadcrumb","itemListElement":[{"@type":"ListItem","position":1,"name":"Startseite","item":"https:\/\/kgerad.de\/"},{"@type":"ListItem","position":2,"name":"LADEN","item":"https:\/\/kgerad.de\/laden\/"},{"@type":"ListItem","position":3,"name":"FAFREES 20F054 20 Zoll Faltfahrrad Faltrad Klapprad"}]},{"@type":"WebSite","@id":"https:\/\/kgerad.de\/#website","url":"https:\/\/kgerad.de\/","name":"kgerad.de","description":"Treten Sie mit uns ins Abenteuer!","publisher":{"@id":"https:\/\/kgerad.de\/#organization"},"alternateName":"MEIN RADLADEN","potentialAction":[{"@type":"SearchAction","target":{"@type":"EntryPoint","urlTemplate":"https:\/\/kgerad.de\/?s={search_term_string}"},"query-input":{"@type":"PropertyValueSpecification","valueRequired":true,"valueName":"search_term_string"}}],"inLanguage":"en-US"},{"@type":"Organization","@id":"https:\/\/kgerad.de\/#organization","name":"MEINRADLADEN","alternateName":"MEIN RADLADEN","url":"https:\/\/kgerad.de\/","logo":{"@type":"ImageObject","inLanguage":"en-US","@id":"https:\/\/kgerad.de\/#\/schema\/logo\/image\/","url":"https:\/\/kgerad.de\/wp-content\/uploads\/2025\/07\/logo-Whit.svg","contentUrl":"https:\/\/kgerad.de\/wp-content\/uploads\/2025\/07\/logo-Whit.svg","width":1640,"height":371,"caption":"MEINRADLADEN"},"image":{"@id":"https:\/\/kgerad.de\/#\/schema\/logo\/image\/"}}]}},"_links":{"self":[{"href":"https:\/\/kgerad.de\/en\/wp-json\/wp\/v2\/product\/48771","targetHints":{"allow":["GET"]}}],"collection":[{"href":"https:\/\/kgerad.de\/en\/wp-json\/wp\/v2\/product"}],"about":[{"href":"https:\/\/kgerad.de\/en\/wp-json\/wp\/v2\/types\/product"}],"replies":[{"embeddable":true,"href":"https:\/\/kgerad.de\/en\/wp-json\/wp\/v2\/comments?post=48771"}],"version-history":[{"count":1,"href":"https:\/\/kgerad.de\/en\/wp-json\/wp\/v2\/product\/48771\/revisions"}],"predecessor-version":[{"id":78700,"href":"https:\/\/kgerad.de\/en\/wp-json\/wp\/v2\/product\/48771\/revisions\/78700"}],"wp:featuredmedia":[{"embeddable":true,"href":"https:\/\/kgerad.de\/en\/wp-json\/wp\/v2\/media\/64879"}],"wp:attachment":[{"href":"https:\/\/kgerad.de\/en\/wp-json\/wp\/v2\/media?parent=48771"}],"wp:term":[{"taxonomy":"product_brand","embeddable":true,"href":"https:\/\/kgerad.de\/en\/wp-json\/wp\/v2\/product_brand?post=48771"},{"taxonomy":"product_cat","embeddable":true,"href":"https:\/\/kgerad.de\/en\/wp-json\/wp\/v2\/product_cat?post=48771"},{"taxonomy":"product_tag","embeddable":true,"href":"https:\/\/kgerad.de\/en\/wp-json\/wp\/v2\/product_tag?post=48771"}],"curies":[{"name":"wp","href":"https:\/\/api.w.org\/{rel}","templated":true}]}}