{"id":48760,"date":"2022-12-08T10:12:43","date_gmt":"2022-12-08T09:12:43","guid":{"rendered":"https:\/\/kgerad.de\/?post_type=product&#038;p=48760"},"modified":"2023-08-10T19:20:23","modified_gmt":"2023-08-10T17:20:23","slug":"bergsteiger-atlantis-24-zoll-kinderfahrrad","status":"publish","type":"product","link":"https:\/\/kgerad.de\/en\/product\/bergsteiger-atlantis-24-zoll-kinderfahrrad\/","title":{"rendered":"Bergsteiger Atlantis 24 Zoll Kinderfahrrad"},"content":{"rendered":"<h2 class=\"rd-title\" title=\"Bergsteiger Atlantis 24 Zoll Kinderfahrrad, geeignet f\u00fcr 8, 9, 10, 11 Jahre, StVZO, Shimano 6 Gang-Schaltung, M\u00e4dchen-Fahrrad mit Dynamo-Licht\">Bergsteiger Atlantis 24 Zoll Kinderfahrrad<\/h2>\n<p>Sehr sicheres und hochwertiges Bergsteiger Atlantis 24 Zoll Kinderfahrrad mit toller Optik<\/p>\n<p>Das Bergsteiger Atlantis Citybike Atlantis von Bergsteiger ist in mehreren wundersch\u00f6nen Farben erh\u00e4ltlich und begeistert kleine Radfahrer mit einem tollen Design. Dank der auff\u00e4lligen Wei\u00dfwandbereifung entwickelt es sich unterwegs sofort zu einem raffinierten Hingucker. Eltern werden sich vor allem \u00fcber die hochwertige und qualitativ anspruchsvolle Verarbeitung freuen, denn das Fahrrad wurde mit einer sehr sicheren und langlebigen Technik ausgestattet.<\/p>\n<p>Das Kinderfahrrad Atlantis verf\u00fcgt \u00fcber einen extrem robusten Hi-Ten Stahlrahmen (Rahmenh\u00f6he: 34 Zentimeter) und einen kindgerechten tiefen Einstieg. Der geschlossene Kettenkasten sorgt auch bei rasanteren Fahrten f\u00fcr ein H\u00f6chstma\u00df an Sicherheit. Eine hochmoderne 18-Gang Shimano-Kettenschaltung, Shimano Umwerfer sowie eine Shimano RevoShift-Drehgriffschaltung sind weitere Vorz\u00fcge dieses zuverl\u00e4ssigen und durchdachten Kinderfahrrads. <a href=\"http:\/\/1.1\">V<\/a>orne und hinten besitzt es zudem komfortable V-Bremsen. Damit auch l\u00e4ngere Touren in bequemer und erm\u00fcdungsfreier Haltung gefahren werden k\u00f6nnen, wurde Atlantis mit einem optimal geformten City-Lenker ausgestattet.<\/p>\n<p>Der Weg zur Schule f\u00fchrt in den Herbst- und Wintermonaten meist noch durch Dunkelheit: Die Beleuchtung ist daher ein ganz wichtiger Aspekt bei einem Kinderfahrrad. Das Atlantis besitzt eine zuverl\u00e4ssige dynamobetriebene Beleuchtung, wobei das R\u00fccklicht zus\u00e4tzlich mit einer Standlichtfunktion ausgestattet wurde. Das Fahrrad entspricht den Richtlinien der Stra\u00dfenverkehrs-Zulassungs-Ordnung (StVZO). Ob t\u00e4glicher Schulweg, Stippvisite bei der Oma oder sonnt\u00e4gliche Fahrradtour mit der ganzen Familie, das Atlantis ist f\u00fcr Kinder mit einer K\u00f6rpergr\u00f6\u00dfe ab 1,35 Metern (ca. 8 Jahren) ein echtes Traumrad.<\/p>\n<p>Bergsteiger \u2013 Fahrr\u00e4der die bewegen.<\/p>","protected":false},"excerpt":{"rendered":"<p>Bergsteiger Atlantis 24 Zoll Kinderfahrrad Sehr sicheres und hochwertiges Bergsteiger Atlantis 24 Zoll Kinderfahrrad mit toller Optik Das Bergsteiger Atlantis<\/p>","protected":false},"featured_media":64872,"comment_status":"open","ping_status":"closed","template":"","meta":[],"product_brand":[],"product_cat":[33,414,292],"product_tag":[],"class_list":{"0":"post-48760","1":"product","2":"type-product","3":"status-publish","4":"has-post-thumbnail","6":"product_cat-e-bike","7":"product_cat-e-bike-kids","8":"product_cat-kinderfahrrad","9":"pa_marke-bergsteiger","11":"first","12":"instock","13":"taxable","14":"shipping-taxable","15":"purchasable","16":"product-type-variable"},"yoast_head":"<!-- This site is optimized with the Yoast SEO Premium plugin v20.12 (Yoast SEO v27.1.1) - https:\/\/yoast.com\/product\/yoast-seo-premium-wordpress\/ -->\n<title>Bergsteiger Atlantis 24 Zoll Kinderfahrrad<\/title>\n<meta name=\"description\" content=\"Entdecken Sie unseren Online-Fahrradladen: Gro\u00dfe Auswahl an Modellen f\u00fcr alle Radsportbegeisterten. Von Rennr\u00e4dern bis zu Mountainbikes - finden Sie heute Ihren perfekten Wegbegleiter!\" \/>\n<meta name=\"robots\" content=\"index, follow, max-snippet:-1, max-image-preview:large, max-video-preview:-1\" \/>\n<link rel=\"canonical\" href=\"https:\/\/kgerad.de\/en\/product\/bergsteiger-atlantis-24-zoll-kinderfahrrad\/\" \/>\n<meta property=\"og:locale\" content=\"en_US\" \/>\n<meta property=\"og:type\" content=\"article\" \/>\n<meta property=\"og:title\" content=\"Bergsteiger Atlantis 24 Zoll Kinderfahrrad\" \/>\n<meta property=\"og:description\" content=\"Entdecken Sie unseren Online-Fahrradladen: Gro\u00dfe Auswahl an Modellen f\u00fcr alle Radsportbegeisterten. Von Rennr\u00e4dern bis zu Mountainbikes - finden Sie heute Ihren perfekten Wegbegleiter!\" \/>\n<meta property=\"og:url\" content=\"https:\/\/kgerad.de\/en\/product\/bergsteiger-atlantis-24-zoll-kinderfahrrad\/\" \/>\n<meta property=\"og:site_name\" content=\"kgerad.de\" \/>\n<meta property=\"article:modified_time\" content=\"2023-08-10T17:20:23+00:00\" \/>\n<meta property=\"og:image\" content=\"https:\/\/kgerad.de\/wp-content\/uploads\/2023\/06\/5988d6e0c86fee176bfffa25d7fb9182.webp\" \/>\n\t<meta property=\"og:image:width\" content=\"2048\" \/>\n\t<meta property=\"og:image:height\" content=\"2048\" \/>\n\t<meta property=\"og:image:type\" content=\"image\/webp\" \/>\n<meta name=\"twitter:card\" content=\"summary_large_image\" \/>\n<meta name=\"twitter:label1\" content=\"Est. reading time\" \/>\n\t<meta name=\"twitter:data1\" content=\"2 minutes\" \/>\n<script type=\"application\/ld+json\" class=\"yoast-schema-graph\">{\"@context\":\"https:\/\/schema.org\",\"@graph\":[{\"@type\":\"WebPage\",\"@id\":\"https:\/\/kgerad.de\/produkt\/bergsteiger-atlantis-24-zoll-kinderfahrrad\/\",\"url\":\"https:\/\/kgerad.de\/produkt\/bergsteiger-atlantis-24-zoll-kinderfahrrad\/\",\"name\":\"Bergsteiger Atlantis 24 Zoll Kinderfahrrad\",\"isPartOf\":{\"@id\":\"https:\/\/kgerad.de\/#website\"},\"primaryImageOfPage\":{\"@id\":\"https:\/\/kgerad.de\/produkt\/bergsteiger-atlantis-24-zoll-kinderfahrrad\/#primaryimage\"},\"image\":{\"@id\":\"https:\/\/kgerad.de\/produkt\/bergsteiger-atlantis-24-zoll-kinderfahrrad\/#primaryimage\"},\"thumbnailUrl\":\"https:\/\/kgerad.de\/wp-content\/uploads\/2023\/06\/5988d6e0c86fee176bfffa25d7fb9182.webp\",\"datePublished\":\"2022-12-08T09:12:43+00:00\",\"dateModified\":\"2023-08-10T17:20:23+00:00\",\"description\":\"Entdecken Sie unseren Online-Fahrradladen: Gro\u00dfe Auswahl an Modellen f\u00fcr alle Radsportbegeisterten. Von Rennr\u00e4dern bis zu Mountainbikes - finden Sie heute Ihren perfekten Wegbegleiter!\",\"breadcrumb\":{\"@id\":\"https:\/\/kgerad.de\/produkt\/bergsteiger-atlantis-24-zoll-kinderfahrrad\/#breadcrumb\"},\"inLanguage\":\"en-US\",\"potentialAction\":[{\"@type\":\"ReadAction\",\"target\":[\"https:\/\/kgerad.de\/produkt\/bergsteiger-atlantis-24-zoll-kinderfahrrad\/\"]}]},{\"@type\":\"ImageObject\",\"inLanguage\":\"en-US\",\"@id\":\"https:\/\/kgerad.de\/produkt\/bergsteiger-atlantis-24-zoll-kinderfahrrad\/#primaryimage\",\"url\":\"https:\/\/kgerad.de\/wp-content\/uploads\/2023\/06\/5988d6e0c86fee176bfffa25d7fb9182.webp\",\"contentUrl\":\"https:\/\/kgerad.de\/wp-content\/uploads\/2023\/06\/5988d6e0c86fee176bfffa25d7fb9182.webp\",\"width\":2048,\"height\":2048,\"caption\":\"Bergsteiger Atlantis 24 Zoll Kinderfahrrad\"},{\"@type\":\"BreadcrumbList\",\"@id\":\"https:\/\/kgerad.de\/produkt\/bergsteiger-atlantis-24-zoll-kinderfahrrad\/#breadcrumb\",\"itemListElement\":[{\"@type\":\"ListItem\",\"position\":1,\"name\":\"Startseite\",\"item\":\"https:\/\/kgerad.de\/\"},{\"@type\":\"ListItem\",\"position\":2,\"name\":\"LADEN\",\"item\":\"https:\/\/kgerad.de\/laden\/\"},{\"@type\":\"ListItem\",\"position\":3,\"name\":\"Bergsteiger Atlantis 24 Zoll Kinderfahrrad\"}]},{\"@type\":\"WebSite\",\"@id\":\"https:\/\/kgerad.de\/#website\",\"url\":\"https:\/\/kgerad.de\/\",\"name\":\"kgerad.de\",\"description\":\"Treten Sie mit uns ins Abenteuer!\",\"publisher\":{\"@id\":\"https:\/\/kgerad.de\/#organization\"},\"alternateName\":\"MEIN RADLADEN\",\"potentialAction\":[{\"@type\":\"SearchAction\",\"target\":{\"@type\":\"EntryPoint\",\"urlTemplate\":\"https:\/\/kgerad.de\/?s={search_term_string}\"},\"query-input\":{\"@type\":\"PropertyValueSpecification\",\"valueRequired\":true,\"valueName\":\"search_term_string\"}}],\"inLanguage\":\"en-US\"},{\"@type\":\"Organization\",\"@id\":\"https:\/\/kgerad.de\/#organization\",\"name\":\"MEINRADLADEN\",\"alternateName\":\"MEIN RADLADEN\",\"url\":\"https:\/\/kgerad.de\/\",\"logo\":{\"@type\":\"ImageObject\",\"inLanguage\":\"en-US\",\"@id\":\"https:\/\/kgerad.de\/#\/schema\/logo\/image\/\",\"url\":\"https:\/\/kgerad.de\/wp-content\/uploads\/2025\/07\/logo-Whit.svg\",\"contentUrl\":\"https:\/\/kgerad.de\/wp-content\/uploads\/2025\/07\/logo-Whit.svg\",\"width\":1640,\"height\":371,\"caption\":\"MEINRADLADEN\"},\"image\":{\"@id\":\"https:\/\/kgerad.de\/#\/schema\/logo\/image\/\"}}]}<\/script>\n<!-- \/ Yoast SEO Premium plugin. -->","yoast_head_json":{"title":"Bergsteiger Atlantis 24 Zoll Kinderfahrrad","description":"Entdecken Sie unseren Online-Fahrradladen: Gro\u00dfe Auswahl an Modellen f\u00fcr alle Radsportbegeisterten. Von Rennr\u00e4dern bis zu Mountainbikes - finden Sie heute Ihren perfekten Wegbegleiter!","robots":{"index":"index","follow":"follow","max-snippet":"max-snippet:-1","max-image-preview":"max-image-preview:large","max-video-preview":"max-video-preview:-1"},"canonical":"https:\/\/kgerad.de\/en\/product\/bergsteiger-atlantis-24-zoll-kinderfahrrad\/","og_locale":"en_US","og_type":"article","og_title":"Bergsteiger Atlantis 24 Zoll Kinderfahrrad","og_description":"Entdecken Sie unseren Online-Fahrradladen: Gro\u00dfe Auswahl an Modellen f\u00fcr alle Radsportbegeisterten. Von Rennr\u00e4dern bis zu Mountainbikes - finden Sie heute Ihren perfekten Wegbegleiter!","og_url":"https:\/\/kgerad.de\/en\/product\/bergsteiger-atlantis-24-zoll-kinderfahrrad\/","og_site_name":"kgerad.de","article_modified_time":"2023-08-10T17:20:23+00:00","og_image":[{"width":2048,"height":2048,"url":"https:\/\/kgerad.de\/wp-content\/uploads\/2023\/06\/5988d6e0c86fee176bfffa25d7fb9182.webp","type":"image\/webp"}],"twitter_card":"summary_large_image","twitter_misc":{"Est. reading time":"2 minutes"},"schema":{"@context":"https:\/\/schema.org","@graph":[{"@type":"WebPage","@id":"https:\/\/kgerad.de\/produkt\/bergsteiger-atlantis-24-zoll-kinderfahrrad\/","url":"https:\/\/kgerad.de\/produkt\/bergsteiger-atlantis-24-zoll-kinderfahrrad\/","name":"Bergsteiger Atlantis 24 Zoll Kinderfahrrad","isPartOf":{"@id":"https:\/\/kgerad.de\/#website"},"primaryImageOfPage":{"@id":"https:\/\/kgerad.de\/produkt\/bergsteiger-atlantis-24-zoll-kinderfahrrad\/#primaryimage"},"image":{"@id":"https:\/\/kgerad.de\/produkt\/bergsteiger-atlantis-24-zoll-kinderfahrrad\/#primaryimage"},"thumbnailUrl":"https:\/\/kgerad.de\/wp-content\/uploads\/2023\/06\/5988d6e0c86fee176bfffa25d7fb9182.webp","datePublished":"2022-12-08T09:12:43+00:00","dateModified":"2023-08-10T17:20:23+00:00","description":"Entdecken Sie unseren Online-Fahrradladen: Gro\u00dfe Auswahl an Modellen f\u00fcr alle Radsportbegeisterten. Von Rennr\u00e4dern bis zu Mountainbikes - finden Sie heute Ihren perfekten Wegbegleiter!","breadcrumb":{"@id":"https:\/\/kgerad.de\/produkt\/bergsteiger-atlantis-24-zoll-kinderfahrrad\/#breadcrumb"},"inLanguage":"en-US","potentialAction":[{"@type":"ReadAction","target":["https:\/\/kgerad.de\/produkt\/bergsteiger-atlantis-24-zoll-kinderfahrrad\/"]}]},{"@type":"ImageObject","inLanguage":"en-US","@id":"https:\/\/kgerad.de\/produkt\/bergsteiger-atlantis-24-zoll-kinderfahrrad\/#primaryimage","url":"https:\/\/kgerad.de\/wp-content\/uploads\/2023\/06\/5988d6e0c86fee176bfffa25d7fb9182.webp","contentUrl":"https:\/\/kgerad.de\/wp-content\/uploads\/2023\/06\/5988d6e0c86fee176bfffa25d7fb9182.webp","width":2048,"height":2048,"caption":"Bergsteiger Atlantis 24 Zoll Kinderfahrrad"},{"@type":"BreadcrumbList","@id":"https:\/\/kgerad.de\/produkt\/bergsteiger-atlantis-24-zoll-kinderfahrrad\/#breadcrumb","itemListElement":[{"@type":"ListItem","position":1,"name":"Startseite","item":"https:\/\/kgerad.de\/"},{"@type":"ListItem","position":2,"name":"LADEN","item":"https:\/\/kgerad.de\/laden\/"},{"@type":"ListItem","position":3,"name":"Bergsteiger Atlantis 24 Zoll Kinderfahrrad"}]},{"@type":"WebSite","@id":"https:\/\/kgerad.de\/#website","url":"https:\/\/kgerad.de\/","name":"kgerad.de","description":"Treten Sie mit uns ins Abenteuer!","publisher":{"@id":"https:\/\/kgerad.de\/#organization"},"alternateName":"MEIN RADLADEN","potentialAction":[{"@type":"SearchAction","target":{"@type":"EntryPoint","urlTemplate":"https:\/\/kgerad.de\/?s={search_term_string}"},"query-input":{"@type":"PropertyValueSpecification","valueRequired":true,"valueName":"search_term_string"}}],"inLanguage":"en-US"},{"@type":"Organization","@id":"https:\/\/kgerad.de\/#organization","name":"MEINRADLADEN","alternateName":"MEIN RADLADEN","url":"https:\/\/kgerad.de\/","logo":{"@type":"ImageObject","inLanguage":"en-US","@id":"https:\/\/kgerad.de\/#\/schema\/logo\/image\/","url":"https:\/\/kgerad.de\/wp-content\/uploads\/2025\/07\/logo-Whit.svg","contentUrl":"https:\/\/kgerad.de\/wp-content\/uploads\/2025\/07\/logo-Whit.svg","width":1640,"height":371,"caption":"MEINRADLADEN"},"image":{"@id":"https:\/\/kgerad.de\/#\/schema\/logo\/image\/"}}]}},"_links":{"self":[{"href":"https:\/\/kgerad.de\/en\/wp-json\/wp\/v2\/product\/48760","targetHints":{"allow":["GET"]}}],"collection":[{"href":"https:\/\/kgerad.de\/en\/wp-json\/wp\/v2\/product"}],"about":[{"href":"https:\/\/kgerad.de\/en\/wp-json\/wp\/v2\/types\/product"}],"replies":[{"embeddable":true,"href":"https:\/\/kgerad.de\/en\/wp-json\/wp\/v2\/comments?post=48760"}],"version-history":[{"count":1,"href":"https:\/\/kgerad.de\/en\/wp-json\/wp\/v2\/product\/48760\/revisions"}],"predecessor-version":[{"id":78701,"href":"https:\/\/kgerad.de\/en\/wp-json\/wp\/v2\/product\/48760\/revisions\/78701"}],"wp:featuredmedia":[{"embeddable":true,"href":"https:\/\/kgerad.de\/en\/wp-json\/wp\/v2\/media\/64872"}],"wp:attachment":[{"href":"https:\/\/kgerad.de\/en\/wp-json\/wp\/v2\/media?parent=48760"}],"wp:term":[{"taxonomy":"product_brand","embeddable":true,"href":"https:\/\/kgerad.de\/en\/wp-json\/wp\/v2\/product_brand?post=48760"},{"taxonomy":"product_cat","embeddable":true,"href":"https:\/\/kgerad.de\/en\/wp-json\/wp\/v2\/product_cat?post=48760"},{"taxonomy":"product_tag","embeddable":true,"href":"https:\/\/kgerad.de\/en\/wp-json\/wp\/v2\/product_tag?post=48760"}],"curies":[{"name":"wp","href":"https:\/\/api.w.org\/{rel}","templated":true}]}}