{"id":48748,"date":"2022-12-08T10:05:23","date_gmt":"2022-12-08T09:05:23","guid":{"rendered":"https:\/\/kgerad.de\/?post_type=product&#038;p=48748"},"modified":"2023-08-10T19:20:37","modified_gmt":"2023-08-10T17:20:37","slug":"bergsteiger-sydney-20-zoll-kinderfahrrad","status":"publish","type":"product","link":"https:\/\/kgerad.de\/en\/product\/bergsteiger-sydney-20-zoll-kinderfahrrad\/","title":{"rendered":"Bergsteiger Sydney 20 Zoll Kinderfahrrad"},"content":{"rendered":"<h2 class=\"rd-title\" title=\"Bergsteiger Sydney 20 Zoll Kinderfahrrad, geeignet f\u00fcr 6, 7, 8, 9 Jahre, StVZO, Shimano 6 Gang-Schaltung, Jungen-Fahrrad mit Dynamo-Licht\">Bergsteiger Sydney 20 Zoll Kinderfahrrad<\/h2>\n<p>Cooles und sehr hochwertiges Kinderfahrrad f\u00fcr die Kleinen . Mit dem Bergsteiger Sydney\u00a0 20 Zoll Sydney aus dem Hause Bergsteiger f\u00fchlen sich die Kleinen ganz gro\u00df! Es punktet mit einer coolen, aber dennoch kindgerechten Optik. Der Y-Rahmen verleiht dem Rad ein rasantes und sportliches Design, in das sich M\u00e4dchen und Jungen gleicherma\u00dfen verlieben werden. Und auch die technischen Details k\u00f6nnen sich, ganz zur Freude der Eltern, nat\u00fcrlich sehen lassen!<\/p>\n<p>Mit einer Rahmenh\u00f6he von 31 Zentimetern richtet sich Sydney an Kinder mit einer K\u00f6rpergr\u00f6\u00dfe ab 1,15 Metern. Der innovative Hi-Ten Stahlrahmen ist extrem robust und nimmt auch st\u00e4rkere Beanspruchungen kaum \u00fcbel. Das Fahrrad <a href=\"http:\/\/1.1\">verf\u00fcgt<\/a> \u00fcber einen geschlossenen Kettenkasten, der zu einer h\u00f6chstm\u00f6glichen Sicherheit beitr\u00e4gt. Ein rasanter Hingucker ist zudem der topaktuelle MTB-Lenker mit den farbigen Bar-Ends. Er macht aus dem Kinderfahrrad einen trendstarken Blickfang und verhindert mit seiner auffallenden Optik Verwechslungen.<\/p>\n<p>Das Kinderfahrrad Sydney besitzt in die Reifen eingearbeitete Leuchtstreifen, die bei Dunkelheit reflektieren. Sie tragen zusammen mit der dynamobetriebenen Beleuchtung und dem R\u00fccklicht mit Standfunktion zu einer optimalen Verkehrssicherheit bei. Selbstverst\u00e4ndlich entspricht Sydney allen aktuellen Vorgaben der Stra\u00dfenverkehrs-Zulassungs-Ordnung (StVZO), so dass es von den M\u00e4dchen und Jungen ohne jegliche Bedenken im \u00f6ffentlichen Stra\u00dfenverkehr genutzt werden kann. F\u00fcr die Fahrt zu Freunden, in die Schule oder zum Fu\u00dfballverein: Sydney von Bergsteiger ist ein Kinderfahrrad, das Kinder und Eltern gleicherma\u00dfen begeistert!<\/p>\n<p>Bergsteiger \u2013 Fahrr\u00e4der die bewegen.<\/p>","protected":false},"excerpt":{"rendered":"<p>Bergsteiger Sydney 20 Zoll Kinderfahrrad Cooles und sehr hochwertiges Kinderfahrrad f\u00fcr die Kleinen . Mit dem Bergsteiger Sydney\u00a0 20 Zoll<\/p>","protected":false},"featured_media":64864,"comment_status":"open","ping_status":"closed","template":"","meta":[],"product_brand":[],"product_cat":[33,414,292],"product_tag":[],"class_list":{"0":"post-48748","1":"product","2":"type-product","3":"status-publish","4":"has-post-thumbnail","6":"product_cat-e-bike","7":"product_cat-e-bike-kids","8":"product_cat-kinderfahrrad","9":"pa_marke-bergsteiger","11":"first","12":"instock","13":"taxable","14":"shipping-taxable","15":"purchasable","16":"product-type-variable"},"yoast_head":"<!-- This site is optimized with the Yoast SEO Premium plugin v20.12 (Yoast SEO v27.1.1) - https:\/\/yoast.com\/product\/yoast-seo-premium-wordpress\/ -->\n<title>Bergsteiger Sydney 20 Zoll Kinderfahrrad<\/title>\n<meta name=\"description\" content=\"Entdecken Sie unseren Online-Fahrradladen: Gro\u00dfe Auswahl an Modellen f\u00fcr alle Radsportbegeisterten. Von Rennr\u00e4dern bis zu Mountainbikes - finden Sie heute Ihren perfekten Wegbegleiter!\" \/>\n<meta name=\"robots\" content=\"index, follow, max-snippet:-1, max-image-preview:large, max-video-preview:-1\" \/>\n<link rel=\"canonical\" href=\"https:\/\/kgerad.de\/en\/product\/bergsteiger-sydney-20-zoll-kinderfahrrad\/\" \/>\n<meta property=\"og:locale\" content=\"en_US\" \/>\n<meta property=\"og:type\" content=\"article\" \/>\n<meta property=\"og:title\" content=\"Bergsteiger Sydney 20 Zoll Kinderfahrrad\" \/>\n<meta property=\"og:description\" content=\"Entdecken Sie unseren Online-Fahrradladen: Gro\u00dfe Auswahl an Modellen f\u00fcr alle Radsportbegeisterten. Von Rennr\u00e4dern bis zu Mountainbikes - finden Sie heute Ihren perfekten Wegbegleiter!\" \/>\n<meta property=\"og:url\" content=\"https:\/\/kgerad.de\/en\/product\/bergsteiger-sydney-20-zoll-kinderfahrrad\/\" \/>\n<meta property=\"og:site_name\" content=\"kgerad.de\" \/>\n<meta property=\"article:modified_time\" content=\"2023-08-10T17:20:37+00:00\" \/>\n<meta property=\"og:image\" content=\"https:\/\/kgerad.de\/wp-content\/uploads\/2023\/06\/986b5ebe5566381c1cac7f27088b5113.webp\" \/>\n\t<meta property=\"og:image:width\" content=\"2048\" \/>\n\t<meta property=\"og:image:height\" content=\"2048\" \/>\n\t<meta property=\"og:image:type\" content=\"image\/webp\" \/>\n<meta name=\"twitter:card\" content=\"summary_large_image\" \/>\n<meta name=\"twitter:label1\" content=\"Est. reading time\" \/>\n\t<meta name=\"twitter:data1\" content=\"2 minutes\" \/>\n<script type=\"application\/ld+json\" class=\"yoast-schema-graph\">{\"@context\":\"https:\/\/schema.org\",\"@graph\":[{\"@type\":\"WebPage\",\"@id\":\"https:\/\/kgerad.de\/produkt\/bergsteiger-sydney-20-zoll-kinderfahrrad\/\",\"url\":\"https:\/\/kgerad.de\/produkt\/bergsteiger-sydney-20-zoll-kinderfahrrad\/\",\"name\":\"Bergsteiger Sydney 20 Zoll Kinderfahrrad\",\"isPartOf\":{\"@id\":\"https:\/\/kgerad.de\/#website\"},\"primaryImageOfPage\":{\"@id\":\"https:\/\/kgerad.de\/produkt\/bergsteiger-sydney-20-zoll-kinderfahrrad\/#primaryimage\"},\"image\":{\"@id\":\"https:\/\/kgerad.de\/produkt\/bergsteiger-sydney-20-zoll-kinderfahrrad\/#primaryimage\"},\"thumbnailUrl\":\"https:\/\/kgerad.de\/wp-content\/uploads\/2023\/06\/986b5ebe5566381c1cac7f27088b5113.webp\",\"datePublished\":\"2022-12-08T09:05:23+00:00\",\"dateModified\":\"2023-08-10T17:20:37+00:00\",\"description\":\"Entdecken Sie unseren Online-Fahrradladen: Gro\u00dfe Auswahl an Modellen f\u00fcr alle Radsportbegeisterten. Von Rennr\u00e4dern bis zu Mountainbikes - finden Sie heute Ihren perfekten Wegbegleiter!\",\"breadcrumb\":{\"@id\":\"https:\/\/kgerad.de\/produkt\/bergsteiger-sydney-20-zoll-kinderfahrrad\/#breadcrumb\"},\"inLanguage\":\"en-US\",\"potentialAction\":[{\"@type\":\"ReadAction\",\"target\":[\"https:\/\/kgerad.de\/produkt\/bergsteiger-sydney-20-zoll-kinderfahrrad\/\"]}]},{\"@type\":\"ImageObject\",\"inLanguage\":\"en-US\",\"@id\":\"https:\/\/kgerad.de\/produkt\/bergsteiger-sydney-20-zoll-kinderfahrrad\/#primaryimage\",\"url\":\"https:\/\/kgerad.de\/wp-content\/uploads\/2023\/06\/986b5ebe5566381c1cac7f27088b5113.webp\",\"contentUrl\":\"https:\/\/kgerad.de\/wp-content\/uploads\/2023\/06\/986b5ebe5566381c1cac7f27088b5113.webp\",\"width\":2048,\"height\":2048,\"caption\":\"Bergsteiger Sydney 20 Zoll Kinderfahrrad\"},{\"@type\":\"BreadcrumbList\",\"@id\":\"https:\/\/kgerad.de\/produkt\/bergsteiger-sydney-20-zoll-kinderfahrrad\/#breadcrumb\",\"itemListElement\":[{\"@type\":\"ListItem\",\"position\":1,\"name\":\"Startseite\",\"item\":\"https:\/\/kgerad.de\/\"},{\"@type\":\"ListItem\",\"position\":2,\"name\":\"LADEN\",\"item\":\"https:\/\/kgerad.de\/laden\/\"},{\"@type\":\"ListItem\",\"position\":3,\"name\":\"Bergsteiger Sydney 20 Zoll Kinderfahrrad\"}]},{\"@type\":\"WebSite\",\"@id\":\"https:\/\/kgerad.de\/#website\",\"url\":\"https:\/\/kgerad.de\/\",\"name\":\"kgerad.de\",\"description\":\"Treten Sie mit uns ins Abenteuer!\",\"publisher\":{\"@id\":\"https:\/\/kgerad.de\/#organization\"},\"alternateName\":\"MEIN RADLADEN\",\"potentialAction\":[{\"@type\":\"SearchAction\",\"target\":{\"@type\":\"EntryPoint\",\"urlTemplate\":\"https:\/\/kgerad.de\/?s={search_term_string}\"},\"query-input\":{\"@type\":\"PropertyValueSpecification\",\"valueRequired\":true,\"valueName\":\"search_term_string\"}}],\"inLanguage\":\"en-US\"},{\"@type\":\"Organization\",\"@id\":\"https:\/\/kgerad.de\/#organization\",\"name\":\"MEINRADLADEN\",\"alternateName\":\"MEIN RADLADEN\",\"url\":\"https:\/\/kgerad.de\/\",\"logo\":{\"@type\":\"ImageObject\",\"inLanguage\":\"en-US\",\"@id\":\"https:\/\/kgerad.de\/#\/schema\/logo\/image\/\",\"url\":\"https:\/\/kgerad.de\/wp-content\/uploads\/2025\/07\/logo-Whit.svg\",\"contentUrl\":\"https:\/\/kgerad.de\/wp-content\/uploads\/2025\/07\/logo-Whit.svg\",\"width\":1640,\"height\":371,\"caption\":\"MEINRADLADEN\"},\"image\":{\"@id\":\"https:\/\/kgerad.de\/#\/schema\/logo\/image\/\"}}]}<\/script>\n<!-- \/ Yoast SEO Premium plugin. -->","yoast_head_json":{"title":"Bergsteiger Sydney 20 Zoll Kinderfahrrad","description":"Entdecken Sie unseren Online-Fahrradladen: Gro\u00dfe Auswahl an Modellen f\u00fcr alle Radsportbegeisterten. Von Rennr\u00e4dern bis zu Mountainbikes - finden Sie heute Ihren perfekten Wegbegleiter!","robots":{"index":"index","follow":"follow","max-snippet":"max-snippet:-1","max-image-preview":"max-image-preview:large","max-video-preview":"max-video-preview:-1"},"canonical":"https:\/\/kgerad.de\/en\/product\/bergsteiger-sydney-20-zoll-kinderfahrrad\/","og_locale":"en_US","og_type":"article","og_title":"Bergsteiger Sydney 20 Zoll Kinderfahrrad","og_description":"Entdecken Sie unseren Online-Fahrradladen: Gro\u00dfe Auswahl an Modellen f\u00fcr alle Radsportbegeisterten. Von Rennr\u00e4dern bis zu Mountainbikes - finden Sie heute Ihren perfekten Wegbegleiter!","og_url":"https:\/\/kgerad.de\/en\/product\/bergsteiger-sydney-20-zoll-kinderfahrrad\/","og_site_name":"kgerad.de","article_modified_time":"2023-08-10T17:20:37+00:00","og_image":[{"width":2048,"height":2048,"url":"https:\/\/kgerad.de\/wp-content\/uploads\/2023\/06\/986b5ebe5566381c1cac7f27088b5113.webp","type":"image\/webp"}],"twitter_card":"summary_large_image","twitter_misc":{"Est. reading time":"2 minutes"},"schema":{"@context":"https:\/\/schema.org","@graph":[{"@type":"WebPage","@id":"https:\/\/kgerad.de\/produkt\/bergsteiger-sydney-20-zoll-kinderfahrrad\/","url":"https:\/\/kgerad.de\/produkt\/bergsteiger-sydney-20-zoll-kinderfahrrad\/","name":"Bergsteiger Sydney 20 Zoll Kinderfahrrad","isPartOf":{"@id":"https:\/\/kgerad.de\/#website"},"primaryImageOfPage":{"@id":"https:\/\/kgerad.de\/produkt\/bergsteiger-sydney-20-zoll-kinderfahrrad\/#primaryimage"},"image":{"@id":"https:\/\/kgerad.de\/produkt\/bergsteiger-sydney-20-zoll-kinderfahrrad\/#primaryimage"},"thumbnailUrl":"https:\/\/kgerad.de\/wp-content\/uploads\/2023\/06\/986b5ebe5566381c1cac7f27088b5113.webp","datePublished":"2022-12-08T09:05:23+00:00","dateModified":"2023-08-10T17:20:37+00:00","description":"Entdecken Sie unseren Online-Fahrradladen: Gro\u00dfe Auswahl an Modellen f\u00fcr alle Radsportbegeisterten. Von Rennr\u00e4dern bis zu Mountainbikes - finden Sie heute Ihren perfekten Wegbegleiter!","breadcrumb":{"@id":"https:\/\/kgerad.de\/produkt\/bergsteiger-sydney-20-zoll-kinderfahrrad\/#breadcrumb"},"inLanguage":"en-US","potentialAction":[{"@type":"ReadAction","target":["https:\/\/kgerad.de\/produkt\/bergsteiger-sydney-20-zoll-kinderfahrrad\/"]}]},{"@type":"ImageObject","inLanguage":"en-US","@id":"https:\/\/kgerad.de\/produkt\/bergsteiger-sydney-20-zoll-kinderfahrrad\/#primaryimage","url":"https:\/\/kgerad.de\/wp-content\/uploads\/2023\/06\/986b5ebe5566381c1cac7f27088b5113.webp","contentUrl":"https:\/\/kgerad.de\/wp-content\/uploads\/2023\/06\/986b5ebe5566381c1cac7f27088b5113.webp","width":2048,"height":2048,"caption":"Bergsteiger Sydney 20 Zoll Kinderfahrrad"},{"@type":"BreadcrumbList","@id":"https:\/\/kgerad.de\/produkt\/bergsteiger-sydney-20-zoll-kinderfahrrad\/#breadcrumb","itemListElement":[{"@type":"ListItem","position":1,"name":"Startseite","item":"https:\/\/kgerad.de\/"},{"@type":"ListItem","position":2,"name":"LADEN","item":"https:\/\/kgerad.de\/laden\/"},{"@type":"ListItem","position":3,"name":"Bergsteiger Sydney 20 Zoll Kinderfahrrad"}]},{"@type":"WebSite","@id":"https:\/\/kgerad.de\/#website","url":"https:\/\/kgerad.de\/","name":"kgerad.de","description":"Treten Sie mit uns ins Abenteuer!","publisher":{"@id":"https:\/\/kgerad.de\/#organization"},"alternateName":"MEIN RADLADEN","potentialAction":[{"@type":"SearchAction","target":{"@type":"EntryPoint","urlTemplate":"https:\/\/kgerad.de\/?s={search_term_string}"},"query-input":{"@type":"PropertyValueSpecification","valueRequired":true,"valueName":"search_term_string"}}],"inLanguage":"en-US"},{"@type":"Organization","@id":"https:\/\/kgerad.de\/#organization","name":"MEINRADLADEN","alternateName":"MEIN RADLADEN","url":"https:\/\/kgerad.de\/","logo":{"@type":"ImageObject","inLanguage":"en-US","@id":"https:\/\/kgerad.de\/#\/schema\/logo\/image\/","url":"https:\/\/kgerad.de\/wp-content\/uploads\/2025\/07\/logo-Whit.svg","contentUrl":"https:\/\/kgerad.de\/wp-content\/uploads\/2025\/07\/logo-Whit.svg","width":1640,"height":371,"caption":"MEINRADLADEN"},"image":{"@id":"https:\/\/kgerad.de\/#\/schema\/logo\/image\/"}}]}},"_links":{"self":[{"href":"https:\/\/kgerad.de\/en\/wp-json\/wp\/v2\/product\/48748","targetHints":{"allow":["GET"]}}],"collection":[{"href":"https:\/\/kgerad.de\/en\/wp-json\/wp\/v2\/product"}],"about":[{"href":"https:\/\/kgerad.de\/en\/wp-json\/wp\/v2\/types\/product"}],"replies":[{"embeddable":true,"href":"https:\/\/kgerad.de\/en\/wp-json\/wp\/v2\/comments?post=48748"}],"version-history":[{"count":1,"href":"https:\/\/kgerad.de\/en\/wp-json\/wp\/v2\/product\/48748\/revisions"}],"predecessor-version":[{"id":78702,"href":"https:\/\/kgerad.de\/en\/wp-json\/wp\/v2\/product\/48748\/revisions\/78702"}],"wp:featuredmedia":[{"embeddable":true,"href":"https:\/\/kgerad.de\/en\/wp-json\/wp\/v2\/media\/64864"}],"wp:attachment":[{"href":"https:\/\/kgerad.de\/en\/wp-json\/wp\/v2\/media?parent=48748"}],"wp:term":[{"taxonomy":"product_brand","embeddable":true,"href":"https:\/\/kgerad.de\/en\/wp-json\/wp\/v2\/product_brand?post=48748"},{"taxonomy":"product_cat","embeddable":true,"href":"https:\/\/kgerad.de\/en\/wp-json\/wp\/v2\/product_cat?post=48748"},{"taxonomy":"product_tag","embeddable":true,"href":"https:\/\/kgerad.de\/en\/wp-json\/wp\/v2\/product_tag?post=48748"}],"curies":[{"name":"wp","href":"https:\/\/api.w.org\/{rel}","templated":true}]}}