{"id":48733,"date":"2022-12-07T20:57:39","date_gmt":"2022-12-07T19:57:39","guid":{"rendered":"https:\/\/kgerad.de\/?post_type=product&#038;p=48733"},"modified":"2023-08-10T19:21:35","modified_gmt":"2023-08-10T17:21:35","slug":"selle-italia-eyelink-spiegel","status":"publish","type":"product","link":"https:\/\/kgerad.de\/en\/product\/selle-italia-eyelink-spiegel\/","title":{"rendered":"Selle Italia Eyelink Spiegel"},"content":{"rendered":"<h2 class=\"product--title\"><strong>Selle Italia<\/strong>\u00a0Eyelink Spiegel<\/h2>\n<div class=\"product--description\">\n<p>Der erste Selle Italia Eyelink f\u00fcr maximale Sicherheit auf der Stra\u00dfe.Zur Befestigung an SHIMANO und SRAM Brems-\/Schalthebeleinheiten.<\/p>\n<hr \/>\n<h3>Spezifikationen<\/h3>\n<ul>\n<li>Gewicht: 75 Gramm<\/li>\n<li>Abmessungen: 125 x 178mm<\/li>\n<li>Spiegelst\u00e4rke: 2mm<\/li>\n<li>Farbe: schwarz<\/li>\n<\/ul>\n<\/div>\n<div class=\"ean-box\"><label>Hersteller Artikelnr.:<\/label>\u00a0<span class=\"supplier-number\">9850012000013<\/span><\/div>","protected":false},"excerpt":{"rendered":"<p>Selle Italia\u00a0Eyelink Spiegel Der erste Selle Italia Eyelink f\u00fcr maximale Sicherheit auf der Stra\u00dfe.Zur Befestigung an SHIMANO und SRAM Brems-\/Schalthebeleinheiten.<\/p>","protected":false},"featured_media":64860,"comment_status":"open","ping_status":"closed","template":"","meta":[],"product_brand":[],"product_cat":[657,573],"product_tag":[],"class_list":{"0":"post-48733","1":"product","2":"type-product","3":"status-publish","4":"has-post-thumbnail","6":"product_cat-verkehrssicherheit","7":"product_cat-zubehor","8":"pa_marke-selle-italia","10":"first","11":"instock","12":"sale","13":"taxable","14":"shipping-taxable","15":"purchasable","16":"product-type-simple"},"yoast_head":"<!-- This site is optimized with the Yoast SEO Premium plugin v20.12 (Yoast SEO v27.1.1) - https:\/\/yoast.com\/product\/yoast-seo-premium-wordpress\/ -->\n<title>Selle Italia Eyelink Spiegel<\/title>\n<meta name=\"description\" content=\"kgerad.de bietet Ihnen das Selle Italia Eyelink Spiegel zum besten Preis mit kostenlosem Versand in ganz Europa und mit sicherer Zahlung\" \/>\n<meta name=\"robots\" content=\"index, follow, max-snippet:-1, max-image-preview:large, max-video-preview:-1\" \/>\n<link rel=\"canonical\" href=\"https:\/\/kgerad.de\/en\/product\/selle-italia-eyelink-spiegel\/\" \/>\n<meta property=\"og:locale\" content=\"en_US\" \/>\n<meta property=\"og:type\" content=\"article\" \/>\n<meta property=\"og:title\" content=\"Selle Italia Eyelink Spiegel\" \/>\n<meta property=\"og:description\" content=\"Entdecken Sie unseren Online-Fahrradladen: Gro\u00dfe Auswahl an Modellen f\u00fcr alle Radsportbegeisterten. Von Rennr\u00e4dern bis zu Mountainbikes - finden Sie heute Ihren perfekten Wegbegleiter!\" \/>\n<meta property=\"og:url\" content=\"https:\/\/kgerad.de\/en\/product\/selle-italia-eyelink-spiegel\/\" \/>\n<meta property=\"og:site_name\" content=\"kgerad.de\" \/>\n<meta property=\"article:modified_time\" content=\"2023-08-10T17:21:35+00:00\" \/>\n<meta property=\"og:image\" content=\"https:\/\/kgerad.de\/wp-content\/uploads\/2023\/06\/104251kCMgcNzcm5fw1_800x800-0.jpg\" \/>\n\t<meta property=\"og:image:width\" content=\"600\" \/>\n\t<meta property=\"og:image:height\" content=\"420\" \/>\n\t<meta property=\"og:image:type\" content=\"image\/jpeg\" \/>\n<meta name=\"twitter:card\" content=\"summary_large_image\" \/>\n<meta name=\"twitter:label1\" content=\"Est. reading time\" \/>\n\t<meta name=\"twitter:data1\" content=\"1 minute\" \/>\n<script type=\"application\/ld+json\" class=\"yoast-schema-graph\">{\"@context\":\"https:\/\/schema.org\",\"@graph\":[{\"@type\":\"WebPage\",\"@id\":\"https:\/\/kgerad.de\/produkt\/selle-italia-eyelink-spiegel\/\",\"url\":\"https:\/\/kgerad.de\/produkt\/selle-italia-eyelink-spiegel\/\",\"name\":\"Selle Italia Eyelink Spiegel\",\"isPartOf\":{\"@id\":\"https:\/\/kgerad.de\/#website\"},\"primaryImageOfPage\":{\"@id\":\"https:\/\/kgerad.de\/produkt\/selle-italia-eyelink-spiegel\/#primaryimage\"},\"image\":{\"@id\":\"https:\/\/kgerad.de\/produkt\/selle-italia-eyelink-spiegel\/#primaryimage\"},\"thumbnailUrl\":\"https:\/\/kgerad.de\/wp-content\/uploads\/2023\/06\/104251kCMgcNzcm5fw1_800x800-0.jpg\",\"datePublished\":\"2022-12-07T19:57:39+00:00\",\"dateModified\":\"2023-08-10T17:21:35+00:00\",\"description\":\"kgerad.de bietet Ihnen das Selle Italia Eyelink Spiegel zum besten Preis mit kostenlosem Versand in ganz Europa und mit sicherer Zahlung\",\"breadcrumb\":{\"@id\":\"https:\/\/kgerad.de\/produkt\/selle-italia-eyelink-spiegel\/#breadcrumb\"},\"inLanguage\":\"en-US\",\"potentialAction\":[{\"@type\":\"ReadAction\",\"target\":[\"https:\/\/kgerad.de\/produkt\/selle-italia-eyelink-spiegel\/\"]}]},{\"@type\":\"ImageObject\",\"inLanguage\":\"en-US\",\"@id\":\"https:\/\/kgerad.de\/produkt\/selle-italia-eyelink-spiegel\/#primaryimage\",\"url\":\"https:\/\/kgerad.de\/wp-content\/uploads\/2023\/06\/104251kCMgcNzcm5fw1_800x800-0.jpg\",\"contentUrl\":\"https:\/\/kgerad.de\/wp-content\/uploads\/2023\/06\/104251kCMgcNzcm5fw1_800x800-0.jpg\",\"width\":600,\"height\":420,\"caption\":\"Selle Italia Eyelink Spiegel\"},{\"@type\":\"BreadcrumbList\",\"@id\":\"https:\/\/kgerad.de\/produkt\/selle-italia-eyelink-spiegel\/#breadcrumb\",\"itemListElement\":[{\"@type\":\"ListItem\",\"position\":1,\"name\":\"Startseite\",\"item\":\"https:\/\/kgerad.de\/\"},{\"@type\":\"ListItem\",\"position\":2,\"name\":\"LADEN\",\"item\":\"https:\/\/kgerad.de\/laden\/\"},{\"@type\":\"ListItem\",\"position\":3,\"name\":\"Selle Italia Eyelink Spiegel\"}]},{\"@type\":\"WebSite\",\"@id\":\"https:\/\/kgerad.de\/#website\",\"url\":\"https:\/\/kgerad.de\/\",\"name\":\"kgerad.de\",\"description\":\"Treten Sie mit uns ins Abenteuer!\",\"publisher\":{\"@id\":\"https:\/\/kgerad.de\/#organization\"},\"alternateName\":\"MEIN RADLADEN\",\"potentialAction\":[{\"@type\":\"SearchAction\",\"target\":{\"@type\":\"EntryPoint\",\"urlTemplate\":\"https:\/\/kgerad.de\/?s={search_term_string}\"},\"query-input\":{\"@type\":\"PropertyValueSpecification\",\"valueRequired\":true,\"valueName\":\"search_term_string\"}}],\"inLanguage\":\"en-US\"},{\"@type\":\"Organization\",\"@id\":\"https:\/\/kgerad.de\/#organization\",\"name\":\"MEINRADLADEN\",\"alternateName\":\"MEIN RADLADEN\",\"url\":\"https:\/\/kgerad.de\/\",\"logo\":{\"@type\":\"ImageObject\",\"inLanguage\":\"en-US\",\"@id\":\"https:\/\/kgerad.de\/#\/schema\/logo\/image\/\",\"url\":\"https:\/\/kgerad.de\/wp-content\/uploads\/2025\/07\/logo-Whit.svg\",\"contentUrl\":\"https:\/\/kgerad.de\/wp-content\/uploads\/2025\/07\/logo-Whit.svg\",\"width\":1640,\"height\":371,\"caption\":\"MEINRADLADEN\"},\"image\":{\"@id\":\"https:\/\/kgerad.de\/#\/schema\/logo\/image\/\"}}]}<\/script>\n<!-- \/ Yoast SEO Premium plugin. -->","yoast_head_json":{"title":"Selle Italia Eyelink Spiegel","description":"kgerad.de bietet Ihnen das Selle Italia Eyelink Spiegel zum besten Preis mit kostenlosem Versand in ganz Europa und mit sicherer Zahlung","robots":{"index":"index","follow":"follow","max-snippet":"max-snippet:-1","max-image-preview":"max-image-preview:large","max-video-preview":"max-video-preview:-1"},"canonical":"https:\/\/kgerad.de\/en\/product\/selle-italia-eyelink-spiegel\/","og_locale":"en_US","og_type":"article","og_title":"Selle Italia Eyelink Spiegel","og_description":"Entdecken Sie unseren Online-Fahrradladen: Gro\u00dfe Auswahl an Modellen f\u00fcr alle Radsportbegeisterten. Von Rennr\u00e4dern bis zu Mountainbikes - finden Sie heute Ihren perfekten Wegbegleiter!","og_url":"https:\/\/kgerad.de\/en\/product\/selle-italia-eyelink-spiegel\/","og_site_name":"kgerad.de","article_modified_time":"2023-08-10T17:21:35+00:00","og_image":[{"width":600,"height":420,"url":"https:\/\/kgerad.de\/wp-content\/uploads\/2023\/06\/104251kCMgcNzcm5fw1_800x800-0.jpg","type":"image\/jpeg"}],"twitter_card":"summary_large_image","twitter_misc":{"Est. reading time":"1 minute"},"schema":{"@context":"https:\/\/schema.org","@graph":[{"@type":"WebPage","@id":"https:\/\/kgerad.de\/produkt\/selle-italia-eyelink-spiegel\/","url":"https:\/\/kgerad.de\/produkt\/selle-italia-eyelink-spiegel\/","name":"Selle Italia Eyelink Spiegel","isPartOf":{"@id":"https:\/\/kgerad.de\/#website"},"primaryImageOfPage":{"@id":"https:\/\/kgerad.de\/produkt\/selle-italia-eyelink-spiegel\/#primaryimage"},"image":{"@id":"https:\/\/kgerad.de\/produkt\/selle-italia-eyelink-spiegel\/#primaryimage"},"thumbnailUrl":"https:\/\/kgerad.de\/wp-content\/uploads\/2023\/06\/104251kCMgcNzcm5fw1_800x800-0.jpg","datePublished":"2022-12-07T19:57:39+00:00","dateModified":"2023-08-10T17:21:35+00:00","description":"kgerad.de bietet Ihnen das Selle Italia Eyelink Spiegel zum besten Preis mit kostenlosem Versand in ganz Europa und mit sicherer Zahlung","breadcrumb":{"@id":"https:\/\/kgerad.de\/produkt\/selle-italia-eyelink-spiegel\/#breadcrumb"},"inLanguage":"en-US","potentialAction":[{"@type":"ReadAction","target":["https:\/\/kgerad.de\/produkt\/selle-italia-eyelink-spiegel\/"]}]},{"@type":"ImageObject","inLanguage":"en-US","@id":"https:\/\/kgerad.de\/produkt\/selle-italia-eyelink-spiegel\/#primaryimage","url":"https:\/\/kgerad.de\/wp-content\/uploads\/2023\/06\/104251kCMgcNzcm5fw1_800x800-0.jpg","contentUrl":"https:\/\/kgerad.de\/wp-content\/uploads\/2023\/06\/104251kCMgcNzcm5fw1_800x800-0.jpg","width":600,"height":420,"caption":"Selle Italia Eyelink Spiegel"},{"@type":"BreadcrumbList","@id":"https:\/\/kgerad.de\/produkt\/selle-italia-eyelink-spiegel\/#breadcrumb","itemListElement":[{"@type":"ListItem","position":1,"name":"Startseite","item":"https:\/\/kgerad.de\/"},{"@type":"ListItem","position":2,"name":"LADEN","item":"https:\/\/kgerad.de\/laden\/"},{"@type":"ListItem","position":3,"name":"Selle Italia Eyelink Spiegel"}]},{"@type":"WebSite","@id":"https:\/\/kgerad.de\/#website","url":"https:\/\/kgerad.de\/","name":"kgerad.de","description":"Treten Sie mit uns ins Abenteuer!","publisher":{"@id":"https:\/\/kgerad.de\/#organization"},"alternateName":"MEIN RADLADEN","potentialAction":[{"@type":"SearchAction","target":{"@type":"EntryPoint","urlTemplate":"https:\/\/kgerad.de\/?s={search_term_string}"},"query-input":{"@type":"PropertyValueSpecification","valueRequired":true,"valueName":"search_term_string"}}],"inLanguage":"en-US"},{"@type":"Organization","@id":"https:\/\/kgerad.de\/#organization","name":"MEINRADLADEN","alternateName":"MEIN RADLADEN","url":"https:\/\/kgerad.de\/","logo":{"@type":"ImageObject","inLanguage":"en-US","@id":"https:\/\/kgerad.de\/#\/schema\/logo\/image\/","url":"https:\/\/kgerad.de\/wp-content\/uploads\/2025\/07\/logo-Whit.svg","contentUrl":"https:\/\/kgerad.de\/wp-content\/uploads\/2025\/07\/logo-Whit.svg","width":1640,"height":371,"caption":"MEINRADLADEN"},"image":{"@id":"https:\/\/kgerad.de\/#\/schema\/logo\/image\/"}}]}},"_links":{"self":[{"href":"https:\/\/kgerad.de\/en\/wp-json\/wp\/v2\/product\/48733","targetHints":{"allow":["GET"]}}],"collection":[{"href":"https:\/\/kgerad.de\/en\/wp-json\/wp\/v2\/product"}],"about":[{"href":"https:\/\/kgerad.de\/en\/wp-json\/wp\/v2\/types\/product"}],"replies":[{"embeddable":true,"href":"https:\/\/kgerad.de\/en\/wp-json\/wp\/v2\/comments?post=48733"}],"version-history":[{"count":1,"href":"https:\/\/kgerad.de\/en\/wp-json\/wp\/v2\/product\/48733\/revisions"}],"predecessor-version":[{"id":78704,"href":"https:\/\/kgerad.de\/en\/wp-json\/wp\/v2\/product\/48733\/revisions\/78704"}],"wp:featuredmedia":[{"embeddable":true,"href":"https:\/\/kgerad.de\/en\/wp-json\/wp\/v2\/media\/64860"}],"wp:attachment":[{"href":"https:\/\/kgerad.de\/en\/wp-json\/wp\/v2\/media?parent=48733"}],"wp:term":[{"taxonomy":"product_brand","embeddable":true,"href":"https:\/\/kgerad.de\/en\/wp-json\/wp\/v2\/product_brand?post=48733"},{"taxonomy":"product_cat","embeddable":true,"href":"https:\/\/kgerad.de\/en\/wp-json\/wp\/v2\/product_cat?post=48733"},{"taxonomy":"product_tag","embeddable":true,"href":"https:\/\/kgerad.de\/en\/wp-json\/wp\/v2\/product_tag?post=48733"}],"curies":[{"name":"wp","href":"https:\/\/api.w.org\/{rel}","templated":true}]}}