{"id":48723,"date":"2022-12-07T20:18:24","date_gmt":"2022-12-07T19:18:24","guid":{"rendered":"https:\/\/kgerad.de\/?post_type=product&#038;p=48723"},"modified":"2023-08-10T19:22:12","modified_gmt":"2023-08-10T17:22:12","slug":"the-beam-corky-x-brillenspiegel","status":"publish","type":"product","link":"https:\/\/kgerad.de\/en\/product\/the-beam-corky-x-brillenspiegel\/","title":{"rendered":"The Beam Corky X Brillenspiegel"},"content":{"rendered":"<h2 class=\"product--title\"><strong>The Beam<\/strong>\u00a0Corky X Brillenspiegel<\/h2>\n<p>Der The Beam Corky X wurde von The Beam so designt, dass Fahrradfahrer sehen k\u00f6nnen, was in ihrem R\u00fccken passiert, ohne sich verrenken zu m\u00fcssen. Dieses n\u00fctzliche Accessoire f\u00fcr die Brille sorgt dementsprechend f\u00fcr mehr Sicherheit und ein angenehmeres Fahrgef\u00fchl. Anbringen l\u00e4sst sich der leichte Spiegel an nahezu allen Brillen und Sonnenbrillen.<\/p>\n<hr \/>\n<h4>Features &#8211; Corky X Brillenspiegel<\/h4>\n<ul>\n<li>Einfach an den Brillenb\u00fcgel klemmen und losfahren<\/li>\n<li>Gute Sicht nach hinten ohne jede Verrenkung<\/li>\n<li>Keine Vibrationen und ungewollten Verstellungen<\/li>\n<li>Versperrt nicht den Blick nach vorne<\/li>\n<li>Passt zu so gut wie allen Brillen<\/li>\n<li>Aerodynamisches Design<\/li>\n<li>Konzipiert in Frankreich und hergestellt in S\u00fcdkorea<\/li>\n<\/ul>\n<h4>Material<\/h4>\n<ul>\n<li>Polycarbonat, Acryl<\/li>\n<\/ul>\n<h4>Farbe (Variante w\u00e4hlen)<\/h4>\n<ul>\n<li>Black<\/li>\n<li>White<\/li>\n<li>Yellow<\/li>\n<\/ul>\n<h4>Gewicht<\/h4>\n<ul>\n<li>14 g<\/li>\n<\/ul>\n<hr \/>\n<h4>Lieferumfang<\/h4>\n<ul>\n<li>1 x THE BEAM Brillenspiegel<\/li>\n<\/ul>\n<hr \/>\n<h4>CORKY \u00a0| Hands ON | by THE BEAM<\/h4>\n<p><iframe title=\"YouTube video player\" src=\"https:\/\/www.youtube-nocookie.com\/embed\/xsOr1LTrXRM\" width=\"640\" height=\"360\" frameborder=\"0\" allowfullscreen=\"allowfullscreen\" data-mce-fragment=\"1\"><\/iframe><\/p>","protected":false},"excerpt":{"rendered":"<p>The Beam\u00a0Corky X Brillenspiegel Der The Beam Corky X wurde von The Beam so designt, dass Fahrradfahrer sehen k\u00f6nnen, was<\/p>","protected":false},"featured_media":64856,"comment_status":"open","ping_status":"closed","template":"","meta":[],"product_brand":[],"product_cat":[657,573],"product_tag":[],"class_list":{"0":"post-48723","1":"product","2":"type-product","3":"status-publish","4":"has-post-thumbnail","6":"product_cat-verkehrssicherheit","7":"product_cat-zubehor","8":"pa_marke-the-beam","10":"first","11":"instock","12":"sale","13":"taxable","14":"shipping-taxable","15":"purchasable","16":"product-type-simple"},"yoast_head":"<!-- This site is optimized with the Yoast SEO Premium plugin v20.12 (Yoast SEO v27.1.1) - https:\/\/yoast.com\/product\/yoast-seo-premium-wordpress\/ -->\n<title>The Beam Corky X Brillenspiegel<\/title>\n<meta name=\"description\" content=\"kgerad.de bietet Ihnen das The Beam Corky X Brillenspiegel zum besten Preis mit kostenlosem Versand in ganz Europa und mit sicherer Zahlung\" \/>\n<meta name=\"robots\" content=\"index, follow, max-snippet:-1, max-image-preview:large, max-video-preview:-1\" \/>\n<link rel=\"canonical\" href=\"https:\/\/kgerad.de\/en\/product\/the-beam-corky-x-brillenspiegel\/\" \/>\n<meta property=\"og:locale\" content=\"en_US\" \/>\n<meta property=\"og:type\" content=\"article\" \/>\n<meta property=\"og:title\" content=\"The Beam Corky X Brillenspiegel\" \/>\n<meta property=\"og:description\" content=\"Entdecken Sie unseren Online-Fahrradladen: Gro\u00dfe Auswahl an Modellen f\u00fcr alle Radsportbegeisterten. Von Rennr\u00e4dern bis zu Mountainbikes - finden Sie heute Ihren perfekten Wegbegleiter!\" \/>\n<meta property=\"og:url\" content=\"https:\/\/kgerad.de\/en\/product\/the-beam-corky-x-brillenspiegel\/\" \/>\n<meta property=\"og:site_name\" content=\"kgerad.de\" \/>\n<meta property=\"article:modified_time\" content=\"2023-08-10T17:22:12+00:00\" \/>\n<meta property=\"og:image\" content=\"https:\/\/kgerad.de\/wp-content\/uploads\/2023\/06\/The-Beam-Corky-X-Rear-View-Mirror-2_800x800-0.jpg\" \/>\n\t<meta property=\"og:image:width\" content=\"800\" \/>\n\t<meta property=\"og:image:height\" content=\"293\" \/>\n\t<meta property=\"og:image:type\" content=\"image\/jpeg\" \/>\n<meta name=\"twitter:card\" content=\"summary_large_image\" \/>\n<meta name=\"twitter:label1\" content=\"Est. reading time\" \/>\n\t<meta name=\"twitter:data1\" content=\"1 minute\" \/>\n<script type=\"application\/ld+json\" class=\"yoast-schema-graph\">{\"@context\":\"https:\/\/schema.org\",\"@graph\":[{\"@type\":\"WebPage\",\"@id\":\"https:\/\/kgerad.de\/produkt\/the-beam-corky-x-brillenspiegel\/\",\"url\":\"https:\/\/kgerad.de\/produkt\/the-beam-corky-x-brillenspiegel\/\",\"name\":\"The Beam Corky X Brillenspiegel\",\"isPartOf\":{\"@id\":\"https:\/\/kgerad.de\/#website\"},\"primaryImageOfPage\":{\"@id\":\"https:\/\/kgerad.de\/produkt\/the-beam-corky-x-brillenspiegel\/#primaryimage\"},\"image\":{\"@id\":\"https:\/\/kgerad.de\/produkt\/the-beam-corky-x-brillenspiegel\/#primaryimage\"},\"thumbnailUrl\":\"https:\/\/kgerad.de\/wp-content\/uploads\/2023\/06\/The-Beam-Corky-X-Rear-View-Mirror-2_800x800-0.jpg\",\"datePublished\":\"2022-12-07T19:18:24+00:00\",\"dateModified\":\"2023-08-10T17:22:12+00:00\",\"description\":\"kgerad.de bietet Ihnen das The Beam Corky X Brillenspiegel zum besten Preis mit kostenlosem Versand in ganz Europa und mit sicherer Zahlung\",\"breadcrumb\":{\"@id\":\"https:\/\/kgerad.de\/produkt\/the-beam-corky-x-brillenspiegel\/#breadcrumb\"},\"inLanguage\":\"en-US\",\"potentialAction\":[{\"@type\":\"ReadAction\",\"target\":[\"https:\/\/kgerad.de\/produkt\/the-beam-corky-x-brillenspiegel\/\"]}]},{\"@type\":\"ImageObject\",\"inLanguage\":\"en-US\",\"@id\":\"https:\/\/kgerad.de\/produkt\/the-beam-corky-x-brillenspiegel\/#primaryimage\",\"url\":\"https:\/\/kgerad.de\/wp-content\/uploads\/2023\/06\/The-Beam-Corky-X-Rear-View-Mirror-2_800x800-0.jpg\",\"contentUrl\":\"https:\/\/kgerad.de\/wp-content\/uploads\/2023\/06\/The-Beam-Corky-X-Rear-View-Mirror-2_800x800-0.jpg\",\"width\":800,\"height\":293,\"caption\":\"The Beam Corky X Brillenspiegel\"},{\"@type\":\"BreadcrumbList\",\"@id\":\"https:\/\/kgerad.de\/produkt\/the-beam-corky-x-brillenspiegel\/#breadcrumb\",\"itemListElement\":[{\"@type\":\"ListItem\",\"position\":1,\"name\":\"Startseite\",\"item\":\"https:\/\/kgerad.de\/\"},{\"@type\":\"ListItem\",\"position\":2,\"name\":\"LADEN\",\"item\":\"https:\/\/kgerad.de\/laden\/\"},{\"@type\":\"ListItem\",\"position\":3,\"name\":\"The Beam Corky X Brillenspiegel\"}]},{\"@type\":\"WebSite\",\"@id\":\"https:\/\/kgerad.de\/#website\",\"url\":\"https:\/\/kgerad.de\/\",\"name\":\"kgerad.de\",\"description\":\"Treten Sie mit uns ins Abenteuer!\",\"publisher\":{\"@id\":\"https:\/\/kgerad.de\/#organization\"},\"alternateName\":\"MEIN RADLADEN\",\"potentialAction\":[{\"@type\":\"SearchAction\",\"target\":{\"@type\":\"EntryPoint\",\"urlTemplate\":\"https:\/\/kgerad.de\/?s={search_term_string}\"},\"query-input\":{\"@type\":\"PropertyValueSpecification\",\"valueRequired\":true,\"valueName\":\"search_term_string\"}}],\"inLanguage\":\"en-US\"},{\"@type\":\"Organization\",\"@id\":\"https:\/\/kgerad.de\/#organization\",\"name\":\"MEINRADLADEN\",\"alternateName\":\"MEIN RADLADEN\",\"url\":\"https:\/\/kgerad.de\/\",\"logo\":{\"@type\":\"ImageObject\",\"inLanguage\":\"en-US\",\"@id\":\"https:\/\/kgerad.de\/#\/schema\/logo\/image\/\",\"url\":\"https:\/\/kgerad.de\/wp-content\/uploads\/2025\/07\/logo-Whit.svg\",\"contentUrl\":\"https:\/\/kgerad.de\/wp-content\/uploads\/2025\/07\/logo-Whit.svg\",\"width\":1640,\"height\":371,\"caption\":\"MEINRADLADEN\"},\"image\":{\"@id\":\"https:\/\/kgerad.de\/#\/schema\/logo\/image\/\"}}]}<\/script>\n<!-- \/ Yoast SEO Premium plugin. -->","yoast_head_json":{"title":"The Beam Corky X Brillenspiegel","description":"kgerad.de bietet Ihnen das The Beam Corky X Brillenspiegel zum besten Preis mit kostenlosem Versand in ganz Europa und mit sicherer Zahlung","robots":{"index":"index","follow":"follow","max-snippet":"max-snippet:-1","max-image-preview":"max-image-preview:large","max-video-preview":"max-video-preview:-1"},"canonical":"https:\/\/kgerad.de\/en\/product\/the-beam-corky-x-brillenspiegel\/","og_locale":"en_US","og_type":"article","og_title":"The Beam Corky X Brillenspiegel","og_description":"Entdecken Sie unseren Online-Fahrradladen: Gro\u00dfe Auswahl an Modellen f\u00fcr alle Radsportbegeisterten. Von Rennr\u00e4dern bis zu Mountainbikes - finden Sie heute Ihren perfekten Wegbegleiter!","og_url":"https:\/\/kgerad.de\/en\/product\/the-beam-corky-x-brillenspiegel\/","og_site_name":"kgerad.de","article_modified_time":"2023-08-10T17:22:12+00:00","og_image":[{"width":800,"height":293,"url":"https:\/\/kgerad.de\/wp-content\/uploads\/2023\/06\/The-Beam-Corky-X-Rear-View-Mirror-2_800x800-0.jpg","type":"image\/jpeg"}],"twitter_card":"summary_large_image","twitter_misc":{"Est. reading time":"1 minute"},"schema":{"@context":"https:\/\/schema.org","@graph":[{"@type":"WebPage","@id":"https:\/\/kgerad.de\/produkt\/the-beam-corky-x-brillenspiegel\/","url":"https:\/\/kgerad.de\/produkt\/the-beam-corky-x-brillenspiegel\/","name":"The Beam Corky X Brillenspiegel","isPartOf":{"@id":"https:\/\/kgerad.de\/#website"},"primaryImageOfPage":{"@id":"https:\/\/kgerad.de\/produkt\/the-beam-corky-x-brillenspiegel\/#primaryimage"},"image":{"@id":"https:\/\/kgerad.de\/produkt\/the-beam-corky-x-brillenspiegel\/#primaryimage"},"thumbnailUrl":"https:\/\/kgerad.de\/wp-content\/uploads\/2023\/06\/The-Beam-Corky-X-Rear-View-Mirror-2_800x800-0.jpg","datePublished":"2022-12-07T19:18:24+00:00","dateModified":"2023-08-10T17:22:12+00:00","description":"kgerad.de bietet Ihnen das The Beam Corky X Brillenspiegel zum besten Preis mit kostenlosem Versand in ganz Europa und mit sicherer Zahlung","breadcrumb":{"@id":"https:\/\/kgerad.de\/produkt\/the-beam-corky-x-brillenspiegel\/#breadcrumb"},"inLanguage":"en-US","potentialAction":[{"@type":"ReadAction","target":["https:\/\/kgerad.de\/produkt\/the-beam-corky-x-brillenspiegel\/"]}]},{"@type":"ImageObject","inLanguage":"en-US","@id":"https:\/\/kgerad.de\/produkt\/the-beam-corky-x-brillenspiegel\/#primaryimage","url":"https:\/\/kgerad.de\/wp-content\/uploads\/2023\/06\/The-Beam-Corky-X-Rear-View-Mirror-2_800x800-0.jpg","contentUrl":"https:\/\/kgerad.de\/wp-content\/uploads\/2023\/06\/The-Beam-Corky-X-Rear-View-Mirror-2_800x800-0.jpg","width":800,"height":293,"caption":"The Beam Corky X Brillenspiegel"},{"@type":"BreadcrumbList","@id":"https:\/\/kgerad.de\/produkt\/the-beam-corky-x-brillenspiegel\/#breadcrumb","itemListElement":[{"@type":"ListItem","position":1,"name":"Startseite","item":"https:\/\/kgerad.de\/"},{"@type":"ListItem","position":2,"name":"LADEN","item":"https:\/\/kgerad.de\/laden\/"},{"@type":"ListItem","position":3,"name":"The Beam Corky X Brillenspiegel"}]},{"@type":"WebSite","@id":"https:\/\/kgerad.de\/#website","url":"https:\/\/kgerad.de\/","name":"kgerad.de","description":"Treten Sie mit uns ins Abenteuer!","publisher":{"@id":"https:\/\/kgerad.de\/#organization"},"alternateName":"MEIN RADLADEN","potentialAction":[{"@type":"SearchAction","target":{"@type":"EntryPoint","urlTemplate":"https:\/\/kgerad.de\/?s={search_term_string}"},"query-input":{"@type":"PropertyValueSpecification","valueRequired":true,"valueName":"search_term_string"}}],"inLanguage":"en-US"},{"@type":"Organization","@id":"https:\/\/kgerad.de\/#organization","name":"MEINRADLADEN","alternateName":"MEIN RADLADEN","url":"https:\/\/kgerad.de\/","logo":{"@type":"ImageObject","inLanguage":"en-US","@id":"https:\/\/kgerad.de\/#\/schema\/logo\/image\/","url":"https:\/\/kgerad.de\/wp-content\/uploads\/2025\/07\/logo-Whit.svg","contentUrl":"https:\/\/kgerad.de\/wp-content\/uploads\/2025\/07\/logo-Whit.svg","width":1640,"height":371,"caption":"MEINRADLADEN"},"image":{"@id":"https:\/\/kgerad.de\/#\/schema\/logo\/image\/"}}]}},"_links":{"self":[{"href":"https:\/\/kgerad.de\/en\/wp-json\/wp\/v2\/product\/48723","targetHints":{"allow":["GET"]}}],"collection":[{"href":"https:\/\/kgerad.de\/en\/wp-json\/wp\/v2\/product"}],"about":[{"href":"https:\/\/kgerad.de\/en\/wp-json\/wp\/v2\/types\/product"}],"replies":[{"embeddable":true,"href":"https:\/\/kgerad.de\/en\/wp-json\/wp\/v2\/comments?post=48723"}],"version-history":[{"count":1,"href":"https:\/\/kgerad.de\/en\/wp-json\/wp\/v2\/product\/48723\/revisions"}],"predecessor-version":[{"id":78706,"href":"https:\/\/kgerad.de\/en\/wp-json\/wp\/v2\/product\/48723\/revisions\/78706"}],"wp:featuredmedia":[{"embeddable":true,"href":"https:\/\/kgerad.de\/en\/wp-json\/wp\/v2\/media\/64856"}],"wp:attachment":[{"href":"https:\/\/kgerad.de\/en\/wp-json\/wp\/v2\/media?parent=48723"}],"wp:term":[{"taxonomy":"product_brand","embeddable":true,"href":"https:\/\/kgerad.de\/en\/wp-json\/wp\/v2\/product_brand?post=48723"},{"taxonomy":"product_cat","embeddable":true,"href":"https:\/\/kgerad.de\/en\/wp-json\/wp\/v2\/product_cat?post=48723"},{"taxonomy":"product_tag","embeddable":true,"href":"https:\/\/kgerad.de\/en\/wp-json\/wp\/v2\/product_tag?post=48723"}],"curies":[{"name":"wp","href":"https:\/\/api.w.org\/{rel}","templated":true}]}}